{"id":2162,"date":"2020-11-11T08:20:07","date_gmt":"2020-11-11T08:20:07","guid":{"rendered":"https:\/\/extery.com\/?post_type=product&#038;p=2162"},"modified":"2026-04-07T12:10:08","modified_gmt":"2026-04-07T12:10:08","slug":"klaar-steel-parka-sols","status":"publish","type":"product","link":"https:\/\/extery.com\/lv\/produkti\/klaar-steel-parka-sols\/","title":{"rendered":"parka sols Klaar Steel"},"content":{"rendered":"<p id=\"tw-target-text\" class=\"tw-data-text tw-text-large tw-ta\" dir=\"ltr\" data-placeholder=\"T\u00f5lge\"><span class=\"Y2IQFc\" lang=\"lv\">Klaar Steel parka sols ir soli\u0146\u0161 ar m\u016b\u017e\u012bgu dizainu j\u016bsu pils\u0113tas telp\u0101.<\/span><\/p>\n<p>Rakstur\u012bga racionalit\u0101te, neitralit\u0101te un prec\u012bza deta\u013cu est\u0113tisk\u0101 apdare ir \u012bpa\u0161\u012bbas, kas nenoveco un nepak\u013caujas strauji main\u012bgaj\u0101m modes tendenc\u0113m. Ar savu formu skaidr\u012bbu un vieglumu un pla\u0161o materi\u0101lu izv\u0113li Klaar ir piem\u0113rots izmanto\u0161anai visda\u017e\u0101d\u0101kajos m\u016bsdienu arhitekt\u016bras kontekstos, pied\u0101v\u0101jot risin\u0101jumus da\u017e\u0101d\u0101m vajadz\u012bb\u0101m.<br \/>\nGalds un soli un kr\u0113sli ar vair\u0101k\u0101m roku balstu vari\u0101cij\u0101m veido visu Klaar grupu, ko var viegli izmantot da\u017e\u0101du funkcionalit\u0101tes komplektu veido\u0161anai.<\/p>\n","protected":false},"excerpt":{"rendered":"<p>Klaar Steel parka sols ir soli\u0146\u0161 ar m\u016b\u017e\u012bgu dizainu j\u016bsu pils\u0113tas telp\u0101. Rakstur\u012bga racionalit\u0101te, neitralit\u0101te un prec\u012bza deta\u013cu est\u0113tisk\u0101 apdare ir \u012bpa\u0161\u012bbas, kas nenoveco un nepak\u013caujas strauji main\u012bgaj\u0101m modes tendenc\u0113m. Ar savu formu skaidr\u012bbu un vieglumu un pla\u0161o materi\u0101lu izv\u0113li Klaar ir piem\u0113rots izmanto\u0161anai visda\u017e\u0101d\u0101kajos m\u016bsdienu arhitekt\u016bras kontekstos, pied\u0101v\u0101jot risin\u0101jumus da\u017e\u0101d\u0101m vajadz\u012bb\u0101m. Galds un soli [&hellip;]<\/p>\n","protected":false},"featured_media":10304,"comment_status":"open","ping_status":"closed","template":"","meta":{"_acf_changed":false},"product_brand":[],"product_cat":[98],"product_tag":[],"class_list":{"0":"post-2162","1":"product","2":"type-product","3":"status-publish","4":"has-post-thumbnail","6":"product_cat-solini-ar-atzveltnem-lv","7":"product-family-klaar-steel-lv","9":"first","10":"instock","11":"shipping-taxable","12":"product-type-simple"},"acf":[],"yoast_head":"<!-- This site is optimized with the Yoast SEO plugin v26.4 - https:\/\/yoast.com\/wordpress\/plugins\/seo\/ -->\n<title>parka sols Klaar Steel - Extery pils\u0113tas m\u0113be\u013cu kolekcijas parka sols<\/title>\n<meta name=\"description\" content=\"Klaar Steel parka sols ir soli\u0146\u0161 ar m\u016b\u017e\u012bgu dizainu j\u016bsu pils\u0113tas telpai. Pils\u0113tas m\u0113beles, parka soli\u0146i, miskastes un velosip\u0113du novietnes.\" \/>\n<meta name=\"robots\" content=\"index, follow, max-snippet:-1, max-image-preview:large, max-video-preview:-1\" \/>\n<link rel=\"canonical\" href=\"https:\/\/extery.com\/lv\/produkti\/klaar-steel-parka-sols\/\" \/>\n<meta property=\"og:locale\" content=\"lv_LV\" \/>\n<meta property=\"og:type\" content=\"article\" \/>\n<meta property=\"og:title\" content=\"parka sols Klaar Steel - Extery pils\u0113tas m\u0113be\u013cu kolekcijas parka sols\" \/>\n<meta property=\"og:description\" content=\"Klaar Steel parka sols ir soli\u0146\u0161 ar m\u016b\u017e\u012bgu dizainu j\u016bsu pils\u0113tas telpai. Pils\u0113tas m\u0113beles, parka soli\u0146i, miskastes un velosip\u0113du novietnes.\" \/>\n<meta property=\"og:url\" content=\"https:\/\/extery.com\/lv\/produkti\/klaar-steel-parka-sols\/\" \/>\n<meta property=\"og:site_name\" content=\"Extery\" \/>\n<meta property=\"article:modified_time\" content=\"2026-04-07T12:10:08+00:00\" \/>\n<meta property=\"og:image\" content=\"https:\/\/extery.com\/wp-content\/uploads\/2020\/12\/Klaar-Steel-park-bench-pargipink-scaled.jpg\" \/>\n\t<meta property=\"og:image:width\" content=\"2560\" \/>\n\t<meta property=\"og:image:height\" content=\"1707\" \/>\n\t<meta property=\"og:image:type\" content=\"image\/jpeg\" \/>\n<meta name=\"twitter:card\" content=\"summary_large_image\" \/>\n<meta name=\"twitter:label1\" content=\"Est. reading time\" \/>\n\t<meta name=\"twitter:data1\" content=\"1 minute\" \/>\n<script type=\"application\/ld+json\" class=\"yoast-schema-graph\">{\"@context\":\"https:\/\/schema.org\",\"@graph\":[{\"@type\":\"WebPage\",\"@id\":\"https:\/\/extery.com\/lv\/produkti\/klaar-steel-parka-sols\/\",\"url\":\"https:\/\/extery.com\/lv\/produkti\/klaar-steel-parka-sols\/\",\"name\":\"parka sols Klaar Steel - Extery pils\u0113tas m\u0113be\u013cu kolekcijas parka sols\",\"isPartOf\":{\"@id\":\"https:\/\/extery.com\/lv\/#website\"},\"primaryImageOfPage\":{\"@id\":\"https:\/\/extery.com\/lv\/produkti\/klaar-steel-parka-sols\/#primaryimage\"},\"image\":{\"@id\":\"https:\/\/extery.com\/lv\/produkti\/klaar-steel-parka-sols\/#primaryimage\"},\"thumbnailUrl\":\"https:\/\/extery.com\/wp-content\/uploads\/2020\/12\/Klaar-Steel-park-bench-pargipink-scaled.jpg\",\"datePublished\":\"2020-11-11T08:20:07+00:00\",\"dateModified\":\"2026-04-07T12:10:08+00:00\",\"description\":\"Klaar Steel parka sols ir soli\u0146\u0161 ar m\u016b\u017e\u012bgu dizainu j\u016bsu pils\u0113tas telpai. Pils\u0113tas m\u0113beles, parka soli\u0146i, miskastes un velosip\u0113du novietnes.\",\"breadcrumb\":{\"@id\":\"https:\/\/extery.com\/lv\/produkti\/klaar-steel-parka-sols\/#breadcrumb\"},\"inLanguage\":\"lv-LV\",\"potentialAction\":[{\"@type\":\"ReadAction\",\"target\":[\"https:\/\/extery.com\/lv\/produkti\/klaar-steel-parka-sols\/\"]}]},{\"@type\":\"ImageObject\",\"inLanguage\":\"lv-LV\",\"@id\":\"https:\/\/extery.com\/lv\/produkti\/klaar-steel-parka-sols\/#primaryimage\",\"url\":\"https:\/\/extery.com\/wp-content\/uploads\/2020\/12\/Klaar-Steel-park-bench-pargipink-scaled.jpg\",\"contentUrl\":\"https:\/\/extery.com\/wp-content\/uploads\/2020\/12\/Klaar-Steel-park-bench-pargipink-scaled.jpg\",\"width\":2560,\"height\":1707},{\"@type\":\"BreadcrumbList\",\"@id\":\"https:\/\/extery.com\/lv\/produkti\/klaar-steel-parka-sols\/#breadcrumb\",\"itemListElement\":[{\"@type\":\"ListItem\",\"position\":1,\"name\":\"Home\",\"item\":\"https:\/\/extery.com\/lv\/\"},{\"@type\":\"ListItem\",\"position\":2,\"name\":\"Produkti\",\"item\":\"https:\/\/extery.com\/lv\/produkti\/\"},{\"@type\":\"ListItem\",\"position\":3,\"name\":\"parka sols Klaar Steel\"}]},{\"@type\":\"WebSite\",\"@id\":\"https:\/\/extery.com\/lv\/#website\",\"url\":\"https:\/\/extery.com\/lv\/\",\"name\":\"Extery\",\"description\":\"\",\"publisher\":{\"@id\":\"https:\/\/extery.com\/lv\/#organization\"},\"potentialAction\":[{\"@type\":\"SearchAction\",\"target\":{\"@type\":\"EntryPoint\",\"urlTemplate\":\"https:\/\/extery.com\/lv\/?s={search_term_string}\"},\"query-input\":{\"@type\":\"PropertyValueSpecification\",\"valueRequired\":true,\"valueName\":\"search_term_string\"}}],\"inLanguage\":\"lv-LV\"},{\"@type\":\"Organization\",\"@id\":\"https:\/\/extery.com\/lv\/#organization\",\"name\":\"Extery\",\"url\":\"https:\/\/extery.com\/lv\/\",\"logo\":{\"@type\":\"ImageObject\",\"inLanguage\":\"lv-LV\",\"@id\":\"https:\/\/extery.com\/lv\/#\/schema\/logo\/image\/\",\"url\":\"https:\/\/extery.com\/wp-content\/uploads\/2023\/11\/footer-logo.svg\",\"contentUrl\":\"https:\/\/extery.com\/wp-content\/uploads\/2023\/11\/footer-logo.svg\",\"caption\":\"Extery\"},\"image\":{\"@id\":\"https:\/\/extery.com\/lv\/#\/schema\/logo\/image\/\"}}]}<\/script>\n<!-- \/ Yoast SEO plugin. -->","yoast_head_json":{"title":"parka sols Klaar Steel - Extery pils\u0113tas m\u0113be\u013cu kolekcijas parka sols","description":"Klaar Steel parka sols ir soli\u0146\u0161 ar m\u016b\u017e\u012bgu dizainu j\u016bsu pils\u0113tas telpai. Pils\u0113tas m\u0113beles, parka soli\u0146i, miskastes un velosip\u0113du novietnes.","robots":{"index":"index","follow":"follow","max-snippet":"max-snippet:-1","max-image-preview":"max-image-preview:large","max-video-preview":"max-video-preview:-1"},"canonical":"https:\/\/extery.com\/lv\/produkti\/klaar-steel-parka-sols\/","og_locale":"lv_LV","og_type":"article","og_title":"parka sols Klaar Steel - Extery pils\u0113tas m\u0113be\u013cu kolekcijas parka sols","og_description":"Klaar Steel parka sols ir soli\u0146\u0161 ar m\u016b\u017e\u012bgu dizainu j\u016bsu pils\u0113tas telpai. Pils\u0113tas m\u0113beles, parka soli\u0146i, miskastes un velosip\u0113du novietnes.","og_url":"https:\/\/extery.com\/lv\/produkti\/klaar-steel-parka-sols\/","og_site_name":"Extery","article_modified_time":"2026-04-07T12:10:08+00:00","og_image":[{"width":2560,"height":1707,"url":"https:\/\/extery.com\/wp-content\/uploads\/2020\/12\/Klaar-Steel-park-bench-pargipink-scaled.jpg","type":"image\/jpeg"}],"twitter_card":"summary_large_image","twitter_misc":{"Est. reading time":"1 minute"},"schema":{"@context":"https:\/\/schema.org","@graph":[{"@type":"WebPage","@id":"https:\/\/extery.com\/lv\/produkti\/klaar-steel-parka-sols\/","url":"https:\/\/extery.com\/lv\/produkti\/klaar-steel-parka-sols\/","name":"parka sols Klaar Steel - Extery pils\u0113tas m\u0113be\u013cu kolekcijas parka sols","isPartOf":{"@id":"https:\/\/extery.com\/lv\/#website"},"primaryImageOfPage":{"@id":"https:\/\/extery.com\/lv\/produkti\/klaar-steel-parka-sols\/#primaryimage"},"image":{"@id":"https:\/\/extery.com\/lv\/produkti\/klaar-steel-parka-sols\/#primaryimage"},"thumbnailUrl":"https:\/\/extery.com\/wp-content\/uploads\/2020\/12\/Klaar-Steel-park-bench-pargipink-scaled.jpg","datePublished":"2020-11-11T08:20:07+00:00","dateModified":"2026-04-07T12:10:08+00:00","description":"Klaar Steel parka sols ir soli\u0146\u0161 ar m\u016b\u017e\u012bgu dizainu j\u016bsu pils\u0113tas telpai. Pils\u0113tas m\u0113beles, parka soli\u0146i, miskastes un velosip\u0113du novietnes.","breadcrumb":{"@id":"https:\/\/extery.com\/lv\/produkti\/klaar-steel-parka-sols\/#breadcrumb"},"inLanguage":"lv-LV","potentialAction":[{"@type":"ReadAction","target":["https:\/\/extery.com\/lv\/produkti\/klaar-steel-parka-sols\/"]}]},{"@type":"ImageObject","inLanguage":"lv-LV","@id":"https:\/\/extery.com\/lv\/produkti\/klaar-steel-parka-sols\/#primaryimage","url":"https:\/\/extery.com\/wp-content\/uploads\/2020\/12\/Klaar-Steel-park-bench-pargipink-scaled.jpg","contentUrl":"https:\/\/extery.com\/wp-content\/uploads\/2020\/12\/Klaar-Steel-park-bench-pargipink-scaled.jpg","width":2560,"height":1707},{"@type":"BreadcrumbList","@id":"https:\/\/extery.com\/lv\/produkti\/klaar-steel-parka-sols\/#breadcrumb","itemListElement":[{"@type":"ListItem","position":1,"name":"Home","item":"https:\/\/extery.com\/lv\/"},{"@type":"ListItem","position":2,"name":"Produkti","item":"https:\/\/extery.com\/lv\/produkti\/"},{"@type":"ListItem","position":3,"name":"parka sols Klaar Steel"}]},{"@type":"WebSite","@id":"https:\/\/extery.com\/lv\/#website","url":"https:\/\/extery.com\/lv\/","name":"Extery","description":"","publisher":{"@id":"https:\/\/extery.com\/lv\/#organization"},"potentialAction":[{"@type":"SearchAction","target":{"@type":"EntryPoint","urlTemplate":"https:\/\/extery.com\/lv\/?s={search_term_string}"},"query-input":{"@type":"PropertyValueSpecification","valueRequired":true,"valueName":"search_term_string"}}],"inLanguage":"lv-LV"},{"@type":"Organization","@id":"https:\/\/extery.com\/lv\/#organization","name":"Extery","url":"https:\/\/extery.com\/lv\/","logo":{"@type":"ImageObject","inLanguage":"lv-LV","@id":"https:\/\/extery.com\/lv\/#\/schema\/logo\/image\/","url":"https:\/\/extery.com\/wp-content\/uploads\/2023\/11\/footer-logo.svg","contentUrl":"https:\/\/extery.com\/wp-content\/uploads\/2023\/11\/footer-logo.svg","caption":"Extery"},"image":{"@id":"https:\/\/extery.com\/lv\/#\/schema\/logo\/image\/"}}]}},"_links":{"self":[{"href":"https:\/\/extery.com\/lv\/wp-json\/wp\/v2\/product\/2162","targetHints":{"allow":["GET"]}}],"collection":[{"href":"https:\/\/extery.com\/lv\/wp-json\/wp\/v2\/product"}],"about":[{"href":"https:\/\/extery.com\/lv\/wp-json\/wp\/v2\/types\/product"}],"replies":[{"embeddable":true,"href":"https:\/\/extery.com\/lv\/wp-json\/wp\/v2\/comments?post=2162"}],"wp:featuredmedia":[{"embeddable":true,"href":"https:\/\/extery.com\/lv\/wp-json\/wp\/v2\/media\/10304"}],"wp:attachment":[{"href":"https:\/\/extery.com\/lv\/wp-json\/wp\/v2\/media?parent=2162"}],"wp:term":[{"taxonomy":"product_brand","embeddable":true,"href":"https:\/\/extery.com\/lv\/wp-json\/wp\/v2\/product_brand?post=2162"},{"taxonomy":"product_cat","embeddable":true,"href":"https:\/\/extery.com\/lv\/wp-json\/wp\/v2\/product_cat?post=2162"},{"taxonomy":"product_tag","embeddable":true,"href":"https:\/\/extery.com\/lv\/wp-json\/wp\/v2\/product_tag?post=2162"}],"curies":[{"name":"wp","href":"https:\/\/api.w.org\/{rel}","templated":true}]}}