{"id":2197,"date":"2020-11-11T08:45:15","date_gmt":"2020-11-11T08:45:15","guid":{"rendered":"https:\/\/extery.com\/?post_type=product&#038;p=2197"},"modified":"2026-04-13T09:34:58","modified_gmt":"2026-04-13T09:34:58","slug":"linn-parka-sols-1400","status":"publish","type":"product","link":"https:\/\/extery.com\/lv\/produkti\/linn-parka-sols-1400\/","title":{"rendered":"parka sols Linn"},"content":{"rendered":"<p id=\"tw-target-text\" class=\"tw-data-text tw-text-large tw-ta\" dir=\"ltr\" data-placeholder=\"T\u00f5lge\"><span class=\"Y2IQFc\" lang=\"lv\">Parka soli\u0146\u0161 Linn ir elegants un stil\u012bgs. Veidojot jaunu soli\u0146u, m\u0113r\u0137is nebija ne vair\u0101k, ne maz\u0101k k\u0101 sasniegt vislab\u0101ko s\u0113d\u0113\u0161anas komfortu un elegant\u0101ko, modernas pils\u0113tas cien\u012bgu formu. M\u0113s v\u0113l\u0113j\u0101mies, lai jaunais sols no pirm\u0101 acu uzmetiena \u0161\u0137istu nesavt\u012bgs un pa\u0161saprotams, bet, r\u016bp\u012bg\u0101k ieskatoties, tas atkl\u0101tu savu skaistumu un p\u0101rsteigs ar komfortu, kad to izmanto. Tie\u0161i ar \u0161iem ide\u0101liem dzima jaunais Linn sols, kas ir piln\u012bgi bez trok\u0161\u0146a, pietiekami klasisks, lai m\u016bsdien\u012bgi papildin\u0101tu v\u0113sturisko vidi, un pietiekami moderns, lai b\u016btu p\u0101rliecino\u0161s jaun\u0101s arhitekt\u016bras kontekst\u0101.<\/span><\/p>\n","protected":false},"excerpt":{"rendered":"<p>Parka soli\u0146\u0161 Linn ir elegants un stil\u012bgs. Veidojot jaunu soli\u0146u, m\u0113r\u0137is nebija ne vair\u0101k, ne maz\u0101k k\u0101 sasniegt vislab\u0101ko s\u0113d\u0113\u0161anas komfortu un elegant\u0101ko, modernas pils\u0113tas cien\u012bgu formu. M\u0113s v\u0113l\u0113j\u0101mies, lai jaunais sols no pirm\u0101 acu uzmetiena \u0161\u0137istu nesavt\u012bgs un pa\u0161saprotams, bet, r\u016bp\u012bg\u0101k ieskatoties, tas atkl\u0101tu savu skaistumu un p\u0101rsteigs ar komfortu, kad to izmanto. Tie\u0161i [&hellip;]<\/p>\n","protected":false},"featured_media":729,"comment_status":"open","ping_status":"closed","template":"","meta":{"_acf_changed":false},"product_brand":[],"product_cat":[98],"product_tag":[],"class_list":{"0":"post-2197","1":"product","2":"type-product","3":"status-publish","4":"has-post-thumbnail","6":"product_cat-solini-ar-atzveltnem-lv","7":"product-family-linn-lv","9":"first","10":"instock","11":"shipping-taxable","12":"product-type-simple"},"acf":[],"yoast_head":"<!-- This site is optimized with the Yoast SEO plugin v26.4 - https:\/\/yoast.com\/wordpress\/plugins\/seo\/ -->\n<title>parka sols Linn - Extery pils\u0113tas m\u0113be\u013cu kolekcijas parka sols<\/title>\n<meta name=\"description\" content=\"Parka soli\u0146\u0161 Linn ir stil\u012bgs un elegants. Piem\u0113rots da\u017e\u0101da rakstura pils\u0113tas telp\u0101m. Pils\u0113tas m\u0113beles - parka soli\u0146i, miskastes, barjeras un velosip\u0113du novietnes.\" \/>\n<meta name=\"robots\" content=\"index, follow, max-snippet:-1, max-image-preview:large, max-video-preview:-1\" \/>\n<link rel=\"canonical\" href=\"https:\/\/extery.com\/lv\/produkti\/linn-parka-sols-1400\/\" \/>\n<meta property=\"og:locale\" content=\"lv_LV\" \/>\n<meta property=\"og:type\" content=\"article\" \/>\n<meta property=\"og:title\" content=\"parka sols Linn - Extery pils\u0113tas m\u0113be\u013cu kolekcijas parka sols\" \/>\n<meta property=\"og:description\" content=\"Parka soli\u0146\u0161 Linn ir stil\u012bgs un elegants. Piem\u0113rots da\u017e\u0101da rakstura pils\u0113tas telp\u0101m. Pils\u0113tas m\u0113beles - parka soli\u0146i, miskastes, barjeras un velosip\u0113du novietnes.\" \/>\n<meta property=\"og:url\" content=\"https:\/\/extery.com\/lv\/produkti\/linn-parka-sols-1400\/\" \/>\n<meta property=\"og:site_name\" content=\"Extery\" \/>\n<meta property=\"article:modified_time\" content=\"2026-04-13T09:34:58+00:00\" \/>\n<meta property=\"og:image\" content=\"https:\/\/extery.com\/wp-content\/uploads\/2020\/11\/Linn-pink-S-E-tropic-scaled.jpg\" \/>\n\t<meta property=\"og:image:width\" content=\"2560\" \/>\n\t<meta property=\"og:image:height\" content=\"1707\" \/>\n\t<meta property=\"og:image:type\" content=\"image\/jpeg\" \/>\n<meta name=\"twitter:card\" content=\"summary_large_image\" \/>\n<meta name=\"twitter:label1\" content=\"Est. reading time\" \/>\n\t<meta name=\"twitter:data1\" content=\"1 minute\" \/>\n<script type=\"application\/ld+json\" class=\"yoast-schema-graph\">{\"@context\":\"https:\/\/schema.org\",\"@graph\":[{\"@type\":\"WebPage\",\"@id\":\"https:\/\/extery.com\/lv\/produkti\/linn-parka-sols-1400\/\",\"url\":\"https:\/\/extery.com\/lv\/produkti\/linn-parka-sols-1400\/\",\"name\":\"parka sols Linn - Extery pils\u0113tas m\u0113be\u013cu kolekcijas parka sols\",\"isPartOf\":{\"@id\":\"https:\/\/extery.com\/lv\/#website\"},\"primaryImageOfPage\":{\"@id\":\"https:\/\/extery.com\/lv\/produkti\/linn-parka-sols-1400\/#primaryimage\"},\"image\":{\"@id\":\"https:\/\/extery.com\/lv\/produkti\/linn-parka-sols-1400\/#primaryimage\"},\"thumbnailUrl\":\"https:\/\/extery.com\/wp-content\/uploads\/2020\/11\/Linn-pink-S-E-tropic-scaled.jpg\",\"datePublished\":\"2020-11-11T08:45:15+00:00\",\"dateModified\":\"2026-04-13T09:34:58+00:00\",\"description\":\"Parka soli\u0146\u0161 Linn ir stil\u012bgs un elegants. Piem\u0113rots da\u017e\u0101da rakstura pils\u0113tas telp\u0101m. Pils\u0113tas m\u0113beles - parka soli\u0146i, miskastes, barjeras un velosip\u0113du novietnes.\",\"breadcrumb\":{\"@id\":\"https:\/\/extery.com\/lv\/produkti\/linn-parka-sols-1400\/#breadcrumb\"},\"inLanguage\":\"lv-LV\",\"potentialAction\":[{\"@type\":\"ReadAction\",\"target\":[\"https:\/\/extery.com\/lv\/produkti\/linn-parka-sols-1400\/\"]}]},{\"@type\":\"ImageObject\",\"inLanguage\":\"lv-LV\",\"@id\":\"https:\/\/extery.com\/lv\/produkti\/linn-parka-sols-1400\/#primaryimage\",\"url\":\"https:\/\/extery.com\/wp-content\/uploads\/2020\/11\/Linn-pink-S-E-tropic-scaled.jpg\",\"contentUrl\":\"https:\/\/extery.com\/wp-content\/uploads\/2020\/11\/Linn-pink-S-E-tropic-scaled.jpg\",\"width\":2560,\"height\":1707},{\"@type\":\"BreadcrumbList\",\"@id\":\"https:\/\/extery.com\/lv\/produkti\/linn-parka-sols-1400\/#breadcrumb\",\"itemListElement\":[{\"@type\":\"ListItem\",\"position\":1,\"name\":\"Home\",\"item\":\"https:\/\/extery.com\/lv\/\"},{\"@type\":\"ListItem\",\"position\":2,\"name\":\"Produkti\",\"item\":\"https:\/\/extery.com\/lv\/produkti\/\"},{\"@type\":\"ListItem\",\"position\":3,\"name\":\"parka sols Linn\"}]},{\"@type\":\"WebSite\",\"@id\":\"https:\/\/extery.com\/lv\/#website\",\"url\":\"https:\/\/extery.com\/lv\/\",\"name\":\"Extery\",\"description\":\"\",\"publisher\":{\"@id\":\"https:\/\/extery.com\/lv\/#organization\"},\"potentialAction\":[{\"@type\":\"SearchAction\",\"target\":{\"@type\":\"EntryPoint\",\"urlTemplate\":\"https:\/\/extery.com\/lv\/?s={search_term_string}\"},\"query-input\":{\"@type\":\"PropertyValueSpecification\",\"valueRequired\":true,\"valueName\":\"search_term_string\"}}],\"inLanguage\":\"lv-LV\"},{\"@type\":\"Organization\",\"@id\":\"https:\/\/extery.com\/lv\/#organization\",\"name\":\"Extery\",\"url\":\"https:\/\/extery.com\/lv\/\",\"logo\":{\"@type\":\"ImageObject\",\"inLanguage\":\"lv-LV\",\"@id\":\"https:\/\/extery.com\/lv\/#\/schema\/logo\/image\/\",\"url\":\"https:\/\/extery.com\/wp-content\/uploads\/2023\/11\/footer-logo.svg\",\"contentUrl\":\"https:\/\/extery.com\/wp-content\/uploads\/2023\/11\/footer-logo.svg\",\"caption\":\"Extery\"},\"image\":{\"@id\":\"https:\/\/extery.com\/lv\/#\/schema\/logo\/image\/\"}}]}<\/script>\n<!-- \/ Yoast SEO plugin. -->","yoast_head_json":{"title":"parka sols Linn - Extery pils\u0113tas m\u0113be\u013cu kolekcijas parka sols","description":"Parka soli\u0146\u0161 Linn ir stil\u012bgs un elegants. Piem\u0113rots da\u017e\u0101da rakstura pils\u0113tas telp\u0101m. Pils\u0113tas m\u0113beles - parka soli\u0146i, miskastes, barjeras un velosip\u0113du novietnes.","robots":{"index":"index","follow":"follow","max-snippet":"max-snippet:-1","max-image-preview":"max-image-preview:large","max-video-preview":"max-video-preview:-1"},"canonical":"https:\/\/extery.com\/lv\/produkti\/linn-parka-sols-1400\/","og_locale":"lv_LV","og_type":"article","og_title":"parka sols Linn - Extery pils\u0113tas m\u0113be\u013cu kolekcijas parka sols","og_description":"Parka soli\u0146\u0161 Linn ir stil\u012bgs un elegants. Piem\u0113rots da\u017e\u0101da rakstura pils\u0113tas telp\u0101m. Pils\u0113tas m\u0113beles - parka soli\u0146i, miskastes, barjeras un velosip\u0113du novietnes.","og_url":"https:\/\/extery.com\/lv\/produkti\/linn-parka-sols-1400\/","og_site_name":"Extery","article_modified_time":"2026-04-13T09:34:58+00:00","og_image":[{"width":2560,"height":1707,"url":"https:\/\/extery.com\/wp-content\/uploads\/2020\/11\/Linn-pink-S-E-tropic-scaled.jpg","type":"image\/jpeg"}],"twitter_card":"summary_large_image","twitter_misc":{"Est. reading time":"1 minute"},"schema":{"@context":"https:\/\/schema.org","@graph":[{"@type":"WebPage","@id":"https:\/\/extery.com\/lv\/produkti\/linn-parka-sols-1400\/","url":"https:\/\/extery.com\/lv\/produkti\/linn-parka-sols-1400\/","name":"parka sols Linn - Extery pils\u0113tas m\u0113be\u013cu kolekcijas parka sols","isPartOf":{"@id":"https:\/\/extery.com\/lv\/#website"},"primaryImageOfPage":{"@id":"https:\/\/extery.com\/lv\/produkti\/linn-parka-sols-1400\/#primaryimage"},"image":{"@id":"https:\/\/extery.com\/lv\/produkti\/linn-parka-sols-1400\/#primaryimage"},"thumbnailUrl":"https:\/\/extery.com\/wp-content\/uploads\/2020\/11\/Linn-pink-S-E-tropic-scaled.jpg","datePublished":"2020-11-11T08:45:15+00:00","dateModified":"2026-04-13T09:34:58+00:00","description":"Parka soli\u0146\u0161 Linn ir stil\u012bgs un elegants. Piem\u0113rots da\u017e\u0101da rakstura pils\u0113tas telp\u0101m. Pils\u0113tas m\u0113beles - parka soli\u0146i, miskastes, barjeras un velosip\u0113du novietnes.","breadcrumb":{"@id":"https:\/\/extery.com\/lv\/produkti\/linn-parka-sols-1400\/#breadcrumb"},"inLanguage":"lv-LV","potentialAction":[{"@type":"ReadAction","target":["https:\/\/extery.com\/lv\/produkti\/linn-parka-sols-1400\/"]}]},{"@type":"ImageObject","inLanguage":"lv-LV","@id":"https:\/\/extery.com\/lv\/produkti\/linn-parka-sols-1400\/#primaryimage","url":"https:\/\/extery.com\/wp-content\/uploads\/2020\/11\/Linn-pink-S-E-tropic-scaled.jpg","contentUrl":"https:\/\/extery.com\/wp-content\/uploads\/2020\/11\/Linn-pink-S-E-tropic-scaled.jpg","width":2560,"height":1707},{"@type":"BreadcrumbList","@id":"https:\/\/extery.com\/lv\/produkti\/linn-parka-sols-1400\/#breadcrumb","itemListElement":[{"@type":"ListItem","position":1,"name":"Home","item":"https:\/\/extery.com\/lv\/"},{"@type":"ListItem","position":2,"name":"Produkti","item":"https:\/\/extery.com\/lv\/produkti\/"},{"@type":"ListItem","position":3,"name":"parka sols Linn"}]},{"@type":"WebSite","@id":"https:\/\/extery.com\/lv\/#website","url":"https:\/\/extery.com\/lv\/","name":"Extery","description":"","publisher":{"@id":"https:\/\/extery.com\/lv\/#organization"},"potentialAction":[{"@type":"SearchAction","target":{"@type":"EntryPoint","urlTemplate":"https:\/\/extery.com\/lv\/?s={search_term_string}"},"query-input":{"@type":"PropertyValueSpecification","valueRequired":true,"valueName":"search_term_string"}}],"inLanguage":"lv-LV"},{"@type":"Organization","@id":"https:\/\/extery.com\/lv\/#organization","name":"Extery","url":"https:\/\/extery.com\/lv\/","logo":{"@type":"ImageObject","inLanguage":"lv-LV","@id":"https:\/\/extery.com\/lv\/#\/schema\/logo\/image\/","url":"https:\/\/extery.com\/wp-content\/uploads\/2023\/11\/footer-logo.svg","contentUrl":"https:\/\/extery.com\/wp-content\/uploads\/2023\/11\/footer-logo.svg","caption":"Extery"},"image":{"@id":"https:\/\/extery.com\/lv\/#\/schema\/logo\/image\/"}}]}},"_links":{"self":[{"href":"https:\/\/extery.com\/lv\/wp-json\/wp\/v2\/product\/2197","targetHints":{"allow":["GET"]}}],"collection":[{"href":"https:\/\/extery.com\/lv\/wp-json\/wp\/v2\/product"}],"about":[{"href":"https:\/\/extery.com\/lv\/wp-json\/wp\/v2\/types\/product"}],"replies":[{"embeddable":true,"href":"https:\/\/extery.com\/lv\/wp-json\/wp\/v2\/comments?post=2197"}],"wp:featuredmedia":[{"embeddable":true,"href":"https:\/\/extery.com\/lv\/wp-json\/wp\/v2\/media\/729"}],"wp:attachment":[{"href":"https:\/\/extery.com\/lv\/wp-json\/wp\/v2\/media?parent=2197"}],"wp:term":[{"taxonomy":"product_brand","embeddable":true,"href":"https:\/\/extery.com\/lv\/wp-json\/wp\/v2\/product_brand?post=2197"},{"taxonomy":"product_cat","embeddable":true,"href":"https:\/\/extery.com\/lv\/wp-json\/wp\/v2\/product_cat?post=2197"},{"taxonomy":"product_tag","embeddable":true,"href":"https:\/\/extery.com\/lv\/wp-json\/wp\/v2\/product_tag?post=2197"}],"curies":[{"name":"wp","href":"https:\/\/api.w.org\/{rel}","templated":true}]}}