{"id":2274,"date":"2020-11-11T09:16:31","date_gmt":"2020-11-11T09:16:31","guid":{"rendered":"https:\/\/extery.com\/?post_type=product&#038;p=2274"},"modified":"2026-04-07T11:43:04","modified_gmt":"2026-04-07T11:43:04","slug":"tahu-parka-sols-bez-atzveltnes","status":"publish","type":"product","link":"https:\/\/extery.com\/lv\/produkti\/tahu-parka-sols-bez-atzveltnes\/","title":{"rendered":"parka sols Tahu, bez atzveltnes"},"content":{"rendered":"<p id=\"tw-target-text\" class=\"tw-data-text tw-text-large tw-ta\" dir=\"ltr\" data-placeholder=\"T\u00f5lge\"><span class=\"Y2IQFc\" lang=\"lv\">Parka sols TAHU ir smags sols ar vieglu izskatu pras\u012bgai videi. Izveidots par godu Igaunijas 100. gadadienai k\u0101 tilts, lai atcer\u0113tos kara gadus, kas pavad\u012bja okup\u0101ciju un p\u0113d\u0113j\u0101s barik\u0101des Toompea. Tahu ienes piemi\u0146u par ilgsto\u0161o Igaunijas valsti katr\u0101 autobusa pietur\u0101. S\u0113di un j\u016bti \u2013 dzimtene ir m\u012b\u013ca. <\/span><\/p>\n<p class=\"tw-data-text tw-text-large tw-ta\" dir=\"ltr\" data-placeholder=\"T\u00f5lge\"><span class=\"Y2IQFc\" lang=\"lv\">Pretgrafiti p\u0101rkl\u0101jums un lo\u017eu necaurlaid\u012bg\u0101 k\u0101ja saglab\u0101 Tahu nevainojamu pat akmens pils\u0113tas bandu kaujas laukos. Parka sola Tahu betona k\u0101jas ir pieejamas gan gai\u0161\u0101, gan tum\u0161\u0101 arm\u0113t\u0101 gran\u012bta beton\u0101. T\u0101tad j\u016bs varat izv\u0113l\u0113ties videi rakstur\u012bgu variantu.<\/span><\/p>\n","protected":false},"excerpt":{"rendered":"<p>Parka sols TAHU ir smags sols ar vieglu izskatu pras\u012bgai videi. Izveidots par godu Igaunijas 100. gadadienai k\u0101 tilts, lai atcer\u0113tos kara gadus, kas pavad\u012bja okup\u0101ciju un p\u0113d\u0113j\u0101s barik\u0101des Toompea. Tahu ienes piemi\u0146u par ilgsto\u0161o Igaunijas valsti katr\u0101 autobusa pietur\u0101. S\u0113di un j\u016bti \u2013 dzimtene ir m\u012b\u013ca. Pretgrafiti p\u0101rkl\u0101jums un lo\u017eu necaurlaid\u012bg\u0101 k\u0101ja saglab\u0101 Tahu [&hellip;]<\/p>\n","protected":false},"featured_media":10318,"comment_status":"open","ping_status":"closed","template":"","meta":{"_acf_changed":false},"product_brand":[],"product_cat":[93],"product_tag":[],"class_list":{"0":"post-2274","1":"product","2":"type-product","3":"status-publish","4":"has-post-thumbnail","6":"product_cat-solini-bez-atzveltnem-lv","7":"product-family-tahu-lv","9":"first","10":"instock","11":"shipping-taxable","12":"product-type-simple"},"acf":[],"yoast_head":"<!-- This site is optimized with the Yoast SEO plugin v26.4 - https:\/\/yoast.com\/wordpress\/plugins\/seo\/ -->\n<title>parka sols Tahu, bez atzveltnes - Extery pils\u0113tas m\u0113bele parka soli\u0146\u0161<\/title>\n<meta name=\"description\" content=\"Parka sols TAHU ir smags sols ar vieglu izskatu pras\u012bgai videi. Izveidots par godu Igaunijas 100. gadadienai k\u0101 tilts, lai atcer\u0113tos kara gadus, kas pavad\u012bja okup\u0101ciju un p\u0113d\u0113j\u0101s barik\u0101des Toompea.\" \/>\n<meta name=\"robots\" content=\"index, follow, max-snippet:-1, max-image-preview:large, max-video-preview:-1\" \/>\n<link rel=\"canonical\" href=\"https:\/\/extery.com\/lv\/produkti\/tahu-parka-sols-bez-atzveltnes\/\" \/>\n<meta property=\"og:locale\" content=\"lv_LV\" \/>\n<meta property=\"og:type\" content=\"article\" \/>\n<meta property=\"og:title\" content=\"parka sols Tahu, bez atzveltnes - Extery pils\u0113tas m\u0113bele parka soli\u0146\u0161\" \/>\n<meta property=\"og:description\" content=\"Parka sols TAHU ir smags sols ar vieglu izskatu pras\u012bgai videi. Izveidots par godu Igaunijas 100. gadadienai k\u0101 tilts, lai atcer\u0113tos kara gadus, kas pavad\u012bja okup\u0101ciju un p\u0113d\u0113j\u0101s barik\u0101des Toompea.\" \/>\n<meta property=\"og:url\" content=\"https:\/\/extery.com\/lv\/produkti\/tahu-parka-sols-bez-atzveltnes\/\" \/>\n<meta property=\"og:site_name\" content=\"Extery\" \/>\n<meta property=\"article:modified_time\" content=\"2026-04-07T11:43:04+00:00\" \/>\n<meta property=\"og:image\" content=\"https:\/\/extery.com\/wp-content\/uploads\/2020\/12\/Tahu-pargipink-park-bench-scaled.jpg\" \/>\n\t<meta property=\"og:image:width\" content=\"2560\" \/>\n\t<meta property=\"og:image:height\" content=\"1707\" \/>\n\t<meta property=\"og:image:type\" content=\"image\/jpeg\" \/>\n<meta name=\"twitter:card\" content=\"summary_large_image\" \/>\n<meta name=\"twitter:label1\" content=\"Est. reading time\" \/>\n\t<meta name=\"twitter:data1\" content=\"1 minute\" \/>\n<script type=\"application\/ld+json\" class=\"yoast-schema-graph\">{\"@context\":\"https:\/\/schema.org\",\"@graph\":[{\"@type\":\"WebPage\",\"@id\":\"https:\/\/extery.com\/lv\/produkti\/tahu-parka-sols-bez-atzveltnes\/\",\"url\":\"https:\/\/extery.com\/lv\/produkti\/tahu-parka-sols-bez-atzveltnes\/\",\"name\":\"parka sols Tahu, bez atzveltnes - Extery pils\u0113tas m\u0113bele parka soli\u0146\u0161\",\"isPartOf\":{\"@id\":\"https:\/\/extery.com\/lv\/#website\"},\"primaryImageOfPage\":{\"@id\":\"https:\/\/extery.com\/lv\/produkti\/tahu-parka-sols-bez-atzveltnes\/#primaryimage\"},\"image\":{\"@id\":\"https:\/\/extery.com\/lv\/produkti\/tahu-parka-sols-bez-atzveltnes\/#primaryimage\"},\"thumbnailUrl\":\"https:\/\/extery.com\/wp-content\/uploads\/2020\/12\/Tahu-pargipink-park-bench-scaled.jpg\",\"datePublished\":\"2020-11-11T09:16:31+00:00\",\"dateModified\":\"2026-04-07T11:43:04+00:00\",\"description\":\"Parka sols TAHU ir smags sols ar vieglu izskatu pras\u012bgai videi. Izveidots par godu Igaunijas 100. gadadienai k\u0101 tilts, lai atcer\u0113tos kara gadus, kas pavad\u012bja okup\u0101ciju un p\u0113d\u0113j\u0101s barik\u0101des Toompea.\",\"breadcrumb\":{\"@id\":\"https:\/\/extery.com\/lv\/produkti\/tahu-parka-sols-bez-atzveltnes\/#breadcrumb\"},\"inLanguage\":\"lv-LV\",\"potentialAction\":[{\"@type\":\"ReadAction\",\"target\":[\"https:\/\/extery.com\/lv\/produkti\/tahu-parka-sols-bez-atzveltnes\/\"]}]},{\"@type\":\"ImageObject\",\"inLanguage\":\"lv-LV\",\"@id\":\"https:\/\/extery.com\/lv\/produkti\/tahu-parka-sols-bez-atzveltnes\/#primaryimage\",\"url\":\"https:\/\/extery.com\/wp-content\/uploads\/2020\/12\/Tahu-pargipink-park-bench-scaled.jpg\",\"contentUrl\":\"https:\/\/extery.com\/wp-content\/uploads\/2020\/12\/Tahu-pargipink-park-bench-scaled.jpg\",\"width\":2560,\"height\":1707},{\"@type\":\"BreadcrumbList\",\"@id\":\"https:\/\/extery.com\/lv\/produkti\/tahu-parka-sols-bez-atzveltnes\/#breadcrumb\",\"itemListElement\":[{\"@type\":\"ListItem\",\"position\":1,\"name\":\"Home\",\"item\":\"https:\/\/extery.com\/lv\/\"},{\"@type\":\"ListItem\",\"position\":2,\"name\":\"Produkti\",\"item\":\"https:\/\/extery.com\/lv\/produkti\/\"},{\"@type\":\"ListItem\",\"position\":3,\"name\":\"parka sols Tahu, bez atzveltnes\"}]},{\"@type\":\"WebSite\",\"@id\":\"https:\/\/extery.com\/lv\/#website\",\"url\":\"https:\/\/extery.com\/lv\/\",\"name\":\"Extery\",\"description\":\"\",\"publisher\":{\"@id\":\"https:\/\/extery.com\/lv\/#organization\"},\"potentialAction\":[{\"@type\":\"SearchAction\",\"target\":{\"@type\":\"EntryPoint\",\"urlTemplate\":\"https:\/\/extery.com\/lv\/?s={search_term_string}\"},\"query-input\":{\"@type\":\"PropertyValueSpecification\",\"valueRequired\":true,\"valueName\":\"search_term_string\"}}],\"inLanguage\":\"lv-LV\"},{\"@type\":\"Organization\",\"@id\":\"https:\/\/extery.com\/lv\/#organization\",\"name\":\"Extery\",\"url\":\"https:\/\/extery.com\/lv\/\",\"logo\":{\"@type\":\"ImageObject\",\"inLanguage\":\"lv-LV\",\"@id\":\"https:\/\/extery.com\/lv\/#\/schema\/logo\/image\/\",\"url\":\"https:\/\/extery.com\/wp-content\/uploads\/2023\/11\/footer-logo.svg\",\"contentUrl\":\"https:\/\/extery.com\/wp-content\/uploads\/2023\/11\/footer-logo.svg\",\"caption\":\"Extery\"},\"image\":{\"@id\":\"https:\/\/extery.com\/lv\/#\/schema\/logo\/image\/\"}}]}<\/script>\n<!-- \/ Yoast SEO plugin. -->","yoast_head_json":{"title":"parka sols Tahu, bez atzveltnes - Extery pils\u0113tas m\u0113bele parka soli\u0146\u0161","description":"Parka sols TAHU ir smags sols ar vieglu izskatu pras\u012bgai videi. Izveidots par godu Igaunijas 100. gadadienai k\u0101 tilts, lai atcer\u0113tos kara gadus, kas pavad\u012bja okup\u0101ciju un p\u0113d\u0113j\u0101s barik\u0101des Toompea.","robots":{"index":"index","follow":"follow","max-snippet":"max-snippet:-1","max-image-preview":"max-image-preview:large","max-video-preview":"max-video-preview:-1"},"canonical":"https:\/\/extery.com\/lv\/produkti\/tahu-parka-sols-bez-atzveltnes\/","og_locale":"lv_LV","og_type":"article","og_title":"parka sols Tahu, bez atzveltnes - Extery pils\u0113tas m\u0113bele parka soli\u0146\u0161","og_description":"Parka sols TAHU ir smags sols ar vieglu izskatu pras\u012bgai videi. Izveidots par godu Igaunijas 100. gadadienai k\u0101 tilts, lai atcer\u0113tos kara gadus, kas pavad\u012bja okup\u0101ciju un p\u0113d\u0113j\u0101s barik\u0101des Toompea.","og_url":"https:\/\/extery.com\/lv\/produkti\/tahu-parka-sols-bez-atzveltnes\/","og_site_name":"Extery","article_modified_time":"2026-04-07T11:43:04+00:00","og_image":[{"width":2560,"height":1707,"url":"https:\/\/extery.com\/wp-content\/uploads\/2020\/12\/Tahu-pargipink-park-bench-scaled.jpg","type":"image\/jpeg"}],"twitter_card":"summary_large_image","twitter_misc":{"Est. reading time":"1 minute"},"schema":{"@context":"https:\/\/schema.org","@graph":[{"@type":"WebPage","@id":"https:\/\/extery.com\/lv\/produkti\/tahu-parka-sols-bez-atzveltnes\/","url":"https:\/\/extery.com\/lv\/produkti\/tahu-parka-sols-bez-atzveltnes\/","name":"parka sols Tahu, bez atzveltnes - Extery pils\u0113tas m\u0113bele parka soli\u0146\u0161","isPartOf":{"@id":"https:\/\/extery.com\/lv\/#website"},"primaryImageOfPage":{"@id":"https:\/\/extery.com\/lv\/produkti\/tahu-parka-sols-bez-atzveltnes\/#primaryimage"},"image":{"@id":"https:\/\/extery.com\/lv\/produkti\/tahu-parka-sols-bez-atzveltnes\/#primaryimage"},"thumbnailUrl":"https:\/\/extery.com\/wp-content\/uploads\/2020\/12\/Tahu-pargipink-park-bench-scaled.jpg","datePublished":"2020-11-11T09:16:31+00:00","dateModified":"2026-04-07T11:43:04+00:00","description":"Parka sols TAHU ir smags sols ar vieglu izskatu pras\u012bgai videi. Izveidots par godu Igaunijas 100. gadadienai k\u0101 tilts, lai atcer\u0113tos kara gadus, kas pavad\u012bja okup\u0101ciju un p\u0113d\u0113j\u0101s barik\u0101des Toompea.","breadcrumb":{"@id":"https:\/\/extery.com\/lv\/produkti\/tahu-parka-sols-bez-atzveltnes\/#breadcrumb"},"inLanguage":"lv-LV","potentialAction":[{"@type":"ReadAction","target":["https:\/\/extery.com\/lv\/produkti\/tahu-parka-sols-bez-atzveltnes\/"]}]},{"@type":"ImageObject","inLanguage":"lv-LV","@id":"https:\/\/extery.com\/lv\/produkti\/tahu-parka-sols-bez-atzveltnes\/#primaryimage","url":"https:\/\/extery.com\/wp-content\/uploads\/2020\/12\/Tahu-pargipink-park-bench-scaled.jpg","contentUrl":"https:\/\/extery.com\/wp-content\/uploads\/2020\/12\/Tahu-pargipink-park-bench-scaled.jpg","width":2560,"height":1707},{"@type":"BreadcrumbList","@id":"https:\/\/extery.com\/lv\/produkti\/tahu-parka-sols-bez-atzveltnes\/#breadcrumb","itemListElement":[{"@type":"ListItem","position":1,"name":"Home","item":"https:\/\/extery.com\/lv\/"},{"@type":"ListItem","position":2,"name":"Produkti","item":"https:\/\/extery.com\/lv\/produkti\/"},{"@type":"ListItem","position":3,"name":"parka sols Tahu, bez atzveltnes"}]},{"@type":"WebSite","@id":"https:\/\/extery.com\/lv\/#website","url":"https:\/\/extery.com\/lv\/","name":"Extery","description":"","publisher":{"@id":"https:\/\/extery.com\/lv\/#organization"},"potentialAction":[{"@type":"SearchAction","target":{"@type":"EntryPoint","urlTemplate":"https:\/\/extery.com\/lv\/?s={search_term_string}"},"query-input":{"@type":"PropertyValueSpecification","valueRequired":true,"valueName":"search_term_string"}}],"inLanguage":"lv-LV"},{"@type":"Organization","@id":"https:\/\/extery.com\/lv\/#organization","name":"Extery","url":"https:\/\/extery.com\/lv\/","logo":{"@type":"ImageObject","inLanguage":"lv-LV","@id":"https:\/\/extery.com\/lv\/#\/schema\/logo\/image\/","url":"https:\/\/extery.com\/wp-content\/uploads\/2023\/11\/footer-logo.svg","contentUrl":"https:\/\/extery.com\/wp-content\/uploads\/2023\/11\/footer-logo.svg","caption":"Extery"},"image":{"@id":"https:\/\/extery.com\/lv\/#\/schema\/logo\/image\/"}}]}},"_links":{"self":[{"href":"https:\/\/extery.com\/lv\/wp-json\/wp\/v2\/product\/2274","targetHints":{"allow":["GET"]}}],"collection":[{"href":"https:\/\/extery.com\/lv\/wp-json\/wp\/v2\/product"}],"about":[{"href":"https:\/\/extery.com\/lv\/wp-json\/wp\/v2\/types\/product"}],"replies":[{"embeddable":true,"href":"https:\/\/extery.com\/lv\/wp-json\/wp\/v2\/comments?post=2274"}],"wp:featuredmedia":[{"embeddable":true,"href":"https:\/\/extery.com\/lv\/wp-json\/wp\/v2\/media\/10318"}],"wp:attachment":[{"href":"https:\/\/extery.com\/lv\/wp-json\/wp\/v2\/media?parent=2274"}],"wp:term":[{"taxonomy":"product_brand","embeddable":true,"href":"https:\/\/extery.com\/lv\/wp-json\/wp\/v2\/product_brand?post=2274"},{"taxonomy":"product_cat","embeddable":true,"href":"https:\/\/extery.com\/lv\/wp-json\/wp\/v2\/product_cat?post=2274"},{"taxonomy":"product_tag","embeddable":true,"href":"https:\/\/extery.com\/lv\/wp-json\/wp\/v2\/product_tag?post=2274"}],"curies":[{"name":"wp","href":"https:\/\/api.w.org\/{rel}","templated":true}]}}