{"id":23064,"date":"2023-04-21T09:53:41","date_gmt":"2023-04-21T09:53:41","guid":{"rendered":"https:\/\/extery.com\/?post_type=product&#038;p=23064"},"modified":"2026-03-19T11:20:03","modified_gmt":"2026-03-19T11:20:03","slug":"velo-stavvieta-kaar","status":"publish","type":"product","link":"https:\/\/extery.com\/lv\/produkti\/velo-stavvieta-kaar\/","title":{"rendered":"velonovietne Kaar"},"content":{"rendered":"<p>Kaar velonovietnei ir vienk\u0101r\u0161a forma, funkcion\u0101la un sp\u0113c\u012bga. Velo stat\u012bva arkas ir piestiprin\u0101tas pie r\u0101mja, kas atvieglo st\u0101vvietas ier\u012bko\u0161anu un neprasa oblig\u0101tu stiprin\u0101\u0161anu pie pamatnes. Velosip\u0113du novietnes modularit\u0101te \u013cauj p\u0113c v\u0113l\u0113\u0161an\u0101s un nepiecie\u0161am\u012bbas pagarin\u0101t st\u0101vlaukuma rindu.<\/p>\n<p>Kaar velonovietne ir pieejama divos modu\u013cos: modulis ar 3 ark\u0101m un modulis ar 4 ark\u0101m. Pie vienas arkas var dro\u0161i piesl\u0113gt l\u012bdz diviem velosip\u0113diem. Kaar velosip\u0113du novietnes priek\u0161roc\u012bba ir t\u0101 kompaktums, vienk\u0101r\u0161\u012bba un \u0113rta lieto\u0161ana.<\/p>\n","protected":false},"excerpt":{"rendered":"<p>Kaar velonovietnei ir vienk\u0101r\u0161a forma, funkcion\u0101la un sp\u0113c\u012bga. Velo stat\u012bva arkas ir piestiprin\u0101tas pie r\u0101mja, kas atvieglo st\u0101vvietas ier\u012bko\u0161anu un neprasa oblig\u0101tu stiprin\u0101\u0161anu pie pamatnes. Velosip\u0113du novietnes modularit\u0101te \u013cauj p\u0113c v\u0113l\u0113\u0161an\u0101s un nepiecie\u0161am\u012bbas pagarin\u0101t st\u0101vlaukuma rindu. Kaar velonovietne ir pieejama divos modu\u013cos: modulis ar 3 ark\u0101m un modulis ar 4 ark\u0101m. Pie vienas arkas var [&hellip;]<\/p>\n","protected":false},"featured_media":23113,"comment_status":"open","ping_status":"closed","template":"","meta":{"_acf_changed":false},"product_brand":[],"product_cat":[129],"product_tag":[],"class_list":{"0":"post-23064","1":"product","2":"type-product","3":"status-publish","4":"has-post-thumbnail","6":"product_cat-velosipedu-novietnes-lv","7":"product-family-kaar-lv","9":"first","10":"instock","11":"shipping-taxable","12":"product-type-simple"},"acf":[],"yoast_head":"<!-- This site is optimized with the Yoast SEO plugin v26.4 - https:\/\/yoast.com\/wordpress\/plugins\/seo\/ -->\n<title>velonovietne Kaar - Extery velo st\u0101vvieta no pils\u0113tas elementu kolekcijas<\/title>\n<meta name=\"description\" content=\"Velo tur\u0113t\u0101js Kaar ir vienk\u0101r\u0161as formas, bet iztur\u012bgs, piem\u0113rots ar\u012b k\u0101 ce\u013ca barjera. T\u012brs siluets, kas izvirz\u012bts no zemes, un minim\u0101lisma forma vienm\u0113r ir bezkompromisa.\" \/>\n<meta name=\"robots\" content=\"index, follow, max-snippet:-1, max-image-preview:large, max-video-preview:-1\" \/>\n<link rel=\"canonical\" href=\"https:\/\/extery.com\/lv\/produkti\/velo-stavvieta-kaar\/\" \/>\n<meta property=\"og:locale\" content=\"lv_LV\" \/>\n<meta property=\"og:type\" content=\"article\" \/>\n<meta property=\"og:title\" content=\"velonovietne Kaar - Extery velo st\u0101vvieta no pils\u0113tas elementu kolekcijas\" \/>\n<meta property=\"og:description\" content=\"Velo tur\u0113t\u0101js Kaar ir vienk\u0101r\u0161as formas, bet iztur\u012bgs, piem\u0113rots ar\u012b k\u0101 ce\u013ca barjera. T\u012brs siluets, kas izvirz\u012bts no zemes, un minim\u0101lisma forma vienm\u0113r ir bezkompromisa.\" \/>\n<meta property=\"og:url\" content=\"https:\/\/extery.com\/lv\/produkti\/velo-stavvieta-kaar\/\" \/>\n<meta property=\"og:site_name\" content=\"Extery\" \/>\n<meta property=\"article:modified_time\" content=\"2026-03-19T11:20:03+00:00\" \/>\n<meta property=\"og:image\" content=\"https:\/\/extery.com\/wp-content\/uploads\/2023\/04\/Kaar-1000-3-jalgrattaparkla-bicycle-parking-web-scaled.jpg\" \/>\n\t<meta property=\"og:image:width\" content=\"2560\" \/>\n\t<meta property=\"og:image:height\" content=\"1707\" \/>\n\t<meta property=\"og:image:type\" content=\"image\/jpeg\" \/>\n<meta name=\"twitter:card\" content=\"summary_large_image\" \/>\n<meta name=\"twitter:label1\" content=\"Est. reading time\" \/>\n\t<meta name=\"twitter:data1\" content=\"1 minute\" \/>\n<script type=\"application\/ld+json\" class=\"yoast-schema-graph\">{\"@context\":\"https:\/\/schema.org\",\"@graph\":[{\"@type\":\"WebPage\",\"@id\":\"https:\/\/extery.com\/lv\/produkti\/velo-stavvieta-kaar\/\",\"url\":\"https:\/\/extery.com\/lv\/produkti\/velo-stavvieta-kaar\/\",\"name\":\"velonovietne Kaar - Extery velo st\u0101vvieta no pils\u0113tas elementu kolekcijas\",\"isPartOf\":{\"@id\":\"https:\/\/extery.com\/lv\/#website\"},\"primaryImageOfPage\":{\"@id\":\"https:\/\/extery.com\/lv\/produkti\/velo-stavvieta-kaar\/#primaryimage\"},\"image\":{\"@id\":\"https:\/\/extery.com\/lv\/produkti\/velo-stavvieta-kaar\/#primaryimage\"},\"thumbnailUrl\":\"https:\/\/extery.com\/wp-content\/uploads\/2023\/04\/Kaar-1000-3-jalgrattaparkla-bicycle-parking-web-scaled.jpg\",\"datePublished\":\"2023-04-21T09:53:41+00:00\",\"dateModified\":\"2026-03-19T11:20:03+00:00\",\"description\":\"Velo tur\u0113t\u0101js Kaar ir vienk\u0101r\u0161as formas, bet iztur\u012bgs, piem\u0113rots ar\u012b k\u0101 ce\u013ca barjera. T\u012brs siluets, kas izvirz\u012bts no zemes, un minim\u0101lisma forma vienm\u0113r ir bezkompromisa.\",\"breadcrumb\":{\"@id\":\"https:\/\/extery.com\/lv\/produkti\/velo-stavvieta-kaar\/#breadcrumb\"},\"inLanguage\":\"lv-LV\",\"potentialAction\":[{\"@type\":\"ReadAction\",\"target\":[\"https:\/\/extery.com\/lv\/produkti\/velo-stavvieta-kaar\/\"]}]},{\"@type\":\"ImageObject\",\"inLanguage\":\"lv-LV\",\"@id\":\"https:\/\/extery.com\/lv\/produkti\/velo-stavvieta-kaar\/#primaryimage\",\"url\":\"https:\/\/extery.com\/wp-content\/uploads\/2023\/04\/Kaar-1000-3-jalgrattaparkla-bicycle-parking-web-scaled.jpg\",\"contentUrl\":\"https:\/\/extery.com\/wp-content\/uploads\/2023\/04\/Kaar-1000-3-jalgrattaparkla-bicycle-parking-web-scaled.jpg\",\"width\":2560,\"height\":1707},{\"@type\":\"BreadcrumbList\",\"@id\":\"https:\/\/extery.com\/lv\/produkti\/velo-stavvieta-kaar\/#breadcrumb\",\"itemListElement\":[{\"@type\":\"ListItem\",\"position\":1,\"name\":\"Home\",\"item\":\"https:\/\/extery.com\/lv\/\"},{\"@type\":\"ListItem\",\"position\":2,\"name\":\"Produkti\",\"item\":\"https:\/\/extery.com\/lv\/produkti\/\"},{\"@type\":\"ListItem\",\"position\":3,\"name\":\"velonovietne Kaar\"}]},{\"@type\":\"WebSite\",\"@id\":\"https:\/\/extery.com\/lv\/#website\",\"url\":\"https:\/\/extery.com\/lv\/\",\"name\":\"Extery\",\"description\":\"\",\"publisher\":{\"@id\":\"https:\/\/extery.com\/lv\/#organization\"},\"potentialAction\":[{\"@type\":\"SearchAction\",\"target\":{\"@type\":\"EntryPoint\",\"urlTemplate\":\"https:\/\/extery.com\/lv\/?s={search_term_string}\"},\"query-input\":{\"@type\":\"PropertyValueSpecification\",\"valueRequired\":true,\"valueName\":\"search_term_string\"}}],\"inLanguage\":\"lv-LV\"},{\"@type\":\"Organization\",\"@id\":\"https:\/\/extery.com\/lv\/#organization\",\"name\":\"Extery\",\"url\":\"https:\/\/extery.com\/lv\/\",\"logo\":{\"@type\":\"ImageObject\",\"inLanguage\":\"lv-LV\",\"@id\":\"https:\/\/extery.com\/lv\/#\/schema\/logo\/image\/\",\"url\":\"https:\/\/extery.com\/wp-content\/uploads\/2023\/11\/footer-logo.svg\",\"contentUrl\":\"https:\/\/extery.com\/wp-content\/uploads\/2023\/11\/footer-logo.svg\",\"caption\":\"Extery\"},\"image\":{\"@id\":\"https:\/\/extery.com\/lv\/#\/schema\/logo\/image\/\"}}]}<\/script>\n<!-- \/ Yoast SEO plugin. -->","yoast_head_json":{"title":"velonovietne Kaar - Extery velo st\u0101vvieta no pils\u0113tas elementu kolekcijas","description":"Velo tur\u0113t\u0101js Kaar ir vienk\u0101r\u0161as formas, bet iztur\u012bgs, piem\u0113rots ar\u012b k\u0101 ce\u013ca barjera. T\u012brs siluets, kas izvirz\u012bts no zemes, un minim\u0101lisma forma vienm\u0113r ir bezkompromisa.","robots":{"index":"index","follow":"follow","max-snippet":"max-snippet:-1","max-image-preview":"max-image-preview:large","max-video-preview":"max-video-preview:-1"},"canonical":"https:\/\/extery.com\/lv\/produkti\/velo-stavvieta-kaar\/","og_locale":"lv_LV","og_type":"article","og_title":"velonovietne Kaar - Extery velo st\u0101vvieta no pils\u0113tas elementu kolekcijas","og_description":"Velo tur\u0113t\u0101js Kaar ir vienk\u0101r\u0161as formas, bet iztur\u012bgs, piem\u0113rots ar\u012b k\u0101 ce\u013ca barjera. T\u012brs siluets, kas izvirz\u012bts no zemes, un minim\u0101lisma forma vienm\u0113r ir bezkompromisa.","og_url":"https:\/\/extery.com\/lv\/produkti\/velo-stavvieta-kaar\/","og_site_name":"Extery","article_modified_time":"2026-03-19T11:20:03+00:00","og_image":[{"width":2560,"height":1707,"url":"https:\/\/extery.com\/wp-content\/uploads\/2023\/04\/Kaar-1000-3-jalgrattaparkla-bicycle-parking-web-scaled.jpg","type":"image\/jpeg"}],"twitter_card":"summary_large_image","twitter_misc":{"Est. reading time":"1 minute"},"schema":{"@context":"https:\/\/schema.org","@graph":[{"@type":"WebPage","@id":"https:\/\/extery.com\/lv\/produkti\/velo-stavvieta-kaar\/","url":"https:\/\/extery.com\/lv\/produkti\/velo-stavvieta-kaar\/","name":"velonovietne Kaar - Extery velo st\u0101vvieta no pils\u0113tas elementu kolekcijas","isPartOf":{"@id":"https:\/\/extery.com\/lv\/#website"},"primaryImageOfPage":{"@id":"https:\/\/extery.com\/lv\/produkti\/velo-stavvieta-kaar\/#primaryimage"},"image":{"@id":"https:\/\/extery.com\/lv\/produkti\/velo-stavvieta-kaar\/#primaryimage"},"thumbnailUrl":"https:\/\/extery.com\/wp-content\/uploads\/2023\/04\/Kaar-1000-3-jalgrattaparkla-bicycle-parking-web-scaled.jpg","datePublished":"2023-04-21T09:53:41+00:00","dateModified":"2026-03-19T11:20:03+00:00","description":"Velo tur\u0113t\u0101js Kaar ir vienk\u0101r\u0161as formas, bet iztur\u012bgs, piem\u0113rots ar\u012b k\u0101 ce\u013ca barjera. T\u012brs siluets, kas izvirz\u012bts no zemes, un minim\u0101lisma forma vienm\u0113r ir bezkompromisa.","breadcrumb":{"@id":"https:\/\/extery.com\/lv\/produkti\/velo-stavvieta-kaar\/#breadcrumb"},"inLanguage":"lv-LV","potentialAction":[{"@type":"ReadAction","target":["https:\/\/extery.com\/lv\/produkti\/velo-stavvieta-kaar\/"]}]},{"@type":"ImageObject","inLanguage":"lv-LV","@id":"https:\/\/extery.com\/lv\/produkti\/velo-stavvieta-kaar\/#primaryimage","url":"https:\/\/extery.com\/wp-content\/uploads\/2023\/04\/Kaar-1000-3-jalgrattaparkla-bicycle-parking-web-scaled.jpg","contentUrl":"https:\/\/extery.com\/wp-content\/uploads\/2023\/04\/Kaar-1000-3-jalgrattaparkla-bicycle-parking-web-scaled.jpg","width":2560,"height":1707},{"@type":"BreadcrumbList","@id":"https:\/\/extery.com\/lv\/produkti\/velo-stavvieta-kaar\/#breadcrumb","itemListElement":[{"@type":"ListItem","position":1,"name":"Home","item":"https:\/\/extery.com\/lv\/"},{"@type":"ListItem","position":2,"name":"Produkti","item":"https:\/\/extery.com\/lv\/produkti\/"},{"@type":"ListItem","position":3,"name":"velonovietne Kaar"}]},{"@type":"WebSite","@id":"https:\/\/extery.com\/lv\/#website","url":"https:\/\/extery.com\/lv\/","name":"Extery","description":"","publisher":{"@id":"https:\/\/extery.com\/lv\/#organization"},"potentialAction":[{"@type":"SearchAction","target":{"@type":"EntryPoint","urlTemplate":"https:\/\/extery.com\/lv\/?s={search_term_string}"},"query-input":{"@type":"PropertyValueSpecification","valueRequired":true,"valueName":"search_term_string"}}],"inLanguage":"lv-LV"},{"@type":"Organization","@id":"https:\/\/extery.com\/lv\/#organization","name":"Extery","url":"https:\/\/extery.com\/lv\/","logo":{"@type":"ImageObject","inLanguage":"lv-LV","@id":"https:\/\/extery.com\/lv\/#\/schema\/logo\/image\/","url":"https:\/\/extery.com\/wp-content\/uploads\/2023\/11\/footer-logo.svg","contentUrl":"https:\/\/extery.com\/wp-content\/uploads\/2023\/11\/footer-logo.svg","caption":"Extery"},"image":{"@id":"https:\/\/extery.com\/lv\/#\/schema\/logo\/image\/"}}]}},"_links":{"self":[{"href":"https:\/\/extery.com\/lv\/wp-json\/wp\/v2\/product\/23064","targetHints":{"allow":["GET"]}}],"collection":[{"href":"https:\/\/extery.com\/lv\/wp-json\/wp\/v2\/product"}],"about":[{"href":"https:\/\/extery.com\/lv\/wp-json\/wp\/v2\/types\/product"}],"replies":[{"embeddable":true,"href":"https:\/\/extery.com\/lv\/wp-json\/wp\/v2\/comments?post=23064"}],"wp:featuredmedia":[{"embeddable":true,"href":"https:\/\/extery.com\/lv\/wp-json\/wp\/v2\/media\/23113"}],"wp:attachment":[{"href":"https:\/\/extery.com\/lv\/wp-json\/wp\/v2\/media?parent=23064"}],"wp:term":[{"taxonomy":"product_brand","embeddable":true,"href":"https:\/\/extery.com\/lv\/wp-json\/wp\/v2\/product_brand?post=23064"},{"taxonomy":"product_cat","embeddable":true,"href":"https:\/\/extery.com\/lv\/wp-json\/wp\/v2\/product_cat?post=23064"},{"taxonomy":"product_tag","embeddable":true,"href":"https:\/\/extery.com\/lv\/wp-json\/wp\/v2\/product_tag?post=23064"}],"curies":[{"name":"wp","href":"https:\/\/api.w.org\/{rel}","templated":true}]}}