{"id":25054,"date":"2023-05-31T10:50:50","date_gmt":"2023-05-31T10:50:50","guid":{"rendered":"https:\/\/extery.com\/?post_type=product&#038;p=25054"},"modified":"2026-04-07T13:02:11","modified_gmt":"2026-04-07T13:02:11","slug":"sols-veer","status":"publish","type":"product","link":"https:\/\/extery.com\/lv\/produkti\/sols-veer\/","title":{"rendered":"sols Veer"},"content":{"rendered":"<p>Parka sols Veer &#8211; funkcion\u0101li skaidrs, viegls un gais\u012bgs dizains ir piem\u0113rots k\u0101 j\u016bt\u012bgs papildin\u0101jums arhitekt\u016brai vai pat\u012bkama kontrasta nodro\u0161in\u0101jums uz dabiska fona.<\/p>\n<p>Dizains, kas v\u0113rsts uz lietot\u0101ja komfortu, pied\u0101v\u0101 vair\u0101kas da\u017e\u0101das un \u0113rtas poz\u012bcijas tiem, kas atp\u016b\u0161as uz soli\u0146a. Veer kr\u0113sla at\u0161\u0137ir\u012bg\u0101 iez\u012bme ir horizont\u0101l\u0101 virsma t\u0101 atzveltnes gal\u0101. T\u0101 ir novietots tie\u0161i vajadz\u012bgaj\u0101 augstum\u0101, lai atbalst\u012btu j\u016bsu roku, novietot t\u0101lruni, gr\u0101matu vai kafijas tasi. Turkl\u0101t Veer dizain\u0101 ir izmantotas apa\u013cas cauru\u013cveida formas, kas atg\u0101dina dz\u012bvojam\u0101s istabas d\u012bv\u0101na formu un pie\u0161\u0137ir publiskajai telpai m\u0101j\u012bgu komfortu. Veer ienes dz\u012bv\u012bbu ikvien\u0101 publiskaj\u0101 telp\u0101, radot dinamiskas un dz\u012bv\u012bgas vietas.<\/p>\n<p>Veer grupas produkti pieejami trijos standarta platumos: klasiskais parka sola platums, kuram Veer rakstur\u012bg\u0101s formas d\u0113\u013c ir d\u012bv\u0101na efekts; atp\u016btas kr\u0113sla platums, kas pied\u0101v\u0101 daudzpus\u012bgas iesp\u0113jas m\u0113be\u013cu novieto\u0161anai ainav\u0101; un vid\u0113jais twin platums, kas ir ide\u0101li piem\u0113rots izple\u0161oties vienatn\u0113 pa visa kr\u0113sla plat\u012bbu, gan nosl\u0113pumu dal\u012b\u0161anai ar m\u012b\u013coto.<\/p>\n<p>\u0100r\u0113j\u0101s pils\u0113tas m\u0113beles pal\u012bdz rad\u012bt dz\u012bv\u012bgas \u0101ra telpas, ienesot dz\u012bv\u012bbu un dzirksti jebkur\u0101 publiskaj\u0101 telp\u0101. Parka soli\u0146\u0161 Veer pied\u0101v\u0101 tie\u0161i to &#8220;kaut ko&#8221;, lai padar\u012btu publisko telpu atrakt\u012bv\u0101ku un aicino\u0161\u0101ku.<\/p>\n","protected":false},"excerpt":{"rendered":"<p>Parka sols Veer &#8211; funkcion\u0101li skaidrs, viegls un gais\u012bgs dizains ir piem\u0113rots k\u0101 j\u016bt\u012bgs papildin\u0101jums arhitekt\u016brai vai pat\u012bkama kontrasta nodro\u0161in\u0101jums uz dabiska fona. Dizains, kas v\u0113rsts uz lietot\u0101ja komfortu, pied\u0101v\u0101 vair\u0101kas da\u017e\u0101das un \u0113rtas poz\u012bcijas tiem, kas atp\u016b\u0161as uz soli\u0146a. Veer kr\u0113sla at\u0161\u0137ir\u012bg\u0101 iez\u012bme ir horizont\u0101l\u0101 virsma t\u0101 atzveltnes gal\u0101. T\u0101 ir novietots tie\u0161i vajadz\u012bgaj\u0101 [&hellip;]<\/p>\n","protected":false},"featured_media":55664,"comment_status":"open","ping_status":"closed","template":"","meta":{"_acf_changed":false},"product_brand":[],"product_cat":[98],"product_tag":[],"class_list":{"0":"post-25054","1":"product","2":"type-product","3":"status-publish","4":"has-post-thumbnail","6":"product_cat-solini-ar-atzveltnem-lv","7":"product-family-veer-lv","9":"first","10":"instock","11":"shipping-taxable","12":"product-type-simple"},"acf":[],"yoast_head":"<!-- This site is optimized with the Yoast SEO plugin v26.4 - https:\/\/yoast.com\/wordpress\/plugins\/seo\/ -->\n<title>sols Veer - Extery linnam\u00f6\u00f6bli kollektsiooni pargipink<\/title>\n<meta name=\"description\" content=\"Sols Veer ir funkcion\u0101li skaidrs, viegls un gais\u012bgs dizains ir piem\u0113rots k\u0101 j\u016bt\u012bgs papildin\u0101jums arhitekt\u016brai vai pat\u012bkama kontrasta nodro\u0161in\u0101jums uz dabiska fona.\" \/>\n<meta name=\"robots\" content=\"index, follow, max-snippet:-1, max-image-preview:large, max-video-preview:-1\" \/>\n<link rel=\"canonical\" href=\"https:\/\/extery.com\/lv\/produkti\/sols-veer\/\" \/>\n<meta property=\"og:locale\" content=\"lv_LV\" \/>\n<meta property=\"og:type\" content=\"article\" \/>\n<meta property=\"og:title\" content=\"sols Veer - Extery linnam\u00f6\u00f6bli kollektsiooni pargipink\" \/>\n<meta property=\"og:description\" content=\"Sols Veer ir funkcion\u0101li skaidrs, viegls un gais\u012bgs dizains ir piem\u0113rots k\u0101 j\u016bt\u012bgs papildin\u0101jums arhitekt\u016brai vai pat\u012bkama kontrasta nodro\u0161in\u0101jums uz dabiska fona.\" \/>\n<meta property=\"og:url\" content=\"https:\/\/extery.com\/lv\/produkti\/sols-veer\/\" \/>\n<meta property=\"og:site_name\" content=\"Extery\" \/>\n<meta property=\"article:modified_time\" content=\"2026-04-07T13:02:11+00:00\" \/>\n<meta property=\"og:image\" content=\"https:\/\/extery.com\/wp-content\/uploads\/2026\/01\/Veer-2000-roosa-v1_jt2-EXTERY-urban-furniture-park-bench-pargipink-puistonpenkki-sols.jpg\" \/>\n\t<meta property=\"og:image:width\" content=\"1440\" \/>\n\t<meta property=\"og:image:height\" content=\"960\" \/>\n\t<meta property=\"og:image:type\" content=\"image\/jpeg\" \/>\n<meta name=\"twitter:card\" content=\"summary_large_image\" \/>\n<meta name=\"twitter:label1\" content=\"Est. reading time\" \/>\n\t<meta name=\"twitter:data1\" content=\"2 minutes\" \/>\n<script type=\"application\/ld+json\" class=\"yoast-schema-graph\">{\"@context\":\"https:\/\/schema.org\",\"@graph\":[{\"@type\":\"WebPage\",\"@id\":\"https:\/\/extery.com\/lv\/produkti\/sols-veer\/\",\"url\":\"https:\/\/extery.com\/lv\/produkti\/sols-veer\/\",\"name\":\"sols Veer - Extery linnam\u00f6\u00f6bli kollektsiooni pargipink\",\"isPartOf\":{\"@id\":\"https:\/\/extery.com\/lv\/#website\"},\"primaryImageOfPage\":{\"@id\":\"https:\/\/extery.com\/lv\/produkti\/sols-veer\/#primaryimage\"},\"image\":{\"@id\":\"https:\/\/extery.com\/lv\/produkti\/sols-veer\/#primaryimage\"},\"thumbnailUrl\":\"https:\/\/extery.com\/wp-content\/uploads\/2026\/01\/Veer-2000-roosa-v1_jt2-EXTERY-urban-furniture-park-bench-pargipink-puistonpenkki-sols.jpg\",\"datePublished\":\"2023-05-31T10:50:50+00:00\",\"dateModified\":\"2026-04-07T13:02:11+00:00\",\"description\":\"Sols Veer ir funkcion\u0101li skaidrs, viegls un gais\u012bgs dizains ir piem\u0113rots k\u0101 j\u016bt\u012bgs papildin\u0101jums arhitekt\u016brai vai pat\u012bkama kontrasta nodro\u0161in\u0101jums uz dabiska fona.\",\"breadcrumb\":{\"@id\":\"https:\/\/extery.com\/lv\/produkti\/sols-veer\/#breadcrumb\"},\"inLanguage\":\"lv-LV\",\"potentialAction\":[{\"@type\":\"ReadAction\",\"target\":[\"https:\/\/extery.com\/lv\/produkti\/sols-veer\/\"]}]},{\"@type\":\"ImageObject\",\"inLanguage\":\"lv-LV\",\"@id\":\"https:\/\/extery.com\/lv\/produkti\/sols-veer\/#primaryimage\",\"url\":\"https:\/\/extery.com\/wp-content\/uploads\/2026\/01\/Veer-2000-roosa-v1_jt2-EXTERY-urban-furniture-park-bench-pargipink-puistonpenkki-sols.jpg\",\"contentUrl\":\"https:\/\/extery.com\/wp-content\/uploads\/2026\/01\/Veer-2000-roosa-v1_jt2-EXTERY-urban-furniture-park-bench-pargipink-puistonpenkki-sols.jpg\",\"width\":1440,\"height\":960},{\"@type\":\"BreadcrumbList\",\"@id\":\"https:\/\/extery.com\/lv\/produkti\/sols-veer\/#breadcrumb\",\"itemListElement\":[{\"@type\":\"ListItem\",\"position\":1,\"name\":\"Home\",\"item\":\"https:\/\/extery.com\/lv\/\"},{\"@type\":\"ListItem\",\"position\":2,\"name\":\"Produkti\",\"item\":\"https:\/\/extery.com\/lv\/produkti\/\"},{\"@type\":\"ListItem\",\"position\":3,\"name\":\"sols Veer\"}]},{\"@type\":\"WebSite\",\"@id\":\"https:\/\/extery.com\/lv\/#website\",\"url\":\"https:\/\/extery.com\/lv\/\",\"name\":\"Extery\",\"description\":\"\",\"publisher\":{\"@id\":\"https:\/\/extery.com\/lv\/#organization\"},\"potentialAction\":[{\"@type\":\"SearchAction\",\"target\":{\"@type\":\"EntryPoint\",\"urlTemplate\":\"https:\/\/extery.com\/lv\/?s={search_term_string}\"},\"query-input\":{\"@type\":\"PropertyValueSpecification\",\"valueRequired\":true,\"valueName\":\"search_term_string\"}}],\"inLanguage\":\"lv-LV\"},{\"@type\":\"Organization\",\"@id\":\"https:\/\/extery.com\/lv\/#organization\",\"name\":\"Extery\",\"url\":\"https:\/\/extery.com\/lv\/\",\"logo\":{\"@type\":\"ImageObject\",\"inLanguage\":\"lv-LV\",\"@id\":\"https:\/\/extery.com\/lv\/#\/schema\/logo\/image\/\",\"url\":\"https:\/\/extery.com\/wp-content\/uploads\/2023\/11\/footer-logo.svg\",\"contentUrl\":\"https:\/\/extery.com\/wp-content\/uploads\/2023\/11\/footer-logo.svg\",\"caption\":\"Extery\"},\"image\":{\"@id\":\"https:\/\/extery.com\/lv\/#\/schema\/logo\/image\/\"}}]}<\/script>\n<!-- \/ Yoast SEO plugin. -->","yoast_head_json":{"title":"sols Veer - Extery linnam\u00f6\u00f6bli kollektsiooni pargipink","description":"Sols Veer ir funkcion\u0101li skaidrs, viegls un gais\u012bgs dizains ir piem\u0113rots k\u0101 j\u016bt\u012bgs papildin\u0101jums arhitekt\u016brai vai pat\u012bkama kontrasta nodro\u0161in\u0101jums uz dabiska fona.","robots":{"index":"index","follow":"follow","max-snippet":"max-snippet:-1","max-image-preview":"max-image-preview:large","max-video-preview":"max-video-preview:-1"},"canonical":"https:\/\/extery.com\/lv\/produkti\/sols-veer\/","og_locale":"lv_LV","og_type":"article","og_title":"sols Veer - Extery linnam\u00f6\u00f6bli kollektsiooni pargipink","og_description":"Sols Veer ir funkcion\u0101li skaidrs, viegls un gais\u012bgs dizains ir piem\u0113rots k\u0101 j\u016bt\u012bgs papildin\u0101jums arhitekt\u016brai vai pat\u012bkama kontrasta nodro\u0161in\u0101jums uz dabiska fona.","og_url":"https:\/\/extery.com\/lv\/produkti\/sols-veer\/","og_site_name":"Extery","article_modified_time":"2026-04-07T13:02:11+00:00","og_image":[{"width":1440,"height":960,"url":"https:\/\/extery.com\/wp-content\/uploads\/2026\/01\/Veer-2000-roosa-v1_jt2-EXTERY-urban-furniture-park-bench-pargipink-puistonpenkki-sols.jpg","type":"image\/jpeg"}],"twitter_card":"summary_large_image","twitter_misc":{"Est. reading time":"2 minutes"},"schema":{"@context":"https:\/\/schema.org","@graph":[{"@type":"WebPage","@id":"https:\/\/extery.com\/lv\/produkti\/sols-veer\/","url":"https:\/\/extery.com\/lv\/produkti\/sols-veer\/","name":"sols Veer - Extery linnam\u00f6\u00f6bli kollektsiooni pargipink","isPartOf":{"@id":"https:\/\/extery.com\/lv\/#website"},"primaryImageOfPage":{"@id":"https:\/\/extery.com\/lv\/produkti\/sols-veer\/#primaryimage"},"image":{"@id":"https:\/\/extery.com\/lv\/produkti\/sols-veer\/#primaryimage"},"thumbnailUrl":"https:\/\/extery.com\/wp-content\/uploads\/2026\/01\/Veer-2000-roosa-v1_jt2-EXTERY-urban-furniture-park-bench-pargipink-puistonpenkki-sols.jpg","datePublished":"2023-05-31T10:50:50+00:00","dateModified":"2026-04-07T13:02:11+00:00","description":"Sols Veer ir funkcion\u0101li skaidrs, viegls un gais\u012bgs dizains ir piem\u0113rots k\u0101 j\u016bt\u012bgs papildin\u0101jums arhitekt\u016brai vai pat\u012bkama kontrasta nodro\u0161in\u0101jums uz dabiska fona.","breadcrumb":{"@id":"https:\/\/extery.com\/lv\/produkti\/sols-veer\/#breadcrumb"},"inLanguage":"lv-LV","potentialAction":[{"@type":"ReadAction","target":["https:\/\/extery.com\/lv\/produkti\/sols-veer\/"]}]},{"@type":"ImageObject","inLanguage":"lv-LV","@id":"https:\/\/extery.com\/lv\/produkti\/sols-veer\/#primaryimage","url":"https:\/\/extery.com\/wp-content\/uploads\/2026\/01\/Veer-2000-roosa-v1_jt2-EXTERY-urban-furniture-park-bench-pargipink-puistonpenkki-sols.jpg","contentUrl":"https:\/\/extery.com\/wp-content\/uploads\/2026\/01\/Veer-2000-roosa-v1_jt2-EXTERY-urban-furniture-park-bench-pargipink-puistonpenkki-sols.jpg","width":1440,"height":960},{"@type":"BreadcrumbList","@id":"https:\/\/extery.com\/lv\/produkti\/sols-veer\/#breadcrumb","itemListElement":[{"@type":"ListItem","position":1,"name":"Home","item":"https:\/\/extery.com\/lv\/"},{"@type":"ListItem","position":2,"name":"Produkti","item":"https:\/\/extery.com\/lv\/produkti\/"},{"@type":"ListItem","position":3,"name":"sols Veer"}]},{"@type":"WebSite","@id":"https:\/\/extery.com\/lv\/#website","url":"https:\/\/extery.com\/lv\/","name":"Extery","description":"","publisher":{"@id":"https:\/\/extery.com\/lv\/#organization"},"potentialAction":[{"@type":"SearchAction","target":{"@type":"EntryPoint","urlTemplate":"https:\/\/extery.com\/lv\/?s={search_term_string}"},"query-input":{"@type":"PropertyValueSpecification","valueRequired":true,"valueName":"search_term_string"}}],"inLanguage":"lv-LV"},{"@type":"Organization","@id":"https:\/\/extery.com\/lv\/#organization","name":"Extery","url":"https:\/\/extery.com\/lv\/","logo":{"@type":"ImageObject","inLanguage":"lv-LV","@id":"https:\/\/extery.com\/lv\/#\/schema\/logo\/image\/","url":"https:\/\/extery.com\/wp-content\/uploads\/2023\/11\/footer-logo.svg","contentUrl":"https:\/\/extery.com\/wp-content\/uploads\/2023\/11\/footer-logo.svg","caption":"Extery"},"image":{"@id":"https:\/\/extery.com\/lv\/#\/schema\/logo\/image\/"}}]}},"_links":{"self":[{"href":"https:\/\/extery.com\/lv\/wp-json\/wp\/v2\/product\/25054","targetHints":{"allow":["GET"]}}],"collection":[{"href":"https:\/\/extery.com\/lv\/wp-json\/wp\/v2\/product"}],"about":[{"href":"https:\/\/extery.com\/lv\/wp-json\/wp\/v2\/types\/product"}],"replies":[{"embeddable":true,"href":"https:\/\/extery.com\/lv\/wp-json\/wp\/v2\/comments?post=25054"}],"wp:featuredmedia":[{"embeddable":true,"href":"https:\/\/extery.com\/lv\/wp-json\/wp\/v2\/media\/55664"}],"wp:attachment":[{"href":"https:\/\/extery.com\/lv\/wp-json\/wp\/v2\/media?parent=25054"}],"wp:term":[{"taxonomy":"product_brand","embeddable":true,"href":"https:\/\/extery.com\/lv\/wp-json\/wp\/v2\/product_brand?post=25054"},{"taxonomy":"product_cat","embeddable":true,"href":"https:\/\/extery.com\/lv\/wp-json\/wp\/v2\/product_cat?post=25054"},{"taxonomy":"product_tag","embeddable":true,"href":"https:\/\/extery.com\/lv\/wp-json\/wp\/v2\/product_tag?post=25054"}],"curies":[{"name":"wp","href":"https:\/\/api.w.org\/{rel}","templated":true}]}}