{"id":25804,"date":"2023-06-08T10:39:48","date_gmt":"2023-06-08T10:39:48","guid":{"rendered":"https:\/\/extery.com\/?post_type=product&#038;p=25804"},"modified":"2026-04-13T12:07:06","modified_gmt":"2026-04-13T12:07:06","slug":"augu-kaste-jada","status":"publish","type":"product","link":"https:\/\/extery.com\/lv\/produkti\/augu-kaste-jada\/","title":{"rendered":"Augu kaste Jada"},"content":{"rendered":"<p>Augu kaste Jada pal\u012bdz veidot omul\u012bgus za\u013cus st\u016br\u012b\u0161us pils\u0113ttelp\u0101 tie\u0161i ar dv\u0113seles k\u0101roto ritmu un apjomu, jo ir pieejami tr\u012bs da\u017e\u0101di izm\u0113ri, kas \u013cauj telpai pieiet elast\u012bgi un rado\u0161i.<\/p>\n<p>Augu kastes korpuss un r\u0101mis ir izgatavots no karsti cinkotas t\u0113rauda loksnes, kas ir pr\u0101klatas ar pulvera kr\u0101sojumu, kas padara produktu \u012bpa\u0161i iztur\u012bgu pret mitrumu un main\u012bgajiem laikapst\u0101k\u013ciem. Dabisko \u0161armu un maigumu pie\u0161\u0137ir kvalitat\u012bvais bez zaru koka d\u0113\u013cu \u0101r\u0113jais ap\u0161uvums. Ar Jada augu kasti j\u016bs varat ienest dabas un siltuma da\u013ci\u0146u pat v\u0113saj\u0101 arhitekt\u016br\u0101.<\/p>\n<p>Jada augu kaste ir viens no pla\u0161\u0101k\u0101s Jada kolekcijas elementiem, kur\u0101 ietilpst ar\u012b da\u017e\u0101di parka soli\u0146u modu\u013ci, ar kuriem iesp\u0113jams rad\u012bt bezgala aizraujo\u0161us risin\u0101jumus ikvienai pils\u0113ttelpai.<\/p>\n","protected":false},"excerpt":{"rendered":"<p>Augu kaste Jada pal\u012bdz veidot omul\u012bgus za\u013cus st\u016br\u012b\u0161us pils\u0113ttelp\u0101 tie\u0161i ar dv\u0113seles k\u0101roto ritmu un apjomu, jo ir pieejami tr\u012bs da\u017e\u0101di izm\u0113ri, kas \u013cauj telpai pieiet elast\u012bgi un rado\u0161i. Augu kastes korpuss un r\u0101mis ir izgatavots no karsti cinkotas t\u0113rauda loksnes, kas ir pr\u0101klatas ar pulvera kr\u0101sojumu, kas padara produktu \u012bpa\u0161i iztur\u012bgu pret mitrumu un [&hellip;]<\/p>\n","protected":false},"featured_media":25889,"comment_status":"open","ping_status":"closed","template":"","meta":{"_acf_changed":false},"product_brand":[],"product_cat":[124],"product_tag":[],"class_list":{"0":"post-25804","1":"product","2":"type-product","3":"status-publish","4":"has-post-thumbnail","6":"product_cat-pilsetas-telpas-elementi-lv","7":"product-family-jada-lv","9":"first","10":"instock","11":"shipping-taxable","12":"product-type-simple"},"acf":[],"yoast_head":"<!-- This site is optimized with the Yoast SEO plugin v26.4 - https:\/\/yoast.com\/wordpress\/plugins\/seo\/ -->\n<title>Augu kaste Jada - Extery augu kaste no pils\u0113tas m\u0113be\u013cu kolekcijas<\/title>\n<meta name=\"description\" content=\"Jada augu kastei ir vienk\u0101r\u0161a forma un stils, kas \u013cauj izveidot m\u0101j\u012bgus za\u013cus st\u016br\u012b\u0161us pils\u0113tvid\u0113.\" \/>\n<meta name=\"robots\" content=\"index, follow, max-snippet:-1, max-image-preview:large, max-video-preview:-1\" \/>\n<link rel=\"canonical\" href=\"https:\/\/extery.com\/lv\/produkti\/augu-kaste-jada\/\" \/>\n<meta property=\"og:locale\" content=\"lv_LV\" \/>\n<meta property=\"og:type\" content=\"article\" \/>\n<meta property=\"og:title\" content=\"Augu kaste Jada - Extery augu kaste no pils\u0113tas m\u0113be\u013cu kolekcijas\" \/>\n<meta property=\"og:description\" content=\"Jada augu kastei ir vienk\u0101r\u0161a forma un stils, kas \u013cauj izveidot m\u0101j\u012bgus za\u013cus st\u016br\u012b\u0161us pils\u0113tvid\u0113.\" \/>\n<meta property=\"og:url\" content=\"https:\/\/extery.com\/lv\/produkti\/augu-kaste-jada\/\" \/>\n<meta property=\"og:site_name\" content=\"Extery\" \/>\n<meta property=\"article:modified_time\" content=\"2026-04-13T12:07:06+00:00\" \/>\n<meta property=\"og:image\" content=\"https:\/\/extery.com\/wp-content\/uploads\/2023\/06\/EXtery-Jada-planter-plants.jpg\" \/>\n\t<meta property=\"og:image:width\" content=\"1875\" \/>\n\t<meta property=\"og:image:height\" content=\"1250\" \/>\n\t<meta property=\"og:image:type\" content=\"image\/jpeg\" \/>\n<meta name=\"twitter:card\" content=\"summary_large_image\" \/>\n<meta name=\"twitter:label1\" content=\"Est. reading time\" \/>\n\t<meta name=\"twitter:data1\" content=\"1 minute\" \/>\n<script type=\"application\/ld+json\" class=\"yoast-schema-graph\">{\"@context\":\"https:\/\/schema.org\",\"@graph\":[{\"@type\":\"WebPage\",\"@id\":\"https:\/\/extery.com\/lv\/produkti\/augu-kaste-jada\/\",\"url\":\"https:\/\/extery.com\/lv\/produkti\/augu-kaste-jada\/\",\"name\":\"Augu kaste Jada - Extery augu kaste no pils\u0113tas m\u0113be\u013cu kolekcijas\",\"isPartOf\":{\"@id\":\"https:\/\/extery.com\/lv\/#website\"},\"primaryImageOfPage\":{\"@id\":\"https:\/\/extery.com\/lv\/produkti\/augu-kaste-jada\/#primaryimage\"},\"image\":{\"@id\":\"https:\/\/extery.com\/lv\/produkti\/augu-kaste-jada\/#primaryimage\"},\"thumbnailUrl\":\"https:\/\/extery.com\/wp-content\/uploads\/2023\/06\/EXtery-Jada-planter-plants.jpg\",\"datePublished\":\"2023-06-08T10:39:48+00:00\",\"dateModified\":\"2026-04-13T12:07:06+00:00\",\"description\":\"Jada augu kastei ir vienk\u0101r\u0161a forma un stils, kas \u013cauj izveidot m\u0101j\u012bgus za\u013cus st\u016br\u012b\u0161us pils\u0113tvid\u0113.\",\"breadcrumb\":{\"@id\":\"https:\/\/extery.com\/lv\/produkti\/augu-kaste-jada\/#breadcrumb\"},\"inLanguage\":\"lv-LV\",\"potentialAction\":[{\"@type\":\"ReadAction\",\"target\":[\"https:\/\/extery.com\/lv\/produkti\/augu-kaste-jada\/\"]}]},{\"@type\":\"ImageObject\",\"inLanguage\":\"lv-LV\",\"@id\":\"https:\/\/extery.com\/lv\/produkti\/augu-kaste-jada\/#primaryimage\",\"url\":\"https:\/\/extery.com\/wp-content\/uploads\/2023\/06\/EXtery-Jada-planter-plants.jpg\",\"contentUrl\":\"https:\/\/extery.com\/wp-content\/uploads\/2023\/06\/EXtery-Jada-planter-plants.jpg\",\"width\":1875,\"height\":1250},{\"@type\":\"BreadcrumbList\",\"@id\":\"https:\/\/extery.com\/lv\/produkti\/augu-kaste-jada\/#breadcrumb\",\"itemListElement\":[{\"@type\":\"ListItem\",\"position\":1,\"name\":\"Home\",\"item\":\"https:\/\/extery.com\/lv\/\"},{\"@type\":\"ListItem\",\"position\":2,\"name\":\"Produkti\",\"item\":\"https:\/\/extery.com\/lv\/produkti\/\"},{\"@type\":\"ListItem\",\"position\":3,\"name\":\"Augu kaste Jada\"}]},{\"@type\":\"WebSite\",\"@id\":\"https:\/\/extery.com\/lv\/#website\",\"url\":\"https:\/\/extery.com\/lv\/\",\"name\":\"Extery\",\"description\":\"\",\"publisher\":{\"@id\":\"https:\/\/extery.com\/lv\/#organization\"},\"potentialAction\":[{\"@type\":\"SearchAction\",\"target\":{\"@type\":\"EntryPoint\",\"urlTemplate\":\"https:\/\/extery.com\/lv\/?s={search_term_string}\"},\"query-input\":{\"@type\":\"PropertyValueSpecification\",\"valueRequired\":true,\"valueName\":\"search_term_string\"}}],\"inLanguage\":\"lv-LV\"},{\"@type\":\"Organization\",\"@id\":\"https:\/\/extery.com\/lv\/#organization\",\"name\":\"Extery\",\"url\":\"https:\/\/extery.com\/lv\/\",\"logo\":{\"@type\":\"ImageObject\",\"inLanguage\":\"lv-LV\",\"@id\":\"https:\/\/extery.com\/lv\/#\/schema\/logo\/image\/\",\"url\":\"https:\/\/extery.com\/wp-content\/uploads\/2023\/11\/footer-logo.svg\",\"contentUrl\":\"https:\/\/extery.com\/wp-content\/uploads\/2023\/11\/footer-logo.svg\",\"caption\":\"Extery\"},\"image\":{\"@id\":\"https:\/\/extery.com\/lv\/#\/schema\/logo\/image\/\"}}]}<\/script>\n<!-- \/ Yoast SEO plugin. -->","yoast_head_json":{"title":"Augu kaste Jada - Extery augu kaste no pils\u0113tas m\u0113be\u013cu kolekcijas","description":"Jada augu kastei ir vienk\u0101r\u0161a forma un stils, kas \u013cauj izveidot m\u0101j\u012bgus za\u013cus st\u016br\u012b\u0161us pils\u0113tvid\u0113.","robots":{"index":"index","follow":"follow","max-snippet":"max-snippet:-1","max-image-preview":"max-image-preview:large","max-video-preview":"max-video-preview:-1"},"canonical":"https:\/\/extery.com\/lv\/produkti\/augu-kaste-jada\/","og_locale":"lv_LV","og_type":"article","og_title":"Augu kaste Jada - Extery augu kaste no pils\u0113tas m\u0113be\u013cu kolekcijas","og_description":"Jada augu kastei ir vienk\u0101r\u0161a forma un stils, kas \u013cauj izveidot m\u0101j\u012bgus za\u013cus st\u016br\u012b\u0161us pils\u0113tvid\u0113.","og_url":"https:\/\/extery.com\/lv\/produkti\/augu-kaste-jada\/","og_site_name":"Extery","article_modified_time":"2026-04-13T12:07:06+00:00","og_image":[{"width":1875,"height":1250,"url":"https:\/\/extery.com\/wp-content\/uploads\/2023\/06\/EXtery-Jada-planter-plants.jpg","type":"image\/jpeg"}],"twitter_card":"summary_large_image","twitter_misc":{"Est. reading time":"1 minute"},"schema":{"@context":"https:\/\/schema.org","@graph":[{"@type":"WebPage","@id":"https:\/\/extery.com\/lv\/produkti\/augu-kaste-jada\/","url":"https:\/\/extery.com\/lv\/produkti\/augu-kaste-jada\/","name":"Augu kaste Jada - Extery augu kaste no pils\u0113tas m\u0113be\u013cu kolekcijas","isPartOf":{"@id":"https:\/\/extery.com\/lv\/#website"},"primaryImageOfPage":{"@id":"https:\/\/extery.com\/lv\/produkti\/augu-kaste-jada\/#primaryimage"},"image":{"@id":"https:\/\/extery.com\/lv\/produkti\/augu-kaste-jada\/#primaryimage"},"thumbnailUrl":"https:\/\/extery.com\/wp-content\/uploads\/2023\/06\/EXtery-Jada-planter-plants.jpg","datePublished":"2023-06-08T10:39:48+00:00","dateModified":"2026-04-13T12:07:06+00:00","description":"Jada augu kastei ir vienk\u0101r\u0161a forma un stils, kas \u013cauj izveidot m\u0101j\u012bgus za\u013cus st\u016br\u012b\u0161us pils\u0113tvid\u0113.","breadcrumb":{"@id":"https:\/\/extery.com\/lv\/produkti\/augu-kaste-jada\/#breadcrumb"},"inLanguage":"lv-LV","potentialAction":[{"@type":"ReadAction","target":["https:\/\/extery.com\/lv\/produkti\/augu-kaste-jada\/"]}]},{"@type":"ImageObject","inLanguage":"lv-LV","@id":"https:\/\/extery.com\/lv\/produkti\/augu-kaste-jada\/#primaryimage","url":"https:\/\/extery.com\/wp-content\/uploads\/2023\/06\/EXtery-Jada-planter-plants.jpg","contentUrl":"https:\/\/extery.com\/wp-content\/uploads\/2023\/06\/EXtery-Jada-planter-plants.jpg","width":1875,"height":1250},{"@type":"BreadcrumbList","@id":"https:\/\/extery.com\/lv\/produkti\/augu-kaste-jada\/#breadcrumb","itemListElement":[{"@type":"ListItem","position":1,"name":"Home","item":"https:\/\/extery.com\/lv\/"},{"@type":"ListItem","position":2,"name":"Produkti","item":"https:\/\/extery.com\/lv\/produkti\/"},{"@type":"ListItem","position":3,"name":"Augu kaste Jada"}]},{"@type":"WebSite","@id":"https:\/\/extery.com\/lv\/#website","url":"https:\/\/extery.com\/lv\/","name":"Extery","description":"","publisher":{"@id":"https:\/\/extery.com\/lv\/#organization"},"potentialAction":[{"@type":"SearchAction","target":{"@type":"EntryPoint","urlTemplate":"https:\/\/extery.com\/lv\/?s={search_term_string}"},"query-input":{"@type":"PropertyValueSpecification","valueRequired":true,"valueName":"search_term_string"}}],"inLanguage":"lv-LV"},{"@type":"Organization","@id":"https:\/\/extery.com\/lv\/#organization","name":"Extery","url":"https:\/\/extery.com\/lv\/","logo":{"@type":"ImageObject","inLanguage":"lv-LV","@id":"https:\/\/extery.com\/lv\/#\/schema\/logo\/image\/","url":"https:\/\/extery.com\/wp-content\/uploads\/2023\/11\/footer-logo.svg","contentUrl":"https:\/\/extery.com\/wp-content\/uploads\/2023\/11\/footer-logo.svg","caption":"Extery"},"image":{"@id":"https:\/\/extery.com\/lv\/#\/schema\/logo\/image\/"}}]}},"_links":{"self":[{"href":"https:\/\/extery.com\/lv\/wp-json\/wp\/v2\/product\/25804","targetHints":{"allow":["GET"]}}],"collection":[{"href":"https:\/\/extery.com\/lv\/wp-json\/wp\/v2\/product"}],"about":[{"href":"https:\/\/extery.com\/lv\/wp-json\/wp\/v2\/types\/product"}],"replies":[{"embeddable":true,"href":"https:\/\/extery.com\/lv\/wp-json\/wp\/v2\/comments?post=25804"}],"wp:featuredmedia":[{"embeddable":true,"href":"https:\/\/extery.com\/lv\/wp-json\/wp\/v2\/media\/25889"}],"wp:attachment":[{"href":"https:\/\/extery.com\/lv\/wp-json\/wp\/v2\/media?parent=25804"}],"wp:term":[{"taxonomy":"product_brand","embeddable":true,"href":"https:\/\/extery.com\/lv\/wp-json\/wp\/v2\/product_brand?post=25804"},{"taxonomy":"product_cat","embeddable":true,"href":"https:\/\/extery.com\/lv\/wp-json\/wp\/v2\/product_cat?post=25804"},{"taxonomy":"product_tag","embeddable":true,"href":"https:\/\/extery.com\/lv\/wp-json\/wp\/v2\/product_tag?post=25804"}],"curies":[{"name":"wp","href":"https:\/\/api.w.org\/{rel}","templated":true}]}}