{"id":3332,"date":"2020-11-11T10:12:14","date_gmt":"2020-11-11T10:12:14","guid":{"rendered":"https:\/\/extery.com\/?post_type=product&#038;p=3332"},"modified":"2026-04-07T11:47:01","modified_gmt":"2026-04-07T11:47:01","slug":"tava-parka-sols-solins","status":"publish","type":"product","link":"https:\/\/extery.com\/lv\/produkti\/tava-parka-sols-solins\/","title":{"rendered":"parka sols Tava, bez atzveltnes"},"content":{"rendered":"<p id=\"tw-target-text\" class=\"tw-data-text tw-text-large tw-ta\" dir=\"ltr\" data-placeholder=\"T\u00f5lge\"><span class=\"Y2IQFc\" lang=\"lv\">Parka sols TAVA ir rad\u012bts, lai tas atbilstu pils\u0113tvides arhitektoniskajai videi vai ar\u012b b\u016btu pievilc\u012bgs mier\u012bg\u0101 vid\u0113. Sp\u0113c\u012bgi un plati koka d\u0113li kop\u0101 ar gudru t\u0113rauda lok\u0161\u0146u materi\u0101la veido stabilu \u0161\u012b sola konstrukciju. Dizainera v\u012bzija ir rad\u012bjusi abstraktu, izsmalcin\u0101tu un aicino\u0161u formu, kas nodro\u0161ina dro\u0161u vietu p\u0101rdomu mirk\u013ciem tiem, kas staig\u0101 pa pils\u0113tu.<\/span><\/p>\n","protected":false},"excerpt":{"rendered":"<p>Parka sols TAVA ir rad\u012bts, lai tas atbilstu pils\u0113tvides arhitektoniskajai videi vai ar\u012b b\u016btu pievilc\u012bgs mier\u012bg\u0101 vid\u0113. Sp\u0113c\u012bgi un plati koka d\u0113li kop\u0101 ar gudru t\u0113rauda lok\u0161\u0146u materi\u0101la veido stabilu \u0161\u012b sola konstrukciju. Dizainera v\u012bzija ir rad\u012bjusi abstraktu, izsmalcin\u0101tu un aicino\u0161u formu, kas nodro\u0161ina dro\u0161u vietu p\u0101rdomu mirk\u013ciem tiem, kas staig\u0101 pa pils\u0113tu.<\/p>\n","protected":false},"featured_media":10551,"comment_status":"open","ping_status":"closed","template":"","meta":{"_acf_changed":false},"product_brand":[],"product_cat":[93],"product_tag":[],"class_list":{"0":"post-3332","1":"product","2":"type-product","3":"status-publish","4":"has-post-thumbnail","6":"product_cat-solini-bez-atzveltnem-lv","7":"product-family-tava-lv","9":"first","10":"instock","11":"shipping-taxable","12":"product-type-simple"},"acf":[],"yoast_head":"<!-- This site is optimized with the Yoast SEO plugin v26.4 - https:\/\/yoast.com\/wordpress\/plugins\/seo\/ -->\n<title>parka sols Tava, bez atzveltnes - Extery soli\u0146\u0161 no pils\u0113tas m\u0113belu kolekcijas<\/title>\n<meta name=\"description\" content=\"Soli\u0146\u0161 TAVA ir izveidots arhitektoniski pils\u0113tvid\u0113. Vai ar\u012b k\u0101 nianse mier\u012bgai videi. Abstrakta, izsmalcin\u0101ta un aicino\u0161a forma.\" \/>\n<meta name=\"robots\" content=\"index, follow, max-snippet:-1, max-image-preview:large, max-video-preview:-1\" \/>\n<link rel=\"canonical\" href=\"https:\/\/extery.com\/lv\/produkti\/tava-parka-sols-solins\/\" \/>\n<meta property=\"og:locale\" content=\"lv_LV\" \/>\n<meta property=\"og:type\" content=\"article\" \/>\n<meta property=\"og:title\" content=\"parka sols Tava, bez atzveltnes - Extery soli\u0146\u0161 no pils\u0113tas m\u0113belu kolekcijas\" \/>\n<meta property=\"og:description\" content=\"Soli\u0146\u0161 TAVA ir izveidots arhitektoniski pils\u0113tvid\u0113. Vai ar\u012b k\u0101 nianse mier\u012bgai videi. Abstrakta, izsmalcin\u0101ta un aicino\u0161a forma.\" \/>\n<meta property=\"og:url\" content=\"https:\/\/extery.com\/lv\/produkti\/tava-parka-sols-solins\/\" \/>\n<meta property=\"og:site_name\" content=\"Extery\" \/>\n<meta property=\"article:modified_time\" content=\"2026-04-07T11:47:01+00:00\" \/>\n<meta property=\"og:image\" content=\"https:\/\/extery.com\/wp-content\/uploads\/2021\/01\/tava-parkbench-pargipink-w-scaled.jpg\" \/>\n\t<meta property=\"og:image:width\" content=\"2560\" \/>\n\t<meta property=\"og:image:height\" content=\"1707\" \/>\n\t<meta property=\"og:image:type\" content=\"image\/jpeg\" \/>\n<meta name=\"twitter:card\" content=\"summary_large_image\" \/>\n<meta name=\"twitter:label1\" content=\"Est. reading time\" \/>\n\t<meta name=\"twitter:data1\" content=\"1 minute\" \/>\n<script type=\"application\/ld+json\" class=\"yoast-schema-graph\">{\"@context\":\"https:\/\/schema.org\",\"@graph\":[{\"@type\":\"WebPage\",\"@id\":\"https:\/\/extery.com\/lv\/produkti\/tava-parka-sols-solins\/\",\"url\":\"https:\/\/extery.com\/lv\/produkti\/tava-parka-sols-solins\/\",\"name\":\"parka sols Tava, bez atzveltnes - Extery soli\u0146\u0161 no pils\u0113tas m\u0113belu kolekcijas\",\"isPartOf\":{\"@id\":\"https:\/\/extery.com\/lv\/#website\"},\"primaryImageOfPage\":{\"@id\":\"https:\/\/extery.com\/lv\/produkti\/tava-parka-sols-solins\/#primaryimage\"},\"image\":{\"@id\":\"https:\/\/extery.com\/lv\/produkti\/tava-parka-sols-solins\/#primaryimage\"},\"thumbnailUrl\":\"https:\/\/extery.com\/wp-content\/uploads\/2021\/01\/tava-parkbench-pargipink-w-scaled.jpg\",\"datePublished\":\"2020-11-11T10:12:14+00:00\",\"dateModified\":\"2026-04-07T11:47:01+00:00\",\"description\":\"Soli\u0146\u0161 TAVA ir izveidots arhitektoniski pils\u0113tvid\u0113. Vai ar\u012b k\u0101 nianse mier\u012bgai videi. Abstrakta, izsmalcin\u0101ta un aicino\u0161a forma.\",\"breadcrumb\":{\"@id\":\"https:\/\/extery.com\/lv\/produkti\/tava-parka-sols-solins\/#breadcrumb\"},\"inLanguage\":\"lv-LV\",\"potentialAction\":[{\"@type\":\"ReadAction\",\"target\":[\"https:\/\/extery.com\/lv\/produkti\/tava-parka-sols-solins\/\"]}]},{\"@type\":\"ImageObject\",\"inLanguage\":\"lv-LV\",\"@id\":\"https:\/\/extery.com\/lv\/produkti\/tava-parka-sols-solins\/#primaryimage\",\"url\":\"https:\/\/extery.com\/wp-content\/uploads\/2021\/01\/tava-parkbench-pargipink-w-scaled.jpg\",\"contentUrl\":\"https:\/\/extery.com\/wp-content\/uploads\/2021\/01\/tava-parkbench-pargipink-w-scaled.jpg\",\"width\":2560,\"height\":1707},{\"@type\":\"BreadcrumbList\",\"@id\":\"https:\/\/extery.com\/lv\/produkti\/tava-parka-sols-solins\/#breadcrumb\",\"itemListElement\":[{\"@type\":\"ListItem\",\"position\":1,\"name\":\"Home\",\"item\":\"https:\/\/extery.com\/lv\/\"},{\"@type\":\"ListItem\",\"position\":2,\"name\":\"Produkti\",\"item\":\"https:\/\/extery.com\/lv\/produkti\/\"},{\"@type\":\"ListItem\",\"position\":3,\"name\":\"parka sols Tava, bez atzveltnes\"}]},{\"@type\":\"WebSite\",\"@id\":\"https:\/\/extery.com\/lv\/#website\",\"url\":\"https:\/\/extery.com\/lv\/\",\"name\":\"Extery\",\"description\":\"\",\"publisher\":{\"@id\":\"https:\/\/extery.com\/lv\/#organization\"},\"potentialAction\":[{\"@type\":\"SearchAction\",\"target\":{\"@type\":\"EntryPoint\",\"urlTemplate\":\"https:\/\/extery.com\/lv\/?s={search_term_string}\"},\"query-input\":{\"@type\":\"PropertyValueSpecification\",\"valueRequired\":true,\"valueName\":\"search_term_string\"}}],\"inLanguage\":\"lv-LV\"},{\"@type\":\"Organization\",\"@id\":\"https:\/\/extery.com\/lv\/#organization\",\"name\":\"Extery\",\"url\":\"https:\/\/extery.com\/lv\/\",\"logo\":{\"@type\":\"ImageObject\",\"inLanguage\":\"lv-LV\",\"@id\":\"https:\/\/extery.com\/lv\/#\/schema\/logo\/image\/\",\"url\":\"https:\/\/extery.com\/wp-content\/uploads\/2023\/11\/footer-logo.svg\",\"contentUrl\":\"https:\/\/extery.com\/wp-content\/uploads\/2023\/11\/footer-logo.svg\",\"caption\":\"Extery\"},\"image\":{\"@id\":\"https:\/\/extery.com\/lv\/#\/schema\/logo\/image\/\"}}]}<\/script>\n<!-- \/ Yoast SEO plugin. -->","yoast_head_json":{"title":"parka sols Tava, bez atzveltnes - Extery soli\u0146\u0161 no pils\u0113tas m\u0113belu kolekcijas","description":"Soli\u0146\u0161 TAVA ir izveidots arhitektoniski pils\u0113tvid\u0113. Vai ar\u012b k\u0101 nianse mier\u012bgai videi. Abstrakta, izsmalcin\u0101ta un aicino\u0161a forma.","robots":{"index":"index","follow":"follow","max-snippet":"max-snippet:-1","max-image-preview":"max-image-preview:large","max-video-preview":"max-video-preview:-1"},"canonical":"https:\/\/extery.com\/lv\/produkti\/tava-parka-sols-solins\/","og_locale":"lv_LV","og_type":"article","og_title":"parka sols Tava, bez atzveltnes - Extery soli\u0146\u0161 no pils\u0113tas m\u0113belu kolekcijas","og_description":"Soli\u0146\u0161 TAVA ir izveidots arhitektoniski pils\u0113tvid\u0113. Vai ar\u012b k\u0101 nianse mier\u012bgai videi. Abstrakta, izsmalcin\u0101ta un aicino\u0161a forma.","og_url":"https:\/\/extery.com\/lv\/produkti\/tava-parka-sols-solins\/","og_site_name":"Extery","article_modified_time":"2026-04-07T11:47:01+00:00","og_image":[{"width":2560,"height":1707,"url":"https:\/\/extery.com\/wp-content\/uploads\/2021\/01\/tava-parkbench-pargipink-w-scaled.jpg","type":"image\/jpeg"}],"twitter_card":"summary_large_image","twitter_misc":{"Est. reading time":"1 minute"},"schema":{"@context":"https:\/\/schema.org","@graph":[{"@type":"WebPage","@id":"https:\/\/extery.com\/lv\/produkti\/tava-parka-sols-solins\/","url":"https:\/\/extery.com\/lv\/produkti\/tava-parka-sols-solins\/","name":"parka sols Tava, bez atzveltnes - Extery soli\u0146\u0161 no pils\u0113tas m\u0113belu kolekcijas","isPartOf":{"@id":"https:\/\/extery.com\/lv\/#website"},"primaryImageOfPage":{"@id":"https:\/\/extery.com\/lv\/produkti\/tava-parka-sols-solins\/#primaryimage"},"image":{"@id":"https:\/\/extery.com\/lv\/produkti\/tava-parka-sols-solins\/#primaryimage"},"thumbnailUrl":"https:\/\/extery.com\/wp-content\/uploads\/2021\/01\/tava-parkbench-pargipink-w-scaled.jpg","datePublished":"2020-11-11T10:12:14+00:00","dateModified":"2026-04-07T11:47:01+00:00","description":"Soli\u0146\u0161 TAVA ir izveidots arhitektoniski pils\u0113tvid\u0113. Vai ar\u012b k\u0101 nianse mier\u012bgai videi. Abstrakta, izsmalcin\u0101ta un aicino\u0161a forma.","breadcrumb":{"@id":"https:\/\/extery.com\/lv\/produkti\/tava-parka-sols-solins\/#breadcrumb"},"inLanguage":"lv-LV","potentialAction":[{"@type":"ReadAction","target":["https:\/\/extery.com\/lv\/produkti\/tava-parka-sols-solins\/"]}]},{"@type":"ImageObject","inLanguage":"lv-LV","@id":"https:\/\/extery.com\/lv\/produkti\/tava-parka-sols-solins\/#primaryimage","url":"https:\/\/extery.com\/wp-content\/uploads\/2021\/01\/tava-parkbench-pargipink-w-scaled.jpg","contentUrl":"https:\/\/extery.com\/wp-content\/uploads\/2021\/01\/tava-parkbench-pargipink-w-scaled.jpg","width":2560,"height":1707},{"@type":"BreadcrumbList","@id":"https:\/\/extery.com\/lv\/produkti\/tava-parka-sols-solins\/#breadcrumb","itemListElement":[{"@type":"ListItem","position":1,"name":"Home","item":"https:\/\/extery.com\/lv\/"},{"@type":"ListItem","position":2,"name":"Produkti","item":"https:\/\/extery.com\/lv\/produkti\/"},{"@type":"ListItem","position":3,"name":"parka sols Tava, bez atzveltnes"}]},{"@type":"WebSite","@id":"https:\/\/extery.com\/lv\/#website","url":"https:\/\/extery.com\/lv\/","name":"Extery","description":"","publisher":{"@id":"https:\/\/extery.com\/lv\/#organization"},"potentialAction":[{"@type":"SearchAction","target":{"@type":"EntryPoint","urlTemplate":"https:\/\/extery.com\/lv\/?s={search_term_string}"},"query-input":{"@type":"PropertyValueSpecification","valueRequired":true,"valueName":"search_term_string"}}],"inLanguage":"lv-LV"},{"@type":"Organization","@id":"https:\/\/extery.com\/lv\/#organization","name":"Extery","url":"https:\/\/extery.com\/lv\/","logo":{"@type":"ImageObject","inLanguage":"lv-LV","@id":"https:\/\/extery.com\/lv\/#\/schema\/logo\/image\/","url":"https:\/\/extery.com\/wp-content\/uploads\/2023\/11\/footer-logo.svg","contentUrl":"https:\/\/extery.com\/wp-content\/uploads\/2023\/11\/footer-logo.svg","caption":"Extery"},"image":{"@id":"https:\/\/extery.com\/lv\/#\/schema\/logo\/image\/"}}]}},"_links":{"self":[{"href":"https:\/\/extery.com\/lv\/wp-json\/wp\/v2\/product\/3332","targetHints":{"allow":["GET"]}}],"collection":[{"href":"https:\/\/extery.com\/lv\/wp-json\/wp\/v2\/product"}],"about":[{"href":"https:\/\/extery.com\/lv\/wp-json\/wp\/v2\/types\/product"}],"replies":[{"embeddable":true,"href":"https:\/\/extery.com\/lv\/wp-json\/wp\/v2\/comments?post=3332"}],"wp:featuredmedia":[{"embeddable":true,"href":"https:\/\/extery.com\/lv\/wp-json\/wp\/v2\/media\/10551"}],"wp:attachment":[{"href":"https:\/\/extery.com\/lv\/wp-json\/wp\/v2\/media?parent=3332"}],"wp:term":[{"taxonomy":"product_brand","embeddable":true,"href":"https:\/\/extery.com\/lv\/wp-json\/wp\/v2\/product_brand?post=3332"},{"taxonomy":"product_cat","embeddable":true,"href":"https:\/\/extery.com\/lv\/wp-json\/wp\/v2\/product_cat?post=3332"},{"taxonomy":"product_tag","embeddable":true,"href":"https:\/\/extery.com\/lv\/wp-json\/wp\/v2\/product_tag?post=3332"}],"curies":[{"name":"wp","href":"https:\/\/api.w.org\/{rel}","templated":true}]}}