{"id":3418,"date":"2020-11-11T12:17:45","date_gmt":"2020-11-11T12:17:45","guid":{"rendered":"https:\/\/extery.com\/?post_type=product&#038;p=3418"},"modified":"2026-03-19T08:20:27","modified_gmt":"2026-03-19T08:20:27","slug":"tiide-parka-sils-bez-atzveltnes","status":"publish","type":"product","link":"https:\/\/extery.com\/lv\/produkti\/tiide-parka-sils-bez-atzveltnes\/","title":{"rendered":"parka sols Tiide, bez atzveltnes"},"content":{"rendered":"<p>Parka sols Tiide ir neliels Extery pils\u0113tas m\u0113be\u013cu kolekcijas &#8220;pakl\u0101ji\u0146\u0161&#8221;, kas rad\u012bts, lai pils\u0113tpl\u0101not\u0101ju un ainavu arhitektu arsen\u0101l\u0101 ienestu svaigas iesp\u0113jas. Tide viss at\u0161\u0137iras no iepriek\u0161\u0113jiem: noapa\u013cotas formas, maigi izliekumi, jautras proporcijas. Tiide gad\u012bjum\u0101 izce\u013cas no m\u016bsdienu m\u0113be\u013cu dizaina paz\u012bstam\u0101s tehnikas, kas reti sasniedz konservat\u012bv\u0101ko pils\u0113tas m\u0113be\u013cu jomu. Piem\u0113ram, neliels flirts ar Bauhaus. Deta\u013c\u0101s izce\u013cas filigr\u0101ni pabeigtais diagon\u0101lais plankings. T\u0113rauda da\u013cas p\u0101rliecino\u0161i un prec\u012bzi ierobe\u017eo koka plaknes. Sola aizmugure un galda virsmas ir p\u0101rkl\u0101tas ar sp\u0113c\u012bgu elastom\u0113ru, kas padara met\u0101la virsmas pat\u012bkamas piesk\u0101rienam.<\/p>\n<p>Tiide ir rota\u013c\u012bga un draudz\u012bga no \u0101rpuses, bet robusta no iek\u0161puses: izmantotie materi\u0101li ir augstas kvalit\u0101tes, proporcijas ir iztur\u012bgas un visas apdares ir \u013coti iztur\u012bgas, k\u0101 tas ir ierasts Extery.<\/p>\n<p>Produktu grup\u0101 ir se\u0161i elementi, kas atsevi\u0161\u0137i vai grup\u0101s pie\u0161\u0137ir svaigu un ori\u0123in\u0101lu akcentu publiskai telpai.<\/p>\n","protected":false},"excerpt":{"rendered":"<p>Parka sols Tiide ir neliels Extery pils\u0113tas m\u0113be\u013cu kolekcijas &#8220;pakl\u0101ji\u0146\u0161&#8221;, kas rad\u012bts, lai pils\u0113tpl\u0101not\u0101ju un ainavu arhitektu arsen\u0101l\u0101 ienestu svaigas iesp\u0113jas. Tide viss at\u0161\u0137iras no iepriek\u0161\u0113jiem: noapa\u013cotas formas, maigi izliekumi, jautras proporcijas. Tiide gad\u012bjum\u0101 izce\u013cas no m\u016bsdienu m\u0113be\u013cu dizaina paz\u012bstam\u0101s tehnikas, kas reti sasniedz konservat\u012bv\u0101ko pils\u0113tas m\u0113be\u013cu jomu. Piem\u0113ram, neliels flirts ar Bauhaus. Deta\u013c\u0101s izce\u013cas [&hellip;]<\/p>\n","protected":false},"featured_media":897,"comment_status":"open","ping_status":"closed","template":"","meta":{"_acf_changed":false},"product_brand":[],"product_cat":[93],"product_tag":[],"class_list":{"0":"post-3418","1":"product","2":"type-product","3":"status-publish","4":"has-post-thumbnail","6":"product_cat-solini-bez-atzveltnem-lv","7":"product-family-tiide-lv","9":"first","10":"instock","11":"shipping-taxable","12":"product-type-simple"},"acf":[],"yoast_head":"<!-- This site is optimized with the Yoast SEO plugin v26.4 - https:\/\/yoast.com\/wordpress\/plugins\/seo\/ -->\n<title>parka sols Tiide, bez atzveltnes - Extery parka soli\u0146i no pils\u0113tas m\u0113be\u013cu kolekcijas<\/title>\n<meta name=\"description\" content=\"Tiide parka sols ir Tiide s\u0113rija, sols, kur\u0101 ietilpst ar\u012b kr\u0113sli un galdi. Pils\u0113tas m\u0113beles, parka soli\u0146i, miskastes un pol\u0101ri un velosip\u0113du novietnes.\" \/>\n<meta name=\"robots\" content=\"index, follow, max-snippet:-1, max-image-preview:large, max-video-preview:-1\" \/>\n<link rel=\"canonical\" href=\"https:\/\/extery.com\/lv\/produkti\/tiide-parka-sils-bez-atzveltnes\/\" \/>\n<meta property=\"og:locale\" content=\"lv_LV\" \/>\n<meta property=\"og:type\" content=\"article\" \/>\n<meta property=\"og:title\" content=\"parka sols Tiide, bez atzveltnes - Extery parka soli\u0146i no pils\u0113tas m\u0113be\u013cu kolekcijas\" \/>\n<meta property=\"og:description\" content=\"Tiide parka sols ir Tiide s\u0113rija, sols, kur\u0101 ietilpst ar\u012b kr\u0113sli un galdi. Pils\u0113tas m\u0113beles, parka soli\u0146i, miskastes un pol\u0101ri un velosip\u0113du novietnes.\" \/>\n<meta property=\"og:url\" content=\"https:\/\/extery.com\/lv\/produkti\/tiide-parka-sils-bez-atzveltnes\/\" \/>\n<meta property=\"og:site_name\" content=\"Extery\" \/>\n<meta property=\"article:modified_time\" content=\"2026-03-19T08:20:27+00:00\" \/>\n<meta property=\"og:image\" content=\"https:\/\/extery.com\/wp-content\/uploads\/2020\/11\/Tiide-J-E-scaled.jpg\" \/>\n\t<meta property=\"og:image:width\" content=\"2560\" \/>\n\t<meta property=\"og:image:height\" content=\"1707\" \/>\n\t<meta property=\"og:image:type\" content=\"image\/jpeg\" \/>\n<meta name=\"twitter:card\" content=\"summary_large_image\" \/>\n<meta name=\"twitter:label1\" content=\"Est. reading time\" \/>\n\t<meta name=\"twitter:data1\" content=\"1 minute\" \/>\n<script type=\"application\/ld+json\" class=\"yoast-schema-graph\">{\"@context\":\"https:\/\/schema.org\",\"@graph\":[{\"@type\":\"WebPage\",\"@id\":\"https:\/\/extery.com\/lv\/produkti\/tiide-parka-sils-bez-atzveltnes\/\",\"url\":\"https:\/\/extery.com\/lv\/produkti\/tiide-parka-sils-bez-atzveltnes\/\",\"name\":\"parka sols Tiide, bez atzveltnes - Extery parka soli\u0146i no pils\u0113tas m\u0113be\u013cu kolekcijas\",\"isPartOf\":{\"@id\":\"https:\/\/extery.com\/lv\/#website\"},\"primaryImageOfPage\":{\"@id\":\"https:\/\/extery.com\/lv\/produkti\/tiide-parka-sils-bez-atzveltnes\/#primaryimage\"},\"image\":{\"@id\":\"https:\/\/extery.com\/lv\/produkti\/tiide-parka-sils-bez-atzveltnes\/#primaryimage\"},\"thumbnailUrl\":\"https:\/\/extery.com\/wp-content\/uploads\/2020\/11\/Tiide-J-E-scaled.jpg\",\"datePublished\":\"2020-11-11T12:17:45+00:00\",\"dateModified\":\"2026-03-19T08:20:27+00:00\",\"description\":\"Tiide parka sols ir Tiide s\u0113rija, sols, kur\u0101 ietilpst ar\u012b kr\u0113sli un galdi. Pils\u0113tas m\u0113beles, parka soli\u0146i, miskastes un pol\u0101ri un velosip\u0113du novietnes.\",\"breadcrumb\":{\"@id\":\"https:\/\/extery.com\/lv\/produkti\/tiide-parka-sils-bez-atzveltnes\/#breadcrumb\"},\"inLanguage\":\"lv-LV\",\"potentialAction\":[{\"@type\":\"ReadAction\",\"target\":[\"https:\/\/extery.com\/lv\/produkti\/tiide-parka-sils-bez-atzveltnes\/\"]}]},{\"@type\":\"ImageObject\",\"inLanguage\":\"lv-LV\",\"@id\":\"https:\/\/extery.com\/lv\/produkti\/tiide-parka-sils-bez-atzveltnes\/#primaryimage\",\"url\":\"https:\/\/extery.com\/wp-content\/uploads\/2020\/11\/Tiide-J-E-scaled.jpg\",\"contentUrl\":\"https:\/\/extery.com\/wp-content\/uploads\/2020\/11\/Tiide-J-E-scaled.jpg\",\"width\":2560,\"height\":1707},{\"@type\":\"BreadcrumbList\",\"@id\":\"https:\/\/extery.com\/lv\/produkti\/tiide-parka-sils-bez-atzveltnes\/#breadcrumb\",\"itemListElement\":[{\"@type\":\"ListItem\",\"position\":1,\"name\":\"Home\",\"item\":\"https:\/\/extery.com\/lv\/\"},{\"@type\":\"ListItem\",\"position\":2,\"name\":\"Produkti\",\"item\":\"https:\/\/extery.com\/lv\/produkti\/\"},{\"@type\":\"ListItem\",\"position\":3,\"name\":\"parka sols Tiide, bez atzveltnes\"}]},{\"@type\":\"WebSite\",\"@id\":\"https:\/\/extery.com\/lv\/#website\",\"url\":\"https:\/\/extery.com\/lv\/\",\"name\":\"Extery\",\"description\":\"\",\"publisher\":{\"@id\":\"https:\/\/extery.com\/lv\/#organization\"},\"potentialAction\":[{\"@type\":\"SearchAction\",\"target\":{\"@type\":\"EntryPoint\",\"urlTemplate\":\"https:\/\/extery.com\/lv\/?s={search_term_string}\"},\"query-input\":{\"@type\":\"PropertyValueSpecification\",\"valueRequired\":true,\"valueName\":\"search_term_string\"}}],\"inLanguage\":\"lv-LV\"},{\"@type\":\"Organization\",\"@id\":\"https:\/\/extery.com\/lv\/#organization\",\"name\":\"Extery\",\"url\":\"https:\/\/extery.com\/lv\/\",\"logo\":{\"@type\":\"ImageObject\",\"inLanguage\":\"lv-LV\",\"@id\":\"https:\/\/extery.com\/lv\/#\/schema\/logo\/image\/\",\"url\":\"https:\/\/extery.com\/wp-content\/uploads\/2023\/11\/footer-logo.svg\",\"contentUrl\":\"https:\/\/extery.com\/wp-content\/uploads\/2023\/11\/footer-logo.svg\",\"caption\":\"Extery\"},\"image\":{\"@id\":\"https:\/\/extery.com\/lv\/#\/schema\/logo\/image\/\"}}]}<\/script>\n<!-- \/ Yoast SEO plugin. -->","yoast_head_json":{"title":"parka sols Tiide, bez atzveltnes - Extery parka soli\u0146i no pils\u0113tas m\u0113be\u013cu kolekcijas","description":"Tiide parka sols ir Tiide s\u0113rija, sols, kur\u0101 ietilpst ar\u012b kr\u0113sli un galdi. Pils\u0113tas m\u0113beles, parka soli\u0146i, miskastes un pol\u0101ri un velosip\u0113du novietnes.","robots":{"index":"index","follow":"follow","max-snippet":"max-snippet:-1","max-image-preview":"max-image-preview:large","max-video-preview":"max-video-preview:-1"},"canonical":"https:\/\/extery.com\/lv\/produkti\/tiide-parka-sils-bez-atzveltnes\/","og_locale":"lv_LV","og_type":"article","og_title":"parka sols Tiide, bez atzveltnes - Extery parka soli\u0146i no pils\u0113tas m\u0113be\u013cu kolekcijas","og_description":"Tiide parka sols ir Tiide s\u0113rija, sols, kur\u0101 ietilpst ar\u012b kr\u0113sli un galdi. Pils\u0113tas m\u0113beles, parka soli\u0146i, miskastes un pol\u0101ri un velosip\u0113du novietnes.","og_url":"https:\/\/extery.com\/lv\/produkti\/tiide-parka-sils-bez-atzveltnes\/","og_site_name":"Extery","article_modified_time":"2026-03-19T08:20:27+00:00","og_image":[{"width":2560,"height":1707,"url":"https:\/\/extery.com\/wp-content\/uploads\/2020\/11\/Tiide-J-E-scaled.jpg","type":"image\/jpeg"}],"twitter_card":"summary_large_image","twitter_misc":{"Est. reading time":"1 minute"},"schema":{"@context":"https:\/\/schema.org","@graph":[{"@type":"WebPage","@id":"https:\/\/extery.com\/lv\/produkti\/tiide-parka-sils-bez-atzveltnes\/","url":"https:\/\/extery.com\/lv\/produkti\/tiide-parka-sils-bez-atzveltnes\/","name":"parka sols Tiide, bez atzveltnes - Extery parka soli\u0146i no pils\u0113tas m\u0113be\u013cu kolekcijas","isPartOf":{"@id":"https:\/\/extery.com\/lv\/#website"},"primaryImageOfPage":{"@id":"https:\/\/extery.com\/lv\/produkti\/tiide-parka-sils-bez-atzveltnes\/#primaryimage"},"image":{"@id":"https:\/\/extery.com\/lv\/produkti\/tiide-parka-sils-bez-atzveltnes\/#primaryimage"},"thumbnailUrl":"https:\/\/extery.com\/wp-content\/uploads\/2020\/11\/Tiide-J-E-scaled.jpg","datePublished":"2020-11-11T12:17:45+00:00","dateModified":"2026-03-19T08:20:27+00:00","description":"Tiide parka sols ir Tiide s\u0113rija, sols, kur\u0101 ietilpst ar\u012b kr\u0113sli un galdi. Pils\u0113tas m\u0113beles, parka soli\u0146i, miskastes un pol\u0101ri un velosip\u0113du novietnes.","breadcrumb":{"@id":"https:\/\/extery.com\/lv\/produkti\/tiide-parka-sils-bez-atzveltnes\/#breadcrumb"},"inLanguage":"lv-LV","potentialAction":[{"@type":"ReadAction","target":["https:\/\/extery.com\/lv\/produkti\/tiide-parka-sils-bez-atzveltnes\/"]}]},{"@type":"ImageObject","inLanguage":"lv-LV","@id":"https:\/\/extery.com\/lv\/produkti\/tiide-parka-sils-bez-atzveltnes\/#primaryimage","url":"https:\/\/extery.com\/wp-content\/uploads\/2020\/11\/Tiide-J-E-scaled.jpg","contentUrl":"https:\/\/extery.com\/wp-content\/uploads\/2020\/11\/Tiide-J-E-scaled.jpg","width":2560,"height":1707},{"@type":"BreadcrumbList","@id":"https:\/\/extery.com\/lv\/produkti\/tiide-parka-sils-bez-atzveltnes\/#breadcrumb","itemListElement":[{"@type":"ListItem","position":1,"name":"Home","item":"https:\/\/extery.com\/lv\/"},{"@type":"ListItem","position":2,"name":"Produkti","item":"https:\/\/extery.com\/lv\/produkti\/"},{"@type":"ListItem","position":3,"name":"parka sols Tiide, bez atzveltnes"}]},{"@type":"WebSite","@id":"https:\/\/extery.com\/lv\/#website","url":"https:\/\/extery.com\/lv\/","name":"Extery","description":"","publisher":{"@id":"https:\/\/extery.com\/lv\/#organization"},"potentialAction":[{"@type":"SearchAction","target":{"@type":"EntryPoint","urlTemplate":"https:\/\/extery.com\/lv\/?s={search_term_string}"},"query-input":{"@type":"PropertyValueSpecification","valueRequired":true,"valueName":"search_term_string"}}],"inLanguage":"lv-LV"},{"@type":"Organization","@id":"https:\/\/extery.com\/lv\/#organization","name":"Extery","url":"https:\/\/extery.com\/lv\/","logo":{"@type":"ImageObject","inLanguage":"lv-LV","@id":"https:\/\/extery.com\/lv\/#\/schema\/logo\/image\/","url":"https:\/\/extery.com\/wp-content\/uploads\/2023\/11\/footer-logo.svg","contentUrl":"https:\/\/extery.com\/wp-content\/uploads\/2023\/11\/footer-logo.svg","caption":"Extery"},"image":{"@id":"https:\/\/extery.com\/lv\/#\/schema\/logo\/image\/"}}]}},"_links":{"self":[{"href":"https:\/\/extery.com\/lv\/wp-json\/wp\/v2\/product\/3418","targetHints":{"allow":["GET"]}}],"collection":[{"href":"https:\/\/extery.com\/lv\/wp-json\/wp\/v2\/product"}],"about":[{"href":"https:\/\/extery.com\/lv\/wp-json\/wp\/v2\/types\/product"}],"replies":[{"embeddable":true,"href":"https:\/\/extery.com\/lv\/wp-json\/wp\/v2\/comments?post=3418"}],"wp:featuredmedia":[{"embeddable":true,"href":"https:\/\/extery.com\/lv\/wp-json\/wp\/v2\/media\/897"}],"wp:attachment":[{"href":"https:\/\/extery.com\/lv\/wp-json\/wp\/v2\/media?parent=3418"}],"wp:term":[{"taxonomy":"product_brand","embeddable":true,"href":"https:\/\/extery.com\/lv\/wp-json\/wp\/v2\/product_brand?post=3418"},{"taxonomy":"product_cat","embeddable":true,"href":"https:\/\/extery.com\/lv\/wp-json\/wp\/v2\/product_cat?post=3418"},{"taxonomy":"product_tag","embeddable":true,"href":"https:\/\/extery.com\/lv\/wp-json\/wp\/v2\/product_tag?post=3418"}],"curies":[{"name":"wp","href":"https:\/\/api.w.org\/{rel}","templated":true}]}}