{"id":3454,"date":"2020-11-11T15:28:59","date_gmt":"2020-11-11T15:28:59","guid":{"rendered":"https:\/\/extery.com\/?post_type=product&#038;p=3454"},"modified":"2026-04-13T10:03:41","modified_gmt":"2026-04-13T10:03:41","slug":"prima-galds","status":"publish","type":"product","link":"https:\/\/extery.com\/lv\/produkti\/prima-galds\/","title":{"rendered":"galds Prima"},"content":{"rendered":"<p>No parka m\u0113be\u013cu kolekcijas Prima s\u0113rijas galds ir pragmatiska izv\u0113le bez kvalit\u0101tes kompromisiem. Deta\u013cas ir p\u0101rdom\u0101tas un r\u016bp\u012bgi izstr\u0101d\u0101tas. Prima parka m\u0113bel\u0113m rakstur\u012bgs vieglums un klasiskas proporcijas. Pietic\u012bgaj\u0101 izskat\u0101 ir mazliet nostal\u0123ijas un paz\u012bstama saj\u016bta, t\u0101p\u0113c Prima pils\u0113tas m\u0113beles nav gr\u016bti iedom\u0101ties jebkur\u0101 vid\u0113.<\/p>\n","protected":false},"excerpt":{"rendered":"<p>No parka m\u0113be\u013cu kolekcijas Prima s\u0113rijas galds ir pragmatiska izv\u0113le bez kvalit\u0101tes kompromisiem. Deta\u013cas ir p\u0101rdom\u0101tas un r\u016bp\u012bgi izstr\u0101d\u0101tas. Prima parka m\u0113bel\u0113m rakstur\u012bgs vieglums un klasiskas proporcijas. Pietic\u012bgaj\u0101 izskat\u0101 ir mazliet nostal\u0123ijas un paz\u012bstama saj\u016bta, t\u0101p\u0113c Prima pils\u0113tas m\u0113beles nav gr\u016bti iedom\u0101ties jebkur\u0101 vid\u0113.<\/p>\n","protected":false},"featured_media":827,"comment_status":"open","ping_status":"closed","template":"","meta":{"_acf_changed":false},"product_brand":[],"product_cat":[103],"product_tag":[],"class_list":{"0":"post-3454","1":"product","2":"type-product","3":"status-publish","4":"has-post-thumbnail","6":"product_cat-galdi-lv","7":"product-family-prima-lv","9":"first","10":"instock","11":"shipping-taxable","12":"product-type-simple"},"acf":[],"yoast_head":"<!-- This site is optimized with the Yoast SEO plugin v26.4 - https:\/\/yoast.com\/wordpress\/plugins\/seo\/ -->\n<title>galds Prima - Extery pils\u0113tas m\u0113be\u013cu kolekcijas galds<\/title>\n<meta name=\"description\" content=\"Prima galds ir pragmatiska izv\u0113le. Parka m\u0113beles, kuru kvalit\u0101te nav apdraud\u0113ta. Deta\u013cas ir p\u0101rdom\u0101tas un r\u016bp\u012bgi izstr\u0101d\u0101tas. Ar vieglu formu un klasisk\u0101m proporcij\u0101m.\" \/>\n<meta name=\"robots\" content=\"index, follow, max-snippet:-1, max-image-preview:large, max-video-preview:-1\" \/>\n<link rel=\"canonical\" href=\"https:\/\/extery.com\/lv\/produkti\/prima-galds\/\" \/>\n<meta property=\"og:locale\" content=\"lv_LV\" \/>\n<meta property=\"og:type\" content=\"article\" \/>\n<meta property=\"og:title\" content=\"galds Prima - Extery pils\u0113tas m\u0113be\u013cu kolekcijas galds\" \/>\n<meta property=\"og:description\" content=\"Prima galds ir pragmatiska izv\u0113le. Parka m\u0113beles, kuru kvalit\u0101te nav apdraud\u0113ta. Deta\u013cas ir p\u0101rdom\u0101tas un r\u016bp\u012bgi izstr\u0101d\u0101tas. Ar vieglu formu un klasisk\u0101m proporcij\u0101m.\" \/>\n<meta property=\"og:url\" content=\"https:\/\/extery.com\/lv\/produkti\/prima-galds\/\" \/>\n<meta property=\"og:site_name\" content=\"Extery\" \/>\n<meta property=\"article:modified_time\" content=\"2026-04-13T10:03:41+00:00\" \/>\n<meta property=\"og:image\" content=\"https:\/\/extery.com\/wp-content\/uploads\/2020\/11\/Prima-laud-E-scaled.jpg\" \/>\n\t<meta property=\"og:image:width\" content=\"2560\" \/>\n\t<meta property=\"og:image:height\" content=\"1707\" \/>\n\t<meta property=\"og:image:type\" content=\"image\/jpeg\" \/>\n<meta name=\"twitter:card\" content=\"summary_large_image\" \/>\n<meta name=\"twitter:label1\" content=\"Est. reading time\" \/>\n\t<meta name=\"twitter:data1\" content=\"1 minute\" \/>\n<script type=\"application\/ld+json\" class=\"yoast-schema-graph\">{\"@context\":\"https:\/\/schema.org\",\"@graph\":[{\"@type\":\"WebPage\",\"@id\":\"https:\/\/extery.com\/lv\/produkti\/prima-galds\/\",\"url\":\"https:\/\/extery.com\/lv\/produkti\/prima-galds\/\",\"name\":\"galds Prima - Extery pils\u0113tas m\u0113be\u013cu kolekcijas galds\",\"isPartOf\":{\"@id\":\"https:\/\/extery.com\/lv\/#website\"},\"primaryImageOfPage\":{\"@id\":\"https:\/\/extery.com\/lv\/produkti\/prima-galds\/#primaryimage\"},\"image\":{\"@id\":\"https:\/\/extery.com\/lv\/produkti\/prima-galds\/#primaryimage\"},\"thumbnailUrl\":\"https:\/\/extery.com\/wp-content\/uploads\/2020\/11\/Prima-laud-E-scaled.jpg\",\"datePublished\":\"2020-11-11T15:28:59+00:00\",\"dateModified\":\"2026-04-13T10:03:41+00:00\",\"description\":\"Prima galds ir pragmatiska izv\u0113le. Parka m\u0113beles, kuru kvalit\u0101te nav apdraud\u0113ta. Deta\u013cas ir p\u0101rdom\u0101tas un r\u016bp\u012bgi izstr\u0101d\u0101tas. Ar vieglu formu un klasisk\u0101m proporcij\u0101m.\",\"breadcrumb\":{\"@id\":\"https:\/\/extery.com\/lv\/produkti\/prima-galds\/#breadcrumb\"},\"inLanguage\":\"lv-LV\",\"potentialAction\":[{\"@type\":\"ReadAction\",\"target\":[\"https:\/\/extery.com\/lv\/produkti\/prima-galds\/\"]}]},{\"@type\":\"ImageObject\",\"inLanguage\":\"lv-LV\",\"@id\":\"https:\/\/extery.com\/lv\/produkti\/prima-galds\/#primaryimage\",\"url\":\"https:\/\/extery.com\/wp-content\/uploads\/2020\/11\/Prima-laud-E-scaled.jpg\",\"contentUrl\":\"https:\/\/extery.com\/wp-content\/uploads\/2020\/11\/Prima-laud-E-scaled.jpg\",\"width\":2560,\"height\":1707},{\"@type\":\"BreadcrumbList\",\"@id\":\"https:\/\/extery.com\/lv\/produkti\/prima-galds\/#breadcrumb\",\"itemListElement\":[{\"@type\":\"ListItem\",\"position\":1,\"name\":\"Home\",\"item\":\"https:\/\/extery.com\/lv\/\"},{\"@type\":\"ListItem\",\"position\":2,\"name\":\"Produkti\",\"item\":\"https:\/\/extery.com\/lv\/produkti\/\"},{\"@type\":\"ListItem\",\"position\":3,\"name\":\"galds Prima\"}]},{\"@type\":\"WebSite\",\"@id\":\"https:\/\/extery.com\/lv\/#website\",\"url\":\"https:\/\/extery.com\/lv\/\",\"name\":\"Extery\",\"description\":\"\",\"publisher\":{\"@id\":\"https:\/\/extery.com\/lv\/#organization\"},\"potentialAction\":[{\"@type\":\"SearchAction\",\"target\":{\"@type\":\"EntryPoint\",\"urlTemplate\":\"https:\/\/extery.com\/lv\/?s={search_term_string}\"},\"query-input\":{\"@type\":\"PropertyValueSpecification\",\"valueRequired\":true,\"valueName\":\"search_term_string\"}}],\"inLanguage\":\"lv-LV\"},{\"@type\":\"Organization\",\"@id\":\"https:\/\/extery.com\/lv\/#organization\",\"name\":\"Extery\",\"url\":\"https:\/\/extery.com\/lv\/\",\"logo\":{\"@type\":\"ImageObject\",\"inLanguage\":\"lv-LV\",\"@id\":\"https:\/\/extery.com\/lv\/#\/schema\/logo\/image\/\",\"url\":\"https:\/\/extery.com\/wp-content\/uploads\/2023\/11\/footer-logo.svg\",\"contentUrl\":\"https:\/\/extery.com\/wp-content\/uploads\/2023\/11\/footer-logo.svg\",\"caption\":\"Extery\"},\"image\":{\"@id\":\"https:\/\/extery.com\/lv\/#\/schema\/logo\/image\/\"}}]}<\/script>\n<!-- \/ Yoast SEO plugin. -->","yoast_head_json":{"title":"galds Prima - Extery pils\u0113tas m\u0113be\u013cu kolekcijas galds","description":"Prima galds ir pragmatiska izv\u0113le. Parka m\u0113beles, kuru kvalit\u0101te nav apdraud\u0113ta. Deta\u013cas ir p\u0101rdom\u0101tas un r\u016bp\u012bgi izstr\u0101d\u0101tas. Ar vieglu formu un klasisk\u0101m proporcij\u0101m.","robots":{"index":"index","follow":"follow","max-snippet":"max-snippet:-1","max-image-preview":"max-image-preview:large","max-video-preview":"max-video-preview:-1"},"canonical":"https:\/\/extery.com\/lv\/produkti\/prima-galds\/","og_locale":"lv_LV","og_type":"article","og_title":"galds Prima - Extery pils\u0113tas m\u0113be\u013cu kolekcijas galds","og_description":"Prima galds ir pragmatiska izv\u0113le. Parka m\u0113beles, kuru kvalit\u0101te nav apdraud\u0113ta. Deta\u013cas ir p\u0101rdom\u0101tas un r\u016bp\u012bgi izstr\u0101d\u0101tas. Ar vieglu formu un klasisk\u0101m proporcij\u0101m.","og_url":"https:\/\/extery.com\/lv\/produkti\/prima-galds\/","og_site_name":"Extery","article_modified_time":"2026-04-13T10:03:41+00:00","og_image":[{"width":2560,"height":1707,"url":"https:\/\/extery.com\/wp-content\/uploads\/2020\/11\/Prima-laud-E-scaled.jpg","type":"image\/jpeg"}],"twitter_card":"summary_large_image","twitter_misc":{"Est. reading time":"1 minute"},"schema":{"@context":"https:\/\/schema.org","@graph":[{"@type":"WebPage","@id":"https:\/\/extery.com\/lv\/produkti\/prima-galds\/","url":"https:\/\/extery.com\/lv\/produkti\/prima-galds\/","name":"galds Prima - Extery pils\u0113tas m\u0113be\u013cu kolekcijas galds","isPartOf":{"@id":"https:\/\/extery.com\/lv\/#website"},"primaryImageOfPage":{"@id":"https:\/\/extery.com\/lv\/produkti\/prima-galds\/#primaryimage"},"image":{"@id":"https:\/\/extery.com\/lv\/produkti\/prima-galds\/#primaryimage"},"thumbnailUrl":"https:\/\/extery.com\/wp-content\/uploads\/2020\/11\/Prima-laud-E-scaled.jpg","datePublished":"2020-11-11T15:28:59+00:00","dateModified":"2026-04-13T10:03:41+00:00","description":"Prima galds ir pragmatiska izv\u0113le. Parka m\u0113beles, kuru kvalit\u0101te nav apdraud\u0113ta. Deta\u013cas ir p\u0101rdom\u0101tas un r\u016bp\u012bgi izstr\u0101d\u0101tas. Ar vieglu formu un klasisk\u0101m proporcij\u0101m.","breadcrumb":{"@id":"https:\/\/extery.com\/lv\/produkti\/prima-galds\/#breadcrumb"},"inLanguage":"lv-LV","potentialAction":[{"@type":"ReadAction","target":["https:\/\/extery.com\/lv\/produkti\/prima-galds\/"]}]},{"@type":"ImageObject","inLanguage":"lv-LV","@id":"https:\/\/extery.com\/lv\/produkti\/prima-galds\/#primaryimage","url":"https:\/\/extery.com\/wp-content\/uploads\/2020\/11\/Prima-laud-E-scaled.jpg","contentUrl":"https:\/\/extery.com\/wp-content\/uploads\/2020\/11\/Prima-laud-E-scaled.jpg","width":2560,"height":1707},{"@type":"BreadcrumbList","@id":"https:\/\/extery.com\/lv\/produkti\/prima-galds\/#breadcrumb","itemListElement":[{"@type":"ListItem","position":1,"name":"Home","item":"https:\/\/extery.com\/lv\/"},{"@type":"ListItem","position":2,"name":"Produkti","item":"https:\/\/extery.com\/lv\/produkti\/"},{"@type":"ListItem","position":3,"name":"galds Prima"}]},{"@type":"WebSite","@id":"https:\/\/extery.com\/lv\/#website","url":"https:\/\/extery.com\/lv\/","name":"Extery","description":"","publisher":{"@id":"https:\/\/extery.com\/lv\/#organization"},"potentialAction":[{"@type":"SearchAction","target":{"@type":"EntryPoint","urlTemplate":"https:\/\/extery.com\/lv\/?s={search_term_string}"},"query-input":{"@type":"PropertyValueSpecification","valueRequired":true,"valueName":"search_term_string"}}],"inLanguage":"lv-LV"},{"@type":"Organization","@id":"https:\/\/extery.com\/lv\/#organization","name":"Extery","url":"https:\/\/extery.com\/lv\/","logo":{"@type":"ImageObject","inLanguage":"lv-LV","@id":"https:\/\/extery.com\/lv\/#\/schema\/logo\/image\/","url":"https:\/\/extery.com\/wp-content\/uploads\/2023\/11\/footer-logo.svg","contentUrl":"https:\/\/extery.com\/wp-content\/uploads\/2023\/11\/footer-logo.svg","caption":"Extery"},"image":{"@id":"https:\/\/extery.com\/lv\/#\/schema\/logo\/image\/"}}]}},"_links":{"self":[{"href":"https:\/\/extery.com\/lv\/wp-json\/wp\/v2\/product\/3454","targetHints":{"allow":["GET"]}}],"collection":[{"href":"https:\/\/extery.com\/lv\/wp-json\/wp\/v2\/product"}],"about":[{"href":"https:\/\/extery.com\/lv\/wp-json\/wp\/v2\/types\/product"}],"replies":[{"embeddable":true,"href":"https:\/\/extery.com\/lv\/wp-json\/wp\/v2\/comments?post=3454"}],"wp:featuredmedia":[{"embeddable":true,"href":"https:\/\/extery.com\/lv\/wp-json\/wp\/v2\/media\/827"}],"wp:attachment":[{"href":"https:\/\/extery.com\/lv\/wp-json\/wp\/v2\/media?parent=3454"}],"wp:term":[{"taxonomy":"product_brand","embeddable":true,"href":"https:\/\/extery.com\/lv\/wp-json\/wp\/v2\/product_brand?post=3454"},{"taxonomy":"product_cat","embeddable":true,"href":"https:\/\/extery.com\/lv\/wp-json\/wp\/v2\/product_cat?post=3454"},{"taxonomy":"product_tag","embeddable":true,"href":"https:\/\/extery.com\/lv\/wp-json\/wp\/v2\/product_tag?post=3454"}],"curies":[{"name":"wp","href":"https:\/\/api.w.org\/{rel}","templated":true}]}}