{"id":3462,"date":"2020-11-11T15:33:25","date_gmt":"2020-11-11T15:33:25","guid":{"rendered":"https:\/\/extery.com\/?post_type=product&#038;p=3462"},"modified":"2026-04-13T10:03:17","modified_gmt":"2026-04-13T10:03:17","slug":"prima-parka-sols-sbez-atzveltnes","status":"publish","type":"product","link":"https:\/\/extery.com\/lv\/produkti\/prima-parka-sols-sbez-atzveltnes\/","title":{"rendered":"sols Prima bez atzveltnes"},"content":{"rendered":"<p>Parka sols Prima, pieder liel\u0101kai pils\u0113tas m\u0113be\u013cu grupai. Prima ir pragmatiska izv\u0113le, kuras kvalit\u0101te nav apdraud\u0113ta, deta\u013cas ir p\u0101rdom\u0101tas un r\u016bp\u012bgi izpild\u012btas. Solus ar vieglu formu un klasisk\u0101m proporcij\u0101m var izv\u0113l\u0113ties ar atzveltni vai bez t\u0101s, ar roku balstiem vai bez tiem. S\u0113rij\u0101 ietilpst ar\u012b galds. Pietic\u012bgaj\u0101 izskat\u0101 ir mazliet nostal\u0123ijas un paz\u012bstama saj\u016bta, t\u0101p\u0113c Prima pils\u0113tas m\u0113beles nav gr\u016bti iedom\u0101ties jebkur\u0101 vid\u0113.<\/p>\n","protected":false},"excerpt":{"rendered":"<p>Parka sols Prima, pieder liel\u0101kai pils\u0113tas m\u0113be\u013cu grupai. Prima ir pragmatiska izv\u0113le, kuras kvalit\u0101te nav apdraud\u0113ta, deta\u013cas ir p\u0101rdom\u0101tas un r\u016bp\u012bgi izpild\u012btas. Solus ar vieglu formu un klasisk\u0101m proporcij\u0101m var izv\u0113l\u0113ties ar atzveltni vai bez t\u0101s, ar roku balstiem vai bez tiem. S\u0113rij\u0101 ietilpst ar\u012b galds. Pietic\u012bgaj\u0101 izskat\u0101 ir mazliet nostal\u0123ijas un paz\u012bstama saj\u016bta, t\u0101p\u0113c [&hellip;]<\/p>\n","protected":false},"featured_media":841,"comment_status":"open","ping_status":"closed","template":"","meta":{"_acf_changed":false},"product_brand":[],"product_cat":[93],"product_tag":[],"class_list":{"0":"post-3462","1":"product","2":"type-product","3":"status-publish","4":"has-post-thumbnail","6":"product_cat-solini-bez-atzveltnem-lv","7":"product-family-prima-lv","9":"first","10":"instock","11":"shipping-taxable","12":"product-type-simple"},"acf":[],"yoast_head":"<!-- This site is optimized with the Yoast SEO plugin v26.4 - https:\/\/yoast.com\/wordpress\/plugins\/seo\/ -->\n<title>sols Prima bez atzveltnes - Extery pils\u0113tas m\u0113be\u013cu kolekcijas parka soli\u0146\u0161<\/title>\n<meta name=\"description\" content=\"Parka sols Prima ir pragmatiska izv\u0113le bez kvalit\u0101tes kompromisiem. Pils\u0113tas m\u0113beles - parka soli\u0146i, miskastes un velosip\u0113du novietnes.\" \/>\n<meta name=\"robots\" content=\"index, follow, max-snippet:-1, max-image-preview:large, max-video-preview:-1\" \/>\n<link rel=\"canonical\" href=\"https:\/\/extery.com\/lv\/produkti\/prima-parka-sols-sbez-atzveltnes\/\" \/>\n<meta property=\"og:locale\" content=\"lv_LV\" \/>\n<meta property=\"og:type\" content=\"article\" \/>\n<meta property=\"og:title\" content=\"sols Prima bez atzveltnes - Extery pils\u0113tas m\u0113be\u013cu kolekcijas parka soli\u0146\u0161\" \/>\n<meta property=\"og:description\" content=\"Parka sols Prima ir pragmatiska izv\u0113le bez kvalit\u0101tes kompromisiem. Pils\u0113tas m\u0113beles - parka soli\u0146i, miskastes un velosip\u0113du novietnes.\" \/>\n<meta property=\"og:url\" content=\"https:\/\/extery.com\/lv\/produkti\/prima-parka-sols-sbez-atzveltnes\/\" \/>\n<meta property=\"og:site_name\" content=\"Extery\" \/>\n<meta property=\"article:modified_time\" content=\"2026-04-13T10:03:17+00:00\" \/>\n<meta property=\"og:image\" content=\"https:\/\/extery.com\/wp-content\/uploads\/2020\/11\/Prima-pink-J-E-scaled.jpg\" \/>\n\t<meta property=\"og:image:width\" content=\"2560\" \/>\n\t<meta property=\"og:image:height\" content=\"1707\" \/>\n\t<meta property=\"og:image:type\" content=\"image\/jpeg\" \/>\n<meta name=\"twitter:card\" content=\"summary_large_image\" \/>\n<meta name=\"twitter:label1\" content=\"Est. reading time\" \/>\n\t<meta name=\"twitter:data1\" content=\"1 minute\" \/>\n<script type=\"application\/ld+json\" class=\"yoast-schema-graph\">{\"@context\":\"https:\/\/schema.org\",\"@graph\":[{\"@type\":\"WebPage\",\"@id\":\"https:\/\/extery.com\/lv\/produkti\/prima-parka-sols-sbez-atzveltnes\/\",\"url\":\"https:\/\/extery.com\/lv\/produkti\/prima-parka-sols-sbez-atzveltnes\/\",\"name\":\"sols Prima bez atzveltnes - Extery pils\u0113tas m\u0113be\u013cu kolekcijas parka soli\u0146\u0161\",\"isPartOf\":{\"@id\":\"https:\/\/extery.com\/lv\/#website\"},\"primaryImageOfPage\":{\"@id\":\"https:\/\/extery.com\/lv\/produkti\/prima-parka-sols-sbez-atzveltnes\/#primaryimage\"},\"image\":{\"@id\":\"https:\/\/extery.com\/lv\/produkti\/prima-parka-sols-sbez-atzveltnes\/#primaryimage\"},\"thumbnailUrl\":\"https:\/\/extery.com\/wp-content\/uploads\/2020\/11\/Prima-pink-J-E-scaled.jpg\",\"datePublished\":\"2020-11-11T15:33:25+00:00\",\"dateModified\":\"2026-04-13T10:03:17+00:00\",\"description\":\"Parka sols Prima ir pragmatiska izv\u0113le bez kvalit\u0101tes kompromisiem. Pils\u0113tas m\u0113beles - parka soli\u0146i, miskastes un velosip\u0113du novietnes.\",\"breadcrumb\":{\"@id\":\"https:\/\/extery.com\/lv\/produkti\/prima-parka-sols-sbez-atzveltnes\/#breadcrumb\"},\"inLanguage\":\"lv-LV\",\"potentialAction\":[{\"@type\":\"ReadAction\",\"target\":[\"https:\/\/extery.com\/lv\/produkti\/prima-parka-sols-sbez-atzveltnes\/\"]}]},{\"@type\":\"ImageObject\",\"inLanguage\":\"lv-LV\",\"@id\":\"https:\/\/extery.com\/lv\/produkti\/prima-parka-sols-sbez-atzveltnes\/#primaryimage\",\"url\":\"https:\/\/extery.com\/wp-content\/uploads\/2020\/11\/Prima-pink-J-E-scaled.jpg\",\"contentUrl\":\"https:\/\/extery.com\/wp-content\/uploads\/2020\/11\/Prima-pink-J-E-scaled.jpg\",\"width\":2560,\"height\":1707},{\"@type\":\"BreadcrumbList\",\"@id\":\"https:\/\/extery.com\/lv\/produkti\/prima-parka-sols-sbez-atzveltnes\/#breadcrumb\",\"itemListElement\":[{\"@type\":\"ListItem\",\"position\":1,\"name\":\"Home\",\"item\":\"https:\/\/extery.com\/lv\/\"},{\"@type\":\"ListItem\",\"position\":2,\"name\":\"Produkti\",\"item\":\"https:\/\/extery.com\/lv\/produkti\/\"},{\"@type\":\"ListItem\",\"position\":3,\"name\":\"sols Prima bez atzveltnes\"}]},{\"@type\":\"WebSite\",\"@id\":\"https:\/\/extery.com\/lv\/#website\",\"url\":\"https:\/\/extery.com\/lv\/\",\"name\":\"Extery\",\"description\":\"\",\"publisher\":{\"@id\":\"https:\/\/extery.com\/lv\/#organization\"},\"potentialAction\":[{\"@type\":\"SearchAction\",\"target\":{\"@type\":\"EntryPoint\",\"urlTemplate\":\"https:\/\/extery.com\/lv\/?s={search_term_string}\"},\"query-input\":{\"@type\":\"PropertyValueSpecification\",\"valueRequired\":true,\"valueName\":\"search_term_string\"}}],\"inLanguage\":\"lv-LV\"},{\"@type\":\"Organization\",\"@id\":\"https:\/\/extery.com\/lv\/#organization\",\"name\":\"Extery\",\"url\":\"https:\/\/extery.com\/lv\/\",\"logo\":{\"@type\":\"ImageObject\",\"inLanguage\":\"lv-LV\",\"@id\":\"https:\/\/extery.com\/lv\/#\/schema\/logo\/image\/\",\"url\":\"https:\/\/extery.com\/wp-content\/uploads\/2023\/11\/footer-logo.svg\",\"contentUrl\":\"https:\/\/extery.com\/wp-content\/uploads\/2023\/11\/footer-logo.svg\",\"caption\":\"Extery\"},\"image\":{\"@id\":\"https:\/\/extery.com\/lv\/#\/schema\/logo\/image\/\"}}]}<\/script>\n<!-- \/ Yoast SEO plugin. -->","yoast_head_json":{"title":"sols Prima bez atzveltnes - Extery pils\u0113tas m\u0113be\u013cu kolekcijas parka soli\u0146\u0161","description":"Parka sols Prima ir pragmatiska izv\u0113le bez kvalit\u0101tes kompromisiem. Pils\u0113tas m\u0113beles - parka soli\u0146i, miskastes un velosip\u0113du novietnes.","robots":{"index":"index","follow":"follow","max-snippet":"max-snippet:-1","max-image-preview":"max-image-preview:large","max-video-preview":"max-video-preview:-1"},"canonical":"https:\/\/extery.com\/lv\/produkti\/prima-parka-sols-sbez-atzveltnes\/","og_locale":"lv_LV","og_type":"article","og_title":"sols Prima bez atzveltnes - Extery pils\u0113tas m\u0113be\u013cu kolekcijas parka soli\u0146\u0161","og_description":"Parka sols Prima ir pragmatiska izv\u0113le bez kvalit\u0101tes kompromisiem. Pils\u0113tas m\u0113beles - parka soli\u0146i, miskastes un velosip\u0113du novietnes.","og_url":"https:\/\/extery.com\/lv\/produkti\/prima-parka-sols-sbez-atzveltnes\/","og_site_name":"Extery","article_modified_time":"2026-04-13T10:03:17+00:00","og_image":[{"width":2560,"height":1707,"url":"https:\/\/extery.com\/wp-content\/uploads\/2020\/11\/Prima-pink-J-E-scaled.jpg","type":"image\/jpeg"}],"twitter_card":"summary_large_image","twitter_misc":{"Est. reading time":"1 minute"},"schema":{"@context":"https:\/\/schema.org","@graph":[{"@type":"WebPage","@id":"https:\/\/extery.com\/lv\/produkti\/prima-parka-sols-sbez-atzveltnes\/","url":"https:\/\/extery.com\/lv\/produkti\/prima-parka-sols-sbez-atzveltnes\/","name":"sols Prima bez atzveltnes - Extery pils\u0113tas m\u0113be\u013cu kolekcijas parka soli\u0146\u0161","isPartOf":{"@id":"https:\/\/extery.com\/lv\/#website"},"primaryImageOfPage":{"@id":"https:\/\/extery.com\/lv\/produkti\/prima-parka-sols-sbez-atzveltnes\/#primaryimage"},"image":{"@id":"https:\/\/extery.com\/lv\/produkti\/prima-parka-sols-sbez-atzveltnes\/#primaryimage"},"thumbnailUrl":"https:\/\/extery.com\/wp-content\/uploads\/2020\/11\/Prima-pink-J-E-scaled.jpg","datePublished":"2020-11-11T15:33:25+00:00","dateModified":"2026-04-13T10:03:17+00:00","description":"Parka sols Prima ir pragmatiska izv\u0113le bez kvalit\u0101tes kompromisiem. Pils\u0113tas m\u0113beles - parka soli\u0146i, miskastes un velosip\u0113du novietnes.","breadcrumb":{"@id":"https:\/\/extery.com\/lv\/produkti\/prima-parka-sols-sbez-atzveltnes\/#breadcrumb"},"inLanguage":"lv-LV","potentialAction":[{"@type":"ReadAction","target":["https:\/\/extery.com\/lv\/produkti\/prima-parka-sols-sbez-atzveltnes\/"]}]},{"@type":"ImageObject","inLanguage":"lv-LV","@id":"https:\/\/extery.com\/lv\/produkti\/prima-parka-sols-sbez-atzveltnes\/#primaryimage","url":"https:\/\/extery.com\/wp-content\/uploads\/2020\/11\/Prima-pink-J-E-scaled.jpg","contentUrl":"https:\/\/extery.com\/wp-content\/uploads\/2020\/11\/Prima-pink-J-E-scaled.jpg","width":2560,"height":1707},{"@type":"BreadcrumbList","@id":"https:\/\/extery.com\/lv\/produkti\/prima-parka-sols-sbez-atzveltnes\/#breadcrumb","itemListElement":[{"@type":"ListItem","position":1,"name":"Home","item":"https:\/\/extery.com\/lv\/"},{"@type":"ListItem","position":2,"name":"Produkti","item":"https:\/\/extery.com\/lv\/produkti\/"},{"@type":"ListItem","position":3,"name":"sols Prima bez atzveltnes"}]},{"@type":"WebSite","@id":"https:\/\/extery.com\/lv\/#website","url":"https:\/\/extery.com\/lv\/","name":"Extery","description":"","publisher":{"@id":"https:\/\/extery.com\/lv\/#organization"},"potentialAction":[{"@type":"SearchAction","target":{"@type":"EntryPoint","urlTemplate":"https:\/\/extery.com\/lv\/?s={search_term_string}"},"query-input":{"@type":"PropertyValueSpecification","valueRequired":true,"valueName":"search_term_string"}}],"inLanguage":"lv-LV"},{"@type":"Organization","@id":"https:\/\/extery.com\/lv\/#organization","name":"Extery","url":"https:\/\/extery.com\/lv\/","logo":{"@type":"ImageObject","inLanguage":"lv-LV","@id":"https:\/\/extery.com\/lv\/#\/schema\/logo\/image\/","url":"https:\/\/extery.com\/wp-content\/uploads\/2023\/11\/footer-logo.svg","contentUrl":"https:\/\/extery.com\/wp-content\/uploads\/2023\/11\/footer-logo.svg","caption":"Extery"},"image":{"@id":"https:\/\/extery.com\/lv\/#\/schema\/logo\/image\/"}}]}},"_links":{"self":[{"href":"https:\/\/extery.com\/lv\/wp-json\/wp\/v2\/product\/3462","targetHints":{"allow":["GET"]}}],"collection":[{"href":"https:\/\/extery.com\/lv\/wp-json\/wp\/v2\/product"}],"about":[{"href":"https:\/\/extery.com\/lv\/wp-json\/wp\/v2\/types\/product"}],"replies":[{"embeddable":true,"href":"https:\/\/extery.com\/lv\/wp-json\/wp\/v2\/comments?post=3462"}],"wp:featuredmedia":[{"embeddable":true,"href":"https:\/\/extery.com\/lv\/wp-json\/wp\/v2\/media\/841"}],"wp:attachment":[{"href":"https:\/\/extery.com\/lv\/wp-json\/wp\/v2\/media?parent=3462"}],"wp:term":[{"taxonomy":"product_brand","embeddable":true,"href":"https:\/\/extery.com\/lv\/wp-json\/wp\/v2\/product_brand?post=3462"},{"taxonomy":"product_cat","embeddable":true,"href":"https:\/\/extery.com\/lv\/wp-json\/wp\/v2\/product_cat?post=3462"},{"taxonomy":"product_tag","embeddable":true,"href":"https:\/\/extery.com\/lv\/wp-json\/wp\/v2\/product_tag?post=3462"}],"curies":[{"name":"wp","href":"https:\/\/api.w.org\/{rel}","templated":true}]}}