{"id":3482,"date":"2020-11-12T08:26:19","date_gmt":"2020-11-12T08:26:19","guid":{"rendered":"https:\/\/extery.com\/?post_type=product&#038;p=3482"},"modified":"2026-04-13T10:10:26","modified_gmt":"2026-04-13T10:10:26","slug":"voog-zvilnis","status":"publish","type":"product","link":"https:\/\/extery.com\/lv\/produkti\/voog-zvilnis\/","title":{"rendered":"zvilnis Voog"},"content":{"rendered":"<p><span class=\"Y2IQFc\" lang=\"lv\">Parka zvilnis Voog ir k\u0101 ainavu dizaina elements. Zvilnis ar l\u012bkumainu siluetu, kas it k\u0101 pl\u016bst no zemes. Harmonisk\u0101 un racion\u0101l\u0101 forma piesaista uzman\u012bbu ar savu nevainojamo apdari un diskr\u0113tu un maigu formu, kas iek\u013caujas ainav\u0101. Nav uzkr\u012bto\u0161i paman\u0101mas stiprin\u0101juma vietas un visa produkta b\u016bt\u012bba ir t\u012bra, un mier\u012bga. Izv\u0113l\u0113tie materi\u0101li ir piem\u0113roti un iztur\u012bgi skarbajam zieme\u013cu klimatam. Voog produktu grup\u0101 ietilpst gan klasisks tr\u012bsviet\u012bgs sols park\u0101, gan kr\u0113sls, gan zvilnis div\u0101m person\u0101m.<\/span><\/p>\n","protected":false},"excerpt":{"rendered":"<p>Parka zvilnis Voog ir k\u0101 ainavu dizaina elements. Zvilnis ar l\u012bkumainu siluetu, kas it k\u0101 pl\u016bst no zemes. Harmonisk\u0101 un racion\u0101l\u0101 forma piesaista uzman\u012bbu ar savu nevainojamo apdari un diskr\u0113tu un maigu formu, kas iek\u013caujas ainav\u0101. Nav uzkr\u012bto\u0161i paman\u0101mas stiprin\u0101juma vietas un visa produkta b\u016bt\u012bba ir t\u012bra, un mier\u012bga. Izv\u0113l\u0113tie materi\u0101li ir piem\u0113roti un iztur\u012bgi [&hellip;]<\/p>\n","protected":false},"featured_media":18921,"comment_status":"open","ping_status":"closed","template":"","meta":{"_acf_changed":false},"product_brand":[],"product_cat":[98],"product_tag":[],"class_list":{"0":"post-3482","1":"product","2":"type-product","3":"status-publish","4":"has-post-thumbnail","6":"product_cat-solini-ar-atzveltnem-lv","7":"product-family-voog-lv","9":"first","10":"instock","11":"shipping-taxable","12":"product-type-simple"},"acf":[],"yoast_head":"<!-- This site is optimized with the Yoast SEO plugin v26.4 - https:\/\/yoast.com\/wordpress\/plugins\/seo\/ -->\n<title>zvilnis Voog - Extery<\/title>\n<meta name=\"description\" content=\"Voog atp\u016btas kr\u0113sls ir k\u0101 ainavu dizaina elements. Harmoniska un ar l\u012bkumainu siluetu. Pils\u0113tas m\u0113beles - parka soli\u0146i, miskastes un velosip\u0113du novietnes.\" \/>\n<meta name=\"robots\" content=\"index, follow, max-snippet:-1, max-image-preview:large, max-video-preview:-1\" \/>\n<link rel=\"canonical\" href=\"https:\/\/extery.com\/lv\/produkti\/voog-zvilnis\/\" \/>\n<meta property=\"og:locale\" content=\"lv_LV\" \/>\n<meta property=\"og:type\" content=\"article\" \/>\n<meta property=\"og:title\" content=\"zvilnis Voog - Extery\" \/>\n<meta property=\"og:description\" content=\"Voog atp\u016btas kr\u0113sls ir k\u0101 ainavu dizaina elements. Harmoniska un ar l\u012bkumainu siluetu. Pils\u0113tas m\u0113beles - parka soli\u0146i, miskastes un velosip\u0113du novietnes.\" \/>\n<meta property=\"og:url\" content=\"https:\/\/extery.com\/lv\/produkti\/voog-zvilnis\/\" \/>\n<meta property=\"og:site_name\" content=\"Extery\" \/>\n<meta property=\"article:modified_time\" content=\"2026-04-13T10:10:26+00:00\" \/>\n<meta property=\"og:image\" content=\"https:\/\/extery.com\/wp-content\/uploads\/2022\/07\/pargipink-Voog-Extery-linnamoobel-pargipingid-pargimoobel-valimoobel2-scaled.jpg\" \/>\n\t<meta property=\"og:image:width\" content=\"2560\" \/>\n\t<meta property=\"og:image:height\" content=\"1707\" \/>\n\t<meta property=\"og:image:type\" content=\"image\/jpeg\" \/>\n<meta name=\"twitter:card\" content=\"summary_large_image\" \/>\n<meta name=\"twitter:label1\" content=\"Est. reading time\" \/>\n\t<meta name=\"twitter:data1\" content=\"1 minute\" \/>\n<script type=\"application\/ld+json\" class=\"yoast-schema-graph\">{\"@context\":\"https:\/\/schema.org\",\"@graph\":[{\"@type\":\"WebPage\",\"@id\":\"https:\/\/extery.com\/lv\/produkti\/voog-zvilnis\/\",\"url\":\"https:\/\/extery.com\/lv\/produkti\/voog-zvilnis\/\",\"name\":\"zvilnis Voog - Extery\",\"isPartOf\":{\"@id\":\"https:\/\/extery.com\/lv\/#website\"},\"primaryImageOfPage\":{\"@id\":\"https:\/\/extery.com\/lv\/produkti\/voog-zvilnis\/#primaryimage\"},\"image\":{\"@id\":\"https:\/\/extery.com\/lv\/produkti\/voog-zvilnis\/#primaryimage\"},\"thumbnailUrl\":\"https:\/\/extery.com\/wp-content\/uploads\/2022\/07\/pargipink-Voog-Extery-linnamoobel-pargipingid-pargimoobel-valimoobel2-scaled.jpg\",\"datePublished\":\"2020-11-12T08:26:19+00:00\",\"dateModified\":\"2026-04-13T10:10:26+00:00\",\"description\":\"Voog atp\u016btas kr\u0113sls ir k\u0101 ainavu dizaina elements. Harmoniska un ar l\u012bkumainu siluetu. Pils\u0113tas m\u0113beles - parka soli\u0146i, miskastes un velosip\u0113du novietnes.\",\"breadcrumb\":{\"@id\":\"https:\/\/extery.com\/lv\/produkti\/voog-zvilnis\/#breadcrumb\"},\"inLanguage\":\"lv-LV\",\"potentialAction\":[{\"@type\":\"ReadAction\",\"target\":[\"https:\/\/extery.com\/lv\/produkti\/voog-zvilnis\/\"]}]},{\"@type\":\"ImageObject\",\"inLanguage\":\"lv-LV\",\"@id\":\"https:\/\/extery.com\/lv\/produkti\/voog-zvilnis\/#primaryimage\",\"url\":\"https:\/\/extery.com\/wp-content\/uploads\/2022\/07\/pargipink-Voog-Extery-linnamoobel-pargipingid-pargimoobel-valimoobel2-scaled.jpg\",\"contentUrl\":\"https:\/\/extery.com\/wp-content\/uploads\/2022\/07\/pargipink-Voog-Extery-linnamoobel-pargipingid-pargimoobel-valimoobel2-scaled.jpg\",\"width\":2560,\"height\":1707},{\"@type\":\"BreadcrumbList\",\"@id\":\"https:\/\/extery.com\/lv\/produkti\/voog-zvilnis\/#breadcrumb\",\"itemListElement\":[{\"@type\":\"ListItem\",\"position\":1,\"name\":\"Home\",\"item\":\"https:\/\/extery.com\/lv\/\"},{\"@type\":\"ListItem\",\"position\":2,\"name\":\"Produkti\",\"item\":\"https:\/\/extery.com\/lv\/produkti\/\"},{\"@type\":\"ListItem\",\"position\":3,\"name\":\"zvilnis Voog\"}]},{\"@type\":\"WebSite\",\"@id\":\"https:\/\/extery.com\/lv\/#website\",\"url\":\"https:\/\/extery.com\/lv\/\",\"name\":\"Extery\",\"description\":\"\",\"publisher\":{\"@id\":\"https:\/\/extery.com\/lv\/#organization\"},\"potentialAction\":[{\"@type\":\"SearchAction\",\"target\":{\"@type\":\"EntryPoint\",\"urlTemplate\":\"https:\/\/extery.com\/lv\/?s={search_term_string}\"},\"query-input\":{\"@type\":\"PropertyValueSpecification\",\"valueRequired\":true,\"valueName\":\"search_term_string\"}}],\"inLanguage\":\"lv-LV\"},{\"@type\":\"Organization\",\"@id\":\"https:\/\/extery.com\/lv\/#organization\",\"name\":\"Extery\",\"url\":\"https:\/\/extery.com\/lv\/\",\"logo\":{\"@type\":\"ImageObject\",\"inLanguage\":\"lv-LV\",\"@id\":\"https:\/\/extery.com\/lv\/#\/schema\/logo\/image\/\",\"url\":\"https:\/\/extery.com\/wp-content\/uploads\/2023\/11\/footer-logo.svg\",\"contentUrl\":\"https:\/\/extery.com\/wp-content\/uploads\/2023\/11\/footer-logo.svg\",\"caption\":\"Extery\"},\"image\":{\"@id\":\"https:\/\/extery.com\/lv\/#\/schema\/logo\/image\/\"}}]}<\/script>\n<!-- \/ Yoast SEO plugin. -->","yoast_head_json":{"title":"zvilnis Voog - Extery","description":"Voog atp\u016btas kr\u0113sls ir k\u0101 ainavu dizaina elements. Harmoniska un ar l\u012bkumainu siluetu. Pils\u0113tas m\u0113beles - parka soli\u0146i, miskastes un velosip\u0113du novietnes.","robots":{"index":"index","follow":"follow","max-snippet":"max-snippet:-1","max-image-preview":"max-image-preview:large","max-video-preview":"max-video-preview:-1"},"canonical":"https:\/\/extery.com\/lv\/produkti\/voog-zvilnis\/","og_locale":"lv_LV","og_type":"article","og_title":"zvilnis Voog - Extery","og_description":"Voog atp\u016btas kr\u0113sls ir k\u0101 ainavu dizaina elements. Harmoniska un ar l\u012bkumainu siluetu. Pils\u0113tas m\u0113beles - parka soli\u0146i, miskastes un velosip\u0113du novietnes.","og_url":"https:\/\/extery.com\/lv\/produkti\/voog-zvilnis\/","og_site_name":"Extery","article_modified_time":"2026-04-13T10:10:26+00:00","og_image":[{"width":2560,"height":1707,"url":"https:\/\/extery.com\/wp-content\/uploads\/2022\/07\/pargipink-Voog-Extery-linnamoobel-pargipingid-pargimoobel-valimoobel2-scaled.jpg","type":"image\/jpeg"}],"twitter_card":"summary_large_image","twitter_misc":{"Est. reading time":"1 minute"},"schema":{"@context":"https:\/\/schema.org","@graph":[{"@type":"WebPage","@id":"https:\/\/extery.com\/lv\/produkti\/voog-zvilnis\/","url":"https:\/\/extery.com\/lv\/produkti\/voog-zvilnis\/","name":"zvilnis Voog - Extery","isPartOf":{"@id":"https:\/\/extery.com\/lv\/#website"},"primaryImageOfPage":{"@id":"https:\/\/extery.com\/lv\/produkti\/voog-zvilnis\/#primaryimage"},"image":{"@id":"https:\/\/extery.com\/lv\/produkti\/voog-zvilnis\/#primaryimage"},"thumbnailUrl":"https:\/\/extery.com\/wp-content\/uploads\/2022\/07\/pargipink-Voog-Extery-linnamoobel-pargipingid-pargimoobel-valimoobel2-scaled.jpg","datePublished":"2020-11-12T08:26:19+00:00","dateModified":"2026-04-13T10:10:26+00:00","description":"Voog atp\u016btas kr\u0113sls ir k\u0101 ainavu dizaina elements. Harmoniska un ar l\u012bkumainu siluetu. Pils\u0113tas m\u0113beles - parka soli\u0146i, miskastes un velosip\u0113du novietnes.","breadcrumb":{"@id":"https:\/\/extery.com\/lv\/produkti\/voog-zvilnis\/#breadcrumb"},"inLanguage":"lv-LV","potentialAction":[{"@type":"ReadAction","target":["https:\/\/extery.com\/lv\/produkti\/voog-zvilnis\/"]}]},{"@type":"ImageObject","inLanguage":"lv-LV","@id":"https:\/\/extery.com\/lv\/produkti\/voog-zvilnis\/#primaryimage","url":"https:\/\/extery.com\/wp-content\/uploads\/2022\/07\/pargipink-Voog-Extery-linnamoobel-pargipingid-pargimoobel-valimoobel2-scaled.jpg","contentUrl":"https:\/\/extery.com\/wp-content\/uploads\/2022\/07\/pargipink-Voog-Extery-linnamoobel-pargipingid-pargimoobel-valimoobel2-scaled.jpg","width":2560,"height":1707},{"@type":"BreadcrumbList","@id":"https:\/\/extery.com\/lv\/produkti\/voog-zvilnis\/#breadcrumb","itemListElement":[{"@type":"ListItem","position":1,"name":"Home","item":"https:\/\/extery.com\/lv\/"},{"@type":"ListItem","position":2,"name":"Produkti","item":"https:\/\/extery.com\/lv\/produkti\/"},{"@type":"ListItem","position":3,"name":"zvilnis Voog"}]},{"@type":"WebSite","@id":"https:\/\/extery.com\/lv\/#website","url":"https:\/\/extery.com\/lv\/","name":"Extery","description":"","publisher":{"@id":"https:\/\/extery.com\/lv\/#organization"},"potentialAction":[{"@type":"SearchAction","target":{"@type":"EntryPoint","urlTemplate":"https:\/\/extery.com\/lv\/?s={search_term_string}"},"query-input":{"@type":"PropertyValueSpecification","valueRequired":true,"valueName":"search_term_string"}}],"inLanguage":"lv-LV"},{"@type":"Organization","@id":"https:\/\/extery.com\/lv\/#organization","name":"Extery","url":"https:\/\/extery.com\/lv\/","logo":{"@type":"ImageObject","inLanguage":"lv-LV","@id":"https:\/\/extery.com\/lv\/#\/schema\/logo\/image\/","url":"https:\/\/extery.com\/wp-content\/uploads\/2023\/11\/footer-logo.svg","contentUrl":"https:\/\/extery.com\/wp-content\/uploads\/2023\/11\/footer-logo.svg","caption":"Extery"},"image":{"@id":"https:\/\/extery.com\/lv\/#\/schema\/logo\/image\/"}}]}},"_links":{"self":[{"href":"https:\/\/extery.com\/lv\/wp-json\/wp\/v2\/product\/3482","targetHints":{"allow":["GET"]}}],"collection":[{"href":"https:\/\/extery.com\/lv\/wp-json\/wp\/v2\/product"}],"about":[{"href":"https:\/\/extery.com\/lv\/wp-json\/wp\/v2\/types\/product"}],"replies":[{"embeddable":true,"href":"https:\/\/extery.com\/lv\/wp-json\/wp\/v2\/comments?post=3482"}],"wp:featuredmedia":[{"embeddable":true,"href":"https:\/\/extery.com\/lv\/wp-json\/wp\/v2\/media\/18921"}],"wp:attachment":[{"href":"https:\/\/extery.com\/lv\/wp-json\/wp\/v2\/media?parent=3482"}],"wp:term":[{"taxonomy":"product_brand","embeddable":true,"href":"https:\/\/extery.com\/lv\/wp-json\/wp\/v2\/product_brand?post=3482"},{"taxonomy":"product_cat","embeddable":true,"href":"https:\/\/extery.com\/lv\/wp-json\/wp\/v2\/product_cat?post=3482"},{"taxonomy":"product_tag","embeddable":true,"href":"https:\/\/extery.com\/lv\/wp-json\/wp\/v2\/product_tag?post=3482"}],"curies":[{"name":"wp","href":"https:\/\/api.w.org\/{rel}","templated":true}]}}