{"id":3562,"date":"2020-11-12T10:46:43","date_gmt":"2020-11-12T10:46:43","guid":{"rendered":"https:\/\/extery.com\/?post_type=product&#038;p=3562"},"modified":"2026-04-07T12:21:30","modified_gmt":"2026-04-07T12:21:30","slug":"nippon-ebe-parka-sols-solins","status":"publish","type":"product","link":"https:\/\/extery.com\/lv\/produkti\/nippon-ebe-parka-sols-solins\/","title":{"rendered":"parka sols Nippon Ebe"},"content":{"rendered":"<p><span class=\"Y2IQFc\" lang=\"lv\">Parka sols Nippon Ebe ir vienk\u0101r\u0161s soli\u0146\u0161 sav\u0101 skaidr\u0101 piln\u012bb\u0101 &#8211; vienlaikus ekskluz\u012bvi reprezentat\u012bvs un pareizi pietic\u012bgs, taj\u0101 pa\u0161\u0101 laik\u0101 mas\u012bvs un gais\u012bgi peldo\u0161s, vienlaikus savienojoties gan ar m\u016bsdienu arhitekt\u016bru, gan v\u0113sturisko telpu, vienlaikus piem\u0113rots gan nelielam laukumam, gan pla\u0161am vestibilam.<\/span><span class=\"Y2IQFc\" lang=\"lv\">T\u012bra vienk\u0101r\u0161\u012bba un piln\u012bba ir t\u0101s \u012bpa\u0161\u012bbas, kas padara Nippon Ebe tik daudzpus\u012bgu.<\/span><\/p>\n","protected":false},"excerpt":{"rendered":"<p>Parka sols Nippon Ebe ir vienk\u0101r\u0161s soli\u0146\u0161 sav\u0101 skaidr\u0101 piln\u012bb\u0101 &#8211; vienlaikus ekskluz\u012bvi reprezentat\u012bvs un pareizi pietic\u012bgs, taj\u0101 pa\u0161\u0101 laik\u0101 mas\u012bvs un gais\u012bgi peldo\u0161s, vienlaikus savienojoties gan ar m\u016bsdienu arhitekt\u016bru, gan v\u0113sturisko telpu, vienlaikus piem\u0113rots gan nelielam laukumam, gan pla\u0161am vestibilam.T\u012bra vienk\u0101r\u0161\u012bba un piln\u012bba ir t\u0101s \u012bpa\u0161\u012bbas, kas padara Nippon Ebe tik daudzpus\u012bgu.<\/p>\n","protected":false},"featured_media":799,"comment_status":"open","ping_status":"closed","template":"","meta":{"_acf_changed":false},"product_brand":[],"product_cat":[98],"product_tag":[],"class_list":{"0":"post-3562","1":"product","2":"type-product","3":"status-publish","4":"has-post-thumbnail","6":"product_cat-solini-ar-atzveltnem-lv","7":"product-family-nippon-ebe-lv","9":"first","10":"instock","11":"shipping-taxable","12":"product-type-simple"},"acf":[],"yoast_head":"<!-- This site is optimized with the Yoast SEO plugin v26.4 - https:\/\/yoast.com\/wordpress\/plugins\/seo\/ -->\n<title>parka sols Nippon Ebe - Extery no pils\u0113tas m\u0113be\u013cu kolekcijas<\/title>\n<meta name=\"description\" content=\"Parka sols Nippon Ebe ir vienk\u0101r\u0161s sols sav\u0101 skaidr\u0101 piln\u012bb\u0101 - gan ekskluz\u012bvi reprezentabls, gan atbilsto\u0161i pietic\u012bgs.\" \/>\n<meta name=\"robots\" content=\"index, follow, max-snippet:-1, max-image-preview:large, max-video-preview:-1\" \/>\n<link rel=\"canonical\" href=\"https:\/\/extery.com\/lv\/produkti\/nippon-ebe-parka-sols-solins\/\" \/>\n<meta property=\"og:locale\" content=\"lv_LV\" \/>\n<meta property=\"og:type\" content=\"article\" \/>\n<meta property=\"og:title\" content=\"parka sols Nippon Ebe - Extery no pils\u0113tas m\u0113be\u013cu kolekcijas\" \/>\n<meta property=\"og:description\" content=\"Parka sols Nippon Ebe ir vienk\u0101r\u0161s sols sav\u0101 skaidr\u0101 piln\u012bb\u0101 - gan ekskluz\u012bvi reprezentabls, gan atbilsto\u0161i pietic\u012bgs.\" \/>\n<meta property=\"og:url\" content=\"https:\/\/extery.com\/lv\/produkti\/nippon-ebe-parka-sols-solins\/\" \/>\n<meta property=\"og:site_name\" content=\"Extery\" \/>\n<meta property=\"article:modified_time\" content=\"2026-04-07T12:21:30+00:00\" \/>\n<meta property=\"og:image\" content=\"https:\/\/extery.com\/wp-content\/uploads\/2020\/11\/Nippon-Ebe-S-E-scaled.jpg\" \/>\n\t<meta property=\"og:image:width\" content=\"2560\" \/>\n\t<meta property=\"og:image:height\" content=\"1707\" \/>\n\t<meta property=\"og:image:type\" content=\"image\/jpeg\" \/>\n<meta name=\"twitter:card\" content=\"summary_large_image\" \/>\n<meta name=\"twitter:label1\" content=\"Est. reading time\" \/>\n\t<meta name=\"twitter:data1\" content=\"1 minute\" \/>\n<script type=\"application\/ld+json\" class=\"yoast-schema-graph\">{\"@context\":\"https:\/\/schema.org\",\"@graph\":[{\"@type\":\"WebPage\",\"@id\":\"https:\/\/extery.com\/lv\/produkti\/nippon-ebe-parka-sols-solins\/\",\"url\":\"https:\/\/extery.com\/lv\/produkti\/nippon-ebe-parka-sols-solins\/\",\"name\":\"parka sols Nippon Ebe - Extery no pils\u0113tas m\u0113be\u013cu kolekcijas\",\"isPartOf\":{\"@id\":\"https:\/\/extery.com\/lv\/#website\"},\"primaryImageOfPage\":{\"@id\":\"https:\/\/extery.com\/lv\/produkti\/nippon-ebe-parka-sols-solins\/#primaryimage\"},\"image\":{\"@id\":\"https:\/\/extery.com\/lv\/produkti\/nippon-ebe-parka-sols-solins\/#primaryimage\"},\"thumbnailUrl\":\"https:\/\/extery.com\/wp-content\/uploads\/2020\/11\/Nippon-Ebe-S-E-scaled.jpg\",\"datePublished\":\"2020-11-12T10:46:43+00:00\",\"dateModified\":\"2026-04-07T12:21:30+00:00\",\"description\":\"Parka sols Nippon Ebe ir vienk\u0101r\u0161s sols sav\u0101 skaidr\u0101 piln\u012bb\u0101 - gan ekskluz\u012bvi reprezentabls, gan atbilsto\u0161i pietic\u012bgs.\",\"breadcrumb\":{\"@id\":\"https:\/\/extery.com\/lv\/produkti\/nippon-ebe-parka-sols-solins\/#breadcrumb\"},\"inLanguage\":\"lv-LV\",\"potentialAction\":[{\"@type\":\"ReadAction\",\"target\":[\"https:\/\/extery.com\/lv\/produkti\/nippon-ebe-parka-sols-solins\/\"]}]},{\"@type\":\"ImageObject\",\"inLanguage\":\"lv-LV\",\"@id\":\"https:\/\/extery.com\/lv\/produkti\/nippon-ebe-parka-sols-solins\/#primaryimage\",\"url\":\"https:\/\/extery.com\/wp-content\/uploads\/2020\/11\/Nippon-Ebe-S-E-scaled.jpg\",\"contentUrl\":\"https:\/\/extery.com\/wp-content\/uploads\/2020\/11\/Nippon-Ebe-S-E-scaled.jpg\",\"width\":2560,\"height\":1707},{\"@type\":\"BreadcrumbList\",\"@id\":\"https:\/\/extery.com\/lv\/produkti\/nippon-ebe-parka-sols-solins\/#breadcrumb\",\"itemListElement\":[{\"@type\":\"ListItem\",\"position\":1,\"name\":\"Home\",\"item\":\"https:\/\/extery.com\/lv\/\"},{\"@type\":\"ListItem\",\"position\":2,\"name\":\"Produkti\",\"item\":\"https:\/\/extery.com\/lv\/produkti\/\"},{\"@type\":\"ListItem\",\"position\":3,\"name\":\"parka sols Nippon Ebe\"}]},{\"@type\":\"WebSite\",\"@id\":\"https:\/\/extery.com\/lv\/#website\",\"url\":\"https:\/\/extery.com\/lv\/\",\"name\":\"Extery\",\"description\":\"\",\"publisher\":{\"@id\":\"https:\/\/extery.com\/lv\/#organization\"},\"potentialAction\":[{\"@type\":\"SearchAction\",\"target\":{\"@type\":\"EntryPoint\",\"urlTemplate\":\"https:\/\/extery.com\/lv\/?s={search_term_string}\"},\"query-input\":{\"@type\":\"PropertyValueSpecification\",\"valueRequired\":true,\"valueName\":\"search_term_string\"}}],\"inLanguage\":\"lv-LV\"},{\"@type\":\"Organization\",\"@id\":\"https:\/\/extery.com\/lv\/#organization\",\"name\":\"Extery\",\"url\":\"https:\/\/extery.com\/lv\/\",\"logo\":{\"@type\":\"ImageObject\",\"inLanguage\":\"lv-LV\",\"@id\":\"https:\/\/extery.com\/lv\/#\/schema\/logo\/image\/\",\"url\":\"https:\/\/extery.com\/wp-content\/uploads\/2023\/11\/footer-logo.svg\",\"contentUrl\":\"https:\/\/extery.com\/wp-content\/uploads\/2023\/11\/footer-logo.svg\",\"caption\":\"Extery\"},\"image\":{\"@id\":\"https:\/\/extery.com\/lv\/#\/schema\/logo\/image\/\"}}]}<\/script>\n<!-- \/ Yoast SEO plugin. -->","yoast_head_json":{"title":"parka sols Nippon Ebe - Extery no pils\u0113tas m\u0113be\u013cu kolekcijas","description":"Parka sols Nippon Ebe ir vienk\u0101r\u0161s sols sav\u0101 skaidr\u0101 piln\u012bb\u0101 - gan ekskluz\u012bvi reprezentabls, gan atbilsto\u0161i pietic\u012bgs.","robots":{"index":"index","follow":"follow","max-snippet":"max-snippet:-1","max-image-preview":"max-image-preview:large","max-video-preview":"max-video-preview:-1"},"canonical":"https:\/\/extery.com\/lv\/produkti\/nippon-ebe-parka-sols-solins\/","og_locale":"lv_LV","og_type":"article","og_title":"parka sols Nippon Ebe - Extery no pils\u0113tas m\u0113be\u013cu kolekcijas","og_description":"Parka sols Nippon Ebe ir vienk\u0101r\u0161s sols sav\u0101 skaidr\u0101 piln\u012bb\u0101 - gan ekskluz\u012bvi reprezentabls, gan atbilsto\u0161i pietic\u012bgs.","og_url":"https:\/\/extery.com\/lv\/produkti\/nippon-ebe-parka-sols-solins\/","og_site_name":"Extery","article_modified_time":"2026-04-07T12:21:30+00:00","og_image":[{"width":2560,"height":1707,"url":"https:\/\/extery.com\/wp-content\/uploads\/2020\/11\/Nippon-Ebe-S-E-scaled.jpg","type":"image\/jpeg"}],"twitter_card":"summary_large_image","twitter_misc":{"Est. reading time":"1 minute"},"schema":{"@context":"https:\/\/schema.org","@graph":[{"@type":"WebPage","@id":"https:\/\/extery.com\/lv\/produkti\/nippon-ebe-parka-sols-solins\/","url":"https:\/\/extery.com\/lv\/produkti\/nippon-ebe-parka-sols-solins\/","name":"parka sols Nippon Ebe - Extery no pils\u0113tas m\u0113be\u013cu kolekcijas","isPartOf":{"@id":"https:\/\/extery.com\/lv\/#website"},"primaryImageOfPage":{"@id":"https:\/\/extery.com\/lv\/produkti\/nippon-ebe-parka-sols-solins\/#primaryimage"},"image":{"@id":"https:\/\/extery.com\/lv\/produkti\/nippon-ebe-parka-sols-solins\/#primaryimage"},"thumbnailUrl":"https:\/\/extery.com\/wp-content\/uploads\/2020\/11\/Nippon-Ebe-S-E-scaled.jpg","datePublished":"2020-11-12T10:46:43+00:00","dateModified":"2026-04-07T12:21:30+00:00","description":"Parka sols Nippon Ebe ir vienk\u0101r\u0161s sols sav\u0101 skaidr\u0101 piln\u012bb\u0101 - gan ekskluz\u012bvi reprezentabls, gan atbilsto\u0161i pietic\u012bgs.","breadcrumb":{"@id":"https:\/\/extery.com\/lv\/produkti\/nippon-ebe-parka-sols-solins\/#breadcrumb"},"inLanguage":"lv-LV","potentialAction":[{"@type":"ReadAction","target":["https:\/\/extery.com\/lv\/produkti\/nippon-ebe-parka-sols-solins\/"]}]},{"@type":"ImageObject","inLanguage":"lv-LV","@id":"https:\/\/extery.com\/lv\/produkti\/nippon-ebe-parka-sols-solins\/#primaryimage","url":"https:\/\/extery.com\/wp-content\/uploads\/2020\/11\/Nippon-Ebe-S-E-scaled.jpg","contentUrl":"https:\/\/extery.com\/wp-content\/uploads\/2020\/11\/Nippon-Ebe-S-E-scaled.jpg","width":2560,"height":1707},{"@type":"BreadcrumbList","@id":"https:\/\/extery.com\/lv\/produkti\/nippon-ebe-parka-sols-solins\/#breadcrumb","itemListElement":[{"@type":"ListItem","position":1,"name":"Home","item":"https:\/\/extery.com\/lv\/"},{"@type":"ListItem","position":2,"name":"Produkti","item":"https:\/\/extery.com\/lv\/produkti\/"},{"@type":"ListItem","position":3,"name":"parka sols Nippon Ebe"}]},{"@type":"WebSite","@id":"https:\/\/extery.com\/lv\/#website","url":"https:\/\/extery.com\/lv\/","name":"Extery","description":"","publisher":{"@id":"https:\/\/extery.com\/lv\/#organization"},"potentialAction":[{"@type":"SearchAction","target":{"@type":"EntryPoint","urlTemplate":"https:\/\/extery.com\/lv\/?s={search_term_string}"},"query-input":{"@type":"PropertyValueSpecification","valueRequired":true,"valueName":"search_term_string"}}],"inLanguage":"lv-LV"},{"@type":"Organization","@id":"https:\/\/extery.com\/lv\/#organization","name":"Extery","url":"https:\/\/extery.com\/lv\/","logo":{"@type":"ImageObject","inLanguage":"lv-LV","@id":"https:\/\/extery.com\/lv\/#\/schema\/logo\/image\/","url":"https:\/\/extery.com\/wp-content\/uploads\/2023\/11\/footer-logo.svg","contentUrl":"https:\/\/extery.com\/wp-content\/uploads\/2023\/11\/footer-logo.svg","caption":"Extery"},"image":{"@id":"https:\/\/extery.com\/lv\/#\/schema\/logo\/image\/"}}]}},"_links":{"self":[{"href":"https:\/\/extery.com\/lv\/wp-json\/wp\/v2\/product\/3562","targetHints":{"allow":["GET"]}}],"collection":[{"href":"https:\/\/extery.com\/lv\/wp-json\/wp\/v2\/product"}],"about":[{"href":"https:\/\/extery.com\/lv\/wp-json\/wp\/v2\/types\/product"}],"replies":[{"embeddable":true,"href":"https:\/\/extery.com\/lv\/wp-json\/wp\/v2\/comments?post=3562"}],"wp:featuredmedia":[{"embeddable":true,"href":"https:\/\/extery.com\/lv\/wp-json\/wp\/v2\/media\/799"}],"wp:attachment":[{"href":"https:\/\/extery.com\/lv\/wp-json\/wp\/v2\/media?parent=3562"}],"wp:term":[{"taxonomy":"product_brand","embeddable":true,"href":"https:\/\/extery.com\/lv\/wp-json\/wp\/v2\/product_brand?post=3562"},{"taxonomy":"product_cat","embeddable":true,"href":"https:\/\/extery.com\/lv\/wp-json\/wp\/v2\/product_cat?post=3562"},{"taxonomy":"product_tag","embeddable":true,"href":"https:\/\/extery.com\/lv\/wp-json\/wp\/v2\/product_tag?post=3562"}],"curies":[{"name":"wp","href":"https:\/\/api.w.org\/{rel}","templated":true}]}}