{"id":3577,"date":"2020-11-12T10:53:18","date_gmt":"2020-11-12T10:53:18","guid":{"rendered":"https:\/\/extery.com\/?post_type=product&#038;p=3577"},"modified":"2026-04-13T11:44:14","modified_gmt":"2026-04-13T11:44:14","slug":"moduli-para-soli-jada-set01","status":"publish","type":"product","link":"https:\/\/extery.com\/lv\/produkti\/moduli-para-soli-jada-set01\/","title":{"rendered":"Modu\u013cu parka sols JADA SET01"},"content":{"rendered":"<p>Parka sols JADA SET01 s\u0113rija ir zvaigznes formas &#8211; loka modu\u013cu un taisnu modu\u013cu kombin\u0101cija. Komplekts sast\u0101v no 8 maziem loka modu\u013ciem un 8 taisniem modu\u013ciem.<\/p>\n<p>Ar Jada ir iesp\u0113jams veidot da\u017e\u0101das kombin\u0101cijas, pamatojoties uz j\u016bsu idej\u0101m un pras\u012bb\u0101m. Papildus zvaigznes formai, izmantojot taisn\u0101s un loka modu\u013cus, ir iesp\u0113jams izveidot daudzas citas da\u017e\u0101das formas. Taisnajiem modu\u013ciem ir iesp\u0113jams pievienot atzveltnes un galdus, lai padar\u012btu komplektu daudzpus\u012bg\u0101ku.<\/p>\n<p>Vair\u0101k risin\u0101jumus atrad\u012bsi <span style=\"color: #0000ff;\"><a style=\"color: #0000ff;\" href=\"\/?product_cat=modula-soli-lv\">\u0161eit<\/a><\/span> vai PDF produktu lap\u0101.<\/p>\n<p>Jada ir modu\u013cu pils\u0113tas m\u0113be\u013cu sist\u0113ma no Extery urban m\u0113be\u013cu kolekcijas, kas \u013cauj viegli izveidot piln\u012bgas atp\u016btas zonas. Jada var izmantot, lai izveidotu bezgal\u012bgas kombin\u0101cijas, lai nokl\u0101tu laukumu apmales, izk\u0101rtotu l\u012bkumotus g\u0101j\u0113ju celi\u0146us vai aizpild\u012btu laukumu ar p\u0101rsteidzo\u0161\u0101m form\u0101m. Atzveltnes var novietot gan blakus, gan pret\u012b, radot gu\u013cvietas vai izol\u0101ciju. Galdus var papla\u0161in\u0101t par omul\u012bg\u0101m priv\u0101t\u0101m atp\u016btas zon\u0101m vai apvienot ar galdiem pat\u012bkam\u0101s pulc\u0113\u0161an\u0101s viet\u0101s, veicinot sabiedriskumu.<\/p>\n<p>&nbsp;<\/p>\n","protected":false},"excerpt":{"rendered":"<p>Parka sols JADA SET01 s\u0113rija ir zvaigznes formas &#8211; loka modu\u013cu un taisnu modu\u013cu kombin\u0101cija. Komplekts sast\u0101v no 8 maziem loka modu\u013ciem un 8 taisniem modu\u013ciem. Ar Jada ir iesp\u0113jams veidot da\u017e\u0101das kombin\u0101cijas, pamatojoties uz j\u016bsu idej\u0101m un pras\u012bb\u0101m. Papildus zvaigznes formai, izmantojot taisn\u0101s un loka modu\u013cus, ir iesp\u0113jams izveidot daudzas citas da\u017e\u0101das formas. Taisnajiem [&hellip;]<\/p>\n","protected":false},"featured_media":11033,"comment_status":"open","ping_status":"closed","template":"","meta":{"_acf_changed":false},"product_brand":[],"product_cat":[93,114],"product_tag":[],"class_list":{"0":"post-3577","1":"product","2":"type-product","3":"status-publish","4":"has-post-thumbnail","6":"product_cat-solini-bez-atzveltnem-lv","7":"product_cat-modulu-soli-lv","8":"product-family-jada-lv","10":"first","11":"instock","12":"shipping-taxable","13":"product-type-simple"},"acf":[],"yoast_head":"<!-- This site is optimized with the Yoast SEO plugin v26.4 - https:\/\/yoast.com\/wordpress\/plugins\/seo\/ -->\n<title>Modu\u013cu parka sols JADA SET01 - Extery pils\u0113tas modu\u013cu m\u0113beles<\/title>\n<meta name=\"description\" content=\"Jada ir modu\u013cu pils\u0113tas m\u0113be\u013cu sist\u0113ma, kas \u013cauj viegli izveidot piln\u012bgas atp\u016btas zonas. No sec\u012bbas var izveidot bezgal\u012bgas kombin\u0101cijas.\" \/>\n<meta name=\"robots\" content=\"index, follow, max-snippet:-1, max-image-preview:large, max-video-preview:-1\" \/>\n<link rel=\"canonical\" href=\"https:\/\/extery.com\/lv\/produkti\/moduli-para-soli-jada-set01\/\" \/>\n<meta property=\"og:locale\" content=\"lv_LV\" \/>\n<meta property=\"og:type\" content=\"article\" \/>\n<meta property=\"og:title\" content=\"Modu\u013cu parka sols JADA SET01 - Extery pils\u0113tas modu\u013cu m\u0113beles\" \/>\n<meta property=\"og:description\" content=\"Jada ir modu\u013cu pils\u0113tas m\u0113be\u013cu sist\u0113ma, kas \u013cauj viegli izveidot piln\u012bgas atp\u016btas zonas. No sec\u012bbas var izveidot bezgal\u012bgas kombin\u0101cijas.\" \/>\n<meta property=\"og:url\" content=\"https:\/\/extery.com\/lv\/produkti\/moduli-para-soli-jada-set01\/\" \/>\n<meta property=\"og:site_name\" content=\"Extery\" \/>\n<meta property=\"article:modified_time\" content=\"2026-04-13T11:44:14+00:00\" \/>\n<meta property=\"og:image\" content=\"https:\/\/extery.com\/wp-content\/uploads\/2021\/01\/modulaarne-pargipink-Jada-taht-modular-park-bench-jada-star-2.jpg\" \/>\n\t<meta property=\"og:image:width\" content=\"2255\" \/>\n\t<meta property=\"og:image:height\" content=\"1560\" \/>\n\t<meta property=\"og:image:type\" content=\"image\/jpeg\" \/>\n<meta name=\"twitter:card\" content=\"summary_large_image\" \/>\n<meta name=\"twitter:label1\" content=\"Est. reading time\" \/>\n\t<meta name=\"twitter:data1\" content=\"1 minute\" \/>\n<script type=\"application\/ld+json\" class=\"yoast-schema-graph\">{\"@context\":\"https:\/\/schema.org\",\"@graph\":[{\"@type\":\"WebPage\",\"@id\":\"https:\/\/extery.com\/lv\/produkti\/moduli-para-soli-jada-set01\/\",\"url\":\"https:\/\/extery.com\/lv\/produkti\/moduli-para-soli-jada-set01\/\",\"name\":\"Modu\u013cu parka sols JADA SET01 - Extery pils\u0113tas modu\u013cu m\u0113beles\",\"isPartOf\":{\"@id\":\"https:\/\/extery.com\/lv\/#website\"},\"primaryImageOfPage\":{\"@id\":\"https:\/\/extery.com\/lv\/produkti\/moduli-para-soli-jada-set01\/#primaryimage\"},\"image\":{\"@id\":\"https:\/\/extery.com\/lv\/produkti\/moduli-para-soli-jada-set01\/#primaryimage\"},\"thumbnailUrl\":\"https:\/\/extery.com\/wp-content\/uploads\/2021\/01\/modulaarne-pargipink-Jada-taht-modular-park-bench-jada-star-2.jpg\",\"datePublished\":\"2020-11-12T10:53:18+00:00\",\"dateModified\":\"2026-04-13T11:44:14+00:00\",\"description\":\"Jada ir modu\u013cu pils\u0113tas m\u0113be\u013cu sist\u0113ma, kas \u013cauj viegli izveidot piln\u012bgas atp\u016btas zonas. No sec\u012bbas var izveidot bezgal\u012bgas kombin\u0101cijas.\",\"breadcrumb\":{\"@id\":\"https:\/\/extery.com\/lv\/produkti\/moduli-para-soli-jada-set01\/#breadcrumb\"},\"inLanguage\":\"lv-LV\",\"potentialAction\":[{\"@type\":\"ReadAction\",\"target\":[\"https:\/\/extery.com\/lv\/produkti\/moduli-para-soli-jada-set01\/\"]}]},{\"@type\":\"ImageObject\",\"inLanguage\":\"lv-LV\",\"@id\":\"https:\/\/extery.com\/lv\/produkti\/moduli-para-soli-jada-set01\/#primaryimage\",\"url\":\"https:\/\/extery.com\/wp-content\/uploads\/2021\/01\/modulaarne-pargipink-Jada-taht-modular-park-bench-jada-star-2.jpg\",\"contentUrl\":\"https:\/\/extery.com\/wp-content\/uploads\/2021\/01\/modulaarne-pargipink-Jada-taht-modular-park-bench-jada-star-2.jpg\",\"width\":2255,\"height\":1560},{\"@type\":\"BreadcrumbList\",\"@id\":\"https:\/\/extery.com\/lv\/produkti\/moduli-para-soli-jada-set01\/#breadcrumb\",\"itemListElement\":[{\"@type\":\"ListItem\",\"position\":1,\"name\":\"Home\",\"item\":\"https:\/\/extery.com\/lv\/\"},{\"@type\":\"ListItem\",\"position\":2,\"name\":\"Produkti\",\"item\":\"https:\/\/extery.com\/lv\/produkti\/\"},{\"@type\":\"ListItem\",\"position\":3,\"name\":\"Modu\u013cu parka sols JADA SET01\"}]},{\"@type\":\"WebSite\",\"@id\":\"https:\/\/extery.com\/lv\/#website\",\"url\":\"https:\/\/extery.com\/lv\/\",\"name\":\"Extery\",\"description\":\"\",\"publisher\":{\"@id\":\"https:\/\/extery.com\/lv\/#organization\"},\"potentialAction\":[{\"@type\":\"SearchAction\",\"target\":{\"@type\":\"EntryPoint\",\"urlTemplate\":\"https:\/\/extery.com\/lv\/?s={search_term_string}\"},\"query-input\":{\"@type\":\"PropertyValueSpecification\",\"valueRequired\":true,\"valueName\":\"search_term_string\"}}],\"inLanguage\":\"lv-LV\"},{\"@type\":\"Organization\",\"@id\":\"https:\/\/extery.com\/lv\/#organization\",\"name\":\"Extery\",\"url\":\"https:\/\/extery.com\/lv\/\",\"logo\":{\"@type\":\"ImageObject\",\"inLanguage\":\"lv-LV\",\"@id\":\"https:\/\/extery.com\/lv\/#\/schema\/logo\/image\/\",\"url\":\"https:\/\/extery.com\/wp-content\/uploads\/2023\/11\/footer-logo.svg\",\"contentUrl\":\"https:\/\/extery.com\/wp-content\/uploads\/2023\/11\/footer-logo.svg\",\"caption\":\"Extery\"},\"image\":{\"@id\":\"https:\/\/extery.com\/lv\/#\/schema\/logo\/image\/\"}}]}<\/script>\n<!-- \/ Yoast SEO plugin. -->","yoast_head_json":{"title":"Modu\u013cu parka sols JADA SET01 - Extery pils\u0113tas modu\u013cu m\u0113beles","description":"Jada ir modu\u013cu pils\u0113tas m\u0113be\u013cu sist\u0113ma, kas \u013cauj viegli izveidot piln\u012bgas atp\u016btas zonas. No sec\u012bbas var izveidot bezgal\u012bgas kombin\u0101cijas.","robots":{"index":"index","follow":"follow","max-snippet":"max-snippet:-1","max-image-preview":"max-image-preview:large","max-video-preview":"max-video-preview:-1"},"canonical":"https:\/\/extery.com\/lv\/produkti\/moduli-para-soli-jada-set01\/","og_locale":"lv_LV","og_type":"article","og_title":"Modu\u013cu parka sols JADA SET01 - Extery pils\u0113tas modu\u013cu m\u0113beles","og_description":"Jada ir modu\u013cu pils\u0113tas m\u0113be\u013cu sist\u0113ma, kas \u013cauj viegli izveidot piln\u012bgas atp\u016btas zonas. No sec\u012bbas var izveidot bezgal\u012bgas kombin\u0101cijas.","og_url":"https:\/\/extery.com\/lv\/produkti\/moduli-para-soli-jada-set01\/","og_site_name":"Extery","article_modified_time":"2026-04-13T11:44:14+00:00","og_image":[{"width":2255,"height":1560,"url":"https:\/\/extery.com\/wp-content\/uploads\/2021\/01\/modulaarne-pargipink-Jada-taht-modular-park-bench-jada-star-2.jpg","type":"image\/jpeg"}],"twitter_card":"summary_large_image","twitter_misc":{"Est. reading time":"1 minute"},"schema":{"@context":"https:\/\/schema.org","@graph":[{"@type":"WebPage","@id":"https:\/\/extery.com\/lv\/produkti\/moduli-para-soli-jada-set01\/","url":"https:\/\/extery.com\/lv\/produkti\/moduli-para-soli-jada-set01\/","name":"Modu\u013cu parka sols JADA SET01 - Extery pils\u0113tas modu\u013cu m\u0113beles","isPartOf":{"@id":"https:\/\/extery.com\/lv\/#website"},"primaryImageOfPage":{"@id":"https:\/\/extery.com\/lv\/produkti\/moduli-para-soli-jada-set01\/#primaryimage"},"image":{"@id":"https:\/\/extery.com\/lv\/produkti\/moduli-para-soli-jada-set01\/#primaryimage"},"thumbnailUrl":"https:\/\/extery.com\/wp-content\/uploads\/2021\/01\/modulaarne-pargipink-Jada-taht-modular-park-bench-jada-star-2.jpg","datePublished":"2020-11-12T10:53:18+00:00","dateModified":"2026-04-13T11:44:14+00:00","description":"Jada ir modu\u013cu pils\u0113tas m\u0113be\u013cu sist\u0113ma, kas \u013cauj viegli izveidot piln\u012bgas atp\u016btas zonas. No sec\u012bbas var izveidot bezgal\u012bgas kombin\u0101cijas.","breadcrumb":{"@id":"https:\/\/extery.com\/lv\/produkti\/moduli-para-soli-jada-set01\/#breadcrumb"},"inLanguage":"lv-LV","potentialAction":[{"@type":"ReadAction","target":["https:\/\/extery.com\/lv\/produkti\/moduli-para-soli-jada-set01\/"]}]},{"@type":"ImageObject","inLanguage":"lv-LV","@id":"https:\/\/extery.com\/lv\/produkti\/moduli-para-soli-jada-set01\/#primaryimage","url":"https:\/\/extery.com\/wp-content\/uploads\/2021\/01\/modulaarne-pargipink-Jada-taht-modular-park-bench-jada-star-2.jpg","contentUrl":"https:\/\/extery.com\/wp-content\/uploads\/2021\/01\/modulaarne-pargipink-Jada-taht-modular-park-bench-jada-star-2.jpg","width":2255,"height":1560},{"@type":"BreadcrumbList","@id":"https:\/\/extery.com\/lv\/produkti\/moduli-para-soli-jada-set01\/#breadcrumb","itemListElement":[{"@type":"ListItem","position":1,"name":"Home","item":"https:\/\/extery.com\/lv\/"},{"@type":"ListItem","position":2,"name":"Produkti","item":"https:\/\/extery.com\/lv\/produkti\/"},{"@type":"ListItem","position":3,"name":"Modu\u013cu parka sols JADA SET01"}]},{"@type":"WebSite","@id":"https:\/\/extery.com\/lv\/#website","url":"https:\/\/extery.com\/lv\/","name":"Extery","description":"","publisher":{"@id":"https:\/\/extery.com\/lv\/#organization"},"potentialAction":[{"@type":"SearchAction","target":{"@type":"EntryPoint","urlTemplate":"https:\/\/extery.com\/lv\/?s={search_term_string}"},"query-input":{"@type":"PropertyValueSpecification","valueRequired":true,"valueName":"search_term_string"}}],"inLanguage":"lv-LV"},{"@type":"Organization","@id":"https:\/\/extery.com\/lv\/#organization","name":"Extery","url":"https:\/\/extery.com\/lv\/","logo":{"@type":"ImageObject","inLanguage":"lv-LV","@id":"https:\/\/extery.com\/lv\/#\/schema\/logo\/image\/","url":"https:\/\/extery.com\/wp-content\/uploads\/2023\/11\/footer-logo.svg","contentUrl":"https:\/\/extery.com\/wp-content\/uploads\/2023\/11\/footer-logo.svg","caption":"Extery"},"image":{"@id":"https:\/\/extery.com\/lv\/#\/schema\/logo\/image\/"}}]}},"_links":{"self":[{"href":"https:\/\/extery.com\/lv\/wp-json\/wp\/v2\/product\/3577","targetHints":{"allow":["GET"]}}],"collection":[{"href":"https:\/\/extery.com\/lv\/wp-json\/wp\/v2\/product"}],"about":[{"href":"https:\/\/extery.com\/lv\/wp-json\/wp\/v2\/types\/product"}],"replies":[{"embeddable":true,"href":"https:\/\/extery.com\/lv\/wp-json\/wp\/v2\/comments?post=3577"}],"wp:featuredmedia":[{"embeddable":true,"href":"https:\/\/extery.com\/lv\/wp-json\/wp\/v2\/media\/11033"}],"wp:attachment":[{"href":"https:\/\/extery.com\/lv\/wp-json\/wp\/v2\/media?parent=3577"}],"wp:term":[{"taxonomy":"product_brand","embeddable":true,"href":"https:\/\/extery.com\/lv\/wp-json\/wp\/v2\/product_brand?post=3577"},{"taxonomy":"product_cat","embeddable":true,"href":"https:\/\/extery.com\/lv\/wp-json\/wp\/v2\/product_cat?post=3577"},{"taxonomy":"product_tag","embeddable":true,"href":"https:\/\/extery.com\/lv\/wp-json\/wp\/v2\/product_tag?post=3577"}],"curies":[{"name":"wp","href":"https:\/\/api.w.org\/{rel}","templated":true}]}}