{"id":3584,"date":"2020-11-12T11:02:07","date_gmt":"2020-11-12T11:02:07","guid":{"rendered":"https:\/\/extery.com\/?post_type=product&#038;p=3584"},"modified":"2026-03-19T11:43:42","modified_gmt":"2026-03-19T11:43:42","slug":"nove","status":"publish","type":"product","link":"https:\/\/extery.com\/lv\/produkti\/nove\/","title":{"rendered":"atkritumu urna Nove"},"content":{"rendered":"<p id=\"tw-target-text\" class=\"tw-data-text tw-text-large tw-ta\" dir=\"ltr\" data-placeholder=\"T\u00f5lge\"><span class=\"Y2IQFc\" lang=\"lv\">Nove atkritumu urnas sl\u012bp\u0101s virsmas un struktur\u0101lie kontrasti pie\u0161\u0137ir tai modernu, dinamisku izskatu. Detaliz\u0113tais un izsmalcin\u0101tais dizains izskat\u0101s nepretenciozs, neskatoties uz t\u0101 drosm\u012bgo formu, un ir piem\u0113rots da\u017e\u0101d\u0101m vid\u0113m. Atkritumu tvertnes jumts ne\u013cauj lietum iekrist atkritumu tvertn\u0113, un jumta le\u0146\u0137is ne\u013cauj net\u012brumiem palikt uz atkritumu tvertnes. Divu da\u017e\u0101du kr\u0101su kombin\u0101cija uz r\u0101mja un korpusa pal\u012bdz izcelt personisk\u0101s deta\u013cas, kas padara Nove v\u0113l at\u0161\u0137ir\u012bg\u0101ku.<\/span><\/p>\n","protected":false},"excerpt":{"rendered":"<p>Nove atkritumu urnas sl\u012bp\u0101s virsmas un struktur\u0101lie kontrasti pie\u0161\u0137ir tai modernu, dinamisku izskatu. Detaliz\u0113tais un izsmalcin\u0101tais dizains izskat\u0101s nepretenciozs, neskatoties uz t\u0101 drosm\u012bgo formu, un ir piem\u0113rots da\u017e\u0101d\u0101m vid\u0113m. Atkritumu tvertnes jumts ne\u013cauj lietum iekrist atkritumu tvertn\u0113, un jumta le\u0146\u0137is ne\u013cauj net\u012brumiem palikt uz atkritumu tvertnes. Divu da\u017e\u0101du kr\u0101su kombin\u0101cija uz r\u0101mja un korpusa pal\u012bdz [&hellip;]<\/p>\n","protected":false},"featured_media":2070,"comment_status":"open","ping_status":"closed","template":"","meta":{"_acf_changed":false},"product_brand":[],"product_cat":[119],"product_tag":[],"class_list":{"0":"post-3584","1":"product","2":"type-product","3":"status-publish","4":"has-post-thumbnail","6":"product_cat-atkritumu-urnas-lv","7":"product-family-nove","9":"first","10":"instock","11":"shipping-taxable","12":"product-type-simple"},"acf":[],"yoast_head":"<!-- This site is optimized with the Yoast SEO plugin v26.4 - https:\/\/yoast.com\/wordpress\/plugins\/seo\/ -->\n<title>atkritumu urna Nove - Extery atkritumu urna no pils\u0113tas m\u0113be\u013cu kolekcijas<\/title>\n<meta name=\"description\" content=\"Nove atkritumu urnas sl\u012bp\u0101s virsmas un struktur\u0101lie kontrasti pie\u0161\u0137ir tai modernu, dinamisku izskatu.\" \/>\n<meta name=\"robots\" content=\"index, follow, max-snippet:-1, max-image-preview:large, max-video-preview:-1\" \/>\n<link rel=\"canonical\" href=\"https:\/\/extery.com\/lv\/produkti\/nove\/\" \/>\n<meta property=\"og:locale\" content=\"lv_LV\" \/>\n<meta property=\"og:type\" content=\"article\" \/>\n<meta property=\"og:title\" content=\"atkritumu urna Nove - Extery atkritumu urna no pils\u0113tas m\u0113be\u013cu kolekcijas\" \/>\n<meta property=\"og:description\" content=\"Nove atkritumu urnas sl\u012bp\u0101s virsmas un struktur\u0101lie kontrasti pie\u0161\u0137ir tai modernu, dinamisku izskatu.\" \/>\n<meta property=\"og:url\" content=\"https:\/\/extery.com\/lv\/produkti\/nove\/\" \/>\n<meta property=\"og:site_name\" content=\"Extery\" \/>\n<meta property=\"article:modified_time\" content=\"2026-03-19T11:43:42+00:00\" \/>\n<meta property=\"og:image\" content=\"https:\/\/extery.com\/wp-content\/uploads\/2020\/11\/Nove-E-scaled.jpg\" \/>\n\t<meta property=\"og:image:width\" content=\"2560\" \/>\n\t<meta property=\"og:image:height\" content=\"1707\" \/>\n\t<meta property=\"og:image:type\" content=\"image\/jpeg\" \/>\n<meta name=\"twitter:card\" content=\"summary_large_image\" \/>\n<meta name=\"twitter:label1\" content=\"Est. reading time\" \/>\n\t<meta name=\"twitter:data1\" content=\"1 minute\" \/>\n<script type=\"application\/ld+json\" class=\"yoast-schema-graph\">{\"@context\":\"https:\/\/schema.org\",\"@graph\":[{\"@type\":\"WebPage\",\"@id\":\"https:\/\/extery.com\/lv\/produkti\/nove\/\",\"url\":\"https:\/\/extery.com\/lv\/produkti\/nove\/\",\"name\":\"atkritumu urna Nove - Extery atkritumu urna no pils\u0113tas m\u0113be\u013cu kolekcijas\",\"isPartOf\":{\"@id\":\"https:\/\/extery.com\/lv\/#website\"},\"primaryImageOfPage\":{\"@id\":\"https:\/\/extery.com\/lv\/produkti\/nove\/#primaryimage\"},\"image\":{\"@id\":\"https:\/\/extery.com\/lv\/produkti\/nove\/#primaryimage\"},\"thumbnailUrl\":\"https:\/\/extery.com\/wp-content\/uploads\/2020\/11\/Nove-E-scaled.jpg\",\"datePublished\":\"2020-11-12T11:02:07+00:00\",\"dateModified\":\"2026-03-19T11:43:42+00:00\",\"description\":\"Nove atkritumu urnas sl\u012bp\u0101s virsmas un struktur\u0101lie kontrasti pie\u0161\u0137ir tai modernu, dinamisku izskatu.\",\"breadcrumb\":{\"@id\":\"https:\/\/extery.com\/lv\/produkti\/nove\/#breadcrumb\"},\"inLanguage\":\"lv-LV\",\"potentialAction\":[{\"@type\":\"ReadAction\",\"target\":[\"https:\/\/extery.com\/lv\/produkti\/nove\/\"]}]},{\"@type\":\"ImageObject\",\"inLanguage\":\"lv-LV\",\"@id\":\"https:\/\/extery.com\/lv\/produkti\/nove\/#primaryimage\",\"url\":\"https:\/\/extery.com\/wp-content\/uploads\/2020\/11\/Nove-E-scaled.jpg\",\"contentUrl\":\"https:\/\/extery.com\/wp-content\/uploads\/2020\/11\/Nove-E-scaled.jpg\",\"width\":2560,\"height\":1707},{\"@type\":\"BreadcrumbList\",\"@id\":\"https:\/\/extery.com\/lv\/produkti\/nove\/#breadcrumb\",\"itemListElement\":[{\"@type\":\"ListItem\",\"position\":1,\"name\":\"Home\",\"item\":\"https:\/\/extery.com\/lv\/\"},{\"@type\":\"ListItem\",\"position\":2,\"name\":\"Produkti\",\"item\":\"https:\/\/extery.com\/lv\/produkti\/\"},{\"@type\":\"ListItem\",\"position\":3,\"name\":\"atkritumu urna Nove\"}]},{\"@type\":\"WebSite\",\"@id\":\"https:\/\/extery.com\/lv\/#website\",\"url\":\"https:\/\/extery.com\/lv\/\",\"name\":\"Extery\",\"description\":\"\",\"publisher\":{\"@id\":\"https:\/\/extery.com\/lv\/#organization\"},\"potentialAction\":[{\"@type\":\"SearchAction\",\"target\":{\"@type\":\"EntryPoint\",\"urlTemplate\":\"https:\/\/extery.com\/lv\/?s={search_term_string}\"},\"query-input\":{\"@type\":\"PropertyValueSpecification\",\"valueRequired\":true,\"valueName\":\"search_term_string\"}}],\"inLanguage\":\"lv-LV\"},{\"@type\":\"Organization\",\"@id\":\"https:\/\/extery.com\/lv\/#organization\",\"name\":\"Extery\",\"url\":\"https:\/\/extery.com\/lv\/\",\"logo\":{\"@type\":\"ImageObject\",\"inLanguage\":\"lv-LV\",\"@id\":\"https:\/\/extery.com\/lv\/#\/schema\/logo\/image\/\",\"url\":\"https:\/\/extery.com\/wp-content\/uploads\/2023\/11\/footer-logo.svg\",\"contentUrl\":\"https:\/\/extery.com\/wp-content\/uploads\/2023\/11\/footer-logo.svg\",\"caption\":\"Extery\"},\"image\":{\"@id\":\"https:\/\/extery.com\/lv\/#\/schema\/logo\/image\/\"}}]}<\/script>\n<!-- \/ Yoast SEO plugin. -->","yoast_head_json":{"title":"atkritumu urna Nove - Extery atkritumu urna no pils\u0113tas m\u0113be\u013cu kolekcijas","description":"Nove atkritumu urnas sl\u012bp\u0101s virsmas un struktur\u0101lie kontrasti pie\u0161\u0137ir tai modernu, dinamisku izskatu.","robots":{"index":"index","follow":"follow","max-snippet":"max-snippet:-1","max-image-preview":"max-image-preview:large","max-video-preview":"max-video-preview:-1"},"canonical":"https:\/\/extery.com\/lv\/produkti\/nove\/","og_locale":"lv_LV","og_type":"article","og_title":"atkritumu urna Nove - Extery atkritumu urna no pils\u0113tas m\u0113be\u013cu kolekcijas","og_description":"Nove atkritumu urnas sl\u012bp\u0101s virsmas un struktur\u0101lie kontrasti pie\u0161\u0137ir tai modernu, dinamisku izskatu.","og_url":"https:\/\/extery.com\/lv\/produkti\/nove\/","og_site_name":"Extery","article_modified_time":"2026-03-19T11:43:42+00:00","og_image":[{"width":2560,"height":1707,"url":"https:\/\/extery.com\/wp-content\/uploads\/2020\/11\/Nove-E-scaled.jpg","type":"image\/jpeg"}],"twitter_card":"summary_large_image","twitter_misc":{"Est. reading time":"1 minute"},"schema":{"@context":"https:\/\/schema.org","@graph":[{"@type":"WebPage","@id":"https:\/\/extery.com\/lv\/produkti\/nove\/","url":"https:\/\/extery.com\/lv\/produkti\/nove\/","name":"atkritumu urna Nove - Extery atkritumu urna no pils\u0113tas m\u0113be\u013cu kolekcijas","isPartOf":{"@id":"https:\/\/extery.com\/lv\/#website"},"primaryImageOfPage":{"@id":"https:\/\/extery.com\/lv\/produkti\/nove\/#primaryimage"},"image":{"@id":"https:\/\/extery.com\/lv\/produkti\/nove\/#primaryimage"},"thumbnailUrl":"https:\/\/extery.com\/wp-content\/uploads\/2020\/11\/Nove-E-scaled.jpg","datePublished":"2020-11-12T11:02:07+00:00","dateModified":"2026-03-19T11:43:42+00:00","description":"Nove atkritumu urnas sl\u012bp\u0101s virsmas un struktur\u0101lie kontrasti pie\u0161\u0137ir tai modernu, dinamisku izskatu.","breadcrumb":{"@id":"https:\/\/extery.com\/lv\/produkti\/nove\/#breadcrumb"},"inLanguage":"lv-LV","potentialAction":[{"@type":"ReadAction","target":["https:\/\/extery.com\/lv\/produkti\/nove\/"]}]},{"@type":"ImageObject","inLanguage":"lv-LV","@id":"https:\/\/extery.com\/lv\/produkti\/nove\/#primaryimage","url":"https:\/\/extery.com\/wp-content\/uploads\/2020\/11\/Nove-E-scaled.jpg","contentUrl":"https:\/\/extery.com\/wp-content\/uploads\/2020\/11\/Nove-E-scaled.jpg","width":2560,"height":1707},{"@type":"BreadcrumbList","@id":"https:\/\/extery.com\/lv\/produkti\/nove\/#breadcrumb","itemListElement":[{"@type":"ListItem","position":1,"name":"Home","item":"https:\/\/extery.com\/lv\/"},{"@type":"ListItem","position":2,"name":"Produkti","item":"https:\/\/extery.com\/lv\/produkti\/"},{"@type":"ListItem","position":3,"name":"atkritumu urna Nove"}]},{"@type":"WebSite","@id":"https:\/\/extery.com\/lv\/#website","url":"https:\/\/extery.com\/lv\/","name":"Extery","description":"","publisher":{"@id":"https:\/\/extery.com\/lv\/#organization"},"potentialAction":[{"@type":"SearchAction","target":{"@type":"EntryPoint","urlTemplate":"https:\/\/extery.com\/lv\/?s={search_term_string}"},"query-input":{"@type":"PropertyValueSpecification","valueRequired":true,"valueName":"search_term_string"}}],"inLanguage":"lv-LV"},{"@type":"Organization","@id":"https:\/\/extery.com\/lv\/#organization","name":"Extery","url":"https:\/\/extery.com\/lv\/","logo":{"@type":"ImageObject","inLanguage":"lv-LV","@id":"https:\/\/extery.com\/lv\/#\/schema\/logo\/image\/","url":"https:\/\/extery.com\/wp-content\/uploads\/2023\/11\/footer-logo.svg","contentUrl":"https:\/\/extery.com\/wp-content\/uploads\/2023\/11\/footer-logo.svg","caption":"Extery"},"image":{"@id":"https:\/\/extery.com\/lv\/#\/schema\/logo\/image\/"}}]}},"_links":{"self":[{"href":"https:\/\/extery.com\/lv\/wp-json\/wp\/v2\/product\/3584","targetHints":{"allow":["GET"]}}],"collection":[{"href":"https:\/\/extery.com\/lv\/wp-json\/wp\/v2\/product"}],"about":[{"href":"https:\/\/extery.com\/lv\/wp-json\/wp\/v2\/types\/product"}],"replies":[{"embeddable":true,"href":"https:\/\/extery.com\/lv\/wp-json\/wp\/v2\/comments?post=3584"}],"wp:featuredmedia":[{"embeddable":true,"href":"https:\/\/extery.com\/lv\/wp-json\/wp\/v2\/media\/2070"}],"wp:attachment":[{"href":"https:\/\/extery.com\/lv\/wp-json\/wp\/v2\/media?parent=3584"}],"wp:term":[{"taxonomy":"product_brand","embeddable":true,"href":"https:\/\/extery.com\/lv\/wp-json\/wp\/v2\/product_brand?post=3584"},{"taxonomy":"product_cat","embeddable":true,"href":"https:\/\/extery.com\/lv\/wp-json\/wp\/v2\/product_cat?post=3584"},{"taxonomy":"product_tag","embeddable":true,"href":"https:\/\/extery.com\/lv\/wp-json\/wp\/v2\/product_tag?post=3584"}],"curies":[{"name":"wp","href":"https:\/\/api.w.org\/{rel}","templated":true}]}}