{"id":3591,"date":"2020-11-12T11:10:05","date_gmt":"2020-11-12T11:10:05","guid":{"rendered":"https:\/\/extery.com\/?post_type=product&#038;p=3591"},"modified":"2026-04-07T11:54:49","modified_gmt":"2026-04-07T11:54:49","slug":"solo-100","status":"publish","type":"product","link":"https:\/\/extery.com\/lv\/produkti\/solo-100\/","title":{"rendered":"atkritumu urna Solo 100"},"content":{"rendered":"<p style=\"text-align: left;\">Solo 100 atkritumu tverne ir laba un vienk\u0101r\u0161a miskaste, kas piem\u0113rota gan parkam, gan pils\u0113tas ielai. Izliekt\u0101s malas padara Solo vizu\u0101li slaid\u0101ku, neskatoties uz\u00a0 100 litru tilpumu. Apa\u013cas atveres un grafiski izceltais pelnu trauka panelis pie\u0161\u0137ir Solo maigu un pietic\u012bgu izskatu.<\/p>\n<p><iframe loading=\"lazy\" title=\"Waste bin SOLO100 by EXTERY urban furniture\" width=\"500\" height=\"281\" src=\"https:\/\/www.youtube.com\/embed\/k--0JzeMUGc?feature=oembed\" frameborder=\"0\" allow=\"accelerometer; autoplay; clipboard-write; encrypted-media; gyroscope; picture-in-picture; web-share\" referrerpolicy=\"strict-origin-when-cross-origin\" allowfullscreen><\/iframe><\/p>\n<p>Solo 100 dizains ietver pietiekami augstu pul\u0113ta betona cokolu, lai tvertne b\u016btu pietiekami smaga, lai t\u0101 var\u0113tu st\u0101v\u0113t br\u012bvi. T\u0101p\u0113c Solo 100 uzst\u0101d\u012b\u0161anai nav nepiecie\u0161ams papildu stiprin\u0101jums. Cokola augstums \u0146em v\u0113r\u0101 zieme\u013cu apst\u0101k\u013cus un nodro\u0161ina netrauc\u0113tu durvju atv\u0113r\u0161anu pat sniegot\u0101s ziem\u0101s.<\/p>\n","protected":false},"excerpt":{"rendered":"<p>Solo 100 atkritumu tverne ir laba un vienk\u0101r\u0161a miskaste, kas piem\u0113rota gan parkam, gan pils\u0113tas ielai. Izliekt\u0101s malas padara Solo vizu\u0101li slaid\u0101ku, neskatoties uz\u00a0 100 litru tilpumu. Apa\u013cas atveres un grafiski izceltais pelnu trauka panelis pie\u0161\u0137ir Solo maigu un pietic\u012bgu izskatu. Solo 100 dizains ietver pietiekami augstu pul\u0113ta betona cokolu, lai tvertne b\u016btu pietiekami smaga, [&hellip;]<\/p>\n","protected":false},"featured_media":2098,"comment_status":"open","ping_status":"closed","template":"","meta":{"_acf_changed":false},"product_brand":[],"product_cat":[119],"product_tag":[],"class_list":{"0":"post-3591","1":"product","2":"type-product","3":"status-publish","4":"has-post-thumbnail","6":"product_cat-atkritumu-urnas-lv","7":"product-family-solo-lv","9":"first","10":"instock","11":"shipping-taxable","12":"product-type-simple"},"acf":[],"yoast_head":"<!-- This site is optimized with the Yoast SEO plugin v26.4 - https:\/\/yoast.com\/wordpress\/plugins\/seo\/ -->\n<title>atkritumu urna Solo 100 - Extery atkritumu urna no pils\u0113tas m\u0113be\u013cu kolekcijas<\/title>\n<meta name=\"description\" content=\"Solo 100 atkritumu urna ir laba un vienk\u0101r\u0161a miskaste, kas piem\u0113rota gan parkam, gan pils\u0113tas ielai. Izliekt\u0101s malas padara Solo vizu\u0101li slaid\u0101ku, neskatoties uz 100 litru ietilp\u012bbu.\" \/>\n<meta name=\"robots\" content=\"index, follow, max-snippet:-1, max-image-preview:large, max-video-preview:-1\" \/>\n<link rel=\"canonical\" href=\"https:\/\/extery.com\/lv\/produkti\/solo-100\/\" \/>\n<meta property=\"og:locale\" content=\"lv_LV\" \/>\n<meta property=\"og:type\" content=\"article\" \/>\n<meta property=\"og:title\" content=\"atkritumu urna Solo 100 - Extery atkritumu urna no pils\u0113tas m\u0113be\u013cu kolekcijas\" \/>\n<meta property=\"og:description\" content=\"Solo 100 atkritumu urna ir laba un vienk\u0101r\u0161a miskaste, kas piem\u0113rota gan parkam, gan pils\u0113tas ielai. Izliekt\u0101s malas padara Solo vizu\u0101li slaid\u0101ku, neskatoties uz 100 litru ietilp\u012bbu.\" \/>\n<meta property=\"og:url\" content=\"https:\/\/extery.com\/lv\/produkti\/solo-100\/\" \/>\n<meta property=\"og:site_name\" content=\"Extery\" \/>\n<meta property=\"article:modified_time\" content=\"2026-04-07T11:54:49+00:00\" \/>\n<meta property=\"og:image\" content=\"https:\/\/extery.com\/wp-content\/uploads\/2020\/11\/Solo100-E-scaled.jpg\" \/>\n\t<meta property=\"og:image:width\" content=\"2560\" \/>\n\t<meta property=\"og:image:height\" content=\"1707\" \/>\n\t<meta property=\"og:image:type\" content=\"image\/jpeg\" \/>\n<meta name=\"twitter:card\" content=\"summary_large_image\" \/>\n<meta name=\"twitter:label1\" content=\"Est. reading time\" \/>\n\t<meta name=\"twitter:data1\" content=\"1 minute\" \/>\n<script type=\"application\/ld+json\" class=\"yoast-schema-graph\">{\"@context\":\"https:\/\/schema.org\",\"@graph\":[{\"@type\":\"WebPage\",\"@id\":\"https:\/\/extery.com\/lv\/produkti\/solo-100\/\",\"url\":\"https:\/\/extery.com\/lv\/produkti\/solo-100\/\",\"name\":\"atkritumu urna Solo 100 - Extery atkritumu urna no pils\u0113tas m\u0113be\u013cu kolekcijas\",\"isPartOf\":{\"@id\":\"https:\/\/extery.com\/lv\/#website\"},\"primaryImageOfPage\":{\"@id\":\"https:\/\/extery.com\/lv\/produkti\/solo-100\/#primaryimage\"},\"image\":{\"@id\":\"https:\/\/extery.com\/lv\/produkti\/solo-100\/#primaryimage\"},\"thumbnailUrl\":\"https:\/\/extery.com\/wp-content\/uploads\/2020\/11\/Solo100-E-scaled.jpg\",\"datePublished\":\"2020-11-12T11:10:05+00:00\",\"dateModified\":\"2026-04-07T11:54:49+00:00\",\"description\":\"Solo 100 atkritumu urna ir laba un vienk\u0101r\u0161a miskaste, kas piem\u0113rota gan parkam, gan pils\u0113tas ielai. Izliekt\u0101s malas padara Solo vizu\u0101li slaid\u0101ku, neskatoties uz 100 litru ietilp\u012bbu.\",\"breadcrumb\":{\"@id\":\"https:\/\/extery.com\/lv\/produkti\/solo-100\/#breadcrumb\"},\"inLanguage\":\"lv-LV\",\"potentialAction\":[{\"@type\":\"ReadAction\",\"target\":[\"https:\/\/extery.com\/lv\/produkti\/solo-100\/\"]}]},{\"@type\":\"ImageObject\",\"inLanguage\":\"lv-LV\",\"@id\":\"https:\/\/extery.com\/lv\/produkti\/solo-100\/#primaryimage\",\"url\":\"https:\/\/extery.com\/wp-content\/uploads\/2020\/11\/Solo100-E-scaled.jpg\",\"contentUrl\":\"https:\/\/extery.com\/wp-content\/uploads\/2020\/11\/Solo100-E-scaled.jpg\",\"width\":2560,\"height\":1707},{\"@type\":\"BreadcrumbList\",\"@id\":\"https:\/\/extery.com\/lv\/produkti\/solo-100\/#breadcrumb\",\"itemListElement\":[{\"@type\":\"ListItem\",\"position\":1,\"name\":\"Home\",\"item\":\"https:\/\/extery.com\/lv\/\"},{\"@type\":\"ListItem\",\"position\":2,\"name\":\"Produkti\",\"item\":\"https:\/\/extery.com\/lv\/produkti\/\"},{\"@type\":\"ListItem\",\"position\":3,\"name\":\"atkritumu urna Solo 100\"}]},{\"@type\":\"WebSite\",\"@id\":\"https:\/\/extery.com\/lv\/#website\",\"url\":\"https:\/\/extery.com\/lv\/\",\"name\":\"Extery\",\"description\":\"\",\"publisher\":{\"@id\":\"https:\/\/extery.com\/lv\/#organization\"},\"potentialAction\":[{\"@type\":\"SearchAction\",\"target\":{\"@type\":\"EntryPoint\",\"urlTemplate\":\"https:\/\/extery.com\/lv\/?s={search_term_string}\"},\"query-input\":{\"@type\":\"PropertyValueSpecification\",\"valueRequired\":true,\"valueName\":\"search_term_string\"}}],\"inLanguage\":\"lv-LV\"},{\"@type\":\"Organization\",\"@id\":\"https:\/\/extery.com\/lv\/#organization\",\"name\":\"Extery\",\"url\":\"https:\/\/extery.com\/lv\/\",\"logo\":{\"@type\":\"ImageObject\",\"inLanguage\":\"lv-LV\",\"@id\":\"https:\/\/extery.com\/lv\/#\/schema\/logo\/image\/\",\"url\":\"https:\/\/extery.com\/wp-content\/uploads\/2023\/11\/footer-logo.svg\",\"contentUrl\":\"https:\/\/extery.com\/wp-content\/uploads\/2023\/11\/footer-logo.svg\",\"caption\":\"Extery\"},\"image\":{\"@id\":\"https:\/\/extery.com\/lv\/#\/schema\/logo\/image\/\"}}]}<\/script>\n<!-- \/ Yoast SEO plugin. -->","yoast_head_json":{"title":"atkritumu urna Solo 100 - Extery atkritumu urna no pils\u0113tas m\u0113be\u013cu kolekcijas","description":"Solo 100 atkritumu urna ir laba un vienk\u0101r\u0161a miskaste, kas piem\u0113rota gan parkam, gan pils\u0113tas ielai. Izliekt\u0101s malas padara Solo vizu\u0101li slaid\u0101ku, neskatoties uz 100 litru ietilp\u012bbu.","robots":{"index":"index","follow":"follow","max-snippet":"max-snippet:-1","max-image-preview":"max-image-preview:large","max-video-preview":"max-video-preview:-1"},"canonical":"https:\/\/extery.com\/lv\/produkti\/solo-100\/","og_locale":"lv_LV","og_type":"article","og_title":"atkritumu urna Solo 100 - Extery atkritumu urna no pils\u0113tas m\u0113be\u013cu kolekcijas","og_description":"Solo 100 atkritumu urna ir laba un vienk\u0101r\u0161a miskaste, kas piem\u0113rota gan parkam, gan pils\u0113tas ielai. Izliekt\u0101s malas padara Solo vizu\u0101li slaid\u0101ku, neskatoties uz 100 litru ietilp\u012bbu.","og_url":"https:\/\/extery.com\/lv\/produkti\/solo-100\/","og_site_name":"Extery","article_modified_time":"2026-04-07T11:54:49+00:00","og_image":[{"width":2560,"height":1707,"url":"https:\/\/extery.com\/wp-content\/uploads\/2020\/11\/Solo100-E-scaled.jpg","type":"image\/jpeg"}],"twitter_card":"summary_large_image","twitter_misc":{"Est. reading time":"1 minute"},"schema":{"@context":"https:\/\/schema.org","@graph":[{"@type":"WebPage","@id":"https:\/\/extery.com\/lv\/produkti\/solo-100\/","url":"https:\/\/extery.com\/lv\/produkti\/solo-100\/","name":"atkritumu urna Solo 100 - Extery atkritumu urna no pils\u0113tas m\u0113be\u013cu kolekcijas","isPartOf":{"@id":"https:\/\/extery.com\/lv\/#website"},"primaryImageOfPage":{"@id":"https:\/\/extery.com\/lv\/produkti\/solo-100\/#primaryimage"},"image":{"@id":"https:\/\/extery.com\/lv\/produkti\/solo-100\/#primaryimage"},"thumbnailUrl":"https:\/\/extery.com\/wp-content\/uploads\/2020\/11\/Solo100-E-scaled.jpg","datePublished":"2020-11-12T11:10:05+00:00","dateModified":"2026-04-07T11:54:49+00:00","description":"Solo 100 atkritumu urna ir laba un vienk\u0101r\u0161a miskaste, kas piem\u0113rota gan parkam, gan pils\u0113tas ielai. Izliekt\u0101s malas padara Solo vizu\u0101li slaid\u0101ku, neskatoties uz 100 litru ietilp\u012bbu.","breadcrumb":{"@id":"https:\/\/extery.com\/lv\/produkti\/solo-100\/#breadcrumb"},"inLanguage":"lv-LV","potentialAction":[{"@type":"ReadAction","target":["https:\/\/extery.com\/lv\/produkti\/solo-100\/"]}]},{"@type":"ImageObject","inLanguage":"lv-LV","@id":"https:\/\/extery.com\/lv\/produkti\/solo-100\/#primaryimage","url":"https:\/\/extery.com\/wp-content\/uploads\/2020\/11\/Solo100-E-scaled.jpg","contentUrl":"https:\/\/extery.com\/wp-content\/uploads\/2020\/11\/Solo100-E-scaled.jpg","width":2560,"height":1707},{"@type":"BreadcrumbList","@id":"https:\/\/extery.com\/lv\/produkti\/solo-100\/#breadcrumb","itemListElement":[{"@type":"ListItem","position":1,"name":"Home","item":"https:\/\/extery.com\/lv\/"},{"@type":"ListItem","position":2,"name":"Produkti","item":"https:\/\/extery.com\/lv\/produkti\/"},{"@type":"ListItem","position":3,"name":"atkritumu urna Solo 100"}]},{"@type":"WebSite","@id":"https:\/\/extery.com\/lv\/#website","url":"https:\/\/extery.com\/lv\/","name":"Extery","description":"","publisher":{"@id":"https:\/\/extery.com\/lv\/#organization"},"potentialAction":[{"@type":"SearchAction","target":{"@type":"EntryPoint","urlTemplate":"https:\/\/extery.com\/lv\/?s={search_term_string}"},"query-input":{"@type":"PropertyValueSpecification","valueRequired":true,"valueName":"search_term_string"}}],"inLanguage":"lv-LV"},{"@type":"Organization","@id":"https:\/\/extery.com\/lv\/#organization","name":"Extery","url":"https:\/\/extery.com\/lv\/","logo":{"@type":"ImageObject","inLanguage":"lv-LV","@id":"https:\/\/extery.com\/lv\/#\/schema\/logo\/image\/","url":"https:\/\/extery.com\/wp-content\/uploads\/2023\/11\/footer-logo.svg","contentUrl":"https:\/\/extery.com\/wp-content\/uploads\/2023\/11\/footer-logo.svg","caption":"Extery"},"image":{"@id":"https:\/\/extery.com\/lv\/#\/schema\/logo\/image\/"}}]}},"_links":{"self":[{"href":"https:\/\/extery.com\/lv\/wp-json\/wp\/v2\/product\/3591","targetHints":{"allow":["GET"]}}],"collection":[{"href":"https:\/\/extery.com\/lv\/wp-json\/wp\/v2\/product"}],"about":[{"href":"https:\/\/extery.com\/lv\/wp-json\/wp\/v2\/types\/product"}],"replies":[{"embeddable":true,"href":"https:\/\/extery.com\/lv\/wp-json\/wp\/v2\/comments?post=3591"}],"wp:featuredmedia":[{"embeddable":true,"href":"https:\/\/extery.com\/lv\/wp-json\/wp\/v2\/media\/2098"}],"wp:attachment":[{"href":"https:\/\/extery.com\/lv\/wp-json\/wp\/v2\/media?parent=3591"}],"wp:term":[{"taxonomy":"product_brand","embeddable":true,"href":"https:\/\/extery.com\/lv\/wp-json\/wp\/v2\/product_brand?post=3591"},{"taxonomy":"product_cat","embeddable":true,"href":"https:\/\/extery.com\/lv\/wp-json\/wp\/v2\/product_cat?post=3591"},{"taxonomy":"product_tag","embeddable":true,"href":"https:\/\/extery.com\/lv\/wp-json\/wp\/v2\/product_tag?post=3591"}],"curies":[{"name":"wp","href":"https:\/\/api.w.org\/{rel}","templated":true}]}}