{"id":3598,"date":"2020-11-12T11:18:43","date_gmt":"2020-11-12T11:18:43","guid":{"rendered":"https:\/\/extery.com\/?post_type=product&#038;p=3598"},"modified":"2026-04-07T11:54:15","modified_gmt":"2026-04-07T11:54:15","slug":"solo-60-p60","status":"publish","type":"product","link":"https:\/\/extery.com\/lv\/produkti\/solo-60-p60\/","title":{"rendered":"atkritumu urna Solo 60 \/ P60"},"content":{"rendered":"<p>Solo 60 atkritumu urna ir laba un vienk\u0101r\u0161a miskaste, kas piem\u0113rota gan parkam, gan uz ielas pils\u0113t\u0101. Izliekt\u0101s malas padara Solo vizu\u0101li pl\u0101n\u0101ku, neskatoties uz t\u0101 lielo ietilp\u012bbu. Apa\u013c\u0101s atveres pie\u0161\u0137ir Solo maigu un pietic\u012bgu izskatu.<br \/>\nPateicoties augst\u0101k paceltajai virsb\u016bvei, sniega t\u012br\u012b\u0161ana un cita apk\u0101rt\u0113j\u0101s teritorijas apkope ir vienk\u0101r\u0161ota.<\/p>\n<p>Solo P60 ir versija bez k\u0101j\u0101m, ko var viegli uzst\u0101d\u012bt gan pie sienas, gan pie staba.<\/p>\n","protected":false},"excerpt":{"rendered":"<p>Solo 60 atkritumu urna ir laba un vienk\u0101r\u0161a miskaste, kas piem\u0113rota gan parkam, gan uz ielas pils\u0113t\u0101. Izliekt\u0101s malas padara Solo vizu\u0101li pl\u0101n\u0101ku, neskatoties uz t\u0101 lielo ietilp\u012bbu. Apa\u013c\u0101s atveres pie\u0161\u0137ir Solo maigu un pietic\u012bgu izskatu. Pateicoties augst\u0101k paceltajai virsb\u016bvei, sniega t\u012br\u012b\u0161ana un cita apk\u0101rt\u0113j\u0101s teritorijas apkope ir vienk\u0101r\u0161ota. Solo P60 ir versija bez k\u0101j\u0101m, [&hellip;]<\/p>\n","protected":false},"featured_media":2084,"comment_status":"open","ping_status":"closed","template":"","meta":{"_acf_changed":false},"product_brand":[],"product_cat":[119],"product_tag":[],"class_list":{"0":"post-3598","1":"product","2":"type-product","3":"status-publish","4":"has-post-thumbnail","6":"product_cat-atkritumu-urnas-lv","7":"product-family-solo-lv","9":"first","10":"instock","11":"shipping-taxable","12":"product-type-simple"},"acf":[],"yoast_head":"<!-- This site is optimized with the Yoast SEO plugin v26.4 - https:\/\/yoast.com\/wordpress\/plugins\/seo\/ -->\n<title>atkritumu urna Solo 60 \/ P60 - Extery<\/title>\n<meta name=\"description\" content=\"Solo 60 atkritumu urna ir laba un vienk\u0101r\u0161a miskaste, kas piem\u0113rota gan parkam, gan uz ielas pils\u0113t\u0101. Izliekt\u0101s malas padara Solo vizu\u0101li pl\u0101n\u0101ku, neskatoties uz t\u0101 lielo ietilp\u012bbu.\" \/>\n<meta name=\"robots\" content=\"index, follow, max-snippet:-1, max-image-preview:large, max-video-preview:-1\" \/>\n<link rel=\"canonical\" href=\"https:\/\/extery.com\/lv\/produkti\/solo-60-p60\/\" \/>\n<meta property=\"og:locale\" content=\"lv_LV\" \/>\n<meta property=\"og:type\" content=\"article\" \/>\n<meta property=\"og:title\" content=\"atkritumu urna Solo 60 \/ P60 - Extery\" \/>\n<meta property=\"og:description\" content=\"Solo 60 atkritumu urna ir laba un vienk\u0101r\u0161a miskaste, kas piem\u0113rota gan parkam, gan uz ielas pils\u0113t\u0101. Izliekt\u0101s malas padara Solo vizu\u0101li pl\u0101n\u0101ku, neskatoties uz t\u0101 lielo ietilp\u012bbu.\" \/>\n<meta property=\"og:url\" content=\"https:\/\/extery.com\/lv\/produkti\/solo-60-p60\/\" \/>\n<meta property=\"og:site_name\" content=\"Extery\" \/>\n<meta property=\"article:modified_time\" content=\"2026-04-07T11:54:15+00:00\" \/>\n<meta property=\"og:image\" content=\"https:\/\/extery.com\/wp-content\/uploads\/2020\/11\/Solo-60-K-hele-scaled.jpg\" \/>\n\t<meta property=\"og:image:width\" content=\"2560\" \/>\n\t<meta property=\"og:image:height\" content=\"1707\" \/>\n\t<meta property=\"og:image:type\" content=\"image\/jpeg\" \/>\n<meta name=\"twitter:card\" content=\"summary_large_image\" \/>\n<meta name=\"twitter:label1\" content=\"Est. reading time\" \/>\n\t<meta name=\"twitter:data1\" content=\"1 minute\" \/>\n<script type=\"application\/ld+json\" class=\"yoast-schema-graph\">{\"@context\":\"https:\/\/schema.org\",\"@graph\":[{\"@type\":\"WebPage\",\"@id\":\"https:\/\/extery.com\/lv\/produkti\/solo-60-p60\/\",\"url\":\"https:\/\/extery.com\/lv\/produkti\/solo-60-p60\/\",\"name\":\"atkritumu urna Solo 60 \/ P60 - Extery\",\"isPartOf\":{\"@id\":\"https:\/\/extery.com\/lv\/#website\"},\"primaryImageOfPage\":{\"@id\":\"https:\/\/extery.com\/lv\/produkti\/solo-60-p60\/#primaryimage\"},\"image\":{\"@id\":\"https:\/\/extery.com\/lv\/produkti\/solo-60-p60\/#primaryimage\"},\"thumbnailUrl\":\"https:\/\/extery.com\/wp-content\/uploads\/2020\/11\/Solo-60-K-hele-scaled.jpg\",\"datePublished\":\"2020-11-12T11:18:43+00:00\",\"dateModified\":\"2026-04-07T11:54:15+00:00\",\"description\":\"Solo 60 atkritumu urna ir laba un vienk\u0101r\u0161a miskaste, kas piem\u0113rota gan parkam, gan uz ielas pils\u0113t\u0101. Izliekt\u0101s malas padara Solo vizu\u0101li pl\u0101n\u0101ku, neskatoties uz t\u0101 lielo ietilp\u012bbu.\",\"breadcrumb\":{\"@id\":\"https:\/\/extery.com\/lv\/produkti\/solo-60-p60\/#breadcrumb\"},\"inLanguage\":\"lv-LV\",\"potentialAction\":[{\"@type\":\"ReadAction\",\"target\":[\"https:\/\/extery.com\/lv\/produkti\/solo-60-p60\/\"]}]},{\"@type\":\"ImageObject\",\"inLanguage\":\"lv-LV\",\"@id\":\"https:\/\/extery.com\/lv\/produkti\/solo-60-p60\/#primaryimage\",\"url\":\"https:\/\/extery.com\/wp-content\/uploads\/2020\/11\/Solo-60-K-hele-scaled.jpg\",\"contentUrl\":\"https:\/\/extery.com\/wp-content\/uploads\/2020\/11\/Solo-60-K-hele-scaled.jpg\",\"width\":2560,\"height\":1707},{\"@type\":\"BreadcrumbList\",\"@id\":\"https:\/\/extery.com\/lv\/produkti\/solo-60-p60\/#breadcrumb\",\"itemListElement\":[{\"@type\":\"ListItem\",\"position\":1,\"name\":\"Home\",\"item\":\"https:\/\/extery.com\/lv\/\"},{\"@type\":\"ListItem\",\"position\":2,\"name\":\"Produkti\",\"item\":\"https:\/\/extery.com\/lv\/produkti\/\"},{\"@type\":\"ListItem\",\"position\":3,\"name\":\"atkritumu urna Solo 60 \/ P60\"}]},{\"@type\":\"WebSite\",\"@id\":\"https:\/\/extery.com\/lv\/#website\",\"url\":\"https:\/\/extery.com\/lv\/\",\"name\":\"Extery\",\"description\":\"\",\"publisher\":{\"@id\":\"https:\/\/extery.com\/lv\/#organization\"},\"potentialAction\":[{\"@type\":\"SearchAction\",\"target\":{\"@type\":\"EntryPoint\",\"urlTemplate\":\"https:\/\/extery.com\/lv\/?s={search_term_string}\"},\"query-input\":{\"@type\":\"PropertyValueSpecification\",\"valueRequired\":true,\"valueName\":\"search_term_string\"}}],\"inLanguage\":\"lv-LV\"},{\"@type\":\"Organization\",\"@id\":\"https:\/\/extery.com\/lv\/#organization\",\"name\":\"Extery\",\"url\":\"https:\/\/extery.com\/lv\/\",\"logo\":{\"@type\":\"ImageObject\",\"inLanguage\":\"lv-LV\",\"@id\":\"https:\/\/extery.com\/lv\/#\/schema\/logo\/image\/\",\"url\":\"https:\/\/extery.com\/wp-content\/uploads\/2023\/11\/footer-logo.svg\",\"contentUrl\":\"https:\/\/extery.com\/wp-content\/uploads\/2023\/11\/footer-logo.svg\",\"caption\":\"Extery\"},\"image\":{\"@id\":\"https:\/\/extery.com\/lv\/#\/schema\/logo\/image\/\"}}]}<\/script>\n<!-- \/ Yoast SEO plugin. -->","yoast_head_json":{"title":"atkritumu urna Solo 60 \/ P60 - Extery","description":"Solo 60 atkritumu urna ir laba un vienk\u0101r\u0161a miskaste, kas piem\u0113rota gan parkam, gan uz ielas pils\u0113t\u0101. Izliekt\u0101s malas padara Solo vizu\u0101li pl\u0101n\u0101ku, neskatoties uz t\u0101 lielo ietilp\u012bbu.","robots":{"index":"index","follow":"follow","max-snippet":"max-snippet:-1","max-image-preview":"max-image-preview:large","max-video-preview":"max-video-preview:-1"},"canonical":"https:\/\/extery.com\/lv\/produkti\/solo-60-p60\/","og_locale":"lv_LV","og_type":"article","og_title":"atkritumu urna Solo 60 \/ P60 - Extery","og_description":"Solo 60 atkritumu urna ir laba un vienk\u0101r\u0161a miskaste, kas piem\u0113rota gan parkam, gan uz ielas pils\u0113t\u0101. Izliekt\u0101s malas padara Solo vizu\u0101li pl\u0101n\u0101ku, neskatoties uz t\u0101 lielo ietilp\u012bbu.","og_url":"https:\/\/extery.com\/lv\/produkti\/solo-60-p60\/","og_site_name":"Extery","article_modified_time":"2026-04-07T11:54:15+00:00","og_image":[{"width":2560,"height":1707,"url":"https:\/\/extery.com\/wp-content\/uploads\/2020\/11\/Solo-60-K-hele-scaled.jpg","type":"image\/jpeg"}],"twitter_card":"summary_large_image","twitter_misc":{"Est. reading time":"1 minute"},"schema":{"@context":"https:\/\/schema.org","@graph":[{"@type":"WebPage","@id":"https:\/\/extery.com\/lv\/produkti\/solo-60-p60\/","url":"https:\/\/extery.com\/lv\/produkti\/solo-60-p60\/","name":"atkritumu urna Solo 60 \/ P60 - Extery","isPartOf":{"@id":"https:\/\/extery.com\/lv\/#website"},"primaryImageOfPage":{"@id":"https:\/\/extery.com\/lv\/produkti\/solo-60-p60\/#primaryimage"},"image":{"@id":"https:\/\/extery.com\/lv\/produkti\/solo-60-p60\/#primaryimage"},"thumbnailUrl":"https:\/\/extery.com\/wp-content\/uploads\/2020\/11\/Solo-60-K-hele-scaled.jpg","datePublished":"2020-11-12T11:18:43+00:00","dateModified":"2026-04-07T11:54:15+00:00","description":"Solo 60 atkritumu urna ir laba un vienk\u0101r\u0161a miskaste, kas piem\u0113rota gan parkam, gan uz ielas pils\u0113t\u0101. Izliekt\u0101s malas padara Solo vizu\u0101li pl\u0101n\u0101ku, neskatoties uz t\u0101 lielo ietilp\u012bbu.","breadcrumb":{"@id":"https:\/\/extery.com\/lv\/produkti\/solo-60-p60\/#breadcrumb"},"inLanguage":"lv-LV","potentialAction":[{"@type":"ReadAction","target":["https:\/\/extery.com\/lv\/produkti\/solo-60-p60\/"]}]},{"@type":"ImageObject","inLanguage":"lv-LV","@id":"https:\/\/extery.com\/lv\/produkti\/solo-60-p60\/#primaryimage","url":"https:\/\/extery.com\/wp-content\/uploads\/2020\/11\/Solo-60-K-hele-scaled.jpg","contentUrl":"https:\/\/extery.com\/wp-content\/uploads\/2020\/11\/Solo-60-K-hele-scaled.jpg","width":2560,"height":1707},{"@type":"BreadcrumbList","@id":"https:\/\/extery.com\/lv\/produkti\/solo-60-p60\/#breadcrumb","itemListElement":[{"@type":"ListItem","position":1,"name":"Home","item":"https:\/\/extery.com\/lv\/"},{"@type":"ListItem","position":2,"name":"Produkti","item":"https:\/\/extery.com\/lv\/produkti\/"},{"@type":"ListItem","position":3,"name":"atkritumu urna Solo 60 \/ P60"}]},{"@type":"WebSite","@id":"https:\/\/extery.com\/lv\/#website","url":"https:\/\/extery.com\/lv\/","name":"Extery","description":"","publisher":{"@id":"https:\/\/extery.com\/lv\/#organization"},"potentialAction":[{"@type":"SearchAction","target":{"@type":"EntryPoint","urlTemplate":"https:\/\/extery.com\/lv\/?s={search_term_string}"},"query-input":{"@type":"PropertyValueSpecification","valueRequired":true,"valueName":"search_term_string"}}],"inLanguage":"lv-LV"},{"@type":"Organization","@id":"https:\/\/extery.com\/lv\/#organization","name":"Extery","url":"https:\/\/extery.com\/lv\/","logo":{"@type":"ImageObject","inLanguage":"lv-LV","@id":"https:\/\/extery.com\/lv\/#\/schema\/logo\/image\/","url":"https:\/\/extery.com\/wp-content\/uploads\/2023\/11\/footer-logo.svg","contentUrl":"https:\/\/extery.com\/wp-content\/uploads\/2023\/11\/footer-logo.svg","caption":"Extery"},"image":{"@id":"https:\/\/extery.com\/lv\/#\/schema\/logo\/image\/"}}]}},"_links":{"self":[{"href":"https:\/\/extery.com\/lv\/wp-json\/wp\/v2\/product\/3598","targetHints":{"allow":["GET"]}}],"collection":[{"href":"https:\/\/extery.com\/lv\/wp-json\/wp\/v2\/product"}],"about":[{"href":"https:\/\/extery.com\/lv\/wp-json\/wp\/v2\/types\/product"}],"replies":[{"embeddable":true,"href":"https:\/\/extery.com\/lv\/wp-json\/wp\/v2\/comments?post=3598"}],"wp:featuredmedia":[{"embeddable":true,"href":"https:\/\/extery.com\/lv\/wp-json\/wp\/v2\/media\/2084"}],"wp:attachment":[{"href":"https:\/\/extery.com\/lv\/wp-json\/wp\/v2\/media?parent=3598"}],"wp:term":[{"taxonomy":"product_brand","embeddable":true,"href":"https:\/\/extery.com\/lv\/wp-json\/wp\/v2\/product_brand?post=3598"},{"taxonomy":"product_cat","embeddable":true,"href":"https:\/\/extery.com\/lv\/wp-json\/wp\/v2\/product_cat?post=3598"},{"taxonomy":"product_tag","embeddable":true,"href":"https:\/\/extery.com\/lv\/wp-json\/wp\/v2\/product_tag?post=3598"}],"curies":[{"name":"wp","href":"https:\/\/api.w.org\/{rel}","templated":true}]}}