{"id":3605,"date":"2020-11-12T11:21:10","date_gmt":"2020-11-12T11:21:10","guid":{"rendered":"https:\/\/extery.com\/?post_type=product&#038;p=3605"},"modified":"2026-04-13T10:21:04","modified_gmt":"2026-04-13T10:21:04","slug":"atkritumu-urna-tvertne-skirosana-look70","status":"publish","type":"product","link":"https:\/\/extery.com\/lv\/produkti\/atkritumu-urna-tvertne-skirosana-look70\/","title":{"rendered":"atkritumu urna Look 70"},"content":{"rendered":"<p class=\"tw-data-text tw-text-large tw-ta\" dir=\"ltr\" data-placeholder=\"T\u00f5lge\"><span class=\"Y2IQFc\" lang=\"lv\">Look 70 atkritumu urna<\/span><span class=\"Y2IQFc\" lang=\"lv\">\u00a0ir eleganta un diskr\u0113ta. Look s\u0113rija ir izstr\u0101d\u0101ta, \u0146emot v\u0113r\u0101 m\u016bsdienu pils\u0113tas telpas. B\u016bdams neuzkr\u012bto\u0161s, bet p\u0113c v\u0113l\u0113\u0161an\u0101s p\u0101rv\u0113r\u0161as par \u0101ri\u0161\u0137\u012bgu rekl\u0101mas virsmu, Look ir ide\u0101ls risin\u0101jums publisk\u0101s telpas projekt\u0113\u0161an\u0101. Daudzpus\u012bgie konteineri ir piem\u0113roti lieto\u0161anai gan telp\u0101 starp mas\u012bv\u0101m biroju \u0113k\u0101m, gan degvielas uzpildes stacij\u0101s, gan modernu daudzdz\u012bvok\u013cu m\u0101ju pagalmos.<\/span><\/p>\n<p><span class=\"Y2IQFc\" lang=\"lv\">Apr\u012bkotas ar vair\u0101kiem nodal\u012bjumiem, s\u0113rijas atkritumu urn\u0101s var \u0113rti uzglab\u0101t ar\u012b iepriek\u0161 \u0161\u0137irotos atkritumus.<\/span><\/p>\n<p>&nbsp;<\/p>\n","protected":false},"excerpt":{"rendered":"<p>Look 70 atkritumu urna\u00a0ir eleganta un diskr\u0113ta. Look s\u0113rija ir izstr\u0101d\u0101ta, \u0146emot v\u0113r\u0101 m\u016bsdienu pils\u0113tas telpas. B\u016bdams neuzkr\u012bto\u0161s, bet p\u0113c v\u0113l\u0113\u0161an\u0101s p\u0101rv\u0113r\u0161as par \u0101ri\u0161\u0137\u012bgu rekl\u0101mas virsmu, Look ir ide\u0101ls risin\u0101jums publisk\u0101s telpas projekt\u0113\u0161an\u0101. Daudzpus\u012bgie konteineri ir piem\u0113roti lieto\u0161anai gan telp\u0101 starp mas\u012bv\u0101m biroju \u0113k\u0101m, gan degvielas uzpildes stacij\u0101s, gan modernu daudzdz\u012bvok\u013cu m\u0101ju pagalmos. Apr\u012bkotas ar [&hellip;]<\/p>\n","protected":false},"featured_media":2042,"comment_status":"open","ping_status":"closed","template":"","meta":{"_acf_changed":false},"product_brand":[],"product_cat":[119],"product_tag":[],"class_list":{"0":"post-3605","1":"product","2":"type-product","3":"status-publish","4":"has-post-thumbnail","6":"product_cat-atkritumu-urnas-lv","7":"product-family-look-lv","9":"first","10":"instock","11":"shipping-taxable","12":"product-type-simple"},"acf":[],"yoast_head":"<!-- This site is optimized with the Yoast SEO plugin v26.4 - https:\/\/yoast.com\/wordpress\/plugins\/seo\/ -->\n<title>atkritumu urna Look 70 - Extery<\/title>\n<meta name=\"description\" content=\"Look 70 miskaste ir eleganta un diskr\u0113ta. Look s\u0113rija ir izstr\u0101d\u0101ta, \u0146emot v\u0113r\u0101 m\u016bsdienu pils\u0113tas telpas. B\u016bt neuzkr\u012bto\u0161am, bet p\u0113c v\u0113l\u0113\u0161an\u0101s p\u0101rv\u0113rsties par \u0101ri\u0161\u0137\u012bgu rekl\u0101mas laukumu.\" \/>\n<meta name=\"robots\" content=\"index, follow, max-snippet:-1, max-image-preview:large, max-video-preview:-1\" \/>\n<link rel=\"canonical\" href=\"https:\/\/extery.com\/lv\/produkti\/atkritumu-urna-tvertne-skirosana-look70\/\" \/>\n<meta property=\"og:locale\" content=\"lv_LV\" \/>\n<meta property=\"og:type\" content=\"article\" \/>\n<meta property=\"og:title\" content=\"atkritumu urna Look 70 - Extery\" \/>\n<meta property=\"og:description\" content=\"Look 70 miskaste ir eleganta un diskr\u0113ta. Look s\u0113rija ir izstr\u0101d\u0101ta, \u0146emot v\u0113r\u0101 m\u016bsdienu pils\u0113tas telpas. B\u016bt neuzkr\u012bto\u0161am, bet p\u0113c v\u0113l\u0113\u0161an\u0101s p\u0101rv\u0113rsties par \u0101ri\u0161\u0137\u012bgu rekl\u0101mas laukumu.\" \/>\n<meta property=\"og:url\" content=\"https:\/\/extery.com\/lv\/produkti\/atkritumu-urna-tvertne-skirosana-look70\/\" \/>\n<meta property=\"og:site_name\" content=\"Extery\" \/>\n<meta property=\"article:modified_time\" content=\"2026-04-13T10:21:04+00:00\" \/>\n<meta property=\"og:image\" content=\"https:\/\/extery.com\/wp-content\/uploads\/2020\/11\/Look70-E-scaled.jpg\" \/>\n\t<meta property=\"og:image:width\" content=\"2560\" \/>\n\t<meta property=\"og:image:height\" content=\"1707\" \/>\n\t<meta property=\"og:image:type\" content=\"image\/jpeg\" \/>\n<meta name=\"twitter:card\" content=\"summary_large_image\" \/>\n<meta name=\"twitter:label1\" content=\"Est. reading time\" \/>\n\t<meta name=\"twitter:data1\" content=\"1 minute\" \/>\n<script type=\"application\/ld+json\" class=\"yoast-schema-graph\">{\"@context\":\"https:\/\/schema.org\",\"@graph\":[{\"@type\":\"WebPage\",\"@id\":\"https:\/\/extery.com\/lv\/produkti\/atkritumu-urna-tvertne-skirosana-look70\/\",\"url\":\"https:\/\/extery.com\/lv\/produkti\/atkritumu-urna-tvertne-skirosana-look70\/\",\"name\":\"atkritumu urna Look 70 - Extery\",\"isPartOf\":{\"@id\":\"https:\/\/extery.com\/lv\/#website\"},\"primaryImageOfPage\":{\"@id\":\"https:\/\/extery.com\/lv\/produkti\/atkritumu-urna-tvertne-skirosana-look70\/#primaryimage\"},\"image\":{\"@id\":\"https:\/\/extery.com\/lv\/produkti\/atkritumu-urna-tvertne-skirosana-look70\/#primaryimage\"},\"thumbnailUrl\":\"https:\/\/extery.com\/wp-content\/uploads\/2020\/11\/Look70-E-scaled.jpg\",\"datePublished\":\"2020-11-12T11:21:10+00:00\",\"dateModified\":\"2026-04-13T10:21:04+00:00\",\"description\":\"Look 70 miskaste ir eleganta un diskr\u0113ta. Look s\u0113rija ir izstr\u0101d\u0101ta, \u0146emot v\u0113r\u0101 m\u016bsdienu pils\u0113tas telpas. B\u016bt neuzkr\u012bto\u0161am, bet p\u0113c v\u0113l\u0113\u0161an\u0101s p\u0101rv\u0113rsties par \u0101ri\u0161\u0137\u012bgu rekl\u0101mas laukumu.\",\"breadcrumb\":{\"@id\":\"https:\/\/extery.com\/lv\/produkti\/atkritumu-urna-tvertne-skirosana-look70\/#breadcrumb\"},\"inLanguage\":\"lv-LV\",\"potentialAction\":[{\"@type\":\"ReadAction\",\"target\":[\"https:\/\/extery.com\/lv\/produkti\/atkritumu-urna-tvertne-skirosana-look70\/\"]}]},{\"@type\":\"ImageObject\",\"inLanguage\":\"lv-LV\",\"@id\":\"https:\/\/extery.com\/lv\/produkti\/atkritumu-urna-tvertne-skirosana-look70\/#primaryimage\",\"url\":\"https:\/\/extery.com\/wp-content\/uploads\/2020\/11\/Look70-E-scaled.jpg\",\"contentUrl\":\"https:\/\/extery.com\/wp-content\/uploads\/2020\/11\/Look70-E-scaled.jpg\",\"width\":2560,\"height\":1707},{\"@type\":\"BreadcrumbList\",\"@id\":\"https:\/\/extery.com\/lv\/produkti\/atkritumu-urna-tvertne-skirosana-look70\/#breadcrumb\",\"itemListElement\":[{\"@type\":\"ListItem\",\"position\":1,\"name\":\"Home\",\"item\":\"https:\/\/extery.com\/lv\/\"},{\"@type\":\"ListItem\",\"position\":2,\"name\":\"Produkti\",\"item\":\"https:\/\/extery.com\/lv\/produkti\/\"},{\"@type\":\"ListItem\",\"position\":3,\"name\":\"atkritumu urna Look 70\"}]},{\"@type\":\"WebSite\",\"@id\":\"https:\/\/extery.com\/lv\/#website\",\"url\":\"https:\/\/extery.com\/lv\/\",\"name\":\"Extery\",\"description\":\"\",\"publisher\":{\"@id\":\"https:\/\/extery.com\/lv\/#organization\"},\"potentialAction\":[{\"@type\":\"SearchAction\",\"target\":{\"@type\":\"EntryPoint\",\"urlTemplate\":\"https:\/\/extery.com\/lv\/?s={search_term_string}\"},\"query-input\":{\"@type\":\"PropertyValueSpecification\",\"valueRequired\":true,\"valueName\":\"search_term_string\"}}],\"inLanguage\":\"lv-LV\"},{\"@type\":\"Organization\",\"@id\":\"https:\/\/extery.com\/lv\/#organization\",\"name\":\"Extery\",\"url\":\"https:\/\/extery.com\/lv\/\",\"logo\":{\"@type\":\"ImageObject\",\"inLanguage\":\"lv-LV\",\"@id\":\"https:\/\/extery.com\/lv\/#\/schema\/logo\/image\/\",\"url\":\"https:\/\/extery.com\/wp-content\/uploads\/2023\/11\/footer-logo.svg\",\"contentUrl\":\"https:\/\/extery.com\/wp-content\/uploads\/2023\/11\/footer-logo.svg\",\"caption\":\"Extery\"},\"image\":{\"@id\":\"https:\/\/extery.com\/lv\/#\/schema\/logo\/image\/\"}}]}<\/script>\n<!-- \/ Yoast SEO plugin. -->","yoast_head_json":{"title":"atkritumu urna Look 70 - Extery","description":"Look 70 miskaste ir eleganta un diskr\u0113ta. Look s\u0113rija ir izstr\u0101d\u0101ta, \u0146emot v\u0113r\u0101 m\u016bsdienu pils\u0113tas telpas. B\u016bt neuzkr\u012bto\u0161am, bet p\u0113c v\u0113l\u0113\u0161an\u0101s p\u0101rv\u0113rsties par \u0101ri\u0161\u0137\u012bgu rekl\u0101mas laukumu.","robots":{"index":"index","follow":"follow","max-snippet":"max-snippet:-1","max-image-preview":"max-image-preview:large","max-video-preview":"max-video-preview:-1"},"canonical":"https:\/\/extery.com\/lv\/produkti\/atkritumu-urna-tvertne-skirosana-look70\/","og_locale":"lv_LV","og_type":"article","og_title":"atkritumu urna Look 70 - Extery","og_description":"Look 70 miskaste ir eleganta un diskr\u0113ta. Look s\u0113rija ir izstr\u0101d\u0101ta, \u0146emot v\u0113r\u0101 m\u016bsdienu pils\u0113tas telpas. B\u016bt neuzkr\u012bto\u0161am, bet p\u0113c v\u0113l\u0113\u0161an\u0101s p\u0101rv\u0113rsties par \u0101ri\u0161\u0137\u012bgu rekl\u0101mas laukumu.","og_url":"https:\/\/extery.com\/lv\/produkti\/atkritumu-urna-tvertne-skirosana-look70\/","og_site_name":"Extery","article_modified_time":"2026-04-13T10:21:04+00:00","og_image":[{"width":2560,"height":1707,"url":"https:\/\/extery.com\/wp-content\/uploads\/2020\/11\/Look70-E-scaled.jpg","type":"image\/jpeg"}],"twitter_card":"summary_large_image","twitter_misc":{"Est. reading time":"1 minute"},"schema":{"@context":"https:\/\/schema.org","@graph":[{"@type":"WebPage","@id":"https:\/\/extery.com\/lv\/produkti\/atkritumu-urna-tvertne-skirosana-look70\/","url":"https:\/\/extery.com\/lv\/produkti\/atkritumu-urna-tvertne-skirosana-look70\/","name":"atkritumu urna Look 70 - Extery","isPartOf":{"@id":"https:\/\/extery.com\/lv\/#website"},"primaryImageOfPage":{"@id":"https:\/\/extery.com\/lv\/produkti\/atkritumu-urna-tvertne-skirosana-look70\/#primaryimage"},"image":{"@id":"https:\/\/extery.com\/lv\/produkti\/atkritumu-urna-tvertne-skirosana-look70\/#primaryimage"},"thumbnailUrl":"https:\/\/extery.com\/wp-content\/uploads\/2020\/11\/Look70-E-scaled.jpg","datePublished":"2020-11-12T11:21:10+00:00","dateModified":"2026-04-13T10:21:04+00:00","description":"Look 70 miskaste ir eleganta un diskr\u0113ta. Look s\u0113rija ir izstr\u0101d\u0101ta, \u0146emot v\u0113r\u0101 m\u016bsdienu pils\u0113tas telpas. B\u016bt neuzkr\u012bto\u0161am, bet p\u0113c v\u0113l\u0113\u0161an\u0101s p\u0101rv\u0113rsties par \u0101ri\u0161\u0137\u012bgu rekl\u0101mas laukumu.","breadcrumb":{"@id":"https:\/\/extery.com\/lv\/produkti\/atkritumu-urna-tvertne-skirosana-look70\/#breadcrumb"},"inLanguage":"lv-LV","potentialAction":[{"@type":"ReadAction","target":["https:\/\/extery.com\/lv\/produkti\/atkritumu-urna-tvertne-skirosana-look70\/"]}]},{"@type":"ImageObject","inLanguage":"lv-LV","@id":"https:\/\/extery.com\/lv\/produkti\/atkritumu-urna-tvertne-skirosana-look70\/#primaryimage","url":"https:\/\/extery.com\/wp-content\/uploads\/2020\/11\/Look70-E-scaled.jpg","contentUrl":"https:\/\/extery.com\/wp-content\/uploads\/2020\/11\/Look70-E-scaled.jpg","width":2560,"height":1707},{"@type":"BreadcrumbList","@id":"https:\/\/extery.com\/lv\/produkti\/atkritumu-urna-tvertne-skirosana-look70\/#breadcrumb","itemListElement":[{"@type":"ListItem","position":1,"name":"Home","item":"https:\/\/extery.com\/lv\/"},{"@type":"ListItem","position":2,"name":"Produkti","item":"https:\/\/extery.com\/lv\/produkti\/"},{"@type":"ListItem","position":3,"name":"atkritumu urna Look 70"}]},{"@type":"WebSite","@id":"https:\/\/extery.com\/lv\/#website","url":"https:\/\/extery.com\/lv\/","name":"Extery","description":"","publisher":{"@id":"https:\/\/extery.com\/lv\/#organization"},"potentialAction":[{"@type":"SearchAction","target":{"@type":"EntryPoint","urlTemplate":"https:\/\/extery.com\/lv\/?s={search_term_string}"},"query-input":{"@type":"PropertyValueSpecification","valueRequired":true,"valueName":"search_term_string"}}],"inLanguage":"lv-LV"},{"@type":"Organization","@id":"https:\/\/extery.com\/lv\/#organization","name":"Extery","url":"https:\/\/extery.com\/lv\/","logo":{"@type":"ImageObject","inLanguage":"lv-LV","@id":"https:\/\/extery.com\/lv\/#\/schema\/logo\/image\/","url":"https:\/\/extery.com\/wp-content\/uploads\/2023\/11\/footer-logo.svg","contentUrl":"https:\/\/extery.com\/wp-content\/uploads\/2023\/11\/footer-logo.svg","caption":"Extery"},"image":{"@id":"https:\/\/extery.com\/lv\/#\/schema\/logo\/image\/"}}]}},"_links":{"self":[{"href":"https:\/\/extery.com\/lv\/wp-json\/wp\/v2\/product\/3605","targetHints":{"allow":["GET"]}}],"collection":[{"href":"https:\/\/extery.com\/lv\/wp-json\/wp\/v2\/product"}],"about":[{"href":"https:\/\/extery.com\/lv\/wp-json\/wp\/v2\/types\/product"}],"replies":[{"embeddable":true,"href":"https:\/\/extery.com\/lv\/wp-json\/wp\/v2\/comments?post=3605"}],"wp:featuredmedia":[{"embeddable":true,"href":"https:\/\/extery.com\/lv\/wp-json\/wp\/v2\/media\/2042"}],"wp:attachment":[{"href":"https:\/\/extery.com\/lv\/wp-json\/wp\/v2\/media?parent=3605"}],"wp:term":[{"taxonomy":"product_brand","embeddable":true,"href":"https:\/\/extery.com\/lv\/wp-json\/wp\/v2\/product_brand?post=3605"},{"taxonomy":"product_cat","embeddable":true,"href":"https:\/\/extery.com\/lv\/wp-json\/wp\/v2\/product_cat?post=3605"},{"taxonomy":"product_tag","embeddable":true,"href":"https:\/\/extery.com\/lv\/wp-json\/wp\/v2\/product_tag?post=3605"}],"curies":[{"name":"wp","href":"https:\/\/api.w.org\/{rel}","templated":true}]}}