{"id":3613,"date":"2020-11-12T15:08:32","date_gmt":"2020-11-12T15:08:32","guid":{"rendered":"https:\/\/extery.com\/?post_type=product&#038;p=3613"},"modified":"2026-04-07T11:37:16","modified_gmt":"2026-04-07T11:37:16","slug":"vandal-75","status":"publish","type":"product","link":"https:\/\/extery.com\/lv\/produkti\/vandal-75\/","title":{"rendered":"atkritumu urna Vandal 75"},"content":{"rendered":"<p>Atkritumu urna Vandal 75 ir vienk\u0101r\u0161a un \u0161armanta. Vandal 75 \u0123eometrisk\u0101 vienk\u0101r\u0161\u012bba un elegance liek atkritumu urnai lieliski sapl\u016bst ar vidi un ir vienlaikus diezgan pievilc\u012bgs pils\u0113tas telp\u0101. Urnas p\u0101rsegs virs atveres ne\u013cauj lietum iek\u013c\u016bt atkritumu tvertn\u0113 k\u0101 ar\u012b ne\u013cauj putniem izvilkt atkritumus.<\/p>\n<p><iframe loading=\"lazy\" title=\"Litter bin VANDAL 75 by EXTERY urban furniture\" width=\"500\" height=\"281\" src=\"https:\/\/www.youtube.com\/embed\/EoOM33YsdRY?feature=oembed\" frameborder=\"0\" allow=\"accelerometer; autoplay; clipboard-write; encrypted-media; gyroscope; picture-in-picture; web-share\" referrerpolicy=\"strict-origin-when-cross-origin\" allowfullscreen><\/iframe><\/p>\n<p>Vandal 75 dizains, nofiks\u0113tais konteiners un izsm\u0113\u0137u konteiners aug\u0161da\u013c\u0101, k\u0101 ar\u012b atdal\u012btu deta\u013cu tr\u016bkums ir izstr\u0101d\u0101ts, lai nodro\u0161in\u0101tu izstr\u0101d\u0101juma iztur\u012bbu pret vand\u0101lismu.<\/p>\n","protected":false},"excerpt":{"rendered":"<p>Atkritumu urna Vandal 75 ir vienk\u0101r\u0161a un \u0161armanta. Vandal 75 \u0123eometrisk\u0101 vienk\u0101r\u0161\u012bba un elegance liek atkritumu urnai lieliski sapl\u016bst ar vidi un ir vienlaikus diezgan pievilc\u012bgs pils\u0113tas telp\u0101. Urnas p\u0101rsegs virs atveres ne\u013cauj lietum iek\u013c\u016bt atkritumu tvertn\u0113 k\u0101 ar\u012b ne\u013cauj putniem izvilkt atkritumus. Vandal 75 dizains, nofiks\u0113tais konteiners un izsm\u0113\u0137u konteiners aug\u0161da\u013c\u0101, k\u0101 ar\u012b atdal\u012btu [&hellip;]<\/p>\n","protected":false},"featured_media":2126,"comment_status":"open","ping_status":"closed","template":"","meta":{"_acf_changed":false},"product_brand":[],"product_cat":[119],"product_tag":[],"class_list":{"0":"post-3613","1":"product","2":"type-product","3":"status-publish","4":"has-post-thumbnail","6":"product_cat-atkritumu-urnas-lv","7":"product-family-vandal-lv","9":"first","10":"instock","11":"shipping-taxable","12":"product-type-simple"},"acf":[],"yoast_head":"<!-- This site is optimized with the Yoast SEO plugin v26.4 - https:\/\/yoast.com\/wordpress\/plugins\/seo\/ -->\n<title>atkritumu urna Vandal 75 - Extery pils\u0113tas m\u0113beles atkritumu tvertne<\/title>\n<meta name=\"description\" content=\"Vandal 75 \u0123eometrisk\u0101 vienk\u0101r\u0161\u012bba un elegance liek atkritumu tvernei lieliski sapl\u016bst ar vidi un ir vienlaikus diezgan pievilc\u012bgs pils\u0113tas telp\u0101.\" \/>\n<meta name=\"robots\" content=\"index, follow, max-snippet:-1, max-image-preview:large, max-video-preview:-1\" \/>\n<link rel=\"canonical\" href=\"https:\/\/extery.com\/lv\/produkti\/vandal-75\/\" \/>\n<meta property=\"og:locale\" content=\"lv_LV\" \/>\n<meta property=\"og:type\" content=\"article\" \/>\n<meta property=\"og:title\" content=\"atkritumu urna Vandal 75 - Extery pils\u0113tas m\u0113beles atkritumu tvertne\" \/>\n<meta property=\"og:description\" content=\"Vandal 75 \u0123eometrisk\u0101 vienk\u0101r\u0161\u012bba un elegance liek atkritumu tvernei lieliski sapl\u016bst ar vidi un ir vienlaikus diezgan pievilc\u012bgs pils\u0113tas telp\u0101.\" \/>\n<meta property=\"og:url\" content=\"https:\/\/extery.com\/lv\/produkti\/vandal-75\/\" \/>\n<meta property=\"og:site_name\" content=\"Extery\" \/>\n<meta property=\"article:modified_time\" content=\"2026-04-07T11:37:16+00:00\" \/>\n<meta property=\"og:image\" content=\"https:\/\/extery.com\/wp-content\/uploads\/2020\/11\/Vandal75-E-scaled.jpg\" \/>\n\t<meta property=\"og:image:width\" content=\"2560\" \/>\n\t<meta property=\"og:image:height\" content=\"1707\" \/>\n\t<meta property=\"og:image:type\" content=\"image\/jpeg\" \/>\n<meta name=\"twitter:card\" content=\"summary_large_image\" \/>\n<meta name=\"twitter:label1\" content=\"Est. reading time\" \/>\n\t<meta name=\"twitter:data1\" content=\"1 minute\" \/>\n<script type=\"application\/ld+json\" class=\"yoast-schema-graph\">{\"@context\":\"https:\/\/schema.org\",\"@graph\":[{\"@type\":\"WebPage\",\"@id\":\"https:\/\/extery.com\/lv\/produkti\/vandal-75\/\",\"url\":\"https:\/\/extery.com\/lv\/produkti\/vandal-75\/\",\"name\":\"atkritumu urna Vandal 75 - Extery pils\u0113tas m\u0113beles atkritumu tvertne\",\"isPartOf\":{\"@id\":\"https:\/\/extery.com\/lv\/#website\"},\"primaryImageOfPage\":{\"@id\":\"https:\/\/extery.com\/lv\/produkti\/vandal-75\/#primaryimage\"},\"image\":{\"@id\":\"https:\/\/extery.com\/lv\/produkti\/vandal-75\/#primaryimage\"},\"thumbnailUrl\":\"https:\/\/extery.com\/wp-content\/uploads\/2020\/11\/Vandal75-E-scaled.jpg\",\"datePublished\":\"2020-11-12T15:08:32+00:00\",\"dateModified\":\"2026-04-07T11:37:16+00:00\",\"description\":\"Vandal 75 \u0123eometrisk\u0101 vienk\u0101r\u0161\u012bba un elegance liek atkritumu tvernei lieliski sapl\u016bst ar vidi un ir vienlaikus diezgan pievilc\u012bgs pils\u0113tas telp\u0101.\",\"breadcrumb\":{\"@id\":\"https:\/\/extery.com\/lv\/produkti\/vandal-75\/#breadcrumb\"},\"inLanguage\":\"lv-LV\",\"potentialAction\":[{\"@type\":\"ReadAction\",\"target\":[\"https:\/\/extery.com\/lv\/produkti\/vandal-75\/\"]}]},{\"@type\":\"ImageObject\",\"inLanguage\":\"lv-LV\",\"@id\":\"https:\/\/extery.com\/lv\/produkti\/vandal-75\/#primaryimage\",\"url\":\"https:\/\/extery.com\/wp-content\/uploads\/2020\/11\/Vandal75-E-scaled.jpg\",\"contentUrl\":\"https:\/\/extery.com\/wp-content\/uploads\/2020\/11\/Vandal75-E-scaled.jpg\",\"width\":2560,\"height\":1707},{\"@type\":\"BreadcrumbList\",\"@id\":\"https:\/\/extery.com\/lv\/produkti\/vandal-75\/#breadcrumb\",\"itemListElement\":[{\"@type\":\"ListItem\",\"position\":1,\"name\":\"Home\",\"item\":\"https:\/\/extery.com\/lv\/\"},{\"@type\":\"ListItem\",\"position\":2,\"name\":\"Produkti\",\"item\":\"https:\/\/extery.com\/lv\/produkti\/\"},{\"@type\":\"ListItem\",\"position\":3,\"name\":\"atkritumu urna Vandal 75\"}]},{\"@type\":\"WebSite\",\"@id\":\"https:\/\/extery.com\/lv\/#website\",\"url\":\"https:\/\/extery.com\/lv\/\",\"name\":\"Extery\",\"description\":\"\",\"publisher\":{\"@id\":\"https:\/\/extery.com\/lv\/#organization\"},\"potentialAction\":[{\"@type\":\"SearchAction\",\"target\":{\"@type\":\"EntryPoint\",\"urlTemplate\":\"https:\/\/extery.com\/lv\/?s={search_term_string}\"},\"query-input\":{\"@type\":\"PropertyValueSpecification\",\"valueRequired\":true,\"valueName\":\"search_term_string\"}}],\"inLanguage\":\"lv-LV\"},{\"@type\":\"Organization\",\"@id\":\"https:\/\/extery.com\/lv\/#organization\",\"name\":\"Extery\",\"url\":\"https:\/\/extery.com\/lv\/\",\"logo\":{\"@type\":\"ImageObject\",\"inLanguage\":\"lv-LV\",\"@id\":\"https:\/\/extery.com\/lv\/#\/schema\/logo\/image\/\",\"url\":\"https:\/\/extery.com\/wp-content\/uploads\/2023\/11\/footer-logo.svg\",\"contentUrl\":\"https:\/\/extery.com\/wp-content\/uploads\/2023\/11\/footer-logo.svg\",\"caption\":\"Extery\"},\"image\":{\"@id\":\"https:\/\/extery.com\/lv\/#\/schema\/logo\/image\/\"}}]}<\/script>\n<!-- \/ Yoast SEO plugin. -->","yoast_head_json":{"title":"atkritumu urna Vandal 75 - Extery pils\u0113tas m\u0113beles atkritumu tvertne","description":"Vandal 75 \u0123eometrisk\u0101 vienk\u0101r\u0161\u012bba un elegance liek atkritumu tvernei lieliski sapl\u016bst ar vidi un ir vienlaikus diezgan pievilc\u012bgs pils\u0113tas telp\u0101.","robots":{"index":"index","follow":"follow","max-snippet":"max-snippet:-1","max-image-preview":"max-image-preview:large","max-video-preview":"max-video-preview:-1"},"canonical":"https:\/\/extery.com\/lv\/produkti\/vandal-75\/","og_locale":"lv_LV","og_type":"article","og_title":"atkritumu urna Vandal 75 - Extery pils\u0113tas m\u0113beles atkritumu tvertne","og_description":"Vandal 75 \u0123eometrisk\u0101 vienk\u0101r\u0161\u012bba un elegance liek atkritumu tvernei lieliski sapl\u016bst ar vidi un ir vienlaikus diezgan pievilc\u012bgs pils\u0113tas telp\u0101.","og_url":"https:\/\/extery.com\/lv\/produkti\/vandal-75\/","og_site_name":"Extery","article_modified_time":"2026-04-07T11:37:16+00:00","og_image":[{"width":2560,"height":1707,"url":"https:\/\/extery.com\/wp-content\/uploads\/2020\/11\/Vandal75-E-scaled.jpg","type":"image\/jpeg"}],"twitter_card":"summary_large_image","twitter_misc":{"Est. reading time":"1 minute"},"schema":{"@context":"https:\/\/schema.org","@graph":[{"@type":"WebPage","@id":"https:\/\/extery.com\/lv\/produkti\/vandal-75\/","url":"https:\/\/extery.com\/lv\/produkti\/vandal-75\/","name":"atkritumu urna Vandal 75 - Extery pils\u0113tas m\u0113beles atkritumu tvertne","isPartOf":{"@id":"https:\/\/extery.com\/lv\/#website"},"primaryImageOfPage":{"@id":"https:\/\/extery.com\/lv\/produkti\/vandal-75\/#primaryimage"},"image":{"@id":"https:\/\/extery.com\/lv\/produkti\/vandal-75\/#primaryimage"},"thumbnailUrl":"https:\/\/extery.com\/wp-content\/uploads\/2020\/11\/Vandal75-E-scaled.jpg","datePublished":"2020-11-12T15:08:32+00:00","dateModified":"2026-04-07T11:37:16+00:00","description":"Vandal 75 \u0123eometrisk\u0101 vienk\u0101r\u0161\u012bba un elegance liek atkritumu tvernei lieliski sapl\u016bst ar vidi un ir vienlaikus diezgan pievilc\u012bgs pils\u0113tas telp\u0101.","breadcrumb":{"@id":"https:\/\/extery.com\/lv\/produkti\/vandal-75\/#breadcrumb"},"inLanguage":"lv-LV","potentialAction":[{"@type":"ReadAction","target":["https:\/\/extery.com\/lv\/produkti\/vandal-75\/"]}]},{"@type":"ImageObject","inLanguage":"lv-LV","@id":"https:\/\/extery.com\/lv\/produkti\/vandal-75\/#primaryimage","url":"https:\/\/extery.com\/wp-content\/uploads\/2020\/11\/Vandal75-E-scaled.jpg","contentUrl":"https:\/\/extery.com\/wp-content\/uploads\/2020\/11\/Vandal75-E-scaled.jpg","width":2560,"height":1707},{"@type":"BreadcrumbList","@id":"https:\/\/extery.com\/lv\/produkti\/vandal-75\/#breadcrumb","itemListElement":[{"@type":"ListItem","position":1,"name":"Home","item":"https:\/\/extery.com\/lv\/"},{"@type":"ListItem","position":2,"name":"Produkti","item":"https:\/\/extery.com\/lv\/produkti\/"},{"@type":"ListItem","position":3,"name":"atkritumu urna Vandal 75"}]},{"@type":"WebSite","@id":"https:\/\/extery.com\/lv\/#website","url":"https:\/\/extery.com\/lv\/","name":"Extery","description":"","publisher":{"@id":"https:\/\/extery.com\/lv\/#organization"},"potentialAction":[{"@type":"SearchAction","target":{"@type":"EntryPoint","urlTemplate":"https:\/\/extery.com\/lv\/?s={search_term_string}"},"query-input":{"@type":"PropertyValueSpecification","valueRequired":true,"valueName":"search_term_string"}}],"inLanguage":"lv-LV"},{"@type":"Organization","@id":"https:\/\/extery.com\/lv\/#organization","name":"Extery","url":"https:\/\/extery.com\/lv\/","logo":{"@type":"ImageObject","inLanguage":"lv-LV","@id":"https:\/\/extery.com\/lv\/#\/schema\/logo\/image\/","url":"https:\/\/extery.com\/wp-content\/uploads\/2023\/11\/footer-logo.svg","contentUrl":"https:\/\/extery.com\/wp-content\/uploads\/2023\/11\/footer-logo.svg","caption":"Extery"},"image":{"@id":"https:\/\/extery.com\/lv\/#\/schema\/logo\/image\/"}}]}},"_links":{"self":[{"href":"https:\/\/extery.com\/lv\/wp-json\/wp\/v2\/product\/3613","targetHints":{"allow":["GET"]}}],"collection":[{"href":"https:\/\/extery.com\/lv\/wp-json\/wp\/v2\/product"}],"about":[{"href":"https:\/\/extery.com\/lv\/wp-json\/wp\/v2\/types\/product"}],"replies":[{"embeddable":true,"href":"https:\/\/extery.com\/lv\/wp-json\/wp\/v2\/comments?post=3613"}],"wp:featuredmedia":[{"embeddable":true,"href":"https:\/\/extery.com\/lv\/wp-json\/wp\/v2\/media\/2126"}],"wp:attachment":[{"href":"https:\/\/extery.com\/lv\/wp-json\/wp\/v2\/media?parent=3613"}],"wp:term":[{"taxonomy":"product_brand","embeddable":true,"href":"https:\/\/extery.com\/lv\/wp-json\/wp\/v2\/product_brand?post=3613"},{"taxonomy":"product_cat","embeddable":true,"href":"https:\/\/extery.com\/lv\/wp-json\/wp\/v2\/product_cat?post=3613"},{"taxonomy":"product_tag","embeddable":true,"href":"https:\/\/extery.com\/lv\/wp-json\/wp\/v2\/product_tag?post=3613"}],"curies":[{"name":"wp","href":"https:\/\/api.w.org\/{rel}","templated":true}]}}