{"id":3629,"date":"2020-11-12T15:25:59","date_gmt":"2020-11-12T15:25:59","guid":{"rendered":"https:\/\/extery.com\/?post_type=product&#038;p=3629"},"modified":"2026-04-07T11:37:29","modified_gmt":"2026-04-07T11:37:29","slug":"vandal-200-2","status":"publish","type":"product","link":"https:\/\/extery.com\/lv\/produkti\/vandal-200-2\/","title":{"rendered":"atkritumu urna Vandal 200"},"content":{"rendered":"<p>Atkritumu tvertne Vandal 200 ir ietilp\u012bga un sp\u0113c\u012bga ar klasisku izskatu. Ide\u0101la atkritumu tvertne viet\u0101m, kur cilv\u0113ki daudz p\u0101rvietojas un kur apkope netiek veikta katru dienu. Pludmal\u0113m, me\u017ea tak\u0101m, stadioniem un piknika viet\u0101m ir vajadz\u012bgas liela izm\u0113ra, pievilc\u012bgas un iztur\u012bgas atkritumu tvertnes, lai uztur\u0113tu vidi t\u012bru. Sp\u0113c\u012bg\u0101 konstrukcija padara tvertni iztur\u012bgu pret vand\u0101\u013ciem. P\u0101rsegs virs atkritumu atveres nov\u0113r\u0161 lietus iek\u013c\u016b\u0161anu, un nelielais atv\u0113ruma augstums ne\u013cauj putniem izvilkt atkritumus.<\/p>\n","protected":false},"excerpt":{"rendered":"<p>Atkritumu tvertne Vandal 200 ir ietilp\u012bga un sp\u0113c\u012bga ar klasisku izskatu. Ide\u0101la atkritumu tvertne viet\u0101m, kur cilv\u0113ki daudz p\u0101rvietojas un kur apkope netiek veikta katru dienu. Pludmal\u0113m, me\u017ea tak\u0101m, stadioniem un piknika viet\u0101m ir vajadz\u012bgas liela izm\u0113ra, pievilc\u012bgas un iztur\u012bgas atkritumu tvertnes, lai uztur\u0113tu vidi t\u012bru. Sp\u0113c\u012bg\u0101 konstrukcija padara tvertni iztur\u012bgu pret vand\u0101\u013ciem. P\u0101rsegs virs [&hellip;]<\/p>\n","protected":false},"featured_media":2112,"comment_status":"open","ping_status":"closed","template":"","meta":{"_acf_changed":false},"product_brand":[],"product_cat":[119],"product_tag":[],"class_list":{"0":"post-3629","1":"product","2":"type-product","3":"status-publish","4":"has-post-thumbnail","6":"product_cat-atkritumu-urnas-lv","7":"product-family-vandal-lv","9":"first","10":"instock","11":"shipping-taxable","12":"product-type-simple"},"acf":[],"yoast_head":"<!-- This site is optimized with the Yoast SEO plugin v26.4 - https:\/\/yoast.com\/wordpress\/plugins\/seo\/ -->\n<title>atkritumu urna Vandal 200 - Extery atkritumu urna<\/title>\n<meta name=\"robots\" content=\"index, follow, max-snippet:-1, max-image-preview:large, max-video-preview:-1\" \/>\n<link rel=\"canonical\" href=\"https:\/\/extery.com\/lv\/produkti\/vandal-200-2\/\" \/>\n<meta property=\"og:locale\" content=\"lv_LV\" \/>\n<meta property=\"og:type\" content=\"article\" \/>\n<meta property=\"og:title\" content=\"atkritumu urna Vandal 200 - Extery atkritumu urna\" \/>\n<meta property=\"og:description\" content=\"Atkritumu tvertne Vandal 200 ir ietilp\u012bga un sp\u0113c\u012bga ar klasisku izskatu. Ide\u0101la atkritumu tvertne viet\u0101m, kur cilv\u0113ki daudz p\u0101rvietojas un kur apkope netiek veikta katru dienu. Pludmal\u0113m, me\u017ea tak\u0101m, stadioniem un piknika viet\u0101m ir vajadz\u012bgas liela izm\u0113ra, pievilc\u012bgas un iztur\u012bgas atkritumu tvertnes, lai uztur\u0113tu vidi t\u012bru. Sp\u0113c\u012bg\u0101 konstrukcija padara tvertni iztur\u012bgu pret vand\u0101\u013ciem. P\u0101rsegs virs [&hellip;]\" \/>\n<meta property=\"og:url\" content=\"https:\/\/extery.com\/lv\/produkti\/vandal-200-2\/\" \/>\n<meta property=\"og:site_name\" content=\"Extery\" \/>\n<meta property=\"article:modified_time\" content=\"2026-04-07T11:37:29+00:00\" \/>\n<meta property=\"og:image\" content=\"https:\/\/extery.com\/wp-content\/uploads\/2020\/11\/Vandal-200-E-scaled.jpg\" \/>\n\t<meta property=\"og:image:width\" content=\"2560\" \/>\n\t<meta property=\"og:image:height\" content=\"1707\" \/>\n\t<meta property=\"og:image:type\" content=\"image\/jpeg\" \/>\n<meta name=\"twitter:card\" content=\"summary_large_image\" \/>\n<meta name=\"twitter:label1\" content=\"Est. reading time\" \/>\n\t<meta name=\"twitter:data1\" content=\"1 minute\" \/>\n<script type=\"application\/ld+json\" class=\"yoast-schema-graph\">{\"@context\":\"https:\/\/schema.org\",\"@graph\":[{\"@type\":\"WebPage\",\"@id\":\"https:\/\/extery.com\/lv\/produkti\/vandal-200-2\/\",\"url\":\"https:\/\/extery.com\/lv\/produkti\/vandal-200-2\/\",\"name\":\"atkritumu urna Vandal 200 - Extery atkritumu urna\",\"isPartOf\":{\"@id\":\"https:\/\/extery.com\/lv\/#website\"},\"primaryImageOfPage\":{\"@id\":\"https:\/\/extery.com\/lv\/produkti\/vandal-200-2\/#primaryimage\"},\"image\":{\"@id\":\"https:\/\/extery.com\/lv\/produkti\/vandal-200-2\/#primaryimage\"},\"thumbnailUrl\":\"https:\/\/extery.com\/wp-content\/uploads\/2020\/11\/Vandal-200-E-scaled.jpg\",\"datePublished\":\"2020-11-12T15:25:59+00:00\",\"dateModified\":\"2026-04-07T11:37:29+00:00\",\"breadcrumb\":{\"@id\":\"https:\/\/extery.com\/lv\/produkti\/vandal-200-2\/#breadcrumb\"},\"inLanguage\":\"lv-LV\",\"potentialAction\":[{\"@type\":\"ReadAction\",\"target\":[\"https:\/\/extery.com\/lv\/produkti\/vandal-200-2\/\"]}]},{\"@type\":\"ImageObject\",\"inLanguage\":\"lv-LV\",\"@id\":\"https:\/\/extery.com\/lv\/produkti\/vandal-200-2\/#primaryimage\",\"url\":\"https:\/\/extery.com\/wp-content\/uploads\/2020\/11\/Vandal-200-E-scaled.jpg\",\"contentUrl\":\"https:\/\/extery.com\/wp-content\/uploads\/2020\/11\/Vandal-200-E-scaled.jpg\",\"width\":2560,\"height\":1707},{\"@type\":\"BreadcrumbList\",\"@id\":\"https:\/\/extery.com\/lv\/produkti\/vandal-200-2\/#breadcrumb\",\"itemListElement\":[{\"@type\":\"ListItem\",\"position\":1,\"name\":\"Home\",\"item\":\"https:\/\/extery.com\/lv\/\"},{\"@type\":\"ListItem\",\"position\":2,\"name\":\"Produkti\",\"item\":\"https:\/\/extery.com\/lv\/produkti\/\"},{\"@type\":\"ListItem\",\"position\":3,\"name\":\"atkritumu urna Vandal 200\"}]},{\"@type\":\"WebSite\",\"@id\":\"https:\/\/extery.com\/lv\/#website\",\"url\":\"https:\/\/extery.com\/lv\/\",\"name\":\"Extery\",\"description\":\"\",\"publisher\":{\"@id\":\"https:\/\/extery.com\/lv\/#organization\"},\"potentialAction\":[{\"@type\":\"SearchAction\",\"target\":{\"@type\":\"EntryPoint\",\"urlTemplate\":\"https:\/\/extery.com\/lv\/?s={search_term_string}\"},\"query-input\":{\"@type\":\"PropertyValueSpecification\",\"valueRequired\":true,\"valueName\":\"search_term_string\"}}],\"inLanguage\":\"lv-LV\"},{\"@type\":\"Organization\",\"@id\":\"https:\/\/extery.com\/lv\/#organization\",\"name\":\"Extery\",\"url\":\"https:\/\/extery.com\/lv\/\",\"logo\":{\"@type\":\"ImageObject\",\"inLanguage\":\"lv-LV\",\"@id\":\"https:\/\/extery.com\/lv\/#\/schema\/logo\/image\/\",\"url\":\"https:\/\/extery.com\/wp-content\/uploads\/2023\/11\/footer-logo.svg\",\"contentUrl\":\"https:\/\/extery.com\/wp-content\/uploads\/2023\/11\/footer-logo.svg\",\"caption\":\"Extery\"},\"image\":{\"@id\":\"https:\/\/extery.com\/lv\/#\/schema\/logo\/image\/\"}}]}<\/script>\n<!-- \/ Yoast SEO plugin. -->","yoast_head_json":{"title":"atkritumu urna Vandal 200 - Extery atkritumu urna","robots":{"index":"index","follow":"follow","max-snippet":"max-snippet:-1","max-image-preview":"max-image-preview:large","max-video-preview":"max-video-preview:-1"},"canonical":"https:\/\/extery.com\/lv\/produkti\/vandal-200-2\/","og_locale":"lv_LV","og_type":"article","og_title":"atkritumu urna Vandal 200 - Extery atkritumu urna","og_description":"Atkritumu tvertne Vandal 200 ir ietilp\u012bga un sp\u0113c\u012bga ar klasisku izskatu. Ide\u0101la atkritumu tvertne viet\u0101m, kur cilv\u0113ki daudz p\u0101rvietojas un kur apkope netiek veikta katru dienu. Pludmal\u0113m, me\u017ea tak\u0101m, stadioniem un piknika viet\u0101m ir vajadz\u012bgas liela izm\u0113ra, pievilc\u012bgas un iztur\u012bgas atkritumu tvertnes, lai uztur\u0113tu vidi t\u012bru. Sp\u0113c\u012bg\u0101 konstrukcija padara tvertni iztur\u012bgu pret vand\u0101\u013ciem. P\u0101rsegs virs [&hellip;]","og_url":"https:\/\/extery.com\/lv\/produkti\/vandal-200-2\/","og_site_name":"Extery","article_modified_time":"2026-04-07T11:37:29+00:00","og_image":[{"width":2560,"height":1707,"url":"https:\/\/extery.com\/wp-content\/uploads\/2020\/11\/Vandal-200-E-scaled.jpg","type":"image\/jpeg"}],"twitter_card":"summary_large_image","twitter_misc":{"Est. reading time":"1 minute"},"schema":{"@context":"https:\/\/schema.org","@graph":[{"@type":"WebPage","@id":"https:\/\/extery.com\/lv\/produkti\/vandal-200-2\/","url":"https:\/\/extery.com\/lv\/produkti\/vandal-200-2\/","name":"atkritumu urna Vandal 200 - Extery atkritumu urna","isPartOf":{"@id":"https:\/\/extery.com\/lv\/#website"},"primaryImageOfPage":{"@id":"https:\/\/extery.com\/lv\/produkti\/vandal-200-2\/#primaryimage"},"image":{"@id":"https:\/\/extery.com\/lv\/produkti\/vandal-200-2\/#primaryimage"},"thumbnailUrl":"https:\/\/extery.com\/wp-content\/uploads\/2020\/11\/Vandal-200-E-scaled.jpg","datePublished":"2020-11-12T15:25:59+00:00","dateModified":"2026-04-07T11:37:29+00:00","breadcrumb":{"@id":"https:\/\/extery.com\/lv\/produkti\/vandal-200-2\/#breadcrumb"},"inLanguage":"lv-LV","potentialAction":[{"@type":"ReadAction","target":["https:\/\/extery.com\/lv\/produkti\/vandal-200-2\/"]}]},{"@type":"ImageObject","inLanguage":"lv-LV","@id":"https:\/\/extery.com\/lv\/produkti\/vandal-200-2\/#primaryimage","url":"https:\/\/extery.com\/wp-content\/uploads\/2020\/11\/Vandal-200-E-scaled.jpg","contentUrl":"https:\/\/extery.com\/wp-content\/uploads\/2020\/11\/Vandal-200-E-scaled.jpg","width":2560,"height":1707},{"@type":"BreadcrumbList","@id":"https:\/\/extery.com\/lv\/produkti\/vandal-200-2\/#breadcrumb","itemListElement":[{"@type":"ListItem","position":1,"name":"Home","item":"https:\/\/extery.com\/lv\/"},{"@type":"ListItem","position":2,"name":"Produkti","item":"https:\/\/extery.com\/lv\/produkti\/"},{"@type":"ListItem","position":3,"name":"atkritumu urna Vandal 200"}]},{"@type":"WebSite","@id":"https:\/\/extery.com\/lv\/#website","url":"https:\/\/extery.com\/lv\/","name":"Extery","description":"","publisher":{"@id":"https:\/\/extery.com\/lv\/#organization"},"potentialAction":[{"@type":"SearchAction","target":{"@type":"EntryPoint","urlTemplate":"https:\/\/extery.com\/lv\/?s={search_term_string}"},"query-input":{"@type":"PropertyValueSpecification","valueRequired":true,"valueName":"search_term_string"}}],"inLanguage":"lv-LV"},{"@type":"Organization","@id":"https:\/\/extery.com\/lv\/#organization","name":"Extery","url":"https:\/\/extery.com\/lv\/","logo":{"@type":"ImageObject","inLanguage":"lv-LV","@id":"https:\/\/extery.com\/lv\/#\/schema\/logo\/image\/","url":"https:\/\/extery.com\/wp-content\/uploads\/2023\/11\/footer-logo.svg","contentUrl":"https:\/\/extery.com\/wp-content\/uploads\/2023\/11\/footer-logo.svg","caption":"Extery"},"image":{"@id":"https:\/\/extery.com\/lv\/#\/schema\/logo\/image\/"}}]}},"_links":{"self":[{"href":"https:\/\/extery.com\/lv\/wp-json\/wp\/v2\/product\/3629","targetHints":{"allow":["GET"]}}],"collection":[{"href":"https:\/\/extery.com\/lv\/wp-json\/wp\/v2\/product"}],"about":[{"href":"https:\/\/extery.com\/lv\/wp-json\/wp\/v2\/types\/product"}],"replies":[{"embeddable":true,"href":"https:\/\/extery.com\/lv\/wp-json\/wp\/v2\/comments?post=3629"}],"wp:featuredmedia":[{"embeddable":true,"href":"https:\/\/extery.com\/lv\/wp-json\/wp\/v2\/media\/2112"}],"wp:attachment":[{"href":"https:\/\/extery.com\/lv\/wp-json\/wp\/v2\/media?parent=3629"}],"wp:term":[{"taxonomy":"product_brand","embeddable":true,"href":"https:\/\/extery.com\/lv\/wp-json\/wp\/v2\/product_brand?post=3629"},{"taxonomy":"product_cat","embeddable":true,"href":"https:\/\/extery.com\/lv\/wp-json\/wp\/v2\/product_cat?post=3629"},{"taxonomy":"product_tag","embeddable":true,"href":"https:\/\/extery.com\/lv\/wp-json\/wp\/v2\/product_tag?post=3629"}],"curies":[{"name":"wp","href":"https:\/\/api.w.org\/{rel}","templated":true}]}}