{"id":3643,"date":"2020-11-12T15:36:35","date_gmt":"2020-11-12T15:36:35","guid":{"rendered":"https:\/\/extery.com\/?post_type=product&#038;p=3643"},"modified":"2026-04-13T10:20:44","modified_gmt":"2026-04-13T10:20:44","slug":"look3-atkritumu-urna-tvertne-skirosana","status":"publish","type":"product","link":"https:\/\/extery.com\/lv\/produkti\/look3-atkritumu-urna-tvertne-skirosana\/","title":{"rendered":"atkritumu urna Look@3"},"content":{"rendered":"<p id=\"tw-target-text\" class=\"tw-data-text tw-text-large tw-ta\" dir=\"ltr\" data-placeholder=\"T\u00f5lge\"><span class=\"Y2IQFc\" lang=\"lv\">Look@3 atrkritumu urna ir eleganta un diskr\u0113ta \u0161\u0137iro\u0161anas atkritumu tvertne. Look s\u0113rija ir izstr\u0101d\u0101ta, \u0146emot v\u0113r\u0101 m\u016bsdienu pils\u0113tas telpas. B\u016bdams neuzkr\u012bto\u0161s, bet, ja v\u0113las, p\u0101rv\u0113r\u0161as par \u0101ri\u0161\u0137\u012bgu rekl\u0101mas virsmu, Look ir ide\u0101ls risin\u0101jums publisko telpu noform\u0113jumam.<\/span><\/p>\n<p class=\"tw-data-text tw-text-large tw-ta\" dir=\"ltr\" data-placeholder=\"T\u00f5lge\"><span class=\"Y2IQFc\" lang=\"lv\">Daudzpus\u012bgie konteineri ir piem\u0113roti lieto\u0161anai gan telp\u0101 starp mas\u012bv\u0101m biroju \u0113k\u0101m, gan degvielas uzpildes stacij\u0101s, gan modernu daudzdz\u012bvok\u013cu m\u0101ju pagalmos. <\/span><\/p>\n<p class=\"tw-data-text tw-text-large tw-ta\" dir=\"ltr\" data-placeholder=\"T\u00f5lge\"><span class=\"Y2IQFc\" lang=\"lv\">Apr\u012bkotas ar vair\u0101kiem nodal\u012bjumiem, s\u0113rijas atkritumu urn\u0101s var \u0113rti uzglab\u0101t ar\u012b iepriek\u0161 \u0161\u0137irotos atkritumus.<\/span><\/p>\n","protected":false},"excerpt":{"rendered":"<p>Look@3 atrkritumu urna ir eleganta un diskr\u0113ta \u0161\u0137iro\u0161anas atkritumu tvertne. Look s\u0113rija ir izstr\u0101d\u0101ta, \u0146emot v\u0113r\u0101 m\u016bsdienu pils\u0113tas telpas. B\u016bdams neuzkr\u012bto\u0161s, bet, ja v\u0113las, p\u0101rv\u0113r\u0161as par \u0101ri\u0161\u0137\u012bgu rekl\u0101mas virsmu, Look ir ide\u0101ls risin\u0101jums publisko telpu noform\u0113jumam. Daudzpus\u012bgie konteineri ir piem\u0113roti lieto\u0161anai gan telp\u0101 starp mas\u012bv\u0101m biroju \u0113k\u0101m, gan degvielas uzpildes stacij\u0101s, gan modernu daudzdz\u012bvok\u013cu m\u0101ju [&hellip;]<\/p>\n","protected":false},"featured_media":2021,"comment_status":"open","ping_status":"closed","template":"","meta":{"_acf_changed":false},"product_brand":[],"product_cat":[119],"product_tag":[],"class_list":{"0":"post-3643","1":"product","2":"type-product","3":"status-publish","4":"has-post-thumbnail","6":"product_cat-atkritumu-urnas-lv","7":"product-family-look-lv","9":"first","10":"instock","11":"shipping-taxable","12":"product-type-simple"},"acf":[],"yoast_head":"<!-- This site is optimized with the Yoast SEO plugin v26.4 - https:\/\/yoast.com\/wordpress\/plugins\/seo\/ -->\n<title>atkritumu urna Look@3 - Extery pils\u0113tas m\u0113be\u013cu kolekcijas atkritumu urna<\/title>\n<meta name=\"description\" content=\"Look@3 atkritumu urna ir eleganta un diskr\u0113ta \u0161\u0137iro\u0161anas atkritumu tvertne. Look s\u0113rija ir izstr\u0101d\u0101ta, \u0146emot v\u0113r\u0101 m\u016bsdienu pils\u0113tas telpas.\" \/>\n<meta name=\"robots\" content=\"index, follow, max-snippet:-1, max-image-preview:large, max-video-preview:-1\" \/>\n<link rel=\"canonical\" href=\"https:\/\/extery.com\/lv\/produkti\/look3-atkritumu-urna-tvertne-skirosana\/\" \/>\n<meta property=\"og:locale\" content=\"lv_LV\" \/>\n<meta property=\"og:type\" content=\"article\" \/>\n<meta property=\"og:title\" content=\"atkritumu urna Look@3 - Extery pils\u0113tas m\u0113be\u013cu kolekcijas atkritumu urna\" \/>\n<meta property=\"og:description\" content=\"Look@3 atkritumu urna ir eleganta un diskr\u0113ta \u0161\u0137iro\u0161anas atkritumu tvertne. Look s\u0113rija ir izstr\u0101d\u0101ta, \u0146emot v\u0113r\u0101 m\u016bsdienu pils\u0113tas telpas.\" \/>\n<meta property=\"og:url\" content=\"https:\/\/extery.com\/lv\/produkti\/look3-atkritumu-urna-tvertne-skirosana\/\" \/>\n<meta property=\"og:site_name\" content=\"Extery\" \/>\n<meta property=\"article:modified_time\" content=\"2026-04-13T10:20:44+00:00\" \/>\n<meta property=\"og:image\" content=\"https:\/\/extery.com\/wp-content\/uploads\/2020\/11\/Look@3-kulg.jpg\" \/>\n\t<meta property=\"og:image:width\" content=\"900\" \/>\n\t<meta property=\"og:image:height\" content=\"660\" \/>\n\t<meta property=\"og:image:type\" content=\"image\/jpeg\" \/>\n<meta name=\"twitter:card\" content=\"summary_large_image\" \/>\n<meta name=\"twitter:label1\" content=\"Est. reading time\" \/>\n\t<meta name=\"twitter:data1\" content=\"1 minute\" \/>\n<script type=\"application\/ld+json\" class=\"yoast-schema-graph\">{\"@context\":\"https:\/\/schema.org\",\"@graph\":[{\"@type\":\"WebPage\",\"@id\":\"https:\/\/extery.com\/lv\/produkti\/look3-atkritumu-urna-tvertne-skirosana\/\",\"url\":\"https:\/\/extery.com\/lv\/produkti\/look3-atkritumu-urna-tvertne-skirosana\/\",\"name\":\"atkritumu urna Look@3 - Extery pils\u0113tas m\u0113be\u013cu kolekcijas atkritumu urna\",\"isPartOf\":{\"@id\":\"https:\/\/extery.com\/lv\/#website\"},\"primaryImageOfPage\":{\"@id\":\"https:\/\/extery.com\/lv\/produkti\/look3-atkritumu-urna-tvertne-skirosana\/#primaryimage\"},\"image\":{\"@id\":\"https:\/\/extery.com\/lv\/produkti\/look3-atkritumu-urna-tvertne-skirosana\/#primaryimage\"},\"thumbnailUrl\":\"https:\/\/extery.com\/wp-content\/uploads\/2020\/11\/Look@3-kulg.jpg\",\"datePublished\":\"2020-11-12T15:36:35+00:00\",\"dateModified\":\"2026-04-13T10:20:44+00:00\",\"description\":\"Look@3 atkritumu urna ir eleganta un diskr\u0113ta \u0161\u0137iro\u0161anas atkritumu tvertne. Look s\u0113rija ir izstr\u0101d\u0101ta, \u0146emot v\u0113r\u0101 m\u016bsdienu pils\u0113tas telpas.\",\"breadcrumb\":{\"@id\":\"https:\/\/extery.com\/lv\/produkti\/look3-atkritumu-urna-tvertne-skirosana\/#breadcrumb\"},\"inLanguage\":\"lv-LV\",\"potentialAction\":[{\"@type\":\"ReadAction\",\"target\":[\"https:\/\/extery.com\/lv\/produkti\/look3-atkritumu-urna-tvertne-skirosana\/\"]}]},{\"@type\":\"ImageObject\",\"inLanguage\":\"lv-LV\",\"@id\":\"https:\/\/extery.com\/lv\/produkti\/look3-atkritumu-urna-tvertne-skirosana\/#primaryimage\",\"url\":\"https:\/\/extery.com\/wp-content\/uploads\/2020\/11\/Look@3-kulg.jpg\",\"contentUrl\":\"https:\/\/extery.com\/wp-content\/uploads\/2020\/11\/Look@3-kulg.jpg\",\"width\":900,\"height\":660},{\"@type\":\"BreadcrumbList\",\"@id\":\"https:\/\/extery.com\/lv\/produkti\/look3-atkritumu-urna-tvertne-skirosana\/#breadcrumb\",\"itemListElement\":[{\"@type\":\"ListItem\",\"position\":1,\"name\":\"Home\",\"item\":\"https:\/\/extery.com\/lv\/\"},{\"@type\":\"ListItem\",\"position\":2,\"name\":\"Produkti\",\"item\":\"https:\/\/extery.com\/lv\/produkti\/\"},{\"@type\":\"ListItem\",\"position\":3,\"name\":\"atkritumu urna Look@3\"}]},{\"@type\":\"WebSite\",\"@id\":\"https:\/\/extery.com\/lv\/#website\",\"url\":\"https:\/\/extery.com\/lv\/\",\"name\":\"Extery\",\"description\":\"\",\"publisher\":{\"@id\":\"https:\/\/extery.com\/lv\/#organization\"},\"potentialAction\":[{\"@type\":\"SearchAction\",\"target\":{\"@type\":\"EntryPoint\",\"urlTemplate\":\"https:\/\/extery.com\/lv\/?s={search_term_string}\"},\"query-input\":{\"@type\":\"PropertyValueSpecification\",\"valueRequired\":true,\"valueName\":\"search_term_string\"}}],\"inLanguage\":\"lv-LV\"},{\"@type\":\"Organization\",\"@id\":\"https:\/\/extery.com\/lv\/#organization\",\"name\":\"Extery\",\"url\":\"https:\/\/extery.com\/lv\/\",\"logo\":{\"@type\":\"ImageObject\",\"inLanguage\":\"lv-LV\",\"@id\":\"https:\/\/extery.com\/lv\/#\/schema\/logo\/image\/\",\"url\":\"https:\/\/extery.com\/wp-content\/uploads\/2023\/11\/footer-logo.svg\",\"contentUrl\":\"https:\/\/extery.com\/wp-content\/uploads\/2023\/11\/footer-logo.svg\",\"caption\":\"Extery\"},\"image\":{\"@id\":\"https:\/\/extery.com\/lv\/#\/schema\/logo\/image\/\"}}]}<\/script>\n<!-- \/ Yoast SEO plugin. -->","yoast_head_json":{"title":"atkritumu urna Look@3 - Extery pils\u0113tas m\u0113be\u013cu kolekcijas atkritumu urna","description":"Look@3 atkritumu urna ir eleganta un diskr\u0113ta \u0161\u0137iro\u0161anas atkritumu tvertne. Look s\u0113rija ir izstr\u0101d\u0101ta, \u0146emot v\u0113r\u0101 m\u016bsdienu pils\u0113tas telpas.","robots":{"index":"index","follow":"follow","max-snippet":"max-snippet:-1","max-image-preview":"max-image-preview:large","max-video-preview":"max-video-preview:-1"},"canonical":"https:\/\/extery.com\/lv\/produkti\/look3-atkritumu-urna-tvertne-skirosana\/","og_locale":"lv_LV","og_type":"article","og_title":"atkritumu urna Look@3 - Extery pils\u0113tas m\u0113be\u013cu kolekcijas atkritumu urna","og_description":"Look@3 atkritumu urna ir eleganta un diskr\u0113ta \u0161\u0137iro\u0161anas atkritumu tvertne. Look s\u0113rija ir izstr\u0101d\u0101ta, \u0146emot v\u0113r\u0101 m\u016bsdienu pils\u0113tas telpas.","og_url":"https:\/\/extery.com\/lv\/produkti\/look3-atkritumu-urna-tvertne-skirosana\/","og_site_name":"Extery","article_modified_time":"2026-04-13T10:20:44+00:00","og_image":[{"width":900,"height":660,"url":"https:\/\/extery.com\/wp-content\/uploads\/2020\/11\/Look@3-kulg.jpg","type":"image\/jpeg"}],"twitter_card":"summary_large_image","twitter_misc":{"Est. reading time":"1 minute"},"schema":{"@context":"https:\/\/schema.org","@graph":[{"@type":"WebPage","@id":"https:\/\/extery.com\/lv\/produkti\/look3-atkritumu-urna-tvertne-skirosana\/","url":"https:\/\/extery.com\/lv\/produkti\/look3-atkritumu-urna-tvertne-skirosana\/","name":"atkritumu urna Look@3 - Extery pils\u0113tas m\u0113be\u013cu kolekcijas atkritumu urna","isPartOf":{"@id":"https:\/\/extery.com\/lv\/#website"},"primaryImageOfPage":{"@id":"https:\/\/extery.com\/lv\/produkti\/look3-atkritumu-urna-tvertne-skirosana\/#primaryimage"},"image":{"@id":"https:\/\/extery.com\/lv\/produkti\/look3-atkritumu-urna-tvertne-skirosana\/#primaryimage"},"thumbnailUrl":"https:\/\/extery.com\/wp-content\/uploads\/2020\/11\/Look@3-kulg.jpg","datePublished":"2020-11-12T15:36:35+00:00","dateModified":"2026-04-13T10:20:44+00:00","description":"Look@3 atkritumu urna ir eleganta un diskr\u0113ta \u0161\u0137iro\u0161anas atkritumu tvertne. Look s\u0113rija ir izstr\u0101d\u0101ta, \u0146emot v\u0113r\u0101 m\u016bsdienu pils\u0113tas telpas.","breadcrumb":{"@id":"https:\/\/extery.com\/lv\/produkti\/look3-atkritumu-urna-tvertne-skirosana\/#breadcrumb"},"inLanguage":"lv-LV","potentialAction":[{"@type":"ReadAction","target":["https:\/\/extery.com\/lv\/produkti\/look3-atkritumu-urna-tvertne-skirosana\/"]}]},{"@type":"ImageObject","inLanguage":"lv-LV","@id":"https:\/\/extery.com\/lv\/produkti\/look3-atkritumu-urna-tvertne-skirosana\/#primaryimage","url":"https:\/\/extery.com\/wp-content\/uploads\/2020\/11\/Look@3-kulg.jpg","contentUrl":"https:\/\/extery.com\/wp-content\/uploads\/2020\/11\/Look@3-kulg.jpg","width":900,"height":660},{"@type":"BreadcrumbList","@id":"https:\/\/extery.com\/lv\/produkti\/look3-atkritumu-urna-tvertne-skirosana\/#breadcrumb","itemListElement":[{"@type":"ListItem","position":1,"name":"Home","item":"https:\/\/extery.com\/lv\/"},{"@type":"ListItem","position":2,"name":"Produkti","item":"https:\/\/extery.com\/lv\/produkti\/"},{"@type":"ListItem","position":3,"name":"atkritumu urna Look@3"}]},{"@type":"WebSite","@id":"https:\/\/extery.com\/lv\/#website","url":"https:\/\/extery.com\/lv\/","name":"Extery","description":"","publisher":{"@id":"https:\/\/extery.com\/lv\/#organization"},"potentialAction":[{"@type":"SearchAction","target":{"@type":"EntryPoint","urlTemplate":"https:\/\/extery.com\/lv\/?s={search_term_string}"},"query-input":{"@type":"PropertyValueSpecification","valueRequired":true,"valueName":"search_term_string"}}],"inLanguage":"lv-LV"},{"@type":"Organization","@id":"https:\/\/extery.com\/lv\/#organization","name":"Extery","url":"https:\/\/extery.com\/lv\/","logo":{"@type":"ImageObject","inLanguage":"lv-LV","@id":"https:\/\/extery.com\/lv\/#\/schema\/logo\/image\/","url":"https:\/\/extery.com\/wp-content\/uploads\/2023\/11\/footer-logo.svg","contentUrl":"https:\/\/extery.com\/wp-content\/uploads\/2023\/11\/footer-logo.svg","caption":"Extery"},"image":{"@id":"https:\/\/extery.com\/lv\/#\/schema\/logo\/image\/"}}]}},"_links":{"self":[{"href":"https:\/\/extery.com\/lv\/wp-json\/wp\/v2\/product\/3643","targetHints":{"allow":["GET"]}}],"collection":[{"href":"https:\/\/extery.com\/lv\/wp-json\/wp\/v2\/product"}],"about":[{"href":"https:\/\/extery.com\/lv\/wp-json\/wp\/v2\/types\/product"}],"replies":[{"embeddable":true,"href":"https:\/\/extery.com\/lv\/wp-json\/wp\/v2\/comments?post=3643"}],"wp:featuredmedia":[{"embeddable":true,"href":"https:\/\/extery.com\/lv\/wp-json\/wp\/v2\/media\/2021"}],"wp:attachment":[{"href":"https:\/\/extery.com\/lv\/wp-json\/wp\/v2\/media?parent=3643"}],"wp:term":[{"taxonomy":"product_brand","embeddable":true,"href":"https:\/\/extery.com\/lv\/wp-json\/wp\/v2\/product_brand?post=3643"},{"taxonomy":"product_cat","embeddable":true,"href":"https:\/\/extery.com\/lv\/wp-json\/wp\/v2\/product_cat?post=3643"},{"taxonomy":"product_tag","embeddable":true,"href":"https:\/\/extery.com\/lv\/wp-json\/wp\/v2\/product_tag?post=3643"}],"curies":[{"name":"wp","href":"https:\/\/api.w.org\/{rel}","templated":true}]}}