{"id":3658,"date":"2020-11-13T08:03:31","date_gmt":"2020-11-13T08:03:31","guid":{"rendered":"https:\/\/extery.com\/?post_type=product&#038;p=3658"},"modified":"2026-04-07T12:34:08","modified_gmt":"2026-04-07T12:34:08","slug":"dogstation-m4","status":"publish","type":"product","link":"https:\/\/extery.com\/lv\/produkti\/dogstation-m4\/","title":{"rendered":"Atkritumu tvertne su\u0146u ekskrementiem DogStation M4"},"content":{"rendered":"<p>Atkritumu tvertne su\u0146u ekskrementiem DogStation M4 ir risin\u0101jums sat\u012br\u012b\u0161anai p\u0113c m\u0101jdz\u012bvniekiem, kas apvieno atkritumu konteineru un tur\u0113t\u0101ju t\u012briem plastmasas maisi\u0146iem.<\/p>\n<p>Jums pat\u012bk staig\u0101t t\u012br\u0101 park\u0101 un tikpat labi pa iel\u0101m pie savas m\u0101jas. Paskat\u012bties uz m\u0101ko\u0146iem un pretimbrauc\u0113jiem, nevis uzman\u012bgi v\u0113rot k\u0101jas. T\u012bras pils\u0113ttelpas \u0161arms sl\u0113pjas apst\u0101kl\u012b, ka uztraukumam ir maz\u0101k iemeslu.<br \/>\nDogStation kl\u0101tb\u016btne pils\u0113ttelp\u0101 ir ne tikai noder\u012bga \u2013 t\u0101 ir ar\u012b m\u012blest\u012bbas pret t\u012br\u012bbu un r\u016bp\u0113m.<\/p>\n","protected":false},"excerpt":{"rendered":"<p>Atkritumu tvertne su\u0146u ekskrementiem DogStation M4 ir risin\u0101jums sat\u012br\u012b\u0161anai p\u0113c m\u0101jdz\u012bvniekiem, kas apvieno atkritumu konteineru un tur\u0113t\u0101ju t\u012briem plastmasas maisi\u0146iem. Jums pat\u012bk staig\u0101t t\u012br\u0101 park\u0101 un tikpat labi pa iel\u0101m pie savas m\u0101jas. Paskat\u012bties uz m\u0101ko\u0146iem un pretimbrauc\u0113jiem, nevis uzman\u012bgi v\u0113rot k\u0101jas. T\u012bras pils\u0113ttelpas \u0161arms sl\u0113pjas apst\u0101kl\u012b, ka uztraukumam ir maz\u0101k iemeslu. DogStation kl\u0101tb\u016btne pils\u0113ttelp\u0101 [&hellip;]<\/p>\n","protected":false},"featured_media":1970,"comment_status":"open","ping_status":"closed","template":"","meta":{"_acf_changed":false},"product_brand":[],"product_cat":[119],"product_tag":[],"class_list":{"0":"post-3658","1":"product","2":"type-product","3":"status-publish","4":"has-post-thumbnail","6":"product_cat-atkritumu-urnas-lv","8":"first","9":"instock","10":"shipping-taxable","11":"product-type-simple"},"acf":[],"yoast_head":"<!-- This site is optimized with the Yoast SEO plugin v26.4 - https:\/\/yoast.com\/wordpress\/plugins\/seo\/ -->\n<title>Atkritumu tvertne su\u0146u ekskrementiem DogStation M4 - Extery atkritumu tvertnes no pils\u0113tas m\u0113be\u013cu kolekcijas<\/title>\n<meta name=\"description\" content=\"Atkritumu tvertne su\u0146u ekskrementiem DogStation M4 ir risin\u0101jums sat\u012br\u012b\u0161anai p\u0113c m\u0101jdz\u012bvniekiem, kas apvieno atkritumu konteineru un tur\u0113t\u0101ju t\u012briem plastmasas maisi\u0146iem.\" \/>\n<meta name=\"robots\" content=\"index, follow, max-snippet:-1, max-image-preview:large, max-video-preview:-1\" \/>\n<link rel=\"canonical\" href=\"https:\/\/extery.com\/lv\/produkti\/dogstation-m4\/\" \/>\n<meta property=\"og:locale\" content=\"lv_LV\" \/>\n<meta property=\"og:type\" content=\"article\" \/>\n<meta property=\"og:title\" content=\"Atkritumu tvertne su\u0146u ekskrementiem DogStation M4 - Extery atkritumu tvertnes no pils\u0113tas m\u0113be\u013cu kolekcijas\" \/>\n<meta property=\"og:description\" content=\"Atkritumu tvertne su\u0146u ekskrementiem DogStation M4 ir risin\u0101jums sat\u012br\u012b\u0161anai p\u0113c m\u0101jdz\u012bvniekiem, kas apvieno atkritumu konteineru un tur\u0113t\u0101ju t\u012briem plastmasas maisi\u0146iem.\" \/>\n<meta property=\"og:url\" content=\"https:\/\/extery.com\/lv\/produkti\/dogstation-m4\/\" \/>\n<meta property=\"og:site_name\" content=\"Extery\" \/>\n<meta property=\"article:modified_time\" content=\"2026-04-07T12:34:08+00:00\" \/>\n<meta property=\"og:image\" content=\"https:\/\/extery.com\/wp-content\/uploads\/2020\/11\/Dogstation-M4-K-scaled.jpg\" \/>\n\t<meta property=\"og:image:width\" content=\"2560\" \/>\n\t<meta property=\"og:image:height\" content=\"1707\" \/>\n\t<meta property=\"og:image:type\" content=\"image\/jpeg\" \/>\n<meta name=\"twitter:card\" content=\"summary_large_image\" \/>\n<meta name=\"twitter:label1\" content=\"Est. reading time\" \/>\n\t<meta name=\"twitter:data1\" content=\"1 minute\" \/>\n<script type=\"application\/ld+json\" class=\"yoast-schema-graph\">{\"@context\":\"https:\/\/schema.org\",\"@graph\":[{\"@type\":\"WebPage\",\"@id\":\"https:\/\/extery.com\/lv\/produkti\/dogstation-m4\/\",\"url\":\"https:\/\/extery.com\/lv\/produkti\/dogstation-m4\/\",\"name\":\"Atkritumu tvertne su\u0146u ekskrementiem DogStation M4 - Extery atkritumu tvertnes no pils\u0113tas m\u0113be\u013cu kolekcijas\",\"isPartOf\":{\"@id\":\"https:\/\/extery.com\/lv\/#website\"},\"primaryImageOfPage\":{\"@id\":\"https:\/\/extery.com\/lv\/produkti\/dogstation-m4\/#primaryimage\"},\"image\":{\"@id\":\"https:\/\/extery.com\/lv\/produkti\/dogstation-m4\/#primaryimage\"},\"thumbnailUrl\":\"https:\/\/extery.com\/wp-content\/uploads\/2020\/11\/Dogstation-M4-K-scaled.jpg\",\"datePublished\":\"2020-11-13T08:03:31+00:00\",\"dateModified\":\"2026-04-07T12:34:08+00:00\",\"description\":\"Atkritumu tvertne su\u0146u ekskrementiem DogStation M4 ir risin\u0101jums sat\u012br\u012b\u0161anai p\u0113c m\u0101jdz\u012bvniekiem, kas apvieno atkritumu konteineru un tur\u0113t\u0101ju t\u012briem plastmasas maisi\u0146iem.\",\"breadcrumb\":{\"@id\":\"https:\/\/extery.com\/lv\/produkti\/dogstation-m4\/#breadcrumb\"},\"inLanguage\":\"lv-LV\",\"potentialAction\":[{\"@type\":\"ReadAction\",\"target\":[\"https:\/\/extery.com\/lv\/produkti\/dogstation-m4\/\"]}]},{\"@type\":\"ImageObject\",\"inLanguage\":\"lv-LV\",\"@id\":\"https:\/\/extery.com\/lv\/produkti\/dogstation-m4\/#primaryimage\",\"url\":\"https:\/\/extery.com\/wp-content\/uploads\/2020\/11\/Dogstation-M4-K-scaled.jpg\",\"contentUrl\":\"https:\/\/extery.com\/wp-content\/uploads\/2020\/11\/Dogstation-M4-K-scaled.jpg\",\"width\":2560,\"height\":1707},{\"@type\":\"BreadcrumbList\",\"@id\":\"https:\/\/extery.com\/lv\/produkti\/dogstation-m4\/#breadcrumb\",\"itemListElement\":[{\"@type\":\"ListItem\",\"position\":1,\"name\":\"Home\",\"item\":\"https:\/\/extery.com\/lv\/\"},{\"@type\":\"ListItem\",\"position\":2,\"name\":\"Produkti\",\"item\":\"https:\/\/extery.com\/lv\/produkti\/\"},{\"@type\":\"ListItem\",\"position\":3,\"name\":\"Atkritumu tvertne su\u0146u ekskrementiem DogStation M4\"}]},{\"@type\":\"WebSite\",\"@id\":\"https:\/\/extery.com\/lv\/#website\",\"url\":\"https:\/\/extery.com\/lv\/\",\"name\":\"Extery\",\"description\":\"\",\"publisher\":{\"@id\":\"https:\/\/extery.com\/lv\/#organization\"},\"potentialAction\":[{\"@type\":\"SearchAction\",\"target\":{\"@type\":\"EntryPoint\",\"urlTemplate\":\"https:\/\/extery.com\/lv\/?s={search_term_string}\"},\"query-input\":{\"@type\":\"PropertyValueSpecification\",\"valueRequired\":true,\"valueName\":\"search_term_string\"}}],\"inLanguage\":\"lv-LV\"},{\"@type\":\"Organization\",\"@id\":\"https:\/\/extery.com\/lv\/#organization\",\"name\":\"Extery\",\"url\":\"https:\/\/extery.com\/lv\/\",\"logo\":{\"@type\":\"ImageObject\",\"inLanguage\":\"lv-LV\",\"@id\":\"https:\/\/extery.com\/lv\/#\/schema\/logo\/image\/\",\"url\":\"https:\/\/extery.com\/wp-content\/uploads\/2023\/11\/footer-logo.svg\",\"contentUrl\":\"https:\/\/extery.com\/wp-content\/uploads\/2023\/11\/footer-logo.svg\",\"caption\":\"Extery\"},\"image\":{\"@id\":\"https:\/\/extery.com\/lv\/#\/schema\/logo\/image\/\"}}]}<\/script>\n<!-- \/ Yoast SEO plugin. -->","yoast_head_json":{"title":"Atkritumu tvertne su\u0146u ekskrementiem DogStation M4 - Extery atkritumu tvertnes no pils\u0113tas m\u0113be\u013cu kolekcijas","description":"Atkritumu tvertne su\u0146u ekskrementiem DogStation M4 ir risin\u0101jums sat\u012br\u012b\u0161anai p\u0113c m\u0101jdz\u012bvniekiem, kas apvieno atkritumu konteineru un tur\u0113t\u0101ju t\u012briem plastmasas maisi\u0146iem.","robots":{"index":"index","follow":"follow","max-snippet":"max-snippet:-1","max-image-preview":"max-image-preview:large","max-video-preview":"max-video-preview:-1"},"canonical":"https:\/\/extery.com\/lv\/produkti\/dogstation-m4\/","og_locale":"lv_LV","og_type":"article","og_title":"Atkritumu tvertne su\u0146u ekskrementiem DogStation M4 - Extery atkritumu tvertnes no pils\u0113tas m\u0113be\u013cu kolekcijas","og_description":"Atkritumu tvertne su\u0146u ekskrementiem DogStation M4 ir risin\u0101jums sat\u012br\u012b\u0161anai p\u0113c m\u0101jdz\u012bvniekiem, kas apvieno atkritumu konteineru un tur\u0113t\u0101ju t\u012briem plastmasas maisi\u0146iem.","og_url":"https:\/\/extery.com\/lv\/produkti\/dogstation-m4\/","og_site_name":"Extery","article_modified_time":"2026-04-07T12:34:08+00:00","og_image":[{"width":2560,"height":1707,"url":"https:\/\/extery.com\/wp-content\/uploads\/2020\/11\/Dogstation-M4-K-scaled.jpg","type":"image\/jpeg"}],"twitter_card":"summary_large_image","twitter_misc":{"Est. reading time":"1 minute"},"schema":{"@context":"https:\/\/schema.org","@graph":[{"@type":"WebPage","@id":"https:\/\/extery.com\/lv\/produkti\/dogstation-m4\/","url":"https:\/\/extery.com\/lv\/produkti\/dogstation-m4\/","name":"Atkritumu tvertne su\u0146u ekskrementiem DogStation M4 - Extery atkritumu tvertnes no pils\u0113tas m\u0113be\u013cu kolekcijas","isPartOf":{"@id":"https:\/\/extery.com\/lv\/#website"},"primaryImageOfPage":{"@id":"https:\/\/extery.com\/lv\/produkti\/dogstation-m4\/#primaryimage"},"image":{"@id":"https:\/\/extery.com\/lv\/produkti\/dogstation-m4\/#primaryimage"},"thumbnailUrl":"https:\/\/extery.com\/wp-content\/uploads\/2020\/11\/Dogstation-M4-K-scaled.jpg","datePublished":"2020-11-13T08:03:31+00:00","dateModified":"2026-04-07T12:34:08+00:00","description":"Atkritumu tvertne su\u0146u ekskrementiem DogStation M4 ir risin\u0101jums sat\u012br\u012b\u0161anai p\u0113c m\u0101jdz\u012bvniekiem, kas apvieno atkritumu konteineru un tur\u0113t\u0101ju t\u012briem plastmasas maisi\u0146iem.","breadcrumb":{"@id":"https:\/\/extery.com\/lv\/produkti\/dogstation-m4\/#breadcrumb"},"inLanguage":"lv-LV","potentialAction":[{"@type":"ReadAction","target":["https:\/\/extery.com\/lv\/produkti\/dogstation-m4\/"]}]},{"@type":"ImageObject","inLanguage":"lv-LV","@id":"https:\/\/extery.com\/lv\/produkti\/dogstation-m4\/#primaryimage","url":"https:\/\/extery.com\/wp-content\/uploads\/2020\/11\/Dogstation-M4-K-scaled.jpg","contentUrl":"https:\/\/extery.com\/wp-content\/uploads\/2020\/11\/Dogstation-M4-K-scaled.jpg","width":2560,"height":1707},{"@type":"BreadcrumbList","@id":"https:\/\/extery.com\/lv\/produkti\/dogstation-m4\/#breadcrumb","itemListElement":[{"@type":"ListItem","position":1,"name":"Home","item":"https:\/\/extery.com\/lv\/"},{"@type":"ListItem","position":2,"name":"Produkti","item":"https:\/\/extery.com\/lv\/produkti\/"},{"@type":"ListItem","position":3,"name":"Atkritumu tvertne su\u0146u ekskrementiem DogStation M4"}]},{"@type":"WebSite","@id":"https:\/\/extery.com\/lv\/#website","url":"https:\/\/extery.com\/lv\/","name":"Extery","description":"","publisher":{"@id":"https:\/\/extery.com\/lv\/#organization"},"potentialAction":[{"@type":"SearchAction","target":{"@type":"EntryPoint","urlTemplate":"https:\/\/extery.com\/lv\/?s={search_term_string}"},"query-input":{"@type":"PropertyValueSpecification","valueRequired":true,"valueName":"search_term_string"}}],"inLanguage":"lv-LV"},{"@type":"Organization","@id":"https:\/\/extery.com\/lv\/#organization","name":"Extery","url":"https:\/\/extery.com\/lv\/","logo":{"@type":"ImageObject","inLanguage":"lv-LV","@id":"https:\/\/extery.com\/lv\/#\/schema\/logo\/image\/","url":"https:\/\/extery.com\/wp-content\/uploads\/2023\/11\/footer-logo.svg","contentUrl":"https:\/\/extery.com\/wp-content\/uploads\/2023\/11\/footer-logo.svg","caption":"Extery"},"image":{"@id":"https:\/\/extery.com\/lv\/#\/schema\/logo\/image\/"}}]}},"_links":{"self":[{"href":"https:\/\/extery.com\/lv\/wp-json\/wp\/v2\/product\/3658","targetHints":{"allow":["GET"]}}],"collection":[{"href":"https:\/\/extery.com\/lv\/wp-json\/wp\/v2\/product"}],"about":[{"href":"https:\/\/extery.com\/lv\/wp-json\/wp\/v2\/types\/product"}],"replies":[{"embeddable":true,"href":"https:\/\/extery.com\/lv\/wp-json\/wp\/v2\/comments?post=3658"}],"wp:featuredmedia":[{"embeddable":true,"href":"https:\/\/extery.com\/lv\/wp-json\/wp\/v2\/media\/1970"}],"wp:attachment":[{"href":"https:\/\/extery.com\/lv\/wp-json\/wp\/v2\/media?parent=3658"}],"wp:term":[{"taxonomy":"product_brand","embeddable":true,"href":"https:\/\/extery.com\/lv\/wp-json\/wp\/v2\/product_brand?post=3658"},{"taxonomy":"product_cat","embeddable":true,"href":"https:\/\/extery.com\/lv\/wp-json\/wp\/v2\/product_cat?post=3658"},{"taxonomy":"product_tag","embeddable":true,"href":"https:\/\/extery.com\/lv\/wp-json\/wp\/v2\/product_tag?post=3658"}],"curies":[{"name":"wp","href":"https:\/\/api.w.org\/{rel}","templated":true}]}}