{"id":3679,"date":"2020-11-13T08:20:21","date_gmt":"2020-11-13T08:20:21","guid":{"rendered":"https:\/\/extery.com\/?post_type=product&#038;p=3679"},"modified":"2026-04-13T12:20:06","modified_gmt":"2026-04-13T12:20:06","slug":"piip-stabini","status":"publish","type":"product","link":"https:\/\/extery.com\/lv\/produkti\/piip-stabini\/","title":{"rendered":"stabi\u0146i Piip"},"content":{"rendered":"<p id=\"tw-target-text\" class=\"tw-data-text tw-text-large tw-ta\" dir=\"ltr\" data-placeholder=\"T\u00f5lge\"><span class=\"Y2IQFc\" lang=\"lv\">Stabi\u0146i Piip ir \u0101rk\u0101rt\u012bgi minim\u0101listiska forma, kas nav j\u0101pamana pils\u0113tas ainav\u0101, bet gan ierobe\u017eojumu skaidrojums un satiksmes dal\u012bbnieku mierin\u0101jums. Piip norobe\u017eo laukumus un ielas malas, kur transportl\u012bdzek\u013cu piebrauk\u0161ana ir ierobe\u017eota. Piip nodro\u0161ina ierobe\u017eojumus, b\u016bdama da\u013ca no pils\u0113ttelpas.<\/span><\/p>\n","protected":false},"excerpt":{"rendered":"<p>Stabi\u0146i Piip ir \u0101rk\u0101rt\u012bgi minim\u0101listiska forma, kas nav j\u0101pamana pils\u0113tas ainav\u0101, bet gan ierobe\u017eojumu skaidrojums un satiksmes dal\u012bbnieku mierin\u0101jums. Piip norobe\u017eo laukumus un ielas malas, kur transportl\u012bdzek\u013cu piebrauk\u0161ana ir ierobe\u017eota. Piip nodro\u0161ina ierobe\u017eojumus, b\u016bdama da\u013ca no pils\u0113ttelpas.<\/p>\n","protected":false},"featured_media":11078,"comment_status":"open","ping_status":"closed","template":"","meta":{"_acf_changed":false},"product_brand":[],"product_cat":[124],"product_tag":[],"class_list":{"0":"post-3679","1":"product","2":"type-product","3":"status-publish","4":"has-post-thumbnail","6":"product_cat-pilsetas-telpas-elementi-lv","7":"product-family-piip-lv","9":"first","10":"instock","11":"shipping-taxable","12":"product-type-simple"},"acf":[],"yoast_head":"<!-- This site is optimized with the Yoast SEO plugin v26.4 - https:\/\/yoast.com\/wordpress\/plugins\/seo\/ -->\n<title>stabi\u0146i Piip - Extery stabi\u0146i un barjera no pils\u0113tas m\u0113be\u013cu kolekcijas<\/title>\n<meta name=\"description\" content=\"Stabi\u0146i Piip ir \u0101rk\u0101rt\u012bgi minim\u0101listiska forma, kas nav j\u0101pamana pils\u0113tas ainav\u0101, bet gan ierobe\u017eojumu skaidrojums un satiksmes dal\u012bbnieku mierin\u0101jums.\" \/>\n<meta name=\"robots\" content=\"index, follow, max-snippet:-1, max-image-preview:large, max-video-preview:-1\" \/>\n<link rel=\"canonical\" href=\"https:\/\/extery.com\/lv\/produkti\/piip-stabini\/\" \/>\n<meta property=\"og:locale\" content=\"lv_LV\" \/>\n<meta property=\"og:type\" content=\"article\" \/>\n<meta property=\"og:title\" content=\"stabi\u0146i Piip - Extery stabi\u0146i un barjera no pils\u0113tas m\u0113be\u013cu kolekcijas\" \/>\n<meta property=\"og:description\" content=\"Stabi\u0146i Piip ir \u0101rk\u0101rt\u012bgi minim\u0101listiska forma, kas nav j\u0101pamana pils\u0113tas ainav\u0101, bet gan ierobe\u017eojumu skaidrojums un satiksmes dal\u012bbnieku mierin\u0101jums.\" \/>\n<meta property=\"og:url\" content=\"https:\/\/extery.com\/lv\/produkti\/piip-stabini\/\" \/>\n<meta property=\"og:site_name\" content=\"Extery\" \/>\n<meta property=\"article:modified_time\" content=\"2026-04-13T12:20:06+00:00\" \/>\n<meta property=\"og:image\" content=\"https:\/\/extery.com\/wp-content\/uploads\/2020\/11\/soidutoke-pollar-Piip.-Pollard-Piip-scaled.jpg\" \/>\n\t<meta property=\"og:image:width\" content=\"2560\" \/>\n\t<meta property=\"og:image:height\" content=\"1707\" \/>\n\t<meta property=\"og:image:type\" content=\"image\/jpeg\" \/>\n<meta name=\"twitter:card\" content=\"summary_large_image\" \/>\n<meta name=\"twitter:label1\" content=\"Est. reading time\" \/>\n\t<meta name=\"twitter:data1\" content=\"1 minute\" \/>\n<script type=\"application\/ld+json\" class=\"yoast-schema-graph\">{\"@context\":\"https:\/\/schema.org\",\"@graph\":[{\"@type\":\"WebPage\",\"@id\":\"https:\/\/extery.com\/lv\/produkti\/piip-stabini\/\",\"url\":\"https:\/\/extery.com\/lv\/produkti\/piip-stabini\/\",\"name\":\"stabi\u0146i Piip - Extery stabi\u0146i un barjera no pils\u0113tas m\u0113be\u013cu kolekcijas\",\"isPartOf\":{\"@id\":\"https:\/\/extery.com\/lv\/#website\"},\"primaryImageOfPage\":{\"@id\":\"https:\/\/extery.com\/lv\/produkti\/piip-stabini\/#primaryimage\"},\"image\":{\"@id\":\"https:\/\/extery.com\/lv\/produkti\/piip-stabini\/#primaryimage\"},\"thumbnailUrl\":\"https:\/\/extery.com\/wp-content\/uploads\/2020\/11\/soidutoke-pollar-Piip.-Pollard-Piip-scaled.jpg\",\"datePublished\":\"2020-11-13T08:20:21+00:00\",\"dateModified\":\"2026-04-13T12:20:06+00:00\",\"description\":\"Stabi\u0146i Piip ir \u0101rk\u0101rt\u012bgi minim\u0101listiska forma, kas nav j\u0101pamana pils\u0113tas ainav\u0101, bet gan ierobe\u017eojumu skaidrojums un satiksmes dal\u012bbnieku mierin\u0101jums.\",\"breadcrumb\":{\"@id\":\"https:\/\/extery.com\/lv\/produkti\/piip-stabini\/#breadcrumb\"},\"inLanguage\":\"lv-LV\",\"potentialAction\":[{\"@type\":\"ReadAction\",\"target\":[\"https:\/\/extery.com\/lv\/produkti\/piip-stabini\/\"]}]},{\"@type\":\"ImageObject\",\"inLanguage\":\"lv-LV\",\"@id\":\"https:\/\/extery.com\/lv\/produkti\/piip-stabini\/#primaryimage\",\"url\":\"https:\/\/extery.com\/wp-content\/uploads\/2020\/11\/soidutoke-pollar-Piip.-Pollard-Piip-scaled.jpg\",\"contentUrl\":\"https:\/\/extery.com\/wp-content\/uploads\/2020\/11\/soidutoke-pollar-Piip.-Pollard-Piip-scaled.jpg\",\"width\":2560,\"height\":1707},{\"@type\":\"BreadcrumbList\",\"@id\":\"https:\/\/extery.com\/lv\/produkti\/piip-stabini\/#breadcrumb\",\"itemListElement\":[{\"@type\":\"ListItem\",\"position\":1,\"name\":\"Home\",\"item\":\"https:\/\/extery.com\/lv\/\"},{\"@type\":\"ListItem\",\"position\":2,\"name\":\"Produkti\",\"item\":\"https:\/\/extery.com\/lv\/produkti\/\"},{\"@type\":\"ListItem\",\"position\":3,\"name\":\"stabi\u0146i Piip\"}]},{\"@type\":\"WebSite\",\"@id\":\"https:\/\/extery.com\/lv\/#website\",\"url\":\"https:\/\/extery.com\/lv\/\",\"name\":\"Extery\",\"description\":\"\",\"publisher\":{\"@id\":\"https:\/\/extery.com\/lv\/#organization\"},\"potentialAction\":[{\"@type\":\"SearchAction\",\"target\":{\"@type\":\"EntryPoint\",\"urlTemplate\":\"https:\/\/extery.com\/lv\/?s={search_term_string}\"},\"query-input\":{\"@type\":\"PropertyValueSpecification\",\"valueRequired\":true,\"valueName\":\"search_term_string\"}}],\"inLanguage\":\"lv-LV\"},{\"@type\":\"Organization\",\"@id\":\"https:\/\/extery.com\/lv\/#organization\",\"name\":\"Extery\",\"url\":\"https:\/\/extery.com\/lv\/\",\"logo\":{\"@type\":\"ImageObject\",\"inLanguage\":\"lv-LV\",\"@id\":\"https:\/\/extery.com\/lv\/#\/schema\/logo\/image\/\",\"url\":\"https:\/\/extery.com\/wp-content\/uploads\/2023\/11\/footer-logo.svg\",\"contentUrl\":\"https:\/\/extery.com\/wp-content\/uploads\/2023\/11\/footer-logo.svg\",\"caption\":\"Extery\"},\"image\":{\"@id\":\"https:\/\/extery.com\/lv\/#\/schema\/logo\/image\/\"}}]}<\/script>\n<!-- \/ Yoast SEO plugin. -->","yoast_head_json":{"title":"stabi\u0146i Piip - Extery stabi\u0146i un barjera no pils\u0113tas m\u0113be\u013cu kolekcijas","description":"Stabi\u0146i Piip ir \u0101rk\u0101rt\u012bgi minim\u0101listiska forma, kas nav j\u0101pamana pils\u0113tas ainav\u0101, bet gan ierobe\u017eojumu skaidrojums un satiksmes dal\u012bbnieku mierin\u0101jums.","robots":{"index":"index","follow":"follow","max-snippet":"max-snippet:-1","max-image-preview":"max-image-preview:large","max-video-preview":"max-video-preview:-1"},"canonical":"https:\/\/extery.com\/lv\/produkti\/piip-stabini\/","og_locale":"lv_LV","og_type":"article","og_title":"stabi\u0146i Piip - Extery stabi\u0146i un barjera no pils\u0113tas m\u0113be\u013cu kolekcijas","og_description":"Stabi\u0146i Piip ir \u0101rk\u0101rt\u012bgi minim\u0101listiska forma, kas nav j\u0101pamana pils\u0113tas ainav\u0101, bet gan ierobe\u017eojumu skaidrojums un satiksmes dal\u012bbnieku mierin\u0101jums.","og_url":"https:\/\/extery.com\/lv\/produkti\/piip-stabini\/","og_site_name":"Extery","article_modified_time":"2026-04-13T12:20:06+00:00","og_image":[{"width":2560,"height":1707,"url":"https:\/\/extery.com\/wp-content\/uploads\/2020\/11\/soidutoke-pollar-Piip.-Pollard-Piip-scaled.jpg","type":"image\/jpeg"}],"twitter_card":"summary_large_image","twitter_misc":{"Est. reading time":"1 minute"},"schema":{"@context":"https:\/\/schema.org","@graph":[{"@type":"WebPage","@id":"https:\/\/extery.com\/lv\/produkti\/piip-stabini\/","url":"https:\/\/extery.com\/lv\/produkti\/piip-stabini\/","name":"stabi\u0146i Piip - Extery stabi\u0146i un barjera no pils\u0113tas m\u0113be\u013cu kolekcijas","isPartOf":{"@id":"https:\/\/extery.com\/lv\/#website"},"primaryImageOfPage":{"@id":"https:\/\/extery.com\/lv\/produkti\/piip-stabini\/#primaryimage"},"image":{"@id":"https:\/\/extery.com\/lv\/produkti\/piip-stabini\/#primaryimage"},"thumbnailUrl":"https:\/\/extery.com\/wp-content\/uploads\/2020\/11\/soidutoke-pollar-Piip.-Pollard-Piip-scaled.jpg","datePublished":"2020-11-13T08:20:21+00:00","dateModified":"2026-04-13T12:20:06+00:00","description":"Stabi\u0146i Piip ir \u0101rk\u0101rt\u012bgi minim\u0101listiska forma, kas nav j\u0101pamana pils\u0113tas ainav\u0101, bet gan ierobe\u017eojumu skaidrojums un satiksmes dal\u012bbnieku mierin\u0101jums.","breadcrumb":{"@id":"https:\/\/extery.com\/lv\/produkti\/piip-stabini\/#breadcrumb"},"inLanguage":"lv-LV","potentialAction":[{"@type":"ReadAction","target":["https:\/\/extery.com\/lv\/produkti\/piip-stabini\/"]}]},{"@type":"ImageObject","inLanguage":"lv-LV","@id":"https:\/\/extery.com\/lv\/produkti\/piip-stabini\/#primaryimage","url":"https:\/\/extery.com\/wp-content\/uploads\/2020\/11\/soidutoke-pollar-Piip.-Pollard-Piip-scaled.jpg","contentUrl":"https:\/\/extery.com\/wp-content\/uploads\/2020\/11\/soidutoke-pollar-Piip.-Pollard-Piip-scaled.jpg","width":2560,"height":1707},{"@type":"BreadcrumbList","@id":"https:\/\/extery.com\/lv\/produkti\/piip-stabini\/#breadcrumb","itemListElement":[{"@type":"ListItem","position":1,"name":"Home","item":"https:\/\/extery.com\/lv\/"},{"@type":"ListItem","position":2,"name":"Produkti","item":"https:\/\/extery.com\/lv\/produkti\/"},{"@type":"ListItem","position":3,"name":"stabi\u0146i Piip"}]},{"@type":"WebSite","@id":"https:\/\/extery.com\/lv\/#website","url":"https:\/\/extery.com\/lv\/","name":"Extery","description":"","publisher":{"@id":"https:\/\/extery.com\/lv\/#organization"},"potentialAction":[{"@type":"SearchAction","target":{"@type":"EntryPoint","urlTemplate":"https:\/\/extery.com\/lv\/?s={search_term_string}"},"query-input":{"@type":"PropertyValueSpecification","valueRequired":true,"valueName":"search_term_string"}}],"inLanguage":"lv-LV"},{"@type":"Organization","@id":"https:\/\/extery.com\/lv\/#organization","name":"Extery","url":"https:\/\/extery.com\/lv\/","logo":{"@type":"ImageObject","inLanguage":"lv-LV","@id":"https:\/\/extery.com\/lv\/#\/schema\/logo\/image\/","url":"https:\/\/extery.com\/wp-content\/uploads\/2023\/11\/footer-logo.svg","contentUrl":"https:\/\/extery.com\/wp-content\/uploads\/2023\/11\/footer-logo.svg","caption":"Extery"},"image":{"@id":"https:\/\/extery.com\/lv\/#\/schema\/logo\/image\/"}}]}},"_links":{"self":[{"href":"https:\/\/extery.com\/lv\/wp-json\/wp\/v2\/product\/3679","targetHints":{"allow":["GET"]}}],"collection":[{"href":"https:\/\/extery.com\/lv\/wp-json\/wp\/v2\/product"}],"about":[{"href":"https:\/\/extery.com\/lv\/wp-json\/wp\/v2\/types\/product"}],"replies":[{"embeddable":true,"href":"https:\/\/extery.com\/lv\/wp-json\/wp\/v2\/comments?post=3679"}],"wp:featuredmedia":[{"embeddable":true,"href":"https:\/\/extery.com\/lv\/wp-json\/wp\/v2\/media\/11078"}],"wp:attachment":[{"href":"https:\/\/extery.com\/lv\/wp-json\/wp\/v2\/media?parent=3679"}],"wp:term":[{"taxonomy":"product_brand","embeddable":true,"href":"https:\/\/extery.com\/lv\/wp-json\/wp\/v2\/product_brand?post=3679"},{"taxonomy":"product_cat","embeddable":true,"href":"https:\/\/extery.com\/lv\/wp-json\/wp\/v2\/product_cat?post=3679"},{"taxonomy":"product_tag","embeddable":true,"href":"https:\/\/extery.com\/lv\/wp-json\/wp\/v2\/product_tag?post=3679"}],"curies":[{"name":"wp","href":"https:\/\/api.w.org\/{rel}","templated":true}]}}