{"id":3686,"date":"2020-11-13T08:23:53","date_gmt":"2020-11-13T08:23:53","guid":{"rendered":"https:\/\/extery.com\/?post_type=product&#038;p=3686"},"modified":"2026-04-13T09:48:42","modified_gmt":"2026-04-13T09:48:42","slug":"tiide-augu-kaste","status":"publish","type":"product","link":"https:\/\/extery.com\/lv\/produkti\/tiide-augu-kaste\/","title":{"rendered":"Augu kaste Tiide"},"content":{"rendered":"<p>Tiide augu kaste ir vienk\u0101r\u0161a forma un stils, kas \u013cauj izveidot m\u0101j\u012bgus za\u013cus st\u016br\u012b\u0161us pils\u0113tvid\u0113.<\/p>\n<p>Tiide augu konteiners ir viens no liel\u0101kas Tiide grupas elementiem, kur\u0101 ietilpst ar\u012b da\u017e\u0101di parka soli\u0146i un galdi.<\/p>\n<p>Tiide ir neliels pakl\u0101ji\u0146\u0161 Extery kolekcij\u0101. Izstr\u0101d\u0101ts, lai rad\u012btu svaigumu vid\u0113. Pat\u012bkamas noapa\u013cotas formas, maigi izliekumi un dz\u012bvespriec\u012bgas proporcijas ir tie\u0161i t\u0101s \u012bpa\u0161\u012bbas, ar kur\u0101m Tiide izce\u013cas. Uzkr\u012bto\u0161i pa\u0146\u0113mieni, kas paz\u012bstami no m\u016bsdienu m\u0113be\u013cu dizaina, at\u0161\u0137ir T\u012bdu no ikdienas konservat\u012bvaj\u0101m pils\u0113tas m\u0113bel\u0113m.<\/p>\n","protected":false},"excerpt":{"rendered":"<p>Tiide augu kaste ir vienk\u0101r\u0161a forma un stils, kas \u013cauj izveidot m\u0101j\u012bgus za\u013cus st\u016br\u012b\u0161us pils\u0113tvid\u0113. Tiide augu konteiners ir viens no liel\u0101kas Tiide grupas elementiem, kur\u0101 ietilpst ar\u012b da\u017e\u0101di parka soli\u0146i un galdi. Tiide ir neliels pakl\u0101ji\u0146\u0161 Extery kolekcij\u0101. Izstr\u0101d\u0101ts, lai rad\u012btu svaigumu vid\u0113. Pat\u012bkamas noapa\u013cotas formas, maigi izliekumi un dz\u012bvespriec\u012bgas proporcijas ir tie\u0161i t\u0101s [&hellip;]<\/p>\n","protected":false},"featured_media":2000,"comment_status":"open","ping_status":"closed","template":"","meta":{"_acf_changed":false},"product_brand":[],"product_cat":[124],"product_tag":[],"class_list":{"0":"post-3686","1":"product","2":"type-product","3":"status-publish","4":"has-post-thumbnail","6":"product_cat-pilsetas-telpas-elementi-lv","7":"product-family-tiide-lv","9":"first","10":"instock","11":"shipping-taxable","12":"product-type-simple"},"acf":[],"yoast_head":"<!-- This site is optimized with the Yoast SEO plugin v26.4 - https:\/\/yoast.com\/wordpress\/plugins\/seo\/ -->\n<title>Augu kaste Tiide - Extery augu kaste no pils\u0113tas m\u0113be\u013cu kolekcijas<\/title>\n<meta name=\"description\" content=\"Tiide augu konteineram ir vienk\u0101r\u0161a forma un stils, kas \u013cauj izveidot m\u0101j\u012bgus za\u013cus st\u016br\u012b\u0161us pils\u0113tvid\u0113.\" \/>\n<meta name=\"robots\" content=\"index, follow, max-snippet:-1, max-image-preview:large, max-video-preview:-1\" \/>\n<link rel=\"canonical\" href=\"https:\/\/extery.com\/lv\/produkti\/tiide-augu-kaste\/\" \/>\n<meta property=\"og:locale\" content=\"lv_LV\" \/>\n<meta property=\"og:type\" content=\"article\" \/>\n<meta property=\"og:title\" content=\"Augu kaste Tiide - Extery augu kaste no pils\u0113tas m\u0113be\u013cu kolekcijas\" \/>\n<meta property=\"og:description\" content=\"Tiide augu konteineram ir vienk\u0101r\u0161a forma un stils, kas \u013cauj izveidot m\u0101j\u012bgus za\u013cus st\u016br\u012b\u0161us pils\u0113tvid\u0113.\" \/>\n<meta property=\"og:url\" content=\"https:\/\/extery.com\/lv\/produkti\/tiide-augu-kaste\/\" \/>\n<meta property=\"og:site_name\" content=\"Extery\" \/>\n<meta property=\"article:modified_time\" content=\"2026-04-13T09:48:42+00:00\" \/>\n<meta property=\"og:image\" content=\"https:\/\/extery.com\/wp-content\/uploads\/2020\/11\/Tiide-planter-E-scaled.jpg\" \/>\n\t<meta property=\"og:image:width\" content=\"2560\" \/>\n\t<meta property=\"og:image:height\" content=\"1707\" \/>\n\t<meta property=\"og:image:type\" content=\"image\/jpeg\" \/>\n<meta name=\"twitter:card\" content=\"summary_large_image\" \/>\n<meta name=\"twitter:label1\" content=\"Est. reading time\" \/>\n\t<meta name=\"twitter:data1\" content=\"1 minute\" \/>\n<script type=\"application\/ld+json\" class=\"yoast-schema-graph\">{\"@context\":\"https:\/\/schema.org\",\"@graph\":[{\"@type\":\"WebPage\",\"@id\":\"https:\/\/extery.com\/lv\/produkti\/tiide-augu-kaste\/\",\"url\":\"https:\/\/extery.com\/lv\/produkti\/tiide-augu-kaste\/\",\"name\":\"Augu kaste Tiide - Extery augu kaste no pils\u0113tas m\u0113be\u013cu kolekcijas\",\"isPartOf\":{\"@id\":\"https:\/\/extery.com\/lv\/#website\"},\"primaryImageOfPage\":{\"@id\":\"https:\/\/extery.com\/lv\/produkti\/tiide-augu-kaste\/#primaryimage\"},\"image\":{\"@id\":\"https:\/\/extery.com\/lv\/produkti\/tiide-augu-kaste\/#primaryimage\"},\"thumbnailUrl\":\"https:\/\/extery.com\/wp-content\/uploads\/2020\/11\/Tiide-planter-E-scaled.jpg\",\"datePublished\":\"2020-11-13T08:23:53+00:00\",\"dateModified\":\"2026-04-13T09:48:42+00:00\",\"description\":\"Tiide augu konteineram ir vienk\u0101r\u0161a forma un stils, kas \u013cauj izveidot m\u0101j\u012bgus za\u013cus st\u016br\u012b\u0161us pils\u0113tvid\u0113.\",\"breadcrumb\":{\"@id\":\"https:\/\/extery.com\/lv\/produkti\/tiide-augu-kaste\/#breadcrumb\"},\"inLanguage\":\"lv-LV\",\"potentialAction\":[{\"@type\":\"ReadAction\",\"target\":[\"https:\/\/extery.com\/lv\/produkti\/tiide-augu-kaste\/\"]}]},{\"@type\":\"ImageObject\",\"inLanguage\":\"lv-LV\",\"@id\":\"https:\/\/extery.com\/lv\/produkti\/tiide-augu-kaste\/#primaryimage\",\"url\":\"https:\/\/extery.com\/wp-content\/uploads\/2020\/11\/Tiide-planter-E-scaled.jpg\",\"contentUrl\":\"https:\/\/extery.com\/wp-content\/uploads\/2020\/11\/Tiide-planter-E-scaled.jpg\",\"width\":2560,\"height\":1707},{\"@type\":\"BreadcrumbList\",\"@id\":\"https:\/\/extery.com\/lv\/produkti\/tiide-augu-kaste\/#breadcrumb\",\"itemListElement\":[{\"@type\":\"ListItem\",\"position\":1,\"name\":\"Home\",\"item\":\"https:\/\/extery.com\/lv\/\"},{\"@type\":\"ListItem\",\"position\":2,\"name\":\"Produkti\",\"item\":\"https:\/\/extery.com\/lv\/produkti\/\"},{\"@type\":\"ListItem\",\"position\":3,\"name\":\"Augu kaste Tiide\"}]},{\"@type\":\"WebSite\",\"@id\":\"https:\/\/extery.com\/lv\/#website\",\"url\":\"https:\/\/extery.com\/lv\/\",\"name\":\"Extery\",\"description\":\"\",\"publisher\":{\"@id\":\"https:\/\/extery.com\/lv\/#organization\"},\"potentialAction\":[{\"@type\":\"SearchAction\",\"target\":{\"@type\":\"EntryPoint\",\"urlTemplate\":\"https:\/\/extery.com\/lv\/?s={search_term_string}\"},\"query-input\":{\"@type\":\"PropertyValueSpecification\",\"valueRequired\":true,\"valueName\":\"search_term_string\"}}],\"inLanguage\":\"lv-LV\"},{\"@type\":\"Organization\",\"@id\":\"https:\/\/extery.com\/lv\/#organization\",\"name\":\"Extery\",\"url\":\"https:\/\/extery.com\/lv\/\",\"logo\":{\"@type\":\"ImageObject\",\"inLanguage\":\"lv-LV\",\"@id\":\"https:\/\/extery.com\/lv\/#\/schema\/logo\/image\/\",\"url\":\"https:\/\/extery.com\/wp-content\/uploads\/2023\/11\/footer-logo.svg\",\"contentUrl\":\"https:\/\/extery.com\/wp-content\/uploads\/2023\/11\/footer-logo.svg\",\"caption\":\"Extery\"},\"image\":{\"@id\":\"https:\/\/extery.com\/lv\/#\/schema\/logo\/image\/\"}}]}<\/script>\n<!-- \/ Yoast SEO plugin. -->","yoast_head_json":{"title":"Augu kaste Tiide - Extery augu kaste no pils\u0113tas m\u0113be\u013cu kolekcijas","description":"Tiide augu konteineram ir vienk\u0101r\u0161a forma un stils, kas \u013cauj izveidot m\u0101j\u012bgus za\u013cus st\u016br\u012b\u0161us pils\u0113tvid\u0113.","robots":{"index":"index","follow":"follow","max-snippet":"max-snippet:-1","max-image-preview":"max-image-preview:large","max-video-preview":"max-video-preview:-1"},"canonical":"https:\/\/extery.com\/lv\/produkti\/tiide-augu-kaste\/","og_locale":"lv_LV","og_type":"article","og_title":"Augu kaste Tiide - Extery augu kaste no pils\u0113tas m\u0113be\u013cu kolekcijas","og_description":"Tiide augu konteineram ir vienk\u0101r\u0161a forma un stils, kas \u013cauj izveidot m\u0101j\u012bgus za\u013cus st\u016br\u012b\u0161us pils\u0113tvid\u0113.","og_url":"https:\/\/extery.com\/lv\/produkti\/tiide-augu-kaste\/","og_site_name":"Extery","article_modified_time":"2026-04-13T09:48:42+00:00","og_image":[{"width":2560,"height":1707,"url":"https:\/\/extery.com\/wp-content\/uploads\/2020\/11\/Tiide-planter-E-scaled.jpg","type":"image\/jpeg"}],"twitter_card":"summary_large_image","twitter_misc":{"Est. reading time":"1 minute"},"schema":{"@context":"https:\/\/schema.org","@graph":[{"@type":"WebPage","@id":"https:\/\/extery.com\/lv\/produkti\/tiide-augu-kaste\/","url":"https:\/\/extery.com\/lv\/produkti\/tiide-augu-kaste\/","name":"Augu kaste Tiide - Extery augu kaste no pils\u0113tas m\u0113be\u013cu kolekcijas","isPartOf":{"@id":"https:\/\/extery.com\/lv\/#website"},"primaryImageOfPage":{"@id":"https:\/\/extery.com\/lv\/produkti\/tiide-augu-kaste\/#primaryimage"},"image":{"@id":"https:\/\/extery.com\/lv\/produkti\/tiide-augu-kaste\/#primaryimage"},"thumbnailUrl":"https:\/\/extery.com\/wp-content\/uploads\/2020\/11\/Tiide-planter-E-scaled.jpg","datePublished":"2020-11-13T08:23:53+00:00","dateModified":"2026-04-13T09:48:42+00:00","description":"Tiide augu konteineram ir vienk\u0101r\u0161a forma un stils, kas \u013cauj izveidot m\u0101j\u012bgus za\u013cus st\u016br\u012b\u0161us pils\u0113tvid\u0113.","breadcrumb":{"@id":"https:\/\/extery.com\/lv\/produkti\/tiide-augu-kaste\/#breadcrumb"},"inLanguage":"lv-LV","potentialAction":[{"@type":"ReadAction","target":["https:\/\/extery.com\/lv\/produkti\/tiide-augu-kaste\/"]}]},{"@type":"ImageObject","inLanguage":"lv-LV","@id":"https:\/\/extery.com\/lv\/produkti\/tiide-augu-kaste\/#primaryimage","url":"https:\/\/extery.com\/wp-content\/uploads\/2020\/11\/Tiide-planter-E-scaled.jpg","contentUrl":"https:\/\/extery.com\/wp-content\/uploads\/2020\/11\/Tiide-planter-E-scaled.jpg","width":2560,"height":1707},{"@type":"BreadcrumbList","@id":"https:\/\/extery.com\/lv\/produkti\/tiide-augu-kaste\/#breadcrumb","itemListElement":[{"@type":"ListItem","position":1,"name":"Home","item":"https:\/\/extery.com\/lv\/"},{"@type":"ListItem","position":2,"name":"Produkti","item":"https:\/\/extery.com\/lv\/produkti\/"},{"@type":"ListItem","position":3,"name":"Augu kaste Tiide"}]},{"@type":"WebSite","@id":"https:\/\/extery.com\/lv\/#website","url":"https:\/\/extery.com\/lv\/","name":"Extery","description":"","publisher":{"@id":"https:\/\/extery.com\/lv\/#organization"},"potentialAction":[{"@type":"SearchAction","target":{"@type":"EntryPoint","urlTemplate":"https:\/\/extery.com\/lv\/?s={search_term_string}"},"query-input":{"@type":"PropertyValueSpecification","valueRequired":true,"valueName":"search_term_string"}}],"inLanguage":"lv-LV"},{"@type":"Organization","@id":"https:\/\/extery.com\/lv\/#organization","name":"Extery","url":"https:\/\/extery.com\/lv\/","logo":{"@type":"ImageObject","inLanguage":"lv-LV","@id":"https:\/\/extery.com\/lv\/#\/schema\/logo\/image\/","url":"https:\/\/extery.com\/wp-content\/uploads\/2023\/11\/footer-logo.svg","contentUrl":"https:\/\/extery.com\/wp-content\/uploads\/2023\/11\/footer-logo.svg","caption":"Extery"},"image":{"@id":"https:\/\/extery.com\/lv\/#\/schema\/logo\/image\/"}}]}},"_links":{"self":[{"href":"https:\/\/extery.com\/lv\/wp-json\/wp\/v2\/product\/3686","targetHints":{"allow":["GET"]}}],"collection":[{"href":"https:\/\/extery.com\/lv\/wp-json\/wp\/v2\/product"}],"about":[{"href":"https:\/\/extery.com\/lv\/wp-json\/wp\/v2\/types\/product"}],"replies":[{"embeddable":true,"href":"https:\/\/extery.com\/lv\/wp-json\/wp\/v2\/comments?post=3686"}],"wp:featuredmedia":[{"embeddable":true,"href":"https:\/\/extery.com\/lv\/wp-json\/wp\/v2\/media\/2000"}],"wp:attachment":[{"href":"https:\/\/extery.com\/lv\/wp-json\/wp\/v2\/media?parent=3686"}],"wp:term":[{"taxonomy":"product_brand","embeddable":true,"href":"https:\/\/extery.com\/lv\/wp-json\/wp\/v2\/product_brand?post=3686"},{"taxonomy":"product_cat","embeddable":true,"href":"https:\/\/extery.com\/lv\/wp-json\/wp\/v2\/product_cat?post=3686"},{"taxonomy":"product_tag","embeddable":true,"href":"https:\/\/extery.com\/lv\/wp-json\/wp\/v2\/product_tag?post=3686"}],"curies":[{"name":"wp","href":"https:\/\/api.w.org\/{rel}","templated":true}]}}