{"id":3700,"date":"2020-11-13T08:30:36","date_gmt":"2020-11-13T08:30:36","guid":{"rendered":"https:\/\/extery.com\/?post_type=product&#038;p=3700"},"modified":"2026-04-13T11:05:31","modified_gmt":"2026-04-13T11:05:31","slug":"velosipeda-turetajs-vee","status":"publish","type":"product","link":"https:\/\/extery.com\/lv\/produkti\/velosipeda-turetajs-vee\/","title":{"rendered":"velo stat\u012bvs Vee"},"content":{"rendered":"<p id=\"tw-target-text\" class=\"tw-data-text tw-text-large tw-ta\" dir=\"ltr\" data-placeholder=\"T\u00f5lge\"><span class=\"Y2IQFc\" lang=\"lv\">Velo stat\u012bvs Vee ir unik\u0101ls un uzman\u012bbu piesaisto\u0161s velosip\u0113da tur\u0113t\u0101js, ko var blo\u0137\u0113t gan no rite\u0146a rata, gan no r\u0101mja, gan abus vienlaic\u012bgi. Gar\u0101k\u0101 cilpa atbalsta velosip\u0113da r\u0101mi, un \u012bs\u0101k\u0101 cilpa notur priek\u0161\u0113jo riteni stingri sav\u0101 nodal\u012bjum\u0101, nov\u0113r\u0161ot skr\u0101p\u0113jumus uz velosip\u0113da r\u0101mja. Da\u017ereiz pietiek ar niec\u012bgu deta\u013cu, lai pils\u0113tas ainava b\u016btu perfekta. Vee apdare ir pieejama k\u0101 pulvera p\u0101rkl\u0101jums, k\u0101 ar\u012b ar novatorisku elastom\u0113ra p\u0101rkl\u0101jumu.<\/span><\/p>\n","protected":false},"excerpt":{"rendered":"<p>Velo stat\u012bvs Vee ir unik\u0101ls un uzman\u012bbu piesaisto\u0161s velosip\u0113da tur\u0113t\u0101js, ko var blo\u0137\u0113t gan no rite\u0146a rata, gan no r\u0101mja, gan abus vienlaic\u012bgi. Gar\u0101k\u0101 cilpa atbalsta velosip\u0113da r\u0101mi, un \u012bs\u0101k\u0101 cilpa notur priek\u0161\u0113jo riteni stingri sav\u0101 nodal\u012bjum\u0101, nov\u0113r\u0161ot skr\u0101p\u0113jumus uz velosip\u0113da r\u0101mja. Da\u017ereiz pietiek ar niec\u012bgu deta\u013cu, lai pils\u0113tas ainava b\u016btu perfekta. Vee apdare ir [&hellip;]<\/p>\n","protected":false},"featured_media":2014,"comment_status":"open","ping_status":"closed","template":"","meta":{"_acf_changed":false},"product_brand":[],"product_cat":[129],"product_tag":[],"class_list":{"0":"post-3700","1":"product","2":"type-product","3":"status-publish","4":"has-post-thumbnail","6":"product_cat-velosipedu-novietnes-lv","7":"product-family-vee-lv","9":"first","10":"instock","11":"shipping-taxable","12":"product-type-simple"},"acf":[],"yoast_head":"<!-- This site is optimized with the Yoast SEO plugin v26.4 - https:\/\/yoast.com\/wordpress\/plugins\/seo\/ -->\n<title>velo stat\u012bvs Vee - Extery pils\u0113tas m\u0113be\u013cu kolekcija velosip\u0113da tur\u0113t\u0101js<\/title>\n<meta name=\"description\" content=\"Velo stat\u012bvs Vee ir unik\u0101ls un uzman\u012bbu piesaisto\u0161s velosip\u0113da tur\u0113t\u0101js, ko var blo\u0137\u0113t gan no rite\u0146a loka, gan no r\u0101mja.\" \/>\n<meta name=\"robots\" content=\"index, follow, max-snippet:-1, max-image-preview:large, max-video-preview:-1\" \/>\n<link rel=\"canonical\" href=\"https:\/\/extery.com\/lv\/produkti\/velosipeda-turetajs-vee\/\" \/>\n<meta property=\"og:locale\" content=\"lv_LV\" \/>\n<meta property=\"og:type\" content=\"article\" \/>\n<meta property=\"og:title\" content=\"velo stat\u012bvs Vee - Extery pils\u0113tas m\u0113be\u013cu kolekcija velosip\u0113da tur\u0113t\u0101js\" \/>\n<meta property=\"og:description\" content=\"Velo stat\u012bvs Vee ir unik\u0101ls un uzman\u012bbu piesaisto\u0161s velosip\u0113da tur\u0113t\u0101js, ko var blo\u0137\u0113t gan no rite\u0146a loka, gan no r\u0101mja.\" \/>\n<meta property=\"og:url\" content=\"https:\/\/extery.com\/lv\/produkti\/velosipeda-turetajs-vee\/\" \/>\n<meta property=\"og:site_name\" content=\"Extery\" \/>\n<meta property=\"article:modified_time\" content=\"2026-04-13T11:05:31+00:00\" \/>\n<meta property=\"og:image\" content=\"https:\/\/extery.com\/wp-content\/uploads\/2020\/11\/Vee-rattahoidja-E-scaled.jpg\" \/>\n\t<meta property=\"og:image:width\" content=\"2560\" \/>\n\t<meta property=\"og:image:height\" content=\"1707\" \/>\n\t<meta property=\"og:image:type\" content=\"image\/jpeg\" \/>\n<meta name=\"twitter:card\" content=\"summary_large_image\" \/>\n<meta name=\"twitter:label1\" content=\"Est. reading time\" \/>\n\t<meta name=\"twitter:data1\" content=\"1 minute\" \/>\n<script type=\"application\/ld+json\" class=\"yoast-schema-graph\">{\"@context\":\"https:\/\/schema.org\",\"@graph\":[{\"@type\":\"WebPage\",\"@id\":\"https:\/\/extery.com\/lv\/produkti\/velosipeda-turetajs-vee\/\",\"url\":\"https:\/\/extery.com\/lv\/produkti\/velosipeda-turetajs-vee\/\",\"name\":\"velo stat\u012bvs Vee - Extery pils\u0113tas m\u0113be\u013cu kolekcija velosip\u0113da tur\u0113t\u0101js\",\"isPartOf\":{\"@id\":\"https:\/\/extery.com\/lv\/#website\"},\"primaryImageOfPage\":{\"@id\":\"https:\/\/extery.com\/lv\/produkti\/velosipeda-turetajs-vee\/#primaryimage\"},\"image\":{\"@id\":\"https:\/\/extery.com\/lv\/produkti\/velosipeda-turetajs-vee\/#primaryimage\"},\"thumbnailUrl\":\"https:\/\/extery.com\/wp-content\/uploads\/2020\/11\/Vee-rattahoidja-E-scaled.jpg\",\"datePublished\":\"2020-11-13T08:30:36+00:00\",\"dateModified\":\"2026-04-13T11:05:31+00:00\",\"description\":\"Velo stat\u012bvs Vee ir unik\u0101ls un uzman\u012bbu piesaisto\u0161s velosip\u0113da tur\u0113t\u0101js, ko var blo\u0137\u0113t gan no rite\u0146a loka, gan no r\u0101mja.\",\"breadcrumb\":{\"@id\":\"https:\/\/extery.com\/lv\/produkti\/velosipeda-turetajs-vee\/#breadcrumb\"},\"inLanguage\":\"lv-LV\",\"potentialAction\":[{\"@type\":\"ReadAction\",\"target\":[\"https:\/\/extery.com\/lv\/produkti\/velosipeda-turetajs-vee\/\"]}]},{\"@type\":\"ImageObject\",\"inLanguage\":\"lv-LV\",\"@id\":\"https:\/\/extery.com\/lv\/produkti\/velosipeda-turetajs-vee\/#primaryimage\",\"url\":\"https:\/\/extery.com\/wp-content\/uploads\/2020\/11\/Vee-rattahoidja-E-scaled.jpg\",\"contentUrl\":\"https:\/\/extery.com\/wp-content\/uploads\/2020\/11\/Vee-rattahoidja-E-scaled.jpg\",\"width\":2560,\"height\":1707},{\"@type\":\"BreadcrumbList\",\"@id\":\"https:\/\/extery.com\/lv\/produkti\/velosipeda-turetajs-vee\/#breadcrumb\",\"itemListElement\":[{\"@type\":\"ListItem\",\"position\":1,\"name\":\"Home\",\"item\":\"https:\/\/extery.com\/lv\/\"},{\"@type\":\"ListItem\",\"position\":2,\"name\":\"Produkti\",\"item\":\"https:\/\/extery.com\/lv\/produkti\/\"},{\"@type\":\"ListItem\",\"position\":3,\"name\":\"velo stat\u012bvs Vee\"}]},{\"@type\":\"WebSite\",\"@id\":\"https:\/\/extery.com\/lv\/#website\",\"url\":\"https:\/\/extery.com\/lv\/\",\"name\":\"Extery\",\"description\":\"\",\"publisher\":{\"@id\":\"https:\/\/extery.com\/lv\/#organization\"},\"potentialAction\":[{\"@type\":\"SearchAction\",\"target\":{\"@type\":\"EntryPoint\",\"urlTemplate\":\"https:\/\/extery.com\/lv\/?s={search_term_string}\"},\"query-input\":{\"@type\":\"PropertyValueSpecification\",\"valueRequired\":true,\"valueName\":\"search_term_string\"}}],\"inLanguage\":\"lv-LV\"},{\"@type\":\"Organization\",\"@id\":\"https:\/\/extery.com\/lv\/#organization\",\"name\":\"Extery\",\"url\":\"https:\/\/extery.com\/lv\/\",\"logo\":{\"@type\":\"ImageObject\",\"inLanguage\":\"lv-LV\",\"@id\":\"https:\/\/extery.com\/lv\/#\/schema\/logo\/image\/\",\"url\":\"https:\/\/extery.com\/wp-content\/uploads\/2023\/11\/footer-logo.svg\",\"contentUrl\":\"https:\/\/extery.com\/wp-content\/uploads\/2023\/11\/footer-logo.svg\",\"caption\":\"Extery\"},\"image\":{\"@id\":\"https:\/\/extery.com\/lv\/#\/schema\/logo\/image\/\"}}]}<\/script>\n<!-- \/ Yoast SEO plugin. -->","yoast_head_json":{"title":"velo stat\u012bvs Vee - Extery pils\u0113tas m\u0113be\u013cu kolekcija velosip\u0113da tur\u0113t\u0101js","description":"Velo stat\u012bvs Vee ir unik\u0101ls un uzman\u012bbu piesaisto\u0161s velosip\u0113da tur\u0113t\u0101js, ko var blo\u0137\u0113t gan no rite\u0146a loka, gan no r\u0101mja.","robots":{"index":"index","follow":"follow","max-snippet":"max-snippet:-1","max-image-preview":"max-image-preview:large","max-video-preview":"max-video-preview:-1"},"canonical":"https:\/\/extery.com\/lv\/produkti\/velosipeda-turetajs-vee\/","og_locale":"lv_LV","og_type":"article","og_title":"velo stat\u012bvs Vee - Extery pils\u0113tas m\u0113be\u013cu kolekcija velosip\u0113da tur\u0113t\u0101js","og_description":"Velo stat\u012bvs Vee ir unik\u0101ls un uzman\u012bbu piesaisto\u0161s velosip\u0113da tur\u0113t\u0101js, ko var blo\u0137\u0113t gan no rite\u0146a loka, gan no r\u0101mja.","og_url":"https:\/\/extery.com\/lv\/produkti\/velosipeda-turetajs-vee\/","og_site_name":"Extery","article_modified_time":"2026-04-13T11:05:31+00:00","og_image":[{"width":2560,"height":1707,"url":"https:\/\/extery.com\/wp-content\/uploads\/2020\/11\/Vee-rattahoidja-E-scaled.jpg","type":"image\/jpeg"}],"twitter_card":"summary_large_image","twitter_misc":{"Est. reading time":"1 minute"},"schema":{"@context":"https:\/\/schema.org","@graph":[{"@type":"WebPage","@id":"https:\/\/extery.com\/lv\/produkti\/velosipeda-turetajs-vee\/","url":"https:\/\/extery.com\/lv\/produkti\/velosipeda-turetajs-vee\/","name":"velo stat\u012bvs Vee - Extery pils\u0113tas m\u0113be\u013cu kolekcija velosip\u0113da tur\u0113t\u0101js","isPartOf":{"@id":"https:\/\/extery.com\/lv\/#website"},"primaryImageOfPage":{"@id":"https:\/\/extery.com\/lv\/produkti\/velosipeda-turetajs-vee\/#primaryimage"},"image":{"@id":"https:\/\/extery.com\/lv\/produkti\/velosipeda-turetajs-vee\/#primaryimage"},"thumbnailUrl":"https:\/\/extery.com\/wp-content\/uploads\/2020\/11\/Vee-rattahoidja-E-scaled.jpg","datePublished":"2020-11-13T08:30:36+00:00","dateModified":"2026-04-13T11:05:31+00:00","description":"Velo stat\u012bvs Vee ir unik\u0101ls un uzman\u012bbu piesaisto\u0161s velosip\u0113da tur\u0113t\u0101js, ko var blo\u0137\u0113t gan no rite\u0146a loka, gan no r\u0101mja.","breadcrumb":{"@id":"https:\/\/extery.com\/lv\/produkti\/velosipeda-turetajs-vee\/#breadcrumb"},"inLanguage":"lv-LV","potentialAction":[{"@type":"ReadAction","target":["https:\/\/extery.com\/lv\/produkti\/velosipeda-turetajs-vee\/"]}]},{"@type":"ImageObject","inLanguage":"lv-LV","@id":"https:\/\/extery.com\/lv\/produkti\/velosipeda-turetajs-vee\/#primaryimage","url":"https:\/\/extery.com\/wp-content\/uploads\/2020\/11\/Vee-rattahoidja-E-scaled.jpg","contentUrl":"https:\/\/extery.com\/wp-content\/uploads\/2020\/11\/Vee-rattahoidja-E-scaled.jpg","width":2560,"height":1707},{"@type":"BreadcrumbList","@id":"https:\/\/extery.com\/lv\/produkti\/velosipeda-turetajs-vee\/#breadcrumb","itemListElement":[{"@type":"ListItem","position":1,"name":"Home","item":"https:\/\/extery.com\/lv\/"},{"@type":"ListItem","position":2,"name":"Produkti","item":"https:\/\/extery.com\/lv\/produkti\/"},{"@type":"ListItem","position":3,"name":"velo stat\u012bvs Vee"}]},{"@type":"WebSite","@id":"https:\/\/extery.com\/lv\/#website","url":"https:\/\/extery.com\/lv\/","name":"Extery","description":"","publisher":{"@id":"https:\/\/extery.com\/lv\/#organization"},"potentialAction":[{"@type":"SearchAction","target":{"@type":"EntryPoint","urlTemplate":"https:\/\/extery.com\/lv\/?s={search_term_string}"},"query-input":{"@type":"PropertyValueSpecification","valueRequired":true,"valueName":"search_term_string"}}],"inLanguage":"lv-LV"},{"@type":"Organization","@id":"https:\/\/extery.com\/lv\/#organization","name":"Extery","url":"https:\/\/extery.com\/lv\/","logo":{"@type":"ImageObject","inLanguage":"lv-LV","@id":"https:\/\/extery.com\/lv\/#\/schema\/logo\/image\/","url":"https:\/\/extery.com\/wp-content\/uploads\/2023\/11\/footer-logo.svg","contentUrl":"https:\/\/extery.com\/wp-content\/uploads\/2023\/11\/footer-logo.svg","caption":"Extery"},"image":{"@id":"https:\/\/extery.com\/lv\/#\/schema\/logo\/image\/"}}]}},"_links":{"self":[{"href":"https:\/\/extery.com\/lv\/wp-json\/wp\/v2\/product\/3700","targetHints":{"allow":["GET"]}}],"collection":[{"href":"https:\/\/extery.com\/lv\/wp-json\/wp\/v2\/product"}],"about":[{"href":"https:\/\/extery.com\/lv\/wp-json\/wp\/v2\/types\/product"}],"replies":[{"embeddable":true,"href":"https:\/\/extery.com\/lv\/wp-json\/wp\/v2\/comments?post=3700"}],"wp:featuredmedia":[{"embeddable":true,"href":"https:\/\/extery.com\/lv\/wp-json\/wp\/v2\/media\/2014"}],"wp:attachment":[{"href":"https:\/\/extery.com\/lv\/wp-json\/wp\/v2\/media?parent=3700"}],"wp:term":[{"taxonomy":"product_brand","embeddable":true,"href":"https:\/\/extery.com\/lv\/wp-json\/wp\/v2\/product_brand?post=3700"},{"taxonomy":"product_cat","embeddable":true,"href":"https:\/\/extery.com\/lv\/wp-json\/wp\/v2\/product_cat?post=3700"},{"taxonomy":"product_tag","embeddable":true,"href":"https:\/\/extery.com\/lv\/wp-json\/wp\/v2\/product_tag?post=3700"}],"curies":[{"name":"wp","href":"https:\/\/api.w.org\/{rel}","templated":true}]}}