{"id":49379,"date":"2023-12-01T07:51:20","date_gmt":"2023-12-01T07:51:20","guid":{"rendered":"https:\/\/extery.com\/tooted\/sols-haru\/"},"modified":"2026-04-13T09:14:30","modified_gmt":"2026-04-13T09:14:30","slug":"sols-haru","status":"publish","type":"product","link":"https:\/\/extery.com\/lv\/produkti\/sols-haru\/","title":{"rendered":"sols Haru"},"content":{"rendered":"<p>Sols Haru ir modul\u0101rs telpiskais t\u012bklojums, kas izple\u0161as p\u0101ri laukumam un p\u0101rv\u0113r\u0161 to par akt\u012bvi izmantojamu telpu. T\u0101 ir barjera, kas nep\u0101rtrauc, bet uzs\u016bc dz\u012bv\u012bbu sev\u012b, t\u0101d\u0113j\u0101di radot jaunu akt\u012bvu pils\u0113ttelpu. Tas nevada un nepav\u0113l, bet \u013cauj veikt da\u017e\u0101das darb\u012bbas neatkar\u012bgi no t\u0101, vai tas ir viens vai vair\u0101ki cilv\u0113ki. Un tas ir bezgal\u012bgs, sp\u0113j no vienas molekulas izaugt bezgal\u012bg\u0101 t\u012bkl\u0101.<\/p>\n<p>Parka soli\u0146u sist\u0113ma simboliz\u0113 daudzpus\u012bbu, kur izteiksm\u012bgs dizains p\u0101rsniedz tradicion\u0101l\u0101s s\u0113dvietu robe\u017eas. S\u0113dek\u013cu un galdu t\u012bkls, kur visas plaknes atrodas vien\u0101d\u0101 augstum\u0101, materi\u0101lu main\u012bgums \u013cauj lietot\u0101jam izv\u0113l\u0113ties, k\u0101 produktu izmantot p\u0113c vi\u0146a pr\u0101ta. Lietot\u0101js pats izlemj, Haru neierobe\u017eo.<\/p>\n<p>Galda modu\u013ca virsmas materi\u0101ls 100% p\u0101rstr\u0101d\u0101ta plastmasa.<\/p>\n<p>HARU sist\u0113ma sast\u0101v no trim nep\u0101rtrauktiem modu\u013ciem &#8211; s\u0113deklis (HS), galds (HT) un savienojums (HJ), ar kuriem var veidot s\u0113dvietas atbilsto\u0161i vietas raksturam un izmanto\u0161anai.<\/p>\n<p><img loading=\"lazy\" decoding=\"async\" class=\"alignnone wp-image-49352 \" src=\"https:\/\/extery.com\/wp-content\/uploads\/2023\/12\/Haru-module-dimensions-exploded-1024x372.png\" alt=\"\" width=\"683\" height=\"248\" srcset=\"https:\/\/extery.com\/wp-content\/uploads\/2023\/12\/Haru-module-dimensions-exploded-1024x372.png 1024w, https:\/\/extery.com\/wp-content\/uploads\/2023\/12\/Haru-module-dimensions-exploded-300x109.png 300w, https:\/\/extery.com\/wp-content\/uploads\/2023\/12\/Haru-module-dimensions-exploded-768x279.png 768w, https:\/\/extery.com\/wp-content\/uploads\/2023\/12\/Haru-module-dimensions-exploded-600x218.png 600w, https:\/\/extery.com\/wp-content\/uploads\/2023\/12\/Haru-module-dimensions-exploded.png 1357w\" sizes=\"auto, (max-width: 683px) 100vw, 683px\" \/><\/p>\n<p><a href=\"https:\/\/extery.com\/lv\/produktu-grupas\/#haru-lv\"><span style=\"color: #0000ff;\"><strong>\u0160eit<\/strong><\/span><\/a> apskatiet ar\u012b citus jau gatavus Haru modu\u013ca solu komplektus.<\/p>\n","protected":false},"excerpt":{"rendered":"<p>Sols Haru ir modul\u0101rs telpiskais t\u012bklojums, kas izple\u0161as p\u0101ri laukumam un p\u0101rv\u0113r\u0161 to par akt\u012bvi izmantojamu telpu. T\u0101 ir barjera, kas nep\u0101rtrauc, bet uzs\u016bc dz\u012bv\u012bbu sev\u012b, t\u0101d\u0113j\u0101di radot jaunu akt\u012bvu pils\u0113ttelpu. Tas nevada un nepav\u0113l, bet \u013cauj veikt da\u017e\u0101das darb\u012bbas neatkar\u012bgi no t\u0101, vai tas ir viens vai vair\u0101ki cilv\u0113ki. Un tas ir bezgal\u012bgs, sp\u0113j [&hellip;]<\/p>\n","protected":false},"featured_media":49103,"comment_status":"closed","ping_status":"closed","template":"","meta":{"_acf_changed":false},"product_brand":[],"product_cat":[93,114],"product_tag":[],"class_list":{"0":"post-49379","1":"product","2":"type-product","3":"status-publish","4":"has-post-thumbnail","6":"product_cat-solini-bez-atzveltnem-lv","7":"product_cat-modulu-soli-lv","8":"product-family-haru-lv","10":"first","11":"instock","12":"shipping-taxable","13":"product-type-simple"},"acf":[],"yoast_head":"<!-- This site is optimized with the Yoast SEO plugin v26.4 - https:\/\/yoast.com\/wordpress\/plugins\/seo\/ -->\n<title>sols Haru - Extery pils\u0113tas m\u0113be\u013cs<\/title>\n<meta name=\"description\" content=\"Sols Haru ir modul\u0101ra pils\u0113tas m\u0113be\u013cu sist\u0113ma, kas atdz\u012bvina pils\u0113tas laukumus. Izv\u0113lieties piem\u0113rotu komplektu m\u016bsu m\u0101jaslap\u0101!\" \/>\n<meta name=\"robots\" content=\"index, follow, max-snippet:-1, max-image-preview:large, max-video-preview:-1\" \/>\n<link rel=\"canonical\" href=\"https:\/\/extery.com\/lv\/produkti\/sols-haru\/\" \/>\n<meta property=\"og:locale\" content=\"lv_LV\" \/>\n<meta property=\"og:type\" content=\"article\" \/>\n<meta property=\"og:title\" content=\"sols Haru - Extery pils\u0113tas m\u0113be\u013cs\" \/>\n<meta property=\"og:description\" content=\"Sols Haru ir modul\u0101ra pils\u0113tas m\u0113be\u013cu sist\u0113ma, kas atdz\u012bvina pils\u0113tas laukumus. Izv\u0113lieties piem\u0113rotu komplektu m\u016bsu m\u0101jaslap\u0101!\" \/>\n<meta property=\"og:url\" content=\"https:\/\/extery.com\/lv\/produkti\/sols-haru\/\" \/>\n<meta property=\"og:site_name\" content=\"Extery\" \/>\n<meta property=\"article:modified_time\" content=\"2026-04-13T09:14:30+00:00\" \/>\n<meta property=\"og:image\" content=\"https:\/\/extery.com\/wp-content\/uploads\/2023\/11\/Haru-setid-komplektide-renderdused-2.jpg\" \/>\n\t<meta property=\"og:image:width\" content=\"2048\" \/>\n\t<meta property=\"og:image:height\" content=\"1151\" \/>\n\t<meta property=\"og:image:type\" content=\"image\/jpeg\" \/>\n<meta name=\"twitter:card\" content=\"summary_large_image\" \/>\n<meta name=\"twitter:label1\" content=\"Est. reading time\" \/>\n\t<meta name=\"twitter:data1\" content=\"2 minutes\" \/>\n<script type=\"application\/ld+json\" class=\"yoast-schema-graph\">{\"@context\":\"https:\/\/schema.org\",\"@graph\":[{\"@type\":\"WebPage\",\"@id\":\"https:\/\/extery.com\/lv\/produkti\/sols-haru\/\",\"url\":\"https:\/\/extery.com\/lv\/produkti\/sols-haru\/\",\"name\":\"sols Haru - Extery pils\u0113tas m\u0113be\u013cs\",\"isPartOf\":{\"@id\":\"https:\/\/extery.com\/lv\/#website\"},\"primaryImageOfPage\":{\"@id\":\"https:\/\/extery.com\/lv\/produkti\/sols-haru\/#primaryimage\"},\"image\":{\"@id\":\"https:\/\/extery.com\/lv\/produkti\/sols-haru\/#primaryimage\"},\"thumbnailUrl\":\"https:\/\/extery.com\/wp-content\/uploads\/2023\/11\/Haru-setid-komplektide-renderdused-2.jpg\",\"datePublished\":\"2023-12-01T07:51:20+00:00\",\"dateModified\":\"2026-04-13T09:14:30+00:00\",\"description\":\"Sols Haru ir modul\u0101ra pils\u0113tas m\u0113be\u013cu sist\u0113ma, kas atdz\u012bvina pils\u0113tas laukumus. Izv\u0113lieties piem\u0113rotu komplektu m\u016bsu m\u0101jaslap\u0101!\",\"breadcrumb\":{\"@id\":\"https:\/\/extery.com\/lv\/produkti\/sols-haru\/#breadcrumb\"},\"inLanguage\":\"lv-LV\",\"potentialAction\":[{\"@type\":\"ReadAction\",\"target\":[\"https:\/\/extery.com\/lv\/produkti\/sols-haru\/\"]}]},{\"@type\":\"ImageObject\",\"inLanguage\":\"lv-LV\",\"@id\":\"https:\/\/extery.com\/lv\/produkti\/sols-haru\/#primaryimage\",\"url\":\"https:\/\/extery.com\/wp-content\/uploads\/2023\/11\/Haru-setid-komplektide-renderdused-2.jpg\",\"contentUrl\":\"https:\/\/extery.com\/wp-content\/uploads\/2023\/11\/Haru-setid-komplektide-renderdused-2.jpg\",\"width\":2048,\"height\":1151},{\"@type\":\"BreadcrumbList\",\"@id\":\"https:\/\/extery.com\/lv\/produkti\/sols-haru\/#breadcrumb\",\"itemListElement\":[{\"@type\":\"ListItem\",\"position\":1,\"name\":\"Home\",\"item\":\"https:\/\/extery.com\/lv\/\"},{\"@type\":\"ListItem\",\"position\":2,\"name\":\"Produkti\",\"item\":\"https:\/\/extery.com\/lv\/produkti\/\"},{\"@type\":\"ListItem\",\"position\":3,\"name\":\"sols Haru\"}]},{\"@type\":\"WebSite\",\"@id\":\"https:\/\/extery.com\/lv\/#website\",\"url\":\"https:\/\/extery.com\/lv\/\",\"name\":\"Extery\",\"description\":\"\",\"publisher\":{\"@id\":\"https:\/\/extery.com\/lv\/#organization\"},\"potentialAction\":[{\"@type\":\"SearchAction\",\"target\":{\"@type\":\"EntryPoint\",\"urlTemplate\":\"https:\/\/extery.com\/lv\/?s={search_term_string}\"},\"query-input\":{\"@type\":\"PropertyValueSpecification\",\"valueRequired\":true,\"valueName\":\"search_term_string\"}}],\"inLanguage\":\"lv-LV\"},{\"@type\":\"Organization\",\"@id\":\"https:\/\/extery.com\/lv\/#organization\",\"name\":\"Extery\",\"url\":\"https:\/\/extery.com\/lv\/\",\"logo\":{\"@type\":\"ImageObject\",\"inLanguage\":\"lv-LV\",\"@id\":\"https:\/\/extery.com\/lv\/#\/schema\/logo\/image\/\",\"url\":\"https:\/\/extery.com\/wp-content\/uploads\/2023\/11\/footer-logo.svg\",\"contentUrl\":\"https:\/\/extery.com\/wp-content\/uploads\/2023\/11\/footer-logo.svg\",\"caption\":\"Extery\"},\"image\":{\"@id\":\"https:\/\/extery.com\/lv\/#\/schema\/logo\/image\/\"}}]}<\/script>\n<!-- \/ Yoast SEO plugin. -->","yoast_head_json":{"title":"sols Haru - Extery pils\u0113tas m\u0113be\u013cs","description":"Sols Haru ir modul\u0101ra pils\u0113tas m\u0113be\u013cu sist\u0113ma, kas atdz\u012bvina pils\u0113tas laukumus. Izv\u0113lieties piem\u0113rotu komplektu m\u016bsu m\u0101jaslap\u0101!","robots":{"index":"index","follow":"follow","max-snippet":"max-snippet:-1","max-image-preview":"max-image-preview:large","max-video-preview":"max-video-preview:-1"},"canonical":"https:\/\/extery.com\/lv\/produkti\/sols-haru\/","og_locale":"lv_LV","og_type":"article","og_title":"sols Haru - Extery pils\u0113tas m\u0113be\u013cs","og_description":"Sols Haru ir modul\u0101ra pils\u0113tas m\u0113be\u013cu sist\u0113ma, kas atdz\u012bvina pils\u0113tas laukumus. Izv\u0113lieties piem\u0113rotu komplektu m\u016bsu m\u0101jaslap\u0101!","og_url":"https:\/\/extery.com\/lv\/produkti\/sols-haru\/","og_site_name":"Extery","article_modified_time":"2026-04-13T09:14:30+00:00","og_image":[{"width":2048,"height":1151,"url":"https:\/\/extery.com\/wp-content\/uploads\/2023\/11\/Haru-setid-komplektide-renderdused-2.jpg","type":"image\/jpeg"}],"twitter_card":"summary_large_image","twitter_misc":{"Est. reading time":"2 minutes"},"schema":{"@context":"https:\/\/schema.org","@graph":[{"@type":"WebPage","@id":"https:\/\/extery.com\/lv\/produkti\/sols-haru\/","url":"https:\/\/extery.com\/lv\/produkti\/sols-haru\/","name":"sols Haru - Extery pils\u0113tas m\u0113be\u013cs","isPartOf":{"@id":"https:\/\/extery.com\/lv\/#website"},"primaryImageOfPage":{"@id":"https:\/\/extery.com\/lv\/produkti\/sols-haru\/#primaryimage"},"image":{"@id":"https:\/\/extery.com\/lv\/produkti\/sols-haru\/#primaryimage"},"thumbnailUrl":"https:\/\/extery.com\/wp-content\/uploads\/2023\/11\/Haru-setid-komplektide-renderdused-2.jpg","datePublished":"2023-12-01T07:51:20+00:00","dateModified":"2026-04-13T09:14:30+00:00","description":"Sols Haru ir modul\u0101ra pils\u0113tas m\u0113be\u013cu sist\u0113ma, kas atdz\u012bvina pils\u0113tas laukumus. Izv\u0113lieties piem\u0113rotu komplektu m\u016bsu m\u0101jaslap\u0101!","breadcrumb":{"@id":"https:\/\/extery.com\/lv\/produkti\/sols-haru\/#breadcrumb"},"inLanguage":"lv-LV","potentialAction":[{"@type":"ReadAction","target":["https:\/\/extery.com\/lv\/produkti\/sols-haru\/"]}]},{"@type":"ImageObject","inLanguage":"lv-LV","@id":"https:\/\/extery.com\/lv\/produkti\/sols-haru\/#primaryimage","url":"https:\/\/extery.com\/wp-content\/uploads\/2023\/11\/Haru-setid-komplektide-renderdused-2.jpg","contentUrl":"https:\/\/extery.com\/wp-content\/uploads\/2023\/11\/Haru-setid-komplektide-renderdused-2.jpg","width":2048,"height":1151},{"@type":"BreadcrumbList","@id":"https:\/\/extery.com\/lv\/produkti\/sols-haru\/#breadcrumb","itemListElement":[{"@type":"ListItem","position":1,"name":"Home","item":"https:\/\/extery.com\/lv\/"},{"@type":"ListItem","position":2,"name":"Produkti","item":"https:\/\/extery.com\/lv\/produkti\/"},{"@type":"ListItem","position":3,"name":"sols Haru"}]},{"@type":"WebSite","@id":"https:\/\/extery.com\/lv\/#website","url":"https:\/\/extery.com\/lv\/","name":"Extery","description":"","publisher":{"@id":"https:\/\/extery.com\/lv\/#organization"},"potentialAction":[{"@type":"SearchAction","target":{"@type":"EntryPoint","urlTemplate":"https:\/\/extery.com\/lv\/?s={search_term_string}"},"query-input":{"@type":"PropertyValueSpecification","valueRequired":true,"valueName":"search_term_string"}}],"inLanguage":"lv-LV"},{"@type":"Organization","@id":"https:\/\/extery.com\/lv\/#organization","name":"Extery","url":"https:\/\/extery.com\/lv\/","logo":{"@type":"ImageObject","inLanguage":"lv-LV","@id":"https:\/\/extery.com\/lv\/#\/schema\/logo\/image\/","url":"https:\/\/extery.com\/wp-content\/uploads\/2023\/11\/footer-logo.svg","contentUrl":"https:\/\/extery.com\/wp-content\/uploads\/2023\/11\/footer-logo.svg","caption":"Extery"},"image":{"@id":"https:\/\/extery.com\/lv\/#\/schema\/logo\/image\/"}}]}},"_links":{"self":[{"href":"https:\/\/extery.com\/lv\/wp-json\/wp\/v2\/product\/49379","targetHints":{"allow":["GET"]}}],"collection":[{"href":"https:\/\/extery.com\/lv\/wp-json\/wp\/v2\/product"}],"about":[{"href":"https:\/\/extery.com\/lv\/wp-json\/wp\/v2\/types\/product"}],"replies":[{"embeddable":true,"href":"https:\/\/extery.com\/lv\/wp-json\/wp\/v2\/comments?post=49379"}],"wp:featuredmedia":[{"embeddable":true,"href":"https:\/\/extery.com\/lv\/wp-json\/wp\/v2\/media\/49103"}],"wp:attachment":[{"href":"https:\/\/extery.com\/lv\/wp-json\/wp\/v2\/media?parent=49379"}],"wp:term":[{"taxonomy":"product_brand","embeddable":true,"href":"https:\/\/extery.com\/lv\/wp-json\/wp\/v2\/product_brand?post=49379"},{"taxonomy":"product_cat","embeddable":true,"href":"https:\/\/extery.com\/lv\/wp-json\/wp\/v2\/product_cat?post=49379"},{"taxonomy":"product_tag","embeddable":true,"href":"https:\/\/extery.com\/lv\/wp-json\/wp\/v2\/product_tag?post=49379"}],"curies":[{"name":"wp","href":"https:\/\/api.w.org\/{rel}","templated":true}]}}