{"id":51350,"date":"2024-07-20T11:50:51","date_gmt":"2024-07-20T11:50:51","guid":{"rendered":"https:\/\/extery.com\/?post_type=product&#038;p=51350"},"modified":"2026-04-13T09:34:49","modified_gmt":"2026-04-13T09:34:49","slug":"sols-linn-bez-atzveltnes","status":"publish","type":"product","link":"https:\/\/extery.com\/lv\/produkti\/sols-linn-bez-atzveltnes\/","title":{"rendered":"sols Linn, bez atzveltnes"},"content":{"rendered":"<p>Parka soli\u0146\u0161 Linn ir elegants un stil\u012bgs. Veidojot Linn soli\u0146u, m\u0113r\u0137is nebija ne vair\u0101k, ne maz\u0101k k\u0101 sasniegt vislab\u0101ko s\u0113d\u0113\u0161anas komfortu un elegant\u0101ko formu, lai tas b\u016btu modernas pils\u0113tas cien\u012bgs. M\u0113s v\u0113l\u0113j\u0101mies, lai jaunais sols no pirm\u0101 acu uzmetiena izskat\u012btos nesavt\u012bgs un pa\u0161saprotams, bet ieskatoties tuv\u0101k, tas atkl\u0101jas ar savu skaistumu un p\u0101rsteidz ar lieto\u0161anas komfortu. Tie\u0161i ar \u0161iem ide\u0101liem rad\u0101s jaunais Linn sols, kas ir piln\u012bgi bez skand\u0101la, pietiekami klasisks, lai papildin\u0101tu v\u0113sturisko vidi m\u016bsdien\u012bg\u0101 veid\u0101, un pietiekami moderns, lai b\u016btu p\u0101rliecino\u0161s jaun\u0101s arhitekt\u016bras kontekst\u0101.<\/p>\n<p>Parka soli\u0146\u0161 Linn pieder pie t\u0101da pa\u0161a nosaukuma produktu saimes, no kuras var izveidot pilnus komplektus publisko \u0101rtelpu iek\u0101rto\u0161anai. Linu s\u0113rijas produkti kop\u0101 veido vienotu, aicino\u0161u vidi, kas veicina sabiedr\u012bbas mijiedarb\u012bbu un komfortu.<\/p>\n","protected":false},"excerpt":{"rendered":"<p>Parka soli\u0146\u0161 Linn ir elegants un stil\u012bgs. Veidojot Linn soli\u0146u, m\u0113r\u0137is nebija ne vair\u0101k, ne maz\u0101k k\u0101 sasniegt vislab\u0101ko s\u0113d\u0113\u0161anas komfortu un elegant\u0101ko formu, lai tas b\u016btu modernas pils\u0113tas cien\u012bgs. M\u0113s v\u0113l\u0113j\u0101mies, lai jaunais sols no pirm\u0101 acu uzmetiena izskat\u012btos nesavt\u012bgs un pa\u0161saprotams, bet ieskatoties tuv\u0101k, tas atkl\u0101jas ar savu skaistumu un p\u0101rsteidz ar lieto\u0161anas [&hellip;]<\/p>\n","protected":false},"featured_media":51455,"comment_status":"open","ping_status":"closed","template":"","meta":{"_acf_changed":false},"product_brand":[],"product_cat":[93],"product_tag":[],"class_list":{"0":"post-51350","1":"product","2":"type-product","3":"status-publish","4":"has-post-thumbnail","6":"product_cat-solini-bez-atzveltnem-lv","7":"product-family-linn-lv","9":"first","10":"instock","11":"shipping-taxable","12":"product-type-simple"},"acf":[],"yoast_head":"<!-- This site is optimized with the Yoast SEO plugin v26.4 - https:\/\/yoast.com\/wordpress\/plugins\/seo\/ -->\n<title>sols Linn, bez atzveltnes - Extery pils\u0113tas m\u0113be\u013cu kolekcijas parka kr\u0113sls<\/title>\n<meta name=\"description\" content=\"Parka sols Linn ir stil\u012bgs un elegants. Piem\u0113rots da\u017e\u0101da rakstura pils\u0113tas telp\u0101m. Pils\u0113tas m\u0113beles - parka soli\u0146i, miskastes, barjeras un velosip\u0113du novietnes.\" \/>\n<meta name=\"robots\" content=\"index, follow, max-snippet:-1, max-image-preview:large, max-video-preview:-1\" \/>\n<link rel=\"canonical\" href=\"https:\/\/extery.com\/lv\/produkti\/sols-linn-bez-atzveltnes\/\" \/>\n<meta property=\"og:locale\" content=\"lv_LV\" \/>\n<meta property=\"og:type\" content=\"article\" \/>\n<meta property=\"og:title\" content=\"sols Linn, bez atzveltnes - Extery pils\u0113tas m\u0113be\u013cu kolekcijas parka kr\u0113sls\" \/>\n<meta property=\"og:description\" content=\"Parka sols Linn ir stil\u012bgs un elegants. Piem\u0113rots da\u017e\u0101da rakstura pils\u0113tas telp\u0101m. Pils\u0113tas m\u0113beles - parka soli\u0146i, miskastes, barjeras un velosip\u0113du novietnes.\" \/>\n<meta property=\"og:url\" content=\"https:\/\/extery.com\/lv\/produkti\/sols-linn-bez-atzveltnes\/\" \/>\n<meta property=\"og:site_name\" content=\"Extery\" \/>\n<meta property=\"article:modified_time\" content=\"2026-04-13T09:34:49+00:00\" \/>\n<meta property=\"og:image\" content=\"https:\/\/extery.com\/wp-content\/uploads\/2024\/07\/Linn-pink-seljatoeta-1800.jpg\" \/>\n\t<meta property=\"og:image:width\" content=\"2000\" \/>\n\t<meta property=\"og:image:height\" content=\"1334\" \/>\n\t<meta property=\"og:image:type\" content=\"image\/jpeg\" \/>\n<meta name=\"twitter:card\" content=\"summary_large_image\" \/>\n<meta name=\"twitter:label1\" content=\"Est. reading time\" \/>\n\t<meta name=\"twitter:data1\" content=\"1 minute\" \/>\n<script type=\"application\/ld+json\" class=\"yoast-schema-graph\">{\"@context\":\"https:\/\/schema.org\",\"@graph\":[{\"@type\":\"WebPage\",\"@id\":\"https:\/\/extery.com\/lv\/produkti\/sols-linn-bez-atzveltnes\/\",\"url\":\"https:\/\/extery.com\/lv\/produkti\/sols-linn-bez-atzveltnes\/\",\"name\":\"sols Linn, bez atzveltnes - Extery pils\u0113tas m\u0113be\u013cu kolekcijas parka kr\u0113sls\",\"isPartOf\":{\"@id\":\"https:\/\/extery.com\/lv\/#website\"},\"primaryImageOfPage\":{\"@id\":\"https:\/\/extery.com\/lv\/produkti\/sols-linn-bez-atzveltnes\/#primaryimage\"},\"image\":{\"@id\":\"https:\/\/extery.com\/lv\/produkti\/sols-linn-bez-atzveltnes\/#primaryimage\"},\"thumbnailUrl\":\"https:\/\/extery.com\/wp-content\/uploads\/2024\/07\/Linn-pink-seljatoeta-1800.jpg\",\"datePublished\":\"2024-07-20T11:50:51+00:00\",\"dateModified\":\"2026-04-13T09:34:49+00:00\",\"description\":\"Parka sols Linn ir stil\u012bgs un elegants. Piem\u0113rots da\u017e\u0101da rakstura pils\u0113tas telp\u0101m. Pils\u0113tas m\u0113beles - parka soli\u0146i, miskastes, barjeras un velosip\u0113du novietnes.\",\"breadcrumb\":{\"@id\":\"https:\/\/extery.com\/lv\/produkti\/sols-linn-bez-atzveltnes\/#breadcrumb\"},\"inLanguage\":\"lv-LV\",\"potentialAction\":[{\"@type\":\"ReadAction\",\"target\":[\"https:\/\/extery.com\/lv\/produkti\/sols-linn-bez-atzveltnes\/\"]}]},{\"@type\":\"ImageObject\",\"inLanguage\":\"lv-LV\",\"@id\":\"https:\/\/extery.com\/lv\/produkti\/sols-linn-bez-atzveltnes\/#primaryimage\",\"url\":\"https:\/\/extery.com\/wp-content\/uploads\/2024\/07\/Linn-pink-seljatoeta-1800.jpg\",\"contentUrl\":\"https:\/\/extery.com\/wp-content\/uploads\/2024\/07\/Linn-pink-seljatoeta-1800.jpg\",\"width\":2000,\"height\":1334},{\"@type\":\"BreadcrumbList\",\"@id\":\"https:\/\/extery.com\/lv\/produkti\/sols-linn-bez-atzveltnes\/#breadcrumb\",\"itemListElement\":[{\"@type\":\"ListItem\",\"position\":1,\"name\":\"Home\",\"item\":\"https:\/\/extery.com\/lv\/\"},{\"@type\":\"ListItem\",\"position\":2,\"name\":\"Produkti\",\"item\":\"https:\/\/extery.com\/lv\/produkti\/\"},{\"@type\":\"ListItem\",\"position\":3,\"name\":\"sols Linn, bez atzveltnes\"}]},{\"@type\":\"WebSite\",\"@id\":\"https:\/\/extery.com\/lv\/#website\",\"url\":\"https:\/\/extery.com\/lv\/\",\"name\":\"Extery\",\"description\":\"\",\"publisher\":{\"@id\":\"https:\/\/extery.com\/lv\/#organization\"},\"potentialAction\":[{\"@type\":\"SearchAction\",\"target\":{\"@type\":\"EntryPoint\",\"urlTemplate\":\"https:\/\/extery.com\/lv\/?s={search_term_string}\"},\"query-input\":{\"@type\":\"PropertyValueSpecification\",\"valueRequired\":true,\"valueName\":\"search_term_string\"}}],\"inLanguage\":\"lv-LV\"},{\"@type\":\"Organization\",\"@id\":\"https:\/\/extery.com\/lv\/#organization\",\"name\":\"Extery\",\"url\":\"https:\/\/extery.com\/lv\/\",\"logo\":{\"@type\":\"ImageObject\",\"inLanguage\":\"lv-LV\",\"@id\":\"https:\/\/extery.com\/lv\/#\/schema\/logo\/image\/\",\"url\":\"https:\/\/extery.com\/wp-content\/uploads\/2023\/11\/footer-logo.svg\",\"contentUrl\":\"https:\/\/extery.com\/wp-content\/uploads\/2023\/11\/footer-logo.svg\",\"caption\":\"Extery\"},\"image\":{\"@id\":\"https:\/\/extery.com\/lv\/#\/schema\/logo\/image\/\"}}]}<\/script>\n<!-- \/ Yoast SEO plugin. -->","yoast_head_json":{"title":"sols Linn, bez atzveltnes - Extery pils\u0113tas m\u0113be\u013cu kolekcijas parka kr\u0113sls","description":"Parka sols Linn ir stil\u012bgs un elegants. Piem\u0113rots da\u017e\u0101da rakstura pils\u0113tas telp\u0101m. Pils\u0113tas m\u0113beles - parka soli\u0146i, miskastes, barjeras un velosip\u0113du novietnes.","robots":{"index":"index","follow":"follow","max-snippet":"max-snippet:-1","max-image-preview":"max-image-preview:large","max-video-preview":"max-video-preview:-1"},"canonical":"https:\/\/extery.com\/lv\/produkti\/sols-linn-bez-atzveltnes\/","og_locale":"lv_LV","og_type":"article","og_title":"sols Linn, bez atzveltnes - Extery pils\u0113tas m\u0113be\u013cu kolekcijas parka kr\u0113sls","og_description":"Parka sols Linn ir stil\u012bgs un elegants. Piem\u0113rots da\u017e\u0101da rakstura pils\u0113tas telp\u0101m. Pils\u0113tas m\u0113beles - parka soli\u0146i, miskastes, barjeras un velosip\u0113du novietnes.","og_url":"https:\/\/extery.com\/lv\/produkti\/sols-linn-bez-atzveltnes\/","og_site_name":"Extery","article_modified_time":"2026-04-13T09:34:49+00:00","og_image":[{"width":2000,"height":1334,"url":"https:\/\/extery.com\/wp-content\/uploads\/2024\/07\/Linn-pink-seljatoeta-1800.jpg","type":"image\/jpeg"}],"twitter_card":"summary_large_image","twitter_misc":{"Est. reading time":"1 minute"},"schema":{"@context":"https:\/\/schema.org","@graph":[{"@type":"WebPage","@id":"https:\/\/extery.com\/lv\/produkti\/sols-linn-bez-atzveltnes\/","url":"https:\/\/extery.com\/lv\/produkti\/sols-linn-bez-atzveltnes\/","name":"sols Linn, bez atzveltnes - Extery pils\u0113tas m\u0113be\u013cu kolekcijas parka kr\u0113sls","isPartOf":{"@id":"https:\/\/extery.com\/lv\/#website"},"primaryImageOfPage":{"@id":"https:\/\/extery.com\/lv\/produkti\/sols-linn-bez-atzveltnes\/#primaryimage"},"image":{"@id":"https:\/\/extery.com\/lv\/produkti\/sols-linn-bez-atzveltnes\/#primaryimage"},"thumbnailUrl":"https:\/\/extery.com\/wp-content\/uploads\/2024\/07\/Linn-pink-seljatoeta-1800.jpg","datePublished":"2024-07-20T11:50:51+00:00","dateModified":"2026-04-13T09:34:49+00:00","description":"Parka sols Linn ir stil\u012bgs un elegants. Piem\u0113rots da\u017e\u0101da rakstura pils\u0113tas telp\u0101m. Pils\u0113tas m\u0113beles - parka soli\u0146i, miskastes, barjeras un velosip\u0113du novietnes.","breadcrumb":{"@id":"https:\/\/extery.com\/lv\/produkti\/sols-linn-bez-atzveltnes\/#breadcrumb"},"inLanguage":"lv-LV","potentialAction":[{"@type":"ReadAction","target":["https:\/\/extery.com\/lv\/produkti\/sols-linn-bez-atzveltnes\/"]}]},{"@type":"ImageObject","inLanguage":"lv-LV","@id":"https:\/\/extery.com\/lv\/produkti\/sols-linn-bez-atzveltnes\/#primaryimage","url":"https:\/\/extery.com\/wp-content\/uploads\/2024\/07\/Linn-pink-seljatoeta-1800.jpg","contentUrl":"https:\/\/extery.com\/wp-content\/uploads\/2024\/07\/Linn-pink-seljatoeta-1800.jpg","width":2000,"height":1334},{"@type":"BreadcrumbList","@id":"https:\/\/extery.com\/lv\/produkti\/sols-linn-bez-atzveltnes\/#breadcrumb","itemListElement":[{"@type":"ListItem","position":1,"name":"Home","item":"https:\/\/extery.com\/lv\/"},{"@type":"ListItem","position":2,"name":"Produkti","item":"https:\/\/extery.com\/lv\/produkti\/"},{"@type":"ListItem","position":3,"name":"sols Linn, bez atzveltnes"}]},{"@type":"WebSite","@id":"https:\/\/extery.com\/lv\/#website","url":"https:\/\/extery.com\/lv\/","name":"Extery","description":"","publisher":{"@id":"https:\/\/extery.com\/lv\/#organization"},"potentialAction":[{"@type":"SearchAction","target":{"@type":"EntryPoint","urlTemplate":"https:\/\/extery.com\/lv\/?s={search_term_string}"},"query-input":{"@type":"PropertyValueSpecification","valueRequired":true,"valueName":"search_term_string"}}],"inLanguage":"lv-LV"},{"@type":"Organization","@id":"https:\/\/extery.com\/lv\/#organization","name":"Extery","url":"https:\/\/extery.com\/lv\/","logo":{"@type":"ImageObject","inLanguage":"lv-LV","@id":"https:\/\/extery.com\/lv\/#\/schema\/logo\/image\/","url":"https:\/\/extery.com\/wp-content\/uploads\/2023\/11\/footer-logo.svg","contentUrl":"https:\/\/extery.com\/wp-content\/uploads\/2023\/11\/footer-logo.svg","caption":"Extery"},"image":{"@id":"https:\/\/extery.com\/lv\/#\/schema\/logo\/image\/"}}]}},"_links":{"self":[{"href":"https:\/\/extery.com\/lv\/wp-json\/wp\/v2\/product\/51350","targetHints":{"allow":["GET"]}}],"collection":[{"href":"https:\/\/extery.com\/lv\/wp-json\/wp\/v2\/product"}],"about":[{"href":"https:\/\/extery.com\/lv\/wp-json\/wp\/v2\/types\/product"}],"replies":[{"embeddable":true,"href":"https:\/\/extery.com\/lv\/wp-json\/wp\/v2\/comments?post=51350"}],"wp:featuredmedia":[{"embeddable":true,"href":"https:\/\/extery.com\/lv\/wp-json\/wp\/v2\/media\/51455"}],"wp:attachment":[{"href":"https:\/\/extery.com\/lv\/wp-json\/wp\/v2\/media?parent=51350"}],"wp:term":[{"taxonomy":"product_brand","embeddable":true,"href":"https:\/\/extery.com\/lv\/wp-json\/wp\/v2\/product_brand?post=51350"},{"taxonomy":"product_cat","embeddable":true,"href":"https:\/\/extery.com\/lv\/wp-json\/wp\/v2\/product_cat?post=51350"},{"taxonomy":"product_tag","embeddable":true,"href":"https:\/\/extery.com\/lv\/wp-json\/wp\/v2\/product_tag?post=51350"}],"curies":[{"name":"wp","href":"https:\/\/api.w.org\/{rel}","templated":true}]}}