{"id":52372,"date":"2024-07-20T16:49:44","date_gmt":"2024-07-20T16:49:44","guid":{"rendered":"https:\/\/extery.com\/?post_type=product&#038;p=52372"},"modified":"2026-04-13T09:34:39","modified_gmt":"2026-04-13T09:34:39","slug":"zvilnis-linn","status":"publish","type":"product","link":"https:\/\/extery.com\/lv\/produkti\/zvilnis-linn\/","title":{"rendered":"zvilnis Linn"},"content":{"rendered":"<p id=\"tw-target-text\" class=\"tw-data-text tw-text-large tw-ta\" dir=\"ltr\" data-placeholder=\"T\u00f5lge\">\u00a0Linn s\u0113rijas papildin\u0101jums nav vienk\u0101r\u0161i k\u0101rt\u0113jais atp\u016btas kr\u0113sls. T\u0101 zviln\u0113\u0161anas poz\u012bcija un ergonomika ir r\u016bp\u012bgi izv\u0113l\u0113ta, lai pied\u0101v\u0101tu \u0113rtus atp\u016btas br\u012b\u017eus da\u017e\u0101diem vecumiem un augumiem. Kr\u0113sla augstais un taisnais muguras balsts labi der gan gr\u0101matu las\u012b\u0161anai gan viedt\u0101lru\u0146a \u0161\u0137irst\u012b\u0161anai. \u012asais k\u0101ju balsts \u0113rti \u013cauj k\u0101j\u0101m kar\u0101ties p\u0101ri malai, mainot kr\u0113slu par ide\u0101lu ne tikai pludmales piekrast\u0113m, bet ar\u012b sp\u0113j pied\u0101v\u0101t v\u0113rt\u012bbu daudzpus\u012bgu pielietojumu pils\u0113tniecisk\u0101 vid\u0113.<\/p>\n<p>Linn s\u0113rijas zvilnis pied\u0101v\u0101 komfortu un stilu divos da\u017e\u0101dos platumos, lieliski iederoties katr\u0101 park\u0101, iel\u0101 un teras\u0113, un k\u0101p\u0113c gan neizrot\u0101t tuk\u0161u laukumu ar Linn zvilni. Izv\u0113l\u0113 ir praktisks un elegants modelis ar galdi\u0146u, uz kura \u0113rti novietot, piem\u0113ram, kafijas kr\u016bzi, vai minim\u0101listisks variants bez galdi\u0146a, pied\u0101v\u0101jot vienk\u0101r\u0161\u012bbu un t\u012bras l\u012bnijas.<\/p>\n<p>Linn zvilnis pieder pie t\u0101da pa\u0161a nosaukuma produktu grupas, no kuras var izveidot pilnus komplektus publisko \u0101rtelpu iek\u0101rto\u0161anai. Linn s\u0113rijas produkti kop\u0101 veido vienotu, aicino\u0161u vidi, kas veicina sabiedr\u012bbas kop\u012bbu un komfortu.<\/p>\n","protected":false},"excerpt":{"rendered":"<p>\u00a0Linn s\u0113rijas papildin\u0101jums nav vienk\u0101r\u0161i k\u0101rt\u0113jais atp\u016btas kr\u0113sls. T\u0101 zviln\u0113\u0161anas poz\u012bcija un ergonomika ir r\u016bp\u012bgi izv\u0113l\u0113ta, lai pied\u0101v\u0101tu \u0113rtus atp\u016btas br\u012b\u017eus da\u017e\u0101diem vecumiem un augumiem. Kr\u0113sla augstais un taisnais muguras balsts labi der gan gr\u0101matu las\u012b\u0161anai gan viedt\u0101lru\u0146a \u0161\u0137irst\u012b\u0161anai. \u012asais k\u0101ju balsts \u0113rti \u013cauj k\u0101j\u0101m kar\u0101ties p\u0101ri malai, mainot kr\u0113slu par ide\u0101lu ne tikai pludmales [&hellip;]<\/p>\n","protected":false},"featured_media":51420,"comment_status":"open","ping_status":"closed","template":"","meta":{"_acf_changed":false},"product_brand":[],"product_cat":[98],"product_tag":[],"class_list":{"0":"post-52372","1":"product","2":"type-product","3":"status-publish","4":"has-post-thumbnail","6":"product_cat-solini-ar-atzveltnem-lv","7":"product-family-linn-lv","9":"first","10":"instock","11":"shipping-taxable","12":"product-type-simple"},"acf":[],"yoast_head":"<!-- This site is optimized with the Yoast SEO plugin v26.4 - https:\/\/yoast.com\/wordpress\/plugins\/seo\/ -->\n<title>zvilnis Linn - Extery pils\u0113tas m\u0113be\u013cu kolekcijas parka kr\u0113sls<\/title>\n<meta name=\"description\" content=\"Parka zvilnis Linn ir stil\u012bgs un elegants. Piem\u0113rots da\u017e\u0101da rakstura pils\u0113tas telp\u0101m. Pils\u0113tas m\u0113beles - parka soli\u0146i, miskastes, barjeras un velosip\u0113du novietnes.\" \/>\n<meta name=\"robots\" content=\"index, follow, max-snippet:-1, max-image-preview:large, max-video-preview:-1\" \/>\n<link rel=\"canonical\" href=\"https:\/\/extery.com\/lv\/produkti\/zvilnis-linn\/\" \/>\n<meta property=\"og:locale\" content=\"lv_LV\" \/>\n<meta property=\"og:type\" content=\"article\" \/>\n<meta property=\"og:title\" content=\"zvilnis Linn - Extery pils\u0113tas m\u0113be\u013cu kolekcijas parka kr\u0113sls\" \/>\n<meta property=\"og:description\" content=\"Parka zvilnis Linn ir stil\u012bgs un elegants. Piem\u0113rots da\u017e\u0101da rakstura pils\u0113tas telp\u0101m. Pils\u0113tas m\u0113beles - parka soli\u0146i, miskastes, barjeras un velosip\u0113du novietnes.\" \/>\n<meta property=\"og:url\" content=\"https:\/\/extery.com\/lv\/produkti\/zvilnis-linn\/\" \/>\n<meta property=\"og:site_name\" content=\"Extery\" \/>\n<meta property=\"article:modified_time\" content=\"2026-04-13T09:34:39+00:00\" \/>\n<meta property=\"og:image\" content=\"https:\/\/extery.com\/wp-content\/uploads\/2024\/07\/lamamistool-kulg.jpg\" \/>\n\t<meta property=\"og:image:width\" content=\"2400\" \/>\n\t<meta property=\"og:image:height\" content=\"1600\" \/>\n\t<meta property=\"og:image:type\" content=\"image\/jpeg\" \/>\n<meta name=\"twitter:card\" content=\"summary_large_image\" \/>\n<meta name=\"twitter:label1\" content=\"Est. reading time\" \/>\n\t<meta name=\"twitter:data1\" content=\"2 minutes\" \/>\n<script type=\"application\/ld+json\" class=\"yoast-schema-graph\">{\"@context\":\"https:\/\/schema.org\",\"@graph\":[{\"@type\":\"WebPage\",\"@id\":\"https:\/\/extery.com\/lv\/produkti\/zvilnis-linn\/\",\"url\":\"https:\/\/extery.com\/lv\/produkti\/zvilnis-linn\/\",\"name\":\"zvilnis Linn - Extery pils\u0113tas m\u0113be\u013cu kolekcijas parka kr\u0113sls\",\"isPartOf\":{\"@id\":\"https:\/\/extery.com\/lv\/#website\"},\"primaryImageOfPage\":{\"@id\":\"https:\/\/extery.com\/lv\/produkti\/zvilnis-linn\/#primaryimage\"},\"image\":{\"@id\":\"https:\/\/extery.com\/lv\/produkti\/zvilnis-linn\/#primaryimage\"},\"thumbnailUrl\":\"https:\/\/extery.com\/wp-content\/uploads\/2024\/07\/lamamistool-kulg.jpg\",\"datePublished\":\"2024-07-20T16:49:44+00:00\",\"dateModified\":\"2026-04-13T09:34:39+00:00\",\"description\":\"Parka zvilnis Linn ir stil\u012bgs un elegants. Piem\u0113rots da\u017e\u0101da rakstura pils\u0113tas telp\u0101m. Pils\u0113tas m\u0113beles - parka soli\u0146i, miskastes, barjeras un velosip\u0113du novietnes.\",\"breadcrumb\":{\"@id\":\"https:\/\/extery.com\/lv\/produkti\/zvilnis-linn\/#breadcrumb\"},\"inLanguage\":\"lv-LV\",\"potentialAction\":[{\"@type\":\"ReadAction\",\"target\":[\"https:\/\/extery.com\/lv\/produkti\/zvilnis-linn\/\"]}]},{\"@type\":\"ImageObject\",\"inLanguage\":\"lv-LV\",\"@id\":\"https:\/\/extery.com\/lv\/produkti\/zvilnis-linn\/#primaryimage\",\"url\":\"https:\/\/extery.com\/wp-content\/uploads\/2024\/07\/lamamistool-kulg.jpg\",\"contentUrl\":\"https:\/\/extery.com\/wp-content\/uploads\/2024\/07\/lamamistool-kulg.jpg\",\"width\":2400,\"height\":1600},{\"@type\":\"BreadcrumbList\",\"@id\":\"https:\/\/extery.com\/lv\/produkti\/zvilnis-linn\/#breadcrumb\",\"itemListElement\":[{\"@type\":\"ListItem\",\"position\":1,\"name\":\"Home\",\"item\":\"https:\/\/extery.com\/lv\/\"},{\"@type\":\"ListItem\",\"position\":2,\"name\":\"Produkti\",\"item\":\"https:\/\/extery.com\/lv\/produkti\/\"},{\"@type\":\"ListItem\",\"position\":3,\"name\":\"zvilnis Linn\"}]},{\"@type\":\"WebSite\",\"@id\":\"https:\/\/extery.com\/lv\/#website\",\"url\":\"https:\/\/extery.com\/lv\/\",\"name\":\"Extery\",\"description\":\"\",\"publisher\":{\"@id\":\"https:\/\/extery.com\/lv\/#organization\"},\"potentialAction\":[{\"@type\":\"SearchAction\",\"target\":{\"@type\":\"EntryPoint\",\"urlTemplate\":\"https:\/\/extery.com\/lv\/?s={search_term_string}\"},\"query-input\":{\"@type\":\"PropertyValueSpecification\",\"valueRequired\":true,\"valueName\":\"search_term_string\"}}],\"inLanguage\":\"lv-LV\"},{\"@type\":\"Organization\",\"@id\":\"https:\/\/extery.com\/lv\/#organization\",\"name\":\"Extery\",\"url\":\"https:\/\/extery.com\/lv\/\",\"logo\":{\"@type\":\"ImageObject\",\"inLanguage\":\"lv-LV\",\"@id\":\"https:\/\/extery.com\/lv\/#\/schema\/logo\/image\/\",\"url\":\"https:\/\/extery.com\/wp-content\/uploads\/2023\/11\/footer-logo.svg\",\"contentUrl\":\"https:\/\/extery.com\/wp-content\/uploads\/2023\/11\/footer-logo.svg\",\"caption\":\"Extery\"},\"image\":{\"@id\":\"https:\/\/extery.com\/lv\/#\/schema\/logo\/image\/\"}}]}<\/script>\n<!-- \/ Yoast SEO plugin. -->","yoast_head_json":{"title":"zvilnis Linn - Extery pils\u0113tas m\u0113be\u013cu kolekcijas parka kr\u0113sls","description":"Parka zvilnis Linn ir stil\u012bgs un elegants. Piem\u0113rots da\u017e\u0101da rakstura pils\u0113tas telp\u0101m. Pils\u0113tas m\u0113beles - parka soli\u0146i, miskastes, barjeras un velosip\u0113du novietnes.","robots":{"index":"index","follow":"follow","max-snippet":"max-snippet:-1","max-image-preview":"max-image-preview:large","max-video-preview":"max-video-preview:-1"},"canonical":"https:\/\/extery.com\/lv\/produkti\/zvilnis-linn\/","og_locale":"lv_LV","og_type":"article","og_title":"zvilnis Linn - Extery pils\u0113tas m\u0113be\u013cu kolekcijas parka kr\u0113sls","og_description":"Parka zvilnis Linn ir stil\u012bgs un elegants. Piem\u0113rots da\u017e\u0101da rakstura pils\u0113tas telp\u0101m. Pils\u0113tas m\u0113beles - parka soli\u0146i, miskastes, barjeras un velosip\u0113du novietnes.","og_url":"https:\/\/extery.com\/lv\/produkti\/zvilnis-linn\/","og_site_name":"Extery","article_modified_time":"2026-04-13T09:34:39+00:00","og_image":[{"width":2400,"height":1600,"url":"https:\/\/extery.com\/wp-content\/uploads\/2024\/07\/lamamistool-kulg.jpg","type":"image\/jpeg"}],"twitter_card":"summary_large_image","twitter_misc":{"Est. reading time":"2 minutes"},"schema":{"@context":"https:\/\/schema.org","@graph":[{"@type":"WebPage","@id":"https:\/\/extery.com\/lv\/produkti\/zvilnis-linn\/","url":"https:\/\/extery.com\/lv\/produkti\/zvilnis-linn\/","name":"zvilnis Linn - Extery pils\u0113tas m\u0113be\u013cu kolekcijas parka kr\u0113sls","isPartOf":{"@id":"https:\/\/extery.com\/lv\/#website"},"primaryImageOfPage":{"@id":"https:\/\/extery.com\/lv\/produkti\/zvilnis-linn\/#primaryimage"},"image":{"@id":"https:\/\/extery.com\/lv\/produkti\/zvilnis-linn\/#primaryimage"},"thumbnailUrl":"https:\/\/extery.com\/wp-content\/uploads\/2024\/07\/lamamistool-kulg.jpg","datePublished":"2024-07-20T16:49:44+00:00","dateModified":"2026-04-13T09:34:39+00:00","description":"Parka zvilnis Linn ir stil\u012bgs un elegants. Piem\u0113rots da\u017e\u0101da rakstura pils\u0113tas telp\u0101m. Pils\u0113tas m\u0113beles - parka soli\u0146i, miskastes, barjeras un velosip\u0113du novietnes.","breadcrumb":{"@id":"https:\/\/extery.com\/lv\/produkti\/zvilnis-linn\/#breadcrumb"},"inLanguage":"lv-LV","potentialAction":[{"@type":"ReadAction","target":["https:\/\/extery.com\/lv\/produkti\/zvilnis-linn\/"]}]},{"@type":"ImageObject","inLanguage":"lv-LV","@id":"https:\/\/extery.com\/lv\/produkti\/zvilnis-linn\/#primaryimage","url":"https:\/\/extery.com\/wp-content\/uploads\/2024\/07\/lamamistool-kulg.jpg","contentUrl":"https:\/\/extery.com\/wp-content\/uploads\/2024\/07\/lamamistool-kulg.jpg","width":2400,"height":1600},{"@type":"BreadcrumbList","@id":"https:\/\/extery.com\/lv\/produkti\/zvilnis-linn\/#breadcrumb","itemListElement":[{"@type":"ListItem","position":1,"name":"Home","item":"https:\/\/extery.com\/lv\/"},{"@type":"ListItem","position":2,"name":"Produkti","item":"https:\/\/extery.com\/lv\/produkti\/"},{"@type":"ListItem","position":3,"name":"zvilnis Linn"}]},{"@type":"WebSite","@id":"https:\/\/extery.com\/lv\/#website","url":"https:\/\/extery.com\/lv\/","name":"Extery","description":"","publisher":{"@id":"https:\/\/extery.com\/lv\/#organization"},"potentialAction":[{"@type":"SearchAction","target":{"@type":"EntryPoint","urlTemplate":"https:\/\/extery.com\/lv\/?s={search_term_string}"},"query-input":{"@type":"PropertyValueSpecification","valueRequired":true,"valueName":"search_term_string"}}],"inLanguage":"lv-LV"},{"@type":"Organization","@id":"https:\/\/extery.com\/lv\/#organization","name":"Extery","url":"https:\/\/extery.com\/lv\/","logo":{"@type":"ImageObject","inLanguage":"lv-LV","@id":"https:\/\/extery.com\/lv\/#\/schema\/logo\/image\/","url":"https:\/\/extery.com\/wp-content\/uploads\/2023\/11\/footer-logo.svg","contentUrl":"https:\/\/extery.com\/wp-content\/uploads\/2023\/11\/footer-logo.svg","caption":"Extery"},"image":{"@id":"https:\/\/extery.com\/lv\/#\/schema\/logo\/image\/"}}]}},"_links":{"self":[{"href":"https:\/\/extery.com\/lv\/wp-json\/wp\/v2\/product\/52372","targetHints":{"allow":["GET"]}}],"collection":[{"href":"https:\/\/extery.com\/lv\/wp-json\/wp\/v2\/product"}],"about":[{"href":"https:\/\/extery.com\/lv\/wp-json\/wp\/v2\/types\/product"}],"replies":[{"embeddable":true,"href":"https:\/\/extery.com\/lv\/wp-json\/wp\/v2\/comments?post=52372"}],"wp:featuredmedia":[{"embeddable":true,"href":"https:\/\/extery.com\/lv\/wp-json\/wp\/v2\/media\/51420"}],"wp:attachment":[{"href":"https:\/\/extery.com\/lv\/wp-json\/wp\/v2\/media?parent=52372"}],"wp:term":[{"taxonomy":"product_brand","embeddable":true,"href":"https:\/\/extery.com\/lv\/wp-json\/wp\/v2\/product_brand?post=52372"},{"taxonomy":"product_cat","embeddable":true,"href":"https:\/\/extery.com\/lv\/wp-json\/wp\/v2\/product_cat?post=52372"},{"taxonomy":"product_tag","embeddable":true,"href":"https:\/\/extery.com\/lv\/wp-json\/wp\/v2\/product_tag?post=52372"}],"curies":[{"name":"wp","href":"https:\/\/api.w.org\/{rel}","templated":true}]}}