{"id":52534,"date":"2024-07-27T09:42:47","date_gmt":"2024-07-27T09:42:47","guid":{"rendered":"https:\/\/extery.com\/?post_type=product&#038;p=52534"},"modified":"2026-04-13T09:35:19","modified_gmt":"2026-04-13T09:35:19","slug":"galds-linn-mazais","status":"publish","type":"product","link":"https:\/\/extery.com\/lv\/produkti\/galds-linn-mazais\/","title":{"rendered":"galds Linn, mazais"},"content":{"rendered":"<p>Linn galds pieder\u00a0 pie t\u0101 pa\u0161a nosaukuma produktu saimes, no kuras var izveidot pilnus komplektus publisko \u0101rtelpu iek\u0101rto\u0161anai. Linn s\u0113rijas produkti kop\u0101 veido vienotu, aicino\u0161u vidi, kas veicina sabiedr\u012bbas kop\u0101b\u016b\u0161anu un komfortu.<\/p>\n<p>Veidojot Linn s\u0113riju, m\u0113r\u0137is bija ne vair\u0101k, ne maz\u0101k k\u0101 sasniegt vis\u0113rt\u0101ko lieto\u0161anas komfortu un elegantu formu vienuviet, lai b\u016btu modernas pils\u0113tas cien\u012bga. M\u0113s v\u0113l\u0113j\u0101mies, lai dizains no pirm\u0101 acu uzmetiena<br \/>\nizskat\u012btos nesavt\u012bgs un pa\u0161saprotams, bet, ieskatoties tuv\u0101k, tas atkl\u0101jas &#8211; v\u0113rot\u0101js b\u016btu p\u0101rsteigts par t\u0101 skaistumu un lieto\u0161anas komfortu. Paturot pr\u0101t\u0101 \u0161os ide\u0101lus rad\u0101s Linn s\u0113rija, kas ir piln\u012bgi bez skand\u0101la, pietieko\u0161i klasiska, lai papildin\u0101tu v\u0113sturisko vidi m\u016bsdien\u012bg\u0101 veid\u0101 un pietiekami moderns, lai rad\u012btu p\u0101rliecino\u0161u ietekmi jaun\u0101s arhitekt\u016bras kontekst\u0101.<\/p>\n<p>Linn galds ir pieejams divos garumos: garais galds 1800 mm un \u012bsais galds 700 mm. Linn galda gar\u0101k\u0101 versija ir \u012bpa\u0161i izstr\u0101d\u0101ta, \u0146emot v\u0113r\u0101 pieejam\u012bbu, \u013caujot cilv\u0113kiem rati\u0146kr\u0113slos \u0113rti pies\u0113sties pie galda un piedal\u012bties sabiedrisk\u0101s aktivit\u0101t\u0113s.<\/p>\n","protected":false},"excerpt":{"rendered":"<p>Linn galds pieder\u00a0 pie t\u0101 pa\u0161a nosaukuma produktu saimes, no kuras var izveidot pilnus komplektus publisko \u0101rtelpu iek\u0101rto\u0161anai. Linn s\u0113rijas produkti kop\u0101 veido vienotu, aicino\u0161u vidi, kas veicina sabiedr\u012bbas kop\u0101b\u016b\u0161anu un komfortu. Veidojot Linn s\u0113riju, m\u0113r\u0137is bija ne vair\u0101k, ne maz\u0101k k\u0101 sasniegt vis\u0113rt\u0101ko lieto\u0161anas komfortu un elegantu formu vienuviet, lai b\u016btu modernas pils\u0113tas cien\u012bga. [&hellip;]<\/p>\n","protected":false},"featured_media":52541,"comment_status":"open","ping_status":"closed","template":"","meta":{"_acf_changed":false},"product_brand":[],"product_cat":[103],"product_tag":[],"class_list":{"0":"post-52534","1":"product","2":"type-product","3":"status-publish","4":"has-post-thumbnail","6":"product_cat-galdi-lv","7":"product-family-linn-lv","9":"first","10":"instock","11":"shipping-taxable","12":"product-type-simple"},"acf":[],"yoast_head":"<!-- This site is optimized with the Yoast SEO plugin v26.4 - https:\/\/yoast.com\/wordpress\/plugins\/seo\/ -->\n<title>galds Linn, mazais - Extery pils\u0113tas m\u0113be\u013cu kolekcijas parka kr\u0113sls<\/title>\n<meta name=\"description\" content=\"Parka galds Linn ir stil\u012bgs un elegants. Piem\u0113rots da\u017e\u0101da rakstura pils\u0113tas telp\u0101m. Pils\u0113tas m\u0113beles - parka soli\u0146i, miskastes, barjeras un velosip\u0113du novietnes.\" \/>\n<meta name=\"robots\" content=\"index, follow, max-snippet:-1, max-image-preview:large, max-video-preview:-1\" \/>\n<link rel=\"canonical\" href=\"https:\/\/extery.com\/lv\/produkti\/galds-linn-mazais\/\" \/>\n<meta property=\"og:locale\" content=\"lv_LV\" \/>\n<meta property=\"og:type\" content=\"article\" \/>\n<meta property=\"og:title\" content=\"galds Linn, mazais - Extery pils\u0113tas m\u0113be\u013cu kolekcijas parka kr\u0113sls\" \/>\n<meta property=\"og:description\" content=\"Parka galds Linn ir stil\u012bgs un elegants. Piem\u0113rots da\u017e\u0101da rakstura pils\u0113tas telp\u0101m. Pils\u0113tas m\u0113beles - parka soli\u0146i, miskastes, barjeras un velosip\u0113du novietnes.\" \/>\n<meta property=\"og:url\" content=\"https:\/\/extery.com\/lv\/produkti\/galds-linn-mazais\/\" \/>\n<meta property=\"og:site_name\" content=\"Extery\" \/>\n<meta property=\"article:modified_time\" content=\"2026-04-13T09:35:19+00:00\" \/>\n<meta property=\"og:image\" content=\"https:\/\/extery.com\/wp-content\/uploads\/2024\/07\/Linn-laud-vaike-otse-scaled.jpg\" \/>\n\t<meta property=\"og:image:width\" content=\"2560\" \/>\n\t<meta property=\"og:image:height\" content=\"1707\" \/>\n\t<meta property=\"og:image:type\" content=\"image\/jpeg\" \/>\n<meta name=\"twitter:card\" content=\"summary_large_image\" \/>\n<meta name=\"twitter:label1\" content=\"Est. reading time\" \/>\n\t<meta name=\"twitter:data1\" content=\"2 minutes\" \/>\n<script type=\"application\/ld+json\" class=\"yoast-schema-graph\">{\"@context\":\"https:\/\/schema.org\",\"@graph\":[{\"@type\":\"WebPage\",\"@id\":\"https:\/\/extery.com\/lv\/produkti\/galds-linn-mazais\/\",\"url\":\"https:\/\/extery.com\/lv\/produkti\/galds-linn-mazais\/\",\"name\":\"galds Linn, mazais - Extery pils\u0113tas m\u0113be\u013cu kolekcijas parka kr\u0113sls\",\"isPartOf\":{\"@id\":\"https:\/\/extery.com\/lv\/#website\"},\"primaryImageOfPage\":{\"@id\":\"https:\/\/extery.com\/lv\/produkti\/galds-linn-mazais\/#primaryimage\"},\"image\":{\"@id\":\"https:\/\/extery.com\/lv\/produkti\/galds-linn-mazais\/#primaryimage\"},\"thumbnailUrl\":\"https:\/\/extery.com\/wp-content\/uploads\/2024\/07\/Linn-laud-vaike-otse-scaled.jpg\",\"datePublished\":\"2024-07-27T09:42:47+00:00\",\"dateModified\":\"2026-04-13T09:35:19+00:00\",\"description\":\"Parka galds Linn ir stil\u012bgs un elegants. Piem\u0113rots da\u017e\u0101da rakstura pils\u0113tas telp\u0101m. Pils\u0113tas m\u0113beles - parka soli\u0146i, miskastes, barjeras un velosip\u0113du novietnes.\",\"breadcrumb\":{\"@id\":\"https:\/\/extery.com\/lv\/produkti\/galds-linn-mazais\/#breadcrumb\"},\"inLanguage\":\"lv-LV\",\"potentialAction\":[{\"@type\":\"ReadAction\",\"target\":[\"https:\/\/extery.com\/lv\/produkti\/galds-linn-mazais\/\"]}]},{\"@type\":\"ImageObject\",\"inLanguage\":\"lv-LV\",\"@id\":\"https:\/\/extery.com\/lv\/produkti\/galds-linn-mazais\/#primaryimage\",\"url\":\"https:\/\/extery.com\/wp-content\/uploads\/2024\/07\/Linn-laud-vaike-otse-scaled.jpg\",\"contentUrl\":\"https:\/\/extery.com\/wp-content\/uploads\/2024\/07\/Linn-laud-vaike-otse-scaled.jpg\",\"width\":2560,\"height\":1707},{\"@type\":\"BreadcrumbList\",\"@id\":\"https:\/\/extery.com\/lv\/produkti\/galds-linn-mazais\/#breadcrumb\",\"itemListElement\":[{\"@type\":\"ListItem\",\"position\":1,\"name\":\"Home\",\"item\":\"https:\/\/extery.com\/lv\/\"},{\"@type\":\"ListItem\",\"position\":2,\"name\":\"Produkti\",\"item\":\"https:\/\/extery.com\/lv\/produkti\/\"},{\"@type\":\"ListItem\",\"position\":3,\"name\":\"galds Linn, mazais\"}]},{\"@type\":\"WebSite\",\"@id\":\"https:\/\/extery.com\/lv\/#website\",\"url\":\"https:\/\/extery.com\/lv\/\",\"name\":\"Extery\",\"description\":\"\",\"publisher\":{\"@id\":\"https:\/\/extery.com\/lv\/#organization\"},\"potentialAction\":[{\"@type\":\"SearchAction\",\"target\":{\"@type\":\"EntryPoint\",\"urlTemplate\":\"https:\/\/extery.com\/lv\/?s={search_term_string}\"},\"query-input\":{\"@type\":\"PropertyValueSpecification\",\"valueRequired\":true,\"valueName\":\"search_term_string\"}}],\"inLanguage\":\"lv-LV\"},{\"@type\":\"Organization\",\"@id\":\"https:\/\/extery.com\/lv\/#organization\",\"name\":\"Extery\",\"url\":\"https:\/\/extery.com\/lv\/\",\"logo\":{\"@type\":\"ImageObject\",\"inLanguage\":\"lv-LV\",\"@id\":\"https:\/\/extery.com\/lv\/#\/schema\/logo\/image\/\",\"url\":\"https:\/\/extery.com\/wp-content\/uploads\/2023\/11\/footer-logo.svg\",\"contentUrl\":\"https:\/\/extery.com\/wp-content\/uploads\/2023\/11\/footer-logo.svg\",\"caption\":\"Extery\"},\"image\":{\"@id\":\"https:\/\/extery.com\/lv\/#\/schema\/logo\/image\/\"}}]}<\/script>\n<!-- \/ Yoast SEO plugin. -->","yoast_head_json":{"title":"galds Linn, mazais - Extery pils\u0113tas m\u0113be\u013cu kolekcijas parka kr\u0113sls","description":"Parka galds Linn ir stil\u012bgs un elegants. Piem\u0113rots da\u017e\u0101da rakstura pils\u0113tas telp\u0101m. Pils\u0113tas m\u0113beles - parka soli\u0146i, miskastes, barjeras un velosip\u0113du novietnes.","robots":{"index":"index","follow":"follow","max-snippet":"max-snippet:-1","max-image-preview":"max-image-preview:large","max-video-preview":"max-video-preview:-1"},"canonical":"https:\/\/extery.com\/lv\/produkti\/galds-linn-mazais\/","og_locale":"lv_LV","og_type":"article","og_title":"galds Linn, mazais - Extery pils\u0113tas m\u0113be\u013cu kolekcijas parka kr\u0113sls","og_description":"Parka galds Linn ir stil\u012bgs un elegants. Piem\u0113rots da\u017e\u0101da rakstura pils\u0113tas telp\u0101m. Pils\u0113tas m\u0113beles - parka soli\u0146i, miskastes, barjeras un velosip\u0113du novietnes.","og_url":"https:\/\/extery.com\/lv\/produkti\/galds-linn-mazais\/","og_site_name":"Extery","article_modified_time":"2026-04-13T09:35:19+00:00","og_image":[{"width":2560,"height":1707,"url":"https:\/\/extery.com\/wp-content\/uploads\/2024\/07\/Linn-laud-vaike-otse-scaled.jpg","type":"image\/jpeg"}],"twitter_card":"summary_large_image","twitter_misc":{"Est. reading time":"2 minutes"},"schema":{"@context":"https:\/\/schema.org","@graph":[{"@type":"WebPage","@id":"https:\/\/extery.com\/lv\/produkti\/galds-linn-mazais\/","url":"https:\/\/extery.com\/lv\/produkti\/galds-linn-mazais\/","name":"galds Linn, mazais - Extery pils\u0113tas m\u0113be\u013cu kolekcijas parka kr\u0113sls","isPartOf":{"@id":"https:\/\/extery.com\/lv\/#website"},"primaryImageOfPage":{"@id":"https:\/\/extery.com\/lv\/produkti\/galds-linn-mazais\/#primaryimage"},"image":{"@id":"https:\/\/extery.com\/lv\/produkti\/galds-linn-mazais\/#primaryimage"},"thumbnailUrl":"https:\/\/extery.com\/wp-content\/uploads\/2024\/07\/Linn-laud-vaike-otse-scaled.jpg","datePublished":"2024-07-27T09:42:47+00:00","dateModified":"2026-04-13T09:35:19+00:00","description":"Parka galds Linn ir stil\u012bgs un elegants. Piem\u0113rots da\u017e\u0101da rakstura pils\u0113tas telp\u0101m. Pils\u0113tas m\u0113beles - parka soli\u0146i, miskastes, barjeras un velosip\u0113du novietnes.","breadcrumb":{"@id":"https:\/\/extery.com\/lv\/produkti\/galds-linn-mazais\/#breadcrumb"},"inLanguage":"lv-LV","potentialAction":[{"@type":"ReadAction","target":["https:\/\/extery.com\/lv\/produkti\/galds-linn-mazais\/"]}]},{"@type":"ImageObject","inLanguage":"lv-LV","@id":"https:\/\/extery.com\/lv\/produkti\/galds-linn-mazais\/#primaryimage","url":"https:\/\/extery.com\/wp-content\/uploads\/2024\/07\/Linn-laud-vaike-otse-scaled.jpg","contentUrl":"https:\/\/extery.com\/wp-content\/uploads\/2024\/07\/Linn-laud-vaike-otse-scaled.jpg","width":2560,"height":1707},{"@type":"BreadcrumbList","@id":"https:\/\/extery.com\/lv\/produkti\/galds-linn-mazais\/#breadcrumb","itemListElement":[{"@type":"ListItem","position":1,"name":"Home","item":"https:\/\/extery.com\/lv\/"},{"@type":"ListItem","position":2,"name":"Produkti","item":"https:\/\/extery.com\/lv\/produkti\/"},{"@type":"ListItem","position":3,"name":"galds Linn, mazais"}]},{"@type":"WebSite","@id":"https:\/\/extery.com\/lv\/#website","url":"https:\/\/extery.com\/lv\/","name":"Extery","description":"","publisher":{"@id":"https:\/\/extery.com\/lv\/#organization"},"potentialAction":[{"@type":"SearchAction","target":{"@type":"EntryPoint","urlTemplate":"https:\/\/extery.com\/lv\/?s={search_term_string}"},"query-input":{"@type":"PropertyValueSpecification","valueRequired":true,"valueName":"search_term_string"}}],"inLanguage":"lv-LV"},{"@type":"Organization","@id":"https:\/\/extery.com\/lv\/#organization","name":"Extery","url":"https:\/\/extery.com\/lv\/","logo":{"@type":"ImageObject","inLanguage":"lv-LV","@id":"https:\/\/extery.com\/lv\/#\/schema\/logo\/image\/","url":"https:\/\/extery.com\/wp-content\/uploads\/2023\/11\/footer-logo.svg","contentUrl":"https:\/\/extery.com\/wp-content\/uploads\/2023\/11\/footer-logo.svg","caption":"Extery"},"image":{"@id":"https:\/\/extery.com\/lv\/#\/schema\/logo\/image\/"}}]}},"_links":{"self":[{"href":"https:\/\/extery.com\/lv\/wp-json\/wp\/v2\/product\/52534","targetHints":{"allow":["GET"]}}],"collection":[{"href":"https:\/\/extery.com\/lv\/wp-json\/wp\/v2\/product"}],"about":[{"href":"https:\/\/extery.com\/lv\/wp-json\/wp\/v2\/types\/product"}],"replies":[{"embeddable":true,"href":"https:\/\/extery.com\/lv\/wp-json\/wp\/v2\/comments?post=52534"}],"wp:featuredmedia":[{"embeddable":true,"href":"https:\/\/extery.com\/lv\/wp-json\/wp\/v2\/media\/52541"}],"wp:attachment":[{"href":"https:\/\/extery.com\/lv\/wp-json\/wp\/v2\/media?parent=52534"}],"wp:term":[{"taxonomy":"product_brand","embeddable":true,"href":"https:\/\/extery.com\/lv\/wp-json\/wp\/v2\/product_brand?post=52534"},{"taxonomy":"product_cat","embeddable":true,"href":"https:\/\/extery.com\/lv\/wp-json\/wp\/v2\/product_cat?post=52534"},{"taxonomy":"product_tag","embeddable":true,"href":"https:\/\/extery.com\/lv\/wp-json\/wp\/v2\/product_tag?post=52534"}],"curies":[{"name":"wp","href":"https:\/\/api.w.org\/{rel}","templated":true}]}}