{"id":53225,"date":"2024-10-14T10:17:36","date_gmt":"2024-10-14T10:17:36","guid":{"rendered":"https:\/\/extery.com\/?post_type=product&#038;p=53225"},"modified":"2026-03-19T10:17:39","modified_gmt":"2026-03-19T10:17:39","slug":"atkritumu-urna-trio-s3","status":"publish","type":"product","link":"https:\/\/extery.com\/lv\/produkti\/atkritumu-urna-trio-s3\/","title":{"rendered":"atkritumu urna Trio S3"},"content":{"rendered":"<p><span class=\"Y2IQFc\" lang=\"lv\">Trio atkritumu urna ir izstr\u0101d\u0101ta, lai vienk\u0101r\u0161otu atkritumu \u0161\u0137iro\u0161anu, savuk\u0101rt produktu grup\u0101 ir pieejamas ar\u012b atsevi\u0161\u0137as atkritumu tvertnes, kas padara produkta izmanto\u0161anu elast\u012bg\u0101ku apk\u0101rt\u0113jai videi. <\/span><\/p>\n<p><span class=\"Y2IQFc\" lang=\"lv\">TRIO \u2013 t\u0101 ir kastu sist\u0113ma, kas \u013cauj \u0161\u0137irot atkritumus sabiedrisk\u0101s viet\u0101s. S\u0113rijai ir da\u017e\u0101di izm\u0113ri, kas ir piem\u0113roti lieto\u0161anai p\u0101rpild\u012bt\u0101s viet\u0101s \u0101r\u0101, k\u0101 ar\u012b iek\u0161telp\u0101s. Kr\u0101sain\u0101s atkritumu atveres malas, kas atkl\u0101jas, aicina \u0161\u0137irot atkritumus un dod skaidrus m\u0101jienus atkritumu sadalei. Hum\u0101nu pieeju pude\u013cu p\u0101rstr\u0101dei nodro\u0161ina miskastes korpus\u0101 pasl\u0113ptas pude\u013cu spraugas, kas atdal\u012btas no kop\u0113jiem atkritumiem.<\/span><\/p>\n","protected":false},"excerpt":{"rendered":"<p>Trio atkritumu urna ir izstr\u0101d\u0101ta, lai vienk\u0101r\u0161otu atkritumu \u0161\u0137iro\u0161anu, savuk\u0101rt produktu grup\u0101 ir pieejamas ar\u012b atsevi\u0161\u0137as atkritumu tvertnes, kas padara produkta izmanto\u0161anu elast\u012bg\u0101ku apk\u0101rt\u0113jai videi. TRIO \u2013 t\u0101 ir kastu sist\u0113ma, kas \u013cauj \u0161\u0137irot atkritumus sabiedrisk\u0101s viet\u0101s. S\u0113rijai ir da\u017e\u0101di izm\u0113ri, kas ir piem\u0113roti lieto\u0161anai p\u0101rpild\u012bt\u0101s viet\u0101s \u0101r\u0101, k\u0101 ar\u012b iek\u0161telp\u0101s. Kr\u0101sain\u0101s atkritumu atveres malas, [&hellip;]<\/p>\n","protected":false},"featured_media":53197,"comment_status":"open","ping_status":"closed","template":"","meta":{"_acf_changed":false},"product_brand":[],"product_cat":[119],"product_tag":[],"class_list":{"0":"post-53225","1":"product","2":"type-product","3":"status-publish","4":"has-post-thumbnail","6":"product_cat-atkritumu-urnas-lv","7":"product-family-trio-lv","9":"first","10":"instock","11":"shipping-taxable","12":"product-type-simple"},"acf":[],"yoast_head":"<!-- This site is optimized with the Yoast SEO plugin v26.4 - https:\/\/yoast.com\/wordpress\/plugins\/seo\/ -->\n<title>atkritumu urna Trio S3 - Extery atkritumu urna no pils\u0113tas m\u0113be\u013cu kolekcijas<\/title>\n<meta name=\"description\" content=\"Trio atkritumu urna ir izstr\u0101d\u0101vta, lai vienk\u0101r\u0161otu atkritumu \u0161\u0137iro\u0161anu, savuk\u0101rt produktu saim\u0113 ir pieejamas ar\u012b atsevi\u0161\u0137as atkritumu tvertnes, kas padara produkta izmanto\u0161anu elast\u012bg\u0101ku apk\u0101rt\u0113jai videi.\" \/>\n<meta name=\"robots\" content=\"index, follow, max-snippet:-1, max-image-preview:large, max-video-preview:-1\" \/>\n<link rel=\"canonical\" href=\"https:\/\/extery.com\/lv\/produkti\/atkritumu-urna-trio-s3\/\" \/>\n<meta property=\"og:locale\" content=\"lv_LV\" \/>\n<meta property=\"og:type\" content=\"article\" \/>\n<meta property=\"og:title\" content=\"atkritumu urna Trio S3 - Extery atkritumu urna no pils\u0113tas m\u0113be\u013cu kolekcijas\" \/>\n<meta property=\"og:description\" content=\"Trio atkritumu urna ir izstr\u0101d\u0101vta, lai vienk\u0101r\u0161otu atkritumu \u0161\u0137iro\u0161anu, savuk\u0101rt produktu saim\u0113 ir pieejamas ar\u012b atsevi\u0161\u0137as atkritumu tvertnes, kas padara produkta izmanto\u0161anu elast\u012bg\u0101ku apk\u0101rt\u0113jai videi.\" \/>\n<meta property=\"og:url\" content=\"https:\/\/extery.com\/lv\/produkti\/atkritumu-urna-trio-s3\/\" \/>\n<meta property=\"og:site_name\" content=\"Extery\" \/>\n<meta property=\"article:modified_time\" content=\"2026-03-19T10:17:39+00:00\" \/>\n<meta property=\"og:image\" content=\"https:\/\/extery.com\/wp-content\/uploads\/2024\/10\/TrioS-3-eest-Extery-linnamoobel-prugikastid-urban-furniture-litter-bin.jpg\" \/>\n\t<meta property=\"og:image:width\" content=\"1875\" \/>\n\t<meta property=\"og:image:height\" content=\"1250\" \/>\n\t<meta property=\"og:image:type\" content=\"image\/jpeg\" \/>\n<meta name=\"twitter:card\" content=\"summary_large_image\" \/>\n<meta name=\"twitter:label1\" content=\"Est. reading time\" \/>\n\t<meta name=\"twitter:data1\" content=\"1 minute\" \/>\n<script type=\"application\/ld+json\" class=\"yoast-schema-graph\">{\"@context\":\"https:\/\/schema.org\",\"@graph\":[{\"@type\":\"WebPage\",\"@id\":\"https:\/\/extery.com\/lv\/produkti\/atkritumu-urna-trio-s3\/\",\"url\":\"https:\/\/extery.com\/lv\/produkti\/atkritumu-urna-trio-s3\/\",\"name\":\"atkritumu urna Trio S3 - Extery atkritumu urna no pils\u0113tas m\u0113be\u013cu kolekcijas\",\"isPartOf\":{\"@id\":\"https:\/\/extery.com\/lv\/#website\"},\"primaryImageOfPage\":{\"@id\":\"https:\/\/extery.com\/lv\/produkti\/atkritumu-urna-trio-s3\/#primaryimage\"},\"image\":{\"@id\":\"https:\/\/extery.com\/lv\/produkti\/atkritumu-urna-trio-s3\/#primaryimage\"},\"thumbnailUrl\":\"https:\/\/extery.com\/wp-content\/uploads\/2024\/10\/TrioS-3-eest-Extery-linnamoobel-prugikastid-urban-furniture-litter-bin.jpg\",\"datePublished\":\"2024-10-14T10:17:36+00:00\",\"dateModified\":\"2026-03-19T10:17:39+00:00\",\"description\":\"Trio atkritumu urna ir izstr\u0101d\u0101vta, lai vienk\u0101r\u0161otu atkritumu \u0161\u0137iro\u0161anu, savuk\u0101rt produktu saim\u0113 ir pieejamas ar\u012b atsevi\u0161\u0137as atkritumu tvertnes, kas padara produkta izmanto\u0161anu elast\u012bg\u0101ku apk\u0101rt\u0113jai videi.\",\"breadcrumb\":{\"@id\":\"https:\/\/extery.com\/lv\/produkti\/atkritumu-urna-trio-s3\/#breadcrumb\"},\"inLanguage\":\"lv-LV\",\"potentialAction\":[{\"@type\":\"ReadAction\",\"target\":[\"https:\/\/extery.com\/lv\/produkti\/atkritumu-urna-trio-s3\/\"]}]},{\"@type\":\"ImageObject\",\"inLanguage\":\"lv-LV\",\"@id\":\"https:\/\/extery.com\/lv\/produkti\/atkritumu-urna-trio-s3\/#primaryimage\",\"url\":\"https:\/\/extery.com\/wp-content\/uploads\/2024\/10\/TrioS-3-eest-Extery-linnamoobel-prugikastid-urban-furniture-litter-bin.jpg\",\"contentUrl\":\"https:\/\/extery.com\/wp-content\/uploads\/2024\/10\/TrioS-3-eest-Extery-linnamoobel-prugikastid-urban-furniture-litter-bin.jpg\",\"width\":1875,\"height\":1250},{\"@type\":\"BreadcrumbList\",\"@id\":\"https:\/\/extery.com\/lv\/produkti\/atkritumu-urna-trio-s3\/#breadcrumb\",\"itemListElement\":[{\"@type\":\"ListItem\",\"position\":1,\"name\":\"Home\",\"item\":\"https:\/\/extery.com\/lv\/\"},{\"@type\":\"ListItem\",\"position\":2,\"name\":\"Produkti\",\"item\":\"https:\/\/extery.com\/lv\/produkti\/\"},{\"@type\":\"ListItem\",\"position\":3,\"name\":\"atkritumu urna Trio S3\"}]},{\"@type\":\"WebSite\",\"@id\":\"https:\/\/extery.com\/lv\/#website\",\"url\":\"https:\/\/extery.com\/lv\/\",\"name\":\"Extery\",\"description\":\"\",\"publisher\":{\"@id\":\"https:\/\/extery.com\/lv\/#organization\"},\"potentialAction\":[{\"@type\":\"SearchAction\",\"target\":{\"@type\":\"EntryPoint\",\"urlTemplate\":\"https:\/\/extery.com\/lv\/?s={search_term_string}\"},\"query-input\":{\"@type\":\"PropertyValueSpecification\",\"valueRequired\":true,\"valueName\":\"search_term_string\"}}],\"inLanguage\":\"lv-LV\"},{\"@type\":\"Organization\",\"@id\":\"https:\/\/extery.com\/lv\/#organization\",\"name\":\"Extery\",\"url\":\"https:\/\/extery.com\/lv\/\",\"logo\":{\"@type\":\"ImageObject\",\"inLanguage\":\"lv-LV\",\"@id\":\"https:\/\/extery.com\/lv\/#\/schema\/logo\/image\/\",\"url\":\"https:\/\/extery.com\/wp-content\/uploads\/2023\/11\/footer-logo.svg\",\"contentUrl\":\"https:\/\/extery.com\/wp-content\/uploads\/2023\/11\/footer-logo.svg\",\"caption\":\"Extery\"},\"image\":{\"@id\":\"https:\/\/extery.com\/lv\/#\/schema\/logo\/image\/\"}}]}<\/script>\n<!-- \/ Yoast SEO plugin. -->","yoast_head_json":{"title":"atkritumu urna Trio S3 - Extery atkritumu urna no pils\u0113tas m\u0113be\u013cu kolekcijas","description":"Trio atkritumu urna ir izstr\u0101d\u0101vta, lai vienk\u0101r\u0161otu atkritumu \u0161\u0137iro\u0161anu, savuk\u0101rt produktu saim\u0113 ir pieejamas ar\u012b atsevi\u0161\u0137as atkritumu tvertnes, kas padara produkta izmanto\u0161anu elast\u012bg\u0101ku apk\u0101rt\u0113jai videi.","robots":{"index":"index","follow":"follow","max-snippet":"max-snippet:-1","max-image-preview":"max-image-preview:large","max-video-preview":"max-video-preview:-1"},"canonical":"https:\/\/extery.com\/lv\/produkti\/atkritumu-urna-trio-s3\/","og_locale":"lv_LV","og_type":"article","og_title":"atkritumu urna Trio S3 - Extery atkritumu urna no pils\u0113tas m\u0113be\u013cu kolekcijas","og_description":"Trio atkritumu urna ir izstr\u0101d\u0101vta, lai vienk\u0101r\u0161otu atkritumu \u0161\u0137iro\u0161anu, savuk\u0101rt produktu saim\u0113 ir pieejamas ar\u012b atsevi\u0161\u0137as atkritumu tvertnes, kas padara produkta izmanto\u0161anu elast\u012bg\u0101ku apk\u0101rt\u0113jai videi.","og_url":"https:\/\/extery.com\/lv\/produkti\/atkritumu-urna-trio-s3\/","og_site_name":"Extery","article_modified_time":"2026-03-19T10:17:39+00:00","og_image":[{"width":1875,"height":1250,"url":"https:\/\/extery.com\/wp-content\/uploads\/2024\/10\/TrioS-3-eest-Extery-linnamoobel-prugikastid-urban-furniture-litter-bin.jpg","type":"image\/jpeg"}],"twitter_card":"summary_large_image","twitter_misc":{"Est. reading time":"1 minute"},"schema":{"@context":"https:\/\/schema.org","@graph":[{"@type":"WebPage","@id":"https:\/\/extery.com\/lv\/produkti\/atkritumu-urna-trio-s3\/","url":"https:\/\/extery.com\/lv\/produkti\/atkritumu-urna-trio-s3\/","name":"atkritumu urna Trio S3 - Extery atkritumu urna no pils\u0113tas m\u0113be\u013cu kolekcijas","isPartOf":{"@id":"https:\/\/extery.com\/lv\/#website"},"primaryImageOfPage":{"@id":"https:\/\/extery.com\/lv\/produkti\/atkritumu-urna-trio-s3\/#primaryimage"},"image":{"@id":"https:\/\/extery.com\/lv\/produkti\/atkritumu-urna-trio-s3\/#primaryimage"},"thumbnailUrl":"https:\/\/extery.com\/wp-content\/uploads\/2024\/10\/TrioS-3-eest-Extery-linnamoobel-prugikastid-urban-furniture-litter-bin.jpg","datePublished":"2024-10-14T10:17:36+00:00","dateModified":"2026-03-19T10:17:39+00:00","description":"Trio atkritumu urna ir izstr\u0101d\u0101vta, lai vienk\u0101r\u0161otu atkritumu \u0161\u0137iro\u0161anu, savuk\u0101rt produktu saim\u0113 ir pieejamas ar\u012b atsevi\u0161\u0137as atkritumu tvertnes, kas padara produkta izmanto\u0161anu elast\u012bg\u0101ku apk\u0101rt\u0113jai videi.","breadcrumb":{"@id":"https:\/\/extery.com\/lv\/produkti\/atkritumu-urna-trio-s3\/#breadcrumb"},"inLanguage":"lv-LV","potentialAction":[{"@type":"ReadAction","target":["https:\/\/extery.com\/lv\/produkti\/atkritumu-urna-trio-s3\/"]}]},{"@type":"ImageObject","inLanguage":"lv-LV","@id":"https:\/\/extery.com\/lv\/produkti\/atkritumu-urna-trio-s3\/#primaryimage","url":"https:\/\/extery.com\/wp-content\/uploads\/2024\/10\/TrioS-3-eest-Extery-linnamoobel-prugikastid-urban-furniture-litter-bin.jpg","contentUrl":"https:\/\/extery.com\/wp-content\/uploads\/2024\/10\/TrioS-3-eest-Extery-linnamoobel-prugikastid-urban-furniture-litter-bin.jpg","width":1875,"height":1250},{"@type":"BreadcrumbList","@id":"https:\/\/extery.com\/lv\/produkti\/atkritumu-urna-trio-s3\/#breadcrumb","itemListElement":[{"@type":"ListItem","position":1,"name":"Home","item":"https:\/\/extery.com\/lv\/"},{"@type":"ListItem","position":2,"name":"Produkti","item":"https:\/\/extery.com\/lv\/produkti\/"},{"@type":"ListItem","position":3,"name":"atkritumu urna Trio S3"}]},{"@type":"WebSite","@id":"https:\/\/extery.com\/lv\/#website","url":"https:\/\/extery.com\/lv\/","name":"Extery","description":"","publisher":{"@id":"https:\/\/extery.com\/lv\/#organization"},"potentialAction":[{"@type":"SearchAction","target":{"@type":"EntryPoint","urlTemplate":"https:\/\/extery.com\/lv\/?s={search_term_string}"},"query-input":{"@type":"PropertyValueSpecification","valueRequired":true,"valueName":"search_term_string"}}],"inLanguage":"lv-LV"},{"@type":"Organization","@id":"https:\/\/extery.com\/lv\/#organization","name":"Extery","url":"https:\/\/extery.com\/lv\/","logo":{"@type":"ImageObject","inLanguage":"lv-LV","@id":"https:\/\/extery.com\/lv\/#\/schema\/logo\/image\/","url":"https:\/\/extery.com\/wp-content\/uploads\/2023\/11\/footer-logo.svg","contentUrl":"https:\/\/extery.com\/wp-content\/uploads\/2023\/11\/footer-logo.svg","caption":"Extery"},"image":{"@id":"https:\/\/extery.com\/lv\/#\/schema\/logo\/image\/"}}]}},"_links":{"self":[{"href":"https:\/\/extery.com\/lv\/wp-json\/wp\/v2\/product\/53225","targetHints":{"allow":["GET"]}}],"collection":[{"href":"https:\/\/extery.com\/lv\/wp-json\/wp\/v2\/product"}],"about":[{"href":"https:\/\/extery.com\/lv\/wp-json\/wp\/v2\/types\/product"}],"replies":[{"embeddable":true,"href":"https:\/\/extery.com\/lv\/wp-json\/wp\/v2\/comments?post=53225"}],"wp:featuredmedia":[{"embeddable":true,"href":"https:\/\/extery.com\/lv\/wp-json\/wp\/v2\/media\/53197"}],"wp:attachment":[{"href":"https:\/\/extery.com\/lv\/wp-json\/wp\/v2\/media?parent=53225"}],"wp:term":[{"taxonomy":"product_brand","embeddable":true,"href":"https:\/\/extery.com\/lv\/wp-json\/wp\/v2\/product_brand?post=53225"},{"taxonomy":"product_cat","embeddable":true,"href":"https:\/\/extery.com\/lv\/wp-json\/wp\/v2\/product_cat?post=53225"},{"taxonomy":"product_tag","embeddable":true,"href":"https:\/\/extery.com\/lv\/wp-json\/wp\/v2\/product_tag?post=53225"}],"curies":[{"name":"wp","href":"https:\/\/api.w.org\/{rel}","templated":true}]}}