{"id":54564,"date":"2025-05-21T08:57:12","date_gmt":"2025-05-21T08:57:12","guid":{"rendered":"https:\/\/extery.com\/?post_type=product&#038;p=54564"},"modified":"2026-04-13T11:20:34","modified_gmt":"2026-04-13T11:20:34","slug":"modulu-sols-jada-set21","status":"publish","type":"product","link":"https:\/\/extery.com\/lv\/produkti\/modulu-sols-jada-set21\/","title":{"rendered":"modu\u013cu sols JADA SET21"},"content":{"rendered":"<p>Parka sols JADA SET21 ir kombin\u0101cija no Jada atp\u016btas kr\u0113sla modu\u013ciem un Jada augu <span data-teams=\"true\">kast\u0113m<\/span>. Visu komplektu var padar\u012bt personisk\u0101ku, pievienojot citus Jada modu\u013cus.<\/p>\n<p>Jada ir modu\u013cu pils\u0113tas m\u0113be\u013cu sist\u0113ma no Extery urban m\u0113be\u013cu kolekcijas, kas \u013cauj viegli izveidot piln\u012bgas atp\u016btas zonas. Jada var izmantot, lai izveidotu bezgal\u012bgas kombin\u0101cijas, lai nokl\u0101tu laukumu apmales, izk\u0101rtotu l\u012bkumotus g\u0101j\u0113ju celi\u0146us vai aizpild\u012btu laukumu ar p\u0101rsteidzo\u0161\u0101m form\u0101m. Atzveltnes var novietot gan blakus, gan pret\u012b, radot gu\u013cvietas vai izol\u0101ciju. Papildinot modu\u013cus ar galdiem var veidot omul\u012bgas priv\u0101tas atp\u016btas zonas vai tie\u0161i pret\u0113ji modu\u013cus ar galdiem apvienot zonas veidojot pat\u012bkam\u0101s pulc\u0113\u0161an\u0101s viet\u0101s, veicinot socializ\u0113\u0161anos.<\/p>\n<p>Vair\u0101k risin\u0101jumus atrad\u012bsi <span style=\"color: #0000ff;\"><strong><a style=\"color: #0000ff;\" href=\"https:\/\/extery.com\/lv\/Produktu-kategorijas\/modulu-soli-lv\/\">\u0161eit<\/a><\/strong><\/span> vai darba lap\u0101s.<\/p>\n<p>Pla\u0161\u0101ku inform\u0101ciju par Jada augu <span data-teams=\"true\">kast\u0113m<\/span> vari atrast <span style=\"color: #0000ff;\"><a style=\"color: #0000ff;\" href=\"https:\/\/extery.com\/lv\/produkti\/augu-kaste-jada\/\">\u0161eit<\/a><\/span>.<\/p>\n","protected":false},"excerpt":{"rendered":"<p>Parka sols JADA SET21 ir kombin\u0101cija no Jada atp\u016btas kr\u0113sla modu\u013ciem un Jada augu kast\u0113m. Visu komplektu var padar\u012bt personisk\u0101ku, pievienojot citus Jada modu\u013cus. Jada ir modu\u013cu pils\u0113tas m\u0113be\u013cu sist\u0113ma no Extery urban m\u0113be\u013cu kolekcijas, kas \u013cauj viegli izveidot piln\u012bgas atp\u016btas zonas. Jada var izmantot, lai izveidotu bezgal\u012bgas kombin\u0101cijas, lai nokl\u0101tu laukumu apmales, izk\u0101rtotu l\u012bkumotus [&hellip;]<\/p>\n","protected":false},"featured_media":54480,"comment_status":"open","ping_status":"closed","template":"","meta":{"_acf_changed":false},"product_brand":[],"product_cat":[98,114],"product_tag":[353],"class_list":{"0":"post-54564","1":"product","2":"type-product","3":"status-publish","4":"has-post-thumbnail","6":"product_cat-solini-ar-atzveltnem-lv","7":"product_cat-modulu-soli-lv","8":"product_tag-jaunums","9":"product-family-jada-lv","11":"first","12":"instock","13":"shipping-taxable","14":"product-type-simple"},"acf":[],"yoast_head":"<!-- This site is optimized with the Yoast SEO plugin v26.4 - https:\/\/yoast.com\/wordpress\/plugins\/seo\/ -->\n<title>modu\u013cu sols JADA SET21 - Extery pils\u0113tas m\u0113beles<\/title>\n<meta name=\"description\" content=\"Parka sols JADA SET21 ir viens no nebeidzamiem modu\u013cu pils\u0113tas m\u0113be\u013cu sist\u0113mas variantiem. Apskati citus komplektus m\u016bsu m\u0101jaslap\u0101!\" \/>\n<meta name=\"robots\" content=\"index, follow, max-snippet:-1, max-image-preview:large, max-video-preview:-1\" \/>\n<link rel=\"canonical\" href=\"https:\/\/extery.com\/lv\/produkti\/modulu-sols-jada-set21\/\" \/>\n<meta property=\"og:locale\" content=\"lv_LV\" \/>\n<meta property=\"og:type\" content=\"article\" \/>\n<meta property=\"og:title\" content=\"modu\u013cu sols JADA SET21 - Extery pils\u0113tas m\u0113beles\" \/>\n<meta property=\"og:description\" content=\"Parka sols JADA SET21 ir viens no nebeidzamiem modu\u013cu pils\u0113tas m\u0113be\u013cu sist\u0113mas variantiem. Apskati citus komplektus m\u016bsu m\u0101jaslap\u0101!\" \/>\n<meta property=\"og:url\" content=\"https:\/\/extery.com\/lv\/produkti\/modulu-sols-jada-set21\/\" \/>\n<meta property=\"og:site_name\" content=\"Extery\" \/>\n<meta property=\"article:modified_time\" content=\"2026-04-13T11:20:34+00:00\" \/>\n<meta property=\"og:image\" content=\"https:\/\/extery.com\/wp-content\/uploads\/2025\/05\/Jada-21-EXTERY-park-bench-urban-furniture-vaike.jpg\" \/>\n\t<meta property=\"og:image:width\" content=\"1700\" \/>\n\t<meta property=\"og:image:height\" content=\"1176\" \/>\n\t<meta property=\"og:image:type\" content=\"image\/jpeg\" \/>\n<meta name=\"twitter:card\" content=\"summary_large_image\" \/>\n<meta name=\"twitter:label1\" content=\"Est. reading time\" \/>\n\t<meta name=\"twitter:data1\" content=\"1 minute\" \/>\n<script type=\"application\/ld+json\" class=\"yoast-schema-graph\">{\"@context\":\"https:\/\/schema.org\",\"@graph\":[{\"@type\":\"WebPage\",\"@id\":\"https:\/\/extery.com\/lv\/produkti\/modulu-sols-jada-set21\/\",\"url\":\"https:\/\/extery.com\/lv\/produkti\/modulu-sols-jada-set21\/\",\"name\":\"modu\u013cu sols JADA SET21 - Extery pils\u0113tas m\u0113beles\",\"isPartOf\":{\"@id\":\"https:\/\/extery.com\/lv\/#website\"},\"primaryImageOfPage\":{\"@id\":\"https:\/\/extery.com\/lv\/produkti\/modulu-sols-jada-set21\/#primaryimage\"},\"image\":{\"@id\":\"https:\/\/extery.com\/lv\/produkti\/modulu-sols-jada-set21\/#primaryimage\"},\"thumbnailUrl\":\"https:\/\/extery.com\/wp-content\/uploads\/2025\/05\/Jada-21-EXTERY-park-bench-urban-furniture-vaike.jpg\",\"datePublished\":\"2025-05-21T08:57:12+00:00\",\"dateModified\":\"2026-04-13T11:20:34+00:00\",\"description\":\"Parka sols JADA SET21 ir viens no nebeidzamiem modu\u013cu pils\u0113tas m\u0113be\u013cu sist\u0113mas variantiem. Apskati citus komplektus m\u016bsu m\u0101jaslap\u0101!\",\"breadcrumb\":{\"@id\":\"https:\/\/extery.com\/lv\/produkti\/modulu-sols-jada-set21\/#breadcrumb\"},\"inLanguage\":\"lv-LV\",\"potentialAction\":[{\"@type\":\"ReadAction\",\"target\":[\"https:\/\/extery.com\/lv\/produkti\/modulu-sols-jada-set21\/\"]}]},{\"@type\":\"ImageObject\",\"inLanguage\":\"lv-LV\",\"@id\":\"https:\/\/extery.com\/lv\/produkti\/modulu-sols-jada-set21\/#primaryimage\",\"url\":\"https:\/\/extery.com\/wp-content\/uploads\/2025\/05\/Jada-21-EXTERY-park-bench-urban-furniture-vaike.jpg\",\"contentUrl\":\"https:\/\/extery.com\/wp-content\/uploads\/2025\/05\/Jada-21-EXTERY-park-bench-urban-furniture-vaike.jpg\",\"width\":1700,\"height\":1176},{\"@type\":\"BreadcrumbList\",\"@id\":\"https:\/\/extery.com\/lv\/produkti\/modulu-sols-jada-set21\/#breadcrumb\",\"itemListElement\":[{\"@type\":\"ListItem\",\"position\":1,\"name\":\"Home\",\"item\":\"https:\/\/extery.com\/lv\/\"},{\"@type\":\"ListItem\",\"position\":2,\"name\":\"Produkti\",\"item\":\"https:\/\/extery.com\/lv\/produkti\/\"},{\"@type\":\"ListItem\",\"position\":3,\"name\":\"modu\u013cu sols JADA SET21\"}]},{\"@type\":\"WebSite\",\"@id\":\"https:\/\/extery.com\/lv\/#website\",\"url\":\"https:\/\/extery.com\/lv\/\",\"name\":\"Extery\",\"description\":\"\",\"publisher\":{\"@id\":\"https:\/\/extery.com\/lv\/#organization\"},\"potentialAction\":[{\"@type\":\"SearchAction\",\"target\":{\"@type\":\"EntryPoint\",\"urlTemplate\":\"https:\/\/extery.com\/lv\/?s={search_term_string}\"},\"query-input\":{\"@type\":\"PropertyValueSpecification\",\"valueRequired\":true,\"valueName\":\"search_term_string\"}}],\"inLanguage\":\"lv-LV\"},{\"@type\":\"Organization\",\"@id\":\"https:\/\/extery.com\/lv\/#organization\",\"name\":\"Extery\",\"url\":\"https:\/\/extery.com\/lv\/\",\"logo\":{\"@type\":\"ImageObject\",\"inLanguage\":\"lv-LV\",\"@id\":\"https:\/\/extery.com\/lv\/#\/schema\/logo\/image\/\",\"url\":\"https:\/\/extery.com\/wp-content\/uploads\/2023\/11\/footer-logo.svg\",\"contentUrl\":\"https:\/\/extery.com\/wp-content\/uploads\/2023\/11\/footer-logo.svg\",\"caption\":\"Extery\"},\"image\":{\"@id\":\"https:\/\/extery.com\/lv\/#\/schema\/logo\/image\/\"}}]}<\/script>\n<!-- \/ Yoast SEO plugin. -->","yoast_head_json":{"title":"modu\u013cu sols JADA SET21 - Extery pils\u0113tas m\u0113beles","description":"Parka sols JADA SET21 ir viens no nebeidzamiem modu\u013cu pils\u0113tas m\u0113be\u013cu sist\u0113mas variantiem. Apskati citus komplektus m\u016bsu m\u0101jaslap\u0101!","robots":{"index":"index","follow":"follow","max-snippet":"max-snippet:-1","max-image-preview":"max-image-preview:large","max-video-preview":"max-video-preview:-1"},"canonical":"https:\/\/extery.com\/lv\/produkti\/modulu-sols-jada-set21\/","og_locale":"lv_LV","og_type":"article","og_title":"modu\u013cu sols JADA SET21 - Extery pils\u0113tas m\u0113beles","og_description":"Parka sols JADA SET21 ir viens no nebeidzamiem modu\u013cu pils\u0113tas m\u0113be\u013cu sist\u0113mas variantiem. Apskati citus komplektus m\u016bsu m\u0101jaslap\u0101!","og_url":"https:\/\/extery.com\/lv\/produkti\/modulu-sols-jada-set21\/","og_site_name":"Extery","article_modified_time":"2026-04-13T11:20:34+00:00","og_image":[{"width":1700,"height":1176,"url":"https:\/\/extery.com\/wp-content\/uploads\/2025\/05\/Jada-21-EXTERY-park-bench-urban-furniture-vaike.jpg","type":"image\/jpeg"}],"twitter_card":"summary_large_image","twitter_misc":{"Est. reading time":"1 minute"},"schema":{"@context":"https:\/\/schema.org","@graph":[{"@type":"WebPage","@id":"https:\/\/extery.com\/lv\/produkti\/modulu-sols-jada-set21\/","url":"https:\/\/extery.com\/lv\/produkti\/modulu-sols-jada-set21\/","name":"modu\u013cu sols JADA SET21 - Extery pils\u0113tas m\u0113beles","isPartOf":{"@id":"https:\/\/extery.com\/lv\/#website"},"primaryImageOfPage":{"@id":"https:\/\/extery.com\/lv\/produkti\/modulu-sols-jada-set21\/#primaryimage"},"image":{"@id":"https:\/\/extery.com\/lv\/produkti\/modulu-sols-jada-set21\/#primaryimage"},"thumbnailUrl":"https:\/\/extery.com\/wp-content\/uploads\/2025\/05\/Jada-21-EXTERY-park-bench-urban-furniture-vaike.jpg","datePublished":"2025-05-21T08:57:12+00:00","dateModified":"2026-04-13T11:20:34+00:00","description":"Parka sols JADA SET21 ir viens no nebeidzamiem modu\u013cu pils\u0113tas m\u0113be\u013cu sist\u0113mas variantiem. Apskati citus komplektus m\u016bsu m\u0101jaslap\u0101!","breadcrumb":{"@id":"https:\/\/extery.com\/lv\/produkti\/modulu-sols-jada-set21\/#breadcrumb"},"inLanguage":"lv-LV","potentialAction":[{"@type":"ReadAction","target":["https:\/\/extery.com\/lv\/produkti\/modulu-sols-jada-set21\/"]}]},{"@type":"ImageObject","inLanguage":"lv-LV","@id":"https:\/\/extery.com\/lv\/produkti\/modulu-sols-jada-set21\/#primaryimage","url":"https:\/\/extery.com\/wp-content\/uploads\/2025\/05\/Jada-21-EXTERY-park-bench-urban-furniture-vaike.jpg","contentUrl":"https:\/\/extery.com\/wp-content\/uploads\/2025\/05\/Jada-21-EXTERY-park-bench-urban-furniture-vaike.jpg","width":1700,"height":1176},{"@type":"BreadcrumbList","@id":"https:\/\/extery.com\/lv\/produkti\/modulu-sols-jada-set21\/#breadcrumb","itemListElement":[{"@type":"ListItem","position":1,"name":"Home","item":"https:\/\/extery.com\/lv\/"},{"@type":"ListItem","position":2,"name":"Produkti","item":"https:\/\/extery.com\/lv\/produkti\/"},{"@type":"ListItem","position":3,"name":"modu\u013cu sols JADA SET21"}]},{"@type":"WebSite","@id":"https:\/\/extery.com\/lv\/#website","url":"https:\/\/extery.com\/lv\/","name":"Extery","description":"","publisher":{"@id":"https:\/\/extery.com\/lv\/#organization"},"potentialAction":[{"@type":"SearchAction","target":{"@type":"EntryPoint","urlTemplate":"https:\/\/extery.com\/lv\/?s={search_term_string}"},"query-input":{"@type":"PropertyValueSpecification","valueRequired":true,"valueName":"search_term_string"}}],"inLanguage":"lv-LV"},{"@type":"Organization","@id":"https:\/\/extery.com\/lv\/#organization","name":"Extery","url":"https:\/\/extery.com\/lv\/","logo":{"@type":"ImageObject","inLanguage":"lv-LV","@id":"https:\/\/extery.com\/lv\/#\/schema\/logo\/image\/","url":"https:\/\/extery.com\/wp-content\/uploads\/2023\/11\/footer-logo.svg","contentUrl":"https:\/\/extery.com\/wp-content\/uploads\/2023\/11\/footer-logo.svg","caption":"Extery"},"image":{"@id":"https:\/\/extery.com\/lv\/#\/schema\/logo\/image\/"}}]}},"_links":{"self":[{"href":"https:\/\/extery.com\/lv\/wp-json\/wp\/v2\/product\/54564","targetHints":{"allow":["GET"]}}],"collection":[{"href":"https:\/\/extery.com\/lv\/wp-json\/wp\/v2\/product"}],"about":[{"href":"https:\/\/extery.com\/lv\/wp-json\/wp\/v2\/types\/product"}],"replies":[{"embeddable":true,"href":"https:\/\/extery.com\/lv\/wp-json\/wp\/v2\/comments?post=54564"}],"wp:featuredmedia":[{"embeddable":true,"href":"https:\/\/extery.com\/lv\/wp-json\/wp\/v2\/media\/54480"}],"wp:attachment":[{"href":"https:\/\/extery.com\/lv\/wp-json\/wp\/v2\/media?parent=54564"}],"wp:term":[{"taxonomy":"product_brand","embeddable":true,"href":"https:\/\/extery.com\/lv\/wp-json\/wp\/v2\/product_brand?post=54564"},{"taxonomy":"product_cat","embeddable":true,"href":"https:\/\/extery.com\/lv\/wp-json\/wp\/v2\/product_cat?post=54564"},{"taxonomy":"product_tag","embeddable":true,"href":"https:\/\/extery.com\/lv\/wp-json\/wp\/v2\/product_tag?post=54564"}],"curies":[{"name":"wp","href":"https:\/\/api.w.org\/{rel}","templated":true}]}}