{"id":56328,"date":"2026-02-03T12:31:46","date_gmt":"2026-02-03T12:31:46","guid":{"rendered":"https:\/\/extery.com\/?post_type=product&#038;p=56328"},"modified":"2026-04-07T12:43:59","modified_gmt":"2026-04-07T12:43:59","slug":"hula-grozams-augstais-kresls","status":"publish","type":"product","link":"https:\/\/extery.com\/lv\/produkti\/hula-grozams-augstais-kresls\/","title":{"rendered":"Hula groz\u0101ms augstais kr\u0113sls"},"content":{"rendered":"<p>Hula rot\u0113jo\u0161ais s\u0113\u017eamo m\u0113be\u013cu risin\u0101jums \u0101rtelp\u0101 ienes to, ko pils\u0113tvides m\u0113beles parasti nesp\u0113j \u2013 kust\u012bbu.<\/p>\n<p>Hula grie\u017eas, lai tu var\u0113tu no\u0137ert sauli jebkur\u0101 laik\u0101 \u2013 uz kreis\u0101 vai lab\u0101 vaiga, vai uz atv\u0113rtas gr\u0101matas lappuses. Lai atrastu \u0113nu viedierces ekr\u0101nam, izvair\u012btos no v\u0113ja vai, glu\u017ei pret\u0113ji, to sagaid\u012btu. Lai v\u0113rotu gar\u0101mg\u0101j\u0113jus vai pagrieztos ar muguru un uz br\u012bdi pazustu. Sekot automa\u0161\u012bn\u0101m un velobrauc\u0113jiem vai izv\u0113l\u0113ties neskat\u012bties nemaz. Maigi iegriezties pie galda vai vienk\u0101r\u0161i griezties \u2013 tikai prieka p\u0113c.<\/p>\n<p>Hula nav tikai viens kr\u0113sls, bet gan \u010detru at\u0161\u0137ir\u012bgu produktu kopums. Groz\u0101mie s\u0113dek\u013ci ir pieejami tr\u012bs augstumos: \u0113rts zems atp\u016btas kr\u0113sls ar zem\u0101ku vai augst\u0101ku atzveltni, galda augstumam piem\u0113rots s\u0113deklis, k\u0101 ar\u012b augsts kr\u0113sls augst\u0101m let\u0113m &#8211; katram savs raksturs un pielietojums.<\/p>\n<p>Atkl\u0101j <span style=\"color: #0000ff;\"><strong><a style=\"color: #0000ff;\" href=\"https:\/\/extery.com\/lv\/produktu-grupas\/#hula-lv\">\u0161eit<\/a><\/strong><\/span> citus Hula saimes locek\u013cus.<\/p>\n","protected":false},"excerpt":{"rendered":"<p>Hula rot\u0113jo\u0161ais s\u0113\u017eamo m\u0113be\u013cu risin\u0101jums \u0101rtelp\u0101 ienes to, ko pils\u0113tvides m\u0113beles parasti nesp\u0113j \u2013 kust\u012bbu. Hula grie\u017eas, lai tu var\u0113tu no\u0137ert sauli jebkur\u0101 laik\u0101 \u2013 uz kreis\u0101 vai lab\u0101 vaiga, vai uz atv\u0113rtas gr\u0101matas lappuses. Lai atrastu \u0113nu viedierces ekr\u0101nam, izvair\u012btos no v\u0113ja vai, glu\u017ei pret\u0113ji, to sagaid\u012btu. Lai v\u0113rotu gar\u0101mg\u0101j\u0113jus vai pagrieztos ar muguru [&hellip;]<\/p>\n","protected":false},"featured_media":55982,"comment_status":"closed","ping_status":"closed","template":"","meta":{"_acf_changed":false},"product_brand":[],"product_cat":[108],"product_tag":[353],"class_list":{"0":"post-56328","1":"product","2":"type-product","3":"status-publish","4":"has-post-thumbnail","6":"product_cat-kresli-lv","7":"product_tag-jaunums","8":"product-family-hula","10":"first","11":"instock","12":"shipping-taxable","13":"product-type-simple"},"acf":[],"yoast_head":"<!-- This site is optimized with the Yoast SEO plugin v26.4 - https:\/\/yoast.com\/wordpress\/plugins\/seo\/ -->\n<title>Hula groz\u0101ms augstais kr\u0113sls - Extery pils\u0113tas m\u0113beles<\/title>\n<meta name=\"description\" content=\"Hula groz\u0101ms augstais kr\u0113sls ir augsts groz\u0101ms s\u0113deklis, kas paredz\u0113ts let\u0113m ja paaugstin\u0101t\u0101m virsm\u0101m, lisades pils\u0113tvid\u0113 dinamiku ja elast\u012bbu.\" \/>\n<meta name=\"robots\" content=\"index, follow, max-snippet:-1, max-image-preview:large, max-video-preview:-1\" \/>\n<link rel=\"canonical\" href=\"https:\/\/extery.com\/lv\/produkti\/hula-grozams-augstais-kresls\/\" \/>\n<meta property=\"og:locale\" content=\"lv_LV\" \/>\n<meta property=\"og:type\" content=\"article\" \/>\n<meta property=\"og:title\" content=\"Hula groz\u0101ms augstais kr\u0113sls - Extery pils\u0113tas m\u0113beles\" \/>\n<meta property=\"og:description\" content=\"Hula groz\u0101ms augstais kr\u0113sls ir augsts groz\u0101ms s\u0113deklis, kas paredz\u0113ts let\u0113m ja paaugstin\u0101t\u0101m virsm\u0101m, lisades pils\u0113tvid\u0113 dinamiku ja elast\u012bbu.\" \/>\n<meta property=\"og:url\" content=\"https:\/\/extery.com\/lv\/produkti\/hula-grozams-augstais-kresls\/\" \/>\n<meta property=\"og:site_name\" content=\"Extery\" \/>\n<meta property=\"article:modified_time\" content=\"2026-04-07T12:43:59+00:00\" \/>\n<meta property=\"og:image\" content=\"https:\/\/extery.com\/wp-content\/uploads\/2026\/02\/Hula-pukktool-v1-EXTERY-urban-furniture-park-bench-pargipink-puistonpenkki-sols.jpg\" \/>\n\t<meta property=\"og:image:width\" content=\"1100\" \/>\n\t<meta property=\"og:image:height\" content=\"733\" \/>\n\t<meta property=\"og:image:type\" content=\"image\/jpeg\" \/>\n<meta name=\"twitter:card\" content=\"summary_large_image\" \/>\n<meta name=\"twitter:label1\" content=\"Est. reading time\" \/>\n\t<meta name=\"twitter:data1\" content=\"1 minute\" \/>\n<script type=\"application\/ld+json\" class=\"yoast-schema-graph\">{\"@context\":\"https:\/\/schema.org\",\"@graph\":[{\"@type\":\"WebPage\",\"@id\":\"https:\/\/extery.com\/lv\/produkti\/hula-grozams-augstais-kresls\/\",\"url\":\"https:\/\/extery.com\/lv\/produkti\/hula-grozams-augstais-kresls\/\",\"name\":\"Hula groz\u0101ms augstais kr\u0113sls - Extery pils\u0113tas m\u0113beles\",\"isPartOf\":{\"@id\":\"https:\/\/extery.com\/lv\/#website\"},\"primaryImageOfPage\":{\"@id\":\"https:\/\/extery.com\/lv\/produkti\/hula-grozams-augstais-kresls\/#primaryimage\"},\"image\":{\"@id\":\"https:\/\/extery.com\/lv\/produkti\/hula-grozams-augstais-kresls\/#primaryimage\"},\"thumbnailUrl\":\"https:\/\/extery.com\/wp-content\/uploads\/2026\/02\/Hula-pukktool-v1-EXTERY-urban-furniture-park-bench-pargipink-puistonpenkki-sols.jpg\",\"datePublished\":\"2026-02-03T12:31:46+00:00\",\"dateModified\":\"2026-04-07T12:43:59+00:00\",\"description\":\"Hula groz\u0101ms augstais kr\u0113sls ir augsts groz\u0101ms s\u0113deklis, kas paredz\u0113ts let\u0113m ja paaugstin\u0101t\u0101m virsm\u0101m, lisades pils\u0113tvid\u0113 dinamiku ja elast\u012bbu.\",\"breadcrumb\":{\"@id\":\"https:\/\/extery.com\/lv\/produkti\/hula-grozams-augstais-kresls\/#breadcrumb\"},\"inLanguage\":\"lv-LV\",\"potentialAction\":[{\"@type\":\"ReadAction\",\"target\":[\"https:\/\/extery.com\/lv\/produkti\/hula-grozams-augstais-kresls\/\"]}]},{\"@type\":\"ImageObject\",\"inLanguage\":\"lv-LV\",\"@id\":\"https:\/\/extery.com\/lv\/produkti\/hula-grozams-augstais-kresls\/#primaryimage\",\"url\":\"https:\/\/extery.com\/wp-content\/uploads\/2026\/02\/Hula-pukktool-v1-EXTERY-urban-furniture-park-bench-pargipink-puistonpenkki-sols.jpg\",\"contentUrl\":\"https:\/\/extery.com\/wp-content\/uploads\/2026\/02\/Hula-pukktool-v1-EXTERY-urban-furniture-park-bench-pargipink-puistonpenkki-sols.jpg\",\"width\":1100,\"height\":733,\"caption\":\"EXTERY pils\u0113tvides m\u0113beles, pils\u0113tvides m\u0113be\u013cu ra\u017eot\u0101js, publisk\u0101s telpas m\u0113beles, ielu m\u0113beles, parka soli, \u0101ra m\u0113beles, publisk\u0101 s\u0113dm\u0113bele, pils\u0113tas m\u0113beles, ainavu m\u0113beles, parka sols, modul\u0101ri soli, ilgm\u016b\u017e\u012bgas \u0101ra m\u0113beles, vand\u0101lisma iztur\u012bgas m\u0113beles, m\u0113beles publiskaj\u0101m telp\u0101m, groz\u0101ms kr\u0113sls, rot\u0113jo\u0161s kr\u0113sls\"},{\"@type\":\"BreadcrumbList\",\"@id\":\"https:\/\/extery.com\/lv\/produkti\/hula-grozams-augstais-kresls\/#breadcrumb\",\"itemListElement\":[{\"@type\":\"ListItem\",\"position\":1,\"name\":\"Home\",\"item\":\"https:\/\/extery.com\/lv\/\"},{\"@type\":\"ListItem\",\"position\":2,\"name\":\"Produkti\",\"item\":\"https:\/\/extery.com\/lv\/produkti\/\"},{\"@type\":\"ListItem\",\"position\":3,\"name\":\"Hula groz\u0101ms augstais kr\u0113sls\"}]},{\"@type\":\"WebSite\",\"@id\":\"https:\/\/extery.com\/lv\/#website\",\"url\":\"https:\/\/extery.com\/lv\/\",\"name\":\"Extery\",\"description\":\"\",\"publisher\":{\"@id\":\"https:\/\/extery.com\/lv\/#organization\"},\"potentialAction\":[{\"@type\":\"SearchAction\",\"target\":{\"@type\":\"EntryPoint\",\"urlTemplate\":\"https:\/\/extery.com\/lv\/?s={search_term_string}\"},\"query-input\":{\"@type\":\"PropertyValueSpecification\",\"valueRequired\":true,\"valueName\":\"search_term_string\"}}],\"inLanguage\":\"lv-LV\"},{\"@type\":\"Organization\",\"@id\":\"https:\/\/extery.com\/lv\/#organization\",\"name\":\"Extery\",\"url\":\"https:\/\/extery.com\/lv\/\",\"logo\":{\"@type\":\"ImageObject\",\"inLanguage\":\"lv-LV\",\"@id\":\"https:\/\/extery.com\/lv\/#\/schema\/logo\/image\/\",\"url\":\"https:\/\/extery.com\/wp-content\/uploads\/2023\/11\/footer-logo.svg\",\"contentUrl\":\"https:\/\/extery.com\/wp-content\/uploads\/2023\/11\/footer-logo.svg\",\"caption\":\"Extery\"},\"image\":{\"@id\":\"https:\/\/extery.com\/lv\/#\/schema\/logo\/image\/\"}}]}<\/script>\n<!-- \/ Yoast SEO plugin. -->","yoast_head_json":{"title":"Hula groz\u0101ms augstais kr\u0113sls - Extery pils\u0113tas m\u0113beles","description":"Hula groz\u0101ms augstais kr\u0113sls ir augsts groz\u0101ms s\u0113deklis, kas paredz\u0113ts let\u0113m ja paaugstin\u0101t\u0101m virsm\u0101m, lisades pils\u0113tvid\u0113 dinamiku ja elast\u012bbu.","robots":{"index":"index","follow":"follow","max-snippet":"max-snippet:-1","max-image-preview":"max-image-preview:large","max-video-preview":"max-video-preview:-1"},"canonical":"https:\/\/extery.com\/lv\/produkti\/hula-grozams-augstais-kresls\/","og_locale":"lv_LV","og_type":"article","og_title":"Hula groz\u0101ms augstais kr\u0113sls - Extery pils\u0113tas m\u0113beles","og_description":"Hula groz\u0101ms augstais kr\u0113sls ir augsts groz\u0101ms s\u0113deklis, kas paredz\u0113ts let\u0113m ja paaugstin\u0101t\u0101m virsm\u0101m, lisades pils\u0113tvid\u0113 dinamiku ja elast\u012bbu.","og_url":"https:\/\/extery.com\/lv\/produkti\/hula-grozams-augstais-kresls\/","og_site_name":"Extery","article_modified_time":"2026-04-07T12:43:59+00:00","og_image":[{"width":1100,"height":733,"url":"https:\/\/extery.com\/wp-content\/uploads\/2026\/02\/Hula-pukktool-v1-EXTERY-urban-furniture-park-bench-pargipink-puistonpenkki-sols.jpg","type":"image\/jpeg"}],"twitter_card":"summary_large_image","twitter_misc":{"Est. reading time":"1 minute"},"schema":{"@context":"https:\/\/schema.org","@graph":[{"@type":"WebPage","@id":"https:\/\/extery.com\/lv\/produkti\/hula-grozams-augstais-kresls\/","url":"https:\/\/extery.com\/lv\/produkti\/hula-grozams-augstais-kresls\/","name":"Hula groz\u0101ms augstais kr\u0113sls - Extery pils\u0113tas m\u0113beles","isPartOf":{"@id":"https:\/\/extery.com\/lv\/#website"},"primaryImageOfPage":{"@id":"https:\/\/extery.com\/lv\/produkti\/hula-grozams-augstais-kresls\/#primaryimage"},"image":{"@id":"https:\/\/extery.com\/lv\/produkti\/hula-grozams-augstais-kresls\/#primaryimage"},"thumbnailUrl":"https:\/\/extery.com\/wp-content\/uploads\/2026\/02\/Hula-pukktool-v1-EXTERY-urban-furniture-park-bench-pargipink-puistonpenkki-sols.jpg","datePublished":"2026-02-03T12:31:46+00:00","dateModified":"2026-04-07T12:43:59+00:00","description":"Hula groz\u0101ms augstais kr\u0113sls ir augsts groz\u0101ms s\u0113deklis, kas paredz\u0113ts let\u0113m ja paaugstin\u0101t\u0101m virsm\u0101m, lisades pils\u0113tvid\u0113 dinamiku ja elast\u012bbu.","breadcrumb":{"@id":"https:\/\/extery.com\/lv\/produkti\/hula-grozams-augstais-kresls\/#breadcrumb"},"inLanguage":"lv-LV","potentialAction":[{"@type":"ReadAction","target":["https:\/\/extery.com\/lv\/produkti\/hula-grozams-augstais-kresls\/"]}]},{"@type":"ImageObject","inLanguage":"lv-LV","@id":"https:\/\/extery.com\/lv\/produkti\/hula-grozams-augstais-kresls\/#primaryimage","url":"https:\/\/extery.com\/wp-content\/uploads\/2026\/02\/Hula-pukktool-v1-EXTERY-urban-furniture-park-bench-pargipink-puistonpenkki-sols.jpg","contentUrl":"https:\/\/extery.com\/wp-content\/uploads\/2026\/02\/Hula-pukktool-v1-EXTERY-urban-furniture-park-bench-pargipink-puistonpenkki-sols.jpg","width":1100,"height":733,"caption":"EXTERY pils\u0113tvides m\u0113beles, pils\u0113tvides m\u0113be\u013cu ra\u017eot\u0101js, publisk\u0101s telpas m\u0113beles, ielu m\u0113beles, parka soli, \u0101ra m\u0113beles, publisk\u0101 s\u0113dm\u0113bele, pils\u0113tas m\u0113beles, ainavu m\u0113beles, parka sols, modul\u0101ri soli, ilgm\u016b\u017e\u012bgas \u0101ra m\u0113beles, vand\u0101lisma iztur\u012bgas m\u0113beles, m\u0113beles publiskaj\u0101m telp\u0101m, groz\u0101ms kr\u0113sls, rot\u0113jo\u0161s kr\u0113sls"},{"@type":"BreadcrumbList","@id":"https:\/\/extery.com\/lv\/produkti\/hula-grozams-augstais-kresls\/#breadcrumb","itemListElement":[{"@type":"ListItem","position":1,"name":"Home","item":"https:\/\/extery.com\/lv\/"},{"@type":"ListItem","position":2,"name":"Produkti","item":"https:\/\/extery.com\/lv\/produkti\/"},{"@type":"ListItem","position":3,"name":"Hula groz\u0101ms augstais kr\u0113sls"}]},{"@type":"WebSite","@id":"https:\/\/extery.com\/lv\/#website","url":"https:\/\/extery.com\/lv\/","name":"Extery","description":"","publisher":{"@id":"https:\/\/extery.com\/lv\/#organization"},"potentialAction":[{"@type":"SearchAction","target":{"@type":"EntryPoint","urlTemplate":"https:\/\/extery.com\/lv\/?s={search_term_string}"},"query-input":{"@type":"PropertyValueSpecification","valueRequired":true,"valueName":"search_term_string"}}],"inLanguage":"lv-LV"},{"@type":"Organization","@id":"https:\/\/extery.com\/lv\/#organization","name":"Extery","url":"https:\/\/extery.com\/lv\/","logo":{"@type":"ImageObject","inLanguage":"lv-LV","@id":"https:\/\/extery.com\/lv\/#\/schema\/logo\/image\/","url":"https:\/\/extery.com\/wp-content\/uploads\/2023\/11\/footer-logo.svg","contentUrl":"https:\/\/extery.com\/wp-content\/uploads\/2023\/11\/footer-logo.svg","caption":"Extery"},"image":{"@id":"https:\/\/extery.com\/lv\/#\/schema\/logo\/image\/"}}]}},"_links":{"self":[{"href":"https:\/\/extery.com\/lv\/wp-json\/wp\/v2\/product\/56328","targetHints":{"allow":["GET"]}}],"collection":[{"href":"https:\/\/extery.com\/lv\/wp-json\/wp\/v2\/product"}],"about":[{"href":"https:\/\/extery.com\/lv\/wp-json\/wp\/v2\/types\/product"}],"replies":[{"embeddable":true,"href":"https:\/\/extery.com\/lv\/wp-json\/wp\/v2\/comments?post=56328"}],"wp:featuredmedia":[{"embeddable":true,"href":"https:\/\/extery.com\/lv\/wp-json\/wp\/v2\/media\/55982"}],"wp:attachment":[{"href":"https:\/\/extery.com\/lv\/wp-json\/wp\/v2\/media?parent=56328"}],"wp:term":[{"taxonomy":"product_brand","embeddable":true,"href":"https:\/\/extery.com\/lv\/wp-json\/wp\/v2\/product_brand?post=56328"},{"taxonomy":"product_cat","embeddable":true,"href":"https:\/\/extery.com\/lv\/wp-json\/wp\/v2\/product_cat?post=56328"},{"taxonomy":"product_tag","embeddable":true,"href":"https:\/\/extery.com\/lv\/wp-json\/wp\/v2\/product_tag?post=56328"}],"curies":[{"name":"wp","href":"https:\/\/api.w.org\/{rel}","templated":true}]}}