{"id":56485,"date":"2026-02-16T14:14:31","date_gmt":"2026-02-16T14:14:31","guid":{"rendered":"https:\/\/extery.com\/?post_type=product&#038;p=56485"},"modified":"2026-04-13T12:16:28","modified_gmt":"2026-04-13T12:16:28","slug":"velo-stativs-kvartal","status":"publish","type":"product","link":"https:\/\/extery.com\/lv\/produkti\/velo-stativs-kvartal\/","title":{"rendered":"velo stat\u012bvs Kvartal"},"content":{"rendered":"<p id=\"tw-target-text\" class=\"tw-data-text tw-text-large tw-ta\" dir=\"ltr\" data-placeholder=\"T\u00f5lge\"><span class=\"Y2IQFc\" lang=\"lv\">Velo stat\u012bvs Kvartal ir vienk\u0101r\u0161as formas, elegants, bet sp\u0113c\u012bgs, piem\u0113rots iel\u0101m, piem\u0113ram, ar\u012b k\u0101 ce\u013ca barjera. T\u012brais no zemes izvirz\u012btais siluets un minim\u0101listisk\u0101 forma vienm\u0113r ir bezkompromisa piem\u0113rota gan modern\u0101, gan ar da\u017e\u0101du vidi iedvesmot\u0101 arhitekt\u016br\u0101. Pie viena Kvartal velo stat\u012bva var dro\u0161i nofiks\u0113t l\u012bdz diviem velosip\u0113diem. Kvartal velo stat\u012bva priek\u0161roc\u012bba ir t\u0101 kompaktums, vienk\u0101r\u0161\u012bba un \u0113rta lieto\u0161ana.<\/span><\/p>\n","protected":false},"excerpt":{"rendered":"<p>Velo stat\u012bvs Kvartal ir vienk\u0101r\u0161as formas, elegants, bet sp\u0113c\u012bgs, piem\u0113rots iel\u0101m, piem\u0113ram, ar\u012b k\u0101 ce\u013ca barjera. T\u012brais no zemes izvirz\u012btais siluets un minim\u0101listisk\u0101 forma vienm\u0113r ir bezkompromisa piem\u0113rota gan modern\u0101, gan ar da\u017e\u0101du vidi iedvesmot\u0101 arhitekt\u016br\u0101. Pie viena Kvartal velo stat\u012bva var dro\u0161i nofiks\u0113t l\u012bdz diviem velosip\u0113diem. Kvartal velo stat\u012bva priek\u0161roc\u012bba ir t\u0101 kompaktums, vienk\u0101r\u0161\u012bba [&hellip;]<\/p>\n","protected":false},"featured_media":56501,"comment_status":"open","ping_status":"closed","template":"","meta":{"_acf_changed":false},"product_brand":[],"product_cat":[129],"product_tag":[],"class_list":{"0":"post-56485","1":"product","2":"type-product","3":"status-publish","4":"has-post-thumbnail","6":"product_cat-velosipedu-novietnes-lv","8":"first","9":"instock","10":"shipping-taxable","11":"product-type-simple"},"acf":[],"yoast_head":"<!-- This site is optimized with the Yoast SEO plugin v26.4 - https:\/\/yoast.com\/wordpress\/plugins\/seo\/ -->\n<title>velo stat\u012bvs Kvartal - Extery velosip\u0113du tur\u0113t\u0101ji no pils\u0113tas m\u0113be\u013cu kolekcijas<\/title>\n<meta name=\"description\" content=\"Rite\u0146u tur\u0113t\u0101js Kvartal ir vienk\u0101r\u0161as formas, bet iztur\u012bgs, piem\u0113rots ar\u012b k\u0101 ce\u013ca barjera. T\u012brs siluets, kas izvirz\u012bts no zemes, un minim\u0101lisma forma vienm\u0113r ir bezkompromisa.\" \/>\n<meta name=\"robots\" content=\"index, follow, max-snippet:-1, max-image-preview:large, max-video-preview:-1\" \/>\n<link rel=\"canonical\" href=\"https:\/\/extery.com\/lv\/produkti\/velo-stativs-kvartal\/\" \/>\n<meta property=\"og:locale\" content=\"lv_LV\" \/>\n<meta property=\"og:type\" content=\"article\" \/>\n<meta property=\"og:title\" content=\"velo stat\u012bvs Kvartal - Extery velosip\u0113du tur\u0113t\u0101ji no pils\u0113tas m\u0113be\u013cu kolekcijas\" \/>\n<meta property=\"og:description\" content=\"Rite\u0146u tur\u0113t\u0101js Kvartal ir vienk\u0101r\u0161as formas, bet iztur\u012bgs, piem\u0113rots ar\u012b k\u0101 ce\u013ca barjera. T\u012brs siluets, kas izvirz\u012bts no zemes, un minim\u0101lisma forma vienm\u0113r ir bezkompromisa.\" \/>\n<meta property=\"og:url\" content=\"https:\/\/extery.com\/lv\/produkti\/velo-stativs-kvartal\/\" \/>\n<meta property=\"og:site_name\" content=\"Extery\" \/>\n<meta property=\"article:modified_time\" content=\"2026-04-13T12:16:28+00:00\" \/>\n<meta property=\"og:image\" content=\"https:\/\/extery.com\/wp-content\/uploads\/2026\/02\/Kvartal-web-avatar.jpg\" \/>\n\t<meta property=\"og:image:width\" content=\"1301\" \/>\n\t<meta property=\"og:image:height\" content=\"867\" \/>\n\t<meta property=\"og:image:type\" content=\"image\/jpeg\" \/>\n<meta name=\"twitter:card\" content=\"summary_large_image\" \/>\n<meta name=\"twitter:label1\" content=\"Est. reading time\" \/>\n\t<meta name=\"twitter:data1\" content=\"1 minute\" \/>\n<script type=\"application\/ld+json\" class=\"yoast-schema-graph\">{\"@context\":\"https:\/\/schema.org\",\"@graph\":[{\"@type\":\"WebPage\",\"@id\":\"https:\/\/extery.com\/lv\/produkti\/velo-stativs-kvartal\/\",\"url\":\"https:\/\/extery.com\/lv\/produkti\/velo-stativs-kvartal\/\",\"name\":\"velo stat\u012bvs Kvartal - Extery velosip\u0113du tur\u0113t\u0101ji no pils\u0113tas m\u0113be\u013cu kolekcijas\",\"isPartOf\":{\"@id\":\"https:\/\/extery.com\/lv\/#website\"},\"primaryImageOfPage\":{\"@id\":\"https:\/\/extery.com\/lv\/produkti\/velo-stativs-kvartal\/#primaryimage\"},\"image\":{\"@id\":\"https:\/\/extery.com\/lv\/produkti\/velo-stativs-kvartal\/#primaryimage\"},\"thumbnailUrl\":\"https:\/\/extery.com\/wp-content\/uploads\/2026\/02\/Kvartal-web-avatar.jpg\",\"datePublished\":\"2026-02-16T14:14:31+00:00\",\"dateModified\":\"2026-04-13T12:16:28+00:00\",\"description\":\"Rite\u0146u tur\u0113t\u0101js Kvartal ir vienk\u0101r\u0161as formas, bet iztur\u012bgs, piem\u0113rots ar\u012b k\u0101 ce\u013ca barjera. T\u012brs siluets, kas izvirz\u012bts no zemes, un minim\u0101lisma forma vienm\u0113r ir bezkompromisa.\",\"breadcrumb\":{\"@id\":\"https:\/\/extery.com\/lv\/produkti\/velo-stativs-kvartal\/#breadcrumb\"},\"inLanguage\":\"lv-LV\",\"potentialAction\":[{\"@type\":\"ReadAction\",\"target\":[\"https:\/\/extery.com\/lv\/produkti\/velo-stativs-kvartal\/\"]}]},{\"@type\":\"ImageObject\",\"inLanguage\":\"lv-LV\",\"@id\":\"https:\/\/extery.com\/lv\/produkti\/velo-stativs-kvartal\/#primaryimage\",\"url\":\"https:\/\/extery.com\/wp-content\/uploads\/2026\/02\/Kvartal-web-avatar.jpg\",\"contentUrl\":\"https:\/\/extery.com\/wp-content\/uploads\/2026\/02\/Kvartal-web-avatar.jpg\",\"width\":1301,\"height\":867},{\"@type\":\"BreadcrumbList\",\"@id\":\"https:\/\/extery.com\/lv\/produkti\/velo-stativs-kvartal\/#breadcrumb\",\"itemListElement\":[{\"@type\":\"ListItem\",\"position\":1,\"name\":\"Home\",\"item\":\"https:\/\/extery.com\/lv\/\"},{\"@type\":\"ListItem\",\"position\":2,\"name\":\"Produkti\",\"item\":\"https:\/\/extery.com\/lv\/produkti\/\"},{\"@type\":\"ListItem\",\"position\":3,\"name\":\"velo stat\u012bvs Kvartal\"}]},{\"@type\":\"WebSite\",\"@id\":\"https:\/\/extery.com\/lv\/#website\",\"url\":\"https:\/\/extery.com\/lv\/\",\"name\":\"Extery\",\"description\":\"\",\"publisher\":{\"@id\":\"https:\/\/extery.com\/lv\/#organization\"},\"potentialAction\":[{\"@type\":\"SearchAction\",\"target\":{\"@type\":\"EntryPoint\",\"urlTemplate\":\"https:\/\/extery.com\/lv\/?s={search_term_string}\"},\"query-input\":{\"@type\":\"PropertyValueSpecification\",\"valueRequired\":true,\"valueName\":\"search_term_string\"}}],\"inLanguage\":\"lv-LV\"},{\"@type\":\"Organization\",\"@id\":\"https:\/\/extery.com\/lv\/#organization\",\"name\":\"Extery\",\"url\":\"https:\/\/extery.com\/lv\/\",\"logo\":{\"@type\":\"ImageObject\",\"inLanguage\":\"lv-LV\",\"@id\":\"https:\/\/extery.com\/lv\/#\/schema\/logo\/image\/\",\"url\":\"https:\/\/extery.com\/wp-content\/uploads\/2023\/11\/footer-logo.svg\",\"contentUrl\":\"https:\/\/extery.com\/wp-content\/uploads\/2023\/11\/footer-logo.svg\",\"caption\":\"Extery\"},\"image\":{\"@id\":\"https:\/\/extery.com\/lv\/#\/schema\/logo\/image\/\"}}]}<\/script>\n<!-- \/ Yoast SEO plugin. -->","yoast_head_json":{"title":"velo stat\u012bvs Kvartal - Extery velosip\u0113du tur\u0113t\u0101ji no pils\u0113tas m\u0113be\u013cu kolekcijas","description":"Rite\u0146u tur\u0113t\u0101js Kvartal ir vienk\u0101r\u0161as formas, bet iztur\u012bgs, piem\u0113rots ar\u012b k\u0101 ce\u013ca barjera. T\u012brs siluets, kas izvirz\u012bts no zemes, un minim\u0101lisma forma vienm\u0113r ir bezkompromisa.","robots":{"index":"index","follow":"follow","max-snippet":"max-snippet:-1","max-image-preview":"max-image-preview:large","max-video-preview":"max-video-preview:-1"},"canonical":"https:\/\/extery.com\/lv\/produkti\/velo-stativs-kvartal\/","og_locale":"lv_LV","og_type":"article","og_title":"velo stat\u012bvs Kvartal - Extery velosip\u0113du tur\u0113t\u0101ji no pils\u0113tas m\u0113be\u013cu kolekcijas","og_description":"Rite\u0146u tur\u0113t\u0101js Kvartal ir vienk\u0101r\u0161as formas, bet iztur\u012bgs, piem\u0113rots ar\u012b k\u0101 ce\u013ca barjera. T\u012brs siluets, kas izvirz\u012bts no zemes, un minim\u0101lisma forma vienm\u0113r ir bezkompromisa.","og_url":"https:\/\/extery.com\/lv\/produkti\/velo-stativs-kvartal\/","og_site_name":"Extery","article_modified_time":"2026-04-13T12:16:28+00:00","og_image":[{"width":1301,"height":867,"url":"https:\/\/extery.com\/wp-content\/uploads\/2026\/02\/Kvartal-web-avatar.jpg","type":"image\/jpeg"}],"twitter_card":"summary_large_image","twitter_misc":{"Est. reading time":"1 minute"},"schema":{"@context":"https:\/\/schema.org","@graph":[{"@type":"WebPage","@id":"https:\/\/extery.com\/lv\/produkti\/velo-stativs-kvartal\/","url":"https:\/\/extery.com\/lv\/produkti\/velo-stativs-kvartal\/","name":"velo stat\u012bvs Kvartal - Extery velosip\u0113du tur\u0113t\u0101ji no pils\u0113tas m\u0113be\u013cu kolekcijas","isPartOf":{"@id":"https:\/\/extery.com\/lv\/#website"},"primaryImageOfPage":{"@id":"https:\/\/extery.com\/lv\/produkti\/velo-stativs-kvartal\/#primaryimage"},"image":{"@id":"https:\/\/extery.com\/lv\/produkti\/velo-stativs-kvartal\/#primaryimage"},"thumbnailUrl":"https:\/\/extery.com\/wp-content\/uploads\/2026\/02\/Kvartal-web-avatar.jpg","datePublished":"2026-02-16T14:14:31+00:00","dateModified":"2026-04-13T12:16:28+00:00","description":"Rite\u0146u tur\u0113t\u0101js Kvartal ir vienk\u0101r\u0161as formas, bet iztur\u012bgs, piem\u0113rots ar\u012b k\u0101 ce\u013ca barjera. T\u012brs siluets, kas izvirz\u012bts no zemes, un minim\u0101lisma forma vienm\u0113r ir bezkompromisa.","breadcrumb":{"@id":"https:\/\/extery.com\/lv\/produkti\/velo-stativs-kvartal\/#breadcrumb"},"inLanguage":"lv-LV","potentialAction":[{"@type":"ReadAction","target":["https:\/\/extery.com\/lv\/produkti\/velo-stativs-kvartal\/"]}]},{"@type":"ImageObject","inLanguage":"lv-LV","@id":"https:\/\/extery.com\/lv\/produkti\/velo-stativs-kvartal\/#primaryimage","url":"https:\/\/extery.com\/wp-content\/uploads\/2026\/02\/Kvartal-web-avatar.jpg","contentUrl":"https:\/\/extery.com\/wp-content\/uploads\/2026\/02\/Kvartal-web-avatar.jpg","width":1301,"height":867},{"@type":"BreadcrumbList","@id":"https:\/\/extery.com\/lv\/produkti\/velo-stativs-kvartal\/#breadcrumb","itemListElement":[{"@type":"ListItem","position":1,"name":"Home","item":"https:\/\/extery.com\/lv\/"},{"@type":"ListItem","position":2,"name":"Produkti","item":"https:\/\/extery.com\/lv\/produkti\/"},{"@type":"ListItem","position":3,"name":"velo stat\u012bvs Kvartal"}]},{"@type":"WebSite","@id":"https:\/\/extery.com\/lv\/#website","url":"https:\/\/extery.com\/lv\/","name":"Extery","description":"","publisher":{"@id":"https:\/\/extery.com\/lv\/#organization"},"potentialAction":[{"@type":"SearchAction","target":{"@type":"EntryPoint","urlTemplate":"https:\/\/extery.com\/lv\/?s={search_term_string}"},"query-input":{"@type":"PropertyValueSpecification","valueRequired":true,"valueName":"search_term_string"}}],"inLanguage":"lv-LV"},{"@type":"Organization","@id":"https:\/\/extery.com\/lv\/#organization","name":"Extery","url":"https:\/\/extery.com\/lv\/","logo":{"@type":"ImageObject","inLanguage":"lv-LV","@id":"https:\/\/extery.com\/lv\/#\/schema\/logo\/image\/","url":"https:\/\/extery.com\/wp-content\/uploads\/2023\/11\/footer-logo.svg","contentUrl":"https:\/\/extery.com\/wp-content\/uploads\/2023\/11\/footer-logo.svg","caption":"Extery"},"image":{"@id":"https:\/\/extery.com\/lv\/#\/schema\/logo\/image\/"}}]}},"_links":{"self":[{"href":"https:\/\/extery.com\/lv\/wp-json\/wp\/v2\/product\/56485","targetHints":{"allow":["GET"]}}],"collection":[{"href":"https:\/\/extery.com\/lv\/wp-json\/wp\/v2\/product"}],"about":[{"href":"https:\/\/extery.com\/lv\/wp-json\/wp\/v2\/types\/product"}],"replies":[{"embeddable":true,"href":"https:\/\/extery.com\/lv\/wp-json\/wp\/v2\/comments?post=56485"}],"wp:featuredmedia":[{"embeddable":true,"href":"https:\/\/extery.com\/lv\/wp-json\/wp\/v2\/media\/56501"}],"wp:attachment":[{"href":"https:\/\/extery.com\/lv\/wp-json\/wp\/v2\/media?parent=56485"}],"wp:term":[{"taxonomy":"product_brand","embeddable":true,"href":"https:\/\/extery.com\/lv\/wp-json\/wp\/v2\/product_brand?post=56485"},{"taxonomy":"product_cat","embeddable":true,"href":"https:\/\/extery.com\/lv\/wp-json\/wp\/v2\/product_cat?post=56485"},{"taxonomy":"product_tag","embeddable":true,"href":"https:\/\/extery.com\/lv\/wp-json\/wp\/v2\/product_tag?post=56485"}],"curies":[{"name":"wp","href":"https:\/\/api.w.org\/{rel}","templated":true}]}}