{"id":5750,"date":"2020-11-16T11:15:49","date_gmt":"2020-11-16T11:15:49","guid":{"rendered":"https:\/\/extery.com\/?post_type=product&#038;p=5750"},"modified":"2026-04-13T10:10:43","modified_gmt":"2026-04-13T10:10:43","slug":"voog-kresls","status":"publish","type":"product","link":"https:\/\/extery.com\/lv\/produkti\/voog-kresls\/","title":{"rendered":"kr\u0113sls Voog"},"content":{"rendered":"<p><span class=\"Y2IQFc\" lang=\"lv\">Parka kr\u0113sls Voog ir k\u0101 ainavu dizaina elements. Kr\u0113sls ar l\u012bkumainu siluetu, kas it k\u0101 pl\u016bst no zemes. Harmonisk\u0101 un racion\u0101l\u0101 forma piesaista uzman\u012bbu ar savu nevainojamo apdari un diskr\u0113tu un maigu formu, kas iek\u013caujas ainav\u0101.Nav uzkr\u012bto\u0161i paman\u0101mas stiprin\u0101juma vietas un visa produkta b\u016bt\u012bba ir t\u012bra, un mier\u012bga. Izv\u0113l\u0113tie materi\u0101li ir piem\u0113roti un iztur\u012bgi skarbajam zieme\u013cu klimatam. Voog produktu grup\u0101 ietilpst gan klasisks tr\u012bsviet\u012bgs sols park\u0101, gan kr\u0113sls, gan zvilnis div\u0101m person\u0101m.<\/span><\/p>\n","protected":false},"excerpt":{"rendered":"<p>Parka kr\u0113sls Voog ir k\u0101 ainavu dizaina elements. Kr\u0113sls ar l\u012bkumainu siluetu, kas it k\u0101 pl\u016bst no zemes. Harmonisk\u0101 un racion\u0101l\u0101 forma piesaista uzman\u012bbu ar savu nevainojamo apdari un diskr\u0113tu un maigu formu, kas iek\u013caujas ainav\u0101.Nav uzkr\u012bto\u0161i paman\u0101mas stiprin\u0101juma vietas un visa produkta b\u016bt\u012bba ir t\u012bra, un mier\u012bga. Izv\u0113l\u0113tie materi\u0101li ir piem\u0113roti un iztur\u012bgi skarbajam [&hellip;]<\/p>\n","protected":false},"featured_media":10240,"comment_status":"open","ping_status":"closed","template":"","meta":{"_acf_changed":false},"product_brand":[],"product_cat":[108],"product_tag":[],"class_list":{"0":"post-5750","1":"product","2":"type-product","3":"status-publish","4":"has-post-thumbnail","6":"product_cat-kresli-lv","7":"product-family-voog-lv","9":"first","10":"instock","11":"shipping-taxable","12":"product-type-simple"},"acf":[],"yoast_head":"<!-- This site is optimized with the Yoast SEO plugin v26.4 - https:\/\/yoast.com\/wordpress\/plugins\/seo\/ -->\n<title>kr\u0113sls Voog - Extery pils\u0113tas m\u0113be\u013cu kolekcijas kr\u0113sls<\/title>\n<meta name=\"description\" content=\"Voog kr\u0113sls ir k\u0101 ainavu dizaina elements. S\u0113deklis ar atzveltni ar l\u012bkumainu siluetu, kas it k\u0101 pl\u016bst no zemes.\" \/>\n<meta name=\"robots\" content=\"index, follow, max-snippet:-1, max-image-preview:large, max-video-preview:-1\" \/>\n<link rel=\"canonical\" href=\"https:\/\/extery.com\/lv\/produkti\/voog-kresls\/\" \/>\n<meta property=\"og:locale\" content=\"lv_LV\" \/>\n<meta property=\"og:type\" content=\"article\" \/>\n<meta property=\"og:title\" content=\"kr\u0113sls Voog - Extery pils\u0113tas m\u0113be\u013cu kolekcijas kr\u0113sls\" \/>\n<meta property=\"og:description\" content=\"Voog kr\u0113sls ir k\u0101 ainavu dizaina elements. S\u0113deklis ar atzveltni ar l\u012bkumainu siluetu, kas it k\u0101 pl\u016bst no zemes.\" \/>\n<meta property=\"og:url\" content=\"https:\/\/extery.com\/lv\/produkti\/voog-kresls\/\" \/>\n<meta property=\"og:site_name\" content=\"Extery\" \/>\n<meta property=\"article:modified_time\" content=\"2026-04-13T10:10:43+00:00\" \/>\n<meta property=\"og:image\" content=\"https:\/\/extery.com\/wp-content\/uploads\/2020\/12\/chair-voog-tool-scaled.jpg\" \/>\n\t<meta property=\"og:image:width\" content=\"2560\" \/>\n\t<meta property=\"og:image:height\" content=\"1707\" \/>\n\t<meta property=\"og:image:type\" content=\"image\/jpeg\" \/>\n<meta name=\"twitter:card\" content=\"summary_large_image\" \/>\n<meta name=\"twitter:label1\" content=\"Est. reading time\" \/>\n\t<meta name=\"twitter:data1\" content=\"1 minute\" \/>\n<script type=\"application\/ld+json\" class=\"yoast-schema-graph\">{\"@context\":\"https:\/\/schema.org\",\"@graph\":[{\"@type\":\"WebPage\",\"@id\":\"https:\/\/extery.com\/lv\/produkti\/voog-kresls\/\",\"url\":\"https:\/\/extery.com\/lv\/produkti\/voog-kresls\/\",\"name\":\"kr\u0113sls Voog - Extery pils\u0113tas m\u0113be\u013cu kolekcijas kr\u0113sls\",\"isPartOf\":{\"@id\":\"https:\/\/extery.com\/lv\/#website\"},\"primaryImageOfPage\":{\"@id\":\"https:\/\/extery.com\/lv\/produkti\/voog-kresls\/#primaryimage\"},\"image\":{\"@id\":\"https:\/\/extery.com\/lv\/produkti\/voog-kresls\/#primaryimage\"},\"thumbnailUrl\":\"https:\/\/extery.com\/wp-content\/uploads\/2020\/12\/chair-voog-tool-scaled.jpg\",\"datePublished\":\"2020-11-16T11:15:49+00:00\",\"dateModified\":\"2026-04-13T10:10:43+00:00\",\"description\":\"Voog kr\u0113sls ir k\u0101 ainavu dizaina elements. S\u0113deklis ar atzveltni ar l\u012bkumainu siluetu, kas it k\u0101 pl\u016bst no zemes.\",\"breadcrumb\":{\"@id\":\"https:\/\/extery.com\/lv\/produkti\/voog-kresls\/#breadcrumb\"},\"inLanguage\":\"lv-LV\",\"potentialAction\":[{\"@type\":\"ReadAction\",\"target\":[\"https:\/\/extery.com\/lv\/produkti\/voog-kresls\/\"]}]},{\"@type\":\"ImageObject\",\"inLanguage\":\"lv-LV\",\"@id\":\"https:\/\/extery.com\/lv\/produkti\/voog-kresls\/#primaryimage\",\"url\":\"https:\/\/extery.com\/wp-content\/uploads\/2020\/12\/chair-voog-tool-scaled.jpg\",\"contentUrl\":\"https:\/\/extery.com\/wp-content\/uploads\/2020\/12\/chair-voog-tool-scaled.jpg\",\"width\":2560,\"height\":1707},{\"@type\":\"BreadcrumbList\",\"@id\":\"https:\/\/extery.com\/lv\/produkti\/voog-kresls\/#breadcrumb\",\"itemListElement\":[{\"@type\":\"ListItem\",\"position\":1,\"name\":\"Home\",\"item\":\"https:\/\/extery.com\/lv\/\"},{\"@type\":\"ListItem\",\"position\":2,\"name\":\"Produkti\",\"item\":\"https:\/\/extery.com\/lv\/produkti\/\"},{\"@type\":\"ListItem\",\"position\":3,\"name\":\"kr\u0113sls Voog\"}]},{\"@type\":\"WebSite\",\"@id\":\"https:\/\/extery.com\/lv\/#website\",\"url\":\"https:\/\/extery.com\/lv\/\",\"name\":\"Extery\",\"description\":\"\",\"publisher\":{\"@id\":\"https:\/\/extery.com\/lv\/#organization\"},\"potentialAction\":[{\"@type\":\"SearchAction\",\"target\":{\"@type\":\"EntryPoint\",\"urlTemplate\":\"https:\/\/extery.com\/lv\/?s={search_term_string}\"},\"query-input\":{\"@type\":\"PropertyValueSpecification\",\"valueRequired\":true,\"valueName\":\"search_term_string\"}}],\"inLanguage\":\"lv-LV\"},{\"@type\":\"Organization\",\"@id\":\"https:\/\/extery.com\/lv\/#organization\",\"name\":\"Extery\",\"url\":\"https:\/\/extery.com\/lv\/\",\"logo\":{\"@type\":\"ImageObject\",\"inLanguage\":\"lv-LV\",\"@id\":\"https:\/\/extery.com\/lv\/#\/schema\/logo\/image\/\",\"url\":\"https:\/\/extery.com\/wp-content\/uploads\/2023\/11\/footer-logo.svg\",\"contentUrl\":\"https:\/\/extery.com\/wp-content\/uploads\/2023\/11\/footer-logo.svg\",\"caption\":\"Extery\"},\"image\":{\"@id\":\"https:\/\/extery.com\/lv\/#\/schema\/logo\/image\/\"}}]}<\/script>\n<!-- \/ Yoast SEO plugin. -->","yoast_head_json":{"title":"kr\u0113sls Voog - Extery pils\u0113tas m\u0113be\u013cu kolekcijas kr\u0113sls","description":"Voog kr\u0113sls ir k\u0101 ainavu dizaina elements. S\u0113deklis ar atzveltni ar l\u012bkumainu siluetu, kas it k\u0101 pl\u016bst no zemes.","robots":{"index":"index","follow":"follow","max-snippet":"max-snippet:-1","max-image-preview":"max-image-preview:large","max-video-preview":"max-video-preview:-1"},"canonical":"https:\/\/extery.com\/lv\/produkti\/voog-kresls\/","og_locale":"lv_LV","og_type":"article","og_title":"kr\u0113sls Voog - Extery pils\u0113tas m\u0113be\u013cu kolekcijas kr\u0113sls","og_description":"Voog kr\u0113sls ir k\u0101 ainavu dizaina elements. S\u0113deklis ar atzveltni ar l\u012bkumainu siluetu, kas it k\u0101 pl\u016bst no zemes.","og_url":"https:\/\/extery.com\/lv\/produkti\/voog-kresls\/","og_site_name":"Extery","article_modified_time":"2026-04-13T10:10:43+00:00","og_image":[{"width":2560,"height":1707,"url":"https:\/\/extery.com\/wp-content\/uploads\/2020\/12\/chair-voog-tool-scaled.jpg","type":"image\/jpeg"}],"twitter_card":"summary_large_image","twitter_misc":{"Est. reading time":"1 minute"},"schema":{"@context":"https:\/\/schema.org","@graph":[{"@type":"WebPage","@id":"https:\/\/extery.com\/lv\/produkti\/voog-kresls\/","url":"https:\/\/extery.com\/lv\/produkti\/voog-kresls\/","name":"kr\u0113sls Voog - Extery pils\u0113tas m\u0113be\u013cu kolekcijas kr\u0113sls","isPartOf":{"@id":"https:\/\/extery.com\/lv\/#website"},"primaryImageOfPage":{"@id":"https:\/\/extery.com\/lv\/produkti\/voog-kresls\/#primaryimage"},"image":{"@id":"https:\/\/extery.com\/lv\/produkti\/voog-kresls\/#primaryimage"},"thumbnailUrl":"https:\/\/extery.com\/wp-content\/uploads\/2020\/12\/chair-voog-tool-scaled.jpg","datePublished":"2020-11-16T11:15:49+00:00","dateModified":"2026-04-13T10:10:43+00:00","description":"Voog kr\u0113sls ir k\u0101 ainavu dizaina elements. S\u0113deklis ar atzveltni ar l\u012bkumainu siluetu, kas it k\u0101 pl\u016bst no zemes.","breadcrumb":{"@id":"https:\/\/extery.com\/lv\/produkti\/voog-kresls\/#breadcrumb"},"inLanguage":"lv-LV","potentialAction":[{"@type":"ReadAction","target":["https:\/\/extery.com\/lv\/produkti\/voog-kresls\/"]}]},{"@type":"ImageObject","inLanguage":"lv-LV","@id":"https:\/\/extery.com\/lv\/produkti\/voog-kresls\/#primaryimage","url":"https:\/\/extery.com\/wp-content\/uploads\/2020\/12\/chair-voog-tool-scaled.jpg","contentUrl":"https:\/\/extery.com\/wp-content\/uploads\/2020\/12\/chair-voog-tool-scaled.jpg","width":2560,"height":1707},{"@type":"BreadcrumbList","@id":"https:\/\/extery.com\/lv\/produkti\/voog-kresls\/#breadcrumb","itemListElement":[{"@type":"ListItem","position":1,"name":"Home","item":"https:\/\/extery.com\/lv\/"},{"@type":"ListItem","position":2,"name":"Produkti","item":"https:\/\/extery.com\/lv\/produkti\/"},{"@type":"ListItem","position":3,"name":"kr\u0113sls Voog"}]},{"@type":"WebSite","@id":"https:\/\/extery.com\/lv\/#website","url":"https:\/\/extery.com\/lv\/","name":"Extery","description":"","publisher":{"@id":"https:\/\/extery.com\/lv\/#organization"},"potentialAction":[{"@type":"SearchAction","target":{"@type":"EntryPoint","urlTemplate":"https:\/\/extery.com\/lv\/?s={search_term_string}"},"query-input":{"@type":"PropertyValueSpecification","valueRequired":true,"valueName":"search_term_string"}}],"inLanguage":"lv-LV"},{"@type":"Organization","@id":"https:\/\/extery.com\/lv\/#organization","name":"Extery","url":"https:\/\/extery.com\/lv\/","logo":{"@type":"ImageObject","inLanguage":"lv-LV","@id":"https:\/\/extery.com\/lv\/#\/schema\/logo\/image\/","url":"https:\/\/extery.com\/wp-content\/uploads\/2023\/11\/footer-logo.svg","contentUrl":"https:\/\/extery.com\/wp-content\/uploads\/2023\/11\/footer-logo.svg","caption":"Extery"},"image":{"@id":"https:\/\/extery.com\/lv\/#\/schema\/logo\/image\/"}}]}},"_links":{"self":[{"href":"https:\/\/extery.com\/lv\/wp-json\/wp\/v2\/product\/5750","targetHints":{"allow":["GET"]}}],"collection":[{"href":"https:\/\/extery.com\/lv\/wp-json\/wp\/v2\/product"}],"about":[{"href":"https:\/\/extery.com\/lv\/wp-json\/wp\/v2\/types\/product"}],"replies":[{"embeddable":true,"href":"https:\/\/extery.com\/lv\/wp-json\/wp\/v2\/comments?post=5750"}],"wp:featuredmedia":[{"embeddable":true,"href":"https:\/\/extery.com\/lv\/wp-json\/wp\/v2\/media\/10240"}],"wp:attachment":[{"href":"https:\/\/extery.com\/lv\/wp-json\/wp\/v2\/media?parent=5750"}],"wp:term":[{"taxonomy":"product_brand","embeddable":true,"href":"https:\/\/extery.com\/lv\/wp-json\/wp\/v2\/product_brand?post=5750"},{"taxonomy":"product_cat","embeddable":true,"href":"https:\/\/extery.com\/lv\/wp-json\/wp\/v2\/product_cat?post=5750"},{"taxonomy":"product_tag","embeddable":true,"href":"https:\/\/extery.com\/lv\/wp-json\/wp\/v2\/product_tag?post=5750"}],"curies":[{"name":"wp","href":"https:\/\/api.w.org\/{rel}","templated":true}]}}