{"id":5869,"date":"2020-11-16T11:43:33","date_gmt":"2020-11-16T11:43:33","guid":{"rendered":"https:\/\/extery.com\/?post_type=product&#038;p=5869"},"modified":"2026-04-07T11:32:06","modified_gmt":"2026-04-07T11:32:06","slug":"nippon-sols-atzveltne-2","status":"publish","type":"product","link":"https:\/\/extery.com\/lv\/produkti\/nippon-sols-atzveltne-2\/","title":{"rendered":"parka sols Nippon"},"content":{"rendered":"<p id=\"tw-target-text\" class=\"tw-data-text tw-text-large tw-ta\" dir=\"ltr\" data-placeholder=\"T\u00f5lge\"><span class=\"Y2IQFc\" lang=\"lv\">Nippon ir vienk\u0101r\u0161s sols ar arhitektoniski skaidriem apjomiem, kas st\u0101v ar div\u0101m k\u0101j\u0101m uz zemes k\u0101 pats miers.<\/span><\/p>\n<p id=\"tw-target-text\" class=\"tw-data-text tw-text-large tw-ta\" dir=\"ltr\" data-placeholder=\"T\u00f5lge\"><span class=\"Y2IQFc\" lang=\"lv\">Ar savu pietic\u012bbu tas ir piem\u0113rots da\u017e\u0101d\u0101m pils\u0113tvid\u0113m \u2013 l\u012bdzsvarots efekts m\u016bsdienu kontekst\u0101 un diskr\u0113ts efekts uz pretencioza fona, kas \u0161\u0137iet gandr\u012bz neredzams.<\/span><\/p>\n<p class=\"tw-data-text tw-text-large tw-ta\" dir=\"ltr\" data-placeholder=\"T\u00f5lge\"><span class=\"Y2IQFc\" lang=\"lv\">Atk\u0101rtoti izvietojot soli\u0146us gar laukuma malu vai garo promen\u0101di pie j\u016bras, Nippon soli\u0146a vienk\u0101r\u0161\u012bbas \u0161arms tiek pastiprin\u0101ts v\u0113l vair\u0101k.<\/span><\/p>\n","protected":false},"excerpt":{"rendered":"<p>Nippon ir vienk\u0101r\u0161s sols ar arhitektoniski skaidriem apjomiem, kas st\u0101v ar div\u0101m k\u0101j\u0101m uz zemes k\u0101 pats miers. Ar savu pietic\u012bbu tas ir piem\u0113rots da\u017e\u0101d\u0101m pils\u0113tvid\u0113m \u2013 l\u012bdzsvarots efekts m\u016bsdienu kontekst\u0101 un diskr\u0113ts efekts uz pretencioza fona, kas \u0161\u0137iet gandr\u012bz neredzams. Atk\u0101rtoti izvietojot soli\u0146us gar laukuma malu vai garo promen\u0101di pie j\u016bras, Nippon soli\u0146a vienk\u0101r\u0161\u012bbas [&hellip;]<\/p>\n","protected":false},"featured_media":10402,"comment_status":"open","ping_status":"closed","template":"","meta":{"_acf_changed":false},"product_brand":[],"product_cat":[98],"product_tag":[],"class_list":{"0":"post-5869","1":"product","2":"type-product","3":"status-publish","4":"has-post-thumbnail","6":"product_cat-solini-ar-atzveltnem-lv","7":"product-family-nippon-lv","9":"first","10":"instock","11":"shipping-taxable","12":"product-type-simple"},"acf":[],"yoast_head":"<!-- This site is optimized with the Yoast SEO plugin v26.4 - https:\/\/yoast.com\/wordpress\/plugins\/seo\/ -->\n<title>parka sols Nippon - Extery pils\u0113tas m\u0113be\u013cu kolekcija soli<\/title>\n<meta name=\"description\" content=\"Parka sols Nippon ir vienk\u0101r\u0161s sols ar arhitektoniski skaidriem apjomiem. Pils\u0113tas m\u0113beles - parka soli\u0146i, atkritumu urnas un velosip\u0113du novietnes.\" \/>\n<meta name=\"robots\" content=\"index, follow, max-snippet:-1, max-image-preview:large, max-video-preview:-1\" \/>\n<link rel=\"canonical\" href=\"https:\/\/extery.com\/lv\/produkti\/nippon-sols-atzveltne-2\/\" \/>\n<meta property=\"og:locale\" content=\"lv_LV\" \/>\n<meta property=\"og:type\" content=\"article\" \/>\n<meta property=\"og:title\" content=\"parka sols Nippon - Extery pils\u0113tas m\u0113be\u013cu kolekcija soli\" \/>\n<meta property=\"og:description\" content=\"Parka sols Nippon ir vienk\u0101r\u0161s sols ar arhitektoniski skaidriem apjomiem. Pils\u0113tas m\u0113beles - parka soli\u0146i, atkritumu urnas un velosip\u0113du novietnes.\" \/>\n<meta property=\"og:url\" content=\"https:\/\/extery.com\/lv\/produkti\/nippon-sols-atzveltne-2\/\" \/>\n<meta property=\"og:site_name\" content=\"Extery\" \/>\n<meta property=\"article:modified_time\" content=\"2026-04-07T11:32:06+00:00\" \/>\n<meta property=\"og:image\" content=\"https:\/\/extery.com\/wp-content\/uploads\/2020\/12\/Nippon-park-bench-pargipink-scaled.jpg\" \/>\n\t<meta property=\"og:image:width\" content=\"2560\" \/>\n\t<meta property=\"og:image:height\" content=\"1707\" \/>\n\t<meta property=\"og:image:type\" content=\"image\/jpeg\" \/>\n<meta name=\"twitter:card\" content=\"summary_large_image\" \/>\n<meta name=\"twitter:label1\" content=\"Est. reading time\" \/>\n\t<meta name=\"twitter:data1\" content=\"1 minute\" \/>\n<script type=\"application\/ld+json\" class=\"yoast-schema-graph\">{\"@context\":\"https:\/\/schema.org\",\"@graph\":[{\"@type\":\"WebPage\",\"@id\":\"https:\/\/extery.com\/lv\/produkti\/nippon-sols-atzveltne-2\/\",\"url\":\"https:\/\/extery.com\/lv\/produkti\/nippon-sols-atzveltne-2\/\",\"name\":\"parka sols Nippon - Extery pils\u0113tas m\u0113be\u013cu kolekcija soli\",\"isPartOf\":{\"@id\":\"https:\/\/extery.com\/lv\/#website\"},\"primaryImageOfPage\":{\"@id\":\"https:\/\/extery.com\/lv\/produkti\/nippon-sols-atzveltne-2\/#primaryimage\"},\"image\":{\"@id\":\"https:\/\/extery.com\/lv\/produkti\/nippon-sols-atzveltne-2\/#primaryimage\"},\"thumbnailUrl\":\"https:\/\/extery.com\/wp-content\/uploads\/2020\/12\/Nippon-park-bench-pargipink-scaled.jpg\",\"datePublished\":\"2020-11-16T11:43:33+00:00\",\"dateModified\":\"2026-04-07T11:32:06+00:00\",\"description\":\"Parka sols Nippon ir vienk\u0101r\u0161s sols ar arhitektoniski skaidriem apjomiem. Pils\u0113tas m\u0113beles - parka soli\u0146i, atkritumu urnas un velosip\u0113du novietnes.\",\"breadcrumb\":{\"@id\":\"https:\/\/extery.com\/lv\/produkti\/nippon-sols-atzveltne-2\/#breadcrumb\"},\"inLanguage\":\"lv-LV\",\"potentialAction\":[{\"@type\":\"ReadAction\",\"target\":[\"https:\/\/extery.com\/lv\/produkti\/nippon-sols-atzveltne-2\/\"]}]},{\"@type\":\"ImageObject\",\"inLanguage\":\"lv-LV\",\"@id\":\"https:\/\/extery.com\/lv\/produkti\/nippon-sols-atzveltne-2\/#primaryimage\",\"url\":\"https:\/\/extery.com\/wp-content\/uploads\/2020\/12\/Nippon-park-bench-pargipink-scaled.jpg\",\"contentUrl\":\"https:\/\/extery.com\/wp-content\/uploads\/2020\/12\/Nippon-park-bench-pargipink-scaled.jpg\",\"width\":2560,\"height\":1707},{\"@type\":\"BreadcrumbList\",\"@id\":\"https:\/\/extery.com\/lv\/produkti\/nippon-sols-atzveltne-2\/#breadcrumb\",\"itemListElement\":[{\"@type\":\"ListItem\",\"position\":1,\"name\":\"Home\",\"item\":\"https:\/\/extery.com\/lv\/\"},{\"@type\":\"ListItem\",\"position\":2,\"name\":\"Produkti\",\"item\":\"https:\/\/extery.com\/lv\/produkti\/\"},{\"@type\":\"ListItem\",\"position\":3,\"name\":\"parka sols Nippon\"}]},{\"@type\":\"WebSite\",\"@id\":\"https:\/\/extery.com\/lv\/#website\",\"url\":\"https:\/\/extery.com\/lv\/\",\"name\":\"Extery\",\"description\":\"\",\"publisher\":{\"@id\":\"https:\/\/extery.com\/lv\/#organization\"},\"potentialAction\":[{\"@type\":\"SearchAction\",\"target\":{\"@type\":\"EntryPoint\",\"urlTemplate\":\"https:\/\/extery.com\/lv\/?s={search_term_string}\"},\"query-input\":{\"@type\":\"PropertyValueSpecification\",\"valueRequired\":true,\"valueName\":\"search_term_string\"}}],\"inLanguage\":\"lv-LV\"},{\"@type\":\"Organization\",\"@id\":\"https:\/\/extery.com\/lv\/#organization\",\"name\":\"Extery\",\"url\":\"https:\/\/extery.com\/lv\/\",\"logo\":{\"@type\":\"ImageObject\",\"inLanguage\":\"lv-LV\",\"@id\":\"https:\/\/extery.com\/lv\/#\/schema\/logo\/image\/\",\"url\":\"https:\/\/extery.com\/wp-content\/uploads\/2023\/11\/footer-logo.svg\",\"contentUrl\":\"https:\/\/extery.com\/wp-content\/uploads\/2023\/11\/footer-logo.svg\",\"caption\":\"Extery\"},\"image\":{\"@id\":\"https:\/\/extery.com\/lv\/#\/schema\/logo\/image\/\"}}]}<\/script>\n<!-- \/ Yoast SEO plugin. -->","yoast_head_json":{"title":"parka sols Nippon - Extery pils\u0113tas m\u0113be\u013cu kolekcija soli","description":"Parka sols Nippon ir vienk\u0101r\u0161s sols ar arhitektoniski skaidriem apjomiem. Pils\u0113tas m\u0113beles - parka soli\u0146i, atkritumu urnas un velosip\u0113du novietnes.","robots":{"index":"index","follow":"follow","max-snippet":"max-snippet:-1","max-image-preview":"max-image-preview:large","max-video-preview":"max-video-preview:-1"},"canonical":"https:\/\/extery.com\/lv\/produkti\/nippon-sols-atzveltne-2\/","og_locale":"lv_LV","og_type":"article","og_title":"parka sols Nippon - Extery pils\u0113tas m\u0113be\u013cu kolekcija soli","og_description":"Parka sols Nippon ir vienk\u0101r\u0161s sols ar arhitektoniski skaidriem apjomiem. Pils\u0113tas m\u0113beles - parka soli\u0146i, atkritumu urnas un velosip\u0113du novietnes.","og_url":"https:\/\/extery.com\/lv\/produkti\/nippon-sols-atzveltne-2\/","og_site_name":"Extery","article_modified_time":"2026-04-07T11:32:06+00:00","og_image":[{"width":2560,"height":1707,"url":"https:\/\/extery.com\/wp-content\/uploads\/2020\/12\/Nippon-park-bench-pargipink-scaled.jpg","type":"image\/jpeg"}],"twitter_card":"summary_large_image","twitter_misc":{"Est. reading time":"1 minute"},"schema":{"@context":"https:\/\/schema.org","@graph":[{"@type":"WebPage","@id":"https:\/\/extery.com\/lv\/produkti\/nippon-sols-atzveltne-2\/","url":"https:\/\/extery.com\/lv\/produkti\/nippon-sols-atzveltne-2\/","name":"parka sols Nippon - Extery pils\u0113tas m\u0113be\u013cu kolekcija soli","isPartOf":{"@id":"https:\/\/extery.com\/lv\/#website"},"primaryImageOfPage":{"@id":"https:\/\/extery.com\/lv\/produkti\/nippon-sols-atzveltne-2\/#primaryimage"},"image":{"@id":"https:\/\/extery.com\/lv\/produkti\/nippon-sols-atzveltne-2\/#primaryimage"},"thumbnailUrl":"https:\/\/extery.com\/wp-content\/uploads\/2020\/12\/Nippon-park-bench-pargipink-scaled.jpg","datePublished":"2020-11-16T11:43:33+00:00","dateModified":"2026-04-07T11:32:06+00:00","description":"Parka sols Nippon ir vienk\u0101r\u0161s sols ar arhitektoniski skaidriem apjomiem. Pils\u0113tas m\u0113beles - parka soli\u0146i, atkritumu urnas un velosip\u0113du novietnes.","breadcrumb":{"@id":"https:\/\/extery.com\/lv\/produkti\/nippon-sols-atzveltne-2\/#breadcrumb"},"inLanguage":"lv-LV","potentialAction":[{"@type":"ReadAction","target":["https:\/\/extery.com\/lv\/produkti\/nippon-sols-atzveltne-2\/"]}]},{"@type":"ImageObject","inLanguage":"lv-LV","@id":"https:\/\/extery.com\/lv\/produkti\/nippon-sols-atzveltne-2\/#primaryimage","url":"https:\/\/extery.com\/wp-content\/uploads\/2020\/12\/Nippon-park-bench-pargipink-scaled.jpg","contentUrl":"https:\/\/extery.com\/wp-content\/uploads\/2020\/12\/Nippon-park-bench-pargipink-scaled.jpg","width":2560,"height":1707},{"@type":"BreadcrumbList","@id":"https:\/\/extery.com\/lv\/produkti\/nippon-sols-atzveltne-2\/#breadcrumb","itemListElement":[{"@type":"ListItem","position":1,"name":"Home","item":"https:\/\/extery.com\/lv\/"},{"@type":"ListItem","position":2,"name":"Produkti","item":"https:\/\/extery.com\/lv\/produkti\/"},{"@type":"ListItem","position":3,"name":"parka sols Nippon"}]},{"@type":"WebSite","@id":"https:\/\/extery.com\/lv\/#website","url":"https:\/\/extery.com\/lv\/","name":"Extery","description":"","publisher":{"@id":"https:\/\/extery.com\/lv\/#organization"},"potentialAction":[{"@type":"SearchAction","target":{"@type":"EntryPoint","urlTemplate":"https:\/\/extery.com\/lv\/?s={search_term_string}"},"query-input":{"@type":"PropertyValueSpecification","valueRequired":true,"valueName":"search_term_string"}}],"inLanguage":"lv-LV"},{"@type":"Organization","@id":"https:\/\/extery.com\/lv\/#organization","name":"Extery","url":"https:\/\/extery.com\/lv\/","logo":{"@type":"ImageObject","inLanguage":"lv-LV","@id":"https:\/\/extery.com\/lv\/#\/schema\/logo\/image\/","url":"https:\/\/extery.com\/wp-content\/uploads\/2023\/11\/footer-logo.svg","contentUrl":"https:\/\/extery.com\/wp-content\/uploads\/2023\/11\/footer-logo.svg","caption":"Extery"},"image":{"@id":"https:\/\/extery.com\/lv\/#\/schema\/logo\/image\/"}}]}},"_links":{"self":[{"href":"https:\/\/extery.com\/lv\/wp-json\/wp\/v2\/product\/5869","targetHints":{"allow":["GET"]}}],"collection":[{"href":"https:\/\/extery.com\/lv\/wp-json\/wp\/v2\/product"}],"about":[{"href":"https:\/\/extery.com\/lv\/wp-json\/wp\/v2\/types\/product"}],"replies":[{"embeddable":true,"href":"https:\/\/extery.com\/lv\/wp-json\/wp\/v2\/comments?post=5869"}],"wp:featuredmedia":[{"embeddable":true,"href":"https:\/\/extery.com\/lv\/wp-json\/wp\/v2\/media\/10402"}],"wp:attachment":[{"href":"https:\/\/extery.com\/lv\/wp-json\/wp\/v2\/media?parent=5869"}],"wp:term":[{"taxonomy":"product_brand","embeddable":true,"href":"https:\/\/extery.com\/lv\/wp-json\/wp\/v2\/product_brand?post=5869"},{"taxonomy":"product_cat","embeddable":true,"href":"https:\/\/extery.com\/lv\/wp-json\/wp\/v2\/product_cat?post=5869"},{"taxonomy":"product_tag","embeddable":true,"href":"https:\/\/extery.com\/lv\/wp-json\/wp\/v2\/product_tag?post=5869"}],"curies":[{"name":"wp","href":"https:\/\/api.w.org\/{rel}","templated":true}]}}