{"id":8410,"date":"2020-11-23T11:41:14","date_gmt":"2020-11-23T11:41:14","guid":{"rendered":"https:\/\/extery.com\/?post_type=product&#038;p=8410"},"modified":"2026-04-13T10:03:52","modified_gmt":"2026-04-13T10:03:52","slug":"sols-sume","status":"publish","type":"product","link":"https:\/\/extery.com\/lv\/produkti\/sols-sume\/","title":{"rendered":"s\u0113deklis Sume"},"content":{"rendered":"<p>S\u0113deklis Sume ir \u012bpa\u0161s m\u016bsu pils\u0113tas m\u0113be\u013cu pasaul\u0113 un p\u0101rsteidz ar savu dabu un pied\u0101v\u0101jumu. S\u0113deklis ir kust\u012bgs un \u013cauj akt\u012bvilietot. S\u0113di, noliecies, \u0161\u016bpojies vai izstaipies \u2013 esi t\u0101ds, k\u0101ds v\u0113lies!<\/p>\n<p>Sumes da\u017e\u0101d\u0101s k\u0101jas pie\u0161\u0137ir pils\u0113tas telpai kr\u0101su un formu, bet Sumes m\u012bkstais un elast\u012bgais s\u0113deklis patie\u0161\u0101m liek dejot. Ar Sume veido sabiedrisku jautru vidi, st\u016br\u012bti uz ielas, kas aicino\u0161i vilina pies\u0113st ikdienas pel\u0113c\u012bbas vid\u016b.<\/p>\n<p>M\u012bkst\u0101s v\u0113rt\u012bbas bie\u017ei tiek uzskat\u012btas par p\u0101rv\u0113rt\u0113t\u0101m. \u0160\u012b p\u0101rm\u0113r\u012bg\u0101 elast\u012bba nekur neved. Uz m\u016bsu Urban Furniture pasauli tas neattiecas. Veidojot jauno Sume produktu grupu, tika izvirz\u012bta maiguma saj\u016bta un rota\u013c\u012bgums, savuk\u0101rt lieto\u0161anas un izv\u0113les elast\u012bba bija svar\u012bgas papildu v\u0113rt\u012bbas.<\/p>\n<p>Ir iesp\u0113jams, ka Sume s\u0113dek\u013c\u016bs sak\u0101rtot kop\u0101s ar vienas k\u0101jas stila variantu, k\u0101 ar\u012b izveidot da\u017e\u0101du k\u0101ju kombin\u0101cijas. Main\u012bg\u0101 Sumes k\u0101ju izmanto\u0161ana \u013cauj izveidot rota\u013c\u012bgas un iedvesmojo\u0161as zonas laika pavad\u012b\u0161anai un kop\u0101 b\u016b\u0161anai. Izmanto\u0161anas iesp\u0113jas ir elast\u012bgas un bezgal\u012bgas!<\/p>\n<p>&nbsp;<\/p>\n<p>&nbsp;<\/p>\n<p><span style=\"font-size: 10.5pt; color: #2e2e2e;\">\u00a0<\/span><\/p>\n","protected":false},"excerpt":{"rendered":"<p>S\u0113deklis Sume ir \u012bpa\u0161s m\u016bsu pils\u0113tas m\u0113be\u013cu pasaul\u0113 un p\u0101rsteidz ar savu dabu un pied\u0101v\u0101jumu. S\u0113deklis ir kust\u012bgs un \u013cauj akt\u012bvilietot. S\u0113di, noliecies, \u0161\u016bpojies vai izstaipies \u2013 esi t\u0101ds, k\u0101ds v\u0113lies! Sumes da\u017e\u0101d\u0101s k\u0101jas pie\u0161\u0137ir pils\u0113tas telpai kr\u0101su un formu, bet Sumes m\u012bkstais un elast\u012bgais s\u0113deklis patie\u0161\u0101m liek dejot. Ar Sume veido sabiedrisku jautru vidi, [&hellip;]<\/p>\n","protected":false},"featured_media":10178,"comment_status":"open","ping_status":"closed","template":"","meta":{"_acf_changed":false},"product_brand":[],"product_cat":[108],"product_tag":[],"class_list":{"0":"post-8410","1":"product","2":"type-product","3":"status-publish","4":"has-post-thumbnail","6":"product_cat-kresli-lv","7":"product-family-sume-lv","9":"first","10":"instock","11":"shipping-taxable","12":"product-type-simple"},"acf":[],"yoast_head":"<!-- This site is optimized with the Yoast SEO plugin v26.4 - https:\/\/yoast.com\/wordpress\/plugins\/seo\/ -->\n<title>s\u0113deklis Sume - Extery s\u0113deklis no pils\u0113tas m\u0113be\u013cu kolekcijas<\/title>\n<meta name=\"description\" content=\"S\u0113dekli Sume \u012bpa\u0161u padara t\u0101 kust\u012bgais s\u0113deklis. \u0100ra m\u0113be\u013cu grupa Sume ienes pils\u0113ttelp\u0101 kr\u0101su un formu. Pils\u0113tas m\u0113beles, soli\u0146i park\u0101, atkrtitumu urnas, k\u0101 ar\u012b pil\u0101ri un velosip\u0113du novietnes.\" \/>\n<meta name=\"robots\" content=\"index, follow, max-snippet:-1, max-image-preview:large, max-video-preview:-1\" \/>\n<link rel=\"canonical\" href=\"https:\/\/extery.com\/lv\/produkti\/sols-sume\/\" \/>\n<meta property=\"og:locale\" content=\"lv_LV\" \/>\n<meta property=\"og:type\" content=\"article\" \/>\n<meta property=\"og:title\" content=\"s\u0113deklis Sume - Extery s\u0113deklis no pils\u0113tas m\u0113be\u013cu kolekcijas\" \/>\n<meta property=\"og:description\" content=\"S\u0113dekli Sume \u012bpa\u0161u padara t\u0101 kust\u012bgais s\u0113deklis. \u0100ra m\u0113be\u013cu grupa Sume ienes pils\u0113ttelp\u0101 kr\u0101su un formu. Pils\u0113tas m\u0113beles, soli\u0146i park\u0101, atkrtitumu urnas, k\u0101 ar\u012b pil\u0101ri un velosip\u0113du novietnes.\" \/>\n<meta property=\"og:url\" content=\"https:\/\/extery.com\/lv\/produkti\/sols-sume\/\" \/>\n<meta property=\"og:site_name\" content=\"Extery\" \/>\n<meta property=\"article:modified_time\" content=\"2026-04-13T10:03:52+00:00\" \/>\n<meta property=\"og:image\" content=\"https:\/\/extery.com\/wp-content\/uploads\/2020\/12\/Sume-esipilt-scaled.jpg\" \/>\n\t<meta property=\"og:image:width\" content=\"2560\" \/>\n\t<meta property=\"og:image:height\" content=\"1707\" \/>\n\t<meta property=\"og:image:type\" content=\"image\/jpeg\" \/>\n<meta name=\"twitter:card\" content=\"summary_large_image\" \/>\n<meta name=\"twitter:label1\" content=\"Est. reading time\" \/>\n\t<meta name=\"twitter:data1\" content=\"1 minute\" \/>\n<script type=\"application\/ld+json\" class=\"yoast-schema-graph\">{\"@context\":\"https:\/\/schema.org\",\"@graph\":[{\"@type\":\"WebPage\",\"@id\":\"https:\/\/extery.com\/lv\/produkti\/sols-sume\/\",\"url\":\"https:\/\/extery.com\/lv\/produkti\/sols-sume\/\",\"name\":\"s\u0113deklis Sume - Extery s\u0113deklis no pils\u0113tas m\u0113be\u013cu kolekcijas\",\"isPartOf\":{\"@id\":\"https:\/\/extery.com\/lv\/#website\"},\"primaryImageOfPage\":{\"@id\":\"https:\/\/extery.com\/lv\/produkti\/sols-sume\/#primaryimage\"},\"image\":{\"@id\":\"https:\/\/extery.com\/lv\/produkti\/sols-sume\/#primaryimage\"},\"thumbnailUrl\":\"https:\/\/extery.com\/wp-content\/uploads\/2020\/12\/Sume-esipilt-scaled.jpg\",\"datePublished\":\"2020-11-23T11:41:14+00:00\",\"dateModified\":\"2026-04-13T10:03:52+00:00\",\"description\":\"S\u0113dekli Sume \u012bpa\u0161u padara t\u0101 kust\u012bgais s\u0113deklis. \u0100ra m\u0113be\u013cu grupa Sume ienes pils\u0113ttelp\u0101 kr\u0101su un formu. Pils\u0113tas m\u0113beles, soli\u0146i park\u0101, atkrtitumu urnas, k\u0101 ar\u012b pil\u0101ri un velosip\u0113du novietnes.\",\"breadcrumb\":{\"@id\":\"https:\/\/extery.com\/lv\/produkti\/sols-sume\/#breadcrumb\"},\"inLanguage\":\"lv-LV\",\"potentialAction\":[{\"@type\":\"ReadAction\",\"target\":[\"https:\/\/extery.com\/lv\/produkti\/sols-sume\/\"]}]},{\"@type\":\"ImageObject\",\"inLanguage\":\"lv-LV\",\"@id\":\"https:\/\/extery.com\/lv\/produkti\/sols-sume\/#primaryimage\",\"url\":\"https:\/\/extery.com\/wp-content\/uploads\/2020\/12\/Sume-esipilt-scaled.jpg\",\"contentUrl\":\"https:\/\/extery.com\/wp-content\/uploads\/2020\/12\/Sume-esipilt-scaled.jpg\",\"width\":2560,\"height\":1707},{\"@type\":\"BreadcrumbList\",\"@id\":\"https:\/\/extery.com\/lv\/produkti\/sols-sume\/#breadcrumb\",\"itemListElement\":[{\"@type\":\"ListItem\",\"position\":1,\"name\":\"Home\",\"item\":\"https:\/\/extery.com\/lv\/\"},{\"@type\":\"ListItem\",\"position\":2,\"name\":\"Produkti\",\"item\":\"https:\/\/extery.com\/lv\/produkti\/\"},{\"@type\":\"ListItem\",\"position\":3,\"name\":\"s\u0113deklis Sume\"}]},{\"@type\":\"WebSite\",\"@id\":\"https:\/\/extery.com\/lv\/#website\",\"url\":\"https:\/\/extery.com\/lv\/\",\"name\":\"Extery\",\"description\":\"\",\"publisher\":{\"@id\":\"https:\/\/extery.com\/lv\/#organization\"},\"potentialAction\":[{\"@type\":\"SearchAction\",\"target\":{\"@type\":\"EntryPoint\",\"urlTemplate\":\"https:\/\/extery.com\/lv\/?s={search_term_string}\"},\"query-input\":{\"@type\":\"PropertyValueSpecification\",\"valueRequired\":true,\"valueName\":\"search_term_string\"}}],\"inLanguage\":\"lv-LV\"},{\"@type\":\"Organization\",\"@id\":\"https:\/\/extery.com\/lv\/#organization\",\"name\":\"Extery\",\"url\":\"https:\/\/extery.com\/lv\/\",\"logo\":{\"@type\":\"ImageObject\",\"inLanguage\":\"lv-LV\",\"@id\":\"https:\/\/extery.com\/lv\/#\/schema\/logo\/image\/\",\"url\":\"https:\/\/extery.com\/wp-content\/uploads\/2023\/11\/footer-logo.svg\",\"contentUrl\":\"https:\/\/extery.com\/wp-content\/uploads\/2023\/11\/footer-logo.svg\",\"caption\":\"Extery\"},\"image\":{\"@id\":\"https:\/\/extery.com\/lv\/#\/schema\/logo\/image\/\"}}]}<\/script>\n<!-- \/ Yoast SEO plugin. -->","yoast_head_json":{"title":"s\u0113deklis Sume - Extery s\u0113deklis no pils\u0113tas m\u0113be\u013cu kolekcijas","description":"S\u0113dekli Sume \u012bpa\u0161u padara t\u0101 kust\u012bgais s\u0113deklis. \u0100ra m\u0113be\u013cu grupa Sume ienes pils\u0113ttelp\u0101 kr\u0101su un formu. Pils\u0113tas m\u0113beles, soli\u0146i park\u0101, atkrtitumu urnas, k\u0101 ar\u012b pil\u0101ri un velosip\u0113du novietnes.","robots":{"index":"index","follow":"follow","max-snippet":"max-snippet:-1","max-image-preview":"max-image-preview:large","max-video-preview":"max-video-preview:-1"},"canonical":"https:\/\/extery.com\/lv\/produkti\/sols-sume\/","og_locale":"lv_LV","og_type":"article","og_title":"s\u0113deklis Sume - Extery s\u0113deklis no pils\u0113tas m\u0113be\u013cu kolekcijas","og_description":"S\u0113dekli Sume \u012bpa\u0161u padara t\u0101 kust\u012bgais s\u0113deklis. \u0100ra m\u0113be\u013cu grupa Sume ienes pils\u0113ttelp\u0101 kr\u0101su un formu. Pils\u0113tas m\u0113beles, soli\u0146i park\u0101, atkrtitumu urnas, k\u0101 ar\u012b pil\u0101ri un velosip\u0113du novietnes.","og_url":"https:\/\/extery.com\/lv\/produkti\/sols-sume\/","og_site_name":"Extery","article_modified_time":"2026-04-13T10:03:52+00:00","og_image":[{"width":2560,"height":1707,"url":"https:\/\/extery.com\/wp-content\/uploads\/2020\/12\/Sume-esipilt-scaled.jpg","type":"image\/jpeg"}],"twitter_card":"summary_large_image","twitter_misc":{"Est. reading time":"1 minute"},"schema":{"@context":"https:\/\/schema.org","@graph":[{"@type":"WebPage","@id":"https:\/\/extery.com\/lv\/produkti\/sols-sume\/","url":"https:\/\/extery.com\/lv\/produkti\/sols-sume\/","name":"s\u0113deklis Sume - Extery s\u0113deklis no pils\u0113tas m\u0113be\u013cu kolekcijas","isPartOf":{"@id":"https:\/\/extery.com\/lv\/#website"},"primaryImageOfPage":{"@id":"https:\/\/extery.com\/lv\/produkti\/sols-sume\/#primaryimage"},"image":{"@id":"https:\/\/extery.com\/lv\/produkti\/sols-sume\/#primaryimage"},"thumbnailUrl":"https:\/\/extery.com\/wp-content\/uploads\/2020\/12\/Sume-esipilt-scaled.jpg","datePublished":"2020-11-23T11:41:14+00:00","dateModified":"2026-04-13T10:03:52+00:00","description":"S\u0113dekli Sume \u012bpa\u0161u padara t\u0101 kust\u012bgais s\u0113deklis. \u0100ra m\u0113be\u013cu grupa Sume ienes pils\u0113ttelp\u0101 kr\u0101su un formu. Pils\u0113tas m\u0113beles, soli\u0146i park\u0101, atkrtitumu urnas, k\u0101 ar\u012b pil\u0101ri un velosip\u0113du novietnes.","breadcrumb":{"@id":"https:\/\/extery.com\/lv\/produkti\/sols-sume\/#breadcrumb"},"inLanguage":"lv-LV","potentialAction":[{"@type":"ReadAction","target":["https:\/\/extery.com\/lv\/produkti\/sols-sume\/"]}]},{"@type":"ImageObject","inLanguage":"lv-LV","@id":"https:\/\/extery.com\/lv\/produkti\/sols-sume\/#primaryimage","url":"https:\/\/extery.com\/wp-content\/uploads\/2020\/12\/Sume-esipilt-scaled.jpg","contentUrl":"https:\/\/extery.com\/wp-content\/uploads\/2020\/12\/Sume-esipilt-scaled.jpg","width":2560,"height":1707},{"@type":"BreadcrumbList","@id":"https:\/\/extery.com\/lv\/produkti\/sols-sume\/#breadcrumb","itemListElement":[{"@type":"ListItem","position":1,"name":"Home","item":"https:\/\/extery.com\/lv\/"},{"@type":"ListItem","position":2,"name":"Produkti","item":"https:\/\/extery.com\/lv\/produkti\/"},{"@type":"ListItem","position":3,"name":"s\u0113deklis Sume"}]},{"@type":"WebSite","@id":"https:\/\/extery.com\/lv\/#website","url":"https:\/\/extery.com\/lv\/","name":"Extery","description":"","publisher":{"@id":"https:\/\/extery.com\/lv\/#organization"},"potentialAction":[{"@type":"SearchAction","target":{"@type":"EntryPoint","urlTemplate":"https:\/\/extery.com\/lv\/?s={search_term_string}"},"query-input":{"@type":"PropertyValueSpecification","valueRequired":true,"valueName":"search_term_string"}}],"inLanguage":"lv-LV"},{"@type":"Organization","@id":"https:\/\/extery.com\/lv\/#organization","name":"Extery","url":"https:\/\/extery.com\/lv\/","logo":{"@type":"ImageObject","inLanguage":"lv-LV","@id":"https:\/\/extery.com\/lv\/#\/schema\/logo\/image\/","url":"https:\/\/extery.com\/wp-content\/uploads\/2023\/11\/footer-logo.svg","contentUrl":"https:\/\/extery.com\/wp-content\/uploads\/2023\/11\/footer-logo.svg","caption":"Extery"},"image":{"@id":"https:\/\/extery.com\/lv\/#\/schema\/logo\/image\/"}}]}},"_links":{"self":[{"href":"https:\/\/extery.com\/lv\/wp-json\/wp\/v2\/product\/8410","targetHints":{"allow":["GET"]}}],"collection":[{"href":"https:\/\/extery.com\/lv\/wp-json\/wp\/v2\/product"}],"about":[{"href":"https:\/\/extery.com\/lv\/wp-json\/wp\/v2\/types\/product"}],"replies":[{"embeddable":true,"href":"https:\/\/extery.com\/lv\/wp-json\/wp\/v2\/comments?post=8410"}],"wp:featuredmedia":[{"embeddable":true,"href":"https:\/\/extery.com\/lv\/wp-json\/wp\/v2\/media\/10178"}],"wp:attachment":[{"href":"https:\/\/extery.com\/lv\/wp-json\/wp\/v2\/media?parent=8410"}],"wp:term":[{"taxonomy":"product_brand","embeddable":true,"href":"https:\/\/extery.com\/lv\/wp-json\/wp\/v2\/product_brand?post=8410"},{"taxonomy":"product_cat","embeddable":true,"href":"https:\/\/extery.com\/lv\/wp-json\/wp\/v2\/product_cat?post=8410"},{"taxonomy":"product_tag","embeddable":true,"href":"https:\/\/extery.com\/lv\/wp-json\/wp\/v2\/product_tag?post=8410"}],"curies":[{"name":"wp","href":"https:\/\/api.w.org\/{rel}","templated":true}]}}