{"id":57007,"date":"2026-03-04T11:34:25","date_gmt":"2026-03-04T11:34:25","guid":{"rendered":"https:\/\/extery.com\/strona-glowna\/"},"modified":"2026-05-04T07:20:39","modified_gmt":"2026-05-04T07:20:39","slug":"strona-glowna","status":"publish","type":"page","link":"https:\/\/extery.com\/pl\/","title":{"rendered":"Strona g\u0142\u00f3wna"},"content":{"rendered":"<h2 data-start=\"289\" data-end=\"350\"><strong data-start=\"292\" data-end=\"350\">Meble miejskie dla sp\u00f3jnych i trwa\u0142ych przestrzeni publicznych<\/strong><\/h2>\n<p data-start=\"352\" data-end=\"862\">Meble miejskie EXTERY powstaj\u0105, aby zapewnia\u0107 wygodne, trwa\u0142e i estetycznie dopracowane rozwi\u0105zania dla ka\u017cdego rodzaju przestrzeni publicznej. Nasza rodzina produkt\u00f3w obejmuje ergonomiczne \u0142awki parkowe, \u0142atwe w utrzymaniu metalowe kosze na \u015bmieci, precyzyjnie wyprofilowane s\u0142upki, stojaki rowerowe, charakterystyczne donice oraz starannie wykonane elementy wyposa\u017cenia plenerowego. Ka\u017cdy z nich wsp\u00f3\u0142tworzy sp\u00f3jn\u0105 koncepcj\u0119 ma\u0142ej architektury, kt\u00f3ra uatrakcyjnia parki, promenady, ci\u0105gi piesze, tereny szkolne, osiedlowe dziedzi\u0144ce oraz nowoczesne inwestycje miejskie.<\/p>\n<h2 data-start=\"869\" data-end=\"929\"><strong data-start=\"872\" data-end=\"929\">Kompleksowa kolekcja dla architektury krajobrazu<\/strong><\/h2>\n<p data-start=\"931\" data-end=\"1416\">Nasza bogata oferta mebli miejskich obejmuje \u0142awki parkowe, kosze na \u015bmieci, stojaki rowerowe, donice, s\u0142upki oraz kompletne zestawy piknikowe. Ka\u017cdy produkt jest wynikiem starannego procesu projektowania, kt\u00f3ry \u0142\u0105czy komfort u\u017cytkownika, ponadczasow\u0105 estetyk\u0119 i wieloletni\u0105 trwa\u0142o\u015b\u0107. Zaprojektowane z my\u015bl\u0105 o intensywnym u\u017cytkowaniu w przestrzeni publicznej i surowym nordyckim klimacie, meble zewn\u0119trzne EXTERY zachowuj\u0105 czysto\u015b\u0107 formy i integralno\u015b\u0107 konstrukcyjn\u0105 w r\u00f3\u017cnorodnych projektach architektury krajobrazu i urbanistyki.<\/p>\n<h2 data-start=\"1423\" data-end=\"1470\"><strong data-start=\"1426\" data-end=\"1470\">Przekszta\u0142canie przestrzeni publicznej poprzez projektowanie<\/strong><\/h2>\n<p data-start=\"1472\" data-end=\"1812\">W rytmie t\u0119tni\u0105cego \u017cyciem miasta przestrzenie po\u015brednie cz\u0119sto pozostaj\u0105 niezauwa\u017cone \u2014 to niewielkie enklawy mo\u017cliwo\u015bci wplecione w nasze codzienne trasy. W Extery postrzegamy te przestrzenie jako potencjalne punkty spotka\u0144 i miejsca aktywno\u015bci. To co\u015b wi\u0119cej ni\u017c tylko utwardzone nawierzchnie; to dla ludzi okazja do odpoczynku, refleksji, zabawy i integracji.<\/p>\n<p data-start=\"1814\" data-end=\"2111\">Nasze meble miejskie nie tylko wype\u0142niaj\u0105 przestrze\u0144. One j\u0105 odmieniaj\u0105. Dzi\u0119ki po\u0142\u0105czeniu nordyckiej estetyki, projektowania zorientowanego na cz\u0142owieka i wyj\u0105tkowego rzemios\u0142a, meble miejskie EXTERY nadaj\u0105 to\u017csamo\u015b\u0107, tworz\u0105 atmosfer\u0119 i zapewniaj\u0105 komfort. Zach\u0119caj\u0105 ludzi do tego, by usi\u0105\u015b\u0107, zrelaksowa\u0107 si\u0119, wchodzi\u0107 w interakcje i cieszy\u0107 si\u0119 autentycznym \u017cyciem na \u015bwie\u017cym powietrzu.<\/p>\n<h2 data-start=\"2118\" data-end=\"2161\"><strong data-start=\"2121\" data-end=\"2161\">Projektowanie miast, w kt\u00f3rych czujemy si\u0119 jak w domu<\/strong><\/h2>\n<p data-start=\"2163\" data-end=\"2499\">Nasz\u0105 misj\u0105 w Extery jest sprawienie, by miasta by\u0142y bardziej przyjazne i ludzkie. Dzi\u0119ki przemy\u015blanemu wzornictwu budujemy poczucie przynale\u017cno\u015bci i zach\u0119camy do warto\u015bciowych interakcji. Starannie zaaran\u017cowana przestrze\u0144 publiczna staje si\u0119 przed\u0142u\u017ceniem salonu \u2014 miejscem, w kt\u00f3rym mo\u017cna wsp\u00f3lnie si\u0119 \u015bmia\u0107, delektowa\u0107 si\u0119 porann\u0105 kaw\u0105 lub wr\u00f3ci\u0107 do niedoko\u0144czonej ksi\u0105\u017cki.<\/p>\n<p data-start=\"2501\" data-end=\"2687\">Extery to co\u015b wi\u0119cej ni\u017c \u0142awka parkowa. Extery o\u017cywia przestrzenie. Dzi\u0119ki materia\u0142om z certyfikatem FSC i dba\u0142o\u015bci o trwa\u0142o\u015b\u0107 pomagamy tworzy\u0107 miasta, w kt\u00f3rych ludzie czuj\u0105 si\u0119 swobodnie i buduj\u0105 wi\u0119zi.<\/p>\n<p data-start=\"2501\" data-end=\"2687\">Zobacz nasze produkty <a href=\"https:\/\/extery.com\/pl\/rodziny-produktow\/\">tutaj<\/a>.<\/p>\n<p data-start=\"2833\" data-end=\"2950\">\u00a0<img loading=\"lazy\" decoding=\"async\" class=\"alignnone size-medium wp-image-53299\" src=\"https:\/\/extery.com\/wp-content\/uploads\/2024\/10\/Park-bench-Linn-Extery-urban-furniture-10-300x200.jpg\" alt=\"EXTERY street furniture with Nordic-design park benches and outdoor furniture elements enhancing modern landscape architecture.\" width=\"300\" height=\"200\" srcset=\"https:\/\/extery.com\/wp-content\/uploads\/2024\/10\/Park-bench-Linn-Extery-urban-furniture-10-300x200.jpg 300w, https:\/\/extery.com\/wp-content\/uploads\/2024\/10\/Park-bench-Linn-Extery-urban-furniture-10-768x512.jpg 768w, https:\/\/extery.com\/wp-content\/uploads\/2024\/10\/Park-bench-Linn-Extery-urban-furniture-10-600x400.jpg 600w, https:\/\/extery.com\/wp-content\/uploads\/2024\/10\/Park-bench-Linn-Extery-urban-furniture-10.jpg 900w\" sizes=\"auto, (max-width: 300px) 100vw, 300px\" \/><\/p>\n<p data-start=\"2113\" data-end=\"2177\">\n","protected":false},"excerpt":{"rendered":"<p>Meble miejskie dla sp\u00f3jnych i trwa\u0142ych przestrzeni publicznych Meble miejskie EXTERY powstaj\u0105, aby zapewnia\u0107 wygodne, trwa\u0142e i estetycznie dopracowane rozwi\u0105zania dla ka\u017cdego rodzaju przestrzeni publicznej. Nasza rodzina produkt\u00f3w obejmuje ergonomiczne \u0142awki parkowe, \u0142atwe w utrzymaniu metalowe kosze na \u015bmieci, precyzyjnie wyprofilowane s\u0142upki, stojaki rowerowe, charakterystyczne donice oraz starannie wykonane elementy wyposa\u017cenia plenerowego. Ka\u017cdy z nich [&hellip;]<\/p>\n","protected":false},"author":1,"featured_media":0,"parent":0,"menu_order":0,"comment_status":"closed","ping_status":"closed","template":"tpl__front-page.php","meta":{"_acf_changed":false,"footnotes":""},"class_list":["post-57007","page","type-page","status-publish","hentry"],"acf":[],"yoast_head":"<!-- This site is optimized with the Yoast SEO plugin v26.4 - https:\/\/yoast.com\/wordpress\/plugins\/seo\/ -->\n<title>Strona g\u0142\u00f3wna - Extery meble miejskie<\/title>\n<meta name=\"description\" content=\"Meble miejskie \u0142\u0105cz\u0105ce skandynawski design i trwa\u0142o\u015b\u0107. \u0141awki parkowe, kosze na \u015bmieci, stojaki rowerowe, donice. Poznaj nasz\u0105 kolekcj\u0119!\" \/>\n<meta name=\"robots\" content=\"index, follow, max-snippet:-1, max-image-preview:large, max-video-preview:-1\" \/>\n<link rel=\"canonical\" href=\"https:\/\/extery.com\/pl\/\" \/>\n<meta property=\"og:locale\" content=\"pl_PL\" \/>\n<meta property=\"og:type\" content=\"article\" \/>\n<meta property=\"og:title\" content=\"Strona g\u0142\u00f3wna - Extery meble miejskie\" \/>\n<meta property=\"og:description\" content=\"Meble miejskie \u0142\u0105cz\u0105ce skandynawski design i trwa\u0142o\u015b\u0107. \u0141awki parkowe, kosze na \u015bmieci, stojaki rowerowe, donice. Poznaj nasz\u0105 kolekcj\u0119!\" \/>\n<meta property=\"og:url\" content=\"https:\/\/extery.com\/pl\/\" \/>\n<meta property=\"og:site_name\" content=\"Extery\" \/>\n<meta property=\"article:modified_time\" content=\"2026-05-04T07:20:39+00:00\" \/>\n<meta property=\"og:image\" content=\"https:\/\/extery.com\/wp-content\/uploads\/2024\/10\/Park-bench-Linn-Extery-urban-furniture-10.jpg\" \/>\n\t<meta property=\"og:image:width\" content=\"900\" \/>\n\t<meta property=\"og:image:height\" content=\"600\" \/>\n\t<meta property=\"og:image:type\" content=\"image\/jpeg\" \/>\n<meta name=\"twitter:card\" content=\"summary_large_image\" \/>\n<meta name=\"twitter:label1\" content=\"Szacowany czas czytania\" \/>\n\t<meta name=\"twitter:data1\" content=\"3 minuty\" \/>\n<script type=\"application\/ld+json\" class=\"yoast-schema-graph\">{\"@context\":\"https:\/\/schema.org\",\"@graph\":[{\"@type\":\"WebPage\",\"@id\":\"https:\/\/extery.com\/pl\/\",\"url\":\"https:\/\/extery.com\/pl\/\",\"name\":\"Strona g\u0142\u00f3wna - Extery meble miejskie\",\"isPartOf\":{\"@id\":\"https:\/\/extery.com\/pl\/#website\"},\"primaryImageOfPage\":{\"@id\":\"https:\/\/extery.com\/pl\/#primaryimage\"},\"image\":{\"@id\":\"https:\/\/extery.com\/pl\/#primaryimage\"},\"thumbnailUrl\":\"https:\/\/extery.com\/wp-content\/uploads\/2024\/10\/Park-bench-Linn-Extery-urban-furniture-10-300x200.jpg\",\"datePublished\":\"2026-03-04T11:34:25+00:00\",\"dateModified\":\"2026-05-04T07:20:39+00:00\",\"description\":\"Meble miejskie \u0142\u0105cz\u0105ce skandynawski design i trwa\u0142o\u015b\u0107. \u0141awki parkowe, kosze na \u015bmieci, stojaki rowerowe, donice. Poznaj nasz\u0105 kolekcj\u0119!\",\"breadcrumb\":{\"@id\":\"https:\/\/extery.com\/pl\/#breadcrumb\"},\"inLanguage\":\"pl-PL\",\"potentialAction\":[{\"@type\":\"ReadAction\",\"target\":[\"https:\/\/extery.com\/pl\/\"]}]},{\"@type\":\"ImageObject\",\"inLanguage\":\"pl-PL\",\"@id\":\"https:\/\/extery.com\/pl\/#primaryimage\",\"url\":\"https:\/\/extery.com\/wp-content\/uploads\/2024\/10\/Park-bench-Linn-Extery-urban-furniture-10-300x200.jpg\",\"contentUrl\":\"https:\/\/extery.com\/wp-content\/uploads\/2024\/10\/Park-bench-Linn-Extery-urban-furniture-10-300x200.jpg\"},{\"@type\":\"BreadcrumbList\",\"@id\":\"https:\/\/extery.com\/pl\/#breadcrumb\",\"itemListElement\":[{\"@type\":\"ListItem\",\"position\":1,\"name\":\"Home\",\"item\":\"https:\/\/extery.com\/pl\/\"},{\"@type\":\"ListItem\",\"position\":2,\"name\":\"Strona g\u0142\u00f3wna\"}]},{\"@type\":\"WebSite\",\"@id\":\"https:\/\/extery.com\/pl\/#website\",\"url\":\"https:\/\/extery.com\/pl\/\",\"name\":\"Extery\",\"description\":\"\",\"publisher\":{\"@id\":\"https:\/\/extery.com\/pl\/#organization\"},\"potentialAction\":[{\"@type\":\"SearchAction\",\"target\":{\"@type\":\"EntryPoint\",\"urlTemplate\":\"https:\/\/extery.com\/pl\/?s={search_term_string}\"},\"query-input\":{\"@type\":\"PropertyValueSpecification\",\"valueRequired\":true,\"valueName\":\"search_term_string\"}}],\"inLanguage\":\"pl-PL\"},{\"@type\":\"Organization\",\"@id\":\"https:\/\/extery.com\/pl\/#organization\",\"name\":\"Extery\",\"url\":\"https:\/\/extery.com\/pl\/\",\"logo\":{\"@type\":\"ImageObject\",\"inLanguage\":\"pl-PL\",\"@id\":\"https:\/\/extery.com\/pl\/#\/schema\/logo\/image\/\",\"url\":\"https:\/\/extery.com\/wp-content\/uploads\/2023\/11\/footer-logo.svg\",\"contentUrl\":\"https:\/\/extery.com\/wp-content\/uploads\/2023\/11\/footer-logo.svg\",\"caption\":\"Extery \"},\"image\":{\"@id\":\"https:\/\/extery.com\/pl\/#\/schema\/logo\/image\/\"}}]}<\/script>\n<!-- \/ Yoast SEO plugin. -->","yoast_head_json":{"title":"Strona g\u0142\u00f3wna - Extery meble miejskie","description":"Meble miejskie \u0142\u0105cz\u0105ce skandynawski design i trwa\u0142o\u015b\u0107. \u0141awki parkowe, kosze na \u015bmieci, stojaki rowerowe, donice. Poznaj nasz\u0105 kolekcj\u0119!","robots":{"index":"index","follow":"follow","max-snippet":"max-snippet:-1","max-image-preview":"max-image-preview:large","max-video-preview":"max-video-preview:-1"},"canonical":"https:\/\/extery.com\/pl\/","og_locale":"pl_PL","og_type":"article","og_title":"Strona g\u0142\u00f3wna - Extery meble miejskie","og_description":"Meble miejskie \u0142\u0105cz\u0105ce skandynawski design i trwa\u0142o\u015b\u0107. \u0141awki parkowe, kosze na \u015bmieci, stojaki rowerowe, donice. Poznaj nasz\u0105 kolekcj\u0119!","og_url":"https:\/\/extery.com\/pl\/","og_site_name":"Extery","article_modified_time":"2026-05-04T07:20:39+00:00","og_image":[{"width":900,"height":600,"url":"https:\/\/extery.com\/wp-content\/uploads\/2024\/10\/Park-bench-Linn-Extery-urban-furniture-10.jpg","type":"image\/jpeg"}],"twitter_card":"summary_large_image","twitter_misc":{"Szacowany czas czytania":"3 minuty"},"schema":{"@context":"https:\/\/schema.org","@graph":[{"@type":"WebPage","@id":"https:\/\/extery.com\/pl\/","url":"https:\/\/extery.com\/pl\/","name":"Strona g\u0142\u00f3wna - Extery meble miejskie","isPartOf":{"@id":"https:\/\/extery.com\/pl\/#website"},"primaryImageOfPage":{"@id":"https:\/\/extery.com\/pl\/#primaryimage"},"image":{"@id":"https:\/\/extery.com\/pl\/#primaryimage"},"thumbnailUrl":"https:\/\/extery.com\/wp-content\/uploads\/2024\/10\/Park-bench-Linn-Extery-urban-furniture-10-300x200.jpg","datePublished":"2026-03-04T11:34:25+00:00","dateModified":"2026-05-04T07:20:39+00:00","description":"Meble miejskie \u0142\u0105cz\u0105ce skandynawski design i trwa\u0142o\u015b\u0107. \u0141awki parkowe, kosze na \u015bmieci, stojaki rowerowe, donice. Poznaj nasz\u0105 kolekcj\u0119!","breadcrumb":{"@id":"https:\/\/extery.com\/pl\/#breadcrumb"},"inLanguage":"pl-PL","potentialAction":[{"@type":"ReadAction","target":["https:\/\/extery.com\/pl\/"]}]},{"@type":"ImageObject","inLanguage":"pl-PL","@id":"https:\/\/extery.com\/pl\/#primaryimage","url":"https:\/\/extery.com\/wp-content\/uploads\/2024\/10\/Park-bench-Linn-Extery-urban-furniture-10-300x200.jpg","contentUrl":"https:\/\/extery.com\/wp-content\/uploads\/2024\/10\/Park-bench-Linn-Extery-urban-furniture-10-300x200.jpg"},{"@type":"BreadcrumbList","@id":"https:\/\/extery.com\/pl\/#breadcrumb","itemListElement":[{"@type":"ListItem","position":1,"name":"Home","item":"https:\/\/extery.com\/pl\/"},{"@type":"ListItem","position":2,"name":"Strona g\u0142\u00f3wna"}]},{"@type":"WebSite","@id":"https:\/\/extery.com\/pl\/#website","url":"https:\/\/extery.com\/pl\/","name":"Extery","description":"","publisher":{"@id":"https:\/\/extery.com\/pl\/#organization"},"potentialAction":[{"@type":"SearchAction","target":{"@type":"EntryPoint","urlTemplate":"https:\/\/extery.com\/pl\/?s={search_term_string}"},"query-input":{"@type":"PropertyValueSpecification","valueRequired":true,"valueName":"search_term_string"}}],"inLanguage":"pl-PL"},{"@type":"Organization","@id":"https:\/\/extery.com\/pl\/#organization","name":"Extery","url":"https:\/\/extery.com\/pl\/","logo":{"@type":"ImageObject","inLanguage":"pl-PL","@id":"https:\/\/extery.com\/pl\/#\/schema\/logo\/image\/","url":"https:\/\/extery.com\/wp-content\/uploads\/2023\/11\/footer-logo.svg","contentUrl":"https:\/\/extery.com\/wp-content\/uploads\/2023\/11\/footer-logo.svg","caption":"Extery "},"image":{"@id":"https:\/\/extery.com\/pl\/#\/schema\/logo\/image\/"}}]}},"_links":{"self":[{"href":"https:\/\/extery.com\/pl\/wp-json\/wp\/v2\/pages\/57007","targetHints":{"allow":["GET"]}}],"collection":[{"href":"https:\/\/extery.com\/pl\/wp-json\/wp\/v2\/pages"}],"about":[{"href":"https:\/\/extery.com\/pl\/wp-json\/wp\/v2\/types\/page"}],"author":[{"embeddable":true,"href":"https:\/\/extery.com\/pl\/wp-json\/wp\/v2\/users\/1"}],"replies":[{"embeddable":true,"href":"https:\/\/extery.com\/pl\/wp-json\/wp\/v2\/comments?post=57007"}],"version-history":[{"count":7,"href":"https:\/\/extery.com\/pl\/wp-json\/wp\/v2\/pages\/57007\/revisions"}],"predecessor-version":[{"id":63778,"href":"https:\/\/extery.com\/pl\/wp-json\/wp\/v2\/pages\/57007\/revisions\/63778"}],"wp:attachment":[{"href":"https:\/\/extery.com\/pl\/wp-json\/wp\/v2\/media?parent=57007"}],"curies":[{"name":"wp","href":"https:\/\/api.w.org\/{rel}","templated":true}]}}