{"id":58530,"date":"2026-04-09T06:33:14","date_gmt":"2026-04-09T06:33:14","guid":{"rendered":"https:\/\/extery.com\/hula-swivel-seating-movement-in-public-space\/"},"modified":"2026-05-04T08:15:34","modified_gmt":"2026-05-04T08:15:34","slug":"hula-obrotowe-siedzisko-ruch-w-przestrzeni-publicznej","status":"publish","type":"page","link":"https:\/\/extery.com\/pl\/hula-obrotowe-siedzisko-ruch-w-przestrzeni-publicznej\/","title":{"rendered":"Hula obrotowe siedzisko \u2013 ruch w przestrzeni publicznej"},"content":{"rendered":"<p>Obrotowe siedziska Hula wprowadzaj\u0105 ruch do przestrzeni publicznej. Zaprojektowane dla architekt\u00f3w krajobrazu kszta\u0142tuj\u0105cych parki, place i kampusy. Hula wprowadza ruch do przestrzeni publicznej. <a href=\"https:\/\/extery.com\/pl\/rodziny-produktow\/\">https:\/\/extery.com\/en\/product-families\/<\/a><\/p>\n<p>Siedziska obrotowe to niewielka zmiana, kt\u00f3ra sprawia, \u017ce przestrzenie publiczne staj\u0105 si\u0119 bardziej osobiste, elastyczne i przyjazne u\u017cytkownikom. Nowa rodzina obrotowych siedzisk Hula zapewnia wi\u0119ksz\u0105 swobod\u0119 korzystania z przestrzeni, umo\u017cliwiaj\u0105c mieszka\u0144com \u0142atwe zwr\u00f3cenie si\u0119 w stron\u0119 rozm\u00f3wcy, odwr\u00f3cenie si\u0119 od \u017ar\u00f3d\u0142a ha\u0142asu lub po prostu zmian\u0119 kierunku siedzenia bez konieczno\u015bci zmiany miejsca.<\/p>\n<p>Tego rodzaju mikrokomfort sprzyja d\u0142u\u017cszemu przebywaniu w przestrzeni publicznej, zach\u0119caj\u0105c ludzi do zatrzymania si\u0119, powrot\u00f3w i naturalnej interakcji z otoczeniem.<\/p>\n<p><strong>Hula zmienia spos\u00f3b, w jaki odbieramy przestrze\u0144 publiczn\u0105 &#8211; staje si\u0119 ona bardziej osobista, bardziej elastyczna i bardziej przyjazna cz\u0142owiekowi.<\/strong><\/p>\n<p>Obrotowe siedziska Hula.<\/p>\n<p><img loading=\"lazy\" decoding=\"async\" class=\"wp-image-58049 size-thumbnail\" title=\"T\u00e4navam\u00f6\u00f6bel- PARGIPINGID, PR\u00dcGIKASTID, JALGRATTAHOIDJAD, POLLARID, taimekonteinerid - Extery linnam\u00f6\u00f6bel\" src=\"https:\/\/extery.com\/wp-content\/uploads\/2026\/03\/Hula-group_city-people_small-150x150.jpg\" alt=\"Hula swivel seating - movement in public space\" width=\"150\" height=\"150\" srcset=\"https:\/\/extery.com\/wp-content\/uploads\/2026\/03\/Hula-group_city-people_small-150x150.jpg 150w, https:\/\/extery.com\/wp-content\/uploads\/2026\/03\/Hula-group_city-people_small-300x300.jpg 300w, https:\/\/extery.com\/wp-content\/uploads\/2026\/03\/Hula-group_city-people_small-1024x1024.jpg 1024w, https:\/\/extery.com\/wp-content\/uploads\/2026\/03\/Hula-group_city-people_small-768x768.jpg 768w, https:\/\/extery.com\/wp-content\/uploads\/2026\/03\/Hula-group_city-people_small-600x600.jpg 600w, https:\/\/extery.com\/wp-content\/uploads\/2026\/03\/Hula-group_city-people_small-100x100.jpg 100w, https:\/\/extery.com\/wp-content\/uploads\/2026\/03\/Hula-group_city-people_small.jpg 1300w\" sizes=\"auto, (max-width: 150px) 100vw, 150px\" \/><\/p>\n","protected":false},"excerpt":{"rendered":"<p>Obrotowe siedziska Hula wprowadzaj\u0105 ruch do przestrzeni publicznej. Zaprojektowane dla architekt\u00f3w krajobrazu kszta\u0142tuj\u0105cych parki, place i kampusy. Hula wprowadza ruch do przestrzeni publicznej. https:\/\/extery.com\/en\/product-families\/ Siedziska obrotowe to niewielka zmiana, kt\u00f3ra sprawia, \u017ce przestrzenie publiczne staj\u0105 si\u0119 bardziej osobiste, elastyczne i przyjazne u\u017cytkownikom. Nowa rodzina obrotowych siedzisk Hula zapewnia wi\u0119ksz\u0105 swobod\u0119 korzystania z przestrzeni, umo\u017cliwiaj\u0105c mieszka\u0144com [&hellip;]<\/p>\n","protected":false},"author":1,"featured_media":0,"parent":0,"menu_order":0,"comment_status":"closed","ping_status":"closed","template":"tpl_product_family_campaign.php","meta":{"_acf_changed":false,"footnotes":""},"class_list":["post-58530","page","type-page","status-publish","hentry"],"acf":[],"yoast_head":"<!-- This site is optimized with the Yoast SEO plugin v26.4 - https:\/\/yoast.com\/wordpress\/plugins\/seo\/ -->\n<title>Hula obrotowe siedzisko \u2013 ruch w przestrzeni publicznej - Extery<\/title>\n<meta name=\"description\" content=\"Obrotowe siedziska Hula wprowadzaj\u0105 ruch do przestrzeni publicznej, wspieraj\u0105c architekt\u00f3w krajobrazu projektuj\u0105cych parki, place i kampusy.\" \/>\n<meta name=\"robots\" content=\"index, follow, max-snippet:-1, max-image-preview:large, max-video-preview:-1\" \/>\n<link rel=\"canonical\" href=\"https:\/\/extery.com\/pl\/hula-obrotowe-siedzisko-ruch-w-przestrzeni-publicznej\/\" \/>\n<meta property=\"og:locale\" content=\"pl_PL\" \/>\n<meta property=\"og:type\" content=\"article\" \/>\n<meta property=\"og:title\" content=\"Hula obrotowe siedzisko \u2013 ruch w przestrzeni publicznej - Extery\" \/>\n<meta property=\"og:description\" content=\"Obrotowe siedziska Hula wprowadzaj\u0105 ruch do przestrzeni publicznej, wspieraj\u0105c architekt\u00f3w krajobrazu projektuj\u0105cych parki, place i kampusy.\" \/>\n<meta property=\"og:url\" content=\"https:\/\/extery.com\/pl\/hula-obrotowe-siedzisko-ruch-w-przestrzeni-publicznej\/\" \/>\n<meta property=\"og:site_name\" content=\"Extery\" \/>\n<meta property=\"article:modified_time\" content=\"2026-05-04T08:15:34+00:00\" \/>\n<meta property=\"og:image\" content=\"https:\/\/extery.com\/wp-content\/uploads\/2026\/03\/Hula-group_city-people_small.jpg\" \/>\n\t<meta property=\"og:image:width\" content=\"1300\" \/>\n\t<meta property=\"og:image:height\" content=\"1300\" \/>\n\t<meta property=\"og:image:type\" content=\"image\/jpeg\" \/>\n<meta name=\"twitter:card\" content=\"summary_large_image\" \/>\n<meta name=\"twitter:label1\" content=\"Szacowany czas czytania\" \/>\n\t<meta name=\"twitter:data1\" content=\"1 minuta\" \/>\n<script type=\"application\/ld+json\" class=\"yoast-schema-graph\">{\"@context\":\"https:\/\/schema.org\",\"@graph\":[{\"@type\":\"WebPage\",\"@id\":\"https:\/\/extery.com\/pl\/hula-obrotowe-siedzisko-ruch-w-przestrzeni-publicznej\/\",\"url\":\"https:\/\/extery.com\/pl\/hula-obrotowe-siedzisko-ruch-w-przestrzeni-publicznej\/\",\"name\":\"Hula obrotowe siedzisko \u2013 ruch w przestrzeni publicznej - Extery\",\"isPartOf\":{\"@id\":\"https:\/\/extery.com\/pl\/#website\"},\"primaryImageOfPage\":{\"@id\":\"https:\/\/extery.com\/pl\/hula-obrotowe-siedzisko-ruch-w-przestrzeni-publicznej\/#primaryimage\"},\"image\":{\"@id\":\"https:\/\/extery.com\/pl\/hula-obrotowe-siedzisko-ruch-w-przestrzeni-publicznej\/#primaryimage\"},\"thumbnailUrl\":\"https:\/\/extery.com\/wp-content\/uploads\/2026\/03\/Hula-group_city-people_small-150x150.jpg\",\"datePublished\":\"2026-04-09T06:33:14+00:00\",\"dateModified\":\"2026-05-04T08:15:34+00:00\",\"description\":\"Obrotowe siedziska Hula wprowadzaj\u0105 ruch do przestrzeni publicznej, wspieraj\u0105c architekt\u00f3w krajobrazu projektuj\u0105cych parki, place i kampusy.\",\"breadcrumb\":{\"@id\":\"https:\/\/extery.com\/pl\/hula-obrotowe-siedzisko-ruch-w-przestrzeni-publicznej\/#breadcrumb\"},\"inLanguage\":\"pl-PL\",\"potentialAction\":[{\"@type\":\"ReadAction\",\"target\":[\"https:\/\/extery.com\/pl\/hula-obrotowe-siedzisko-ruch-w-przestrzeni-publicznej\/\"]}]},{\"@type\":\"ImageObject\",\"inLanguage\":\"pl-PL\",\"@id\":\"https:\/\/extery.com\/pl\/hula-obrotowe-siedzisko-ruch-w-przestrzeni-publicznej\/#primaryimage\",\"url\":\"https:\/\/extery.com\/wp-content\/uploads\/2026\/03\/Hula-group_city-people_small-150x150.jpg\",\"contentUrl\":\"https:\/\/extery.com\/wp-content\/uploads\/2026\/03\/Hula-group_city-people_small-150x150.jpg\"},{\"@type\":\"BreadcrumbList\",\"@id\":\"https:\/\/extery.com\/pl\/hula-obrotowe-siedzisko-ruch-w-przestrzeni-publicznej\/#breadcrumb\",\"itemListElement\":[{\"@type\":\"ListItem\",\"position\":1,\"name\":\"Home\",\"item\":\"https:\/\/extery.com\/pl\/\"},{\"@type\":\"ListItem\",\"position\":2,\"name\":\"Hula obrotowe siedzisko \u2013 ruch w przestrzeni publicznej\"}]},{\"@type\":\"WebSite\",\"@id\":\"https:\/\/extery.com\/pl\/#website\",\"url\":\"https:\/\/extery.com\/pl\/\",\"name\":\"Extery\",\"description\":\"\",\"publisher\":{\"@id\":\"https:\/\/extery.com\/pl\/#organization\"},\"potentialAction\":[{\"@type\":\"SearchAction\",\"target\":{\"@type\":\"EntryPoint\",\"urlTemplate\":\"https:\/\/extery.com\/pl\/?s={search_term_string}\"},\"query-input\":{\"@type\":\"PropertyValueSpecification\",\"valueRequired\":true,\"valueName\":\"search_term_string\"}}],\"inLanguage\":\"pl-PL\"},{\"@type\":\"Organization\",\"@id\":\"https:\/\/extery.com\/pl\/#organization\",\"name\":\"Extery\",\"url\":\"https:\/\/extery.com\/pl\/\",\"logo\":{\"@type\":\"ImageObject\",\"inLanguage\":\"pl-PL\",\"@id\":\"https:\/\/extery.com\/pl\/#\/schema\/logo\/image\/\",\"url\":\"https:\/\/extery.com\/wp-content\/uploads\/2023\/11\/footer-logo.svg\",\"contentUrl\":\"https:\/\/extery.com\/wp-content\/uploads\/2023\/11\/footer-logo.svg\",\"caption\":\"Extery \"},\"image\":{\"@id\":\"https:\/\/extery.com\/pl\/#\/schema\/logo\/image\/\"}}]}<\/script>\n<!-- \/ Yoast SEO plugin. -->","yoast_head_json":{"title":"Hula obrotowe siedzisko \u2013 ruch w przestrzeni publicznej - Extery","description":"Obrotowe siedziska Hula wprowadzaj\u0105 ruch do przestrzeni publicznej, wspieraj\u0105c architekt\u00f3w krajobrazu projektuj\u0105cych parki, place i kampusy.","robots":{"index":"index","follow":"follow","max-snippet":"max-snippet:-1","max-image-preview":"max-image-preview:large","max-video-preview":"max-video-preview:-1"},"canonical":"https:\/\/extery.com\/pl\/hula-obrotowe-siedzisko-ruch-w-przestrzeni-publicznej\/","og_locale":"pl_PL","og_type":"article","og_title":"Hula obrotowe siedzisko \u2013 ruch w przestrzeni publicznej - Extery","og_description":"Obrotowe siedziska Hula wprowadzaj\u0105 ruch do przestrzeni publicznej, wspieraj\u0105c architekt\u00f3w krajobrazu projektuj\u0105cych parki, place i kampusy.","og_url":"https:\/\/extery.com\/pl\/hula-obrotowe-siedzisko-ruch-w-przestrzeni-publicznej\/","og_site_name":"Extery","article_modified_time":"2026-05-04T08:15:34+00:00","og_image":[{"width":1300,"height":1300,"url":"https:\/\/extery.com\/wp-content\/uploads\/2026\/03\/Hula-group_city-people_small.jpg","type":"image\/jpeg"}],"twitter_card":"summary_large_image","twitter_misc":{"Szacowany czas czytania":"1 minuta"},"schema":{"@context":"https:\/\/schema.org","@graph":[{"@type":"WebPage","@id":"https:\/\/extery.com\/pl\/hula-obrotowe-siedzisko-ruch-w-przestrzeni-publicznej\/","url":"https:\/\/extery.com\/pl\/hula-obrotowe-siedzisko-ruch-w-przestrzeni-publicznej\/","name":"Hula obrotowe siedzisko \u2013 ruch w przestrzeni publicznej - Extery","isPartOf":{"@id":"https:\/\/extery.com\/pl\/#website"},"primaryImageOfPage":{"@id":"https:\/\/extery.com\/pl\/hula-obrotowe-siedzisko-ruch-w-przestrzeni-publicznej\/#primaryimage"},"image":{"@id":"https:\/\/extery.com\/pl\/hula-obrotowe-siedzisko-ruch-w-przestrzeni-publicznej\/#primaryimage"},"thumbnailUrl":"https:\/\/extery.com\/wp-content\/uploads\/2026\/03\/Hula-group_city-people_small-150x150.jpg","datePublished":"2026-04-09T06:33:14+00:00","dateModified":"2026-05-04T08:15:34+00:00","description":"Obrotowe siedziska Hula wprowadzaj\u0105 ruch do przestrzeni publicznej, wspieraj\u0105c architekt\u00f3w krajobrazu projektuj\u0105cych parki, place i kampusy.","breadcrumb":{"@id":"https:\/\/extery.com\/pl\/hula-obrotowe-siedzisko-ruch-w-przestrzeni-publicznej\/#breadcrumb"},"inLanguage":"pl-PL","potentialAction":[{"@type":"ReadAction","target":["https:\/\/extery.com\/pl\/hula-obrotowe-siedzisko-ruch-w-przestrzeni-publicznej\/"]}]},{"@type":"ImageObject","inLanguage":"pl-PL","@id":"https:\/\/extery.com\/pl\/hula-obrotowe-siedzisko-ruch-w-przestrzeni-publicznej\/#primaryimage","url":"https:\/\/extery.com\/wp-content\/uploads\/2026\/03\/Hula-group_city-people_small-150x150.jpg","contentUrl":"https:\/\/extery.com\/wp-content\/uploads\/2026\/03\/Hula-group_city-people_small-150x150.jpg"},{"@type":"BreadcrumbList","@id":"https:\/\/extery.com\/pl\/hula-obrotowe-siedzisko-ruch-w-przestrzeni-publicznej\/#breadcrumb","itemListElement":[{"@type":"ListItem","position":1,"name":"Home","item":"https:\/\/extery.com\/pl\/"},{"@type":"ListItem","position":2,"name":"Hula obrotowe siedzisko \u2013 ruch w przestrzeni publicznej"}]},{"@type":"WebSite","@id":"https:\/\/extery.com\/pl\/#website","url":"https:\/\/extery.com\/pl\/","name":"Extery","description":"","publisher":{"@id":"https:\/\/extery.com\/pl\/#organization"},"potentialAction":[{"@type":"SearchAction","target":{"@type":"EntryPoint","urlTemplate":"https:\/\/extery.com\/pl\/?s={search_term_string}"},"query-input":{"@type":"PropertyValueSpecification","valueRequired":true,"valueName":"search_term_string"}}],"inLanguage":"pl-PL"},{"@type":"Organization","@id":"https:\/\/extery.com\/pl\/#organization","name":"Extery","url":"https:\/\/extery.com\/pl\/","logo":{"@type":"ImageObject","inLanguage":"pl-PL","@id":"https:\/\/extery.com\/pl\/#\/schema\/logo\/image\/","url":"https:\/\/extery.com\/wp-content\/uploads\/2023\/11\/footer-logo.svg","contentUrl":"https:\/\/extery.com\/wp-content\/uploads\/2023\/11\/footer-logo.svg","caption":"Extery "},"image":{"@id":"https:\/\/extery.com\/pl\/#\/schema\/logo\/image\/"}}]}},"_links":{"self":[{"href":"https:\/\/extery.com\/pl\/wp-json\/wp\/v2\/pages\/58530","targetHints":{"allow":["GET"]}}],"collection":[{"href":"https:\/\/extery.com\/pl\/wp-json\/wp\/v2\/pages"}],"about":[{"href":"https:\/\/extery.com\/pl\/wp-json\/wp\/v2\/types\/page"}],"author":[{"embeddable":true,"href":"https:\/\/extery.com\/pl\/wp-json\/wp\/v2\/users\/1"}],"replies":[{"embeddable":true,"href":"https:\/\/extery.com\/pl\/wp-json\/wp\/v2\/comments?post=58530"}],"version-history":[{"count":10,"href":"https:\/\/extery.com\/pl\/wp-json\/wp\/v2\/pages\/58530\/revisions"}],"predecessor-version":[{"id":63799,"href":"https:\/\/extery.com\/pl\/wp-json\/wp\/v2\/pages\/58530\/revisions\/63799"}],"wp:attachment":[{"href":"https:\/\/extery.com\/pl\/wp-json\/wp\/v2\/media?parent=58530"}],"curies":[{"name":"wp","href":"https:\/\/api.w.org\/{rel}","templated":true}]}}