{"id":59202,"date":"2024-07-20T11:50:51","date_gmt":"2024-07-20T11:50:51","guid":{"rendered":"https:\/\/extery.com\/tooted\/lawka-parkowa-linn-bez-oparcia\/"},"modified":"2026-05-02T16:03:15","modified_gmt":"2026-05-02T16:03:15","slug":"lawka-parkowa-linn-bez-oparcia","status":"publish","type":"product","link":"https:\/\/extery.com\/pl\/produkty\/lawka-parkowa-linn-bez-oparcia\/","title":{"rendered":"\u0141awka parkowa Linn, bez oparcia"},"content":{"rendered":"<p>\u0141awka parkowa Linn wyr\u00f3\u017cnia si\u0119 prost\u0105 i eleganck\u0105 form\u0105 pozbawion\u0105 zb\u0119dnych detali. Konstrukcja zosta\u0142a zaprojektowana z my\u015bl\u0105 o komforcie u\u017cytkowania oraz dopasowaniu do wsp\u00f3\u0142czesnych przestrzeni miejskich.<\/p>\n<p>Projekt rodziny Linn powsta\u0142 z my\u015bl\u0105 o po\u0142\u0105czeniu wysokiego komfortu u\u017cytkowania z form\u0105 odpowiedni\u0105 dla wsp\u00f3\u0142czesnej przestrzeni miejskiej. Za\u0142o\u017ceniem by\u0142o stworzenie element\u00f3w o pow\u015bci\u0105gliwej, czytelnej formie, kt\u00f3re na pierwszy rzut oka pozostaj\u0105 dyskretne, a ich walory estetyczne i funkcjonalne ujawniaj\u0105 si\u0119 przy bli\u017cszym kontakcie z u\u017cytkownikiem.<\/p>\n<p>\u0141awka Linn stanowi przyk\u0142ad takiego podej\u015bcia projektowego. Jej wywa\u017cona forma oraz brak zb\u0119dnych detali pozwalaj\u0105 na zastosowanie elementu zar\u00f3wno w przestrzeniach o charakterze historycznym, wprowadzaj\u0105c subtelny nowoczesny akcent, jak i w otoczeniu wsp\u00f3\u0142czesnej architektury. Konstrukcja zosta\u0142a zaprojektowana z my\u015bl\u0105 o komforcie u\u017cytkowania, umo\u017cliwiaj\u0105c chwil\u0119 odpoczynku w intensywnie u\u017cytkowanej przestrzeni publicznej.<\/p>\n<p>\u0141awka Linn nale\u017cy do rodziny produkt\u00f3w o tej samej nazwie, co umo\u017cliwia tworzenie sp\u00f3jnych zestaw\u00f3w wyposa\u017cenia przestrzeni publicznych. W po\u0142\u0105czeniu z innymi elementami kolekcji Linn mo\u017ce by\u0107 stosowana przy aran\u017cacji miejsc spotka\u0144 i wypoczynku, takich jak parki, skwery czy strefy piknikowe. Razem produkty z tej serii pozwalaj\u0105 na kszta\u0142towanie uporz\u0105dkowanych i funkcjonalnych przestrzeni sprzyjaj\u0105cych wsp\u00f3lnemu korzystaniu z otoczenia.<\/p>\n","protected":false},"excerpt":{"rendered":"<p>\u0141awka parkowa Linn wyr\u00f3\u017cnia si\u0119 prost\u0105 i eleganck\u0105 form\u0105 pozbawion\u0105 zb\u0119dnych detali. Konstrukcja zosta\u0142a zaprojektowana z my\u015bl\u0105 o komforcie u\u017cytkowania oraz dopasowaniu do wsp\u00f3\u0142czesnych przestrzeni miejskich. Projekt rodziny Linn powsta\u0142 z my\u015bl\u0105 o po\u0142\u0105czeniu wysokiego komfortu u\u017cytkowania z form\u0105 odpowiedni\u0105 dla wsp\u00f3\u0142czesnej przestrzeni miejskiej. Za\u0142o\u017ceniem by\u0142o stworzenie element\u00f3w o pow\u015bci\u0105gliwej, czytelnej formie, kt\u00f3re na pierwszy [&hellip;]<\/p>\n","protected":false},"featured_media":59211,"comment_status":"open","ping_status":"closed","template":"","meta":{"_acf_changed":false},"product_brand":[],"product_cat":[369],"product_tag":[],"class_list":{"0":"post-59202","1":"product","2":"type-product","3":"status-publish","4":"has-post-thumbnail","6":"product_cat-lawki-parkowe-bez-oparcia","7":"product-family-linn","9":"first","10":"instock","11":"shipping-taxable","12":"product-type-simple"},"acf":[],"yoast_head":"<!-- This site is optimized with the Yoast SEO plugin v26.4 - https:\/\/yoast.com\/wordpress\/plugins\/seo\/ -->\n<title>\u0141awka parkowa Linn, bez oparcia - Extery<\/title>\n<meta name=\"description\" content=\"\u0141awka parkowa Linn jest elegancka, wygodna i pozbawiona zb\u0119dnych dodatk\u00f3w, godna nowoczesnego miasta. Zaskakuje wygod\u0105 podczas siedzenia.\" \/>\n<meta name=\"robots\" content=\"index, follow, max-snippet:-1, max-image-preview:large, max-video-preview:-1\" \/>\n<link rel=\"canonical\" href=\"https:\/\/extery.com\/pl\/produkty\/lawka-parkowa-linn-bez-oparcia\/\" \/>\n<meta property=\"og:locale\" content=\"pl_PL\" \/>\n<meta property=\"og:type\" content=\"article\" \/>\n<meta property=\"og:title\" content=\"\u0141awka parkowa Linn, bez oparcia - Extery\" \/>\n<meta property=\"og:description\" content=\"\u0141awka parkowa Linn jest elegancka, wygodna i pozbawiona zb\u0119dnych dodatk\u00f3w, godna nowoczesnego miasta. Zaskakuje wygod\u0105 podczas siedzenia.\" \/>\n<meta property=\"og:url\" content=\"https:\/\/extery.com\/pl\/produkty\/lawka-parkowa-linn-bez-oparcia\/\" \/>\n<meta property=\"og:site_name\" content=\"Extery\" \/>\n<meta property=\"article:modified_time\" content=\"2026-05-02T16:03:15+00:00\" \/>\n<meta property=\"og:image\" content=\"https:\/\/extery.com\/wp-content\/uploads\/2024\/07\/Linn-pink-seljatoeta-1800.jpg\" \/>\n\t<meta property=\"og:image:width\" content=\"2000\" \/>\n\t<meta property=\"og:image:height\" content=\"1334\" \/>\n\t<meta property=\"og:image:type\" content=\"image\/jpeg\" \/>\n<meta name=\"twitter:card\" content=\"summary_large_image\" \/>\n<meta name=\"twitter:label1\" content=\"Szacowany czas czytania\" \/>\n\t<meta name=\"twitter:data1\" content=\"2 minuty\" \/>\n<script type=\"application\/ld+json\" class=\"yoast-schema-graph\">{\"@context\":\"https:\/\/schema.org\",\"@graph\":[{\"@type\":\"WebPage\",\"@id\":\"https:\/\/extery.com\/pl\/produkty\/lawka-parkowa-linn-bez-oparcia\/\",\"url\":\"https:\/\/extery.com\/pl\/produkty\/lawka-parkowa-linn-bez-oparcia\/\",\"name\":\"\u0141awka parkowa Linn, bez oparcia - Extery\",\"isPartOf\":{\"@id\":\"https:\/\/extery.com\/pl\/#website\"},\"primaryImageOfPage\":{\"@id\":\"https:\/\/extery.com\/pl\/produkty\/lawka-parkowa-linn-bez-oparcia\/#primaryimage\"},\"image\":{\"@id\":\"https:\/\/extery.com\/pl\/produkty\/lawka-parkowa-linn-bez-oparcia\/#primaryimage\"},\"thumbnailUrl\":\"https:\/\/extery.com\/wp-content\/uploads\/2024\/07\/Linn-pink-seljatoeta-1800.jpg\",\"datePublished\":\"2024-07-20T11:50:51+00:00\",\"dateModified\":\"2026-05-02T16:03:15+00:00\",\"description\":\"\u0141awka parkowa Linn jest elegancka, wygodna i pozbawiona zb\u0119dnych dodatk\u00f3w, godna nowoczesnego miasta. Zaskakuje wygod\u0105 podczas siedzenia.\",\"breadcrumb\":{\"@id\":\"https:\/\/extery.com\/pl\/produkty\/lawka-parkowa-linn-bez-oparcia\/#breadcrumb\"},\"inLanguage\":\"pl-PL\",\"potentialAction\":[{\"@type\":\"ReadAction\",\"target\":[\"https:\/\/extery.com\/pl\/produkty\/lawka-parkowa-linn-bez-oparcia\/\"]}]},{\"@type\":\"ImageObject\",\"inLanguage\":\"pl-PL\",\"@id\":\"https:\/\/extery.com\/pl\/produkty\/lawka-parkowa-linn-bez-oparcia\/#primaryimage\",\"url\":\"https:\/\/extery.com\/wp-content\/uploads\/2024\/07\/Linn-pink-seljatoeta-1800.jpg\",\"contentUrl\":\"https:\/\/extery.com\/wp-content\/uploads\/2024\/07\/Linn-pink-seljatoeta-1800.jpg\",\"width\":2000,\"height\":1334},{\"@type\":\"BreadcrumbList\",\"@id\":\"https:\/\/extery.com\/pl\/produkty\/lawka-parkowa-linn-bez-oparcia\/#breadcrumb\",\"itemListElement\":[{\"@type\":\"ListItem\",\"position\":1,\"name\":\"Home\",\"item\":\"https:\/\/extery.com\/pl\/\"},{\"@type\":\"ListItem\",\"position\":2,\"name\":\"Produkty\",\"item\":\"https:\/\/extery.com\/tooted\/\"},{\"@type\":\"ListItem\",\"position\":3,\"name\":\"\u0141awka parkowa Linn, bez oparcia\"}]},{\"@type\":\"WebSite\",\"@id\":\"https:\/\/extery.com\/pl\/#website\",\"url\":\"https:\/\/extery.com\/pl\/\",\"name\":\"Extery\",\"description\":\"\",\"publisher\":{\"@id\":\"https:\/\/extery.com\/pl\/#organization\"},\"potentialAction\":[{\"@type\":\"SearchAction\",\"target\":{\"@type\":\"EntryPoint\",\"urlTemplate\":\"https:\/\/extery.com\/pl\/?s={search_term_string}\"},\"query-input\":{\"@type\":\"PropertyValueSpecification\",\"valueRequired\":true,\"valueName\":\"search_term_string\"}}],\"inLanguage\":\"pl-PL\"},{\"@type\":\"Organization\",\"@id\":\"https:\/\/extery.com\/pl\/#organization\",\"name\":\"Extery\",\"url\":\"https:\/\/extery.com\/pl\/\",\"logo\":{\"@type\":\"ImageObject\",\"inLanguage\":\"pl-PL\",\"@id\":\"https:\/\/extery.com\/pl\/#\/schema\/logo\/image\/\",\"url\":\"https:\/\/extery.com\/wp-content\/uploads\/2023\/11\/footer-logo.svg\",\"contentUrl\":\"https:\/\/extery.com\/wp-content\/uploads\/2023\/11\/footer-logo.svg\",\"caption\":\"Extery \"},\"image\":{\"@id\":\"https:\/\/extery.com\/pl\/#\/schema\/logo\/image\/\"}}]}<\/script>\n<!-- \/ Yoast SEO plugin. -->","yoast_head_json":{"title":"\u0141awka parkowa Linn, bez oparcia - Extery","description":"\u0141awka parkowa Linn jest elegancka, wygodna i pozbawiona zb\u0119dnych dodatk\u00f3w, godna nowoczesnego miasta. Zaskakuje wygod\u0105 podczas siedzenia.","robots":{"index":"index","follow":"follow","max-snippet":"max-snippet:-1","max-image-preview":"max-image-preview:large","max-video-preview":"max-video-preview:-1"},"canonical":"https:\/\/extery.com\/pl\/produkty\/lawka-parkowa-linn-bez-oparcia\/","og_locale":"pl_PL","og_type":"article","og_title":"\u0141awka parkowa Linn, bez oparcia - Extery","og_description":"\u0141awka parkowa Linn jest elegancka, wygodna i pozbawiona zb\u0119dnych dodatk\u00f3w, godna nowoczesnego miasta. Zaskakuje wygod\u0105 podczas siedzenia.","og_url":"https:\/\/extery.com\/pl\/produkty\/lawka-parkowa-linn-bez-oparcia\/","og_site_name":"Extery","article_modified_time":"2026-05-02T16:03:15+00:00","og_image":[{"width":2000,"height":1334,"url":"https:\/\/extery.com\/wp-content\/uploads\/2024\/07\/Linn-pink-seljatoeta-1800.jpg","type":"image\/jpeg"}],"twitter_card":"summary_large_image","twitter_misc":{"Szacowany czas czytania":"2 minuty"},"schema":{"@context":"https:\/\/schema.org","@graph":[{"@type":"WebPage","@id":"https:\/\/extery.com\/pl\/produkty\/lawka-parkowa-linn-bez-oparcia\/","url":"https:\/\/extery.com\/pl\/produkty\/lawka-parkowa-linn-bez-oparcia\/","name":"\u0141awka parkowa Linn, bez oparcia - Extery","isPartOf":{"@id":"https:\/\/extery.com\/pl\/#website"},"primaryImageOfPage":{"@id":"https:\/\/extery.com\/pl\/produkty\/lawka-parkowa-linn-bez-oparcia\/#primaryimage"},"image":{"@id":"https:\/\/extery.com\/pl\/produkty\/lawka-parkowa-linn-bez-oparcia\/#primaryimage"},"thumbnailUrl":"https:\/\/extery.com\/wp-content\/uploads\/2024\/07\/Linn-pink-seljatoeta-1800.jpg","datePublished":"2024-07-20T11:50:51+00:00","dateModified":"2026-05-02T16:03:15+00:00","description":"\u0141awka parkowa Linn jest elegancka, wygodna i pozbawiona zb\u0119dnych dodatk\u00f3w, godna nowoczesnego miasta. Zaskakuje wygod\u0105 podczas siedzenia.","breadcrumb":{"@id":"https:\/\/extery.com\/pl\/produkty\/lawka-parkowa-linn-bez-oparcia\/#breadcrumb"},"inLanguage":"pl-PL","potentialAction":[{"@type":"ReadAction","target":["https:\/\/extery.com\/pl\/produkty\/lawka-parkowa-linn-bez-oparcia\/"]}]},{"@type":"ImageObject","inLanguage":"pl-PL","@id":"https:\/\/extery.com\/pl\/produkty\/lawka-parkowa-linn-bez-oparcia\/#primaryimage","url":"https:\/\/extery.com\/wp-content\/uploads\/2024\/07\/Linn-pink-seljatoeta-1800.jpg","contentUrl":"https:\/\/extery.com\/wp-content\/uploads\/2024\/07\/Linn-pink-seljatoeta-1800.jpg","width":2000,"height":1334},{"@type":"BreadcrumbList","@id":"https:\/\/extery.com\/pl\/produkty\/lawka-parkowa-linn-bez-oparcia\/#breadcrumb","itemListElement":[{"@type":"ListItem","position":1,"name":"Home","item":"https:\/\/extery.com\/pl\/"},{"@type":"ListItem","position":2,"name":"Produkty","item":"https:\/\/extery.com\/tooted\/"},{"@type":"ListItem","position":3,"name":"\u0141awka parkowa Linn, bez oparcia"}]},{"@type":"WebSite","@id":"https:\/\/extery.com\/pl\/#website","url":"https:\/\/extery.com\/pl\/","name":"Extery","description":"","publisher":{"@id":"https:\/\/extery.com\/pl\/#organization"},"potentialAction":[{"@type":"SearchAction","target":{"@type":"EntryPoint","urlTemplate":"https:\/\/extery.com\/pl\/?s={search_term_string}"},"query-input":{"@type":"PropertyValueSpecification","valueRequired":true,"valueName":"search_term_string"}}],"inLanguage":"pl-PL"},{"@type":"Organization","@id":"https:\/\/extery.com\/pl\/#organization","name":"Extery","url":"https:\/\/extery.com\/pl\/","logo":{"@type":"ImageObject","inLanguage":"pl-PL","@id":"https:\/\/extery.com\/pl\/#\/schema\/logo\/image\/","url":"https:\/\/extery.com\/wp-content\/uploads\/2023\/11\/footer-logo.svg","contentUrl":"https:\/\/extery.com\/wp-content\/uploads\/2023\/11\/footer-logo.svg","caption":"Extery "},"image":{"@id":"https:\/\/extery.com\/pl\/#\/schema\/logo\/image\/"}}]}},"_links":{"self":[{"href":"https:\/\/extery.com\/pl\/wp-json\/wp\/v2\/product\/59202","targetHints":{"allow":["GET"]}}],"collection":[{"href":"https:\/\/extery.com\/pl\/wp-json\/wp\/v2\/product"}],"about":[{"href":"https:\/\/extery.com\/pl\/wp-json\/wp\/v2\/types\/product"}],"replies":[{"embeddable":true,"href":"https:\/\/extery.com\/pl\/wp-json\/wp\/v2\/comments?post=59202"}],"wp:featuredmedia":[{"embeddable":true,"href":"https:\/\/extery.com\/pl\/wp-json\/wp\/v2\/media\/59211"}],"wp:attachment":[{"href":"https:\/\/extery.com\/pl\/wp-json\/wp\/v2\/media?parent=59202"}],"wp:term":[{"taxonomy":"product_brand","embeddable":true,"href":"https:\/\/extery.com\/pl\/wp-json\/wp\/v2\/product_brand?post=59202"},{"taxonomy":"product_cat","embeddable":true,"href":"https:\/\/extery.com\/pl\/wp-json\/wp\/v2\/product_cat?post=59202"},{"taxonomy":"product_tag","embeddable":true,"href":"https:\/\/extery.com\/pl\/wp-json\/wp\/v2\/product_tag?post=59202"}],"curies":[{"name":"wp","href":"https:\/\/api.w.org\/{rel}","templated":true}]}}