{"id":59227,"date":"2024-07-20T16:49:44","date_gmt":"2024-07-20T16:49:44","guid":{"rendered":"https:\/\/extery.com\/tooted\/lezak-linn\/"},"modified":"2026-05-02T16:03:21","modified_gmt":"2026-05-02T16:03:21","slug":"lezak-linn","status":"publish","type":"product","link":"https:\/\/extery.com\/pl\/produkty\/lezak-linn\/","title":{"rendered":"Le\u017cak Linn"},"content":{"rendered":"<p>Le\u017cak z serii Linn stanowi uzupe\u0142nienie rodziny mebli miejskich o element przeznaczony do d\u0142u\u017cszego wypoczynku w pozycji p\u00f3\u0142le\u017c\u0105cej. Konstrukcja zosta\u0142a zaprojektowana z my\u015bl\u0105 o ergonomii u\u017cytkowania, tak aby zapewni\u0107 komfort osobom o r\u00f3\u017cnym wzro\u015bcie i w r\u00f3\u017cnym wieku.<\/p>\n<p>Wy\u017csze i bardziej pionowe oparcie umo\u017cliwia wygodne korzystanie z le\u017caka r\u00f3wnie\u017c w pozycji siedz\u0105cej, co sprawdza si\u0119 podczas czytania lub korzystania z urz\u0105dze\u0144 mobilnych. Kr\u00f3tszy podn\u00f3\u017cek pozwala na swobodne u\u0142o\u017cenie n\u00f3g, tak\u017ce w przypadku obuwia wystaj\u0105cego poza jego kraw\u0119d\u017a.<\/p>\n<p>Dzi\u0119ki tym rozwi\u0105zaniom le\u017cak mo\u017ce by\u0107 stosowany zar\u00f3wno w parkach i na skwerach, jak i na placach miejskich, tarasach czy promenadach.<\/p>\n<p>Le\u017cak z serii Linn \u0142\u0105czy komfort u\u017cytkowania z prost\u0105, czyteln\u0105 form\u0105 odpowiedni\u0105 dla przestrzeni publicznych. Element dost\u0119pny jest w dw\u00f3ch szeroko\u015bciach, co pozwala dopasowa\u0107 go do r\u00f3\u017cnych typ\u00f3w aran\u017cacji \u2013 od park\u00f3w i skwer\u00f3w po place miejskie czy tarasy.<\/p>\n<p>Le\u017caki Linn mog\u0105 by\u0107 stosowane pojedynczo lub w grupach, umo\u017cliwiaj\u0105c tworzenie stref wypoczynku w przestrzeni publicznej. Model dost\u0119pny jest w wariancie z niewielkim stolikiem pomocniczym przeznaczonym na drobne przedmioty, takie jak kubek lub telefon, a tak\u017ce w wersji bez stolika, o bardziej minimalistycznej formie.<\/p>\n<p>Le\u017cak Linn nale\u017cy do rodziny produkt\u00f3w o tej samej nazwie, co umo\u017cliwia tworzenie sp\u00f3jnych zestaw\u00f3w przeznaczonych do wyposa\u017cenia przestrzeni publicznych. W po\u0142\u0105czeniu z innymi elementami serii Linn pozwala na aran\u017cowanie uporz\u0105dkowanych stref wypoczynku sprzyjaj\u0105cych spotkaniom i komfortowemu korzystaniu z przestrzeni zewn\u0119trznych.<\/p>\n","protected":false},"excerpt":{"rendered":"<p>Le\u017cak z serii Linn stanowi uzupe\u0142nienie rodziny mebli miejskich o element przeznaczony do d\u0142u\u017cszego wypoczynku w pozycji p\u00f3\u0142le\u017c\u0105cej. Konstrukcja zosta\u0142a zaprojektowana z my\u015bl\u0105 o ergonomii u\u017cytkowania, tak aby zapewni\u0107 komfort osobom o r\u00f3\u017cnym wzro\u015bcie i w r\u00f3\u017cnym wieku. Wy\u017csze i bardziej pionowe oparcie umo\u017cliwia wygodne korzystanie z le\u017caka r\u00f3wnie\u017c w pozycji siedz\u0105cej, co sprawdza si\u0119 [&hellip;]<\/p>\n","protected":false},"featured_media":59247,"comment_status":"open","ping_status":"closed","template":"","meta":{"_acf_changed":false},"product_brand":[],"product_cat":[365],"product_tag":[],"class_list":{"0":"post-59227","1":"product","2":"type-product","3":"status-publish","4":"has-post-thumbnail","6":"product_cat-lawki-parkowe-z-oparciami","7":"product-family-linn","9":"first","10":"instock","11":"shipping-taxable","12":"product-type-simple"},"acf":[],"yoast_head":"<!-- This site is optimized with the Yoast SEO plugin v26.4 - https:\/\/yoast.com\/wordpress\/plugins\/seo\/ -->\n<title>Le\u017cak Linn - Extery<\/title>\n<meta name=\"description\" content=\"Le\u017cak Linn jest elegancki, wygodny i ca\u0142kowicie pozbawiony zb\u0119dnych dodatk\u00f3w, godny nowoczesnego miasta. Zaskakuje wygod\u0105 podczas siedzenia.\" \/>\n<meta name=\"robots\" content=\"index, follow, max-snippet:-1, max-image-preview:large, max-video-preview:-1\" \/>\n<link rel=\"canonical\" href=\"https:\/\/extery.com\/pl\/produkty\/lezak-linn\/\" \/>\n<meta property=\"og:locale\" content=\"pl_PL\" \/>\n<meta property=\"og:type\" content=\"article\" \/>\n<meta property=\"og:title\" content=\"Le\u017cak Linn - Extery\" \/>\n<meta property=\"og:description\" content=\"Le\u017cak Linn jest elegancki, wygodny i ca\u0142kowicie pozbawiony zb\u0119dnych dodatk\u00f3w, godny nowoczesnego miasta. Zaskakuje wygod\u0105 podczas siedzenia.\" \/>\n<meta property=\"og:url\" content=\"https:\/\/extery.com\/pl\/produkty\/lezak-linn\/\" \/>\n<meta property=\"og:site_name\" content=\"Extery\" \/>\n<meta property=\"article:modified_time\" content=\"2026-05-02T16:03:21+00:00\" \/>\n<meta property=\"og:image\" content=\"https:\/\/extery.com\/wp-content\/uploads\/2024\/07\/lamamistool-kulg.jpg\" \/>\n\t<meta property=\"og:image:width\" content=\"2400\" \/>\n\t<meta property=\"og:image:height\" content=\"1600\" \/>\n\t<meta property=\"og:image:type\" content=\"image\/jpeg\" \/>\n<meta name=\"twitter:card\" content=\"summary_large_image\" \/>\n<meta name=\"twitter:label1\" content=\"Szacowany czas czytania\" \/>\n\t<meta name=\"twitter:data1\" content=\"2 minuty\" \/>\n<script type=\"application\/ld+json\" class=\"yoast-schema-graph\">{\"@context\":\"https:\/\/schema.org\",\"@graph\":[{\"@type\":\"WebPage\",\"@id\":\"https:\/\/extery.com\/pl\/produkty\/lezak-linn\/\",\"url\":\"https:\/\/extery.com\/pl\/produkty\/lezak-linn\/\",\"name\":\"Le\u017cak Linn - Extery\",\"isPartOf\":{\"@id\":\"https:\/\/extery.com\/pl\/#website\"},\"primaryImageOfPage\":{\"@id\":\"https:\/\/extery.com\/pl\/produkty\/lezak-linn\/#primaryimage\"},\"image\":{\"@id\":\"https:\/\/extery.com\/pl\/produkty\/lezak-linn\/#primaryimage\"},\"thumbnailUrl\":\"https:\/\/extery.com\/wp-content\/uploads\/2024\/07\/lamamistool-kulg.jpg\",\"datePublished\":\"2024-07-20T16:49:44+00:00\",\"dateModified\":\"2026-05-02T16:03:21+00:00\",\"description\":\"Le\u017cak Linn jest elegancki, wygodny i ca\u0142kowicie pozbawiony zb\u0119dnych dodatk\u00f3w, godny nowoczesnego miasta. Zaskakuje wygod\u0105 podczas siedzenia.\",\"breadcrumb\":{\"@id\":\"https:\/\/extery.com\/pl\/produkty\/lezak-linn\/#breadcrumb\"},\"inLanguage\":\"pl-PL\",\"potentialAction\":[{\"@type\":\"ReadAction\",\"target\":[\"https:\/\/extery.com\/pl\/produkty\/lezak-linn\/\"]}]},{\"@type\":\"ImageObject\",\"inLanguage\":\"pl-PL\",\"@id\":\"https:\/\/extery.com\/pl\/produkty\/lezak-linn\/#primaryimage\",\"url\":\"https:\/\/extery.com\/wp-content\/uploads\/2024\/07\/lamamistool-kulg.jpg\",\"contentUrl\":\"https:\/\/extery.com\/wp-content\/uploads\/2024\/07\/lamamistool-kulg.jpg\",\"width\":2400,\"height\":1600},{\"@type\":\"BreadcrumbList\",\"@id\":\"https:\/\/extery.com\/pl\/produkty\/lezak-linn\/#breadcrumb\",\"itemListElement\":[{\"@type\":\"ListItem\",\"position\":1,\"name\":\"Home\",\"item\":\"https:\/\/extery.com\/pl\/\"},{\"@type\":\"ListItem\",\"position\":2,\"name\":\"Produkty\",\"item\":\"https:\/\/extery.com\/tooted\/\"},{\"@type\":\"ListItem\",\"position\":3,\"name\":\"Le\u017cak Linn\"}]},{\"@type\":\"WebSite\",\"@id\":\"https:\/\/extery.com\/pl\/#website\",\"url\":\"https:\/\/extery.com\/pl\/\",\"name\":\"Extery\",\"description\":\"\",\"publisher\":{\"@id\":\"https:\/\/extery.com\/pl\/#organization\"},\"potentialAction\":[{\"@type\":\"SearchAction\",\"target\":{\"@type\":\"EntryPoint\",\"urlTemplate\":\"https:\/\/extery.com\/pl\/?s={search_term_string}\"},\"query-input\":{\"@type\":\"PropertyValueSpecification\",\"valueRequired\":true,\"valueName\":\"search_term_string\"}}],\"inLanguage\":\"pl-PL\"},{\"@type\":\"Organization\",\"@id\":\"https:\/\/extery.com\/pl\/#organization\",\"name\":\"Extery\",\"url\":\"https:\/\/extery.com\/pl\/\",\"logo\":{\"@type\":\"ImageObject\",\"inLanguage\":\"pl-PL\",\"@id\":\"https:\/\/extery.com\/pl\/#\/schema\/logo\/image\/\",\"url\":\"https:\/\/extery.com\/wp-content\/uploads\/2023\/11\/footer-logo.svg\",\"contentUrl\":\"https:\/\/extery.com\/wp-content\/uploads\/2023\/11\/footer-logo.svg\",\"caption\":\"Extery \"},\"image\":{\"@id\":\"https:\/\/extery.com\/pl\/#\/schema\/logo\/image\/\"}}]}<\/script>\n<!-- \/ Yoast SEO plugin. -->","yoast_head_json":{"title":"Le\u017cak Linn - Extery","description":"Le\u017cak Linn jest elegancki, wygodny i ca\u0142kowicie pozbawiony zb\u0119dnych dodatk\u00f3w, godny nowoczesnego miasta. Zaskakuje wygod\u0105 podczas siedzenia.","robots":{"index":"index","follow":"follow","max-snippet":"max-snippet:-1","max-image-preview":"max-image-preview:large","max-video-preview":"max-video-preview:-1"},"canonical":"https:\/\/extery.com\/pl\/produkty\/lezak-linn\/","og_locale":"pl_PL","og_type":"article","og_title":"Le\u017cak Linn - Extery","og_description":"Le\u017cak Linn jest elegancki, wygodny i ca\u0142kowicie pozbawiony zb\u0119dnych dodatk\u00f3w, godny nowoczesnego miasta. Zaskakuje wygod\u0105 podczas siedzenia.","og_url":"https:\/\/extery.com\/pl\/produkty\/lezak-linn\/","og_site_name":"Extery","article_modified_time":"2026-05-02T16:03:21+00:00","og_image":[{"width":2400,"height":1600,"url":"https:\/\/extery.com\/wp-content\/uploads\/2024\/07\/lamamistool-kulg.jpg","type":"image\/jpeg"}],"twitter_card":"summary_large_image","twitter_misc":{"Szacowany czas czytania":"2 minuty"},"schema":{"@context":"https:\/\/schema.org","@graph":[{"@type":"WebPage","@id":"https:\/\/extery.com\/pl\/produkty\/lezak-linn\/","url":"https:\/\/extery.com\/pl\/produkty\/lezak-linn\/","name":"Le\u017cak Linn - Extery","isPartOf":{"@id":"https:\/\/extery.com\/pl\/#website"},"primaryImageOfPage":{"@id":"https:\/\/extery.com\/pl\/produkty\/lezak-linn\/#primaryimage"},"image":{"@id":"https:\/\/extery.com\/pl\/produkty\/lezak-linn\/#primaryimage"},"thumbnailUrl":"https:\/\/extery.com\/wp-content\/uploads\/2024\/07\/lamamistool-kulg.jpg","datePublished":"2024-07-20T16:49:44+00:00","dateModified":"2026-05-02T16:03:21+00:00","description":"Le\u017cak Linn jest elegancki, wygodny i ca\u0142kowicie pozbawiony zb\u0119dnych dodatk\u00f3w, godny nowoczesnego miasta. Zaskakuje wygod\u0105 podczas siedzenia.","breadcrumb":{"@id":"https:\/\/extery.com\/pl\/produkty\/lezak-linn\/#breadcrumb"},"inLanguage":"pl-PL","potentialAction":[{"@type":"ReadAction","target":["https:\/\/extery.com\/pl\/produkty\/lezak-linn\/"]}]},{"@type":"ImageObject","inLanguage":"pl-PL","@id":"https:\/\/extery.com\/pl\/produkty\/lezak-linn\/#primaryimage","url":"https:\/\/extery.com\/wp-content\/uploads\/2024\/07\/lamamistool-kulg.jpg","contentUrl":"https:\/\/extery.com\/wp-content\/uploads\/2024\/07\/lamamistool-kulg.jpg","width":2400,"height":1600},{"@type":"BreadcrumbList","@id":"https:\/\/extery.com\/pl\/produkty\/lezak-linn\/#breadcrumb","itemListElement":[{"@type":"ListItem","position":1,"name":"Home","item":"https:\/\/extery.com\/pl\/"},{"@type":"ListItem","position":2,"name":"Produkty","item":"https:\/\/extery.com\/tooted\/"},{"@type":"ListItem","position":3,"name":"Le\u017cak Linn"}]},{"@type":"WebSite","@id":"https:\/\/extery.com\/pl\/#website","url":"https:\/\/extery.com\/pl\/","name":"Extery","description":"","publisher":{"@id":"https:\/\/extery.com\/pl\/#organization"},"potentialAction":[{"@type":"SearchAction","target":{"@type":"EntryPoint","urlTemplate":"https:\/\/extery.com\/pl\/?s={search_term_string}"},"query-input":{"@type":"PropertyValueSpecification","valueRequired":true,"valueName":"search_term_string"}}],"inLanguage":"pl-PL"},{"@type":"Organization","@id":"https:\/\/extery.com\/pl\/#organization","name":"Extery","url":"https:\/\/extery.com\/pl\/","logo":{"@type":"ImageObject","inLanguage":"pl-PL","@id":"https:\/\/extery.com\/pl\/#\/schema\/logo\/image\/","url":"https:\/\/extery.com\/wp-content\/uploads\/2023\/11\/footer-logo.svg","contentUrl":"https:\/\/extery.com\/wp-content\/uploads\/2023\/11\/footer-logo.svg","caption":"Extery "},"image":{"@id":"https:\/\/extery.com\/pl\/#\/schema\/logo\/image\/"}}]}},"_links":{"self":[{"href":"https:\/\/extery.com\/pl\/wp-json\/wp\/v2\/product\/59227","targetHints":{"allow":["GET"]}}],"collection":[{"href":"https:\/\/extery.com\/pl\/wp-json\/wp\/v2\/product"}],"about":[{"href":"https:\/\/extery.com\/pl\/wp-json\/wp\/v2\/types\/product"}],"replies":[{"embeddable":true,"href":"https:\/\/extery.com\/pl\/wp-json\/wp\/v2\/comments?post=59227"}],"wp:featuredmedia":[{"embeddable":true,"href":"https:\/\/extery.com\/pl\/wp-json\/wp\/v2\/media\/59247"}],"wp:attachment":[{"href":"https:\/\/extery.com\/pl\/wp-json\/wp\/v2\/media?parent=59227"}],"wp:term":[{"taxonomy":"product_brand","embeddable":true,"href":"https:\/\/extery.com\/pl\/wp-json\/wp\/v2\/product_brand?post=59227"},{"taxonomy":"product_cat","embeddable":true,"href":"https:\/\/extery.com\/pl\/wp-json\/wp\/v2\/product_cat?post=59227"},{"taxonomy":"product_tag","embeddable":true,"href":"https:\/\/extery.com\/pl\/wp-json\/wp\/v2\/product_tag?post=59227"}],"curies":[{"name":"wp","href":"https:\/\/api.w.org\/{rel}","templated":true}]}}