{"id":59331,"date":"2020-11-09T11:34:30","date_gmt":"2020-11-09T11:34:30","guid":{"rendered":"https:\/\/extery.com\/tooted\/krzeslo-klaar-wood\/"},"modified":"2026-05-04T07:01:03","modified_gmt":"2026-05-04T07:01:03","slug":"krzeslo-klaar-wood","status":"publish","type":"product","link":"https:\/\/extery.com\/pl\/produkty\/krzeslo-klaar-wood\/","title":{"rendered":"Krzes\u0142o Klaar Wood"},"content":{"rendered":"<p>Krzes\u0142o Klaar Wood jest cz\u0119\u015bci\u0105 wi\u0119kszej rodziny Klaar Wood, obejmuj\u0105cej r\u00f3\u017cne modele \u0142awek, sto\u0142\u00f3w i krzese\u0142.<\/p>\n<p>Racjonalno\u015b\u0107, neutralno\u015b\u0107 oraz precyzyjne, estetyczne wyko\u0144czenie detali charakteryzuj\u0105ce seri\u0119 Klaar to cechy, kt\u00f3re nie trac\u0105 na aktualno\u015bci ani nie podlegaj\u0105 szybko zmieniaj\u0105cym si\u0119 trendom. Czysto\u015b\u0107 i lekko\u015b\u0107 formy oraz szeroki wyb\u00f3r materia\u0142\u00f3w sprawiaj\u0105, \u017ce Klaar dobrze sprawdza si\u0119 w r\u00f3\u017cnych nowoczesnych kontekstach architektonicznych. Rodzina produkt\u00f3w Klaar Wood oferuje rozwi\u0105zania odpowiadaj\u0105ce zr\u00f3\u017cnicowanym wymaganiom.<\/p>\n<p>Linia obejmuje trzyosobowe \u0142awki parkowe, na kt\u00f3rych mo\u017cna wygodnie usi\u0105\u015b\u0107 i oprze\u0107 plecy, podziwiaj\u0105c otoczenie. Obejmuje r\u00f3wnie\u017c pojedyncze krzes\u0142a oferuj\u0105ce chwil\u0119 wytchnienia i mo\u017cliwo\u015b\u0107 odosobnienia w zgie\u0142ku miejskiego placu, a tak\u017ce siedziska i sto\u0142y umo\u017cliwiaj\u0105ce tworzenie stref piknikowych w parku.<\/p>\n","protected":false},"excerpt":{"rendered":"<p>Krzes\u0142o Klaar Wood jest cz\u0119\u015bci\u0105 wi\u0119kszej rodziny Klaar Wood, obejmuj\u0105cej r\u00f3\u017cne modele \u0142awek, sto\u0142\u00f3w i krzese\u0142. Racjonalno\u015b\u0107, neutralno\u015b\u0107 oraz precyzyjne, estetyczne wyko\u0144czenie detali charakteryzuj\u0105ce seri\u0119 Klaar to cechy, kt\u00f3re nie trac\u0105 na aktualno\u015bci ani nie podlegaj\u0105 szybko zmieniaj\u0105cym si\u0119 trendom. Czysto\u015b\u0107 i lekko\u015b\u0107 formy oraz szeroki wyb\u00f3r materia\u0142\u00f3w sprawiaj\u0105, \u017ce Klaar dobrze sprawdza si\u0119 w [&hellip;]<\/p>\n","protected":false},"featured_media":59360,"comment_status":"open","ping_status":"closed","template":"","meta":{"_acf_changed":false},"product_brand":[],"product_cat":[367],"product_tag":[],"class_list":{"0":"post-59331","1":"product","2":"type-product","3":"status-publish","4":"has-post-thumbnail","6":"product_cat-krzesla-pufy","7":"product-family-klaar-wood","9":"first","10":"instock","11":"shipping-taxable","12":"product-type-simple"},"acf":[],"yoast_head":"<!-- This site is optimized with the Yoast SEO plugin v26.4 - https:\/\/yoast.com\/wordpress\/plugins\/seo\/ -->\n<title>Krzes\u0142o Klaar Wood - Extery<\/title>\n<meta name=\"description\" content=\"Chair Klaar Wood is characterized by rationality, neutrality and the precise aesthetic finishing- qualities that never go out of date nor submit to the rapidly changing vogues. Park chair KLaar Wood.Krzes\u0142o Klaar Wood charakteryzuje si\u0119 racjonalno\u015bci\u0105, neutralno\u015bci\u0105 i precyzyjnym wyko\u0144czeniem estetycznym \u2013 cechami, kt\u00f3re nigdy nie wychodz\u0105 z mody i nie poddaj\u0105 si\u0119 szybko zmieniaj\u0105cym si\u0119 modom. Krzes\u0142o Park KLaar Wood.\" \/>\n<meta name=\"robots\" content=\"index, follow, max-snippet:-1, max-image-preview:large, max-video-preview:-1\" \/>\n<link rel=\"canonical\" href=\"https:\/\/extery.com\/pl\/produkty\/krzeslo-klaar-wood\/\" \/>\n<meta property=\"og:locale\" content=\"pl_PL\" \/>\n<meta property=\"og:type\" content=\"article\" \/>\n<meta property=\"og:title\" content=\"Krzes\u0142o Klaar Wood - Extery\" \/>\n<meta property=\"og:description\" content=\"Chair Klaar Wood is characterized by rationality, neutrality and the precise aesthetic finishing- qualities that never go out of date nor submit to the rapidly changing vogues. Park chair KLaar Wood.Krzes\u0142o Klaar Wood charakteryzuje si\u0119 racjonalno\u015bci\u0105, neutralno\u015bci\u0105 i precyzyjnym wyko\u0144czeniem estetycznym \u2013 cechami, kt\u00f3re nigdy nie wychodz\u0105 z mody i nie poddaj\u0105 si\u0119 szybko zmieniaj\u0105cym si\u0119 modom. Krzes\u0142o Park KLaar Wood.\" \/>\n<meta property=\"og:url\" content=\"https:\/\/extery.com\/pl\/produkty\/krzeslo-klaar-wood\/\" \/>\n<meta property=\"og:site_name\" content=\"Extery\" \/>\n<meta property=\"article:modified_time\" content=\"2026-05-04T07:01:03+00:00\" \/>\n<meta property=\"og:image\" content=\"https:\/\/extery.com\/wp-content\/uploads\/2020\/11\/Klaar-Wood-tool-E-scaled.jpg\" \/>\n\t<meta property=\"og:image:width\" content=\"2560\" \/>\n\t<meta property=\"og:image:height\" content=\"1707\" \/>\n\t<meta property=\"og:image:type\" content=\"image\/jpeg\" \/>\n<meta name=\"twitter:card\" content=\"summary_large_image\" \/>\n<meta name=\"twitter:label1\" content=\"Szacowany czas czytania\" \/>\n\t<meta name=\"twitter:data1\" content=\"1 minuta\" \/>\n<script type=\"application\/ld+json\" class=\"yoast-schema-graph\">{\"@context\":\"https:\/\/schema.org\",\"@graph\":[{\"@type\":\"WebPage\",\"@id\":\"https:\/\/extery.com\/pl\/produkty\/krzeslo-klaar-wood\/\",\"url\":\"https:\/\/extery.com\/pl\/produkty\/krzeslo-klaar-wood\/\",\"name\":\"Krzes\u0142o Klaar Wood - Extery\",\"isPartOf\":{\"@id\":\"https:\/\/extery.com\/pl\/#website\"},\"primaryImageOfPage\":{\"@id\":\"https:\/\/extery.com\/pl\/produkty\/krzeslo-klaar-wood\/#primaryimage\"},\"image\":{\"@id\":\"https:\/\/extery.com\/pl\/produkty\/krzeslo-klaar-wood\/#primaryimage\"},\"thumbnailUrl\":\"https:\/\/extery.com\/wp-content\/uploads\/2020\/11\/Klaar-Wood-tool-E-scaled.jpg\",\"datePublished\":\"2020-11-09T11:34:30+00:00\",\"dateModified\":\"2026-05-04T07:01:03+00:00\",\"description\":\"Chair Klaar Wood is characterized by rationality, neutrality and the precise aesthetic finishing- qualities that never go out of date nor submit to the rapidly changing vogues. Park chair KLaar Wood.Krzes\u0142o Klaar Wood charakteryzuje si\u0119 racjonalno\u015bci\u0105, neutralno\u015bci\u0105 i precyzyjnym wyko\u0144czeniem estetycznym \u2013 cechami, kt\u00f3re nigdy nie wychodz\u0105 z mody i nie poddaj\u0105 si\u0119 szybko zmieniaj\u0105cym si\u0119 modom. Krzes\u0142o Park KLaar Wood.\",\"breadcrumb\":{\"@id\":\"https:\/\/extery.com\/pl\/produkty\/krzeslo-klaar-wood\/#breadcrumb\"},\"inLanguage\":\"pl-PL\",\"potentialAction\":[{\"@type\":\"ReadAction\",\"target\":[\"https:\/\/extery.com\/pl\/produkty\/krzeslo-klaar-wood\/\"]}]},{\"@type\":\"ImageObject\",\"inLanguage\":\"pl-PL\",\"@id\":\"https:\/\/extery.com\/pl\/produkty\/krzeslo-klaar-wood\/#primaryimage\",\"url\":\"https:\/\/extery.com\/wp-content\/uploads\/2020\/11\/Klaar-Wood-tool-E-scaled.jpg\",\"contentUrl\":\"https:\/\/extery.com\/wp-content\/uploads\/2020\/11\/Klaar-Wood-tool-E-scaled.jpg\",\"width\":2560,\"height\":1707},{\"@type\":\"BreadcrumbList\",\"@id\":\"https:\/\/extery.com\/pl\/produkty\/krzeslo-klaar-wood\/#breadcrumb\",\"itemListElement\":[{\"@type\":\"ListItem\",\"position\":1,\"name\":\"Home\",\"item\":\"https:\/\/extery.com\/pl\/\"},{\"@type\":\"ListItem\",\"position\":2,\"name\":\"Produkty\",\"item\":\"https:\/\/extery.com\/tooted\/\"},{\"@type\":\"ListItem\",\"position\":3,\"name\":\"Krzes\u0142o Klaar Wood\"}]},{\"@type\":\"WebSite\",\"@id\":\"https:\/\/extery.com\/pl\/#website\",\"url\":\"https:\/\/extery.com\/pl\/\",\"name\":\"Extery\",\"description\":\"\",\"publisher\":{\"@id\":\"https:\/\/extery.com\/pl\/#organization\"},\"potentialAction\":[{\"@type\":\"SearchAction\",\"target\":{\"@type\":\"EntryPoint\",\"urlTemplate\":\"https:\/\/extery.com\/pl\/?s={search_term_string}\"},\"query-input\":{\"@type\":\"PropertyValueSpecification\",\"valueRequired\":true,\"valueName\":\"search_term_string\"}}],\"inLanguage\":\"pl-PL\"},{\"@type\":\"Organization\",\"@id\":\"https:\/\/extery.com\/pl\/#organization\",\"name\":\"Extery\",\"url\":\"https:\/\/extery.com\/pl\/\",\"logo\":{\"@type\":\"ImageObject\",\"inLanguage\":\"pl-PL\",\"@id\":\"https:\/\/extery.com\/pl\/#\/schema\/logo\/image\/\",\"url\":\"https:\/\/extery.com\/wp-content\/uploads\/2023\/11\/footer-logo.svg\",\"contentUrl\":\"https:\/\/extery.com\/wp-content\/uploads\/2023\/11\/footer-logo.svg\",\"caption\":\"Extery \"},\"image\":{\"@id\":\"https:\/\/extery.com\/pl\/#\/schema\/logo\/image\/\"}}]}<\/script>\n<!-- \/ Yoast SEO plugin. -->","yoast_head_json":{"title":"Krzes\u0142o Klaar Wood - Extery","description":"Chair Klaar Wood is characterized by rationality, neutrality and the precise aesthetic finishing- qualities that never go out of date nor submit to the rapidly changing vogues. Park chair KLaar Wood.Krzes\u0142o Klaar Wood charakteryzuje si\u0119 racjonalno\u015bci\u0105, neutralno\u015bci\u0105 i precyzyjnym wyko\u0144czeniem estetycznym \u2013 cechami, kt\u00f3re nigdy nie wychodz\u0105 z mody i nie poddaj\u0105 si\u0119 szybko zmieniaj\u0105cym si\u0119 modom. Krzes\u0142o Park KLaar Wood.","robots":{"index":"index","follow":"follow","max-snippet":"max-snippet:-1","max-image-preview":"max-image-preview:large","max-video-preview":"max-video-preview:-1"},"canonical":"https:\/\/extery.com\/pl\/produkty\/krzeslo-klaar-wood\/","og_locale":"pl_PL","og_type":"article","og_title":"Krzes\u0142o Klaar Wood - Extery","og_description":"Chair Klaar Wood is characterized by rationality, neutrality and the precise aesthetic finishing- qualities that never go out of date nor submit to the rapidly changing vogues. Park chair KLaar Wood.Krzes\u0142o Klaar Wood charakteryzuje si\u0119 racjonalno\u015bci\u0105, neutralno\u015bci\u0105 i precyzyjnym wyko\u0144czeniem estetycznym \u2013 cechami, kt\u00f3re nigdy nie wychodz\u0105 z mody i nie poddaj\u0105 si\u0119 szybko zmieniaj\u0105cym si\u0119 modom. Krzes\u0142o Park KLaar Wood.","og_url":"https:\/\/extery.com\/pl\/produkty\/krzeslo-klaar-wood\/","og_site_name":"Extery","article_modified_time":"2026-05-04T07:01:03+00:00","og_image":[{"width":2560,"height":1707,"url":"https:\/\/extery.com\/wp-content\/uploads\/2020\/11\/Klaar-Wood-tool-E-scaled.jpg","type":"image\/jpeg"}],"twitter_card":"summary_large_image","twitter_misc":{"Szacowany czas czytania":"1 minuta"},"schema":{"@context":"https:\/\/schema.org","@graph":[{"@type":"WebPage","@id":"https:\/\/extery.com\/pl\/produkty\/krzeslo-klaar-wood\/","url":"https:\/\/extery.com\/pl\/produkty\/krzeslo-klaar-wood\/","name":"Krzes\u0142o Klaar Wood - Extery","isPartOf":{"@id":"https:\/\/extery.com\/pl\/#website"},"primaryImageOfPage":{"@id":"https:\/\/extery.com\/pl\/produkty\/krzeslo-klaar-wood\/#primaryimage"},"image":{"@id":"https:\/\/extery.com\/pl\/produkty\/krzeslo-klaar-wood\/#primaryimage"},"thumbnailUrl":"https:\/\/extery.com\/wp-content\/uploads\/2020\/11\/Klaar-Wood-tool-E-scaled.jpg","datePublished":"2020-11-09T11:34:30+00:00","dateModified":"2026-05-04T07:01:03+00:00","description":"Chair Klaar Wood is characterized by rationality, neutrality and the precise aesthetic finishing- qualities that never go out of date nor submit to the rapidly changing vogues. Park chair KLaar Wood.Krzes\u0142o Klaar Wood charakteryzuje si\u0119 racjonalno\u015bci\u0105, neutralno\u015bci\u0105 i precyzyjnym wyko\u0144czeniem estetycznym \u2013 cechami, kt\u00f3re nigdy nie wychodz\u0105 z mody i nie poddaj\u0105 si\u0119 szybko zmieniaj\u0105cym si\u0119 modom. Krzes\u0142o Park KLaar Wood.","breadcrumb":{"@id":"https:\/\/extery.com\/pl\/produkty\/krzeslo-klaar-wood\/#breadcrumb"},"inLanguage":"pl-PL","potentialAction":[{"@type":"ReadAction","target":["https:\/\/extery.com\/pl\/produkty\/krzeslo-klaar-wood\/"]}]},{"@type":"ImageObject","inLanguage":"pl-PL","@id":"https:\/\/extery.com\/pl\/produkty\/krzeslo-klaar-wood\/#primaryimage","url":"https:\/\/extery.com\/wp-content\/uploads\/2020\/11\/Klaar-Wood-tool-E-scaled.jpg","contentUrl":"https:\/\/extery.com\/wp-content\/uploads\/2020\/11\/Klaar-Wood-tool-E-scaled.jpg","width":2560,"height":1707},{"@type":"BreadcrumbList","@id":"https:\/\/extery.com\/pl\/produkty\/krzeslo-klaar-wood\/#breadcrumb","itemListElement":[{"@type":"ListItem","position":1,"name":"Home","item":"https:\/\/extery.com\/pl\/"},{"@type":"ListItem","position":2,"name":"Produkty","item":"https:\/\/extery.com\/tooted\/"},{"@type":"ListItem","position":3,"name":"Krzes\u0142o Klaar Wood"}]},{"@type":"WebSite","@id":"https:\/\/extery.com\/pl\/#website","url":"https:\/\/extery.com\/pl\/","name":"Extery","description":"","publisher":{"@id":"https:\/\/extery.com\/pl\/#organization"},"potentialAction":[{"@type":"SearchAction","target":{"@type":"EntryPoint","urlTemplate":"https:\/\/extery.com\/pl\/?s={search_term_string}"},"query-input":{"@type":"PropertyValueSpecification","valueRequired":true,"valueName":"search_term_string"}}],"inLanguage":"pl-PL"},{"@type":"Organization","@id":"https:\/\/extery.com\/pl\/#organization","name":"Extery","url":"https:\/\/extery.com\/pl\/","logo":{"@type":"ImageObject","inLanguage":"pl-PL","@id":"https:\/\/extery.com\/pl\/#\/schema\/logo\/image\/","url":"https:\/\/extery.com\/wp-content\/uploads\/2023\/11\/footer-logo.svg","contentUrl":"https:\/\/extery.com\/wp-content\/uploads\/2023\/11\/footer-logo.svg","caption":"Extery "},"image":{"@id":"https:\/\/extery.com\/pl\/#\/schema\/logo\/image\/"}}]}},"_links":{"self":[{"href":"https:\/\/extery.com\/pl\/wp-json\/wp\/v2\/product\/59331","targetHints":{"allow":["GET"]}}],"collection":[{"href":"https:\/\/extery.com\/pl\/wp-json\/wp\/v2\/product"}],"about":[{"href":"https:\/\/extery.com\/pl\/wp-json\/wp\/v2\/types\/product"}],"replies":[{"embeddable":true,"href":"https:\/\/extery.com\/pl\/wp-json\/wp\/v2\/comments?post=59331"}],"wp:featuredmedia":[{"embeddable":true,"href":"https:\/\/extery.com\/pl\/wp-json\/wp\/v2\/media\/59360"}],"wp:attachment":[{"href":"https:\/\/extery.com\/pl\/wp-json\/wp\/v2\/media?parent=59331"}],"wp:term":[{"taxonomy":"product_brand","embeddable":true,"href":"https:\/\/extery.com\/pl\/wp-json\/wp\/v2\/product_brand?post=59331"},{"taxonomy":"product_cat","embeddable":true,"href":"https:\/\/extery.com\/pl\/wp-json\/wp\/v2\/product_cat?post=59331"},{"taxonomy":"product_tag","embeddable":true,"href":"https:\/\/extery.com\/pl\/wp-json\/wp\/v2\/product_tag?post=59331"}],"curies":[{"name":"wp","href":"https:\/\/api.w.org\/{rel}","templated":true}]}}