{"id":59402,"date":"2020-11-09T11:27:06","date_gmt":"2020-11-09T11:27:06","guid":{"rendered":"https:\/\/extery.com\/tooted\/lawka-parkowa-club-2\/"},"modified":"2026-05-02T18:05:07","modified_gmt":"2026-05-02T18:05:07","slug":"lawka-parkowa-club-2","status":"publish","type":"product","link":"https:\/\/extery.com\/pl\/produkty\/lawka-parkowa-club-2\/","title":{"rendered":"\u0141awka parkowa Club 2"},"content":{"rendered":"<p>\u0141awka parkowa Club 2 jest cz\u0119\u015bci\u0105 rodziny produkt\u00f3w Club. Club to prosta i funkcjonalna rodzina siedzisk oraz sto\u0142\u00f3w, zaprojektowana z my\u015bl\u0105 o u\u017cytkowaniu w r\u00f3\u017cnych przestrzeniach \u2013 od klub\u00f3w sportowych po miejsca piknikowe w parkach.<br \/>\nSeria \u0142awek Club dost\u0119pna jest w wariantach z oparciem lub bez oparcia, a tak\u017ce obejmuje modele sto\u0142\u00f3w uzupe\u0142niaj\u0105ce t\u0119 lini\u0119 produkt\u00f3w.<\/p>\n","protected":false},"excerpt":{"rendered":"<p>\u0141awka parkowa Club 2 jest cz\u0119\u015bci\u0105 rodziny produkt\u00f3w Club. Club to prosta i funkcjonalna rodzina siedzisk oraz sto\u0142\u00f3w, zaprojektowana z my\u015bl\u0105 o u\u017cytkowaniu w r\u00f3\u017cnych przestrzeniach \u2013 od klub\u00f3w sportowych po miejsca piknikowe w parkach. Seria \u0142awek Club dost\u0119pna jest w wariantach z oparciem lub bez oparcia, a tak\u017ce obejmuje modele sto\u0142\u00f3w uzupe\u0142niaj\u0105ce t\u0119 lini\u0119 [&hellip;]<\/p>\n","protected":false},"featured_media":59417,"comment_status":"open","ping_status":"closed","template":"","meta":{"_acf_changed":false},"product_brand":[],"product_cat":[365],"product_tag":[],"class_list":{"0":"post-59402","1":"product","2":"type-product","3":"status-publish","4":"has-post-thumbnail","6":"product_cat-lawki-parkowe-z-oparciami","7":"product-family-club","9":"first","10":"instock","11":"shipping-taxable","12":"product-type-simple"},"acf":[],"yoast_head":"<!-- This site is optimized with the Yoast SEO plugin v26.4 - https:\/\/yoast.com\/wordpress\/plugins\/seo\/ -->\n<title>\u0141awka parkowa Club 2 - Extery<\/title>\n<meta name=\"description\" content=\"\u0141awka parkowa Club 2 jest cz\u0119\u015bci\u0105 rodziny Geometric Club. Club to niewymagaj\u0105ca rodzina siedzisk i stolika, stworzona z my\u015bl\u0105 o u\u017cytkowaniu w r\u00f3\u017cnych miejscach, od klub\u00f3w sportowych po miejsca piknikowe w parkach.\" \/>\n<meta name=\"robots\" content=\"index, follow, max-snippet:-1, max-image-preview:large, max-video-preview:-1\" \/>\n<link rel=\"canonical\" href=\"https:\/\/extery.com\/pl\/produkty\/lawka-parkowa-club-2\/\" \/>\n<meta property=\"og:locale\" content=\"pl_PL\" \/>\n<meta property=\"og:type\" content=\"article\" \/>\n<meta property=\"og:title\" content=\"\u0141awka parkowa Club 2 - Extery\" \/>\n<meta property=\"og:description\" content=\"\u0141awka parkowa Club 2 jest cz\u0119\u015bci\u0105 rodziny Geometric Club. Club to niewymagaj\u0105ca rodzina siedzisk i stolika, stworzona z my\u015bl\u0105 o u\u017cytkowaniu w r\u00f3\u017cnych miejscach, od klub\u00f3w sportowych po miejsca piknikowe w parkach.\" \/>\n<meta property=\"og:url\" content=\"https:\/\/extery.com\/pl\/produkty\/lawka-parkowa-club-2\/\" \/>\n<meta property=\"og:site_name\" content=\"Extery\" \/>\n<meta property=\"article:modified_time\" content=\"2026-05-02T18:05:07+00:00\" \/>\n<meta property=\"og:image\" content=\"https:\/\/extery.com\/wp-content\/uploads\/2020\/11\/Club2-S-E-scaled.jpg\" \/>\n\t<meta property=\"og:image:width\" content=\"2560\" \/>\n\t<meta property=\"og:image:height\" content=\"1707\" \/>\n\t<meta property=\"og:image:type\" content=\"image\/jpeg\" \/>\n<meta name=\"twitter:card\" content=\"summary_large_image\" \/>\n<meta name=\"twitter:label1\" content=\"Szacowany czas czytania\" \/>\n\t<meta name=\"twitter:data1\" content=\"1 minuta\" \/>\n<script type=\"application\/ld+json\" class=\"yoast-schema-graph\">{\"@context\":\"https:\/\/schema.org\",\"@graph\":[{\"@type\":\"WebPage\",\"@id\":\"https:\/\/extery.com\/pl\/produkty\/lawka-parkowa-club-2\/\",\"url\":\"https:\/\/extery.com\/pl\/produkty\/lawka-parkowa-club-2\/\",\"name\":\"\u0141awka parkowa Club 2 - Extery\",\"isPartOf\":{\"@id\":\"https:\/\/extery.com\/pl\/#website\"},\"primaryImageOfPage\":{\"@id\":\"https:\/\/extery.com\/pl\/produkty\/lawka-parkowa-club-2\/#primaryimage\"},\"image\":{\"@id\":\"https:\/\/extery.com\/pl\/produkty\/lawka-parkowa-club-2\/#primaryimage\"},\"thumbnailUrl\":\"https:\/\/extery.com\/wp-content\/uploads\/2020\/11\/Club2-S-E-scaled.jpg\",\"datePublished\":\"2020-11-09T11:27:06+00:00\",\"dateModified\":\"2026-05-02T18:05:07+00:00\",\"description\":\"\u0141awka parkowa Club 2 jest cz\u0119\u015bci\u0105 rodziny Geometric Club. Club to niewymagaj\u0105ca rodzina siedzisk i stolika, stworzona z my\u015bl\u0105 o u\u017cytkowaniu w r\u00f3\u017cnych miejscach, od klub\u00f3w sportowych po miejsca piknikowe w parkach.\",\"breadcrumb\":{\"@id\":\"https:\/\/extery.com\/pl\/produkty\/lawka-parkowa-club-2\/#breadcrumb\"},\"inLanguage\":\"pl-PL\",\"potentialAction\":[{\"@type\":\"ReadAction\",\"target\":[\"https:\/\/extery.com\/pl\/produkty\/lawka-parkowa-club-2\/\"]}]},{\"@type\":\"ImageObject\",\"inLanguage\":\"pl-PL\",\"@id\":\"https:\/\/extery.com\/pl\/produkty\/lawka-parkowa-club-2\/#primaryimage\",\"url\":\"https:\/\/extery.com\/wp-content\/uploads\/2020\/11\/Club2-S-E-scaled.jpg\",\"contentUrl\":\"https:\/\/extery.com\/wp-content\/uploads\/2020\/11\/Club2-S-E-scaled.jpg\",\"width\":2560,\"height\":1707},{\"@type\":\"BreadcrumbList\",\"@id\":\"https:\/\/extery.com\/pl\/produkty\/lawka-parkowa-club-2\/#breadcrumb\",\"itemListElement\":[{\"@type\":\"ListItem\",\"position\":1,\"name\":\"Home\",\"item\":\"https:\/\/extery.com\/pl\/\"},{\"@type\":\"ListItem\",\"position\":2,\"name\":\"Produkty\",\"item\":\"https:\/\/extery.com\/tooted\/\"},{\"@type\":\"ListItem\",\"position\":3,\"name\":\"\u0141awka parkowa Club 2\"}]},{\"@type\":\"WebSite\",\"@id\":\"https:\/\/extery.com\/pl\/#website\",\"url\":\"https:\/\/extery.com\/pl\/\",\"name\":\"Extery\",\"description\":\"\",\"publisher\":{\"@id\":\"https:\/\/extery.com\/pl\/#organization\"},\"potentialAction\":[{\"@type\":\"SearchAction\",\"target\":{\"@type\":\"EntryPoint\",\"urlTemplate\":\"https:\/\/extery.com\/pl\/?s={search_term_string}\"},\"query-input\":{\"@type\":\"PropertyValueSpecification\",\"valueRequired\":true,\"valueName\":\"search_term_string\"}}],\"inLanguage\":\"pl-PL\"},{\"@type\":\"Organization\",\"@id\":\"https:\/\/extery.com\/pl\/#organization\",\"name\":\"Extery\",\"url\":\"https:\/\/extery.com\/pl\/\",\"logo\":{\"@type\":\"ImageObject\",\"inLanguage\":\"pl-PL\",\"@id\":\"https:\/\/extery.com\/pl\/#\/schema\/logo\/image\/\",\"url\":\"https:\/\/extery.com\/wp-content\/uploads\/2023\/11\/footer-logo.svg\",\"contentUrl\":\"https:\/\/extery.com\/wp-content\/uploads\/2023\/11\/footer-logo.svg\",\"caption\":\"Extery \"},\"image\":{\"@id\":\"https:\/\/extery.com\/pl\/#\/schema\/logo\/image\/\"}}]}<\/script>\n<!-- \/ Yoast SEO plugin. -->","yoast_head_json":{"title":"\u0141awka parkowa Club 2 - Extery","description":"\u0141awka parkowa Club 2 jest cz\u0119\u015bci\u0105 rodziny Geometric Club. Club to niewymagaj\u0105ca rodzina siedzisk i stolika, stworzona z my\u015bl\u0105 o u\u017cytkowaniu w r\u00f3\u017cnych miejscach, od klub\u00f3w sportowych po miejsca piknikowe w parkach.","robots":{"index":"index","follow":"follow","max-snippet":"max-snippet:-1","max-image-preview":"max-image-preview:large","max-video-preview":"max-video-preview:-1"},"canonical":"https:\/\/extery.com\/pl\/produkty\/lawka-parkowa-club-2\/","og_locale":"pl_PL","og_type":"article","og_title":"\u0141awka parkowa Club 2 - Extery","og_description":"\u0141awka parkowa Club 2 jest cz\u0119\u015bci\u0105 rodziny Geometric Club. Club to niewymagaj\u0105ca rodzina siedzisk i stolika, stworzona z my\u015bl\u0105 o u\u017cytkowaniu w r\u00f3\u017cnych miejscach, od klub\u00f3w sportowych po miejsca piknikowe w parkach.","og_url":"https:\/\/extery.com\/pl\/produkty\/lawka-parkowa-club-2\/","og_site_name":"Extery","article_modified_time":"2026-05-02T18:05:07+00:00","og_image":[{"width":2560,"height":1707,"url":"https:\/\/extery.com\/wp-content\/uploads\/2020\/11\/Club2-S-E-scaled.jpg","type":"image\/jpeg"}],"twitter_card":"summary_large_image","twitter_misc":{"Szacowany czas czytania":"1 minuta"},"schema":{"@context":"https:\/\/schema.org","@graph":[{"@type":"WebPage","@id":"https:\/\/extery.com\/pl\/produkty\/lawka-parkowa-club-2\/","url":"https:\/\/extery.com\/pl\/produkty\/lawka-parkowa-club-2\/","name":"\u0141awka parkowa Club 2 - Extery","isPartOf":{"@id":"https:\/\/extery.com\/pl\/#website"},"primaryImageOfPage":{"@id":"https:\/\/extery.com\/pl\/produkty\/lawka-parkowa-club-2\/#primaryimage"},"image":{"@id":"https:\/\/extery.com\/pl\/produkty\/lawka-parkowa-club-2\/#primaryimage"},"thumbnailUrl":"https:\/\/extery.com\/wp-content\/uploads\/2020\/11\/Club2-S-E-scaled.jpg","datePublished":"2020-11-09T11:27:06+00:00","dateModified":"2026-05-02T18:05:07+00:00","description":"\u0141awka parkowa Club 2 jest cz\u0119\u015bci\u0105 rodziny Geometric Club. Club to niewymagaj\u0105ca rodzina siedzisk i stolika, stworzona z my\u015bl\u0105 o u\u017cytkowaniu w r\u00f3\u017cnych miejscach, od klub\u00f3w sportowych po miejsca piknikowe w parkach.","breadcrumb":{"@id":"https:\/\/extery.com\/pl\/produkty\/lawka-parkowa-club-2\/#breadcrumb"},"inLanguage":"pl-PL","potentialAction":[{"@type":"ReadAction","target":["https:\/\/extery.com\/pl\/produkty\/lawka-parkowa-club-2\/"]}]},{"@type":"ImageObject","inLanguage":"pl-PL","@id":"https:\/\/extery.com\/pl\/produkty\/lawka-parkowa-club-2\/#primaryimage","url":"https:\/\/extery.com\/wp-content\/uploads\/2020\/11\/Club2-S-E-scaled.jpg","contentUrl":"https:\/\/extery.com\/wp-content\/uploads\/2020\/11\/Club2-S-E-scaled.jpg","width":2560,"height":1707},{"@type":"BreadcrumbList","@id":"https:\/\/extery.com\/pl\/produkty\/lawka-parkowa-club-2\/#breadcrumb","itemListElement":[{"@type":"ListItem","position":1,"name":"Home","item":"https:\/\/extery.com\/pl\/"},{"@type":"ListItem","position":2,"name":"Produkty","item":"https:\/\/extery.com\/tooted\/"},{"@type":"ListItem","position":3,"name":"\u0141awka parkowa Club 2"}]},{"@type":"WebSite","@id":"https:\/\/extery.com\/pl\/#website","url":"https:\/\/extery.com\/pl\/","name":"Extery","description":"","publisher":{"@id":"https:\/\/extery.com\/pl\/#organization"},"potentialAction":[{"@type":"SearchAction","target":{"@type":"EntryPoint","urlTemplate":"https:\/\/extery.com\/pl\/?s={search_term_string}"},"query-input":{"@type":"PropertyValueSpecification","valueRequired":true,"valueName":"search_term_string"}}],"inLanguage":"pl-PL"},{"@type":"Organization","@id":"https:\/\/extery.com\/pl\/#organization","name":"Extery","url":"https:\/\/extery.com\/pl\/","logo":{"@type":"ImageObject","inLanguage":"pl-PL","@id":"https:\/\/extery.com\/pl\/#\/schema\/logo\/image\/","url":"https:\/\/extery.com\/wp-content\/uploads\/2023\/11\/footer-logo.svg","contentUrl":"https:\/\/extery.com\/wp-content\/uploads\/2023\/11\/footer-logo.svg","caption":"Extery "},"image":{"@id":"https:\/\/extery.com\/pl\/#\/schema\/logo\/image\/"}}]}},"_links":{"self":[{"href":"https:\/\/extery.com\/pl\/wp-json\/wp\/v2\/product\/59402","targetHints":{"allow":["GET"]}}],"collection":[{"href":"https:\/\/extery.com\/pl\/wp-json\/wp\/v2\/product"}],"about":[{"href":"https:\/\/extery.com\/pl\/wp-json\/wp\/v2\/types\/product"}],"replies":[{"embeddable":true,"href":"https:\/\/extery.com\/pl\/wp-json\/wp\/v2\/comments?post=59402"}],"wp:featuredmedia":[{"embeddable":true,"href":"https:\/\/extery.com\/pl\/wp-json\/wp\/v2\/media\/59417"}],"wp:attachment":[{"href":"https:\/\/extery.com\/pl\/wp-json\/wp\/v2\/media?parent=59402"}],"wp:term":[{"taxonomy":"product_brand","embeddable":true,"href":"https:\/\/extery.com\/pl\/wp-json\/wp\/v2\/product_brand?post=59402"},{"taxonomy":"product_cat","embeddable":true,"href":"https:\/\/extery.com\/pl\/wp-json\/wp\/v2\/product_cat?post=59402"},{"taxonomy":"product_tag","embeddable":true,"href":"https:\/\/extery.com\/pl\/wp-json\/wp\/v2\/product_tag?post=59402"}],"curies":[{"name":"wp","href":"https:\/\/api.w.org\/{rel}","templated":true}]}}