{"id":59472,"date":"2020-11-11T09:16:31","date_gmt":"2020-11-11T09:16:31","guid":{"rendered":"https:\/\/extery.com\/tooted\/lawka-parkowa-tahu-bez-oparcia\/"},"modified":"2026-05-02T16:32:17","modified_gmt":"2026-05-02T16:32:17","slug":"lawka-parkowa-tahu-bez-oparcia","status":"publish","type":"product","link":"https:\/\/extery.com\/pl\/produkty\/lawka-parkowa-tahu-bez-oparcia\/","title":{"rendered":"\u0141awka parkowa Tahu, bez oparcia"},"content":{"rendered":"<p>\u0141awka parkowa TAHU to masywna konstrukcja o wizualnie lekkiej formie, zaprojektowana z my\u015bl\u0105 o wymagaj\u0105cych przestrzeniach publicznych. Wyrazista, czytelna forma oraz dynamiczna linia sprawiaj\u0105, \u017ce dobrze sprawdza si\u0119 m.in. w miejscach intensywnego ruchu, takich jak przystanki komunikacji publicznej czy przestrzenie w\u0119z\u0142\u00f3w pieszych.<\/p>\n<p>Zastosowanie pow\u0142oki antygraffiti oraz solidnej betonowej podstawy zwi\u0119ksza odporno\u015b\u0107 \u0142awki na intensywne u\u017cytkowanie i akty wandalizmu, dzi\u0119ki czemu element zachowuje estetyczny wygl\u0105d nawet w trudnych warunkach eksploatacyjnych charakterystycznych dla g\u0119sto zabudowanych obszar\u00f3w miejskich.<\/p>\n","protected":false},"excerpt":{"rendered":"<p>\u0141awka parkowa TAHU to masywna konstrukcja o wizualnie lekkiej formie, zaprojektowana z my\u015bl\u0105 o wymagaj\u0105cych przestrzeniach publicznych. Wyrazista, czytelna forma oraz dynamiczna linia sprawiaj\u0105, \u017ce dobrze sprawdza si\u0119 m.in. w miejscach intensywnego ruchu, takich jak przystanki komunikacji publicznej czy przestrzenie w\u0119z\u0142\u00f3w pieszych. Zastosowanie pow\u0142oki antygraffiti oraz solidnej betonowej podstawy zwi\u0119ksza odporno\u015b\u0107 \u0142awki na intensywne u\u017cytkowanie [&hellip;]<\/p>\n","protected":false},"featured_media":59488,"comment_status":"open","ping_status":"closed","template":"","meta":{"_acf_changed":false},"product_brand":[],"product_cat":[369],"product_tag":[],"class_list":{"0":"post-59472","1":"product","2":"type-product","3":"status-publish","4":"has-post-thumbnail","6":"product_cat-lawki-parkowe-bez-oparcia","7":"product-family-tahu","9":"first","10":"instock","11":"shipping-taxable","12":"product-type-simple"},"acf":[],"yoast_head":"<!-- This site is optimized with the Yoast SEO plugin v26.4 - https:\/\/yoast.com\/wordpress\/plugins\/seo\/ -->\n<title>\u0141awka parkowa Tahu, bez oparcia - Extery<\/title>\n<meta name=\"description\" content=\"\u0141awka parkowa TAHU to lekka i ci\u0119\u017cka \u0142awka do wymagaj\u0105cych zastosowa\u0144. Betonowe nogi pokryte lakierem antygraffiti zapewniaj\u0105 Tahu nieskazitelny wygl\u0105d.\" \/>\n<meta name=\"robots\" content=\"index, follow, max-snippet:-1, max-image-preview:large, max-video-preview:-1\" \/>\n<link rel=\"canonical\" href=\"https:\/\/extery.com\/pl\/produkty\/lawka-parkowa-tahu-bez-oparcia\/\" \/>\n<meta property=\"og:locale\" content=\"pl_PL\" \/>\n<meta property=\"og:type\" content=\"article\" \/>\n<meta property=\"og:title\" content=\"\u0141awka parkowa Tahu, bez oparcia - Extery\" \/>\n<meta property=\"og:description\" content=\"\u0141awka parkowa TAHU to lekka i ci\u0119\u017cka \u0142awka do wymagaj\u0105cych zastosowa\u0144. Betonowe nogi pokryte lakierem antygraffiti zapewniaj\u0105 Tahu nieskazitelny wygl\u0105d.\" \/>\n<meta property=\"og:url\" content=\"https:\/\/extery.com\/pl\/produkty\/lawka-parkowa-tahu-bez-oparcia\/\" \/>\n<meta property=\"og:site_name\" content=\"Extery\" \/>\n<meta property=\"article:modified_time\" content=\"2026-05-02T16:32:17+00:00\" \/>\n<meta property=\"og:image\" content=\"https:\/\/extery.com\/wp-content\/uploads\/2020\/12\/Tahu-pargipink-park-bench-scaled.jpg\" \/>\n\t<meta property=\"og:image:width\" content=\"2560\" \/>\n\t<meta property=\"og:image:height\" content=\"1707\" \/>\n\t<meta property=\"og:image:type\" content=\"image\/jpeg\" \/>\n<meta name=\"twitter:card\" content=\"summary_large_image\" \/>\n<meta name=\"twitter:label1\" content=\"Szacowany czas czytania\" \/>\n\t<meta name=\"twitter:data1\" content=\"1 minuta\" \/>\n<script type=\"application\/ld+json\" class=\"yoast-schema-graph\">{\"@context\":\"https:\/\/schema.org\",\"@graph\":[{\"@type\":\"WebPage\",\"@id\":\"https:\/\/extery.com\/pl\/produkty\/lawka-parkowa-tahu-bez-oparcia\/\",\"url\":\"https:\/\/extery.com\/pl\/produkty\/lawka-parkowa-tahu-bez-oparcia\/\",\"name\":\"\u0141awka parkowa Tahu, bez oparcia - Extery\",\"isPartOf\":{\"@id\":\"https:\/\/extery.com\/pl\/#website\"},\"primaryImageOfPage\":{\"@id\":\"https:\/\/extery.com\/pl\/produkty\/lawka-parkowa-tahu-bez-oparcia\/#primaryimage\"},\"image\":{\"@id\":\"https:\/\/extery.com\/pl\/produkty\/lawka-parkowa-tahu-bez-oparcia\/#primaryimage\"},\"thumbnailUrl\":\"https:\/\/extery.com\/wp-content\/uploads\/2020\/12\/Tahu-pargipink-park-bench-scaled.jpg\",\"datePublished\":\"2020-11-11T09:16:31+00:00\",\"dateModified\":\"2026-05-02T16:32:17+00:00\",\"description\":\"\u0141awka parkowa TAHU to lekka i ci\u0119\u017cka \u0142awka do wymagaj\u0105cych zastosowa\u0144. Betonowe nogi pokryte lakierem antygraffiti zapewniaj\u0105 Tahu nieskazitelny wygl\u0105d.\",\"breadcrumb\":{\"@id\":\"https:\/\/extery.com\/pl\/produkty\/lawka-parkowa-tahu-bez-oparcia\/#breadcrumb\"},\"inLanguage\":\"pl-PL\",\"potentialAction\":[{\"@type\":\"ReadAction\",\"target\":[\"https:\/\/extery.com\/pl\/produkty\/lawka-parkowa-tahu-bez-oparcia\/\"]}]},{\"@type\":\"ImageObject\",\"inLanguage\":\"pl-PL\",\"@id\":\"https:\/\/extery.com\/pl\/produkty\/lawka-parkowa-tahu-bez-oparcia\/#primaryimage\",\"url\":\"https:\/\/extery.com\/wp-content\/uploads\/2020\/12\/Tahu-pargipink-park-bench-scaled.jpg\",\"contentUrl\":\"https:\/\/extery.com\/wp-content\/uploads\/2020\/12\/Tahu-pargipink-park-bench-scaled.jpg\",\"width\":2560,\"height\":1707},{\"@type\":\"BreadcrumbList\",\"@id\":\"https:\/\/extery.com\/pl\/produkty\/lawka-parkowa-tahu-bez-oparcia\/#breadcrumb\",\"itemListElement\":[{\"@type\":\"ListItem\",\"position\":1,\"name\":\"Home\",\"item\":\"https:\/\/extery.com\/pl\/\"},{\"@type\":\"ListItem\",\"position\":2,\"name\":\"Produkty\",\"item\":\"https:\/\/extery.com\/tooted\/\"},{\"@type\":\"ListItem\",\"position\":3,\"name\":\"\u0141awka parkowa Tahu, bez oparcia\"}]},{\"@type\":\"WebSite\",\"@id\":\"https:\/\/extery.com\/pl\/#website\",\"url\":\"https:\/\/extery.com\/pl\/\",\"name\":\"Extery\",\"description\":\"\",\"publisher\":{\"@id\":\"https:\/\/extery.com\/pl\/#organization\"},\"potentialAction\":[{\"@type\":\"SearchAction\",\"target\":{\"@type\":\"EntryPoint\",\"urlTemplate\":\"https:\/\/extery.com\/pl\/?s={search_term_string}\"},\"query-input\":{\"@type\":\"PropertyValueSpecification\",\"valueRequired\":true,\"valueName\":\"search_term_string\"}}],\"inLanguage\":\"pl-PL\"},{\"@type\":\"Organization\",\"@id\":\"https:\/\/extery.com\/pl\/#organization\",\"name\":\"Extery\",\"url\":\"https:\/\/extery.com\/pl\/\",\"logo\":{\"@type\":\"ImageObject\",\"inLanguage\":\"pl-PL\",\"@id\":\"https:\/\/extery.com\/pl\/#\/schema\/logo\/image\/\",\"url\":\"https:\/\/extery.com\/wp-content\/uploads\/2023\/11\/footer-logo.svg\",\"contentUrl\":\"https:\/\/extery.com\/wp-content\/uploads\/2023\/11\/footer-logo.svg\",\"caption\":\"Extery \"},\"image\":{\"@id\":\"https:\/\/extery.com\/pl\/#\/schema\/logo\/image\/\"}}]}<\/script>\n<!-- \/ Yoast SEO plugin. -->","yoast_head_json":{"title":"\u0141awka parkowa Tahu, bez oparcia - Extery","description":"\u0141awka parkowa TAHU to lekka i ci\u0119\u017cka \u0142awka do wymagaj\u0105cych zastosowa\u0144. Betonowe nogi pokryte lakierem antygraffiti zapewniaj\u0105 Tahu nieskazitelny wygl\u0105d.","robots":{"index":"index","follow":"follow","max-snippet":"max-snippet:-1","max-image-preview":"max-image-preview:large","max-video-preview":"max-video-preview:-1"},"canonical":"https:\/\/extery.com\/pl\/produkty\/lawka-parkowa-tahu-bez-oparcia\/","og_locale":"pl_PL","og_type":"article","og_title":"\u0141awka parkowa Tahu, bez oparcia - Extery","og_description":"\u0141awka parkowa TAHU to lekka i ci\u0119\u017cka \u0142awka do wymagaj\u0105cych zastosowa\u0144. Betonowe nogi pokryte lakierem antygraffiti zapewniaj\u0105 Tahu nieskazitelny wygl\u0105d.","og_url":"https:\/\/extery.com\/pl\/produkty\/lawka-parkowa-tahu-bez-oparcia\/","og_site_name":"Extery","article_modified_time":"2026-05-02T16:32:17+00:00","og_image":[{"width":2560,"height":1707,"url":"https:\/\/extery.com\/wp-content\/uploads\/2020\/12\/Tahu-pargipink-park-bench-scaled.jpg","type":"image\/jpeg"}],"twitter_card":"summary_large_image","twitter_misc":{"Szacowany czas czytania":"1 minuta"},"schema":{"@context":"https:\/\/schema.org","@graph":[{"@type":"WebPage","@id":"https:\/\/extery.com\/pl\/produkty\/lawka-parkowa-tahu-bez-oparcia\/","url":"https:\/\/extery.com\/pl\/produkty\/lawka-parkowa-tahu-bez-oparcia\/","name":"\u0141awka parkowa Tahu, bez oparcia - Extery","isPartOf":{"@id":"https:\/\/extery.com\/pl\/#website"},"primaryImageOfPage":{"@id":"https:\/\/extery.com\/pl\/produkty\/lawka-parkowa-tahu-bez-oparcia\/#primaryimage"},"image":{"@id":"https:\/\/extery.com\/pl\/produkty\/lawka-parkowa-tahu-bez-oparcia\/#primaryimage"},"thumbnailUrl":"https:\/\/extery.com\/wp-content\/uploads\/2020\/12\/Tahu-pargipink-park-bench-scaled.jpg","datePublished":"2020-11-11T09:16:31+00:00","dateModified":"2026-05-02T16:32:17+00:00","description":"\u0141awka parkowa TAHU to lekka i ci\u0119\u017cka \u0142awka do wymagaj\u0105cych zastosowa\u0144. Betonowe nogi pokryte lakierem antygraffiti zapewniaj\u0105 Tahu nieskazitelny wygl\u0105d.","breadcrumb":{"@id":"https:\/\/extery.com\/pl\/produkty\/lawka-parkowa-tahu-bez-oparcia\/#breadcrumb"},"inLanguage":"pl-PL","potentialAction":[{"@type":"ReadAction","target":["https:\/\/extery.com\/pl\/produkty\/lawka-parkowa-tahu-bez-oparcia\/"]}]},{"@type":"ImageObject","inLanguage":"pl-PL","@id":"https:\/\/extery.com\/pl\/produkty\/lawka-parkowa-tahu-bez-oparcia\/#primaryimage","url":"https:\/\/extery.com\/wp-content\/uploads\/2020\/12\/Tahu-pargipink-park-bench-scaled.jpg","contentUrl":"https:\/\/extery.com\/wp-content\/uploads\/2020\/12\/Tahu-pargipink-park-bench-scaled.jpg","width":2560,"height":1707},{"@type":"BreadcrumbList","@id":"https:\/\/extery.com\/pl\/produkty\/lawka-parkowa-tahu-bez-oparcia\/#breadcrumb","itemListElement":[{"@type":"ListItem","position":1,"name":"Home","item":"https:\/\/extery.com\/pl\/"},{"@type":"ListItem","position":2,"name":"Produkty","item":"https:\/\/extery.com\/tooted\/"},{"@type":"ListItem","position":3,"name":"\u0141awka parkowa Tahu, bez oparcia"}]},{"@type":"WebSite","@id":"https:\/\/extery.com\/pl\/#website","url":"https:\/\/extery.com\/pl\/","name":"Extery","description":"","publisher":{"@id":"https:\/\/extery.com\/pl\/#organization"},"potentialAction":[{"@type":"SearchAction","target":{"@type":"EntryPoint","urlTemplate":"https:\/\/extery.com\/pl\/?s={search_term_string}"},"query-input":{"@type":"PropertyValueSpecification","valueRequired":true,"valueName":"search_term_string"}}],"inLanguage":"pl-PL"},{"@type":"Organization","@id":"https:\/\/extery.com\/pl\/#organization","name":"Extery","url":"https:\/\/extery.com\/pl\/","logo":{"@type":"ImageObject","inLanguage":"pl-PL","@id":"https:\/\/extery.com\/pl\/#\/schema\/logo\/image\/","url":"https:\/\/extery.com\/wp-content\/uploads\/2023\/11\/footer-logo.svg","contentUrl":"https:\/\/extery.com\/wp-content\/uploads\/2023\/11\/footer-logo.svg","caption":"Extery "},"image":{"@id":"https:\/\/extery.com\/pl\/#\/schema\/logo\/image\/"}}]}},"_links":{"self":[{"href":"https:\/\/extery.com\/pl\/wp-json\/wp\/v2\/product\/59472","targetHints":{"allow":["GET"]}}],"collection":[{"href":"https:\/\/extery.com\/pl\/wp-json\/wp\/v2\/product"}],"about":[{"href":"https:\/\/extery.com\/pl\/wp-json\/wp\/v2\/types\/product"}],"replies":[{"embeddable":true,"href":"https:\/\/extery.com\/pl\/wp-json\/wp\/v2\/comments?post=59472"}],"wp:featuredmedia":[{"embeddable":true,"href":"https:\/\/extery.com\/pl\/wp-json\/wp\/v2\/media\/59488"}],"wp:attachment":[{"href":"https:\/\/extery.com\/pl\/wp-json\/wp\/v2\/media?parent=59472"}],"wp:term":[{"taxonomy":"product_brand","embeddable":true,"href":"https:\/\/extery.com\/pl\/wp-json\/wp\/v2\/product_brand?post=59472"},{"taxonomy":"product_cat","embeddable":true,"href":"https:\/\/extery.com\/pl\/wp-json\/wp\/v2\/product_cat?post=59472"},{"taxonomy":"product_tag","embeddable":true,"href":"https:\/\/extery.com\/pl\/wp-json\/wp\/v2\/product_tag?post=59472"}],"curies":[{"name":"wp","href":"https:\/\/api.w.org\/{rel}","templated":true}]}}