{"id":59549,"date":"2024-10-14T10:22:21","date_gmt":"2024-10-14T10:22:21","guid":{"rendered":"https:\/\/extery.com\/tooted\/kosz-na-smieci-trio-m1\/"},"modified":"2026-05-02T18:36:20","modified_gmt":"2026-05-02T18:36:20","slug":"kosz-na-smieci-trio-m1","status":"publish","type":"product","link":"https:\/\/extery.com\/pl\/produkty\/kosz-na-smieci-trio-m1\/","title":{"rendered":"Kosz na \u015bmieci Trio M1"},"content":{"rendered":"<p>Kosz na \u015bmieci TRIO to system pojemnik\u00f3w do segregacji odpad\u00f3w w miejscach publicznych. Seria tych koszy jest dost\u0119pna w r\u00f3\u017cnych rozmiarach i konfiguracjach, spo\u015br\u00f3d kt\u00f3rych mo\u017cna znale\u017a\u0107 odpowiednie do u\u017cytku zar\u00f3wno na zewn\u0105trz, jak i wewn\u0105trz budynk\u00f3w. Dodatkowe pojedyncze kosze w ramach serii zwi\u0119kszaj\u0105 elastyczno\u015b\u0107 jej zastosowania w danym otoczeniu.<\/p>\n<p>Starannie zaprojektowane detale, takie jak wystaj\u0105ce, kolorowe kraw\u0119dzie, u\u0142atwiaj\u0105 u\u017cytkownikom prawid\u0142ow\u0105 segregacj\u0119 odpad\u00f3w. W modelu Trio w rozmiarze M zastosowano dodatkowo specjalne p\u00f3\u0142ki na butelki, umieszczone w spos\u00f3b oddzielaj\u0105cy je od pozosta\u0142ych odpad\u00f3w w korpusie kosza, co umo\u017cliwia ich \u0142atwiejsze i bardziej uporz\u0105dkowane odzyskiwanie.<\/p>\n","protected":false},"excerpt":{"rendered":"<p>Kosz na \u015bmieci TRIO to system pojemnik\u00f3w do segregacji odpad\u00f3w w miejscach publicznych. Seria tych koszy jest dost\u0119pna w r\u00f3\u017cnych rozmiarach i konfiguracjach, spo\u015br\u00f3d kt\u00f3rych mo\u017cna znale\u017a\u0107 odpowiednie do u\u017cytku zar\u00f3wno na zewn\u0105trz, jak i wewn\u0105trz budynk\u00f3w. Dodatkowe pojedyncze kosze w ramach serii zwi\u0119kszaj\u0105 elastyczno\u015b\u0107 jej zastosowania w danym otoczeniu. Starannie zaprojektowane detale, takie jak [&hellip;]<\/p>\n","protected":false},"featured_media":59551,"comment_status":"open","ping_status":"closed","template":"","meta":{"_acf_changed":false},"product_brand":[],"product_cat":[375],"product_tag":[],"class_list":{"0":"post-59549","1":"product","2":"type-product","3":"status-publish","4":"has-post-thumbnail","6":"product_cat-kosze-na-smieci","7":"product-family-trio","9":"first","10":"instock","11":"shipping-taxable","12":"product-type-simple"},"acf":[],"yoast_head":"<!-- This site is optimized with the Yoast SEO plugin v26.4 - https:\/\/yoast.com\/wordpress\/plugins\/seo\/ -->\n<title>Kosz na \u015bmieci Trio M1 - Extery<\/title>\n<meta name=\"description\" content=\"Kosz na \u015bmieci TRIO to system koszy do segregacji odpad\u00f3w w miejscach publicznych. Dost\u0119pny w r\u00f3\u017cnych rozmiarach i konfiguracjach. Wybierz najlepszy z naszej oferty!\" \/>\n<meta name=\"robots\" content=\"index, follow, max-snippet:-1, max-image-preview:large, max-video-preview:-1\" \/>\n<link rel=\"canonical\" href=\"https:\/\/extery.com\/pl\/produkty\/kosz-na-smieci-trio-m1\/\" \/>\n<meta property=\"og:locale\" content=\"pl_PL\" \/>\n<meta property=\"og:type\" content=\"article\" \/>\n<meta property=\"og:title\" content=\"Kosz na \u015bmieci Trio M1 - Extery\" \/>\n<meta property=\"og:description\" content=\"Kosz na \u015bmieci TRIO to system koszy do segregacji odpad\u00f3w w miejscach publicznych. Dost\u0119pny w r\u00f3\u017cnych rozmiarach i konfiguracjach. Wybierz najlepszy z naszej oferty!\" \/>\n<meta property=\"og:url\" content=\"https:\/\/extery.com\/pl\/produkty\/kosz-na-smieci-trio-m1\/\" \/>\n<meta property=\"og:site_name\" content=\"Extery\" \/>\n<meta property=\"article:modified_time\" content=\"2026-05-02T18:36:20+00:00\" \/>\n<meta property=\"og:image\" content=\"https:\/\/extery.com\/wp-content\/uploads\/2024\/10\/TrioM-1-eest-Extery-linnamoobel-prugikastid-urban-furniture-litter-bin.jpg\" \/>\n\t<meta property=\"og:image:width\" content=\"1875\" \/>\n\t<meta property=\"og:image:height\" content=\"1250\" \/>\n\t<meta property=\"og:image:type\" content=\"image\/jpeg\" \/>\n<meta name=\"twitter:card\" content=\"summary_large_image\" \/>\n<meta name=\"twitter:label1\" content=\"Szacowany czas czytania\" \/>\n\t<meta name=\"twitter:data1\" content=\"1 minuta\" \/>\n<script type=\"application\/ld+json\" class=\"yoast-schema-graph\">{\"@context\":\"https:\/\/schema.org\",\"@graph\":[{\"@type\":\"WebPage\",\"@id\":\"https:\/\/extery.com\/pl\/produkty\/kosz-na-smieci-trio-m1\/\",\"url\":\"https:\/\/extery.com\/pl\/produkty\/kosz-na-smieci-trio-m1\/\",\"name\":\"Kosz na \u015bmieci Trio M1 - Extery\",\"isPartOf\":{\"@id\":\"https:\/\/extery.com\/pl\/#website\"},\"primaryImageOfPage\":{\"@id\":\"https:\/\/extery.com\/pl\/produkty\/kosz-na-smieci-trio-m1\/#primaryimage\"},\"image\":{\"@id\":\"https:\/\/extery.com\/pl\/produkty\/kosz-na-smieci-trio-m1\/#primaryimage\"},\"thumbnailUrl\":\"https:\/\/extery.com\/wp-content\/uploads\/2024\/10\/TrioM-1-eest-Extery-linnamoobel-prugikastid-urban-furniture-litter-bin.jpg\",\"datePublished\":\"2024-10-14T10:22:21+00:00\",\"dateModified\":\"2026-05-02T18:36:20+00:00\",\"description\":\"Kosz na \u015bmieci TRIO to system koszy do segregacji odpad\u00f3w w miejscach publicznych. Dost\u0119pny w r\u00f3\u017cnych rozmiarach i konfiguracjach. Wybierz najlepszy z naszej oferty!\",\"breadcrumb\":{\"@id\":\"https:\/\/extery.com\/pl\/produkty\/kosz-na-smieci-trio-m1\/#breadcrumb\"},\"inLanguage\":\"pl-PL\",\"potentialAction\":[{\"@type\":\"ReadAction\",\"target\":[\"https:\/\/extery.com\/pl\/produkty\/kosz-na-smieci-trio-m1\/\"]}]},{\"@type\":\"ImageObject\",\"inLanguage\":\"pl-PL\",\"@id\":\"https:\/\/extery.com\/pl\/produkty\/kosz-na-smieci-trio-m1\/#primaryimage\",\"url\":\"https:\/\/extery.com\/wp-content\/uploads\/2024\/10\/TrioM-1-eest-Extery-linnamoobel-prugikastid-urban-furniture-litter-bin.jpg\",\"contentUrl\":\"https:\/\/extery.com\/wp-content\/uploads\/2024\/10\/TrioM-1-eest-Extery-linnamoobel-prugikastid-urban-furniture-litter-bin.jpg\",\"width\":1875,\"height\":1250},{\"@type\":\"BreadcrumbList\",\"@id\":\"https:\/\/extery.com\/pl\/produkty\/kosz-na-smieci-trio-m1\/#breadcrumb\",\"itemListElement\":[{\"@type\":\"ListItem\",\"position\":1,\"name\":\"Home\",\"item\":\"https:\/\/extery.com\/pl\/\"},{\"@type\":\"ListItem\",\"position\":2,\"name\":\"Produkty\",\"item\":\"https:\/\/extery.com\/tooted\/\"},{\"@type\":\"ListItem\",\"position\":3,\"name\":\"Kosz na \u015bmieci Trio M1\"}]},{\"@type\":\"WebSite\",\"@id\":\"https:\/\/extery.com\/pl\/#website\",\"url\":\"https:\/\/extery.com\/pl\/\",\"name\":\"Extery\",\"description\":\"\",\"publisher\":{\"@id\":\"https:\/\/extery.com\/pl\/#organization\"},\"potentialAction\":[{\"@type\":\"SearchAction\",\"target\":{\"@type\":\"EntryPoint\",\"urlTemplate\":\"https:\/\/extery.com\/pl\/?s={search_term_string}\"},\"query-input\":{\"@type\":\"PropertyValueSpecification\",\"valueRequired\":true,\"valueName\":\"search_term_string\"}}],\"inLanguage\":\"pl-PL\"},{\"@type\":\"Organization\",\"@id\":\"https:\/\/extery.com\/pl\/#organization\",\"name\":\"Extery\",\"url\":\"https:\/\/extery.com\/pl\/\",\"logo\":{\"@type\":\"ImageObject\",\"inLanguage\":\"pl-PL\",\"@id\":\"https:\/\/extery.com\/pl\/#\/schema\/logo\/image\/\",\"url\":\"https:\/\/extery.com\/wp-content\/uploads\/2023\/11\/footer-logo.svg\",\"contentUrl\":\"https:\/\/extery.com\/wp-content\/uploads\/2023\/11\/footer-logo.svg\",\"caption\":\"Extery \"},\"image\":{\"@id\":\"https:\/\/extery.com\/pl\/#\/schema\/logo\/image\/\"}}]}<\/script>\n<!-- \/ Yoast SEO plugin. -->","yoast_head_json":{"title":"Kosz na \u015bmieci Trio M1 - Extery","description":"Kosz na \u015bmieci TRIO to system koszy do segregacji odpad\u00f3w w miejscach publicznych. Dost\u0119pny w r\u00f3\u017cnych rozmiarach i konfiguracjach. Wybierz najlepszy z naszej oferty!","robots":{"index":"index","follow":"follow","max-snippet":"max-snippet:-1","max-image-preview":"max-image-preview:large","max-video-preview":"max-video-preview:-1"},"canonical":"https:\/\/extery.com\/pl\/produkty\/kosz-na-smieci-trio-m1\/","og_locale":"pl_PL","og_type":"article","og_title":"Kosz na \u015bmieci Trio M1 - Extery","og_description":"Kosz na \u015bmieci TRIO to system koszy do segregacji odpad\u00f3w w miejscach publicznych. Dost\u0119pny w r\u00f3\u017cnych rozmiarach i konfiguracjach. Wybierz najlepszy z naszej oferty!","og_url":"https:\/\/extery.com\/pl\/produkty\/kosz-na-smieci-trio-m1\/","og_site_name":"Extery","article_modified_time":"2026-05-02T18:36:20+00:00","og_image":[{"width":1875,"height":1250,"url":"https:\/\/extery.com\/wp-content\/uploads\/2024\/10\/TrioM-1-eest-Extery-linnamoobel-prugikastid-urban-furniture-litter-bin.jpg","type":"image\/jpeg"}],"twitter_card":"summary_large_image","twitter_misc":{"Szacowany czas czytania":"1 minuta"},"schema":{"@context":"https:\/\/schema.org","@graph":[{"@type":"WebPage","@id":"https:\/\/extery.com\/pl\/produkty\/kosz-na-smieci-trio-m1\/","url":"https:\/\/extery.com\/pl\/produkty\/kosz-na-smieci-trio-m1\/","name":"Kosz na \u015bmieci Trio M1 - Extery","isPartOf":{"@id":"https:\/\/extery.com\/pl\/#website"},"primaryImageOfPage":{"@id":"https:\/\/extery.com\/pl\/produkty\/kosz-na-smieci-trio-m1\/#primaryimage"},"image":{"@id":"https:\/\/extery.com\/pl\/produkty\/kosz-na-smieci-trio-m1\/#primaryimage"},"thumbnailUrl":"https:\/\/extery.com\/wp-content\/uploads\/2024\/10\/TrioM-1-eest-Extery-linnamoobel-prugikastid-urban-furniture-litter-bin.jpg","datePublished":"2024-10-14T10:22:21+00:00","dateModified":"2026-05-02T18:36:20+00:00","description":"Kosz na \u015bmieci TRIO to system koszy do segregacji odpad\u00f3w w miejscach publicznych. Dost\u0119pny w r\u00f3\u017cnych rozmiarach i konfiguracjach. Wybierz najlepszy z naszej oferty!","breadcrumb":{"@id":"https:\/\/extery.com\/pl\/produkty\/kosz-na-smieci-trio-m1\/#breadcrumb"},"inLanguage":"pl-PL","potentialAction":[{"@type":"ReadAction","target":["https:\/\/extery.com\/pl\/produkty\/kosz-na-smieci-trio-m1\/"]}]},{"@type":"ImageObject","inLanguage":"pl-PL","@id":"https:\/\/extery.com\/pl\/produkty\/kosz-na-smieci-trio-m1\/#primaryimage","url":"https:\/\/extery.com\/wp-content\/uploads\/2024\/10\/TrioM-1-eest-Extery-linnamoobel-prugikastid-urban-furniture-litter-bin.jpg","contentUrl":"https:\/\/extery.com\/wp-content\/uploads\/2024\/10\/TrioM-1-eest-Extery-linnamoobel-prugikastid-urban-furniture-litter-bin.jpg","width":1875,"height":1250},{"@type":"BreadcrumbList","@id":"https:\/\/extery.com\/pl\/produkty\/kosz-na-smieci-trio-m1\/#breadcrumb","itemListElement":[{"@type":"ListItem","position":1,"name":"Home","item":"https:\/\/extery.com\/pl\/"},{"@type":"ListItem","position":2,"name":"Produkty","item":"https:\/\/extery.com\/tooted\/"},{"@type":"ListItem","position":3,"name":"Kosz na \u015bmieci Trio M1"}]},{"@type":"WebSite","@id":"https:\/\/extery.com\/pl\/#website","url":"https:\/\/extery.com\/pl\/","name":"Extery","description":"","publisher":{"@id":"https:\/\/extery.com\/pl\/#organization"},"potentialAction":[{"@type":"SearchAction","target":{"@type":"EntryPoint","urlTemplate":"https:\/\/extery.com\/pl\/?s={search_term_string}"},"query-input":{"@type":"PropertyValueSpecification","valueRequired":true,"valueName":"search_term_string"}}],"inLanguage":"pl-PL"},{"@type":"Organization","@id":"https:\/\/extery.com\/pl\/#organization","name":"Extery","url":"https:\/\/extery.com\/pl\/","logo":{"@type":"ImageObject","inLanguage":"pl-PL","@id":"https:\/\/extery.com\/pl\/#\/schema\/logo\/image\/","url":"https:\/\/extery.com\/wp-content\/uploads\/2023\/11\/footer-logo.svg","contentUrl":"https:\/\/extery.com\/wp-content\/uploads\/2023\/11\/footer-logo.svg","caption":"Extery "},"image":{"@id":"https:\/\/extery.com\/pl\/#\/schema\/logo\/image\/"}}]}},"_links":{"self":[{"href":"https:\/\/extery.com\/pl\/wp-json\/wp\/v2\/product\/59549","targetHints":{"allow":["GET"]}}],"collection":[{"href":"https:\/\/extery.com\/pl\/wp-json\/wp\/v2\/product"}],"about":[{"href":"https:\/\/extery.com\/pl\/wp-json\/wp\/v2\/types\/product"}],"replies":[{"embeddable":true,"href":"https:\/\/extery.com\/pl\/wp-json\/wp\/v2\/comments?post=59549"}],"wp:featuredmedia":[{"embeddable":true,"href":"https:\/\/extery.com\/pl\/wp-json\/wp\/v2\/media\/59551"}],"wp:attachment":[{"href":"https:\/\/extery.com\/pl\/wp-json\/wp\/v2\/media?parent=59549"}],"wp:term":[{"taxonomy":"product_brand","embeddable":true,"href":"https:\/\/extery.com\/pl\/wp-json\/wp\/v2\/product_brand?post=59549"},{"taxonomy":"product_cat","embeddable":true,"href":"https:\/\/extery.com\/pl\/wp-json\/wp\/v2\/product_cat?post=59549"},{"taxonomy":"product_tag","embeddable":true,"href":"https:\/\/extery.com\/pl\/wp-json\/wp\/v2\/product_tag?post=59549"}],"curies":[{"name":"wp","href":"https:\/\/api.w.org\/{rel}","templated":true}]}}