{"id":59569,"date":"2020-11-12T15:08:32","date_gmt":"2020-11-12T15:08:32","guid":{"rendered":"https:\/\/extery.com\/tooted\/kosz-na-smieci-vandal-75\/"},"modified":"2026-05-02T18:14:24","modified_gmt":"2026-05-02T18:14:24","slug":"kosz-na-smieci-vandal-75","status":"publish","type":"product","link":"https:\/\/extery.com\/pl\/produkty\/kosz-na-smieci-vandal-75\/","title":{"rendered":"Kosz na \u015bmieci Vandal 75"},"content":{"rendered":"<p>Kosz na \u015bmieci Vandal 75 jest prosty i pe\u0142en uroku. Geometryczna prostota i elegancja sprawiaj\u0105, \u017ce Vandal 75 doskonale wpisuje si\u0119 w przestrze\u0144 miejsk\u0105, b\u0119d\u0105c jednocze\u015bnie atrakcyjnym elementem przyci\u0105gaj\u0105cym wzrok.<br \/>\nPokrywa umieszczona nad otworem wrzutowym chroni wn\u0119trze kosza przed deszczem oraz zapobiega wyci\u0105ganiu \u015bmieci przez ptaki.<\/p>\n<p><iframe loading=\"lazy\" title=\"Litter bin VANDAL 75 by EXTERY urban furniture\" width=\"500\" height=\"281\" src=\"https:\/\/www.youtube.com\/embed\/EoOM33YsdRY?feature=oembed\" frameborder=\"0\" allow=\"accelerometer; autoplay; clipboard-write; encrypted-media; gyroscope; picture-in-picture; web-share\" referrerpolicy=\"strict-origin-when-cross-origin\" allowfullscreen><\/iframe><\/p>\n<p>Model Vandal zaprojektowano z trwale zintegrowanym pojemnikiem i popielniczk\u0105. Konstrukcja pozbawiona lu\u017anych element\u00f3w zwi\u0119ksza odporno\u015b\u0107 kosza na akty wandalizmu oraz intensywne u\u017cytkowanie.<\/p>\n","protected":false},"excerpt":{"rendered":"<p>Kosz na \u015bmieci Vandal 75 jest prosty i pe\u0142en uroku. Geometryczna prostota i elegancja sprawiaj\u0105, \u017ce Vandal 75 doskonale wpisuje si\u0119 w przestrze\u0144 miejsk\u0105, b\u0119d\u0105c jednocze\u015bnie atrakcyjnym elementem przyci\u0105gaj\u0105cym wzrok. Pokrywa umieszczona nad otworem wrzutowym chroni wn\u0119trze kosza przed deszczem oraz zapobiega wyci\u0105ganiu \u015bmieci przez ptaki. Model Vandal zaprojektowano z trwale zintegrowanym pojemnikiem i popielniczk\u0105. [&hellip;]<\/p>\n","protected":false},"featured_media":59586,"comment_status":"open","ping_status":"closed","template":"","meta":{"_acf_changed":false},"product_brand":[],"product_cat":[375],"product_tag":[],"class_list":{"0":"post-59569","1":"product","2":"type-product","3":"status-publish","4":"has-post-thumbnail","6":"product_cat-kosze-na-smieci","7":"product-family-vandal","9":"first","10":"instock","11":"shipping-taxable","12":"product-type-simple"},"acf":[],"yoast_head":"<!-- This site is optimized with the Yoast SEO plugin v26.4 - https:\/\/yoast.com\/wordpress\/plugins\/seo\/ -->\n<title>Kosz na \u015bmieci Vandal 75 - Extery<\/title>\n<meta name=\"description\" content=\"Kosz na \u015bmieci Vandal 75 jest prosty i uroczy. Geometryczna prostota i elegancja sprawiaj\u0105, \u017ce Vandal 75 idealnie wpasowuje si\u0119 w miejsk\u0105 przestrze\u0144, b\u0119d\u0105c jednocze\u015bnie eleganck\u0105 ozdob\u0105.\" \/>\n<meta name=\"robots\" content=\"index, follow, max-snippet:-1, max-image-preview:large, max-video-preview:-1\" \/>\n<link rel=\"canonical\" href=\"https:\/\/extery.com\/pl\/produkty\/kosz-na-smieci-vandal-75\/\" \/>\n<meta property=\"og:locale\" content=\"pl_PL\" \/>\n<meta property=\"og:type\" content=\"article\" \/>\n<meta property=\"og:title\" content=\"Kosz na \u015bmieci Vandal 75 - Extery\" \/>\n<meta property=\"og:description\" content=\"Kosz na \u015bmieci Vandal 75 jest prosty i uroczy. Geometryczna prostota i elegancja sprawiaj\u0105, \u017ce Vandal 75 idealnie wpasowuje si\u0119 w miejsk\u0105 przestrze\u0144, b\u0119d\u0105c jednocze\u015bnie eleganck\u0105 ozdob\u0105.\" \/>\n<meta property=\"og:url\" content=\"https:\/\/extery.com\/pl\/produkty\/kosz-na-smieci-vandal-75\/\" \/>\n<meta property=\"og:site_name\" content=\"Extery\" \/>\n<meta property=\"article:modified_time\" content=\"2026-05-02T18:14:24+00:00\" \/>\n<meta property=\"og:image\" content=\"https:\/\/extery.com\/wp-content\/uploads\/2020\/11\/Vandal75-E-scaled.jpg\" \/>\n\t<meta property=\"og:image:width\" content=\"2560\" \/>\n\t<meta property=\"og:image:height\" content=\"1707\" \/>\n\t<meta property=\"og:image:type\" content=\"image\/jpeg\" \/>\n<meta name=\"twitter:card\" content=\"summary_large_image\" \/>\n<meta name=\"twitter:label1\" content=\"Szacowany czas czytania\" \/>\n\t<meta name=\"twitter:data1\" content=\"1 minuta\" \/>\n<script type=\"application\/ld+json\" class=\"yoast-schema-graph\">{\"@context\":\"https:\/\/schema.org\",\"@graph\":[{\"@type\":\"WebPage\",\"@id\":\"https:\/\/extery.com\/pl\/produkty\/kosz-na-smieci-vandal-75\/\",\"url\":\"https:\/\/extery.com\/pl\/produkty\/kosz-na-smieci-vandal-75\/\",\"name\":\"Kosz na \u015bmieci Vandal 75 - Extery\",\"isPartOf\":{\"@id\":\"https:\/\/extery.com\/pl\/#website\"},\"primaryImageOfPage\":{\"@id\":\"https:\/\/extery.com\/pl\/produkty\/kosz-na-smieci-vandal-75\/#primaryimage\"},\"image\":{\"@id\":\"https:\/\/extery.com\/pl\/produkty\/kosz-na-smieci-vandal-75\/#primaryimage\"},\"thumbnailUrl\":\"https:\/\/extery.com\/wp-content\/uploads\/2020\/11\/Vandal75-E-scaled.jpg\",\"datePublished\":\"2020-11-12T15:08:32+00:00\",\"dateModified\":\"2026-05-02T18:14:24+00:00\",\"description\":\"Kosz na \u015bmieci Vandal 75 jest prosty i uroczy. Geometryczna prostota i elegancja sprawiaj\u0105, \u017ce Vandal 75 idealnie wpasowuje si\u0119 w miejsk\u0105 przestrze\u0144, b\u0119d\u0105c jednocze\u015bnie eleganck\u0105 ozdob\u0105.\",\"breadcrumb\":{\"@id\":\"https:\/\/extery.com\/pl\/produkty\/kosz-na-smieci-vandal-75\/#breadcrumb\"},\"inLanguage\":\"pl-PL\",\"potentialAction\":[{\"@type\":\"ReadAction\",\"target\":[\"https:\/\/extery.com\/pl\/produkty\/kosz-na-smieci-vandal-75\/\"]}]},{\"@type\":\"ImageObject\",\"inLanguage\":\"pl-PL\",\"@id\":\"https:\/\/extery.com\/pl\/produkty\/kosz-na-smieci-vandal-75\/#primaryimage\",\"url\":\"https:\/\/extery.com\/wp-content\/uploads\/2020\/11\/Vandal75-E-scaled.jpg\",\"contentUrl\":\"https:\/\/extery.com\/wp-content\/uploads\/2020\/11\/Vandal75-E-scaled.jpg\",\"width\":2560,\"height\":1707},{\"@type\":\"BreadcrumbList\",\"@id\":\"https:\/\/extery.com\/pl\/produkty\/kosz-na-smieci-vandal-75\/#breadcrumb\",\"itemListElement\":[{\"@type\":\"ListItem\",\"position\":1,\"name\":\"Home\",\"item\":\"https:\/\/extery.com\/pl\/\"},{\"@type\":\"ListItem\",\"position\":2,\"name\":\"Produkty\",\"item\":\"https:\/\/extery.com\/tooted\/\"},{\"@type\":\"ListItem\",\"position\":3,\"name\":\"Kosz na \u015bmieci Vandal 75\"}]},{\"@type\":\"WebSite\",\"@id\":\"https:\/\/extery.com\/pl\/#website\",\"url\":\"https:\/\/extery.com\/pl\/\",\"name\":\"Extery\",\"description\":\"\",\"publisher\":{\"@id\":\"https:\/\/extery.com\/pl\/#organization\"},\"potentialAction\":[{\"@type\":\"SearchAction\",\"target\":{\"@type\":\"EntryPoint\",\"urlTemplate\":\"https:\/\/extery.com\/pl\/?s={search_term_string}\"},\"query-input\":{\"@type\":\"PropertyValueSpecification\",\"valueRequired\":true,\"valueName\":\"search_term_string\"}}],\"inLanguage\":\"pl-PL\"},{\"@type\":\"Organization\",\"@id\":\"https:\/\/extery.com\/pl\/#organization\",\"name\":\"Extery\",\"url\":\"https:\/\/extery.com\/pl\/\",\"logo\":{\"@type\":\"ImageObject\",\"inLanguage\":\"pl-PL\",\"@id\":\"https:\/\/extery.com\/pl\/#\/schema\/logo\/image\/\",\"url\":\"https:\/\/extery.com\/wp-content\/uploads\/2023\/11\/footer-logo.svg\",\"contentUrl\":\"https:\/\/extery.com\/wp-content\/uploads\/2023\/11\/footer-logo.svg\",\"caption\":\"Extery \"},\"image\":{\"@id\":\"https:\/\/extery.com\/pl\/#\/schema\/logo\/image\/\"}}]}<\/script>\n<!-- \/ Yoast SEO plugin. -->","yoast_head_json":{"title":"Kosz na \u015bmieci Vandal 75 - Extery","description":"Kosz na \u015bmieci Vandal 75 jest prosty i uroczy. Geometryczna prostota i elegancja sprawiaj\u0105, \u017ce Vandal 75 idealnie wpasowuje si\u0119 w miejsk\u0105 przestrze\u0144, b\u0119d\u0105c jednocze\u015bnie eleganck\u0105 ozdob\u0105.","robots":{"index":"index","follow":"follow","max-snippet":"max-snippet:-1","max-image-preview":"max-image-preview:large","max-video-preview":"max-video-preview:-1"},"canonical":"https:\/\/extery.com\/pl\/produkty\/kosz-na-smieci-vandal-75\/","og_locale":"pl_PL","og_type":"article","og_title":"Kosz na \u015bmieci Vandal 75 - Extery","og_description":"Kosz na \u015bmieci Vandal 75 jest prosty i uroczy. Geometryczna prostota i elegancja sprawiaj\u0105, \u017ce Vandal 75 idealnie wpasowuje si\u0119 w miejsk\u0105 przestrze\u0144, b\u0119d\u0105c jednocze\u015bnie eleganck\u0105 ozdob\u0105.","og_url":"https:\/\/extery.com\/pl\/produkty\/kosz-na-smieci-vandal-75\/","og_site_name":"Extery","article_modified_time":"2026-05-02T18:14:24+00:00","og_image":[{"width":2560,"height":1707,"url":"https:\/\/extery.com\/wp-content\/uploads\/2020\/11\/Vandal75-E-scaled.jpg","type":"image\/jpeg"}],"twitter_card":"summary_large_image","twitter_misc":{"Szacowany czas czytania":"1 minuta"},"schema":{"@context":"https:\/\/schema.org","@graph":[{"@type":"WebPage","@id":"https:\/\/extery.com\/pl\/produkty\/kosz-na-smieci-vandal-75\/","url":"https:\/\/extery.com\/pl\/produkty\/kosz-na-smieci-vandal-75\/","name":"Kosz na \u015bmieci Vandal 75 - Extery","isPartOf":{"@id":"https:\/\/extery.com\/pl\/#website"},"primaryImageOfPage":{"@id":"https:\/\/extery.com\/pl\/produkty\/kosz-na-smieci-vandal-75\/#primaryimage"},"image":{"@id":"https:\/\/extery.com\/pl\/produkty\/kosz-na-smieci-vandal-75\/#primaryimage"},"thumbnailUrl":"https:\/\/extery.com\/wp-content\/uploads\/2020\/11\/Vandal75-E-scaled.jpg","datePublished":"2020-11-12T15:08:32+00:00","dateModified":"2026-05-02T18:14:24+00:00","description":"Kosz na \u015bmieci Vandal 75 jest prosty i uroczy. Geometryczna prostota i elegancja sprawiaj\u0105, \u017ce Vandal 75 idealnie wpasowuje si\u0119 w miejsk\u0105 przestrze\u0144, b\u0119d\u0105c jednocze\u015bnie eleganck\u0105 ozdob\u0105.","breadcrumb":{"@id":"https:\/\/extery.com\/pl\/produkty\/kosz-na-smieci-vandal-75\/#breadcrumb"},"inLanguage":"pl-PL","potentialAction":[{"@type":"ReadAction","target":["https:\/\/extery.com\/pl\/produkty\/kosz-na-smieci-vandal-75\/"]}]},{"@type":"ImageObject","inLanguage":"pl-PL","@id":"https:\/\/extery.com\/pl\/produkty\/kosz-na-smieci-vandal-75\/#primaryimage","url":"https:\/\/extery.com\/wp-content\/uploads\/2020\/11\/Vandal75-E-scaled.jpg","contentUrl":"https:\/\/extery.com\/wp-content\/uploads\/2020\/11\/Vandal75-E-scaled.jpg","width":2560,"height":1707},{"@type":"BreadcrumbList","@id":"https:\/\/extery.com\/pl\/produkty\/kosz-na-smieci-vandal-75\/#breadcrumb","itemListElement":[{"@type":"ListItem","position":1,"name":"Home","item":"https:\/\/extery.com\/pl\/"},{"@type":"ListItem","position":2,"name":"Produkty","item":"https:\/\/extery.com\/tooted\/"},{"@type":"ListItem","position":3,"name":"Kosz na \u015bmieci Vandal 75"}]},{"@type":"WebSite","@id":"https:\/\/extery.com\/pl\/#website","url":"https:\/\/extery.com\/pl\/","name":"Extery","description":"","publisher":{"@id":"https:\/\/extery.com\/pl\/#organization"},"potentialAction":[{"@type":"SearchAction","target":{"@type":"EntryPoint","urlTemplate":"https:\/\/extery.com\/pl\/?s={search_term_string}"},"query-input":{"@type":"PropertyValueSpecification","valueRequired":true,"valueName":"search_term_string"}}],"inLanguage":"pl-PL"},{"@type":"Organization","@id":"https:\/\/extery.com\/pl\/#organization","name":"Extery","url":"https:\/\/extery.com\/pl\/","logo":{"@type":"ImageObject","inLanguage":"pl-PL","@id":"https:\/\/extery.com\/pl\/#\/schema\/logo\/image\/","url":"https:\/\/extery.com\/wp-content\/uploads\/2023\/11\/footer-logo.svg","contentUrl":"https:\/\/extery.com\/wp-content\/uploads\/2023\/11\/footer-logo.svg","caption":"Extery "},"image":{"@id":"https:\/\/extery.com\/pl\/#\/schema\/logo\/image\/"}}]}},"_links":{"self":[{"href":"https:\/\/extery.com\/pl\/wp-json\/wp\/v2\/product\/59569","targetHints":{"allow":["GET"]}}],"collection":[{"href":"https:\/\/extery.com\/pl\/wp-json\/wp\/v2\/product"}],"about":[{"href":"https:\/\/extery.com\/pl\/wp-json\/wp\/v2\/types\/product"}],"replies":[{"embeddable":true,"href":"https:\/\/extery.com\/pl\/wp-json\/wp\/v2\/comments?post=59569"}],"wp:featuredmedia":[{"embeddable":true,"href":"https:\/\/extery.com\/pl\/wp-json\/wp\/v2\/media\/59586"}],"wp:attachment":[{"href":"https:\/\/extery.com\/pl\/wp-json\/wp\/v2\/media?parent=59569"}],"wp:term":[{"taxonomy":"product_brand","embeddable":true,"href":"https:\/\/extery.com\/pl\/wp-json\/wp\/v2\/product_brand?post=59569"},{"taxonomy":"product_cat","embeddable":true,"href":"https:\/\/extery.com\/pl\/wp-json\/wp\/v2\/product_cat?post=59569"},{"taxonomy":"product_tag","embeddable":true,"href":"https:\/\/extery.com\/pl\/wp-json\/wp\/v2\/product_tag?post=59569"}],"curies":[{"name":"wp","href":"https:\/\/api.w.org\/{rel}","templated":true}]}}