{"id":59652,"date":"2020-11-11T11:02:52","date_gmt":"2020-11-11T11:02:52","guid":{"rendered":"https:\/\/extery.com\/tooted\/siedzisko-tiide-prostokatne\/"},"modified":"2026-04-30T11:49:13","modified_gmt":"2026-04-30T11:49:13","slug":"siedzisko-tiide-prostokatne","status":"publish","type":"product","link":"https:\/\/extery.com\/pl\/produkty\/siedzisko-tiide-prostokatne\/","title":{"rendered":"Siedzisko Tiide, prostok\u0105tne"},"content":{"rendered":"<p>Siedzisko Tiide wyr\u00f3\u017cnia si\u0119 przyjazn\u0105, lekk\u0105 form\u0105 zewn\u0119trzn\u0105, kt\u00f3ra skrywa solidn\u0105 i trwa\u0142\u0105 konstrukcj\u0119 przystosowan\u0105 do intensywnego u\u017cytkowania w przestrzeni publicznej.<\/p>\n<p>Tiide to charakterystyczny element kolekcji mebli miejskich Extery, zaprojektowany z my\u015bl\u0105 o wprowadzeniu do przestrzeni publicznej nowych mo\u017cliwo\u015bci aran\u017cacyjnych dla urbanist\u00f3w i architekt\u00f3w krajobrazu. Forma wyr\u00f3\u017cnia si\u0119 na tle klasycznych mebli miejskich \u2013 zastosowano tu zaokr\u0105glone kszta\u0142ty, \u0142agodne krzywizny oraz mi\u0119kkie, dobrze wywa\u017cone proporcje.<\/p>\n<p>Projekt subtelnie nawi\u0105zuje do estetyki Bauhausu oraz wsp\u00f3\u0142czesnego wzornictwa meblowego, kt\u00f3re rzadziej pojawia si\u0119 w bardziej konserwatywnej kategorii wyposa\u017cenia przestrzeni publicznych. Dzi\u0119ki temu Tiide wprowadza do otoczenia bardziej swobodny, designerski akcent i przyci\u0105ga uwag\u0119 swoj\u0105 form\u0105.<\/p>\n<p>Charakterystycznym detalem jest starannie wykonane uko\u015bne deskowanie, kt\u00f3re nadaje powierzchni dynamiczny rysunek. Drewniane elementy zosta\u0142y uj\u0119te w stalowe kraw\u0119dzie, kt\u00f3re z du\u017c\u0105 precyzj\u0105 porz\u0105dkuj\u0105 form\u0119 i podkre\u015blaj\u0105 konstrukcyjny charakter mebla.<\/p>\n<p>Co istotne, Tiide zosta\u0142 zaprojektowany z wykorzystaniem element\u00f3w powstaj\u0105cych z pozosta\u0142o\u015bci drewna w procesie produkcji, co pozwala efektywnie wykorzystywa\u0107 materia\u0142 i ogranicza\u0107 ilo\u015b\u0107 odpad\u00f3w. Dzi\u0119ki temu stanowi bardziej zr\u00f3wnowa\u017cone rozwi\u0105zanie dla przestrzeni zewn\u0119trznych.<\/p>\n<p>Rodzina produkt\u00f3w obejmuje sze\u015b\u0107 element\u00f3w, kt\u00f3re mog\u0105 by\u0107 stosowane pojedynczo lub zestawiane w r\u00f3\u017cnych konfiguracjach, wprowadzaj\u0105c do przestrzeni publicznej \u015bwie\u017cy i wyrazisty akcent.<\/p>\n","protected":false},"excerpt":{"rendered":"<p>Siedzisko Tiide wyr\u00f3\u017cnia si\u0119 przyjazn\u0105, lekk\u0105 form\u0105 zewn\u0119trzn\u0105, kt\u00f3ra skrywa solidn\u0105 i trwa\u0142\u0105 konstrukcj\u0119 przystosowan\u0105 do intensywnego u\u017cytkowania w przestrzeni publicznej. Tiide to charakterystyczny element kolekcji mebli miejskich Extery, zaprojektowany z my\u015bl\u0105 o wprowadzeniu do przestrzeni publicznej nowych mo\u017cliwo\u015bci aran\u017cacyjnych dla urbanist\u00f3w i architekt\u00f3w krajobrazu. Forma wyr\u00f3\u017cnia si\u0119 na tle klasycznych mebli miejskich \u2013 zastosowano [&hellip;]<\/p>\n","protected":false},"featured_media":59664,"comment_status":"open","ping_status":"closed","template":"","meta":{"_acf_changed":false},"product_brand":[],"product_cat":[367],"product_tag":[],"class_list":{"0":"post-59652","1":"product","2":"type-product","3":"status-publish","4":"has-post-thumbnail","6":"product_cat-krzesla-pufy","7":"product-family-tiide","9":"first","10":"instock","11":"shipping-taxable","12":"product-type-simple"},"acf":[],"yoast_head":"<!-- This site is optimized with the Yoast SEO plugin v26.4 - https:\/\/yoast.com\/wordpress\/plugins\/seo\/ -->\n<title>Siedzisko Tiide, prostok\u0105tne - Extery<\/title>\n<meta name=\"description\" content=\"Seat Tiide zosta\u0142 stworzony, aby wnie\u015b\u0107 powiew \u015bwie\u017co\u015bci i nowe mo\u017cliwo\u015bci do arsena\u0142u urbanist\u00f3w i architekt\u00f3w krajobrazu. Tiide jest radosny i przyjazny na zewn\u0105trz, ale w \u015brodku solidny.\" \/>\n<meta name=\"robots\" content=\"index, follow, max-snippet:-1, max-image-preview:large, max-video-preview:-1\" \/>\n<link rel=\"canonical\" href=\"https:\/\/extery.com\/pl\/produkty\/siedzisko-tiide-prostokatne\/\" \/>\n<meta property=\"og:locale\" content=\"pl_PL\" \/>\n<meta property=\"og:type\" content=\"article\" \/>\n<meta property=\"og:title\" content=\"Siedzisko Tiide, prostok\u0105tne - Extery\" \/>\n<meta property=\"og:description\" content=\"Seat Tiide zosta\u0142 stworzony, aby wnie\u015b\u0107 powiew \u015bwie\u017co\u015bci i nowe mo\u017cliwo\u015bci do arsena\u0142u urbanist\u00f3w i architekt\u00f3w krajobrazu. Tiide jest radosny i przyjazny na zewn\u0105trz, ale w \u015brodku solidny.\" \/>\n<meta property=\"og:url\" content=\"https:\/\/extery.com\/pl\/produkty\/siedzisko-tiide-prostokatne\/\" \/>\n<meta property=\"og:site_name\" content=\"Extery\" \/>\n<meta property=\"article:modified_time\" content=\"2026-04-30T11:49:13+00:00\" \/>\n<meta property=\"og:image\" content=\"https:\/\/extery.com\/wp-content\/uploads\/2020\/11\/Tiide-T-K-E-scaled.jpg\" \/>\n\t<meta property=\"og:image:width\" content=\"2560\" \/>\n\t<meta property=\"og:image:height\" content=\"1707\" \/>\n\t<meta property=\"og:image:type\" content=\"image\/jpeg\" \/>\n<meta name=\"twitter:card\" content=\"summary_large_image\" \/>\n<meta name=\"twitter:label1\" content=\"Szacowany czas czytania\" \/>\n\t<meta name=\"twitter:data1\" content=\"2 minuty\" \/>\n<script type=\"application\/ld+json\" class=\"yoast-schema-graph\">{\"@context\":\"https:\/\/schema.org\",\"@graph\":[{\"@type\":\"WebPage\",\"@id\":\"https:\/\/extery.com\/pl\/produkty\/siedzisko-tiide-prostokatne\/\",\"url\":\"https:\/\/extery.com\/pl\/produkty\/siedzisko-tiide-prostokatne\/\",\"name\":\"Siedzisko Tiide, prostok\u0105tne - Extery\",\"isPartOf\":{\"@id\":\"https:\/\/extery.com\/pl\/#website\"},\"primaryImageOfPage\":{\"@id\":\"https:\/\/extery.com\/pl\/produkty\/siedzisko-tiide-prostokatne\/#primaryimage\"},\"image\":{\"@id\":\"https:\/\/extery.com\/pl\/produkty\/siedzisko-tiide-prostokatne\/#primaryimage\"},\"thumbnailUrl\":\"https:\/\/extery.com\/wp-content\/uploads\/2020\/11\/Tiide-T-K-E-scaled.jpg\",\"datePublished\":\"2020-11-11T11:02:52+00:00\",\"dateModified\":\"2026-04-30T11:49:13+00:00\",\"description\":\"Seat Tiide zosta\u0142 stworzony, aby wnie\u015b\u0107 powiew \u015bwie\u017co\u015bci i nowe mo\u017cliwo\u015bci do arsena\u0142u urbanist\u00f3w i architekt\u00f3w krajobrazu. Tiide jest radosny i przyjazny na zewn\u0105trz, ale w \u015brodku solidny.\",\"breadcrumb\":{\"@id\":\"https:\/\/extery.com\/pl\/produkty\/siedzisko-tiide-prostokatne\/#breadcrumb\"},\"inLanguage\":\"pl-PL\",\"potentialAction\":[{\"@type\":\"ReadAction\",\"target\":[\"https:\/\/extery.com\/pl\/produkty\/siedzisko-tiide-prostokatne\/\"]}]},{\"@type\":\"ImageObject\",\"inLanguage\":\"pl-PL\",\"@id\":\"https:\/\/extery.com\/pl\/produkty\/siedzisko-tiide-prostokatne\/#primaryimage\",\"url\":\"https:\/\/extery.com\/wp-content\/uploads\/2020\/11\/Tiide-T-K-E-scaled.jpg\",\"contentUrl\":\"https:\/\/extery.com\/wp-content\/uploads\/2020\/11\/Tiide-T-K-E-scaled.jpg\",\"width\":2560,\"height\":1707},{\"@type\":\"BreadcrumbList\",\"@id\":\"https:\/\/extery.com\/pl\/produkty\/siedzisko-tiide-prostokatne\/#breadcrumb\",\"itemListElement\":[{\"@type\":\"ListItem\",\"position\":1,\"name\":\"Home\",\"item\":\"https:\/\/extery.com\/pl\/\"},{\"@type\":\"ListItem\",\"position\":2,\"name\":\"Produkty\",\"item\":\"https:\/\/extery.com\/tooted\/\"},{\"@type\":\"ListItem\",\"position\":3,\"name\":\"Siedzisko Tiide, prostok\u0105tne\"}]},{\"@type\":\"WebSite\",\"@id\":\"https:\/\/extery.com\/pl\/#website\",\"url\":\"https:\/\/extery.com\/pl\/\",\"name\":\"Extery\",\"description\":\"\",\"publisher\":{\"@id\":\"https:\/\/extery.com\/pl\/#organization\"},\"potentialAction\":[{\"@type\":\"SearchAction\",\"target\":{\"@type\":\"EntryPoint\",\"urlTemplate\":\"https:\/\/extery.com\/pl\/?s={search_term_string}\"},\"query-input\":{\"@type\":\"PropertyValueSpecification\",\"valueRequired\":true,\"valueName\":\"search_term_string\"}}],\"inLanguage\":\"pl-PL\"},{\"@type\":\"Organization\",\"@id\":\"https:\/\/extery.com\/pl\/#organization\",\"name\":\"Extery\",\"url\":\"https:\/\/extery.com\/pl\/\",\"logo\":{\"@type\":\"ImageObject\",\"inLanguage\":\"pl-PL\",\"@id\":\"https:\/\/extery.com\/pl\/#\/schema\/logo\/image\/\",\"url\":\"https:\/\/extery.com\/wp-content\/uploads\/2023\/11\/footer-logo.svg\",\"contentUrl\":\"https:\/\/extery.com\/wp-content\/uploads\/2023\/11\/footer-logo.svg\",\"caption\":\"Extery \"},\"image\":{\"@id\":\"https:\/\/extery.com\/pl\/#\/schema\/logo\/image\/\"}}]}<\/script>\n<!-- \/ Yoast SEO plugin. -->","yoast_head_json":{"title":"Siedzisko Tiide, prostok\u0105tne - Extery","description":"Seat Tiide zosta\u0142 stworzony, aby wnie\u015b\u0107 powiew \u015bwie\u017co\u015bci i nowe mo\u017cliwo\u015bci do arsena\u0142u urbanist\u00f3w i architekt\u00f3w krajobrazu. Tiide jest radosny i przyjazny na zewn\u0105trz, ale w \u015brodku solidny.","robots":{"index":"index","follow":"follow","max-snippet":"max-snippet:-1","max-image-preview":"max-image-preview:large","max-video-preview":"max-video-preview:-1"},"canonical":"https:\/\/extery.com\/pl\/produkty\/siedzisko-tiide-prostokatne\/","og_locale":"pl_PL","og_type":"article","og_title":"Siedzisko Tiide, prostok\u0105tne - Extery","og_description":"Seat Tiide zosta\u0142 stworzony, aby wnie\u015b\u0107 powiew \u015bwie\u017co\u015bci i nowe mo\u017cliwo\u015bci do arsena\u0142u urbanist\u00f3w i architekt\u00f3w krajobrazu. Tiide jest radosny i przyjazny na zewn\u0105trz, ale w \u015brodku solidny.","og_url":"https:\/\/extery.com\/pl\/produkty\/siedzisko-tiide-prostokatne\/","og_site_name":"Extery","article_modified_time":"2026-04-30T11:49:13+00:00","og_image":[{"width":2560,"height":1707,"url":"https:\/\/extery.com\/wp-content\/uploads\/2020\/11\/Tiide-T-K-E-scaled.jpg","type":"image\/jpeg"}],"twitter_card":"summary_large_image","twitter_misc":{"Szacowany czas czytania":"2 minuty"},"schema":{"@context":"https:\/\/schema.org","@graph":[{"@type":"WebPage","@id":"https:\/\/extery.com\/pl\/produkty\/siedzisko-tiide-prostokatne\/","url":"https:\/\/extery.com\/pl\/produkty\/siedzisko-tiide-prostokatne\/","name":"Siedzisko Tiide, prostok\u0105tne - Extery","isPartOf":{"@id":"https:\/\/extery.com\/pl\/#website"},"primaryImageOfPage":{"@id":"https:\/\/extery.com\/pl\/produkty\/siedzisko-tiide-prostokatne\/#primaryimage"},"image":{"@id":"https:\/\/extery.com\/pl\/produkty\/siedzisko-tiide-prostokatne\/#primaryimage"},"thumbnailUrl":"https:\/\/extery.com\/wp-content\/uploads\/2020\/11\/Tiide-T-K-E-scaled.jpg","datePublished":"2020-11-11T11:02:52+00:00","dateModified":"2026-04-30T11:49:13+00:00","description":"Seat Tiide zosta\u0142 stworzony, aby wnie\u015b\u0107 powiew \u015bwie\u017co\u015bci i nowe mo\u017cliwo\u015bci do arsena\u0142u urbanist\u00f3w i architekt\u00f3w krajobrazu. Tiide jest radosny i przyjazny na zewn\u0105trz, ale w \u015brodku solidny.","breadcrumb":{"@id":"https:\/\/extery.com\/pl\/produkty\/siedzisko-tiide-prostokatne\/#breadcrumb"},"inLanguage":"pl-PL","potentialAction":[{"@type":"ReadAction","target":["https:\/\/extery.com\/pl\/produkty\/siedzisko-tiide-prostokatne\/"]}]},{"@type":"ImageObject","inLanguage":"pl-PL","@id":"https:\/\/extery.com\/pl\/produkty\/siedzisko-tiide-prostokatne\/#primaryimage","url":"https:\/\/extery.com\/wp-content\/uploads\/2020\/11\/Tiide-T-K-E-scaled.jpg","contentUrl":"https:\/\/extery.com\/wp-content\/uploads\/2020\/11\/Tiide-T-K-E-scaled.jpg","width":2560,"height":1707},{"@type":"BreadcrumbList","@id":"https:\/\/extery.com\/pl\/produkty\/siedzisko-tiide-prostokatne\/#breadcrumb","itemListElement":[{"@type":"ListItem","position":1,"name":"Home","item":"https:\/\/extery.com\/pl\/"},{"@type":"ListItem","position":2,"name":"Produkty","item":"https:\/\/extery.com\/tooted\/"},{"@type":"ListItem","position":3,"name":"Siedzisko Tiide, prostok\u0105tne"}]},{"@type":"WebSite","@id":"https:\/\/extery.com\/pl\/#website","url":"https:\/\/extery.com\/pl\/","name":"Extery","description":"","publisher":{"@id":"https:\/\/extery.com\/pl\/#organization"},"potentialAction":[{"@type":"SearchAction","target":{"@type":"EntryPoint","urlTemplate":"https:\/\/extery.com\/pl\/?s={search_term_string}"},"query-input":{"@type":"PropertyValueSpecification","valueRequired":true,"valueName":"search_term_string"}}],"inLanguage":"pl-PL"},{"@type":"Organization","@id":"https:\/\/extery.com\/pl\/#organization","name":"Extery","url":"https:\/\/extery.com\/pl\/","logo":{"@type":"ImageObject","inLanguage":"pl-PL","@id":"https:\/\/extery.com\/pl\/#\/schema\/logo\/image\/","url":"https:\/\/extery.com\/wp-content\/uploads\/2023\/11\/footer-logo.svg","contentUrl":"https:\/\/extery.com\/wp-content\/uploads\/2023\/11\/footer-logo.svg","caption":"Extery "},"image":{"@id":"https:\/\/extery.com\/pl\/#\/schema\/logo\/image\/"}}]}},"_links":{"self":[{"href":"https:\/\/extery.com\/pl\/wp-json\/wp\/v2\/product\/59652","targetHints":{"allow":["GET"]}}],"collection":[{"href":"https:\/\/extery.com\/pl\/wp-json\/wp\/v2\/product"}],"about":[{"href":"https:\/\/extery.com\/pl\/wp-json\/wp\/v2\/types\/product"}],"replies":[{"embeddable":true,"href":"https:\/\/extery.com\/pl\/wp-json\/wp\/v2\/comments?post=59652"}],"wp:featuredmedia":[{"embeddable":true,"href":"https:\/\/extery.com\/pl\/wp-json\/wp\/v2\/media\/59664"}],"wp:attachment":[{"href":"https:\/\/extery.com\/pl\/wp-json\/wp\/v2\/media?parent=59652"}],"wp:term":[{"taxonomy":"product_brand","embeddable":true,"href":"https:\/\/extery.com\/pl\/wp-json\/wp\/v2\/product_brand?post=59652"},{"taxonomy":"product_cat","embeddable":true,"href":"https:\/\/extery.com\/pl\/wp-json\/wp\/v2\/product_cat?post=59652"},{"taxonomy":"product_tag","embeddable":true,"href":"https:\/\/extery.com\/pl\/wp-json\/wp\/v2\/product_tag?post=59652"}],"curies":[{"name":"wp","href":"https:\/\/api.w.org\/{rel}","templated":true}]}}