{"id":59717,"date":"2020-11-23T11:41:14","date_gmt":"2020-11-23T11:41:14","guid":{"rendered":"https:\/\/extery.com\/tooted\/siedzisko-sume\/"},"modified":"2026-05-02T16:37:35","modified_gmt":"2026-05-02T16:37:35","slug":"siedzisko-sume","status":"publish","type":"product","link":"https:\/\/extery.com\/pl\/produkty\/siedzisko-sume\/","title":{"rendered":"Siedzisko Sume"},"content":{"rendered":"<p>Siedzisko Sume wyr\u00f3\u017cnia si\u0119 dynamik\u0105 i funkcjonalno\u015bci\u0105.<\/p>\n<p>W projektowaniu mebli miejskich kluczowe znaczenie ma trwa\u0142o\u015b\u0107 i odporno\u015b\u0107 na intensywne u\u017cytkowanie. W przypadku tej kolekcji r\u00f3wnie istotne by\u0142y jednak mi\u0119kko\u015b\u0107 odbioru oraz bardziej swobodny charakter formy. Te za\u0142o\u017cenia sta\u0142y si\u0119 punktem wyj\u015bcia do stworzenia rodziny produkt\u00f3w Jolly.<\/p>\n<p>Elementy kolekcji zaprojektowano z my\u015bl\u0105 o du\u017cej elastyczno\u015bci aran\u017cacyjnej. Poszczeg\u00f3lne modu\u0142y mo\u017cna zestawia\u0107 w r\u00f3\u017cnych konfiguracjach i dopasowywa\u0107 do charakteru przestrzeni. Dzi\u0119ki temu kolekcja umo\u017cliwia tworzenie zr\u00f3\u017cnicowanych uk\u0142ad\u00f3w w przestrzeni publicznej, sprzyjaj\u0105cych odpoczynkowi i spotkaniom.<\/p>\n<p>Zr\u00f3\u017cnicowane formy n\u00f3g **Sume** wprowadzaj\u0105 do przestrzeni miejskiej wyrazisty akcent kolorystyczny i geometryczny. Charakterystycznym elementem projektu jest jednak przede wszystkim mi\u0119kkie, elastyczne siedzisko, kt\u00f3re podnosi komfort u\u017cytkowania i wyr\u00f3\u017cnia ten model na tle tradycyjnych mebli miejskich.<\/p>\n<p>Zestawione w grupy elementy Sume tworz\u0105 przyjazne miejsca spotka\u0144 \u2013 niewielkie, kameralne fragmenty przestrzeni ulicznej, kt\u00f3re zach\u0119caj\u0105 do zatrzymania si\u0119, odpoczynku i kr\u00f3tkiej rozmowy w codziennym rytmie miasta.<\/p>\n<p style=\"line-height: 16.5pt;\">Sume wyr\u00f3\u017cnia si\u0119 nie tylko form\u0105, ale tak\u017ce sposobem u\u017cytkowania. Ruchome siedzisko umo\u017cliwia bardziej aktywne korzystanie z elementu. Mo\u017cna na nim siedzie\u0107, opiera\u0107 si\u0119, delikatnie si\u0119 ko\u0142ysa\u0107 lub zmienia\u0107 pozycj\u0119 w zale\u017cno\u015bci od potrzeb u\u017cytkownika. Dzi\u0119ki temu Sume wprowadza do przestrzeni publicznej bardziej swobodny i dynamiczny spos\u00f3b odpoczynku.<\/p>\n<p>Siedziska Sume mog\u0105 by\u0107 zestawiane w grupy z jednym typem n\u00f3g lub tworzy\u0107 kompozycje wykorzystuj\u0105ce r\u00f3\u017cne warianty podstaw. Naprzemienne stosowanie r\u00f3\u017cnych n\u00f3g Sume pozwala na kszta\u0142towanie bardziej zr\u00f3\u017cnicowanych i kreatywnych uk\u0142ad\u00f3w przestrzennych.<\/p>\n<p>Dzi\u0119ki temu elementy mo\u017cna elastycznie dopasowywa\u0107 do charakteru miejsca, tworz\u0105c r\u00f3\u017cnorodne strefy wsp\u00f3lnego sp\u0119dzania czasu w przestrzeni publicznej.<\/p>\n","protected":false},"excerpt":{"rendered":"<p>Siedzisko Sume wyr\u00f3\u017cnia si\u0119 dynamik\u0105 i funkcjonalno\u015bci\u0105. W projektowaniu mebli miejskich kluczowe znaczenie ma trwa\u0142o\u015b\u0107 i odporno\u015b\u0107 na intensywne u\u017cytkowanie. W przypadku tej kolekcji r\u00f3wnie istotne by\u0142y jednak mi\u0119kko\u015b\u0107 odbioru oraz bardziej swobodny charakter formy. Te za\u0142o\u017cenia sta\u0142y si\u0119 punktem wyj\u015bcia do stworzenia rodziny produkt\u00f3w Jolly. Elementy kolekcji zaprojektowano z my\u015bl\u0105 o du\u017cej elastyczno\u015bci aran\u017cacyjnej. [&hellip;]<\/p>\n","protected":false},"featured_media":59746,"comment_status":"open","ping_status":"closed","template":"","meta":{"_acf_changed":false},"product_brand":[],"product_cat":[367],"product_tag":[],"class_list":{"0":"post-59717","1":"product","2":"type-product","3":"status-publish","4":"has-post-thumbnail","6":"product_cat-krzesla-pufy","7":"product-family-sume","9":"first","10":"instock","11":"shipping-taxable","12":"product-type-simple"},"acf":[],"yoast_head":"<!-- This site is optimized with the Yoast SEO plugin v26.4 - https:\/\/yoast.com\/wordpress\/plugins\/seo\/ -->\n<title>Siedzisko Sume - Extery<\/title>\n<meta name=\"description\" content=\"Siedzisko Sume wyr\u00f3\u017cnia si\u0119 ruchomym i delikatnie wyginaj\u0105cym si\u0119 siedziskiem. Rodzina mebli ogrodowych Sume nadaje przestrzeni miejskiej barw\u0119 i niepowtarzalny charakter.\" \/>\n<meta name=\"robots\" content=\"index, follow, max-snippet:-1, max-image-preview:large, max-video-preview:-1\" \/>\n<link rel=\"canonical\" href=\"https:\/\/extery.com\/pl\/produkty\/siedzisko-sume\/\" \/>\n<meta property=\"og:locale\" content=\"pl_PL\" \/>\n<meta property=\"og:type\" content=\"article\" \/>\n<meta property=\"og:title\" content=\"Siedzisko Sume - Extery\" \/>\n<meta property=\"og:description\" content=\"Siedzisko Sume wyr\u00f3\u017cnia si\u0119 ruchomym i delikatnie wyginaj\u0105cym si\u0119 siedziskiem. Rodzina mebli ogrodowych Sume nadaje przestrzeni miejskiej barw\u0119 i niepowtarzalny charakter.\" \/>\n<meta property=\"og:url\" content=\"https:\/\/extery.com\/pl\/produkty\/siedzisko-sume\/\" \/>\n<meta property=\"og:site_name\" content=\"Extery\" \/>\n<meta property=\"article:modified_time\" content=\"2026-05-02T16:37:35+00:00\" \/>\n<meta property=\"og:image\" content=\"https:\/\/extery.com\/wp-content\/uploads\/2020\/12\/Sume-esipilt-scaled.jpg\" \/>\n\t<meta property=\"og:image:width\" content=\"2560\" \/>\n\t<meta property=\"og:image:height\" content=\"1707\" \/>\n\t<meta property=\"og:image:type\" content=\"image\/jpeg\" \/>\n<meta name=\"twitter:card\" content=\"summary_large_image\" \/>\n<meta name=\"twitter:label1\" content=\"Szacowany czas czytania\" \/>\n\t<meta name=\"twitter:data1\" content=\"2 minuty\" \/>\n<script type=\"application\/ld+json\" class=\"yoast-schema-graph\">{\"@context\":\"https:\/\/schema.org\",\"@graph\":[{\"@type\":\"WebPage\",\"@id\":\"https:\/\/extery.com\/pl\/produkty\/siedzisko-sume\/\",\"url\":\"https:\/\/extery.com\/pl\/produkty\/siedzisko-sume\/\",\"name\":\"Siedzisko Sume - Extery\",\"isPartOf\":{\"@id\":\"https:\/\/extery.com\/pl\/#website\"},\"primaryImageOfPage\":{\"@id\":\"https:\/\/extery.com\/pl\/produkty\/siedzisko-sume\/#primaryimage\"},\"image\":{\"@id\":\"https:\/\/extery.com\/pl\/produkty\/siedzisko-sume\/#primaryimage\"},\"thumbnailUrl\":\"https:\/\/extery.com\/wp-content\/uploads\/2020\/12\/Sume-esipilt-scaled.jpg\",\"datePublished\":\"2020-11-23T11:41:14+00:00\",\"dateModified\":\"2026-05-02T16:37:35+00:00\",\"description\":\"Siedzisko Sume wyr\u00f3\u017cnia si\u0119 ruchomym i delikatnie wyginaj\u0105cym si\u0119 siedziskiem. Rodzina mebli ogrodowych Sume nadaje przestrzeni miejskiej barw\u0119 i niepowtarzalny charakter.\",\"breadcrumb\":{\"@id\":\"https:\/\/extery.com\/pl\/produkty\/siedzisko-sume\/#breadcrumb\"},\"inLanguage\":\"pl-PL\",\"potentialAction\":[{\"@type\":\"ReadAction\",\"target\":[\"https:\/\/extery.com\/pl\/produkty\/siedzisko-sume\/\"]}]},{\"@type\":\"ImageObject\",\"inLanguage\":\"pl-PL\",\"@id\":\"https:\/\/extery.com\/pl\/produkty\/siedzisko-sume\/#primaryimage\",\"url\":\"https:\/\/extery.com\/wp-content\/uploads\/2020\/12\/Sume-esipilt-scaled.jpg\",\"contentUrl\":\"https:\/\/extery.com\/wp-content\/uploads\/2020\/12\/Sume-esipilt-scaled.jpg\",\"width\":2560,\"height\":1707},{\"@type\":\"BreadcrumbList\",\"@id\":\"https:\/\/extery.com\/pl\/produkty\/siedzisko-sume\/#breadcrumb\",\"itemListElement\":[{\"@type\":\"ListItem\",\"position\":1,\"name\":\"Home\",\"item\":\"https:\/\/extery.com\/pl\/\"},{\"@type\":\"ListItem\",\"position\":2,\"name\":\"Produkty\",\"item\":\"https:\/\/extery.com\/tooted\/\"},{\"@type\":\"ListItem\",\"position\":3,\"name\":\"Siedzisko Sume\"}]},{\"@type\":\"WebSite\",\"@id\":\"https:\/\/extery.com\/pl\/#website\",\"url\":\"https:\/\/extery.com\/pl\/\",\"name\":\"Extery\",\"description\":\"\",\"publisher\":{\"@id\":\"https:\/\/extery.com\/pl\/#organization\"},\"potentialAction\":[{\"@type\":\"SearchAction\",\"target\":{\"@type\":\"EntryPoint\",\"urlTemplate\":\"https:\/\/extery.com\/pl\/?s={search_term_string}\"},\"query-input\":{\"@type\":\"PropertyValueSpecification\",\"valueRequired\":true,\"valueName\":\"search_term_string\"}}],\"inLanguage\":\"pl-PL\"},{\"@type\":\"Organization\",\"@id\":\"https:\/\/extery.com\/pl\/#organization\",\"name\":\"Extery\",\"url\":\"https:\/\/extery.com\/pl\/\",\"logo\":{\"@type\":\"ImageObject\",\"inLanguage\":\"pl-PL\",\"@id\":\"https:\/\/extery.com\/pl\/#\/schema\/logo\/image\/\",\"url\":\"https:\/\/extery.com\/wp-content\/uploads\/2023\/11\/footer-logo.svg\",\"contentUrl\":\"https:\/\/extery.com\/wp-content\/uploads\/2023\/11\/footer-logo.svg\",\"caption\":\"Extery \"},\"image\":{\"@id\":\"https:\/\/extery.com\/pl\/#\/schema\/logo\/image\/\"}}]}<\/script>\n<!-- \/ Yoast SEO plugin. -->","yoast_head_json":{"title":"Siedzisko Sume - Extery","description":"Siedzisko Sume wyr\u00f3\u017cnia si\u0119 ruchomym i delikatnie wyginaj\u0105cym si\u0119 siedziskiem. Rodzina mebli ogrodowych Sume nadaje przestrzeni miejskiej barw\u0119 i niepowtarzalny charakter.","robots":{"index":"index","follow":"follow","max-snippet":"max-snippet:-1","max-image-preview":"max-image-preview:large","max-video-preview":"max-video-preview:-1"},"canonical":"https:\/\/extery.com\/pl\/produkty\/siedzisko-sume\/","og_locale":"pl_PL","og_type":"article","og_title":"Siedzisko Sume - Extery","og_description":"Siedzisko Sume wyr\u00f3\u017cnia si\u0119 ruchomym i delikatnie wyginaj\u0105cym si\u0119 siedziskiem. Rodzina mebli ogrodowych Sume nadaje przestrzeni miejskiej barw\u0119 i niepowtarzalny charakter.","og_url":"https:\/\/extery.com\/pl\/produkty\/siedzisko-sume\/","og_site_name":"Extery","article_modified_time":"2026-05-02T16:37:35+00:00","og_image":[{"width":2560,"height":1707,"url":"https:\/\/extery.com\/wp-content\/uploads\/2020\/12\/Sume-esipilt-scaled.jpg","type":"image\/jpeg"}],"twitter_card":"summary_large_image","twitter_misc":{"Szacowany czas czytania":"2 minuty"},"schema":{"@context":"https:\/\/schema.org","@graph":[{"@type":"WebPage","@id":"https:\/\/extery.com\/pl\/produkty\/siedzisko-sume\/","url":"https:\/\/extery.com\/pl\/produkty\/siedzisko-sume\/","name":"Siedzisko Sume - Extery","isPartOf":{"@id":"https:\/\/extery.com\/pl\/#website"},"primaryImageOfPage":{"@id":"https:\/\/extery.com\/pl\/produkty\/siedzisko-sume\/#primaryimage"},"image":{"@id":"https:\/\/extery.com\/pl\/produkty\/siedzisko-sume\/#primaryimage"},"thumbnailUrl":"https:\/\/extery.com\/wp-content\/uploads\/2020\/12\/Sume-esipilt-scaled.jpg","datePublished":"2020-11-23T11:41:14+00:00","dateModified":"2026-05-02T16:37:35+00:00","description":"Siedzisko Sume wyr\u00f3\u017cnia si\u0119 ruchomym i delikatnie wyginaj\u0105cym si\u0119 siedziskiem. Rodzina mebli ogrodowych Sume nadaje przestrzeni miejskiej barw\u0119 i niepowtarzalny charakter.","breadcrumb":{"@id":"https:\/\/extery.com\/pl\/produkty\/siedzisko-sume\/#breadcrumb"},"inLanguage":"pl-PL","potentialAction":[{"@type":"ReadAction","target":["https:\/\/extery.com\/pl\/produkty\/siedzisko-sume\/"]}]},{"@type":"ImageObject","inLanguage":"pl-PL","@id":"https:\/\/extery.com\/pl\/produkty\/siedzisko-sume\/#primaryimage","url":"https:\/\/extery.com\/wp-content\/uploads\/2020\/12\/Sume-esipilt-scaled.jpg","contentUrl":"https:\/\/extery.com\/wp-content\/uploads\/2020\/12\/Sume-esipilt-scaled.jpg","width":2560,"height":1707},{"@type":"BreadcrumbList","@id":"https:\/\/extery.com\/pl\/produkty\/siedzisko-sume\/#breadcrumb","itemListElement":[{"@type":"ListItem","position":1,"name":"Home","item":"https:\/\/extery.com\/pl\/"},{"@type":"ListItem","position":2,"name":"Produkty","item":"https:\/\/extery.com\/tooted\/"},{"@type":"ListItem","position":3,"name":"Siedzisko Sume"}]},{"@type":"WebSite","@id":"https:\/\/extery.com\/pl\/#website","url":"https:\/\/extery.com\/pl\/","name":"Extery","description":"","publisher":{"@id":"https:\/\/extery.com\/pl\/#organization"},"potentialAction":[{"@type":"SearchAction","target":{"@type":"EntryPoint","urlTemplate":"https:\/\/extery.com\/pl\/?s={search_term_string}"},"query-input":{"@type":"PropertyValueSpecification","valueRequired":true,"valueName":"search_term_string"}}],"inLanguage":"pl-PL"},{"@type":"Organization","@id":"https:\/\/extery.com\/pl\/#organization","name":"Extery","url":"https:\/\/extery.com\/pl\/","logo":{"@type":"ImageObject","inLanguage":"pl-PL","@id":"https:\/\/extery.com\/pl\/#\/schema\/logo\/image\/","url":"https:\/\/extery.com\/wp-content\/uploads\/2023\/11\/footer-logo.svg","contentUrl":"https:\/\/extery.com\/wp-content\/uploads\/2023\/11\/footer-logo.svg","caption":"Extery "},"image":{"@id":"https:\/\/extery.com\/pl\/#\/schema\/logo\/image\/"}}]}},"_links":{"self":[{"href":"https:\/\/extery.com\/pl\/wp-json\/wp\/v2\/product\/59717","targetHints":{"allow":["GET"]}}],"collection":[{"href":"https:\/\/extery.com\/pl\/wp-json\/wp\/v2\/product"}],"about":[{"href":"https:\/\/extery.com\/pl\/wp-json\/wp\/v2\/types\/product"}],"replies":[{"embeddable":true,"href":"https:\/\/extery.com\/pl\/wp-json\/wp\/v2\/comments?post=59717"}],"wp:featuredmedia":[{"embeddable":true,"href":"https:\/\/extery.com\/pl\/wp-json\/wp\/v2\/media\/59746"}],"wp:attachment":[{"href":"https:\/\/extery.com\/pl\/wp-json\/wp\/v2\/media?parent=59717"}],"wp:term":[{"taxonomy":"product_brand","embeddable":true,"href":"https:\/\/extery.com\/pl\/wp-json\/wp\/v2\/product_brand?post=59717"},{"taxonomy":"product_cat","embeddable":true,"href":"https:\/\/extery.com\/pl\/wp-json\/wp\/v2\/product_cat?post=59717"},{"taxonomy":"product_tag","embeddable":true,"href":"https:\/\/extery.com\/pl\/wp-json\/wp\/v2\/product_tag?post=59717"}],"curies":[{"name":"wp","href":"https:\/\/api.w.org\/{rel}","templated":true}]}}