{"id":59751,"date":"2021-01-25T10:09:24","date_gmt":"2021-01-25T10:09:24","guid":{"rendered":"https:\/\/extery.com\/tooted\/modulowa-lawka-parkowa-jada-set02\/"},"modified":"2026-04-30T11:59:08","modified_gmt":"2026-04-30T11:59:08","slug":"modulowa-lawka-parkowa-jada-set02","status":"publish","type":"product","link":"https:\/\/extery.com\/pl\/produkty\/modulowa-lawka-parkowa-jada-set02\/","title":{"rendered":"modu\u0142owa \u0142awka parkowa JADA SET02"},"content":{"rendered":"<p>\u0141awka parkowa Jada SET02 to zestaw z\u0142o\u017cony z prostych modu\u0142\u00f3w siedzisk, opar\u0107 oraz sto\u0142\u00f3w nale\u017c\u0105cych do modu\u0142owego systemu mebli miejskich Jada. W sk\u0142ad konfiguracji wchodz\u0105 cztery modu\u0142y proste, sze\u015b\u0107 opar\u0107 oraz dwa sto\u0142y, kt\u00f3re razem tworz\u0105 funkcjonaln\u0105 stref\u0119 wypoczynkow\u0105.\u00a0System Jada umo\u017cliwia \u0142atwe kszta\u0142towanie r\u00f3\u017cnorodnych uk\u0142ad\u00f3w przestrzennych. Poszczeg\u00f3lne elementy mo\u017cna zestawia\u0107 w liczne konfiguracje \u2013 okalaj\u0105ce skwery miejskie, place zabaw czy kr\u0119te alejki, a tak\u017ce wype\u0142niaj\u0105ce place i przestrzenie publiczne swobodnymi, dynamicznymi kompozycjami.<\/p>\n<p>Oparcia mog\u0105 by\u0107 ustawiane obok siebie lub naprzeciwko siebie, co pozwala tworzy\u0107 zar\u00f3wno miejsca do le\u017cenia, jak i bardziej kameralne strefy zapewniaj\u0105ce u\u017cytkownikom wi\u0119ksz\u0105 prywatno\u015b\u0107. Sto\u0142y mo\u017cna lokalizowa\u0107 w przytulnych, odosobnionych miejscach lub zestawia\u0107 je z siedziskami, aby sprzyja\u0142y spotkaniom i integracji u\u017cytkownik\u00f3w. Modu\u0142owo\u015b\u0107 systemu Jada pozwala tworzy\u0107 indywidualne rozwi\u0105zania dopasowane do konkretnej koncepcji projektowej oraz warunk\u00f3w przestrzennych.<\/p>\n<p>Aby zobaczy\u0107 wi\u0119cej zestaw\u00f3w z modu\u0142\u00f3w Jada, kliknij <span style=\"color: #0000ff;\"><strong><a style=\"color: #0000ff;\" href=\"https:\/\/extery.com\/pl\/kategoria-produktu\/lawki-modulowe\/\">tutaj<\/a><\/strong><\/span>.<\/p>\n<p>Twoja przestrze\u0144. Twoje pomys\u0142y. Nienaganna jako\u015b\u0107 Extery.<\/p>\n","protected":false},"excerpt":{"rendered":"<p>\u0141awka parkowa Jada SET02 to zestaw z\u0142o\u017cony z prostych modu\u0142\u00f3w siedzisk, opar\u0107 oraz sto\u0142\u00f3w nale\u017c\u0105cych do modu\u0142owego systemu mebli miejskich Jada. W sk\u0142ad konfiguracji wchodz\u0105 cztery modu\u0142y proste, sze\u015b\u0107 opar\u0107 oraz dwa sto\u0142y, kt\u00f3re razem tworz\u0105 funkcjonaln\u0105 stref\u0119 wypoczynkow\u0105.\u00a0System Jada umo\u017cliwia \u0142atwe kszta\u0142towanie r\u00f3\u017cnorodnych uk\u0142ad\u00f3w przestrzennych. Poszczeg\u00f3lne elementy mo\u017cna zestawia\u0107 w liczne konfiguracje \u2013 okalaj\u0105ce [&hellip;]<\/p>\n","protected":false},"featured_media":59760,"comment_status":"open","ping_status":"closed","template":"","meta":{"_acf_changed":false},"product_brand":[],"product_cat":[365,381],"product_tag":[],"class_list":{"0":"post-59751","1":"product","2":"type-product","3":"status-publish","4":"has-post-thumbnail","6":"product_cat-lawki-parkowe-z-oparciami","7":"product_cat-lawki-modulowe","8":"product-family-jada","10":"first","11":"instock","12":"shipping-taxable","13":"product-type-simple"},"acf":[],"yoast_head":"<!-- This site is optimized with the Yoast SEO plugin v26.4 - https:\/\/yoast.com\/wordpress\/plugins\/seo\/ -->\n<title>modu\u0142owa \u0142awka parkowa JADA SET02 - Extery<\/title>\n<meta name=\"description\" content=\"Modu\u0142owa \u0142awka parkowa Jada to modu\u0142owy system mebli miejskich, kt\u00f3ry pozwala na \u0142atwe tworzenie kompletnych miejsc do siedzenia. Mo\u017cesz tworzy\u0107 niesko\u0144czone kombinacje, aby ozdobi\u0107 miejskie skwery.\" \/>\n<meta name=\"robots\" content=\"index, follow, max-snippet:-1, max-image-preview:large, max-video-preview:-1\" \/>\n<link rel=\"canonical\" href=\"https:\/\/extery.com\/pl\/produkty\/modulowa-lawka-parkowa-jada-set02\/\" \/>\n<meta property=\"og:locale\" content=\"pl_PL\" \/>\n<meta property=\"og:type\" content=\"article\" \/>\n<meta property=\"og:title\" content=\"modu\u0142owa \u0142awka parkowa JADA SET02 - Extery\" \/>\n<meta property=\"og:description\" content=\"Modu\u0142owa \u0142awka parkowa Jada to modu\u0142owy system mebli miejskich, kt\u00f3ry pozwala na \u0142atwe tworzenie kompletnych miejsc do siedzenia. Mo\u017cesz tworzy\u0107 niesko\u0144czone kombinacje, aby ozdobi\u0107 miejskie skwery.\" \/>\n<meta property=\"og:url\" content=\"https:\/\/extery.com\/pl\/produkty\/modulowa-lawka-parkowa-jada-set02\/\" \/>\n<meta property=\"og:site_name\" content=\"Extery\" \/>\n<meta property=\"article:modified_time\" content=\"2026-04-30T11:59:08+00:00\" \/>\n<meta property=\"og:image\" content=\"https:\/\/extery.com\/wp-content\/uploads\/2021\/01\/modulaarne-pargipink-jada-rida-modular-park-bench-jada-line-2.jpg\" \/>\n\t<meta property=\"og:image:width\" content=\"2255\" \/>\n\t<meta property=\"og:image:height\" content=\"1560\" \/>\n\t<meta property=\"og:image:type\" content=\"image\/jpeg\" \/>\n<meta name=\"twitter:card\" content=\"summary_large_image\" \/>\n<meta name=\"twitter:label1\" content=\"Szacowany czas czytania\" \/>\n\t<meta name=\"twitter:data1\" content=\"1 minuta\" \/>\n<script type=\"application\/ld+json\" class=\"yoast-schema-graph\">{\"@context\":\"https:\/\/schema.org\",\"@graph\":[{\"@type\":\"WebPage\",\"@id\":\"https:\/\/extery.com\/pl\/produkty\/modulowa-lawka-parkowa-jada-set02\/\",\"url\":\"https:\/\/extery.com\/pl\/produkty\/modulowa-lawka-parkowa-jada-set02\/\",\"name\":\"modu\u0142owa \u0142awka parkowa JADA SET02 - Extery\",\"isPartOf\":{\"@id\":\"https:\/\/extery.com\/pl\/#website\"},\"primaryImageOfPage\":{\"@id\":\"https:\/\/extery.com\/pl\/produkty\/modulowa-lawka-parkowa-jada-set02\/#primaryimage\"},\"image\":{\"@id\":\"https:\/\/extery.com\/pl\/produkty\/modulowa-lawka-parkowa-jada-set02\/#primaryimage\"},\"thumbnailUrl\":\"https:\/\/extery.com\/wp-content\/uploads\/2021\/01\/modulaarne-pargipink-jada-rida-modular-park-bench-jada-line-2.jpg\",\"datePublished\":\"2021-01-25T10:09:24+00:00\",\"dateModified\":\"2026-04-30T11:59:08+00:00\",\"description\":\"Modu\u0142owa \u0142awka parkowa Jada to modu\u0142owy system mebli miejskich, kt\u00f3ry pozwala na \u0142atwe tworzenie kompletnych miejsc do siedzenia. Mo\u017cesz tworzy\u0107 niesko\u0144czone kombinacje, aby ozdobi\u0107 miejskie skwery.\",\"breadcrumb\":{\"@id\":\"https:\/\/extery.com\/pl\/produkty\/modulowa-lawka-parkowa-jada-set02\/#breadcrumb\"},\"inLanguage\":\"pl-PL\",\"potentialAction\":[{\"@type\":\"ReadAction\",\"target\":[\"https:\/\/extery.com\/pl\/produkty\/modulowa-lawka-parkowa-jada-set02\/\"]}]},{\"@type\":\"ImageObject\",\"inLanguage\":\"pl-PL\",\"@id\":\"https:\/\/extery.com\/pl\/produkty\/modulowa-lawka-parkowa-jada-set02\/#primaryimage\",\"url\":\"https:\/\/extery.com\/wp-content\/uploads\/2021\/01\/modulaarne-pargipink-jada-rida-modular-park-bench-jada-line-2.jpg\",\"contentUrl\":\"https:\/\/extery.com\/wp-content\/uploads\/2021\/01\/modulaarne-pargipink-jada-rida-modular-park-bench-jada-line-2.jpg\",\"width\":2255,\"height\":1560},{\"@type\":\"BreadcrumbList\",\"@id\":\"https:\/\/extery.com\/pl\/produkty\/modulowa-lawka-parkowa-jada-set02\/#breadcrumb\",\"itemListElement\":[{\"@type\":\"ListItem\",\"position\":1,\"name\":\"Home\",\"item\":\"https:\/\/extery.com\/pl\/\"},{\"@type\":\"ListItem\",\"position\":2,\"name\":\"Produkty\",\"item\":\"https:\/\/extery.com\/tooted\/\"},{\"@type\":\"ListItem\",\"position\":3,\"name\":\"modu\u0142owa \u0142awka parkowa JADA SET02\"}]},{\"@type\":\"WebSite\",\"@id\":\"https:\/\/extery.com\/pl\/#website\",\"url\":\"https:\/\/extery.com\/pl\/\",\"name\":\"Extery\",\"description\":\"\",\"publisher\":{\"@id\":\"https:\/\/extery.com\/pl\/#organization\"},\"potentialAction\":[{\"@type\":\"SearchAction\",\"target\":{\"@type\":\"EntryPoint\",\"urlTemplate\":\"https:\/\/extery.com\/pl\/?s={search_term_string}\"},\"query-input\":{\"@type\":\"PropertyValueSpecification\",\"valueRequired\":true,\"valueName\":\"search_term_string\"}}],\"inLanguage\":\"pl-PL\"},{\"@type\":\"Organization\",\"@id\":\"https:\/\/extery.com\/pl\/#organization\",\"name\":\"Extery\",\"url\":\"https:\/\/extery.com\/pl\/\",\"logo\":{\"@type\":\"ImageObject\",\"inLanguage\":\"pl-PL\",\"@id\":\"https:\/\/extery.com\/pl\/#\/schema\/logo\/image\/\",\"url\":\"https:\/\/extery.com\/wp-content\/uploads\/2023\/11\/footer-logo.svg\",\"contentUrl\":\"https:\/\/extery.com\/wp-content\/uploads\/2023\/11\/footer-logo.svg\",\"caption\":\"Extery \"},\"image\":{\"@id\":\"https:\/\/extery.com\/pl\/#\/schema\/logo\/image\/\"}}]}<\/script>\n<!-- \/ Yoast SEO plugin. -->","yoast_head_json":{"title":"modu\u0142owa \u0142awka parkowa JADA SET02 - Extery","description":"Modu\u0142owa \u0142awka parkowa Jada to modu\u0142owy system mebli miejskich, kt\u00f3ry pozwala na \u0142atwe tworzenie kompletnych miejsc do siedzenia. Mo\u017cesz tworzy\u0107 niesko\u0144czone kombinacje, aby ozdobi\u0107 miejskie skwery.","robots":{"index":"index","follow":"follow","max-snippet":"max-snippet:-1","max-image-preview":"max-image-preview:large","max-video-preview":"max-video-preview:-1"},"canonical":"https:\/\/extery.com\/pl\/produkty\/modulowa-lawka-parkowa-jada-set02\/","og_locale":"pl_PL","og_type":"article","og_title":"modu\u0142owa \u0142awka parkowa JADA SET02 - Extery","og_description":"Modu\u0142owa \u0142awka parkowa Jada to modu\u0142owy system mebli miejskich, kt\u00f3ry pozwala na \u0142atwe tworzenie kompletnych miejsc do siedzenia. Mo\u017cesz tworzy\u0107 niesko\u0144czone kombinacje, aby ozdobi\u0107 miejskie skwery.","og_url":"https:\/\/extery.com\/pl\/produkty\/modulowa-lawka-parkowa-jada-set02\/","og_site_name":"Extery","article_modified_time":"2026-04-30T11:59:08+00:00","og_image":[{"width":2255,"height":1560,"url":"https:\/\/extery.com\/wp-content\/uploads\/2021\/01\/modulaarne-pargipink-jada-rida-modular-park-bench-jada-line-2.jpg","type":"image\/jpeg"}],"twitter_card":"summary_large_image","twitter_misc":{"Szacowany czas czytania":"1 minuta"},"schema":{"@context":"https:\/\/schema.org","@graph":[{"@type":"WebPage","@id":"https:\/\/extery.com\/pl\/produkty\/modulowa-lawka-parkowa-jada-set02\/","url":"https:\/\/extery.com\/pl\/produkty\/modulowa-lawka-parkowa-jada-set02\/","name":"modu\u0142owa \u0142awka parkowa JADA SET02 - Extery","isPartOf":{"@id":"https:\/\/extery.com\/pl\/#website"},"primaryImageOfPage":{"@id":"https:\/\/extery.com\/pl\/produkty\/modulowa-lawka-parkowa-jada-set02\/#primaryimage"},"image":{"@id":"https:\/\/extery.com\/pl\/produkty\/modulowa-lawka-parkowa-jada-set02\/#primaryimage"},"thumbnailUrl":"https:\/\/extery.com\/wp-content\/uploads\/2021\/01\/modulaarne-pargipink-jada-rida-modular-park-bench-jada-line-2.jpg","datePublished":"2021-01-25T10:09:24+00:00","dateModified":"2026-04-30T11:59:08+00:00","description":"Modu\u0142owa \u0142awka parkowa Jada to modu\u0142owy system mebli miejskich, kt\u00f3ry pozwala na \u0142atwe tworzenie kompletnych miejsc do siedzenia. Mo\u017cesz tworzy\u0107 niesko\u0144czone kombinacje, aby ozdobi\u0107 miejskie skwery.","breadcrumb":{"@id":"https:\/\/extery.com\/pl\/produkty\/modulowa-lawka-parkowa-jada-set02\/#breadcrumb"},"inLanguage":"pl-PL","potentialAction":[{"@type":"ReadAction","target":["https:\/\/extery.com\/pl\/produkty\/modulowa-lawka-parkowa-jada-set02\/"]}]},{"@type":"ImageObject","inLanguage":"pl-PL","@id":"https:\/\/extery.com\/pl\/produkty\/modulowa-lawka-parkowa-jada-set02\/#primaryimage","url":"https:\/\/extery.com\/wp-content\/uploads\/2021\/01\/modulaarne-pargipink-jada-rida-modular-park-bench-jada-line-2.jpg","contentUrl":"https:\/\/extery.com\/wp-content\/uploads\/2021\/01\/modulaarne-pargipink-jada-rida-modular-park-bench-jada-line-2.jpg","width":2255,"height":1560},{"@type":"BreadcrumbList","@id":"https:\/\/extery.com\/pl\/produkty\/modulowa-lawka-parkowa-jada-set02\/#breadcrumb","itemListElement":[{"@type":"ListItem","position":1,"name":"Home","item":"https:\/\/extery.com\/pl\/"},{"@type":"ListItem","position":2,"name":"Produkty","item":"https:\/\/extery.com\/tooted\/"},{"@type":"ListItem","position":3,"name":"modu\u0142owa \u0142awka parkowa JADA SET02"}]},{"@type":"WebSite","@id":"https:\/\/extery.com\/pl\/#website","url":"https:\/\/extery.com\/pl\/","name":"Extery","description":"","publisher":{"@id":"https:\/\/extery.com\/pl\/#organization"},"potentialAction":[{"@type":"SearchAction","target":{"@type":"EntryPoint","urlTemplate":"https:\/\/extery.com\/pl\/?s={search_term_string}"},"query-input":{"@type":"PropertyValueSpecification","valueRequired":true,"valueName":"search_term_string"}}],"inLanguage":"pl-PL"},{"@type":"Organization","@id":"https:\/\/extery.com\/pl\/#organization","name":"Extery","url":"https:\/\/extery.com\/pl\/","logo":{"@type":"ImageObject","inLanguage":"pl-PL","@id":"https:\/\/extery.com\/pl\/#\/schema\/logo\/image\/","url":"https:\/\/extery.com\/wp-content\/uploads\/2023\/11\/footer-logo.svg","contentUrl":"https:\/\/extery.com\/wp-content\/uploads\/2023\/11\/footer-logo.svg","caption":"Extery "},"image":{"@id":"https:\/\/extery.com\/pl\/#\/schema\/logo\/image\/"}}]}},"_links":{"self":[{"href":"https:\/\/extery.com\/pl\/wp-json\/wp\/v2\/product\/59751","targetHints":{"allow":["GET"]}}],"collection":[{"href":"https:\/\/extery.com\/pl\/wp-json\/wp\/v2\/product"}],"about":[{"href":"https:\/\/extery.com\/pl\/wp-json\/wp\/v2\/types\/product"}],"replies":[{"embeddable":true,"href":"https:\/\/extery.com\/pl\/wp-json\/wp\/v2\/comments?post=59751"}],"wp:featuredmedia":[{"embeddable":true,"href":"https:\/\/extery.com\/pl\/wp-json\/wp\/v2\/media\/59760"}],"wp:attachment":[{"href":"https:\/\/extery.com\/pl\/wp-json\/wp\/v2\/media?parent=59751"}],"wp:term":[{"taxonomy":"product_brand","embeddable":true,"href":"https:\/\/extery.com\/pl\/wp-json\/wp\/v2\/product_brand?post=59751"},{"taxonomy":"product_cat","embeddable":true,"href":"https:\/\/extery.com\/pl\/wp-json\/wp\/v2\/product_cat?post=59751"},{"taxonomy":"product_tag","embeddable":true,"href":"https:\/\/extery.com\/pl\/wp-json\/wp\/v2\/product_tag?post=59751"}],"curies":[{"name":"wp","href":"https:\/\/api.w.org\/{rel}","templated":true}]}}