{"id":59789,"date":"2022-11-14T14:34:43","date_gmt":"2022-11-14T14:34:43","guid":{"rendered":"https:\/\/extery.com\/tooted\/modulowa-lawka-parkowa-jada-set05\/"},"modified":"2026-04-30T11:59:46","modified_gmt":"2026-04-30T11:59:46","slug":"modulowa-lawka-parkowa-jada-set05","status":"publish","type":"product","link":"https:\/\/extery.com\/pl\/produkty\/modulowa-lawka-parkowa-jada-set05\/","title":{"rendered":"modu\u0142owa \u0142awka parkowa JADA SET05"},"content":{"rendered":"<p>\u0141awka parkowa Jada SET05 stanowi zestaw z\u0142o\u017cony z modu\u0142\u00f3w le\u017cakowych nale\u017c\u0105cych do modu\u0142owego systemu mebli miejskich Jada. Konfiguracja obejmuje dwa modu\u0142y le\u017cakowe.\u00a0Modu\u0142owa \u0142awka parkowa Jada to modu\u0142owy system mebli miejskich, kt\u00f3ry pozwala na \u0142atwe tworzenie kompletnych miejsc do siedzenia. Mo\u017cesz tworzy\u0107 niesko\u0144czone kombinacje, aby wyko\u0144czy\u0107 miejskie place, place zabaw, kr\u0119te alejki lub wype\u0142ni\u0107 plac zaskakuj\u0105cymi konfiguracjami.\u00a0Aby zobaczy\u0107 wi\u0119cej zestaw\u00f3w z modu\u0142\u00f3w Jada, kliknij <span style=\"color: #0000ff;\"><strong><a style=\"color: #0000ff;\" href=\"https:\/\/extery.com\/pl\/kategoria-produktu\/lawki-modulowe\/\">tutaj<\/a><\/strong><\/span>.<\/p>\n<p>Oparcia mo\u017cna ustawi\u0107 obok siebie lub naprzeciw siebie, co pozwala na stworzenie miejsc do le\u017cenia i oddzielnych szczelin zapewniaj\u0105cych wi\u0119ksz\u0105 prywatno\u015b\u0107. Sto\u0142y mo\u017cna ustawi\u0107 w przytulnych, prywatnych wn\u0119kach lub wok\u00f3\u0142 miejsc siedz\u0105cych, aby sprzyja\u0107 integracji i tworzy\u0107 strefy spotka\u0144 towarzyskich.\u00a0Modu\u0142owa konstrukcja Jady pozwala na stworzenie charakterystycznego rozwi\u0105zania dopasowanego do pomys\u0142u lub wymaga\u0144 przestrzennych.<\/p>\n<p>Twoja przestrze\u0144. Twoje pomys\u0142y. Rozwi\u0105zanie o nienagannej jako\u015bci wyko\u0144czenia.<\/p>\n","protected":false},"excerpt":{"rendered":"<p>\u0141awka parkowa Jada SET05 stanowi zestaw z\u0142o\u017cony z modu\u0142\u00f3w le\u017cakowych nale\u017c\u0105cych do modu\u0142owego systemu mebli miejskich Jada. Konfiguracja obejmuje dwa modu\u0142y le\u017cakowe.\u00a0Modu\u0142owa \u0142awka parkowa Jada to modu\u0142owy system mebli miejskich, kt\u00f3ry pozwala na \u0142atwe tworzenie kompletnych miejsc do siedzenia. Mo\u017cesz tworzy\u0107 niesko\u0144czone kombinacje, aby wyko\u0144czy\u0107 miejskie place, place zabaw, kr\u0119te alejki lub wype\u0142ni\u0107 plac zaskakuj\u0105cymi [&hellip;]<\/p>\n","protected":false},"featured_media":59791,"comment_status":"open","ping_status":"closed","template":"","meta":{"_acf_changed":false},"product_brand":[],"product_cat":[365,381],"product_tag":[],"class_list":{"0":"post-59789","1":"product","2":"type-product","3":"status-publish","4":"has-post-thumbnail","6":"product_cat-lawki-parkowe-z-oparciami","7":"product_cat-lawki-modulowe","8":"product-family-jada","10":"first","11":"instock","12":"shipping-taxable","13":"product-type-simple"},"acf":[],"yoast_head":"<!-- This site is optimized with the Yoast SEO plugin v26.4 - https:\/\/yoast.com\/wordpress\/plugins\/seo\/ -->\n<title>modu\u0142owa \u0142awka parkowa JADA SET05 - Extery<\/title>\n<meta name=\"description\" content=\"Modu\u0142owa \u0142awka parkowa JADA SET05 to modu\u0142owy system mebli miejskich, kt\u00f3ry umo\u017cliwia \u0142atwe tworzenie kompletnych miejsc do siedzenia. Wi\u0119cej informacji na naszej stronie internetowej.\" \/>\n<meta name=\"robots\" content=\"index, follow, max-snippet:-1, max-image-preview:large, max-video-preview:-1\" \/>\n<link rel=\"canonical\" href=\"https:\/\/extery.com\/pl\/produkty\/modulowa-lawka-parkowa-jada-set05\/\" \/>\n<meta property=\"og:locale\" content=\"pl_PL\" \/>\n<meta property=\"og:type\" content=\"article\" \/>\n<meta property=\"og:title\" content=\"modu\u0142owa \u0142awka parkowa JADA SET05 - Extery\" \/>\n<meta property=\"og:description\" content=\"Modu\u0142owa \u0142awka parkowa JADA SET05 to modu\u0142owy system mebli miejskich, kt\u00f3ry umo\u017cliwia \u0142atwe tworzenie kompletnych miejsc do siedzenia. Wi\u0119cej informacji na naszej stronie internetowej.\" \/>\n<meta property=\"og:url\" content=\"https:\/\/extery.com\/pl\/produkty\/modulowa-lawka-parkowa-jada-set05\/\" \/>\n<meta property=\"og:site_name\" content=\"Extery\" \/>\n<meta property=\"article:modified_time\" content=\"2026-04-30T11:59:46+00:00\" \/>\n<meta property=\"og:image\" content=\"https:\/\/extery.com\/wp-content\/uploads\/2022\/11\/Modulaarne-pargipink-Jada-SET05-Extery-linnamoobel-urban-furniture-park-bench-2.jpg\" \/>\n\t<meta property=\"og:image:width\" content=\"2048\" \/>\n\t<meta property=\"og:image:height\" content=\"1417\" \/>\n\t<meta property=\"og:image:type\" content=\"image\/jpeg\" \/>\n<meta name=\"twitter:card\" content=\"summary_large_image\" \/>\n<meta name=\"twitter:label1\" content=\"Szacowany czas czytania\" \/>\n\t<meta name=\"twitter:data1\" content=\"1 minuta\" \/>\n<script type=\"application\/ld+json\" class=\"yoast-schema-graph\">{\"@context\":\"https:\/\/schema.org\",\"@graph\":[{\"@type\":\"WebPage\",\"@id\":\"https:\/\/extery.com\/pl\/produkty\/modulowa-lawka-parkowa-jada-set05\/\",\"url\":\"https:\/\/extery.com\/pl\/produkty\/modulowa-lawka-parkowa-jada-set05\/\",\"name\":\"modu\u0142owa \u0142awka parkowa JADA SET05 - Extery\",\"isPartOf\":{\"@id\":\"https:\/\/extery.com\/pl\/#website\"},\"primaryImageOfPage\":{\"@id\":\"https:\/\/extery.com\/pl\/produkty\/modulowa-lawka-parkowa-jada-set05\/#primaryimage\"},\"image\":{\"@id\":\"https:\/\/extery.com\/pl\/produkty\/modulowa-lawka-parkowa-jada-set05\/#primaryimage\"},\"thumbnailUrl\":\"https:\/\/extery.com\/wp-content\/uploads\/2022\/11\/Modulaarne-pargipink-Jada-SET05-Extery-linnamoobel-urban-furniture-park-bench-2.jpg\",\"datePublished\":\"2022-11-14T14:34:43+00:00\",\"dateModified\":\"2026-04-30T11:59:46+00:00\",\"description\":\"Modu\u0142owa \u0142awka parkowa JADA SET05 to modu\u0142owy system mebli miejskich, kt\u00f3ry umo\u017cliwia \u0142atwe tworzenie kompletnych miejsc do siedzenia. Wi\u0119cej informacji na naszej stronie internetowej.\",\"breadcrumb\":{\"@id\":\"https:\/\/extery.com\/pl\/produkty\/modulowa-lawka-parkowa-jada-set05\/#breadcrumb\"},\"inLanguage\":\"pl-PL\",\"potentialAction\":[{\"@type\":\"ReadAction\",\"target\":[\"https:\/\/extery.com\/pl\/produkty\/modulowa-lawka-parkowa-jada-set05\/\"]}]},{\"@type\":\"ImageObject\",\"inLanguage\":\"pl-PL\",\"@id\":\"https:\/\/extery.com\/pl\/produkty\/modulowa-lawka-parkowa-jada-set05\/#primaryimage\",\"url\":\"https:\/\/extery.com\/wp-content\/uploads\/2022\/11\/Modulaarne-pargipink-Jada-SET05-Extery-linnamoobel-urban-furniture-park-bench-2.jpg\",\"contentUrl\":\"https:\/\/extery.com\/wp-content\/uploads\/2022\/11\/Modulaarne-pargipink-Jada-SET05-Extery-linnamoobel-urban-furniture-park-bench-2.jpg\",\"width\":2048,\"height\":1417},{\"@type\":\"BreadcrumbList\",\"@id\":\"https:\/\/extery.com\/pl\/produkty\/modulowa-lawka-parkowa-jada-set05\/#breadcrumb\",\"itemListElement\":[{\"@type\":\"ListItem\",\"position\":1,\"name\":\"Home\",\"item\":\"https:\/\/extery.com\/pl\/\"},{\"@type\":\"ListItem\",\"position\":2,\"name\":\"Produkty\",\"item\":\"https:\/\/extery.com\/tooted\/\"},{\"@type\":\"ListItem\",\"position\":3,\"name\":\"modu\u0142owa \u0142awka parkowa JADA SET05\"}]},{\"@type\":\"WebSite\",\"@id\":\"https:\/\/extery.com\/pl\/#website\",\"url\":\"https:\/\/extery.com\/pl\/\",\"name\":\"Extery\",\"description\":\"\",\"publisher\":{\"@id\":\"https:\/\/extery.com\/pl\/#organization\"},\"potentialAction\":[{\"@type\":\"SearchAction\",\"target\":{\"@type\":\"EntryPoint\",\"urlTemplate\":\"https:\/\/extery.com\/pl\/?s={search_term_string}\"},\"query-input\":{\"@type\":\"PropertyValueSpecification\",\"valueRequired\":true,\"valueName\":\"search_term_string\"}}],\"inLanguage\":\"pl-PL\"},{\"@type\":\"Organization\",\"@id\":\"https:\/\/extery.com\/pl\/#organization\",\"name\":\"Extery\",\"url\":\"https:\/\/extery.com\/pl\/\",\"logo\":{\"@type\":\"ImageObject\",\"inLanguage\":\"pl-PL\",\"@id\":\"https:\/\/extery.com\/pl\/#\/schema\/logo\/image\/\",\"url\":\"https:\/\/extery.com\/wp-content\/uploads\/2023\/11\/footer-logo.svg\",\"contentUrl\":\"https:\/\/extery.com\/wp-content\/uploads\/2023\/11\/footer-logo.svg\",\"caption\":\"Extery \"},\"image\":{\"@id\":\"https:\/\/extery.com\/pl\/#\/schema\/logo\/image\/\"}}]}<\/script>\n<!-- \/ Yoast SEO plugin. -->","yoast_head_json":{"title":"modu\u0142owa \u0142awka parkowa JADA SET05 - Extery","description":"Modu\u0142owa \u0142awka parkowa JADA SET05 to modu\u0142owy system mebli miejskich, kt\u00f3ry umo\u017cliwia \u0142atwe tworzenie kompletnych miejsc do siedzenia. Wi\u0119cej informacji na naszej stronie internetowej.","robots":{"index":"index","follow":"follow","max-snippet":"max-snippet:-1","max-image-preview":"max-image-preview:large","max-video-preview":"max-video-preview:-1"},"canonical":"https:\/\/extery.com\/pl\/produkty\/modulowa-lawka-parkowa-jada-set05\/","og_locale":"pl_PL","og_type":"article","og_title":"modu\u0142owa \u0142awka parkowa JADA SET05 - Extery","og_description":"Modu\u0142owa \u0142awka parkowa JADA SET05 to modu\u0142owy system mebli miejskich, kt\u00f3ry umo\u017cliwia \u0142atwe tworzenie kompletnych miejsc do siedzenia. Wi\u0119cej informacji na naszej stronie internetowej.","og_url":"https:\/\/extery.com\/pl\/produkty\/modulowa-lawka-parkowa-jada-set05\/","og_site_name":"Extery","article_modified_time":"2026-04-30T11:59:46+00:00","og_image":[{"width":2048,"height":1417,"url":"https:\/\/extery.com\/wp-content\/uploads\/2022\/11\/Modulaarne-pargipink-Jada-SET05-Extery-linnamoobel-urban-furniture-park-bench-2.jpg","type":"image\/jpeg"}],"twitter_card":"summary_large_image","twitter_misc":{"Szacowany czas czytania":"1 minuta"},"schema":{"@context":"https:\/\/schema.org","@graph":[{"@type":"WebPage","@id":"https:\/\/extery.com\/pl\/produkty\/modulowa-lawka-parkowa-jada-set05\/","url":"https:\/\/extery.com\/pl\/produkty\/modulowa-lawka-parkowa-jada-set05\/","name":"modu\u0142owa \u0142awka parkowa JADA SET05 - Extery","isPartOf":{"@id":"https:\/\/extery.com\/pl\/#website"},"primaryImageOfPage":{"@id":"https:\/\/extery.com\/pl\/produkty\/modulowa-lawka-parkowa-jada-set05\/#primaryimage"},"image":{"@id":"https:\/\/extery.com\/pl\/produkty\/modulowa-lawka-parkowa-jada-set05\/#primaryimage"},"thumbnailUrl":"https:\/\/extery.com\/wp-content\/uploads\/2022\/11\/Modulaarne-pargipink-Jada-SET05-Extery-linnamoobel-urban-furniture-park-bench-2.jpg","datePublished":"2022-11-14T14:34:43+00:00","dateModified":"2026-04-30T11:59:46+00:00","description":"Modu\u0142owa \u0142awka parkowa JADA SET05 to modu\u0142owy system mebli miejskich, kt\u00f3ry umo\u017cliwia \u0142atwe tworzenie kompletnych miejsc do siedzenia. Wi\u0119cej informacji na naszej stronie internetowej.","breadcrumb":{"@id":"https:\/\/extery.com\/pl\/produkty\/modulowa-lawka-parkowa-jada-set05\/#breadcrumb"},"inLanguage":"pl-PL","potentialAction":[{"@type":"ReadAction","target":["https:\/\/extery.com\/pl\/produkty\/modulowa-lawka-parkowa-jada-set05\/"]}]},{"@type":"ImageObject","inLanguage":"pl-PL","@id":"https:\/\/extery.com\/pl\/produkty\/modulowa-lawka-parkowa-jada-set05\/#primaryimage","url":"https:\/\/extery.com\/wp-content\/uploads\/2022\/11\/Modulaarne-pargipink-Jada-SET05-Extery-linnamoobel-urban-furniture-park-bench-2.jpg","contentUrl":"https:\/\/extery.com\/wp-content\/uploads\/2022\/11\/Modulaarne-pargipink-Jada-SET05-Extery-linnamoobel-urban-furniture-park-bench-2.jpg","width":2048,"height":1417},{"@type":"BreadcrumbList","@id":"https:\/\/extery.com\/pl\/produkty\/modulowa-lawka-parkowa-jada-set05\/#breadcrumb","itemListElement":[{"@type":"ListItem","position":1,"name":"Home","item":"https:\/\/extery.com\/pl\/"},{"@type":"ListItem","position":2,"name":"Produkty","item":"https:\/\/extery.com\/tooted\/"},{"@type":"ListItem","position":3,"name":"modu\u0142owa \u0142awka parkowa JADA SET05"}]},{"@type":"WebSite","@id":"https:\/\/extery.com\/pl\/#website","url":"https:\/\/extery.com\/pl\/","name":"Extery","description":"","publisher":{"@id":"https:\/\/extery.com\/pl\/#organization"},"potentialAction":[{"@type":"SearchAction","target":{"@type":"EntryPoint","urlTemplate":"https:\/\/extery.com\/pl\/?s={search_term_string}"},"query-input":{"@type":"PropertyValueSpecification","valueRequired":true,"valueName":"search_term_string"}}],"inLanguage":"pl-PL"},{"@type":"Organization","@id":"https:\/\/extery.com\/pl\/#organization","name":"Extery","url":"https:\/\/extery.com\/pl\/","logo":{"@type":"ImageObject","inLanguage":"pl-PL","@id":"https:\/\/extery.com\/pl\/#\/schema\/logo\/image\/","url":"https:\/\/extery.com\/wp-content\/uploads\/2023\/11\/footer-logo.svg","contentUrl":"https:\/\/extery.com\/wp-content\/uploads\/2023\/11\/footer-logo.svg","caption":"Extery "},"image":{"@id":"https:\/\/extery.com\/pl\/#\/schema\/logo\/image\/"}}]}},"_links":{"self":[{"href":"https:\/\/extery.com\/pl\/wp-json\/wp\/v2\/product\/59789","targetHints":{"allow":["GET"]}}],"collection":[{"href":"https:\/\/extery.com\/pl\/wp-json\/wp\/v2\/product"}],"about":[{"href":"https:\/\/extery.com\/pl\/wp-json\/wp\/v2\/types\/product"}],"replies":[{"embeddable":true,"href":"https:\/\/extery.com\/pl\/wp-json\/wp\/v2\/comments?post=59789"}],"wp:featuredmedia":[{"embeddable":true,"href":"https:\/\/extery.com\/pl\/wp-json\/wp\/v2\/media\/59791"}],"wp:attachment":[{"href":"https:\/\/extery.com\/pl\/wp-json\/wp\/v2\/media?parent=59789"}],"wp:term":[{"taxonomy":"product_brand","embeddable":true,"href":"https:\/\/extery.com\/pl\/wp-json\/wp\/v2\/product_brand?post=59789"},{"taxonomy":"product_cat","embeddable":true,"href":"https:\/\/extery.com\/pl\/wp-json\/wp\/v2\/product_cat?post=59789"},{"taxonomy":"product_tag","embeddable":true,"href":"https:\/\/extery.com\/pl\/wp-json\/wp\/v2\/product_tag?post=59789"}],"curies":[{"name":"wp","href":"https:\/\/api.w.org\/{rel}","templated":true}]}}