{"id":59797,"date":"2022-11-14T14:45:00","date_gmt":"2022-11-14T14:45:00","guid":{"rendered":"https:\/\/extery.com\/tooted\/modulowa-lawka-parkowa-jada-set07\/"},"modified":"2026-04-30T12:00:17","modified_gmt":"2026-04-30T12:00:17","slug":"modulowa-lawka-parkowa-jada-set07","status":"publish","type":"product","link":"https:\/\/extery.com\/pl\/produkty\/modulowa-lawka-parkowa-jada-set07\/","title":{"rendered":"modu\u0142owa \u0142awka parkowa JADA SET07"},"content":{"rendered":"<p>\u0141awka parkowa Jada SET07 stanowi zestaw z\u0142o\u017cony z modu\u0142\u00f3w prostych oraz element\u00f3w zmiany kierunku nale\u017c\u0105cych do modu\u0142owego systemu mebli miejskich Jada.\u00a0Modu\u0142owa \u0142awka parkowa Jada to modu\u0142owy system mebli miejskich, kt\u00f3ry pozwala na \u0142atwe tworzenie kompletnych miejsc do siedzenia. Mo\u017cesz tworzy\u0107 niesko\u0144czone kombinacje, aby wyko\u0144czy\u0107 miejskie place, place zabaw, kr\u0119te alejki lub wype\u0142ni\u0107 plac zaskakuj\u0105cymi konfiguracjami.\u00a0Aby zobaczy\u0107 wi\u0119cej zestaw\u00f3w z modu\u0142\u00f3w Jada, kliknij <span style=\"color: #0000ff;\"><strong><a style=\"color: #0000ff;\" href=\"https:\/\/extery.com\/pl\/kategoria-produktu\/lawki-modulowe\/\">tutaj<\/a><\/strong><\/span>.<\/p>\n<p>Oparcia mo\u017cna ustawi\u0107 obok siebie lub naprzeciw siebie, co pozwala na stworzenie miejsc do le\u017cenia i oddzielnych szczelin zapewniaj\u0105cych wi\u0119ksz\u0105 prywatno\u015b\u0107. Sto\u0142y mo\u017cna ustawi\u0107 w przytulnych, prywatnych wn\u0119kach lub wok\u00f3\u0142 miejsc siedz\u0105cych, aby sprzyja\u0107 integracji i tworzy\u0107 strefy spotka\u0144 towarzyskich.\u00a0Modu\u0142owa konstrukcja Jady pozwala na stworzenie charakterystycznego rozwi\u0105zania dopasowanego do pomys\u0142u lub wymaga\u0144 przestrzennych.<\/p>\n<p>Twoja przestrze\u0144. Twoje pomys\u0142y. Rozwi\u0105zanie o nienagannej jako\u015bci wyko\u0144czenia.<\/p>\n","protected":false},"excerpt":{"rendered":"<p>\u0141awka parkowa Jada SET07 stanowi zestaw z\u0142o\u017cony z modu\u0142\u00f3w prostych oraz element\u00f3w zmiany kierunku nale\u017c\u0105cych do modu\u0142owego systemu mebli miejskich Jada.\u00a0Modu\u0142owa \u0142awka parkowa Jada to modu\u0142owy system mebli miejskich, kt\u00f3ry pozwala na \u0142atwe tworzenie kompletnych miejsc do siedzenia. Mo\u017cesz tworzy\u0107 niesko\u0144czone kombinacje, aby wyko\u0144czy\u0107 miejskie place, place zabaw, kr\u0119te alejki lub wype\u0142ni\u0107 plac zaskakuj\u0105cymi konfiguracjami.\u00a0Aby [&hellip;]<\/p>\n","protected":false},"featured_media":59799,"comment_status":"open","ping_status":"closed","template":"","meta":{"_acf_changed":false},"product_brand":[],"product_cat":[369,381],"product_tag":[],"class_list":{"0":"post-59797","1":"product","2":"type-product","3":"status-publish","4":"has-post-thumbnail","6":"product_cat-lawki-parkowe-bez-oparcia","7":"product_cat-lawki-modulowe","8":"product-family-jada","10":"first","11":"instock","12":"shipping-taxable","13":"product-type-simple"},"acf":[],"yoast_head":"<!-- This site is optimized with the Yoast SEO plugin v26.4 - https:\/\/yoast.com\/wordpress\/plugins\/seo\/ -->\n<title>modu\u0142owa \u0142awka parkowa JADA SET07 - Extery kolekcja mebli miejskich<\/title>\n<meta name=\"description\" content=\"Modular par bench Jada is a modular urban furniture system which allows easy creation of complete sitting areas. You can shape endless combinations to hem city squares.Modu\u0142owa \u0142awka parkowa Jada to modu\u0142owy system mebli miejskich, kt\u00f3ry pozwala na \u0142atwe tworzenie kompletnych miejsc do siedzenia. Mo\u017cesz tworzy\u0107 niesko\u0144czone kombinacje, aby ozdobi\u0107 miejskie skwery.\" \/>\n<meta name=\"robots\" content=\"index, follow, max-snippet:-1, max-image-preview:large, max-video-preview:-1\" \/>\n<link rel=\"canonical\" href=\"https:\/\/extery.com\/pl\/produkty\/modulowa-lawka-parkowa-jada-set07\/\" \/>\n<meta property=\"og:locale\" content=\"pl_PL\" \/>\n<meta property=\"og:type\" content=\"article\" \/>\n<meta property=\"og:title\" content=\"modu\u0142owa \u0142awka parkowa JADA SET07 - Extery kolekcja mebli miejskich\" \/>\n<meta property=\"og:description\" content=\"Modular par bench Jada is a modular urban furniture system which allows easy creation of complete sitting areas. You can shape endless combinations to hem city squares.Modu\u0142owa \u0142awka parkowa Jada to modu\u0142owy system mebli miejskich, kt\u00f3ry pozwala na \u0142atwe tworzenie kompletnych miejsc do siedzenia. Mo\u017cesz tworzy\u0107 niesko\u0144czone kombinacje, aby ozdobi\u0107 miejskie skwery.\" \/>\n<meta property=\"og:url\" content=\"https:\/\/extery.com\/pl\/produkty\/modulowa-lawka-parkowa-jada-set07\/\" \/>\n<meta property=\"og:site_name\" content=\"Extery\" \/>\n<meta property=\"article:modified_time\" content=\"2026-04-30T12:00:17+00:00\" \/>\n<meta property=\"og:image\" content=\"https:\/\/extery.com\/wp-content\/uploads\/2022\/11\/Jada-07-2.jpg\" \/>\n\t<meta property=\"og:image:width\" content=\"2255\" \/>\n\t<meta property=\"og:image:height\" content=\"1560\" \/>\n\t<meta property=\"og:image:type\" content=\"image\/jpeg\" \/>\n<meta name=\"twitter:card\" content=\"summary_large_image\" \/>\n<meta name=\"twitter:label1\" content=\"Szacowany czas czytania\" \/>\n\t<meta name=\"twitter:data1\" content=\"1 minuta\" \/>\n<script type=\"application\/ld+json\" class=\"yoast-schema-graph\">{\"@context\":\"https:\/\/schema.org\",\"@graph\":[{\"@type\":\"WebPage\",\"@id\":\"https:\/\/extery.com\/pl\/produkty\/modulowa-lawka-parkowa-jada-set07\/\",\"url\":\"https:\/\/extery.com\/pl\/produkty\/modulowa-lawka-parkowa-jada-set07\/\",\"name\":\"modu\u0142owa \u0142awka parkowa JADA SET07 - Extery kolekcja mebli miejskich\",\"isPartOf\":{\"@id\":\"https:\/\/extery.com\/pl\/#website\"},\"primaryImageOfPage\":{\"@id\":\"https:\/\/extery.com\/pl\/produkty\/modulowa-lawka-parkowa-jada-set07\/#primaryimage\"},\"image\":{\"@id\":\"https:\/\/extery.com\/pl\/produkty\/modulowa-lawka-parkowa-jada-set07\/#primaryimage\"},\"thumbnailUrl\":\"https:\/\/extery.com\/wp-content\/uploads\/2022\/11\/Jada-07-2.jpg\",\"datePublished\":\"2022-11-14T14:45:00+00:00\",\"dateModified\":\"2026-04-30T12:00:17+00:00\",\"description\":\"Modular par bench Jada is a modular urban furniture system which allows easy creation of complete sitting areas. You can shape endless combinations to hem city squares.Modu\u0142owa \u0142awka parkowa Jada to modu\u0142owy system mebli miejskich, kt\u00f3ry pozwala na \u0142atwe tworzenie kompletnych miejsc do siedzenia. Mo\u017cesz tworzy\u0107 niesko\u0144czone kombinacje, aby ozdobi\u0107 miejskie skwery.\",\"breadcrumb\":{\"@id\":\"https:\/\/extery.com\/pl\/produkty\/modulowa-lawka-parkowa-jada-set07\/#breadcrumb\"},\"inLanguage\":\"pl-PL\",\"potentialAction\":[{\"@type\":\"ReadAction\",\"target\":[\"https:\/\/extery.com\/pl\/produkty\/modulowa-lawka-parkowa-jada-set07\/\"]}]},{\"@type\":\"ImageObject\",\"inLanguage\":\"pl-PL\",\"@id\":\"https:\/\/extery.com\/pl\/produkty\/modulowa-lawka-parkowa-jada-set07\/#primaryimage\",\"url\":\"https:\/\/extery.com\/wp-content\/uploads\/2022\/11\/Jada-07-2.jpg\",\"contentUrl\":\"https:\/\/extery.com\/wp-content\/uploads\/2022\/11\/Jada-07-2.jpg\",\"width\":2255,\"height\":1560},{\"@type\":\"BreadcrumbList\",\"@id\":\"https:\/\/extery.com\/pl\/produkty\/modulowa-lawka-parkowa-jada-set07\/#breadcrumb\",\"itemListElement\":[{\"@type\":\"ListItem\",\"position\":1,\"name\":\"Home\",\"item\":\"https:\/\/extery.com\/pl\/\"},{\"@type\":\"ListItem\",\"position\":2,\"name\":\"Produkty\",\"item\":\"https:\/\/extery.com\/tooted\/\"},{\"@type\":\"ListItem\",\"position\":3,\"name\":\"modu\u0142owa \u0142awka parkowa JADA SET07\"}]},{\"@type\":\"WebSite\",\"@id\":\"https:\/\/extery.com\/pl\/#website\",\"url\":\"https:\/\/extery.com\/pl\/\",\"name\":\"Extery\",\"description\":\"\",\"publisher\":{\"@id\":\"https:\/\/extery.com\/pl\/#organization\"},\"potentialAction\":[{\"@type\":\"SearchAction\",\"target\":{\"@type\":\"EntryPoint\",\"urlTemplate\":\"https:\/\/extery.com\/pl\/?s={search_term_string}\"},\"query-input\":{\"@type\":\"PropertyValueSpecification\",\"valueRequired\":true,\"valueName\":\"search_term_string\"}}],\"inLanguage\":\"pl-PL\"},{\"@type\":\"Organization\",\"@id\":\"https:\/\/extery.com\/pl\/#organization\",\"name\":\"Extery\",\"url\":\"https:\/\/extery.com\/pl\/\",\"logo\":{\"@type\":\"ImageObject\",\"inLanguage\":\"pl-PL\",\"@id\":\"https:\/\/extery.com\/pl\/#\/schema\/logo\/image\/\",\"url\":\"https:\/\/extery.com\/wp-content\/uploads\/2023\/11\/footer-logo.svg\",\"contentUrl\":\"https:\/\/extery.com\/wp-content\/uploads\/2023\/11\/footer-logo.svg\",\"caption\":\"Extery \"},\"image\":{\"@id\":\"https:\/\/extery.com\/pl\/#\/schema\/logo\/image\/\"}}]}<\/script>\n<!-- \/ Yoast SEO plugin. -->","yoast_head_json":{"title":"modu\u0142owa \u0142awka parkowa JADA SET07 - Extery kolekcja mebli miejskich","description":"Modular par bench Jada is a modular urban furniture system which allows easy creation of complete sitting areas. You can shape endless combinations to hem city squares.Modu\u0142owa \u0142awka parkowa Jada to modu\u0142owy system mebli miejskich, kt\u00f3ry pozwala na \u0142atwe tworzenie kompletnych miejsc do siedzenia. Mo\u017cesz tworzy\u0107 niesko\u0144czone kombinacje, aby ozdobi\u0107 miejskie skwery.","robots":{"index":"index","follow":"follow","max-snippet":"max-snippet:-1","max-image-preview":"max-image-preview:large","max-video-preview":"max-video-preview:-1"},"canonical":"https:\/\/extery.com\/pl\/produkty\/modulowa-lawka-parkowa-jada-set07\/","og_locale":"pl_PL","og_type":"article","og_title":"modu\u0142owa \u0142awka parkowa JADA SET07 - Extery kolekcja mebli miejskich","og_description":"Modular par bench Jada is a modular urban furniture system which allows easy creation of complete sitting areas. You can shape endless combinations to hem city squares.Modu\u0142owa \u0142awka parkowa Jada to modu\u0142owy system mebli miejskich, kt\u00f3ry pozwala na \u0142atwe tworzenie kompletnych miejsc do siedzenia. Mo\u017cesz tworzy\u0107 niesko\u0144czone kombinacje, aby ozdobi\u0107 miejskie skwery.","og_url":"https:\/\/extery.com\/pl\/produkty\/modulowa-lawka-parkowa-jada-set07\/","og_site_name":"Extery","article_modified_time":"2026-04-30T12:00:17+00:00","og_image":[{"width":2255,"height":1560,"url":"https:\/\/extery.com\/wp-content\/uploads\/2022\/11\/Jada-07-2.jpg","type":"image\/jpeg"}],"twitter_card":"summary_large_image","twitter_misc":{"Szacowany czas czytania":"1 minuta"},"schema":{"@context":"https:\/\/schema.org","@graph":[{"@type":"WebPage","@id":"https:\/\/extery.com\/pl\/produkty\/modulowa-lawka-parkowa-jada-set07\/","url":"https:\/\/extery.com\/pl\/produkty\/modulowa-lawka-parkowa-jada-set07\/","name":"modu\u0142owa \u0142awka parkowa JADA SET07 - Extery kolekcja mebli miejskich","isPartOf":{"@id":"https:\/\/extery.com\/pl\/#website"},"primaryImageOfPage":{"@id":"https:\/\/extery.com\/pl\/produkty\/modulowa-lawka-parkowa-jada-set07\/#primaryimage"},"image":{"@id":"https:\/\/extery.com\/pl\/produkty\/modulowa-lawka-parkowa-jada-set07\/#primaryimage"},"thumbnailUrl":"https:\/\/extery.com\/wp-content\/uploads\/2022\/11\/Jada-07-2.jpg","datePublished":"2022-11-14T14:45:00+00:00","dateModified":"2026-04-30T12:00:17+00:00","description":"Modular par bench Jada is a modular urban furniture system which allows easy creation of complete sitting areas. You can shape endless combinations to hem city squares.Modu\u0142owa \u0142awka parkowa Jada to modu\u0142owy system mebli miejskich, kt\u00f3ry pozwala na \u0142atwe tworzenie kompletnych miejsc do siedzenia. Mo\u017cesz tworzy\u0107 niesko\u0144czone kombinacje, aby ozdobi\u0107 miejskie skwery.","breadcrumb":{"@id":"https:\/\/extery.com\/pl\/produkty\/modulowa-lawka-parkowa-jada-set07\/#breadcrumb"},"inLanguage":"pl-PL","potentialAction":[{"@type":"ReadAction","target":["https:\/\/extery.com\/pl\/produkty\/modulowa-lawka-parkowa-jada-set07\/"]}]},{"@type":"ImageObject","inLanguage":"pl-PL","@id":"https:\/\/extery.com\/pl\/produkty\/modulowa-lawka-parkowa-jada-set07\/#primaryimage","url":"https:\/\/extery.com\/wp-content\/uploads\/2022\/11\/Jada-07-2.jpg","contentUrl":"https:\/\/extery.com\/wp-content\/uploads\/2022\/11\/Jada-07-2.jpg","width":2255,"height":1560},{"@type":"BreadcrumbList","@id":"https:\/\/extery.com\/pl\/produkty\/modulowa-lawka-parkowa-jada-set07\/#breadcrumb","itemListElement":[{"@type":"ListItem","position":1,"name":"Home","item":"https:\/\/extery.com\/pl\/"},{"@type":"ListItem","position":2,"name":"Produkty","item":"https:\/\/extery.com\/tooted\/"},{"@type":"ListItem","position":3,"name":"modu\u0142owa \u0142awka parkowa JADA SET07"}]},{"@type":"WebSite","@id":"https:\/\/extery.com\/pl\/#website","url":"https:\/\/extery.com\/pl\/","name":"Extery","description":"","publisher":{"@id":"https:\/\/extery.com\/pl\/#organization"},"potentialAction":[{"@type":"SearchAction","target":{"@type":"EntryPoint","urlTemplate":"https:\/\/extery.com\/pl\/?s={search_term_string}"},"query-input":{"@type":"PropertyValueSpecification","valueRequired":true,"valueName":"search_term_string"}}],"inLanguage":"pl-PL"},{"@type":"Organization","@id":"https:\/\/extery.com\/pl\/#organization","name":"Extery","url":"https:\/\/extery.com\/pl\/","logo":{"@type":"ImageObject","inLanguage":"pl-PL","@id":"https:\/\/extery.com\/pl\/#\/schema\/logo\/image\/","url":"https:\/\/extery.com\/wp-content\/uploads\/2023\/11\/footer-logo.svg","contentUrl":"https:\/\/extery.com\/wp-content\/uploads\/2023\/11\/footer-logo.svg","caption":"Extery "},"image":{"@id":"https:\/\/extery.com\/pl\/#\/schema\/logo\/image\/"}}]}},"_links":{"self":[{"href":"https:\/\/extery.com\/pl\/wp-json\/wp\/v2\/product\/59797","targetHints":{"allow":["GET"]}}],"collection":[{"href":"https:\/\/extery.com\/pl\/wp-json\/wp\/v2\/product"}],"about":[{"href":"https:\/\/extery.com\/pl\/wp-json\/wp\/v2\/types\/product"}],"replies":[{"embeddable":true,"href":"https:\/\/extery.com\/pl\/wp-json\/wp\/v2\/comments?post=59797"}],"wp:featuredmedia":[{"embeddable":true,"href":"https:\/\/extery.com\/pl\/wp-json\/wp\/v2\/media\/59799"}],"wp:attachment":[{"href":"https:\/\/extery.com\/pl\/wp-json\/wp\/v2\/media?parent=59797"}],"wp:term":[{"taxonomy":"product_brand","embeddable":true,"href":"https:\/\/extery.com\/pl\/wp-json\/wp\/v2\/product_brand?post=59797"},{"taxonomy":"product_cat","embeddable":true,"href":"https:\/\/extery.com\/pl\/wp-json\/wp\/v2\/product_cat?post=59797"},{"taxonomy":"product_tag","embeddable":true,"href":"https:\/\/extery.com\/pl\/wp-json\/wp\/v2\/product_tag?post=59797"}],"curies":[{"name":"wp","href":"https:\/\/api.w.org\/{rel}","templated":true}]}}