{"id":59829,"date":"2023-10-26T12:03:45","date_gmt":"2023-10-26T12:03:45","guid":{"rendered":"https:\/\/extery.com\/tooted\/lawka-parkowa-haru-set01\/"},"modified":"2026-04-30T10:58:42","modified_gmt":"2026-04-30T10:58:42","slug":"lawka-parkowa-haru-set01","status":"publish","type":"product","link":"https:\/\/extery.com\/pl\/produkty\/lawka-parkowa-haru-set01\/","title":{"rendered":"\u0141awka parkowa Haru SET01"},"content":{"rendered":"<p>Haru to modu\u0142owy system, kt\u00f3ry mo\u017ce rozci\u0105ga\u0107 si\u0119 na placu i przekszta\u0142ca\u0107 go w aktywnie wykorzystywan\u0105 przestrze\u0144. To element, kt\u00f3ry nie przerywa ci\u0105g\u0142o\u015bci przestrzeni, lecz wch\u0142ania \u017cycie miejsca, tworz\u0105c w ten spos\u00f3b now\u0105, dynamiczn\u0105 przestrze\u0144 miejsk\u0105.<\/p>\n<p>Niezale\u017cnie od tego, czy jeste\u015b sam, czy w towarzystwie, system \u0142awek Haru oferuje otwarte podej\u015bcie do siedzenia, bez sztywnych ogranicze\u0144.<\/p>\n<p>Haru jest systemem otwartym, zdolnym do rozrastania si\u0119 od pojedynczego modu\u0142u w rozbudowan\u0105 struktur\u0119 element\u00f3w.<\/p>\n<p>The park bench system symbolizes versatility, where expressive design transcends traditional seating boundaries. A network of seats and tables, where all planes are at the same height, the variability of the materials allows the user to choose how to use the product to their liking. The user himself decides, Haru does not limit.<\/p>\n<p>Zestaw \u0142awek parkowych Haru SET01 sk\u0142ada si\u0119 z dw\u00f3ch modu\u0142\u00f3w siedziskowych, jednego modu\u0142u sto\u0142owego oraz dw\u00f3ch element\u00f3w \u0142\u0105cz\u0105cych. Ca\u0142y zestaw mo\u017cna dowolnie modyfikowa\u0107 i rozbudowywa\u0107.<\/p>\n<p>Zobacz inne gotowe zestawy modu\u0142owych \u0142awek parkowych Haru <a href=\"https:\/\/extery.com\/pl\/rodziny-produktow\/#haru-en\"><strong>tutaj<\/strong>.<\/a><\/p>\n","protected":false},"excerpt":{"rendered":"<p>Haru to modu\u0142owy system, kt\u00f3ry mo\u017ce rozci\u0105ga\u0107 si\u0119 na placu i przekszta\u0142ca\u0107 go w aktywnie wykorzystywan\u0105 przestrze\u0144. To element, kt\u00f3ry nie przerywa ci\u0105g\u0142o\u015bci przestrzeni, lecz wch\u0142ania \u017cycie miejsca, tworz\u0105c w ten spos\u00f3b now\u0105, dynamiczn\u0105 przestrze\u0144 miejsk\u0105. Niezale\u017cnie od tego, czy jeste\u015b sam, czy w towarzystwie, system \u0142awek Haru oferuje otwarte podej\u015bcie do siedzenia, bez sztywnych [&hellip;]<\/p>\n","protected":false},"featured_media":59826,"comment_status":"closed","ping_status":"closed","template":"","meta":{"_acf_changed":false},"product_brand":[],"product_cat":[369,381],"product_tag":[],"class_list":{"0":"post-59829","1":"product","2":"type-product","3":"status-publish","4":"has-post-thumbnail","6":"product_cat-lawki-parkowe-bez-oparcia","7":"product_cat-lawki-modulowe","8":"product-family-haru","10":"first","11":"instock","12":"shipping-taxable","13":"product-type-simple"},"acf":[],"yoast_head":"<!-- This site is optimized with the Yoast SEO plugin v26.4 - https:\/\/yoast.com\/wordpress\/plugins\/seo\/ -->\n<title>\u0141awka parkowa Haru SET01 - Extery<\/title>\n<meta name=\"description\" content=\"\u0141awka parkowa Haru to modu\u0142owy system mebli miejskich, kt\u00f3ry o\u017cywia miejskie place. Mo\u017cna go rozbudowa\u0107 w niesko\u0144czon\u0105 sie\u0107. Wybierz zestawy z naszej strony internetowej!\" \/>\n<meta name=\"robots\" content=\"index, follow, max-snippet:-1, max-image-preview:large, max-video-preview:-1\" \/>\n<link rel=\"canonical\" href=\"https:\/\/extery.com\/pl\/produkty\/lawka-parkowa-haru-set01\/\" \/>\n<meta property=\"og:locale\" content=\"pl_PL\" \/>\n<meta property=\"og:type\" content=\"article\" \/>\n<meta property=\"og:title\" content=\"\u0141awka parkowa Haru SET01 - Extery\" \/>\n<meta property=\"og:description\" content=\"\u0141awka parkowa Haru to modu\u0142owy system mebli miejskich, kt\u00f3ry o\u017cywia miejskie place. Mo\u017cna go rozbudowa\u0107 w niesko\u0144czon\u0105 sie\u0107. Wybierz zestawy z naszej strony internetowej!\" \/>\n<meta property=\"og:url\" content=\"https:\/\/extery.com\/pl\/produkty\/lawka-parkowa-haru-set01\/\" \/>\n<meta property=\"og:site_name\" content=\"Extery\" \/>\n<meta property=\"article:modified_time\" content=\"2026-04-30T10:58:42+00:00\" \/>\n<meta property=\"og:image\" content=\"https:\/\/extery.com\/wp-content\/uploads\/2023\/10\/Haru-SET01-3-EXTERY-park-bench-urban-furniture-pargipink-linnamoobel-pilsetas-mebeles-sols-puistonpenkki2-1.jpg\" \/>\n\t<meta property=\"og:image:width\" content=\"2048\" \/>\n\t<meta property=\"og:image:height\" content=\"1417\" \/>\n\t<meta property=\"og:image:type\" content=\"image\/jpeg\" \/>\n<meta name=\"twitter:card\" content=\"summary_large_image\" \/>\n<meta name=\"twitter:label1\" content=\"Szacowany czas czytania\" \/>\n\t<meta name=\"twitter:data1\" content=\"2 minuty\" \/>\n<script type=\"application\/ld+json\" class=\"yoast-schema-graph\">{\"@context\":\"https:\/\/schema.org\",\"@graph\":[{\"@type\":\"WebPage\",\"@id\":\"https:\/\/extery.com\/pl\/produkty\/lawka-parkowa-haru-set01\/\",\"url\":\"https:\/\/extery.com\/pl\/produkty\/lawka-parkowa-haru-set01\/\",\"name\":\"\u0141awka parkowa Haru SET01 - Extery\",\"isPartOf\":{\"@id\":\"https:\/\/extery.com\/pl\/#website\"},\"primaryImageOfPage\":{\"@id\":\"https:\/\/extery.com\/pl\/produkty\/lawka-parkowa-haru-set01\/#primaryimage\"},\"image\":{\"@id\":\"https:\/\/extery.com\/pl\/produkty\/lawka-parkowa-haru-set01\/#primaryimage\"},\"thumbnailUrl\":\"https:\/\/extery.com\/wp-content\/uploads\/2023\/10\/Haru-SET01-3-EXTERY-park-bench-urban-furniture-pargipink-linnamoobel-pilsetas-mebeles-sols-puistonpenkki2-1.jpg\",\"datePublished\":\"2023-10-26T12:03:45+00:00\",\"dateModified\":\"2026-04-30T10:58:42+00:00\",\"description\":\"\u0141awka parkowa Haru to modu\u0142owy system mebli miejskich, kt\u00f3ry o\u017cywia miejskie place. Mo\u017cna go rozbudowa\u0107 w niesko\u0144czon\u0105 sie\u0107. Wybierz zestawy z naszej strony internetowej!\",\"breadcrumb\":{\"@id\":\"https:\/\/extery.com\/pl\/produkty\/lawka-parkowa-haru-set01\/#breadcrumb\"},\"inLanguage\":\"pl-PL\",\"potentialAction\":[{\"@type\":\"ReadAction\",\"target\":[\"https:\/\/extery.com\/pl\/produkty\/lawka-parkowa-haru-set01\/\"]}]},{\"@type\":\"ImageObject\",\"inLanguage\":\"pl-PL\",\"@id\":\"https:\/\/extery.com\/pl\/produkty\/lawka-parkowa-haru-set01\/#primaryimage\",\"url\":\"https:\/\/extery.com\/wp-content\/uploads\/2023\/10\/Haru-SET01-3-EXTERY-park-bench-urban-furniture-pargipink-linnamoobel-pilsetas-mebeles-sols-puistonpenkki2-1.jpg\",\"contentUrl\":\"https:\/\/extery.com\/wp-content\/uploads\/2023\/10\/Haru-SET01-3-EXTERY-park-bench-urban-furniture-pargipink-linnamoobel-pilsetas-mebeles-sols-puistonpenkki2-1.jpg\",\"width\":2048,\"height\":1417},{\"@type\":\"BreadcrumbList\",\"@id\":\"https:\/\/extery.com\/pl\/produkty\/lawka-parkowa-haru-set01\/#breadcrumb\",\"itemListElement\":[{\"@type\":\"ListItem\",\"position\":1,\"name\":\"Home\",\"item\":\"https:\/\/extery.com\/pl\/\"},{\"@type\":\"ListItem\",\"position\":2,\"name\":\"Produkty\",\"item\":\"https:\/\/extery.com\/tooted\/\"},{\"@type\":\"ListItem\",\"position\":3,\"name\":\"\u0141awka parkowa Haru SET01\"}]},{\"@type\":\"WebSite\",\"@id\":\"https:\/\/extery.com\/pl\/#website\",\"url\":\"https:\/\/extery.com\/pl\/\",\"name\":\"Extery\",\"description\":\"\",\"publisher\":{\"@id\":\"https:\/\/extery.com\/pl\/#organization\"},\"potentialAction\":[{\"@type\":\"SearchAction\",\"target\":{\"@type\":\"EntryPoint\",\"urlTemplate\":\"https:\/\/extery.com\/pl\/?s={search_term_string}\"},\"query-input\":{\"@type\":\"PropertyValueSpecification\",\"valueRequired\":true,\"valueName\":\"search_term_string\"}}],\"inLanguage\":\"pl-PL\"},{\"@type\":\"Organization\",\"@id\":\"https:\/\/extery.com\/pl\/#organization\",\"name\":\"Extery\",\"url\":\"https:\/\/extery.com\/pl\/\",\"logo\":{\"@type\":\"ImageObject\",\"inLanguage\":\"pl-PL\",\"@id\":\"https:\/\/extery.com\/pl\/#\/schema\/logo\/image\/\",\"url\":\"https:\/\/extery.com\/wp-content\/uploads\/2023\/11\/footer-logo.svg\",\"contentUrl\":\"https:\/\/extery.com\/wp-content\/uploads\/2023\/11\/footer-logo.svg\",\"caption\":\"Extery \"},\"image\":{\"@id\":\"https:\/\/extery.com\/pl\/#\/schema\/logo\/image\/\"}}]}<\/script>\n<!-- \/ Yoast SEO plugin. -->","yoast_head_json":{"title":"\u0141awka parkowa Haru SET01 - Extery","description":"\u0141awka parkowa Haru to modu\u0142owy system mebli miejskich, kt\u00f3ry o\u017cywia miejskie place. Mo\u017cna go rozbudowa\u0107 w niesko\u0144czon\u0105 sie\u0107. Wybierz zestawy z naszej strony internetowej!","robots":{"index":"index","follow":"follow","max-snippet":"max-snippet:-1","max-image-preview":"max-image-preview:large","max-video-preview":"max-video-preview:-1"},"canonical":"https:\/\/extery.com\/pl\/produkty\/lawka-parkowa-haru-set01\/","og_locale":"pl_PL","og_type":"article","og_title":"\u0141awka parkowa Haru SET01 - Extery","og_description":"\u0141awka parkowa Haru to modu\u0142owy system mebli miejskich, kt\u00f3ry o\u017cywia miejskie place. Mo\u017cna go rozbudowa\u0107 w niesko\u0144czon\u0105 sie\u0107. Wybierz zestawy z naszej strony internetowej!","og_url":"https:\/\/extery.com\/pl\/produkty\/lawka-parkowa-haru-set01\/","og_site_name":"Extery","article_modified_time":"2026-04-30T10:58:42+00:00","og_image":[{"width":2048,"height":1417,"url":"https:\/\/extery.com\/wp-content\/uploads\/2023\/10\/Haru-SET01-3-EXTERY-park-bench-urban-furniture-pargipink-linnamoobel-pilsetas-mebeles-sols-puistonpenkki2-1.jpg","type":"image\/jpeg"}],"twitter_card":"summary_large_image","twitter_misc":{"Szacowany czas czytania":"2 minuty"},"schema":{"@context":"https:\/\/schema.org","@graph":[{"@type":"WebPage","@id":"https:\/\/extery.com\/pl\/produkty\/lawka-parkowa-haru-set01\/","url":"https:\/\/extery.com\/pl\/produkty\/lawka-parkowa-haru-set01\/","name":"\u0141awka parkowa Haru SET01 - Extery","isPartOf":{"@id":"https:\/\/extery.com\/pl\/#website"},"primaryImageOfPage":{"@id":"https:\/\/extery.com\/pl\/produkty\/lawka-parkowa-haru-set01\/#primaryimage"},"image":{"@id":"https:\/\/extery.com\/pl\/produkty\/lawka-parkowa-haru-set01\/#primaryimage"},"thumbnailUrl":"https:\/\/extery.com\/wp-content\/uploads\/2023\/10\/Haru-SET01-3-EXTERY-park-bench-urban-furniture-pargipink-linnamoobel-pilsetas-mebeles-sols-puistonpenkki2-1.jpg","datePublished":"2023-10-26T12:03:45+00:00","dateModified":"2026-04-30T10:58:42+00:00","description":"\u0141awka parkowa Haru to modu\u0142owy system mebli miejskich, kt\u00f3ry o\u017cywia miejskie place. Mo\u017cna go rozbudowa\u0107 w niesko\u0144czon\u0105 sie\u0107. Wybierz zestawy z naszej strony internetowej!","breadcrumb":{"@id":"https:\/\/extery.com\/pl\/produkty\/lawka-parkowa-haru-set01\/#breadcrumb"},"inLanguage":"pl-PL","potentialAction":[{"@type":"ReadAction","target":["https:\/\/extery.com\/pl\/produkty\/lawka-parkowa-haru-set01\/"]}]},{"@type":"ImageObject","inLanguage":"pl-PL","@id":"https:\/\/extery.com\/pl\/produkty\/lawka-parkowa-haru-set01\/#primaryimage","url":"https:\/\/extery.com\/wp-content\/uploads\/2023\/10\/Haru-SET01-3-EXTERY-park-bench-urban-furniture-pargipink-linnamoobel-pilsetas-mebeles-sols-puistonpenkki2-1.jpg","contentUrl":"https:\/\/extery.com\/wp-content\/uploads\/2023\/10\/Haru-SET01-3-EXTERY-park-bench-urban-furniture-pargipink-linnamoobel-pilsetas-mebeles-sols-puistonpenkki2-1.jpg","width":2048,"height":1417},{"@type":"BreadcrumbList","@id":"https:\/\/extery.com\/pl\/produkty\/lawka-parkowa-haru-set01\/#breadcrumb","itemListElement":[{"@type":"ListItem","position":1,"name":"Home","item":"https:\/\/extery.com\/pl\/"},{"@type":"ListItem","position":2,"name":"Produkty","item":"https:\/\/extery.com\/tooted\/"},{"@type":"ListItem","position":3,"name":"\u0141awka parkowa Haru SET01"}]},{"@type":"WebSite","@id":"https:\/\/extery.com\/pl\/#website","url":"https:\/\/extery.com\/pl\/","name":"Extery","description":"","publisher":{"@id":"https:\/\/extery.com\/pl\/#organization"},"potentialAction":[{"@type":"SearchAction","target":{"@type":"EntryPoint","urlTemplate":"https:\/\/extery.com\/pl\/?s={search_term_string}"},"query-input":{"@type":"PropertyValueSpecification","valueRequired":true,"valueName":"search_term_string"}}],"inLanguage":"pl-PL"},{"@type":"Organization","@id":"https:\/\/extery.com\/pl\/#organization","name":"Extery","url":"https:\/\/extery.com\/pl\/","logo":{"@type":"ImageObject","inLanguage":"pl-PL","@id":"https:\/\/extery.com\/pl\/#\/schema\/logo\/image\/","url":"https:\/\/extery.com\/wp-content\/uploads\/2023\/11\/footer-logo.svg","contentUrl":"https:\/\/extery.com\/wp-content\/uploads\/2023\/11\/footer-logo.svg","caption":"Extery "},"image":{"@id":"https:\/\/extery.com\/pl\/#\/schema\/logo\/image\/"}}]}},"_links":{"self":[{"href":"https:\/\/extery.com\/pl\/wp-json\/wp\/v2\/product\/59829","targetHints":{"allow":["GET"]}}],"collection":[{"href":"https:\/\/extery.com\/pl\/wp-json\/wp\/v2\/product"}],"about":[{"href":"https:\/\/extery.com\/pl\/wp-json\/wp\/v2\/types\/product"}],"replies":[{"embeddable":true,"href":"https:\/\/extery.com\/pl\/wp-json\/wp\/v2\/comments?post=59829"}],"wp:featuredmedia":[{"embeddable":true,"href":"https:\/\/extery.com\/pl\/wp-json\/wp\/v2\/media\/59826"}],"wp:attachment":[{"href":"https:\/\/extery.com\/pl\/wp-json\/wp\/v2\/media?parent=59829"}],"wp:term":[{"taxonomy":"product_brand","embeddable":true,"href":"https:\/\/extery.com\/pl\/wp-json\/wp\/v2\/product_brand?post=59829"},{"taxonomy":"product_cat","embeddable":true,"href":"https:\/\/extery.com\/pl\/wp-json\/wp\/v2\/product_cat?post=59829"},{"taxonomy":"product_tag","embeddable":true,"href":"https:\/\/extery.com\/pl\/wp-json\/wp\/v2\/product_tag?post=59829"}],"curies":[{"name":"wp","href":"https:\/\/api.w.org\/{rel}","templated":true}]}}